{"id":3685,"date":"2025-07-24T13:23:41","date_gmt":"2025-07-24T11:23:41","guid":{"rendered":"https:\/\/preprod.lessecretsduchocolat.com\/?page_id=3685"},"modified":"2025-07-24T13:31:08","modified_gmt":"2025-07-24T11:31:08","slug":"rechtliche-hinweise","status":"publish","type":"page","link":"https:\/\/preprod.lessecretsduchocolat.com\/de\/rechtliche-hinweise\/","title":{"rendered":"Rechtliche Hinweise"},"content":{"rendered":"<div data-elementor-type=\"wp-page\" data-elementor-id=\"3685\" class=\"elementor elementor-3685\" data-elementor-post-type=\"page\">\n\t\t\t\t<div class=\"elementor-element elementor-element-ed3efc2 e-flex e-con-boxed e-con e-parent\" data-id=\"ed3efc2\" data-element_type=\"container\" data-settings=\"{&quot;background_background&quot;:&quot;classic&quot;}\">\n\t\t\t\t\t<div class=\"e-con-inner\">\n\t\t<div class=\"elementor-element elementor-element-40f129f e-con-full e-flex e-con e-child\" data-id=\"40f129f\" data-element_type=\"container\">\n\t\t\t\t<div class=\"elementor-element elementor-element-8415e65 elementor-widget elementor-widget-heading\" data-id=\"8415e65\" data-element_type=\"widget\" data-widget_type=\"heading.default\">\n\t\t\t\t<div class=\"elementor-widget-container\">\n\t\t\t\t\t<h2 class=\"elementor-heading-title elementor-size-default\">Rechtliche Hinweise<\/h2>\t\t\t\t<\/div>\n\t\t\t\t<\/div>\n\t\t\t\t<\/div>\n\t\t\t\t\t<\/div>\n\t\t\t\t<\/div>\n\t\t<div class=\"elementor-element elementor-element-8097fd9 e-flex e-con-boxed e-con e-parent\" data-id=\"8097fd9\" data-element_type=\"container\" data-settings=\"{&quot;background_background&quot;:&quot;classic&quot;}\">\n\t\t\t\t\t<div class=\"e-con-inner\">\n\t\t<div class=\"elementor-element elementor-element-66a2493 e-grid e-con-full e-con e-child\" data-id=\"66a2493\" data-element_type=\"container\">\n\t\t\t\t<div class=\"elementor-element elementor-element-af24330 elementor-widget elementor-widget-text-editor\" data-id=\"af24330\" data-element_type=\"widget\" data-widget_type=\"text-editor.default\">\n\t\t\t\t<div class=\"elementor-widget-container\">\n\t\t\t\t\t\t\t\t\t<p><span style=\"font-weight: 400;\">Letzte Aktualisierung: 19. April 2019<\/span><\/p><h3><b>Herausgeber<\/b><\/h3><p><span style=\"font-weight: 400;\">Diese Website wird von der Gesellschaft LES SECRETS DU CHOCOLAT, SAS RUE DU PONT DU PEAGE 67118 GEISPOLSHEIM, herausgegeben, die im Handelsregister von Stra\u00dfburg unter der Nummer 500 184 429 000 24 eingetragen ist. Tel. Vertriebsabteilung: +33 (0)3 88 55 04 93 Email : <\/span><a href=\"mailto:commercial@musee-du-chocolat.com\"><span style=\"font-weight: 400;\">commercial@musee-du-chocolat.com<\/span><\/a><\/p><p><span style=\"font-weight: 400;\">Die Gesch\u00e4ftsabteilung f\u00fcr die Website musee-du-chocolat.com ist telefonisch unter der Nummer 03 88 55 04 93 von Montag bis Freitag zwischen 09:00 und 17:00 Uhr oder per E-Mail erreichbar. <\/span><a href=\"mailto:commercial@musee-du-chocolat.com\"><span style=\"font-weight: 400;\">commercial@musee-du-chocolat.com<\/span><\/a><\/p><p><span style=\"font-weight: 400;\">Leiter der Ver\u00f6ffentlichung: Herr Jean-Philippe Burrus, Pr\u00e4sident von Les Secrets du Chocolat<\/span><\/p><h3><b>Unterkunft<\/b><\/h3><p><span style=\"font-weight: 400;\">Die Website musee-du-chocolat.com wird von EuroWH - Ltd. Emonets 3b - CH-1890 St-Maurice<\/span><\/p><h3><b>Urheberrecht und Copyright<\/b><\/h3><p><span style=\"font-weight: 400;\">Die gesamte Website unterliegt der franz\u00f6sischen und internationalen Gesetzgebung \u00fcber das Urheberrecht und das geistige Eigentum. Alle Vervielf\u00e4ltigungsrechte sind vorbehalten, einschlie\u00dflich der herunterladbaren Dokumente und der ikonografischen Darstellungen. Sie d\u00fcrfen die Daten, die Pr\u00e4sentation oder die Organisation der Website ohne vorherige schriftliche Genehmigung des Unternehmens Les Secrets du Chocolat nicht f\u00fcr andere als private Zwecke vervielf\u00e4ltigen, verkaufen, verteilen, ausstrahlen, verbreiten, anpassen, \u00e4ndern, ver\u00f6ffentlichen, ganz oder teilweise in jedweder Form kommunizieren.<\/span><\/p><p><span style=\"font-weight: 400;\">Die auf dieser Website erw\u00e4hnten Marken sind von den Unternehmen, die sie besitzen, eingetragen.<\/span><\/p><p><span style=\"font-weight: 400;\">Die auf dieser Website in elektronischer Form bereitgestellten Dokumente k\u00f6nnen zwischen dem Zeitpunkt, an dem Sie sie heruntergeladen haben, und dem Zeitpunkt, an dem Sie sie zur Kenntnis nehmen, aktualisiert worden sein. Wir empfehlen Ihnen daher, die G\u00fcltigkeit dieser Dokumente zu \u00fcberpr\u00fcfen.<\/span><\/p><h3><b>Achtung der Privatsph\u00e4re und Schutz pers\u00f6nlicher Daten<\/b><\/h3><p><span style=\"font-weight: 400;\">W\u00e4hrend Sie auf dieser Website surfen, k\u00f6nnen Sie aufgefordert werden, direkt oder indirekt namentliche Informationen zu \u00fcbermitteln.<\/span><\/p><h3><b>Kontaktformulare<\/b><\/h3><p><span style=\"font-weight: 400;\">Die \u00fcber die Kontaktformulare der Website musee-du-chocolat.com gesammelten Informationen sind ausschlie\u00dflich f\u00fcr den internen Gebrauch bestimmt.<\/span><span style=\"font-weight: 400;\"><br \/><\/span><span style=\"font-weight: 400;\">Die Verwendung Ihrer E-Mail-Adresse und\/oder Ihrer Kontaktdaten, die im Rahmen der Kontaktformulare gesammelt werden, dient ausschlie\u00dflich der Bearbeitung Ihrer Anfrage. Diese Informationen werden ein Jahr lang gespeichert.<\/span><\/p><h3><b>Verwendung von \"Cookies<\/b><\/h3><p><span style=\"font-weight: 400;\">Wenn Sie die Website musee-du-chocolat.com besuchen, k\u00f6nnen Informationen \u00fcber die Navigation Ihres Endger\u00e4ts (Computer, Tablet, Smartphone usw.) auf der Website in \"Cookies\"-Dateien gespeichert werden, die auf Ihrem Endger\u00e4t installiert werden, vorbehaltlich der Wahl, die Sie bez\u00fcglich der Cookies getroffen haben und die Sie jederzeit \u00fcber die Einstellungen Ihrer Navigationssoftware \u00e4ndern k\u00f6nnen.\u00a0<\/span><span style=\"font-weight: 400;\"><br \/><\/span><span style=\"font-weight: 400;\">Die von uns ausgegebenen Cookies werden zu den unten beschriebenen Zwecken verwendet, vorbehaltlich Ihrer Wahl, die sich aus den Einstellungen Ihrer Browser-Software ergibt, die Sie beim Besuch der Website verwenden: <\/span><\/p><ul><li style=\"list-style-type: none;\"><ul><li><span style=\"font-weight: 400;\">die Darstellung unserer Website an die Anzeigepr\u00e4ferenzen Ihres Endger\u00e4ts (verwendete Sprache, Anzeigeaufl\u00f6sung, verwendetes Betriebssystem usw.) bei Ihren Besuchen auf unserer Website anzupassen, je nach der Hardware und Software zur Anzeige oder zum Lesen, die Ihr Endger\u00e4t enth\u00e4lt;<br \/><br \/><\/span><\/li><li><span style=\"font-weight: 400;\">Informationen zu speichern, die sich auf ein Formular beziehen, das Sie auf unserer Website ausgef\u00fcllt haben (Registrierung oder Zugang zu Ihrem Konto), oder auf Produkte, Dienstleistungen oder Informationen, die Sie auf unserer Website ausgew\u00e4hlt haben (abonnierter Service, Inhalt eines Warenkorbs usw.);\u00a0<br \/><\/span><span style=\"font-weight: 400;\"><br \/><\/span><\/li><li><span style=\"font-weight: 400;\">Ihnen den Zugang zu reservierten und pers\u00f6nlichen Bereichen unserer Website, wie z. B. Ihrem Konto, mithilfe von Kennungen oder Daten zu erm\u00f6glichen, die Sie uns m\u00f6glicherweise zuvor anvertraut haben;\u00a0<br \/><\/span><span style=\"font-weight: 400;\"><br \/><\/span><\/li><li><span style=\"font-weight: 400;\">Sicherheitsma\u00dfnahmen zu implementieren, z. B. wenn Sie aufgefordert werden, sich nach einer bestimmten Zeit erneut bei einem Inhalt oder Dienst anzumelden;<br \/><br \/><\/span><\/li><li><span style=\"font-weight: 400;\">bestimmte Funktionen zur Messung des Datenverkehrs auf der Website zur Verf\u00fcgung zu stellen, um die Funktionalit\u00e4t der Website zu untersuchen und zu verbessern. Diese Cookies k\u00f6nnen von Drittanbietern gesetzt werden;\u00a0<br \/><\/span><span style=\"font-weight: 400;\"><br \/><\/span><\/li><li><span style=\"font-weight: 400;\">Cookies von Drittanbietern k\u00f6nnen auch installiert werden, wenn Sie soziale Netzwerke teilen und\/oder Videos von Drittanbietern ansehen. Diese Cookies werden nur dann aktiviert, wenn Sie auf die Schaltfl\u00e4chen oder Bilder klicken, um diese Funktionen f\u00fcr soziale Netzwerke und\/oder das Ansehen von Videos zu aktivieren;\u00a0<br \/><br \/><\/span><\/li><\/ul><\/li><\/ul><p><span style=\"font-weight: 400;\">Die Speicherung eines Cookies in einem Terminal h\u00e4ngt im Wesentlichen vom Willen des Nutzers des Terminals ab, den dieser jederzeit und kostenlos \u00fcber die ihm von seiner Navigationssoftware angebotenen Wahlm\u00f6glichkeiten ausdr\u00fccken und \u00e4ndern kann. Wenn Sie in Ihrer Navigationssoftware die Speicherung von Cookies in Ihrem Endger\u00e4t akzeptiert haben, k\u00f6nnen die Cookies, die in die von Ihnen besuchten Seiten und Inhalte integriert sind, vor\u00fcbergehend in einem speziellen Bereich Ihres Endger\u00e4ts gespeichert werden. Dort sind sie nur f\u00fcr den Sender lesbar.\u00a0<\/span><\/p><p><span style=\"font-weight: 400;\"><br \/><\/span><span style=\"font-weight: 400;\">Wenn Sie die Speicherung von Cookies in Ihrem Terminal ablehnen oder die dort gespeicherten Cookies l\u00f6schen, k\u00f6nnen Sie eine Reihe von Funktionen nicht mehr nutzen, die jedoch notwendig sind, um in bestimmten Bereichen unserer Website zu navigieren. Dies w\u00e4re der Fall, wenn Sie versuchen w\u00fcrden, auf unsere Inhalte oder Dienste zuzugreifen, die eine Identifizierung Ihrer Person erfordern, insbesondere auf den Bereich Webshop und Ihr Konto. Gegebenenfalls lehnen wir jede Haftung f\u00fcr die Folgen ab, die sich aus dem beeintr\u00e4chtigten Funktionieren unserer Dienste ergeben, die sich daraus ergeben, dass wir die f\u00fcr ihr Funktionieren notwendigen Cookies, die Sie abgelehnt oder gel\u00f6scht haben, nicht speichern oder abrufen k\u00f6nnen.<\/span><\/p><p><span style=\"font-weight: 400;\"><br \/><\/span><span style=\"font-weight: 400;\">F\u00fcr die Verwaltung von Cookies und Ihrer Wahlm\u00f6glichkeiten ist die Konfiguration jedes Browsers unterschiedlich. Sie wird im Hilfemen\u00fc Ihres Browsers beschrieben, in dem Sie auch erfahren, wie Sie Ihre W\u00fcnsche bez\u00fcglich Cookies \u00e4ndern k\u00f6nnen.<\/span><\/p><h3><b>Recht auf Zugang zu und Berichtigung von Informationen \u00fcber Sie<\/b><\/h3><p><span style=\"font-weight: 400;\">In keinem Fall d\u00fcrfen Ihre Adresse oder Ihre Kontaktdaten an Dritte zu kommerziellen Zwecken weitergegeben oder diesen zur Verf\u00fcgung gestellt werden, ohne dass Sie zuvor die M\u00f6glichkeit erhalten haben, sich dagegen zu wehren.<\/span><span style=\"font-weight: 400;\"><br \/><\/span><span style=\"font-weight: 400;\">Gem\u00e4\u00df dem Gesetz \"Informatik und Freiheiten\" vom 6. Januar 1978, ge\u00e4ndert 2004, haben Sie ein Recht auf Zugang und Berichtigung der Sie betreffenden Informationen, das Sie aus\u00fcben k\u00f6nnen, indem Sie sich mit einem Nachweis Ihrer Identit\u00e4t (Fotokopie Ihres Personalausweises) an LES SECRETS DU CHOCOLAT, SAS RUE DU PONT DU PEAGE 67118 GEISPOLSHEIM - Frankreich wenden.<\/span><span style=\"font-weight: 400;\"><br \/><\/span><span style=\"font-weight: 400;\">Sie k\u00f6nnen auch aus legitimen Gr\u00fcnden gegen die Verarbeitung Ihrer Daten Widerspruch einlegen.<\/span><\/p><h3><b>Anmeldung bei der CNIL<\/b><\/h3><p><span style=\"font-weight: 400;\">In \u00dcbereinstimmung mit den Bestimmungen des Gesetzes vom 06.01.1978 ist diese Website Gegenstand einer vorherigen Erkl\u00e4rung bei der Commission Nationale Informatique et Libert\u00e9 (CNIL). Die Nummer der Erkl\u00e4rung ist die\u00a0<\/span><\/p>\t\t\t\t\t\t\t\t<\/div>\n\t\t\t\t<\/div>\n\t\t\t\t<div class=\"elementor-element elementor-element-31b7c90 elementor-widget elementor-widget-image\" data-id=\"31b7c90\" data-element_type=\"widget\" data-widget_type=\"image.default\">\n\t\t\t\t<div class=\"elementor-widget-container\">\n\t\t\t\t\t\t\t\t\t\t\t\t\t\t\t<img decoding=\"async\" width=\"144\" height=\"134\" src=\"https:\/\/preprod.lessecretsduchocolat.com\/wp-content\/uploads\/2025\/06\/S-1.png\" class=\"attachment-large size-large wp-image-2890\" alt=\"\" \/>\t\t\t\t\t\t\t\t\t\t\t\t\t\t\t<\/div>\n\t\t\t\t<\/div>\n\t\t\t\t<\/div>\n\t\t\t\t\t<\/div>\n\t\t\t\t<\/div>\n\t\t\t\t<\/div>","protected":false},"excerpt":{"rendered":"<p>Mentions l\u00e9gales Derni\u00e8re mise \u00e0 jour : 19 avril 2019 Editeur Ce site est \u00e9dit\u00e9 par la Soci\u00e9t\u00e9 LES SECRETS DU CHOCOLAT, SAS RUE DU PONT DU PEAGE 67118 GEISPOLSHEIM, immatricul\u00e9e au registre du Commerce de Strasbourg sous le num\u00e9ro 500 184 429 000 24. T\u00e9l. Service commercial : +33 (0)3 88 55 04 93 [&hellip;]<\/p>","protected":false},"author":1,"featured_media":0,"parent":0,"menu_order":0,"comment_status":"closed","ping_status":"closed","template":"","meta":{"_acf_changed":false,"site-sidebar-layout":"no-sidebar","site-content-layout":"page-builder","ast-site-content-layout":"full-width-container","site-content-style":"default","site-sidebar-style":"default","ast-global-header-display":"","ast-banner-title-visibility":"","ast-main-header-display":"","ast-hfb-above-header-display":"","ast-hfb-below-header-display":"","ast-hfb-mobile-header-display":"","site-post-title":"disabled","ast-breadcrumbs-content":"","ast-featured-img":"disabled","footer-sml-layout":"","theme-transparent-header-meta":"","adv-header-id-meta":"","stick-header-meta":"","header-above-stick-meta":"","header-main-stick-meta":"","header-below-stick-meta":"","astra-migrate-meta-layouts":"default","ast-page-background-enabled":"default","ast-page-background-meta":{"desktop":{"background-color":"var(--ast-global-color-4)","background-image":"","background-repeat":"repeat","background-position":"center center","background-size":"auto","background-attachment":"scroll","background-type":"","background-media":"","overlay-type":"","overlay-color":"","overlay-opacity":"","overlay-gradient":""},"tablet":{"background-color":"","background-image":"","background-repeat":"repeat","background-position":"center center","background-size":"auto","background-attachment":"scroll","background-type":"","background-media":"","overlay-type":"","overlay-color":"","overlay-opacity":"","overlay-gradient":""},"mobile":{"background-color":"","background-image":"","background-repeat":"repeat","background-position":"center center","background-size":"auto","background-attachment":"scroll","background-type":"","background-media":"","overlay-type":"","overlay-color":"","overlay-opacity":"","overlay-gradient":""}},"ast-content-background-meta":{"desktop":{"background-color":"var(--ast-global-color-5)","background-image":"","background-repeat":"repeat","background-position":"center center","background-size":"auto","background-attachment":"scroll","background-type":"","background-media":"","overlay-type":"","overlay-color":"","overlay-opacity":"","overlay-gradient":""},"tablet":{"background-color":"var(--ast-global-color-5)","background-image":"","background-repeat":"repeat","background-position":"center center","background-size":"auto","background-attachment":"scroll","background-type":"","background-media":"","overlay-type":"","overlay-color":"","overlay-opacity":"","overlay-gradient":""},"mobile":{"background-color":"var(--ast-global-color-5)","background-image":"","background-repeat":"repeat","background-position":"center center","background-size":"auto","background-attachment":"scroll","background-type":"","background-media":"","overlay-type":"","overlay-color":"","overlay-opacity":"","overlay-gradient":""}},"iawp_total_views":0,"footnotes":""},"class_list":["post-3685","page","type-page","status-publish","hentry"],"acf":[],"yoast_head":"<!-- This site is optimized with the Yoast SEO plugin v25.9 - https:\/\/yoast.com\/wordpress\/plugins\/seo\/ -->\n<title>Mentions l\u00e9gales - Secrets de Chocolat<\/title>\n<meta name=\"robots\" content=\"noindex, follow, max-snippet:-1, max-image-preview:large, max-video-preview:-1\" \/>\n<meta property=\"og:locale\" content=\"de_DE\" \/>\n<meta property=\"og:type\" content=\"article\" \/>\n<meta property=\"og:title\" content=\"Mentions l\u00e9gales - Secrets de Chocolat\" \/>\n<meta property=\"og:description\" content=\"Mentions l\u00e9gales Derni\u00e8re mise \u00e0 jour : 19 avril 2019 Editeur Ce site est \u00e9dit\u00e9 par la Soci\u00e9t\u00e9 LES SECRETS DU CHOCOLAT, SAS RUE DU PONT DU PEAGE 67118 GEISPOLSHEIM, immatricul\u00e9e au registre du Commerce de Strasbourg sous le num\u00e9ro 500 184 429 000 24. T\u00e9l. Service commercial : +33 (0)3 88 55 04 93 [&hellip;]\" \/>\n<meta property=\"og:url\" content=\"https:\/\/preprod.lessecretsduchocolat.com\/de\/rechtliche-hinweise\/\" \/>\n<meta property=\"og:site_name\" content=\"Secrets de Chocolat\" \/>\n<meta property=\"article:modified_time\" content=\"2025-07-24T11:31:08+00:00\" \/>\n<meta property=\"og:image\" content=\"https:\/\/preprod.lessecretsduchocolat.com\/wp-content\/uploads\/2025\/06\/S-1.png\" \/>\n\t<meta property=\"og:image:width\" content=\"144\" \/>\n\t<meta property=\"og:image:height\" content=\"134\" \/>\n\t<meta property=\"og:image:type\" content=\"image\/png\" \/>\n<meta name=\"twitter:card\" content=\"summary_large_image\" \/>\n<meta name=\"twitter:label1\" content=\"Gesch\u00e4tzte Lesezeit\" \/>\n\t<meta name=\"twitter:data1\" content=\"6\u00a0Minuten\" \/>\n<script type=\"application\/ld+json\" class=\"yoast-schema-graph\">{\"@context\":\"https:\/\/schema.org\",\"@graph\":[{\"@type\":\"WebPage\",\"@id\":\"https:\/\/preprod.lessecretsduchocolat.com\/mentions-legales\/\",\"url\":\"https:\/\/preprod.lessecretsduchocolat.com\/mentions-legales\/\",\"name\":\"Mentions l\u00e9gales - Secrets de Chocolat\",\"isPartOf\":{\"@id\":\"https:\/\/preprod.lessecretsduchocolat.com\/#website\"},\"primaryImageOfPage\":{\"@id\":\"https:\/\/preprod.lessecretsduchocolat.com\/mentions-legales\/#primaryimage\"},\"image\":{\"@id\":\"https:\/\/preprod.lessecretsduchocolat.com\/mentions-legales\/#primaryimage\"},\"thumbnailUrl\":\"https:\/\/preprod.lessecretsduchocolat.com\/wp-content\/uploads\/2025\/06\/S-1.png\",\"datePublished\":\"2025-07-24T11:23:41+00:00\",\"dateModified\":\"2025-07-24T11:31:08+00:00\",\"breadcrumb\":{\"@id\":\"https:\/\/preprod.lessecretsduchocolat.com\/mentions-legales\/#breadcrumb\"},\"inLanguage\":\"de\",\"potentialAction\":[{\"@type\":\"ReadAction\",\"target\":[\"https:\/\/preprod.lessecretsduchocolat.com\/mentions-legales\/\"]}]},{\"@type\":\"ImageObject\",\"inLanguage\":\"de\",\"@id\":\"https:\/\/preprod.lessecretsduchocolat.com\/mentions-legales\/#primaryimage\",\"url\":\"https:\/\/preprod.lessecretsduchocolat.com\/wp-content\/uploads\/2025\/06\/S-1.png\",\"contentUrl\":\"https:\/\/preprod.lessecretsduchocolat.com\/wp-content\/uploads\/2025\/06\/S-1.png\"},{\"@type\":\"BreadcrumbList\",\"@id\":\"https:\/\/preprod.lessecretsduchocolat.com\/mentions-legales\/#breadcrumb\",\"itemListElement\":[{\"@type\":\"ListItem\",\"position\":1,\"name\":\"Accueil\",\"item\":\"https:\/\/preprod.lessecretsduchocolat.com\/\"},{\"@type\":\"ListItem\",\"position\":2,\"name\":\"Mentions l\u00e9gales\"}]},{\"@type\":\"WebSite\",\"@id\":\"https:\/\/preprod.lessecretsduchocolat.com\/#website\",\"url\":\"https:\/\/preprod.lessecretsduchocolat.com\/\",\"name\":\"Secrets de Chocolat\",\"description\":\"\",\"publisher\":{\"@id\":\"https:\/\/preprod.lessecretsduchocolat.com\/#organization\"},\"potentialAction\":[{\"@type\":\"SearchAction\",\"target\":{\"@type\":\"EntryPoint\",\"urlTemplate\":\"https:\/\/preprod.lessecretsduchocolat.com\/?s={search_term_string}\"},\"query-input\":{\"@type\":\"PropertyValueSpecification\",\"valueRequired\":true,\"valueName\":\"search_term_string\"}}],\"inLanguage\":\"de\"},{\"@type\":\"Organization\",\"@id\":\"https:\/\/preprod.lessecretsduchocolat.com\/#organization\",\"name\":\"Secrets de Chocolat\",\"url\":\"https:\/\/preprod.lessecretsduchocolat.com\/\",\"logo\":{\"@type\":\"ImageObject\",\"inLanguage\":\"de\",\"@id\":\"https:\/\/preprod.lessecretsduchocolat.com\/#\/schema\/logo\/image\/\",\"url\":\"https:\/\/preprod.lessecretsduchocolat.com\/wp-content\/uploads\/2025\/05\/logo.png\",\"contentUrl\":\"https:\/\/preprod.lessecretsduchocolat.com\/wp-content\/uploads\/2025\/05\/logo.png\",\"width\":198,\"height\":85,\"caption\":\"Secrets de Chocolat\"},\"image\":{\"@id\":\"https:\/\/preprod.lessecretsduchocolat.com\/#\/schema\/logo\/image\/\"}}]}<\/script>\n<!-- \/ Yoast SEO plugin. -->","yoast_head_json":{"title":"Rechtliche Hinweise - Secrets de Chocolat","robots":{"index":"noindex","follow":"follow","max-snippet":"max-snippet:-1","max-image-preview":"max-image-preview:large","max-video-preview":"max-video-preview:-1"},"og_locale":"de_DE","og_type":"article","og_title":"Mentions l\u00e9gales - Secrets de Chocolat","og_description":"Mentions l\u00e9gales Derni\u00e8re mise \u00e0 jour : 19 avril 2019 Editeur Ce site est \u00e9dit\u00e9 par la Soci\u00e9t\u00e9 LES SECRETS DU CHOCOLAT, SAS RUE DU PONT DU PEAGE 67118 GEISPOLSHEIM, immatricul\u00e9e au registre du Commerce de Strasbourg sous le num\u00e9ro 500 184 429 000 24. T\u00e9l. Service commercial : +33 (0)3 88 55 04 93 [&hellip;]","og_url":"https:\/\/preprod.lessecretsduchocolat.com\/de\/rechtliche-hinweise\/","og_site_name":"Secrets de Chocolat","article_modified_time":"2025-07-24T11:31:08+00:00","og_image":[{"width":144,"height":134,"url":"https:\/\/preprod.lessecretsduchocolat.com\/wp-content\/uploads\/2025\/06\/S-1.png","type":"image\/png"}],"twitter_card":"summary_large_image","twitter_misc":{"Gesch\u00e4tzte Lesezeit":"6\u00a0Minuten"},"schema":{"@context":"https:\/\/schema.org","@graph":[{"@type":"WebPage","@id":"https:\/\/preprod.lessecretsduchocolat.com\/mentions-legales\/","url":"https:\/\/preprod.lessecretsduchocolat.com\/mentions-legales\/","name":"Rechtliche Hinweise - Secrets de Chocolat","isPartOf":{"@id":"https:\/\/preprod.lessecretsduchocolat.com\/#website"},"primaryImageOfPage":{"@id":"https:\/\/preprod.lessecretsduchocolat.com\/mentions-legales\/#primaryimage"},"image":{"@id":"https:\/\/preprod.lessecretsduchocolat.com\/mentions-legales\/#primaryimage"},"thumbnailUrl":"https:\/\/preprod.lessecretsduchocolat.com\/wp-content\/uploads\/2025\/06\/S-1.png","datePublished":"2025-07-24T11:23:41+00:00","dateModified":"2025-07-24T11:31:08+00:00","breadcrumb":{"@id":"https:\/\/preprod.lessecretsduchocolat.com\/mentions-legales\/#breadcrumb"},"inLanguage":"de","potentialAction":[{"@type":"ReadAction","target":["https:\/\/preprod.lessecretsduchocolat.com\/mentions-legales\/"]}]},{"@type":"ImageObject","inLanguage":"de","@id":"https:\/\/preprod.lessecretsduchocolat.com\/mentions-legales\/#primaryimage","url":"https:\/\/preprod.lessecretsduchocolat.com\/wp-content\/uploads\/2025\/06\/S-1.png","contentUrl":"https:\/\/preprod.lessecretsduchocolat.com\/wp-content\/uploads\/2025\/06\/S-1.png"},{"@type":"BreadcrumbList","@id":"https:\/\/preprod.lessecretsduchocolat.com\/mentions-legales\/#breadcrumb","itemListElement":[{"@type":"ListItem","position":1,"name":"Accueil","item":"https:\/\/preprod.lessecretsduchocolat.com\/"},{"@type":"ListItem","position":2,"name":"Mentions l\u00e9gales"}]},{"@type":"WebSite","@id":"https:\/\/preprod.lessecretsduchocolat.com\/#website","url":"https:\/\/preprod.lessecretsduchocolat.com\/","name":"Secrets de Chocolat (Schokoladengeheimnisse)","description":"","publisher":{"@id":"https:\/\/preprod.lessecretsduchocolat.com\/#organization"},"potentialAction":[{"@type":"SearchAction","target":{"@type":"EntryPoint","urlTemplate":"https:\/\/preprod.lessecretsduchocolat.com\/?s={search_term_string}"},"query-input":{"@type":"PropertyValueSpecification","valueRequired":true,"valueName":"search_term_string"}}],"inLanguage":"de"},{"@type":"Organization","@id":"https:\/\/preprod.lessecretsduchocolat.com\/#organization","name":"Secrets de Chocolat (Schokoladengeheimnisse)","url":"https:\/\/preprod.lessecretsduchocolat.com\/","logo":{"@type":"ImageObject","inLanguage":"de","@id":"https:\/\/preprod.lessecretsduchocolat.com\/#\/schema\/logo\/image\/","url":"https:\/\/preprod.lessecretsduchocolat.com\/wp-content\/uploads\/2025\/05\/logo.png","contentUrl":"https:\/\/preprod.lessecretsduchocolat.com\/wp-content\/uploads\/2025\/05\/logo.png","width":198,"height":85,"caption":"Secrets de Chocolat"},"image":{"@id":"https:\/\/preprod.lessecretsduchocolat.com\/#\/schema\/logo\/image\/"}}]}},"_links":{"self":[{"href":"https:\/\/preprod.lessecretsduchocolat.com\/de\/wp-json\/wp\/v2\/pages\/3685","targetHints":{"allow":["GET"]}}],"collection":[{"href":"https:\/\/preprod.lessecretsduchocolat.com\/de\/wp-json\/wp\/v2\/pages"}],"about":[{"href":"https:\/\/preprod.lessecretsduchocolat.com\/de\/wp-json\/wp\/v2\/types\/page"}],"author":[{"embeddable":true,"href":"https:\/\/preprod.lessecretsduchocolat.com\/de\/wp-json\/wp\/v2\/users\/1"}],"replies":[{"embeddable":true,"href":"https:\/\/preprod.lessecretsduchocolat.com\/de\/wp-json\/wp\/v2\/comments?post=3685"}],"version-history":[{"count":6,"href":"https:\/\/preprod.lessecretsduchocolat.com\/de\/wp-json\/wp\/v2\/pages\/3685\/revisions"}],"predecessor-version":[{"id":3691,"href":"https:\/\/preprod.lessecretsduchocolat.com\/de\/wp-json\/wp\/v2\/pages\/3685\/revisions\/3691"}],"wp:attachment":[{"href":"https:\/\/preprod.lessecretsduchocolat.com\/de\/wp-json\/wp\/v2\/media?parent=3685"}],"curies":[{"name":"wp","href":"https:\/\/api.w.org\/{rel}","templated":true}]}}