{"id":3707,"date":"2025-07-24T14:11:32","date_gmt":"2025-07-24T12:11:32","guid":{"rendered":"https:\/\/preprod.lessecretsduchocolat.com\/?page_id=3707"},"modified":"2025-07-24T14:15:11","modified_gmt":"2025-07-24T12:15:11","slug":"datenschutzrichtlinie-2","status":"publish","type":"page","link":"https:\/\/preprod.lessecretsduchocolat.com\/de\/datenschutzrichtlinie-2\/","title":{"rendered":"Datenschutzrichtlinie"},"content":{"rendered":"<div data-elementor-type=\"wp-page\" data-elementor-id=\"3707\" class=\"elementor elementor-3707\" data-elementor-post-type=\"page\">\n\t\t\t\t<div class=\"elementor-element elementor-element-ed3efc2 e-flex e-con-boxed e-con e-parent\" data-id=\"ed3efc2\" data-element_type=\"container\" data-settings=\"{&quot;background_background&quot;:&quot;classic&quot;}\">\n\t\t\t\t\t<div class=\"e-con-inner\">\n\t\t<div class=\"elementor-element elementor-element-40f129f e-con-full e-flex e-con e-child\" data-id=\"40f129f\" data-element_type=\"container\">\n\t\t\t\t<div class=\"elementor-element elementor-element-8415e65 elementor-widget elementor-widget-heading\" data-id=\"8415e65\" data-element_type=\"widget\" data-widget_type=\"heading.default\">\n\t\t\t\t<div class=\"elementor-widget-container\">\n\t\t\t\t\t<h2 class=\"elementor-heading-title elementor-size-default\">Datenschutzrichtlinie<\/h2>\t\t\t\t<\/div>\n\t\t\t\t<\/div>\n\t\t\t\t<\/div>\n\t\t\t\t\t<\/div>\n\t\t\t\t<\/div>\n\t\t<div class=\"elementor-element elementor-element-8097fd9 e-flex e-con-boxed e-con e-parent\" data-id=\"8097fd9\" data-element_type=\"container\" data-settings=\"{&quot;background_background&quot;:&quot;classic&quot;}\">\n\t\t\t\t\t<div class=\"e-con-inner\">\n\t\t<div class=\"elementor-element elementor-element-66a2493 e-grid e-con-full e-con e-child\" data-id=\"66a2493\" data-element_type=\"container\">\n\t\t\t\t<div class=\"elementor-element elementor-element-af24330 elementor-widget elementor-widget-text-editor\" data-id=\"af24330\" data-element_type=\"widget\" data-widget_type=\"text-editor.default\">\n\t\t\t\t<div class=\"elementor-widget-container\">\n\t\t\t\t\t\t\t\t\t<p data-start=\"383\" data-end=\"423\"><strong data-start=\"383\" data-end=\"423\">Letzte Aktualisierung: 24. Juli 2025<\/strong><\/p><h2 data-start=\"425\" data-end=\"445\">1. Einleitung<\/h2><p data-start=\"446\" data-end=\"765\">Das Schokoladenmuseum legt gro\u00dfen Wert auf den Schutz Ihrer pers\u00f6nlichen Daten. Diese Richtlinie soll Sie dar\u00fcber informieren, wie wir Ihre Daten sammeln, verwenden und sch\u00fctzen, wenn Sie auf unserer Website surfen. <a class=\"\" href=\"https:\/\/musee-du-chocolat.com\/\" target=\"_new\" rel=\"noopener\" data-start=\"701\" data-end=\"764\">https:\/\/musee-du-chocolat.com<\/a>.<\/p><h2 data-start=\"767\" data-end=\"800\">2. Verantwortlicher f\u00fcr die Verarbeitung<\/h2><p data-start=\"801\" data-end=\"939\">Der Verantwortliche f\u00fcr die Verarbeitung ist :<br data-start=\"835\" data-end=\"838\" \/>Die Geheimnisse der Schokolade<br data-start=\"870\" data-end=\"873\" \/><a tabindex=\"0\" href=\"https:\/\/www.google.com\/maps\/place\/\/data=!4m2!3m1!1s0x4796ca749ea76f55:0xd4413a2216f3fe1e?sa=X&amp;ved=1t:8290&amp;ictx=111\" data-url=\"\/maps\/place\/\/data=!4m2!3m1!1s0x4796ca749ea76f55:0xd4413a2216f3fe1e?sa=X&amp;ved=2ahUKEwiTqbbxu9WOAxWsKvsDHUBYApYQ4kB6BAgFEAA\">Rue du Pont-du-P\u00e9age, 67118 Geispolsheim<\/a><br data-start=\"901\" data-end=\"904\" \/>E-Mail: client@musee-du-chocolat.com<\/p><h2 data-start=\"941\" data-end=\"967\">3. Gesammelte Daten<\/h2><p data-start=\"968\" data-end=\"1109\">Wir sammeln nur die Daten, die f\u00fcr die Navigation und die Kommunikation mit Ihnen unbedingt erforderlich sind. Diese Daten k\u00f6nnen Folgendes umfassen:<\/p><ul><li style=\"list-style-type: none;\"><ul data-start=\"1111\" data-end=\"1332\"><li data-start=\"1111\" data-end=\"1202\"><p data-start=\"1113\" data-end=\"1202\"><strong data-start=\"1113\" data-end=\"1135\">Technische Daten<\/strong> : IP-Adresse, Browsertyp, besuchte Seiten, Dauer des Besuchs.<\/p><\/li><li data-start=\"1203\" data-end=\"1332\"><p data-start=\"1205\" data-end=\"1332\"><strong data-start=\"1205\" data-end=\"1227\">Kontaktdaten<\/strong> (wenn Sie ein Kontaktformular verwenden): Name, Vorname, E-Mail-Adresse, Telefonnummer, Nachricht.<\/p><\/li><\/ul><\/li><\/ul><p data-start=\"1334\" data-end=\"1388\">\u00dcber unsere Website werden keine sensiblen Daten gesammelt.<\/p><h2 data-start=\"1390\" data-end=\"1421\">4. Zweck der Erhebung<\/h2><p data-start=\"1422\" data-end=\"1479\">Die gesammelten pers\u00f6nlichen Daten werden verwendet, um :<\/p><ul><li style=\"list-style-type: none;\"><ul data-start=\"1481\" data-end=\"1670\"><li data-start=\"1481\" data-end=\"1536\"><p data-start=\"1483\" data-end=\"1536\">Beantwortung Ihrer Anfragen \u00fcber das Kontaktformular.<\/p><\/li><li data-start=\"1537\" data-end=\"1628\"><p data-start=\"1539\" data-end=\"1628\">Gew\u00e4hrleistung des ordnungsgem\u00e4\u00dfen Funktionierens der Website (Sicherheit, anonyme Besucherstatistiken).<\/p><\/li><li data-start=\"1629\" data-end=\"1670\"><p data-start=\"1631\" data-end=\"1670\">Ihre Nutzererfahrung zu verbessern.<\/p><\/li><\/ul><\/li><\/ul><h2 data-start=\"1672\" data-end=\"1687\">5. Cookies<\/h2><p data-start=\"1688\" data-end=\"1728\">Die Seite kann Cookies verwenden, um :<\/p><ul><li style=\"list-style-type: none;\"><ul data-start=\"1730\" data-end=\"1827\"><li data-start=\"1730\" data-end=\"1786\"><p data-start=\"1732\" data-end=\"1786\">Messen Sie das Publikum (z. B. \u00fcber Google Analytics).<\/p><\/li><li data-start=\"1787\" data-end=\"1827\"><p data-start=\"1789\" data-end=\"1827\">Sicherstellung des reibungslosen Betriebs der Website.<\/p><\/li><\/ul><\/li><\/ul><p data-start=\"1829\" data-end=\"2012\">Bei Ihrem ersten Besuch informiert Sie ein Banner \u00fcber die Verwendung von Cookies und bietet Ihnen die M\u00f6glichkeit, diese anzunehmen oder abzulehnen. Sie k\u00f6nnen Ihre Einstellungen jederzeit \u00e4ndern.<\/p><h2 data-start=\"2014\" data-end=\"2043\">6. Dauer der Aufbewahrung<\/h2><p data-start=\"2044\" data-end=\"2175\">Ihre Daten werden nur so lange aufbewahrt, wie es f\u00fcr den Zweck, f\u00fcr den sie erhoben wurden, erforderlich ist:<\/p><ul><li style=\"list-style-type: none;\"><ul data-start=\"2177\" data-end=\"2264\"><li data-start=\"2177\" data-end=\"2216\"><p data-start=\"2179\" data-end=\"2216\">Kontaktdaten: maximal 12 Monate.<\/p><\/li><li data-start=\"2217\" data-end=\"2264\"><p data-start=\"2219\" data-end=\"2264\">Cookies: Je nach Art der Cookies maximal 13 Monate.<\/p><\/li><\/ul><\/li><\/ul><h2 data-start=\"2266\" data-end=\"2293\">7. Teilen von Daten<\/h2><p data-start=\"2294\" data-end=\"2481\">Ihre Daten werden nicht verkauft, vermietet oder an Dritte weitergegeben. Sie k\u00f6nnen auf den Servern von technischen Dienstleistern (Webhoster) in der Europ\u00e4ischen Union gespeichert werden.<\/p><h2 data-start=\"2483\" data-end=\"2499\">8. Sicherheit<\/h2><p data-start=\"2500\" data-end=\"2627\">Wir setzen alle notwendigen technischen und organisatorischen Ma\u00dfnahmen ein, um die Sicherheit Ihrer Daten zu gew\u00e4hrleisten.<\/p><h2 data-start=\"2629\" data-end=\"2647\">9. Ihre Rechte<\/h2><p data-start=\"2648\" data-end=\"2705\">Gem\u00e4\u00df der DSGVO haben Sie folgende Rechte:<\/p><ul><li style=\"list-style-type: none;\"><ul data-start=\"2707\" data-end=\"2872\"><li data-start=\"2707\" data-end=\"2722\"><p data-start=\"2709\" data-end=\"2722\">Recht auf Zugang<\/p><\/li><li data-start=\"2723\" data-end=\"2747\"><p data-start=\"2725\" data-end=\"2747\">Recht auf Berichtigung<\/p><\/li><li data-start=\"2748\" data-end=\"2788\"><p data-start=\"2750\" data-end=\"2788\">Recht auf L\u00f6schung (Recht auf Vergessenwerden)<\/p><\/li><li data-start=\"2789\" data-end=\"2826\"><p data-start=\"2791\" data-end=\"2826\">Recht auf Einschr\u00e4nkung der Verarbeitung<\/p><\/li><li data-start=\"2827\" data-end=\"2847\"><p data-start=\"2829\" data-end=\"2847\">Recht auf Widerspruch<\/p><\/li><li data-start=\"2848\" data-end=\"2872\"><p data-start=\"2850\" data-end=\"2872\">Recht auf \u00dcbertragbarkeit<\/p><\/li><\/ul><\/li><\/ul><p data-start=\"2874\" data-end=\"2947\">Um Ihre Rechte auszu\u00fcben, kontaktieren Sie uns unter: [email to complete].<\/p><h2 data-start=\"2949\" data-end=\"2981\">10. Kontakt und Beschwerden<\/h2><p data-start=\"2982\" data-end=\"3112\">Wenn Sie Fragen oder Beschwerden zu Ihren pers\u00f6nlichen Daten haben, k\u00f6nnen Sie sich unter der oben angegebenen Adresse an uns wenden.<\/p><p data-start=\"3114\" data-end=\"3280\">Wenn Sie, nachdem Sie uns kontaktiert haben, der Meinung sind, dass Ihre Rechte nicht respektiert werden, k\u00f6nnen Sie eine Beschwerde bei der CNIL einreichen : <a class=\"cursor-pointer\" target=\"_new\" rel=\"noopener\" data-start=\"3246\" data-end=\"3280\">www.cnil.fr<\/a><\/p>\t\t\t\t\t\t\t\t<\/div>\n\t\t\t\t<\/div>\n\t\t\t\t<div class=\"elementor-element elementor-element-31b7c90 elementor-widget elementor-widget-image\" data-id=\"31b7c90\" data-element_type=\"widget\" data-widget_type=\"image.default\">\n\t\t\t\t<div class=\"elementor-widget-container\">\n\t\t\t\t\t\t\t\t\t\t\t\t\t\t\t<img decoding=\"async\" width=\"144\" height=\"134\" src=\"https:\/\/preprod.lessecretsduchocolat.com\/wp-content\/uploads\/2025\/06\/S-1.png\" class=\"attachment-large size-large wp-image-2890\" alt=\"\" \/>\t\t\t\t\t\t\t\t\t\t\t\t\t\t\t<\/div>\n\t\t\t\t<\/div>\n\t\t\t\t<\/div>\n\t\t\t\t\t<\/div>\n\t\t\t\t<\/div>\n\t\t\t\t<\/div>","protected":false},"excerpt":{"rendered":"<p>Politique de confidentialit\u00e9 Derni\u00e8re mise \u00e0 jour : 24 Juillet 2025 1. Introduction Le Mus\u00e9e du Chocolat accorde une grande importance \u00e0 la protection de vos donn\u00e9es personnelles. Cette politique a pour objectif de vous informer sur la mani\u00e8re dont nous collectons, utilisons et prot\u00e9geons vos donn\u00e9es lorsque vous naviguez sur notre site https:\/\/musee-du-chocolat.com. 2. [&hellip;]<\/p>","protected":false},"author":1,"featured_media":0,"parent":0,"menu_order":0,"comment_status":"closed","ping_status":"closed","template":"","meta":{"_acf_changed":false,"site-sidebar-layout":"no-sidebar","site-content-layout":"page-builder","ast-site-content-layout":"full-width-container","site-content-style":"unboxed","site-sidebar-style":"unboxed","ast-global-header-display":"","ast-banner-title-visibility":"","ast-main-header-display":"","ast-hfb-above-header-display":"","ast-hfb-below-header-display":"","ast-hfb-mobile-header-display":"","site-post-title":"disabled","ast-breadcrumbs-content":"","ast-featured-img":"disabled","footer-sml-layout":"","theme-transparent-header-meta":"default","adv-header-id-meta":"","stick-header-meta":"","header-above-stick-meta":"","header-main-stick-meta":"","header-below-stick-meta":"","astra-migrate-meta-layouts":"set","ast-page-background-enabled":"default","ast-page-background-meta":{"desktop":{"background-color":"var(--ast-global-color-4)","background-image":"","background-repeat":"repeat","background-position":"center center","background-size":"auto","background-attachment":"scroll","background-type":"","background-media":"","overlay-type":"","overlay-color":"","overlay-opacity":"","overlay-gradient":""},"tablet":{"background-color":"","background-image":"","background-repeat":"repeat","background-position":"center center","background-size":"auto","background-attachment":"scroll","background-type":"","background-media":"","overlay-type":"","overlay-color":"","overlay-opacity":"","overlay-gradient":""},"mobile":{"background-color":"","background-image":"","background-repeat":"repeat","background-position":"center center","background-size":"auto","background-attachment":"scroll","background-type":"","background-media":"","overlay-type":"","overlay-color":"","overlay-opacity":"","overlay-gradient":""}},"ast-content-background-meta":{"desktop":{"background-color":"var(--ast-global-color-5)","background-image":"","background-repeat":"repeat","background-position":"center center","background-size":"auto","background-attachment":"scroll","background-type":"","background-media":"","overlay-type":"","overlay-color":"","overlay-opacity":"","overlay-gradient":""},"tablet":{"background-color":"var(--ast-global-color-5)","background-image":"","background-repeat":"repeat","background-position":"center center","background-size":"auto","background-attachment":"scroll","background-type":"","background-media":"","overlay-type":"","overlay-color":"","overlay-opacity":"","overlay-gradient":""},"mobile":{"background-color":"var(--ast-global-color-5)","background-image":"","background-repeat":"repeat","background-position":"center center","background-size":"auto","background-attachment":"scroll","background-type":"","background-media":"","overlay-type":"","overlay-color":"","overlay-opacity":"","overlay-gradient":""}},"iawp_total_views":0,"footnotes":""},"class_list":["post-3707","page","type-page","status-publish","hentry"],"acf":[],"yoast_head":"<!-- This site is optimized with the Yoast SEO plugin v25.9 - https:\/\/yoast.com\/wordpress\/plugins\/seo\/ -->\n<title>politique de confidentialit\u00e9 - Secrets de Chocolat<\/title>\n<meta name=\"robots\" content=\"noindex, follow, max-snippet:-1, max-image-preview:large, max-video-preview:-1\" \/>\n<meta property=\"og:locale\" content=\"de_DE\" \/>\n<meta property=\"og:type\" content=\"article\" \/>\n<meta property=\"og:title\" content=\"politique de confidentialit\u00e9 - Secrets de Chocolat\" \/>\n<meta property=\"og:description\" content=\"Politique de confidentialit\u00e9 Derni\u00e8re mise \u00e0 jour : 24 Juillet 2025 1. Introduction Le Mus\u00e9e du Chocolat accorde une grande importance \u00e0 la protection de vos donn\u00e9es personnelles. Cette politique a pour objectif de vous informer sur la mani\u00e8re dont nous collectons, utilisons et prot\u00e9geons vos donn\u00e9es lorsque vous naviguez sur notre site https:\/\/musee-du-chocolat.com. 2. [&hellip;]\" \/>\n<meta property=\"og:url\" content=\"https:\/\/preprod.lessecretsduchocolat.com\/de\/datenschutzrichtlinie-2\/\" \/>\n<meta property=\"og:site_name\" content=\"Secrets de Chocolat\" \/>\n<meta property=\"article:modified_time\" content=\"2025-07-24T12:15:11+00:00\" \/>\n<meta property=\"og:image\" content=\"https:\/\/preprod.lessecretsduchocolat.com\/wp-content\/uploads\/2025\/06\/S-1.png\" \/>\n\t<meta property=\"og:image:width\" content=\"144\" \/>\n\t<meta property=\"og:image:height\" content=\"134\" \/>\n\t<meta property=\"og:image:type\" content=\"image\/png\" \/>\n<meta name=\"twitter:card\" content=\"summary_large_image\" \/>\n<meta name=\"twitter:label1\" content=\"Gesch\u00e4tzte Lesezeit\" \/>\n\t<meta name=\"twitter:data1\" content=\"3\u00a0Minuten\" \/>\n<script type=\"application\/ld+json\" class=\"yoast-schema-graph\">{\"@context\":\"https:\/\/schema.org\",\"@graph\":[{\"@type\":\"WebPage\",\"@id\":\"https:\/\/preprod.lessecretsduchocolat.com\/politique-confidentialite\/\",\"url\":\"https:\/\/preprod.lessecretsduchocolat.com\/politique-confidentialite\/\",\"name\":\"politique de confidentialit\u00e9 - Secrets de Chocolat\",\"isPartOf\":{\"@id\":\"https:\/\/preprod.lessecretsduchocolat.com\/#website\"},\"primaryImageOfPage\":{\"@id\":\"https:\/\/preprod.lessecretsduchocolat.com\/politique-confidentialite\/#primaryimage\"},\"image\":{\"@id\":\"https:\/\/preprod.lessecretsduchocolat.com\/politique-confidentialite\/#primaryimage\"},\"thumbnailUrl\":\"https:\/\/preprod.lessecretsduchocolat.com\/wp-content\/uploads\/2025\/06\/S-1.png\",\"datePublished\":\"2025-07-24T12:11:32+00:00\",\"dateModified\":\"2025-07-24T12:15:11+00:00\",\"breadcrumb\":{\"@id\":\"https:\/\/preprod.lessecretsduchocolat.com\/politique-confidentialite\/#breadcrumb\"},\"inLanguage\":\"de\",\"potentialAction\":[{\"@type\":\"ReadAction\",\"target\":[\"https:\/\/preprod.lessecretsduchocolat.com\/politique-confidentialite\/\"]}]},{\"@type\":\"ImageObject\",\"inLanguage\":\"de\",\"@id\":\"https:\/\/preprod.lessecretsduchocolat.com\/politique-confidentialite\/#primaryimage\",\"url\":\"https:\/\/preprod.lessecretsduchocolat.com\/wp-content\/uploads\/2025\/06\/S-1.png\",\"contentUrl\":\"https:\/\/preprod.lessecretsduchocolat.com\/wp-content\/uploads\/2025\/06\/S-1.png\"},{\"@type\":\"BreadcrumbList\",\"@id\":\"https:\/\/preprod.lessecretsduchocolat.com\/politique-confidentialite\/#breadcrumb\",\"itemListElement\":[{\"@type\":\"ListItem\",\"position\":1,\"name\":\"Accueil\",\"item\":\"https:\/\/preprod.lessecretsduchocolat.com\/\"},{\"@type\":\"ListItem\",\"position\":2,\"name\":\"politique de confidentialit\u00e9\"}]},{\"@type\":\"WebSite\",\"@id\":\"https:\/\/preprod.lessecretsduchocolat.com\/#website\",\"url\":\"https:\/\/preprod.lessecretsduchocolat.com\/\",\"name\":\"Secrets de Chocolat\",\"description\":\"\",\"publisher\":{\"@id\":\"https:\/\/preprod.lessecretsduchocolat.com\/#organization\"},\"potentialAction\":[{\"@type\":\"SearchAction\",\"target\":{\"@type\":\"EntryPoint\",\"urlTemplate\":\"https:\/\/preprod.lessecretsduchocolat.com\/?s={search_term_string}\"},\"query-input\":{\"@type\":\"PropertyValueSpecification\",\"valueRequired\":true,\"valueName\":\"search_term_string\"}}],\"inLanguage\":\"de\"},{\"@type\":\"Organization\",\"@id\":\"https:\/\/preprod.lessecretsduchocolat.com\/#organization\",\"name\":\"Secrets de Chocolat\",\"url\":\"https:\/\/preprod.lessecretsduchocolat.com\/\",\"logo\":{\"@type\":\"ImageObject\",\"inLanguage\":\"de\",\"@id\":\"https:\/\/preprod.lessecretsduchocolat.com\/#\/schema\/logo\/image\/\",\"url\":\"https:\/\/preprod.lessecretsduchocolat.com\/wp-content\/uploads\/2025\/05\/logo.png\",\"contentUrl\":\"https:\/\/preprod.lessecretsduchocolat.com\/wp-content\/uploads\/2025\/05\/logo.png\",\"width\":198,\"height\":85,\"caption\":\"Secrets de Chocolat\"},\"image\":{\"@id\":\"https:\/\/preprod.lessecretsduchocolat.com\/#\/schema\/logo\/image\/\"}}]}<\/script>\n<!-- \/ Yoast SEO plugin. -->","yoast_head_json":{"title":"Datenschutzrichtlinie - Secrets de Chocolat","robots":{"index":"noindex","follow":"follow","max-snippet":"max-snippet:-1","max-image-preview":"max-image-preview:large","max-video-preview":"max-video-preview:-1"},"og_locale":"de_DE","og_type":"article","og_title":"politique de confidentialit\u00e9 - Secrets de Chocolat","og_description":"Politique de confidentialit\u00e9 Derni\u00e8re mise \u00e0 jour : 24 Juillet 2025 1. Introduction Le Mus\u00e9e du Chocolat accorde une grande importance \u00e0 la protection de vos donn\u00e9es personnelles. Cette politique a pour objectif de vous informer sur la mani\u00e8re dont nous collectons, utilisons et prot\u00e9geons vos donn\u00e9es lorsque vous naviguez sur notre site https:\/\/musee-du-chocolat.com. 2. [&hellip;]","og_url":"https:\/\/preprod.lessecretsduchocolat.com\/de\/datenschutzrichtlinie-2\/","og_site_name":"Secrets de Chocolat","article_modified_time":"2025-07-24T12:15:11+00:00","og_image":[{"width":144,"height":134,"url":"https:\/\/preprod.lessecretsduchocolat.com\/wp-content\/uploads\/2025\/06\/S-1.png","type":"image\/png"}],"twitter_card":"summary_large_image","twitter_misc":{"Gesch\u00e4tzte Lesezeit":"3\u00a0Minuten"},"schema":{"@context":"https:\/\/schema.org","@graph":[{"@type":"WebPage","@id":"https:\/\/preprod.lessecretsduchocolat.com\/politique-confidentialite\/","url":"https:\/\/preprod.lessecretsduchocolat.com\/politique-confidentialite\/","name":"Datenschutzrichtlinie - Secrets de Chocolat","isPartOf":{"@id":"https:\/\/preprod.lessecretsduchocolat.com\/#website"},"primaryImageOfPage":{"@id":"https:\/\/preprod.lessecretsduchocolat.com\/politique-confidentialite\/#primaryimage"},"image":{"@id":"https:\/\/preprod.lessecretsduchocolat.com\/politique-confidentialite\/#primaryimage"},"thumbnailUrl":"https:\/\/preprod.lessecretsduchocolat.com\/wp-content\/uploads\/2025\/06\/S-1.png","datePublished":"2025-07-24T12:11:32+00:00","dateModified":"2025-07-24T12:15:11+00:00","breadcrumb":{"@id":"https:\/\/preprod.lessecretsduchocolat.com\/politique-confidentialite\/#breadcrumb"},"inLanguage":"de","potentialAction":[{"@type":"ReadAction","target":["https:\/\/preprod.lessecretsduchocolat.com\/politique-confidentialite\/"]}]},{"@type":"ImageObject","inLanguage":"de","@id":"https:\/\/preprod.lessecretsduchocolat.com\/politique-confidentialite\/#primaryimage","url":"https:\/\/preprod.lessecretsduchocolat.com\/wp-content\/uploads\/2025\/06\/S-1.png","contentUrl":"https:\/\/preprod.lessecretsduchocolat.com\/wp-content\/uploads\/2025\/06\/S-1.png"},{"@type":"BreadcrumbList","@id":"https:\/\/preprod.lessecretsduchocolat.com\/politique-confidentialite\/#breadcrumb","itemListElement":[{"@type":"ListItem","position":1,"name":"Accueil","item":"https:\/\/preprod.lessecretsduchocolat.com\/"},{"@type":"ListItem","position":2,"name":"politique de confidentialit\u00e9"}]},{"@type":"WebSite","@id":"https:\/\/preprod.lessecretsduchocolat.com\/#website","url":"https:\/\/preprod.lessecretsduchocolat.com\/","name":"Secrets de Chocolat (Schokoladengeheimnisse)","description":"","publisher":{"@id":"https:\/\/preprod.lessecretsduchocolat.com\/#organization"},"potentialAction":[{"@type":"SearchAction","target":{"@type":"EntryPoint","urlTemplate":"https:\/\/preprod.lessecretsduchocolat.com\/?s={search_term_string}"},"query-input":{"@type":"PropertyValueSpecification","valueRequired":true,"valueName":"search_term_string"}}],"inLanguage":"de"},{"@type":"Organization","@id":"https:\/\/preprod.lessecretsduchocolat.com\/#organization","name":"Secrets de Chocolat (Schokoladengeheimnisse)","url":"https:\/\/preprod.lessecretsduchocolat.com\/","logo":{"@type":"ImageObject","inLanguage":"de","@id":"https:\/\/preprod.lessecretsduchocolat.com\/#\/schema\/logo\/image\/","url":"https:\/\/preprod.lessecretsduchocolat.com\/wp-content\/uploads\/2025\/05\/logo.png","contentUrl":"https:\/\/preprod.lessecretsduchocolat.com\/wp-content\/uploads\/2025\/05\/logo.png","width":198,"height":85,"caption":"Secrets de Chocolat"},"image":{"@id":"https:\/\/preprod.lessecretsduchocolat.com\/#\/schema\/logo\/image\/"}}]}},"_links":{"self":[{"href":"https:\/\/preprod.lessecretsduchocolat.com\/de\/wp-json\/wp\/v2\/pages\/3707","targetHints":{"allow":["GET"]}}],"collection":[{"href":"https:\/\/preprod.lessecretsduchocolat.com\/de\/wp-json\/wp\/v2\/pages"}],"about":[{"href":"https:\/\/preprod.lessecretsduchocolat.com\/de\/wp-json\/wp\/v2\/types\/page"}],"author":[{"embeddable":true,"href":"https:\/\/preprod.lessecretsduchocolat.com\/de\/wp-json\/wp\/v2\/users\/1"}],"replies":[{"embeddable":true,"href":"https:\/\/preprod.lessecretsduchocolat.com\/de\/wp-json\/wp\/v2\/comments?post=3707"}],"version-history":[{"count":4,"href":"https:\/\/preprod.lessecretsduchocolat.com\/de\/wp-json\/wp\/v2\/pages\/3707\/revisions"}],"predecessor-version":[{"id":3711,"href":"https:\/\/preprod.lessecretsduchocolat.com\/de\/wp-json\/wp\/v2\/pages\/3707\/revisions\/3711"}],"wp:attachment":[{"href":"https:\/\/preprod.lessecretsduchocolat.com\/de\/wp-json\/wp\/v2\/media?parent=3707"}],"curies":[{"name":"wp","href":"https:\/\/api.w.org\/{rel}","templated":true}]}}