{"id":1024,"date":"2020-02-14T16:29:08","date_gmt":"2020-02-14T16:29:08","guid":{"rendered":"https:\/\/preprod.lessecretsduchocolat.com\/?product=branche-des-vosges-au-chocolat-au-lait"},"modified":"2025-08-27T11:54:18","modified_gmt":"2025-08-27T09:54:18","slug":"branche-des-vosges-mit-milchschokolade","status":"publish","type":"product","link":"https:\/\/preprod.lessecretsduchocolat.com\/de\/product\/branche-des-vosges-mit-milchschokolade\/","title":{"rendered":"BRANCHE DES VOSGES MIT MILCHSCHOKOLADE"},"content":{"rendered":"<p data-start=\"288\" data-end=\"462\">La <strong data-start=\"291\" data-end=\"330\">Branche des Vosges chocolat au lait<\/strong> est une sp\u00e9cialit\u00e9 embl\u00e9matique qui associe la douceur du chocolat au lait et la finesse d\u2019un int\u00e9rieur aux amandes et pistaches.<\/p>\n<p data-start=\"464\" data-end=\"623\">Son enrobage en <strong data-start=\"480\" data-end=\"520\">chocolat au lait pur beurre de cacao<\/strong> s\u00e9duit par ses notes rondes et fondantes, qui s\u2019accordent parfaitement avec la richesse du fourrage.<\/p>\n<p data-start=\"625\" data-end=\"799\">Au c\u0153ur, une <strong data-start=\"638\" data-end=\"665\">p\u00e2te d\u2019amandes parfum\u00e9e<\/strong>, subtilement rehauss\u00e9e de pistaches, offre une texture moelleuse et des saveurs raffin\u00e9es qui s\u2019\u00e9quilibrent avec la douceur lact\u00e9e.<\/p>\n<p data-start=\"801\" data-end=\"967\">Chaque bouch\u00e9e propose un contraste agr\u00e9able : le craquant d\u00e9licat du chocolat rencontre le fondant tendre de la p\u00e2te d\u2019amandes et la saveur d\u00e9licate des pistaches.<\/p>\n<p data-start=\"969\" data-end=\"1119\">Cette gourmandise \u00e9voque les traditions alsaciennes, revisit\u00e9es dans une version chocolat\u00e9e conviviale et accessible \u00e0 tous les amateurs de douceur.<\/p>\n<p data-start=\"1121\" data-end=\"1292\">La <strong data-start=\"1124\" data-end=\"1163\">Branche des Vosges chocolat au lait<\/strong> se d\u00e9guste volontiers comme petite pause gourmande, pour accompagner un caf\u00e9 ou simplement pour le plaisir d\u2019un instant sucr\u00e9.<\/p>\n<p data-start=\"1294\" data-end=\"1459\">Elle constitue aussi une <strong data-start=\"1319\" data-end=\"1345\">excellente id\u00e9e cadeau<\/strong> : simple, originale et gourmande, elle ravira ceux qui aiment d\u00e9couvrir des sp\u00e9cialit\u00e9s r\u00e9gionales au chocolat.<\/p>\n<p data-start=\"1461\" data-end=\"1611\">Le <strong data-start=\"1464\" data-end=\"1496\">chocolat pur beurre de cacao<\/strong> garantit une qualit\u00e9 irr\u00e9prochable, une fonte parfaite et des saveurs authentiques, sublimant chaque ingr\u00e9dient.<\/p>\n<p data-start=\"1613\" data-end=\"1751\">Avec son format pratique, elle peut se savourer seule, \u00eatre partag\u00e9e ou int\u00e9grer un assortiment de sp\u00e9cialit\u00e9s pour un coffret gourmand.<\/p>\n<p data-start=\"1753\" data-end=\"1877\">La <strong data-start=\"1756\" data-end=\"1795\">Branche des Vosges chocolat au lait<\/strong> est une gourmandise intemporelle qui associe douceur, tradition et raffinement.<\/p>","protected":false},"excerpt":{"rendered":"<p><strong>Cette friandise en forme de barre est enrob\u00e9e de chocolat au lait. L&rsquo;int\u00e9rieur est compos\u00e9 d&rsquo;un m\u00e9lange \u00e0 la p\u00e2te d&rsquo;amande et pistaches et apporte une note sucr\u00e9e.<\/strong><\/p>","protected":false},"featured_media":691,"template":"","meta":{"_acf_changed":false,"site-sidebar-layout":"default","site-content-layout":"","ast-site-content-layout":"default","site-content-style":"default","site-sidebar-style":"default","ast-global-header-display":"","ast-banner-title-visibility":"","ast-main-header-display":"","ast-hfb-above-header-display":"","ast-hfb-below-header-display":"","ast-hfb-mobile-header-display":"","site-post-title":"","ast-breadcrumbs-content":"","ast-featured-img":"","footer-sml-layout":"","theme-transparent-header-meta":"default","adv-header-id-meta":"","stick-header-meta":"","header-above-stick-meta":"","header-main-stick-meta":"","header-below-stick-meta":"","astra-migrate-meta-layouts":"set","ast-page-background-enabled":"default","ast-page-background-meta":{"desktop":{"background-color":"var(--ast-global-color-4)","background-image":"","background-repeat":"repeat","background-position":"center center","background-size":"auto","background-attachment":"scroll","background-type":"","background-media":"","overlay-type":"","overlay-color":"","overlay-opacity":"","overlay-gradient":""},"tablet":{"background-color":"","background-image":"","background-repeat":"repeat","background-position":"center center","background-size":"auto","background-attachment":"scroll","background-type":"","background-media":"","overlay-type":"","overlay-color":"","overlay-opacity":"","overlay-gradient":""},"mobile":{"background-color":"","background-image":"","background-repeat":"repeat","background-position":"center center","background-size":"auto","background-attachment":"scroll","background-type":"","background-media":"","overlay-type":"","overlay-color":"","overlay-opacity":"","overlay-gradient":""}},"ast-content-background-meta":{"desktop":{"background-color":"var(--ast-global-color-5)","background-image":"","background-repeat":"repeat","background-position":"center center","background-size":"auto","background-attachment":"scroll","background-type":"","background-media":"","overlay-type":"","overlay-color":"","overlay-opacity":"","overlay-gradient":""},"tablet":{"background-color":"var(--ast-global-color-5)","background-image":"","background-repeat":"repeat","background-position":"center center","background-size":"auto","background-attachment":"scroll","background-type":"","background-media":"","overlay-type":"","overlay-color":"","overlay-opacity":"","overlay-gradient":""},"mobile":{"background-color":"var(--ast-global-color-5)","background-image":"","background-repeat":"repeat","background-position":"center center","background-size":"auto","background-attachment":"scroll","background-type":"","background-media":"","overlay-type":"","overlay-color":"","overlay-opacity":"","overlay-gradient":""}},"iawp_total_views":0},"product_brand":[],"product_cat":[121],"product_tag":[],"class_list":{"0":"post-1024","1":"product","2":"type-product","3":"status-publish","4":"has-post-thumbnail","6":"product_cat-bouchees-gourmandes","7":"desktop-align-left","8":"tablet-align-left","9":"mobile-align-left","11":"first","12":"outofstock","13":"taxable","14":"shipping-taxable","15":"purchasable","16":"product-type-simple"},"acf":[],"yoast_head":"<!-- This site is optimized with the Yoast SEO plugin v25.9 - https:\/\/yoast.com\/wordpress\/plugins\/seo\/ -->\n<title>BRANCHE DES VOSGES LAIT<\/title>\n<meta name=\"description\" content=\"Branche des Vosges chocolat au lait : enrobage au lait pur beurre de cacao, c\u0153ur p\u00e2te d\u2019amandes et pistaches. Une sp\u00e9cialit\u00e9 gourmande, douce et raffin\u00e9e.\" \/>\n<meta name=\"robots\" content=\"noindex, follow, max-snippet:-1, max-image-preview:large, max-video-preview:-1\" \/>\n<meta property=\"og:locale\" content=\"de_DE\" \/>\n<meta property=\"og:type\" content=\"article\" \/>\n<meta property=\"og:title\" content=\"BRANCHE DES VOSGES LAIT\" \/>\n<meta property=\"og:description\" content=\"Branche des Vosges chocolat au lait : enrobage au lait pur beurre de cacao, c\u0153ur p\u00e2te d\u2019amandes et pistaches. Une sp\u00e9cialit\u00e9 gourmande, douce et raffin\u00e9e.\" \/>\n<meta property=\"og:url\" content=\"https:\/\/preprod.lessecretsduchocolat.com\/de\/product\/branche-des-vosges-mit-milchschokolade\/\" \/>\n<meta property=\"og:site_name\" content=\"Secrets de Chocolat\" \/>\n<meta property=\"article:modified_time\" content=\"2025-08-27T09:54:18+00:00\" \/>\n<meta property=\"og:image\" content=\"https:\/\/preprod.lessecretsduchocolat.com\/wp-content\/uploads\/2025\/05\/234.jpg\" \/>\n\t<meta property=\"og:image:width\" content=\"500\" \/>\n\t<meta property=\"og:image:height\" content=\"500\" \/>\n\t<meta property=\"og:image:type\" content=\"image\/jpeg\" \/>\n<meta name=\"twitter:card\" content=\"summary_large_image\" \/>\n<meta name=\"twitter:label1\" content=\"Gesch\u00e4tzte Lesezeit\" \/>\n\t<meta name=\"twitter:data1\" content=\"2\u00a0Minuten\" \/>\n<script type=\"application\/ld+json\" class=\"yoast-schema-graph\">{\"@context\":\"https:\/\/schema.org\",\"@graph\":[{\"@type\":\"WebPage\",\"@id\":\"https:\/\/preprod.lessecretsduchocolat.com\/produit\/branche-des-vosges-au-chocolat-au-lait\/\",\"url\":\"https:\/\/preprod.lessecretsduchocolat.com\/produit\/branche-des-vosges-au-chocolat-au-lait\/\",\"name\":\"BRANCHE DES VOSGES LAIT\",\"isPartOf\":{\"@id\":\"https:\/\/preprod.lessecretsduchocolat.com\/#website\"},\"primaryImageOfPage\":{\"@id\":\"https:\/\/preprod.lessecretsduchocolat.com\/produit\/branche-des-vosges-au-chocolat-au-lait\/#primaryimage\"},\"image\":{\"@id\":\"https:\/\/preprod.lessecretsduchocolat.com\/produit\/branche-des-vosges-au-chocolat-au-lait\/#primaryimage\"},\"thumbnailUrl\":\"https:\/\/preprod.lessecretsduchocolat.com\/wp-content\/uploads\/2025\/05\/234.jpg\",\"datePublished\":\"2020-02-14T16:29:08+00:00\",\"dateModified\":\"2025-08-27T09:54:18+00:00\",\"description\":\"Branche des Vosges chocolat au lait : enrobage au lait pur beurre de cacao, c\u0153ur p\u00e2te d\u2019amandes et pistaches. Une sp\u00e9cialit\u00e9 gourmande, douce et raffin\u00e9e.\",\"breadcrumb\":{\"@id\":\"https:\/\/preprod.lessecretsduchocolat.com\/produit\/branche-des-vosges-au-chocolat-au-lait\/#breadcrumb\"},\"inLanguage\":\"de\",\"potentialAction\":[{\"@type\":\"ReadAction\",\"target\":[\"https:\/\/preprod.lessecretsduchocolat.com\/produit\/branche-des-vosges-au-chocolat-au-lait\/\"]}]},{\"@type\":\"ImageObject\",\"inLanguage\":\"de\",\"@id\":\"https:\/\/preprod.lessecretsduchocolat.com\/produit\/branche-des-vosges-au-chocolat-au-lait\/#primaryimage\",\"url\":\"https:\/\/preprod.lessecretsduchocolat.com\/wp-content\/uploads\/2025\/05\/234.jpg\",\"contentUrl\":\"https:\/\/preprod.lessecretsduchocolat.com\/wp-content\/uploads\/2025\/05\/234.jpg\",\"width\":500,\"height\":500},{\"@type\":\"BreadcrumbList\",\"@id\":\"https:\/\/preprod.lessecretsduchocolat.com\/produit\/branche-des-vosges-au-chocolat-au-lait\/#breadcrumb\",\"itemListElement\":[{\"@type\":\"ListItem\",\"position\":1,\"name\":\"Accueil\",\"item\":\"https:\/\/preprod.lessecretsduchocolat.com\/\"},{\"@type\":\"ListItem\",\"position\":2,\"name\":\"Magasin\",\"item\":\"https:\/\/preprod.lessecretsduchocolat.com\/magasin\/\"},{\"@type\":\"ListItem\",\"position\":3,\"name\":\"BRANCHE DES VOSGES AU CHOCOLAT AU LAIT\"}]},{\"@type\":\"WebSite\",\"@id\":\"https:\/\/preprod.lessecretsduchocolat.com\/#website\",\"url\":\"https:\/\/preprod.lessecretsduchocolat.com\/\",\"name\":\"Secrets de Chocolat\",\"description\":\"\",\"publisher\":{\"@id\":\"https:\/\/preprod.lessecretsduchocolat.com\/#organization\"},\"potentialAction\":[{\"@type\":\"SearchAction\",\"target\":{\"@type\":\"EntryPoint\",\"urlTemplate\":\"https:\/\/preprod.lessecretsduchocolat.com\/?s={search_term_string}\"},\"query-input\":{\"@type\":\"PropertyValueSpecification\",\"valueRequired\":true,\"valueName\":\"search_term_string\"}}],\"inLanguage\":\"de\"},{\"@type\":\"Organization\",\"@id\":\"https:\/\/preprod.lessecretsduchocolat.com\/#organization\",\"name\":\"Secrets de Chocolat\",\"url\":\"https:\/\/preprod.lessecretsduchocolat.com\/\",\"logo\":{\"@type\":\"ImageObject\",\"inLanguage\":\"de\",\"@id\":\"https:\/\/preprod.lessecretsduchocolat.com\/#\/schema\/logo\/image\/\",\"url\":\"https:\/\/preprod.lessecretsduchocolat.com\/wp-content\/uploads\/2025\/05\/logo.png\",\"contentUrl\":\"https:\/\/preprod.lessecretsduchocolat.com\/wp-content\/uploads\/2025\/05\/logo.png\",\"width\":198,\"height\":85,\"caption\":\"Secrets de Chocolat\"},\"image\":{\"@id\":\"https:\/\/preprod.lessecretsduchocolat.com\/#\/schema\/logo\/image\/\"}}]}<\/script>\n<!-- \/ Yoast SEO plugin. -->","yoast_head_json":{"title":"BRANCHE DES VOSGES LAIT","description":"Branche des Vosges Milchschokolade: \u00dcberzug aus reiner Milchkakaobutter, Kern aus Mandelpaste und Pistazien. Eine s\u00fc\u00dfe und raffinierte Feinschmeckerspezialit\u00e4t.","robots":{"index":"noindex","follow":"follow","max-snippet":"max-snippet:-1","max-image-preview":"max-image-preview:large","max-video-preview":"max-video-preview:-1"},"og_locale":"de_DE","og_type":"article","og_title":"BRANCHE DES VOSGES LAIT","og_description":"Branche des Vosges chocolat au lait : enrobage au lait pur beurre de cacao, c\u0153ur p\u00e2te d\u2019amandes et pistaches. Une sp\u00e9cialit\u00e9 gourmande, douce et raffin\u00e9e.","og_url":"https:\/\/preprod.lessecretsduchocolat.com\/de\/product\/branche-des-vosges-mit-milchschokolade\/","og_site_name":"Secrets de Chocolat","article_modified_time":"2025-08-27T09:54:18+00:00","og_image":[{"width":500,"height":500,"url":"https:\/\/preprod.lessecretsduchocolat.com\/wp-content\/uploads\/2025\/05\/234.jpg","type":"image\/jpeg"}],"twitter_card":"summary_large_image","twitter_misc":{"Gesch\u00e4tzte Lesezeit":"2\u00a0Minuten"},"schema":{"@context":"https:\/\/schema.org","@graph":[{"@type":"WebPage","@id":"https:\/\/preprod.lessecretsduchocolat.com\/produit\/branche-des-vosges-au-chocolat-au-lait\/","url":"https:\/\/preprod.lessecretsduchocolat.com\/produit\/branche-des-vosges-au-chocolat-au-lait\/","name":"BRANCHE DES VOSGES LAIT","isPartOf":{"@id":"https:\/\/preprod.lessecretsduchocolat.com\/#website"},"primaryImageOfPage":{"@id":"https:\/\/preprod.lessecretsduchocolat.com\/produit\/branche-des-vosges-au-chocolat-au-lait\/#primaryimage"},"image":{"@id":"https:\/\/preprod.lessecretsduchocolat.com\/produit\/branche-des-vosges-au-chocolat-au-lait\/#primaryimage"},"thumbnailUrl":"https:\/\/preprod.lessecretsduchocolat.com\/wp-content\/uploads\/2025\/05\/234.jpg","datePublished":"2020-02-14T16:29:08+00:00","dateModified":"2025-08-27T09:54:18+00:00","description":"Branche des Vosges Milchschokolade: \u00dcberzug aus reiner Milchkakaobutter, Kern aus Mandelpaste und Pistazien. Eine s\u00fc\u00dfe und raffinierte Feinschmeckerspezialit\u00e4t.","breadcrumb":{"@id":"https:\/\/preprod.lessecretsduchocolat.com\/produit\/branche-des-vosges-au-chocolat-au-lait\/#breadcrumb"},"inLanguage":"de","potentialAction":[{"@type":"ReadAction","target":["https:\/\/preprod.lessecretsduchocolat.com\/produit\/branche-des-vosges-au-chocolat-au-lait\/"]}]},{"@type":"ImageObject","inLanguage":"de","@id":"https:\/\/preprod.lessecretsduchocolat.com\/produit\/branche-des-vosges-au-chocolat-au-lait\/#primaryimage","url":"https:\/\/preprod.lessecretsduchocolat.com\/wp-content\/uploads\/2025\/05\/234.jpg","contentUrl":"https:\/\/preprod.lessecretsduchocolat.com\/wp-content\/uploads\/2025\/05\/234.jpg","width":500,"height":500},{"@type":"BreadcrumbList","@id":"https:\/\/preprod.lessecretsduchocolat.com\/produit\/branche-des-vosges-au-chocolat-au-lait\/#breadcrumb","itemListElement":[{"@type":"ListItem","position":1,"name":"Accueil","item":"https:\/\/preprod.lessecretsduchocolat.com\/"},{"@type":"ListItem","position":2,"name":"Magasin","item":"https:\/\/preprod.lessecretsduchocolat.com\/magasin\/"},{"@type":"ListItem","position":3,"name":"BRANCHE DES VOSGES AU CHOCOLAT AU LAIT"}]},{"@type":"WebSite","@id":"https:\/\/preprod.lessecretsduchocolat.com\/#website","url":"https:\/\/preprod.lessecretsduchocolat.com\/","name":"Secrets de Chocolat (Schokoladengeheimnisse)","description":"","publisher":{"@id":"https:\/\/preprod.lessecretsduchocolat.com\/#organization"},"potentialAction":[{"@type":"SearchAction","target":{"@type":"EntryPoint","urlTemplate":"https:\/\/preprod.lessecretsduchocolat.com\/?s={search_term_string}"},"query-input":{"@type":"PropertyValueSpecification","valueRequired":true,"valueName":"search_term_string"}}],"inLanguage":"de"},{"@type":"Organization","@id":"https:\/\/preprod.lessecretsduchocolat.com\/#organization","name":"Secrets de Chocolat (Schokoladengeheimnisse)","url":"https:\/\/preprod.lessecretsduchocolat.com\/","logo":{"@type":"ImageObject","inLanguage":"de","@id":"https:\/\/preprod.lessecretsduchocolat.com\/#\/schema\/logo\/image\/","url":"https:\/\/preprod.lessecretsduchocolat.com\/wp-content\/uploads\/2025\/05\/logo.png","contentUrl":"https:\/\/preprod.lessecretsduchocolat.com\/wp-content\/uploads\/2025\/05\/logo.png","width":198,"height":85,"caption":"Secrets de Chocolat"},"image":{"@id":"https:\/\/preprod.lessecretsduchocolat.com\/#\/schema\/logo\/image\/"}}]}},"_links":{"self":[{"href":"https:\/\/preprod.lessecretsduchocolat.com\/de\/wp-json\/wp\/v2\/product\/1024","targetHints":{"allow":["GET"]}}],"collection":[{"href":"https:\/\/preprod.lessecretsduchocolat.com\/de\/wp-json\/wp\/v2\/product"}],"about":[{"href":"https:\/\/preprod.lessecretsduchocolat.com\/de\/wp-json\/wp\/v2\/types\/product"}],"version-history":[{"count":2,"href":"https:\/\/preprod.lessecretsduchocolat.com\/de\/wp-json\/wp\/v2\/product\/1024\/revisions"}],"predecessor-version":[{"id":4101,"href":"https:\/\/preprod.lessecretsduchocolat.com\/de\/wp-json\/wp\/v2\/product\/1024\/revisions\/4101"}],"wp:featuredmedia":[{"embeddable":true,"href":"https:\/\/preprod.lessecretsduchocolat.com\/de\/wp-json\/wp\/v2\/media\/691"}],"wp:attachment":[{"href":"https:\/\/preprod.lessecretsduchocolat.com\/de\/wp-json\/wp\/v2\/media?parent=1024"}],"wp:term":[{"taxonomy":"product_brand","embeddable":true,"href":"https:\/\/preprod.lessecretsduchocolat.com\/de\/wp-json\/wp\/v2\/product_brand?post=1024"},{"taxonomy":"product_cat","embeddable":true,"href":"https:\/\/preprod.lessecretsduchocolat.com\/de\/wp-json\/wp\/v2\/product_cat?post=1024"},{"taxonomy":"product_tag","embeddable":true,"href":"https:\/\/preprod.lessecretsduchocolat.com\/de\/wp-json\/wp\/v2\/product_tag?post=1024"}],"curies":[{"name":"wp","href":"https:\/\/api.w.org\/{rel}","templated":true}]}}