{"id":1026,"date":"2020-02-14T16:29:08","date_gmt":"2020-02-14T16:29:08","guid":{"rendered":"https:\/\/preprod.lessecretsduchocolat.com\/?product=rocher-au-chocolat-noir"},"modified":"2025-08-27T11:50:49","modified_gmt":"2025-08-27T09:50:49","slug":"rocher-mit-dunkler-schokolade","status":"publish","type":"product","link":"https:\/\/preprod.lessecretsduchocolat.com\/de\/product\/rocher-mit-dunkler-schokolade\/","title":{"rendered":"ROCHER MIT DUNKLER SCHOKOLADE"},"content":{"rendered":"<p data-start=\"276\" data-end=\"443\">Le <strong data-start=\"279\" data-end=\"306\">Rocher au chocolat noir<\/strong> s\u00e9duit par son intensit\u00e9 cacaot\u00e9e et son c\u0153ur fondant au pralin\u00e9. Une gourmandise incontournable, \u00e0 la fois raffin\u00e9e et r\u00e9confortante.<\/p>\n<p data-start=\"445\" data-end=\"605\">Son enrobage de <strong data-start=\"461\" data-end=\"516\">chocolat noir origine \u00c9quateur, pur beurre de cacao<\/strong>, r\u00e9v\u00e8le des ar\u00f4mes puissants et \u00e9quilibr\u00e9s, qui s\u00e9duisent les amateurs de cacao cors\u00e9.<\/p>\n<p data-start=\"607\" data-end=\"751\">\u00c0 l\u2019int\u00e9rieur, le <strong data-start=\"625\" data-end=\"646\">pralin\u00e9 noisettes<\/strong> apporte douceur et onctuosit\u00e9, cr\u00e9ant un contraste gourmand avec la force aromatique du chocolat noir.<\/p>\n<p data-start=\"753\" data-end=\"905\">Chaque bouch\u00e9e r\u00e9v\u00e8le une harmonie parfaite : craquant de l\u2019enrobage, fondant du fourrage, intensit\u00e9 et rondeur qui s\u2019unissent dans un plaisir simple.<\/p>\n<p data-start=\"907\" data-end=\"1056\">Ces <strong data-start=\"911\" data-end=\"944\">rochers chocolat noir pralin\u00e9<\/strong> sont parfaits pour accompagner un caf\u00e9 cors\u00e9, enrichir un plateau de douceurs ou s\u2019offrir en pause gourmande.<\/p>\n<p data-start=\"1058\" data-end=\"1213\">Avec leur format pratique, ils s\u2019adaptent \u00e0 toutes les occasions : petits cadeaux gourmands, mignardises apr\u00e8s un repas ou instants de plaisir solitaire.<\/p>\n<p data-start=\"1215\" data-end=\"1346\">Le <strong data-start=\"1218\" data-end=\"1250\">chocolat pur beurre de cacao<\/strong> garantit une fonte id\u00e9ale et pr\u00e9serve l\u2019authenticit\u00e9 des saveurs, sublimant ainsi le pralin\u00e9.<\/p>\n<p data-start=\"1348\" data-end=\"1506\">Les amateurs de chocolats intenses appr\u00e9cieront particuli\u00e8rement ce mariage \u00e9quilibr\u00e9, qui met en valeur la puissance du cacao et la d\u00e9licatesse du pralin\u00e9.<\/p>\n<p data-start=\"1508\" data-end=\"1626\">\u00c0 d\u00e9guster seul, \u00e0 partager ou \u00e0 inclure dans un assortiment, le rocher noir est une valeur s\u00fbre qui pla\u00eet toujours.<\/p>\n<p data-start=\"1628\" data-end=\"1755\">Le <strong data-start=\"1631\" data-end=\"1666\">Rocher au chocolat noir pralin\u00e9<\/strong> est un grand classique revisit\u00e9 avec intensit\u00e9 et g\u00e9n\u00e9rosit\u00e9, \u00e0 savourer sans h\u00e9siter.<\/p>","protected":false},"excerpt":{"rendered":"<p><strong>Ce rocher tr\u00e8s gourmand (45g), fourr\u00e9 au pralin\u00e9 et enrob\u00e9 de chocolat noir, accompagnera parfaitement vos pauses caf\u00e9s. Un rocher au chocolat noir (58%) aux saveurs intenses compos\u00e9es de chocolat noir fourr\u00e9 au pralin\u00e9. Rocher au chocolat 100% pur beurre de cacao confectionn\u00e9s selon le savoir-faire unique de nos ma\u00eetres chocolatiers dans nos ateliers \u00e0 Geispolsheim, \u00e0 c\u00f4t\u00e9 de Strasbourg en France.<\/strong><\/p>","protected":false},"featured_media":695,"template":"","meta":{"_acf_changed":false,"site-sidebar-layout":"default","site-content-layout":"","ast-site-content-layout":"default","site-content-style":"default","site-sidebar-style":"default","ast-global-header-display":"","ast-banner-title-visibility":"","ast-main-header-display":"","ast-hfb-above-header-display":"","ast-hfb-below-header-display":"","ast-hfb-mobile-header-display":"","site-post-title":"","ast-breadcrumbs-content":"","ast-featured-img":"","footer-sml-layout":"","theme-transparent-header-meta":"default","adv-header-id-meta":"","stick-header-meta":"","header-above-stick-meta":"","header-main-stick-meta":"","header-below-stick-meta":"","astra-migrate-meta-layouts":"set","ast-page-background-enabled":"default","ast-page-background-meta":{"desktop":{"background-color":"var(--ast-global-color-4)","background-image":"","background-repeat":"repeat","background-position":"center center","background-size":"auto","background-attachment":"scroll","background-type":"","background-media":"","overlay-type":"","overlay-color":"","overlay-opacity":"","overlay-gradient":""},"tablet":{"background-color":"","background-image":"","background-repeat":"repeat","background-position":"center center","background-size":"auto","background-attachment":"scroll","background-type":"","background-media":"","overlay-type":"","overlay-color":"","overlay-opacity":"","overlay-gradient":""},"mobile":{"background-color":"","background-image":"","background-repeat":"repeat","background-position":"center center","background-size":"auto","background-attachment":"scroll","background-type":"","background-media":"","overlay-type":"","overlay-color":"","overlay-opacity":"","overlay-gradient":""}},"ast-content-background-meta":{"desktop":{"background-color":"var(--ast-global-color-5)","background-image":"","background-repeat":"repeat","background-position":"center center","background-size":"auto","background-attachment":"scroll","background-type":"","background-media":"","overlay-type":"","overlay-color":"","overlay-opacity":"","overlay-gradient":""},"tablet":{"background-color":"var(--ast-global-color-5)","background-image":"","background-repeat":"repeat","background-position":"center center","background-size":"auto","background-attachment":"scroll","background-type":"","background-media":"","overlay-type":"","overlay-color":"","overlay-opacity":"","overlay-gradient":""},"mobile":{"background-color":"var(--ast-global-color-5)","background-image":"","background-repeat":"repeat","background-position":"center center","background-size":"auto","background-attachment":"scroll","background-type":"","background-media":"","overlay-type":"","overlay-color":"","overlay-opacity":"","overlay-gradient":""}},"iawp_total_views":0},"product_brand":[],"product_cat":[121],"product_tag":[],"class_list":{"0":"post-1026","1":"product","2":"type-product","3":"status-publish","4":"has-post-thumbnail","6":"product_cat-bouchees-gourmandes","7":"desktop-align-left","8":"tablet-align-left","9":"mobile-align-left","11":"first","12":"outofstock","13":"taxable","14":"shipping-taxable","15":"purchasable","16":"product-type-simple"},"acf":[],"yoast_head":"<!-- This site is optimized with the Yoast SEO plugin v25.9 - https:\/\/yoast.com\/wordpress\/plugins\/seo\/ -->\n<title>Rocher 70% chocolat noir<\/title>\n<meta name=\"description\" content=\"Rocher au chocolat noir pralin\u00e9 : enrobage noir origine \u00c9quateur pur beurre de cacao et c\u0153ur pralin\u00e9 fondant. Une bouch\u00e9e intense et gourmande.\" \/>\n<meta name=\"robots\" content=\"noindex, follow, max-snippet:-1, max-image-preview:large, max-video-preview:-1\" \/>\n<meta property=\"og:locale\" content=\"de_DE\" \/>\n<meta property=\"og:type\" content=\"article\" \/>\n<meta property=\"og:title\" content=\"Rocher 70% chocolat noir\" \/>\n<meta property=\"og:description\" content=\"Rocher au chocolat noir pralin\u00e9 : enrobage noir origine \u00c9quateur pur beurre de cacao et c\u0153ur pralin\u00e9 fondant. Une bouch\u00e9e intense et gourmande.\" \/>\n<meta property=\"og:url\" content=\"https:\/\/preprod.lessecretsduchocolat.com\/de\/product\/rocher-mit-dunkler-schokolade\/\" \/>\n<meta property=\"og:site_name\" content=\"Secrets de Chocolat\" \/>\n<meta property=\"article:modified_time\" content=\"2025-08-27T09:50:49+00:00\" \/>\n<meta property=\"og:image\" content=\"https:\/\/preprod.lessecretsduchocolat.com\/wp-content\/uploads\/2025\/05\/28_2nd.jpg\" \/>\n\t<meta property=\"og:image:width\" content=\"684\" \/>\n\t<meta property=\"og:image:height\" content=\"637\" \/>\n\t<meta property=\"og:image:type\" content=\"image\/jpeg\" \/>\n<meta name=\"twitter:card\" content=\"summary_large_image\" \/>\n<meta name=\"twitter:label1\" content=\"Gesch\u00e4tzte Lesezeit\" \/>\n\t<meta name=\"twitter:data1\" content=\"2\u00a0Minuten\" \/>\n<script type=\"application\/ld+json\" class=\"yoast-schema-graph\">{\"@context\":\"https:\/\/schema.org\",\"@graph\":[{\"@type\":\"WebPage\",\"@id\":\"https:\/\/preprod.lessecretsduchocolat.com\/produit\/rocher-au-chocolat-noir\/\",\"url\":\"https:\/\/preprod.lessecretsduchocolat.com\/produit\/rocher-au-chocolat-noir\/\",\"name\":\"Rocher 70% chocolat noir\",\"isPartOf\":{\"@id\":\"https:\/\/preprod.lessecretsduchocolat.com\/#website\"},\"primaryImageOfPage\":{\"@id\":\"https:\/\/preprod.lessecretsduchocolat.com\/produit\/rocher-au-chocolat-noir\/#primaryimage\"},\"image\":{\"@id\":\"https:\/\/preprod.lessecretsduchocolat.com\/produit\/rocher-au-chocolat-noir\/#primaryimage\"},\"thumbnailUrl\":\"https:\/\/preprod.lessecretsduchocolat.com\/wp-content\/uploads\/2025\/05\/28_2nd.jpg\",\"datePublished\":\"2020-02-14T16:29:08+00:00\",\"dateModified\":\"2025-08-27T09:50:49+00:00\",\"description\":\"Rocher au chocolat noir pralin\u00e9 : enrobage noir origine \u00c9quateur pur beurre de cacao et c\u0153ur pralin\u00e9 fondant. Une bouch\u00e9e intense et gourmande.\",\"breadcrumb\":{\"@id\":\"https:\/\/preprod.lessecretsduchocolat.com\/produit\/rocher-au-chocolat-noir\/#breadcrumb\"},\"inLanguage\":\"de\",\"potentialAction\":[{\"@type\":\"ReadAction\",\"target\":[\"https:\/\/preprod.lessecretsduchocolat.com\/produit\/rocher-au-chocolat-noir\/\"]}]},{\"@type\":\"ImageObject\",\"inLanguage\":\"de\",\"@id\":\"https:\/\/preprod.lessecretsduchocolat.com\/produit\/rocher-au-chocolat-noir\/#primaryimage\",\"url\":\"https:\/\/preprod.lessecretsduchocolat.com\/wp-content\/uploads\/2025\/05\/28_2nd.jpg\",\"contentUrl\":\"https:\/\/preprod.lessecretsduchocolat.com\/wp-content\/uploads\/2025\/05\/28_2nd.jpg\",\"width\":684,\"height\":637},{\"@type\":\"BreadcrumbList\",\"@id\":\"https:\/\/preprod.lessecretsduchocolat.com\/produit\/rocher-au-chocolat-noir\/#breadcrumb\",\"itemListElement\":[{\"@type\":\"ListItem\",\"position\":1,\"name\":\"Accueil\",\"item\":\"https:\/\/preprod.lessecretsduchocolat.com\/\"},{\"@type\":\"ListItem\",\"position\":2,\"name\":\"Magasin\",\"item\":\"https:\/\/preprod.lessecretsduchocolat.com\/magasin\/\"},{\"@type\":\"ListItem\",\"position\":3,\"name\":\"ROCHER AU CHOCOLAT NOIR\"}]},{\"@type\":\"WebSite\",\"@id\":\"https:\/\/preprod.lessecretsduchocolat.com\/#website\",\"url\":\"https:\/\/preprod.lessecretsduchocolat.com\/\",\"name\":\"Secrets de Chocolat\",\"description\":\"\",\"publisher\":{\"@id\":\"https:\/\/preprod.lessecretsduchocolat.com\/#organization\"},\"potentialAction\":[{\"@type\":\"SearchAction\",\"target\":{\"@type\":\"EntryPoint\",\"urlTemplate\":\"https:\/\/preprod.lessecretsduchocolat.com\/?s={search_term_string}\"},\"query-input\":{\"@type\":\"PropertyValueSpecification\",\"valueRequired\":true,\"valueName\":\"search_term_string\"}}],\"inLanguage\":\"de\"},{\"@type\":\"Organization\",\"@id\":\"https:\/\/preprod.lessecretsduchocolat.com\/#organization\",\"name\":\"Secrets de Chocolat\",\"url\":\"https:\/\/preprod.lessecretsduchocolat.com\/\",\"logo\":{\"@type\":\"ImageObject\",\"inLanguage\":\"de\",\"@id\":\"https:\/\/preprod.lessecretsduchocolat.com\/#\/schema\/logo\/image\/\",\"url\":\"https:\/\/preprod.lessecretsduchocolat.com\/wp-content\/uploads\/2025\/05\/logo.png\",\"contentUrl\":\"https:\/\/preprod.lessecretsduchocolat.com\/wp-content\/uploads\/2025\/05\/logo.png\",\"width\":198,\"height\":85,\"caption\":\"Secrets de Chocolat\"},\"image\":{\"@id\":\"https:\/\/preprod.lessecretsduchocolat.com\/#\/schema\/logo\/image\/\"}}]}<\/script>\n<!-- \/ Yoast SEO plugin. -->","yoast_head_json":{"title":"Rocher 70% dunkle Schokolade","description":"Rocher aus dunkler Pralinenschokolade: Zartbitterer \u00dcberzug aus Ecuador aus reiner Kakaobutter und zartschmelzender Pralinenkern. Ein intensiver und leckerer Biss.","robots":{"index":"noindex","follow":"follow","max-snippet":"max-snippet:-1","max-image-preview":"max-image-preview:large","max-video-preview":"max-video-preview:-1"},"og_locale":"de_DE","og_type":"article","og_title":"Rocher 70% chocolat noir","og_description":"Rocher au chocolat noir pralin\u00e9 : enrobage noir origine \u00c9quateur pur beurre de cacao et c\u0153ur pralin\u00e9 fondant. Une bouch\u00e9e intense et gourmande.","og_url":"https:\/\/preprod.lessecretsduchocolat.com\/de\/product\/rocher-mit-dunkler-schokolade\/","og_site_name":"Secrets de Chocolat","article_modified_time":"2025-08-27T09:50:49+00:00","og_image":[{"width":684,"height":637,"url":"https:\/\/preprod.lessecretsduchocolat.com\/wp-content\/uploads\/2025\/05\/28_2nd.jpg","type":"image\/jpeg"}],"twitter_card":"summary_large_image","twitter_misc":{"Gesch\u00e4tzte Lesezeit":"2\u00a0Minuten"},"schema":{"@context":"https:\/\/schema.org","@graph":[{"@type":"WebPage","@id":"https:\/\/preprod.lessecretsduchocolat.com\/produit\/rocher-au-chocolat-noir\/","url":"https:\/\/preprod.lessecretsduchocolat.com\/produit\/rocher-au-chocolat-noir\/","name":"Rocher 70% dunkle Schokolade","isPartOf":{"@id":"https:\/\/preprod.lessecretsduchocolat.com\/#website"},"primaryImageOfPage":{"@id":"https:\/\/preprod.lessecretsduchocolat.com\/produit\/rocher-au-chocolat-noir\/#primaryimage"},"image":{"@id":"https:\/\/preprod.lessecretsduchocolat.com\/produit\/rocher-au-chocolat-noir\/#primaryimage"},"thumbnailUrl":"https:\/\/preprod.lessecretsduchocolat.com\/wp-content\/uploads\/2025\/05\/28_2nd.jpg","datePublished":"2020-02-14T16:29:08+00:00","dateModified":"2025-08-27T09:50:49+00:00","description":"Rocher aus dunkler Pralinenschokolade: Zartbitterer \u00dcberzug aus Ecuador aus reiner Kakaobutter und zartschmelzender Pralinenkern. Ein intensiver und leckerer Biss.","breadcrumb":{"@id":"https:\/\/preprod.lessecretsduchocolat.com\/produit\/rocher-au-chocolat-noir\/#breadcrumb"},"inLanguage":"de","potentialAction":[{"@type":"ReadAction","target":["https:\/\/preprod.lessecretsduchocolat.com\/produit\/rocher-au-chocolat-noir\/"]}]},{"@type":"ImageObject","inLanguage":"de","@id":"https:\/\/preprod.lessecretsduchocolat.com\/produit\/rocher-au-chocolat-noir\/#primaryimage","url":"https:\/\/preprod.lessecretsduchocolat.com\/wp-content\/uploads\/2025\/05\/28_2nd.jpg","contentUrl":"https:\/\/preprod.lessecretsduchocolat.com\/wp-content\/uploads\/2025\/05\/28_2nd.jpg","width":684,"height":637},{"@type":"BreadcrumbList","@id":"https:\/\/preprod.lessecretsduchocolat.com\/produit\/rocher-au-chocolat-noir\/#breadcrumb","itemListElement":[{"@type":"ListItem","position":1,"name":"Accueil","item":"https:\/\/preprod.lessecretsduchocolat.com\/"},{"@type":"ListItem","position":2,"name":"Magasin","item":"https:\/\/preprod.lessecretsduchocolat.com\/magasin\/"},{"@type":"ListItem","position":3,"name":"ROCHER AU CHOCOLAT NOIR"}]},{"@type":"WebSite","@id":"https:\/\/preprod.lessecretsduchocolat.com\/#website","url":"https:\/\/preprod.lessecretsduchocolat.com\/","name":"Secrets de Chocolat (Schokoladengeheimnisse)","description":"","publisher":{"@id":"https:\/\/preprod.lessecretsduchocolat.com\/#organization"},"potentialAction":[{"@type":"SearchAction","target":{"@type":"EntryPoint","urlTemplate":"https:\/\/preprod.lessecretsduchocolat.com\/?s={search_term_string}"},"query-input":{"@type":"PropertyValueSpecification","valueRequired":true,"valueName":"search_term_string"}}],"inLanguage":"de"},{"@type":"Organization","@id":"https:\/\/preprod.lessecretsduchocolat.com\/#organization","name":"Secrets de Chocolat (Schokoladengeheimnisse)","url":"https:\/\/preprod.lessecretsduchocolat.com\/","logo":{"@type":"ImageObject","inLanguage":"de","@id":"https:\/\/preprod.lessecretsduchocolat.com\/#\/schema\/logo\/image\/","url":"https:\/\/preprod.lessecretsduchocolat.com\/wp-content\/uploads\/2025\/05\/logo.png","contentUrl":"https:\/\/preprod.lessecretsduchocolat.com\/wp-content\/uploads\/2025\/05\/logo.png","width":198,"height":85,"caption":"Secrets de Chocolat"},"image":{"@id":"https:\/\/preprod.lessecretsduchocolat.com\/#\/schema\/logo\/image\/"}}]}},"_links":{"self":[{"href":"https:\/\/preprod.lessecretsduchocolat.com\/de\/wp-json\/wp\/v2\/product\/1026","targetHints":{"allow":["GET"]}}],"collection":[{"href":"https:\/\/preprod.lessecretsduchocolat.com\/de\/wp-json\/wp\/v2\/product"}],"about":[{"href":"https:\/\/preprod.lessecretsduchocolat.com\/de\/wp-json\/wp\/v2\/types\/product"}],"version-history":[{"count":2,"href":"https:\/\/preprod.lessecretsduchocolat.com\/de\/wp-json\/wp\/v2\/product\/1026\/revisions"}],"predecessor-version":[{"id":4098,"href":"https:\/\/preprod.lessecretsduchocolat.com\/de\/wp-json\/wp\/v2\/product\/1026\/revisions\/4098"}],"wp:featuredmedia":[{"embeddable":true,"href":"https:\/\/preprod.lessecretsduchocolat.com\/de\/wp-json\/wp\/v2\/media\/695"}],"wp:attachment":[{"href":"https:\/\/preprod.lessecretsduchocolat.com\/de\/wp-json\/wp\/v2\/media?parent=1026"}],"wp:term":[{"taxonomy":"product_brand","embeddable":true,"href":"https:\/\/preprod.lessecretsduchocolat.com\/de\/wp-json\/wp\/v2\/product_brand?post=1026"},{"taxonomy":"product_cat","embeddable":true,"href":"https:\/\/preprod.lessecretsduchocolat.com\/de\/wp-json\/wp\/v2\/product_cat?post=1026"},{"taxonomy":"product_tag","embeddable":true,"href":"https:\/\/preprod.lessecretsduchocolat.com\/de\/wp-json\/wp\/v2\/product_tag?post=1026"}],"curies":[{"name":"wp","href":"https:\/\/api.w.org\/{rel}","templated":true}]}}