{"id":1030,"date":"2020-02-25T16:05:42","date_gmt":"2020-02-25T16:05:42","guid":{"rendered":"https:\/\/preprod.lessecretsduchocolat.com\/?product=pate-a-tartiner-la-blonde-250g"},"modified":"2025-08-27T11:22:01","modified_gmt":"2025-08-27T09:22:01","slug":"brotaufstrich-la-blonde-250g","status":"publish","type":"product","link":"https:\/\/preprod.lessecretsduchocolat.com\/de\/product\/brotaufstrich-la-blonde-250g\/","title":{"rendered":"BROTAUFSTRICH LA BLONDE 250G"},"content":{"rendered":"<p data-start=\"260\" data-end=\"432\">La <strong data-start=\"263\" data-end=\"298\">p\u00e2te \u00e0 tartiner La Blonde 250g<\/strong> est une cr\u00e9ation gourmande qui met en valeur la douceur caram\u00e9lis\u00e9e du chocolat blond associ\u00e9e \u00e0 la richesse onctueuse du gianduja.<\/p>\n<p data-start=\"434\" data-end=\"589\">Son go\u00fbt unique provient du <strong data-start=\"462\" data-end=\"480\">chocolat blond<\/strong>, un chocolat blanc subtilement caram\u00e9lis\u00e9, qui apporte des notes chaudes de biscuit et de caramel d\u00e9licat.<\/p>\n<p data-start=\"591\" data-end=\"755\">\u00c0 cette base s\u2019ajoute le gianduja, alliance fondante de chocolat et de noisettes finement travaill\u00e9es, pour une texture soyeuse et un parfum pralin\u00e9 irr\u00e9sistible.<\/p>\n<p data-start=\"757\" data-end=\"906\">En bouche, l\u2019\u00e9quilibre est parfait : douceur sucr\u00e9e, rondeur pralin\u00e9e et fondant incomparable qui font de chaque cuill\u00e8re un pur moment de plaisir.<\/p>\n<p data-start=\"908\" data-end=\"1069\">Sa texture onctueuse permet de l\u2019\u00e9taler facilement sur du pain, des cr\u00eapes ou des gaufres, mais aussi de l\u2019utiliser en p\u00e2tisserie ou comme garniture gourmande.<\/p>\n<p data-start=\"1071\" data-end=\"1222\">Avec son format de <strong data-start=\"1090\" data-end=\"1099\">250g<\/strong>, elle est id\u00e9ale pour d\u00e9couvrir ou red\u00e9couvrir une gourmandise originale, plus subtile qu\u2019une p\u00e2te \u00e0 tartiner classique.<\/p>\n<p data-start=\"1224\" data-end=\"1373\">Cette <strong data-start=\"1230\" data-end=\"1267\">p\u00e2te \u00e0 tartiner au chocolat blond<\/strong> est aussi une excellente id\u00e9e cadeau pour les amateurs de douceurs chocolat\u00e9es originales et raffin\u00e9es.<\/p>\n<p data-start=\"1375\" data-end=\"1515\">Son go\u00fbt singulier s\u00e9duit autant les enfants que les adultes, et transforme un simple instant sucr\u00e9 en une v\u00e9ritable exp\u00e9rience gustative.<\/p>\n<p data-start=\"1517\" data-end=\"1658\">La <strong data-start=\"1520\" data-end=\"1555\">p\u00e2te \u00e0 tartiner La Blonde 250g<\/strong> incarne un \u00e9quilibre parfait entre cr\u00e9ativit\u00e9 et gourmandise, pour varier les plaisirs au quotidien.<\/p>\n<p data-start=\"1660\" data-end=\"1753\">Offrir ou s\u2019offrir ce pot, c\u2019est choisir une gourmandise diff\u00e9rente, \u00e9l\u00e9gante et g\u00e9n\u00e9reuse.<\/p>","protected":false},"excerpt":{"rendered":"<p><strong>Cette p\u00e2te \u00e0 tartiner \u00e0 base de chocolat blond r\u00e9alis\u00e9e par notre chocolati\u00e8re, va \u00e9gayer vos tartines chaque matin ! Notre p\u00e2te \u00e0 tartiner artisanale fera saliver les petits et les grands. P\u00e2te \u00e0 tartiner maison au chocolat blanc caram\u00e9lis\u00e9 confectionn\u00e9e avec des noisettes fran\u00e7aises. Produit sans huile de palme, confectionn\u00e9 par nos chocolatiers \u00e0 Geispolsheim en Alsace.\u00a0\u00a0<\/strong><\/p>","protected":false},"featured_media":707,"template":"","meta":{"_acf_changed":false,"site-sidebar-layout":"default","site-content-layout":"","ast-site-content-layout":"default","site-content-style":"default","site-sidebar-style":"default","ast-global-header-display":"","ast-banner-title-visibility":"","ast-main-header-display":"","ast-hfb-above-header-display":"","ast-hfb-below-header-display":"","ast-hfb-mobile-header-display":"","site-post-title":"","ast-breadcrumbs-content":"","ast-featured-img":"","footer-sml-layout":"","theme-transparent-header-meta":"default","adv-header-id-meta":"","stick-header-meta":"","header-above-stick-meta":"","header-main-stick-meta":"","header-below-stick-meta":"","astra-migrate-meta-layouts":"set","ast-page-background-enabled":"default","ast-page-background-meta":{"desktop":{"background-color":"var(--ast-global-color-4)","background-image":"","background-repeat":"repeat","background-position":"center center","background-size":"auto","background-attachment":"scroll","background-type":"","background-media":"","overlay-type":"","overlay-color":"","overlay-opacity":"","overlay-gradient":""},"tablet":{"background-color":"","background-image":"","background-repeat":"repeat","background-position":"center center","background-size":"auto","background-attachment":"scroll","background-type":"","background-media":"","overlay-type":"","overlay-color":"","overlay-opacity":"","overlay-gradient":""},"mobile":{"background-color":"","background-image":"","background-repeat":"repeat","background-position":"center center","background-size":"auto","background-attachment":"scroll","background-type":"","background-media":"","overlay-type":"","overlay-color":"","overlay-opacity":"","overlay-gradient":""}},"ast-content-background-meta":{"desktop":{"background-color":"var(--ast-global-color-5)","background-image":"","background-repeat":"repeat","background-position":"center center","background-size":"auto","background-attachment":"scroll","background-type":"","background-media":"","overlay-type":"","overlay-color":"","overlay-opacity":"","overlay-gradient":""},"tablet":{"background-color":"var(--ast-global-color-5)","background-image":"","background-repeat":"repeat","background-position":"center center","background-size":"auto","background-attachment":"scroll","background-type":"","background-media":"","overlay-type":"","overlay-color":"","overlay-opacity":"","overlay-gradient":""},"mobile":{"background-color":"var(--ast-global-color-5)","background-image":"","background-repeat":"repeat","background-position":"center center","background-size":"auto","background-attachment":"scroll","background-type":"","background-media":"","overlay-type":"","overlay-color":"","overlay-opacity":"","overlay-gradient":""}},"iawp_total_views":0},"product_brand":[],"product_cat":[105],"product_tag":[],"class_list":{"0":"post-1030","1":"product","2":"type-product","3":"status-publish","4":"has-post-thumbnail","6":"product_cat-pate-a-tartiner","7":"desktop-align-left","8":"tablet-align-left","9":"mobile-align-left","11":"first","12":"outofstock","13":"taxable","14":"shipping-taxable","15":"purchasable","16":"product-type-simple"},"acf":[],"yoast_head":"<!-- This site is optimized with the Yoast SEO plugin v25.9 - https:\/\/yoast.com\/wordpress\/plugins\/seo\/ -->\n<title>Pate \u00e0 tartiner maison la blonde 250G - Mus\u00e9e du chocolat<\/title>\n<meta name=\"description\" content=\"P\u00e2te \u00e0 tartiner La Blonde 250 g : chocolat blond caram\u00e9lis\u00e9 et gianduja noisettes. Une gourmandise onctueuse et originale, parfaite \u00e0 d\u00e9guster ou offrir.\" \/>\n<meta name=\"robots\" content=\"noindex, follow, max-snippet:-1, max-image-preview:large, max-video-preview:-1\" \/>\n<meta property=\"og:locale\" content=\"de_DE\" \/>\n<meta property=\"og:type\" content=\"article\" \/>\n<meta property=\"og:title\" content=\"Pate \u00e0 tartiner maison la blonde 250G - Mus\u00e9e du chocolat\" \/>\n<meta property=\"og:description\" content=\"P\u00e2te \u00e0 tartiner La Blonde 250 g : chocolat blond caram\u00e9lis\u00e9 et gianduja noisettes. Une gourmandise onctueuse et originale, parfaite \u00e0 d\u00e9guster ou offrir.\" \/>\n<meta property=\"og:url\" content=\"https:\/\/preprod.lessecretsduchocolat.com\/de\/product\/brotaufstrich-la-blonde-250g\/\" \/>\n<meta property=\"og:site_name\" content=\"Secrets de Chocolat\" \/>\n<meta property=\"article:modified_time\" content=\"2025-08-27T09:22:01+00:00\" \/>\n<meta property=\"og:image\" content=\"https:\/\/preprod.lessecretsduchocolat.com\/wp-content\/uploads\/2025\/05\/1403.jpg\" \/>\n\t<meta property=\"og:image:width\" content=\"500\" \/>\n\t<meta property=\"og:image:height\" content=\"500\" \/>\n\t<meta property=\"og:image:type\" content=\"image\/jpeg\" \/>\n<meta name=\"twitter:card\" content=\"summary_large_image\" \/>\n<meta name=\"twitter:label1\" content=\"Gesch\u00e4tzte Lesezeit\" \/>\n\t<meta name=\"twitter:data1\" content=\"2\u00a0Minuten\" \/>\n<script type=\"application\/ld+json\" class=\"yoast-schema-graph\">{\"@context\":\"https:\/\/schema.org\",\"@graph\":[{\"@type\":\"WebPage\",\"@id\":\"https:\/\/preprod.lessecretsduchocolat.com\/produit\/pate-a-tartiner-la-blonde-250g\/\",\"url\":\"https:\/\/preprod.lessecretsduchocolat.com\/produit\/pate-a-tartiner-la-blonde-250g\/\",\"name\":\"Pate \u00e0 tartiner maison la blonde 250G - Mus\u00e9e du chocolat\",\"isPartOf\":{\"@id\":\"https:\/\/preprod.lessecretsduchocolat.com\/#website\"},\"primaryImageOfPage\":{\"@id\":\"https:\/\/preprod.lessecretsduchocolat.com\/produit\/pate-a-tartiner-la-blonde-250g\/#primaryimage\"},\"image\":{\"@id\":\"https:\/\/preprod.lessecretsduchocolat.com\/produit\/pate-a-tartiner-la-blonde-250g\/#primaryimage\"},\"thumbnailUrl\":\"https:\/\/preprod.lessecretsduchocolat.com\/wp-content\/uploads\/2025\/05\/1403.jpg\",\"datePublished\":\"2020-02-25T16:05:42+00:00\",\"dateModified\":\"2025-08-27T09:22:01+00:00\",\"description\":\"P\u00e2te \u00e0 tartiner La Blonde 250 g : chocolat blond caram\u00e9lis\u00e9 et gianduja noisettes. Une gourmandise onctueuse et originale, parfaite \u00e0 d\u00e9guster ou offrir.\",\"breadcrumb\":{\"@id\":\"https:\/\/preprod.lessecretsduchocolat.com\/produit\/pate-a-tartiner-la-blonde-250g\/#breadcrumb\"},\"inLanguage\":\"de\",\"potentialAction\":[{\"@type\":\"ReadAction\",\"target\":[\"https:\/\/preprod.lessecretsduchocolat.com\/produit\/pate-a-tartiner-la-blonde-250g\/\"]}]},{\"@type\":\"ImageObject\",\"inLanguage\":\"de\",\"@id\":\"https:\/\/preprod.lessecretsduchocolat.com\/produit\/pate-a-tartiner-la-blonde-250g\/#primaryimage\",\"url\":\"https:\/\/preprod.lessecretsduchocolat.com\/wp-content\/uploads\/2025\/05\/1403.jpg\",\"contentUrl\":\"https:\/\/preprod.lessecretsduchocolat.com\/wp-content\/uploads\/2025\/05\/1403.jpg\",\"width\":500,\"height\":500},{\"@type\":\"BreadcrumbList\",\"@id\":\"https:\/\/preprod.lessecretsduchocolat.com\/produit\/pate-a-tartiner-la-blonde-250g\/#breadcrumb\",\"itemListElement\":[{\"@type\":\"ListItem\",\"position\":1,\"name\":\"Accueil\",\"item\":\"https:\/\/preprod.lessecretsduchocolat.com\/\"},{\"@type\":\"ListItem\",\"position\":2,\"name\":\"Magasin\",\"item\":\"https:\/\/preprod.lessecretsduchocolat.com\/magasin\/\"},{\"@type\":\"ListItem\",\"position\":3,\"name\":\"PATE A TARTINER LA BLONDE 250G\"}]},{\"@type\":\"WebSite\",\"@id\":\"https:\/\/preprod.lessecretsduchocolat.com\/#website\",\"url\":\"https:\/\/preprod.lessecretsduchocolat.com\/\",\"name\":\"Secrets de Chocolat\",\"description\":\"\",\"publisher\":{\"@id\":\"https:\/\/preprod.lessecretsduchocolat.com\/#organization\"},\"potentialAction\":[{\"@type\":\"SearchAction\",\"target\":{\"@type\":\"EntryPoint\",\"urlTemplate\":\"https:\/\/preprod.lessecretsduchocolat.com\/?s={search_term_string}\"},\"query-input\":{\"@type\":\"PropertyValueSpecification\",\"valueRequired\":true,\"valueName\":\"search_term_string\"}}],\"inLanguage\":\"de\"},{\"@type\":\"Organization\",\"@id\":\"https:\/\/preprod.lessecretsduchocolat.com\/#organization\",\"name\":\"Secrets de Chocolat\",\"url\":\"https:\/\/preprod.lessecretsduchocolat.com\/\",\"logo\":{\"@type\":\"ImageObject\",\"inLanguage\":\"de\",\"@id\":\"https:\/\/preprod.lessecretsduchocolat.com\/#\/schema\/logo\/image\/\",\"url\":\"https:\/\/preprod.lessecretsduchocolat.com\/wp-content\/uploads\/2025\/05\/logo.png\",\"contentUrl\":\"https:\/\/preprod.lessecretsduchocolat.com\/wp-content\/uploads\/2025\/05\/logo.png\",\"width\":198,\"height\":85,\"caption\":\"Secrets de Chocolat\"},\"image\":{\"@id\":\"https:\/\/preprod.lessecretsduchocolat.com\/#\/schema\/logo\/image\/\"}}]}<\/script>\n<!-- \/ Yoast SEO plugin. -->","yoast_head_json":{"title":"Hausgemachter Brotaufstrich die Blonde 250G - Schokoladenmuseum","description":"Brotaufstrich La Blonde 250 g: karamellisierte blonde Schokolade und Haselnuss-Gianduja. Eine cremige und originelle Leckerei, perfekt zum Genie\u00dfen oder Verschenken.","robots":{"index":"noindex","follow":"follow","max-snippet":"max-snippet:-1","max-image-preview":"max-image-preview:large","max-video-preview":"max-video-preview:-1"},"og_locale":"de_DE","og_type":"article","og_title":"Pate \u00e0 tartiner maison la blonde 250G - Mus\u00e9e du chocolat","og_description":"P\u00e2te \u00e0 tartiner La Blonde 250 g : chocolat blond caram\u00e9lis\u00e9 et gianduja noisettes. Une gourmandise onctueuse et originale, parfaite \u00e0 d\u00e9guster ou offrir.","og_url":"https:\/\/preprod.lessecretsduchocolat.com\/de\/product\/brotaufstrich-la-blonde-250g\/","og_site_name":"Secrets de Chocolat","article_modified_time":"2025-08-27T09:22:01+00:00","og_image":[{"width":500,"height":500,"url":"https:\/\/preprod.lessecretsduchocolat.com\/wp-content\/uploads\/2025\/05\/1403.jpg","type":"image\/jpeg"}],"twitter_card":"summary_large_image","twitter_misc":{"Gesch\u00e4tzte Lesezeit":"2\u00a0Minuten"},"schema":{"@context":"https:\/\/schema.org","@graph":[{"@type":"WebPage","@id":"https:\/\/preprod.lessecretsduchocolat.com\/produit\/pate-a-tartiner-la-blonde-250g\/","url":"https:\/\/preprod.lessecretsduchocolat.com\/produit\/pate-a-tartiner-la-blonde-250g\/","name":"Hausgemachter Brotaufstrich die Blonde 250G - Schokoladenmuseum","isPartOf":{"@id":"https:\/\/preprod.lessecretsduchocolat.com\/#website"},"primaryImageOfPage":{"@id":"https:\/\/preprod.lessecretsduchocolat.com\/produit\/pate-a-tartiner-la-blonde-250g\/#primaryimage"},"image":{"@id":"https:\/\/preprod.lessecretsduchocolat.com\/produit\/pate-a-tartiner-la-blonde-250g\/#primaryimage"},"thumbnailUrl":"https:\/\/preprod.lessecretsduchocolat.com\/wp-content\/uploads\/2025\/05\/1403.jpg","datePublished":"2020-02-25T16:05:42+00:00","dateModified":"2025-08-27T09:22:01+00:00","description":"Brotaufstrich La Blonde 250 g: karamellisierte blonde Schokolade und Haselnuss-Gianduja. Eine cremige und originelle Leckerei, perfekt zum Genie\u00dfen oder Verschenken.","breadcrumb":{"@id":"https:\/\/preprod.lessecretsduchocolat.com\/produit\/pate-a-tartiner-la-blonde-250g\/#breadcrumb"},"inLanguage":"de","potentialAction":[{"@type":"ReadAction","target":["https:\/\/preprod.lessecretsduchocolat.com\/produit\/pate-a-tartiner-la-blonde-250g\/"]}]},{"@type":"ImageObject","inLanguage":"de","@id":"https:\/\/preprod.lessecretsduchocolat.com\/produit\/pate-a-tartiner-la-blonde-250g\/#primaryimage","url":"https:\/\/preprod.lessecretsduchocolat.com\/wp-content\/uploads\/2025\/05\/1403.jpg","contentUrl":"https:\/\/preprod.lessecretsduchocolat.com\/wp-content\/uploads\/2025\/05\/1403.jpg","width":500,"height":500},{"@type":"BreadcrumbList","@id":"https:\/\/preprod.lessecretsduchocolat.com\/produit\/pate-a-tartiner-la-blonde-250g\/#breadcrumb","itemListElement":[{"@type":"ListItem","position":1,"name":"Accueil","item":"https:\/\/preprod.lessecretsduchocolat.com\/"},{"@type":"ListItem","position":2,"name":"Magasin","item":"https:\/\/preprod.lessecretsduchocolat.com\/magasin\/"},{"@type":"ListItem","position":3,"name":"PATE A TARTINER LA BLONDE 250G"}]},{"@type":"WebSite","@id":"https:\/\/preprod.lessecretsduchocolat.com\/#website","url":"https:\/\/preprod.lessecretsduchocolat.com\/","name":"Secrets de Chocolat (Schokoladengeheimnisse)","description":"","publisher":{"@id":"https:\/\/preprod.lessecretsduchocolat.com\/#organization"},"potentialAction":[{"@type":"SearchAction","target":{"@type":"EntryPoint","urlTemplate":"https:\/\/preprod.lessecretsduchocolat.com\/?s={search_term_string}"},"query-input":{"@type":"PropertyValueSpecification","valueRequired":true,"valueName":"search_term_string"}}],"inLanguage":"de"},{"@type":"Organization","@id":"https:\/\/preprod.lessecretsduchocolat.com\/#organization","name":"Secrets de Chocolat (Schokoladengeheimnisse)","url":"https:\/\/preprod.lessecretsduchocolat.com\/","logo":{"@type":"ImageObject","inLanguage":"de","@id":"https:\/\/preprod.lessecretsduchocolat.com\/#\/schema\/logo\/image\/","url":"https:\/\/preprod.lessecretsduchocolat.com\/wp-content\/uploads\/2025\/05\/logo.png","contentUrl":"https:\/\/preprod.lessecretsduchocolat.com\/wp-content\/uploads\/2025\/05\/logo.png","width":198,"height":85,"caption":"Secrets de Chocolat"},"image":{"@id":"https:\/\/preprod.lessecretsduchocolat.com\/#\/schema\/logo\/image\/"}}]}},"_links":{"self":[{"href":"https:\/\/preprod.lessecretsduchocolat.com\/de\/wp-json\/wp\/v2\/product\/1030","targetHints":{"allow":["GET"]}}],"collection":[{"href":"https:\/\/preprod.lessecretsduchocolat.com\/de\/wp-json\/wp\/v2\/product"}],"about":[{"href":"https:\/\/preprod.lessecretsduchocolat.com\/de\/wp-json\/wp\/v2\/types\/product"}],"version-history":[{"count":2,"href":"https:\/\/preprod.lessecretsduchocolat.com\/de\/wp-json\/wp\/v2\/product\/1030\/revisions"}],"predecessor-version":[{"id":4072,"href":"https:\/\/preprod.lessecretsduchocolat.com\/de\/wp-json\/wp\/v2\/product\/1030\/revisions\/4072"}],"wp:featuredmedia":[{"embeddable":true,"href":"https:\/\/preprod.lessecretsduchocolat.com\/de\/wp-json\/wp\/v2\/media\/707"}],"wp:attachment":[{"href":"https:\/\/preprod.lessecretsduchocolat.com\/de\/wp-json\/wp\/v2\/media?parent=1030"}],"wp:term":[{"taxonomy":"product_brand","embeddable":true,"href":"https:\/\/preprod.lessecretsduchocolat.com\/de\/wp-json\/wp\/v2\/product_brand?post=1030"},{"taxonomy":"product_cat","embeddable":true,"href":"https:\/\/preprod.lessecretsduchocolat.com\/de\/wp-json\/wp\/v2\/product_cat?post=1030"},{"taxonomy":"product_tag","embeddable":true,"href":"https:\/\/preprod.lessecretsduchocolat.com\/de\/wp-json\/wp\/v2\/product_tag?post=1030"}],"curies":[{"name":"wp","href":"https:\/\/api.w.org\/{rel}","templated":true}]}}