{"id":1034,"date":"2020-02-25T16:05:42","date_gmt":"2020-02-25T16:05:42","guid":{"rendered":"https:\/\/preprod.lessecretsduchocolat.com\/?product=coffret-de-the-bon-voyage"},"modified":"2025-08-27T11:25:09","modified_gmt":"2025-08-27T09:25:09","slug":"box-de-the-bon-voyage","status":"publish","type":"product","link":"https:\/\/preprod.lessecretsduchocolat.com\/de\/product\/box-de-the-bon-voyage\/","title":{"rendered":"Box \"Bon Voyage Gourmand Th\u00e9s\" (Gute Reise Gourmet-Tees)"},"content":{"rendered":"<p data-start=\"182\" data-end=\"258\"><span class=\"relative -mx-px my-[-0.2rem] rounded px-px py-[0.2rem] transition-colors duration-100 ease-in-out\">Le <strong data-start=\"3\" data-end=\"43\">Box \"Bon Voyage Gourmand Th\u00e9s\" (Gute Reise Gourmet-Tees)<\/strong> offre un assortiment de <strong data-start=\"68\" data-end=\"82\">20 sachets<\/strong>, r\u00e9partis en <strong data-start=\"96\" data-end=\"120\">4 recettes iconiques<\/strong>, disponibles en 5 sachets chacun<\/span> :<\/p>\n<ul data-start=\"260\" data-end=\"585\">\n<li data-start=\"260\" data-end=\"340\">\n<p data-start=\"262\" data-end=\"340\"><span class=\"relative -mx-px my-[-0.2rem] rounded px-px py-[0.2rem] transition-colors duration-100 ease-in-out\"><strong data-start=\"0\" data-end=\"14\" data-is-only-node=\"\">Japan Lime<\/strong> : un th\u00e9 vert frais aux notes acidul\u00e9es de citron et citron vert, id\u00e9al d\u00e8s le matin ou pour accompagner une pause rafra\u00eechissante<\/span><\/p>\n<\/li>\n<li data-start=\"341\" data-end=\"421\">\n<p data-start=\"343\" data-end=\"421\"><span class=\"relative -mx-px my-[-0.2rem] rounded px-px py-[0.2rem] transition-colors duration-100 ease-in-out\"><strong data-start=\"0\" data-end=\"30\" data-is-only-node=\"\">Oolong Caramel Beurre Sal\u00e9<\/strong> : un oolong soyeux enrichi de morceaux de caramel au beurre sal\u00e9 et de petits papillons sucr\u00e9s, pour une tasse r\u00e9confortante et gourmande<\/span><\/p>\n<\/li>\n<li data-start=\"422\" data-end=\"502\">\n<p data-start=\"424\" data-end=\"502\"><span class=\"relative -mx-px my-[-0.2rem] rounded px-px py-[0.2rem] transition-colors duration-100 ease-in-out\"><strong data-start=\"0\" data-end=\"21\" data-is-only-node=\"\">Christophe Colomb<\/strong> : un th\u00e9 noir fruit\u00e9, aux rappels d\u00e9licats de fraise, groseille et rose, cr\u00e9e une exp\u00e9rience \u00e9l\u00e9gante et l\u00e9g\u00e8re<\/span><\/p>\n<\/li>\n<li data-start=\"503\" data-end=\"585\">\n<p data-start=\"505\" data-end=\"585\"><span class=\"relative -mx-px my-[-0.2rem] rounded px-px py-[0.2rem] transition-colors duration-100 ease-in-out\"><strong data-start=\"0\" data-end=\"20\" data-is-only-node=\"\">Th\u00e9 des Amoureux<\/strong> : un m\u00e9lange tendre de th\u00e9 vert et th\u00e9 noir m\u00eal\u00e9 de fruits exotiques et d\u2019oranges, parfait pour un moment de bien-\u00eatre gourmet<\/span><\/p>\n<\/li>\n<\/ul>\n<p data-start=\"587\" data-end=\"718\">Chaque sachet garantit une infusion aromatique fid\u00e8le aux saveurs originales, tout en offrant une d\u00e9gustation pratique et agr\u00e9able.<\/p>\n<p data-start=\"1462\" data-end=\"1601\">Ce coffret est id\u00e9al comme <strong data-start=\"1489\" data-end=\"1511\">petit cadeau pens\u00e9<\/strong> : discret, raffin\u00e9, facile \u00e0 glisser dans un sac ou \u00e0 offrir pour un geste attentionn\u00e9.<\/p>\n<p data-start=\"1603\" data-end=\"1749\">Il s\u2019invite \u00e0 toutes les occasions : remerciements, invitations \u00e0 d\u00eener, c\u00e9l\u00e9brations simples ou pauses pens\u00e9es autour d\u2019un bon moment gourmand.<\/p>\n<p data-start=\"1751\" data-end=\"1970\">Le <strong data-start=\"1754\" data-end=\"1792\">Coffret Bon Voyage Gourmand \u2014 Th\u00e9s<\/strong> est une v\u00e9ritable invitation \u00e0 explorer des saveurs vari\u00e9es et \u00e0 voyager depuis sa tasse. Il s\u00e9duira autant les connaisseurs que les curieux en qu\u00eate de d\u00e9couvertes parfum\u00e9es.<\/p>\n<p data-start=\"1005\" data-end=\"1143\">","protected":false},"excerpt":{"rendered":"<p>Cet assortiment de 4 th\u00e9s vous fait voyager de l&rsquo;Asie \u00e0 l&rsquo;Am\u00e9rique du Sud : Japan Lime, Oolong caramel beurre sal\u00e9, Christophe Colomb et Th\u00e9 des Amoureux. Savourez ces m\u00e9langes de plantes, de fleurs et de fruits.<\/p>","protected":false},"featured_media":719,"template":"","meta":{"_acf_changed":false,"site-sidebar-layout":"default","site-content-layout":"","ast-site-content-layout":"default","site-content-style":"default","site-sidebar-style":"default","ast-global-header-display":"","ast-banner-title-visibility":"","ast-main-header-display":"","ast-hfb-above-header-display":"","ast-hfb-below-header-display":"","ast-hfb-mobile-header-display":"","site-post-title":"","ast-breadcrumbs-content":"","ast-featured-img":"","footer-sml-layout":"","theme-transparent-header-meta":"default","adv-header-id-meta":"","stick-header-meta":"","header-above-stick-meta":"","header-main-stick-meta":"","header-below-stick-meta":"","astra-migrate-meta-layouts":"set","ast-page-background-enabled":"default","ast-page-background-meta":{"desktop":{"background-color":"var(--ast-global-color-4)","background-image":"","background-repeat":"repeat","background-position":"center center","background-size":"auto","background-attachment":"scroll","background-type":"","background-media":"","overlay-type":"","overlay-color":"","overlay-opacity":"","overlay-gradient":""},"tablet":{"background-color":"","background-image":"","background-repeat":"repeat","background-position":"center center","background-size":"auto","background-attachment":"scroll","background-type":"","background-media":"","overlay-type":"","overlay-color":"","overlay-opacity":"","overlay-gradient":""},"mobile":{"background-color":"","background-image":"","background-repeat":"repeat","background-position":"center center","background-size":"auto","background-attachment":"scroll","background-type":"","background-media":"","overlay-type":"","overlay-color":"","overlay-opacity":"","overlay-gradient":""}},"ast-content-background-meta":{"desktop":{"background-color":"var(--ast-global-color-5)","background-image":"","background-repeat":"repeat","background-position":"center center","background-size":"auto","background-attachment":"scroll","background-type":"","background-media":"","overlay-type":"","overlay-color":"","overlay-opacity":"","overlay-gradient":""},"tablet":{"background-color":"var(--ast-global-color-5)","background-image":"","background-repeat":"repeat","background-position":"center center","background-size":"auto","background-attachment":"scroll","background-type":"","background-media":"","overlay-type":"","overlay-color":"","overlay-opacity":"","overlay-gradient":""},"mobile":{"background-color":"var(--ast-global-color-5)","background-image":"","background-repeat":"repeat","background-position":"center center","background-size":"auto","background-attachment":"scroll","background-type":"","background-media":"","overlay-type":"","overlay-color":"","overlay-opacity":"","overlay-gradient":""}},"iawp_total_views":0},"product_brand":[],"product_cat":[139],"product_tag":[],"class_list":{"0":"post-1034","1":"product","2":"type-product","3":"status-publish","4":"has-post-thumbnail","6":"product_cat-coffrets-chocolat","7":"desktop-align-left","8":"tablet-align-left","9":"mobile-align-left","11":"first","12":"outofstock","13":"taxable","14":"shipping-taxable","15":"purchasable","16":"product-type-simple"},"acf":[],"yoast_head":"<!-- This site is optimized with the Yoast SEO plugin v25.9 - https:\/\/yoast.com\/wordpress\/plugins\/seo\/ -->\n<title>Le Coffret &quot;Bon Voyage Gourmand Th\u00e9s&quot;<\/title>\n<meta name=\"description\" content=\"Coffret &quot;Bon Voyage Gourmand Th\u00e9s&quot; : 20 sachets de 4 th\u00e9s vari\u00e9s (Japan Lime, Oolong Caramel, Christophe Colomb, Th\u00e9 des Amoureux) pour une pause raffin\u00e9e.\" \/>\n<meta name=\"robots\" content=\"noindex, follow, max-snippet:-1, max-image-preview:large, max-video-preview:-1\" \/>\n<meta property=\"og:locale\" content=\"de_DE\" \/>\n<meta property=\"og:type\" content=\"article\" \/>\n<meta property=\"og:title\" content=\"Le Coffret &quot;Bon Voyage Gourmand Th\u00e9s&quot;\" \/>\n<meta property=\"og:description\" content=\"Coffret &quot;Bon Voyage Gourmand Th\u00e9s&quot; : 20 sachets de 4 th\u00e9s vari\u00e9s (Japan Lime, Oolong Caramel, Christophe Colomb, Th\u00e9 des Amoureux) pour une pause raffin\u00e9e.\" \/>\n<meta property=\"og:url\" content=\"https:\/\/preprod.lessecretsduchocolat.com\/de\/product\/box-de-the-bon-voyage\/\" \/>\n<meta property=\"og:site_name\" content=\"Secrets de Chocolat\" \/>\n<meta property=\"article:modified_time\" content=\"2025-08-27T09:25:09+00:00\" \/>\n<meta property=\"og:image\" content=\"https:\/\/preprod.lessecretsduchocolat.com\/wp-content\/uploads\/2025\/05\/308.jpg\" \/>\n\t<meta property=\"og:image:width\" content=\"500\" \/>\n\t<meta property=\"og:image:height\" content=\"500\" \/>\n\t<meta property=\"og:image:type\" content=\"image\/jpeg\" \/>\n<meta name=\"twitter:card\" content=\"summary_large_image\" \/>\n<meta name=\"twitter:label1\" content=\"Gesch\u00e4tzte Lesezeit\" \/>\n\t<meta name=\"twitter:data1\" content=\"2\u00a0Minuten\" \/>\n<script type=\"application\/ld+json\" class=\"yoast-schema-graph\">{\"@context\":\"https:\/\/schema.org\",\"@graph\":[{\"@type\":\"WebPage\",\"@id\":\"https:\/\/preprod.lessecretsduchocolat.com\/produit\/coffret-de-the-bon-voyage\/\",\"url\":\"https:\/\/preprod.lessecretsduchocolat.com\/produit\/coffret-de-the-bon-voyage\/\",\"name\":\"Le Coffret \\\"Bon Voyage Gourmand Th\u00e9s\\\"\",\"isPartOf\":{\"@id\":\"https:\/\/preprod.lessecretsduchocolat.com\/#website\"},\"primaryImageOfPage\":{\"@id\":\"https:\/\/preprod.lessecretsduchocolat.com\/produit\/coffret-de-the-bon-voyage\/#primaryimage\"},\"image\":{\"@id\":\"https:\/\/preprod.lessecretsduchocolat.com\/produit\/coffret-de-the-bon-voyage\/#primaryimage\"},\"thumbnailUrl\":\"https:\/\/preprod.lessecretsduchocolat.com\/wp-content\/uploads\/2025\/05\/308.jpg\",\"datePublished\":\"2020-02-25T16:05:42+00:00\",\"dateModified\":\"2025-08-27T09:25:09+00:00\",\"description\":\"Coffret \\\"Bon Voyage Gourmand Th\u00e9s\\\" : 20 sachets de 4 th\u00e9s vari\u00e9s (Japan Lime, Oolong Caramel, Christophe Colomb, Th\u00e9 des Amoureux) pour une pause raffin\u00e9e.\",\"breadcrumb\":{\"@id\":\"https:\/\/preprod.lessecretsduchocolat.com\/produit\/coffret-de-the-bon-voyage\/#breadcrumb\"},\"inLanguage\":\"de\",\"potentialAction\":[{\"@type\":\"ReadAction\",\"target\":[\"https:\/\/preprod.lessecretsduchocolat.com\/produit\/coffret-de-the-bon-voyage\/\"]}]},{\"@type\":\"ImageObject\",\"inLanguage\":\"de\",\"@id\":\"https:\/\/preprod.lessecretsduchocolat.com\/produit\/coffret-de-the-bon-voyage\/#primaryimage\",\"url\":\"https:\/\/preprod.lessecretsduchocolat.com\/wp-content\/uploads\/2025\/05\/308.jpg\",\"contentUrl\":\"https:\/\/preprod.lessecretsduchocolat.com\/wp-content\/uploads\/2025\/05\/308.jpg\",\"width\":500,\"height\":500},{\"@type\":\"BreadcrumbList\",\"@id\":\"https:\/\/preprod.lessecretsduchocolat.com\/produit\/coffret-de-the-bon-voyage\/#breadcrumb\",\"itemListElement\":[{\"@type\":\"ListItem\",\"position\":1,\"name\":\"Accueil\",\"item\":\"https:\/\/preprod.lessecretsduchocolat.com\/\"},{\"@type\":\"ListItem\",\"position\":2,\"name\":\"Magasin\",\"item\":\"https:\/\/preprod.lessecretsduchocolat.com\/magasin\/\"},{\"@type\":\"ListItem\",\"position\":3,\"name\":\"Coffret \u00ab\u00a0Bon Voyage Gourmand Th\u00e9s\u00a0\u00bb\"}]},{\"@type\":\"WebSite\",\"@id\":\"https:\/\/preprod.lessecretsduchocolat.com\/#website\",\"url\":\"https:\/\/preprod.lessecretsduchocolat.com\/\",\"name\":\"Secrets de Chocolat\",\"description\":\"\",\"publisher\":{\"@id\":\"https:\/\/preprod.lessecretsduchocolat.com\/#organization\"},\"potentialAction\":[{\"@type\":\"SearchAction\",\"target\":{\"@type\":\"EntryPoint\",\"urlTemplate\":\"https:\/\/preprod.lessecretsduchocolat.com\/?s={search_term_string}\"},\"query-input\":{\"@type\":\"PropertyValueSpecification\",\"valueRequired\":true,\"valueName\":\"search_term_string\"}}],\"inLanguage\":\"de\"},{\"@type\":\"Organization\",\"@id\":\"https:\/\/preprod.lessecretsduchocolat.com\/#organization\",\"name\":\"Secrets de Chocolat\",\"url\":\"https:\/\/preprod.lessecretsduchocolat.com\/\",\"logo\":{\"@type\":\"ImageObject\",\"inLanguage\":\"de\",\"@id\":\"https:\/\/preprod.lessecretsduchocolat.com\/#\/schema\/logo\/image\/\",\"url\":\"https:\/\/preprod.lessecretsduchocolat.com\/wp-content\/uploads\/2025\/05\/logo.png\",\"contentUrl\":\"https:\/\/preprod.lessecretsduchocolat.com\/wp-content\/uploads\/2025\/05\/logo.png\",\"width\":198,\"height\":85,\"caption\":\"Secrets de Chocolat\"},\"image\":{\"@id\":\"https:\/\/preprod.lessecretsduchocolat.com\/#\/schema\/logo\/image\/\"}}]}<\/script>\n<!-- \/ Yoast SEO plugin. -->","yoast_head_json":{"title":"Die Geschenkpackung \"Bon Voyage Gourmand Th\u00e9s\".","description":"Geschenkset \"Bon Voyage Gourmand Th\u00e9s\": 20 Beutel mit 4 verschiedenen Tees (Japan Lime, Oolong Caramel, Christophe Colomb, Th\u00e9 des Amoureux) f\u00fcr eine raffinierte Pause.","robots":{"index":"noindex","follow":"follow","max-snippet":"max-snippet:-1","max-image-preview":"max-image-preview:large","max-video-preview":"max-video-preview:-1"},"og_locale":"de_DE","og_type":"article","og_title":"Le Coffret \"Bon Voyage Gourmand Th\u00e9s\"","og_description":"Coffret \"Bon Voyage Gourmand Th\u00e9s\" : 20 sachets de 4 th\u00e9s vari\u00e9s (Japan Lime, Oolong Caramel, Christophe Colomb, Th\u00e9 des Amoureux) pour une pause raffin\u00e9e.","og_url":"https:\/\/preprod.lessecretsduchocolat.com\/de\/product\/box-de-the-bon-voyage\/","og_site_name":"Secrets de Chocolat","article_modified_time":"2025-08-27T09:25:09+00:00","og_image":[{"width":500,"height":500,"url":"https:\/\/preprod.lessecretsduchocolat.com\/wp-content\/uploads\/2025\/05\/308.jpg","type":"image\/jpeg"}],"twitter_card":"summary_large_image","twitter_misc":{"Gesch\u00e4tzte Lesezeit":"2\u00a0Minuten"},"schema":{"@context":"https:\/\/schema.org","@graph":[{"@type":"WebPage","@id":"https:\/\/preprod.lessecretsduchocolat.com\/produit\/coffret-de-the-bon-voyage\/","url":"https:\/\/preprod.lessecretsduchocolat.com\/produit\/coffret-de-the-bon-voyage\/","name":"Die Geschenkpackung \"Bon Voyage Gourmand Th\u00e9s\".","isPartOf":{"@id":"https:\/\/preprod.lessecretsduchocolat.com\/#website"},"primaryImageOfPage":{"@id":"https:\/\/preprod.lessecretsduchocolat.com\/produit\/coffret-de-the-bon-voyage\/#primaryimage"},"image":{"@id":"https:\/\/preprod.lessecretsduchocolat.com\/produit\/coffret-de-the-bon-voyage\/#primaryimage"},"thumbnailUrl":"https:\/\/preprod.lessecretsduchocolat.com\/wp-content\/uploads\/2025\/05\/308.jpg","datePublished":"2020-02-25T16:05:42+00:00","dateModified":"2025-08-27T09:25:09+00:00","description":"Geschenkset \"Bon Voyage Gourmand Th\u00e9s\": 20 Beutel mit 4 verschiedenen Tees (Japan Lime, Oolong Caramel, Christophe Colomb, Th\u00e9 des Amoureux) f\u00fcr eine raffinierte Pause.","breadcrumb":{"@id":"https:\/\/preprod.lessecretsduchocolat.com\/produit\/coffret-de-the-bon-voyage\/#breadcrumb"},"inLanguage":"de","potentialAction":[{"@type":"ReadAction","target":["https:\/\/preprod.lessecretsduchocolat.com\/produit\/coffret-de-the-bon-voyage\/"]}]},{"@type":"ImageObject","inLanguage":"de","@id":"https:\/\/preprod.lessecretsduchocolat.com\/produit\/coffret-de-the-bon-voyage\/#primaryimage","url":"https:\/\/preprod.lessecretsduchocolat.com\/wp-content\/uploads\/2025\/05\/308.jpg","contentUrl":"https:\/\/preprod.lessecretsduchocolat.com\/wp-content\/uploads\/2025\/05\/308.jpg","width":500,"height":500},{"@type":"BreadcrumbList","@id":"https:\/\/preprod.lessecretsduchocolat.com\/produit\/coffret-de-the-bon-voyage\/#breadcrumb","itemListElement":[{"@type":"ListItem","position":1,"name":"Accueil","item":"https:\/\/preprod.lessecretsduchocolat.com\/"},{"@type":"ListItem","position":2,"name":"Magasin","item":"https:\/\/preprod.lessecretsduchocolat.com\/magasin\/"},{"@type":"ListItem","position":3,"name":"Coffret \u00ab\u00a0Bon Voyage Gourmand Th\u00e9s\u00a0\u00bb"}]},{"@type":"WebSite","@id":"https:\/\/preprod.lessecretsduchocolat.com\/#website","url":"https:\/\/preprod.lessecretsduchocolat.com\/","name":"Secrets de Chocolat (Schokoladengeheimnisse)","description":"","publisher":{"@id":"https:\/\/preprod.lessecretsduchocolat.com\/#organization"},"potentialAction":[{"@type":"SearchAction","target":{"@type":"EntryPoint","urlTemplate":"https:\/\/preprod.lessecretsduchocolat.com\/?s={search_term_string}"},"query-input":{"@type":"PropertyValueSpecification","valueRequired":true,"valueName":"search_term_string"}}],"inLanguage":"de"},{"@type":"Organization","@id":"https:\/\/preprod.lessecretsduchocolat.com\/#organization","name":"Secrets de Chocolat (Schokoladengeheimnisse)","url":"https:\/\/preprod.lessecretsduchocolat.com\/","logo":{"@type":"ImageObject","inLanguage":"de","@id":"https:\/\/preprod.lessecretsduchocolat.com\/#\/schema\/logo\/image\/","url":"https:\/\/preprod.lessecretsduchocolat.com\/wp-content\/uploads\/2025\/05\/logo.png","contentUrl":"https:\/\/preprod.lessecretsduchocolat.com\/wp-content\/uploads\/2025\/05\/logo.png","width":198,"height":85,"caption":"Secrets de Chocolat"},"image":{"@id":"https:\/\/preprod.lessecretsduchocolat.com\/#\/schema\/logo\/image\/"}}]}},"_links":{"self":[{"href":"https:\/\/preprod.lessecretsduchocolat.com\/de\/wp-json\/wp\/v2\/product\/1034","targetHints":{"allow":["GET"]}}],"collection":[{"href":"https:\/\/preprod.lessecretsduchocolat.com\/de\/wp-json\/wp\/v2\/product"}],"about":[{"href":"https:\/\/preprod.lessecretsduchocolat.com\/de\/wp-json\/wp\/v2\/types\/product"}],"version-history":[{"count":3,"href":"https:\/\/preprod.lessecretsduchocolat.com\/de\/wp-json\/wp\/v2\/product\/1034\/revisions"}],"predecessor-version":[{"id":4070,"href":"https:\/\/preprod.lessecretsduchocolat.com\/de\/wp-json\/wp\/v2\/product\/1034\/revisions\/4070"}],"wp:featuredmedia":[{"embeddable":true,"href":"https:\/\/preprod.lessecretsduchocolat.com\/de\/wp-json\/wp\/v2\/media\/719"}],"wp:attachment":[{"href":"https:\/\/preprod.lessecretsduchocolat.com\/de\/wp-json\/wp\/v2\/media?parent=1034"}],"wp:term":[{"taxonomy":"product_brand","embeddable":true,"href":"https:\/\/preprod.lessecretsduchocolat.com\/de\/wp-json\/wp\/v2\/product_brand?post=1034"},{"taxonomy":"product_cat","embeddable":true,"href":"https:\/\/preprod.lessecretsduchocolat.com\/de\/wp-json\/wp\/v2\/product_cat?post=1034"},{"taxonomy":"product_tag","embeddable":true,"href":"https:\/\/preprod.lessecretsduchocolat.com\/de\/wp-json\/wp\/v2\/product_tag?post=1034"}],"curies":[{"name":"wp","href":"https:\/\/api.w.org\/{rel}","templated":true}]}}