{"id":1035,"date":"2020-02-25T16:05:42","date_gmt":"2020-02-25T16:05:42","guid":{"rendered":"https:\/\/preprod.lessecretsduchocolat.com\/?product=coffret-d-infusion-bon-voyage"},"modified":"2025-08-27T11:15:51","modified_gmt":"2025-08-27T09:15:51","slug":"aufgussset-bon-voyage","status":"publish","type":"product","link":"https:\/\/preprod.lessecretsduchocolat.com\/de\/product\/aufgussset-bon-voyage\/","title":{"rendered":"Geschenkpackung \"Bon Voyage Gourmand - Kr\u00e4utertee\"."},"content":{"rendered":"<p data-start=\"181\" data-end=\"258\"><span class=\"relative -mx-px my-[-0.2rem] rounded px-px py-[0.2rem] transition-colors duration-100 ease-in-out\">Le <strong data-start=\"3\" data-end=\"48\">Geschenkpackung \"Bon Voyage Gourmand - Kr\u00e4utertee\".<\/strong> propose un assortiment de <strong data-start=\"75\" data-end=\"89\">20 sachets<\/strong>, r\u00e9partis en <strong data-start=\"103\" data-end=\"127\">4 recettes signature<\/strong> (5 sachets chacune) :<\/span><\/p>\n<ul>\n<li data-start=\"260\" data-end=\"337\"><span class=\"relative -mx-px my-[-0.2rem] rounded px-px py-[0.2rem] transition-colors duration-100 ease-in-out\"><strong data-start=\"10\" data-end=\"23\">Zan D\u00e9tox<\/strong>, une infusion mat\u00e9 et th\u00e9 vert aux notes d\u2019agrumes et citronnelle, id\u00e9ale en digestion ou pour une pause tonique <\/span><\/li>\n<li data-start=\"260\" data-end=\"337\"><strong style=\"font-size: 16px;\" data-start=\"339\" data-end=\"355\">Nectar Royal<\/strong><span style=\"font-size: 16px;\">, un m\u00e9lange fruit\u00e9 d\u2019hibiscus, pomme, cassis et p\u00e9tales floraux, riche en ar\u00f4mes gourmands \u00e0 savourer chaud ou glac\u00e9<\/span><\/li>\n<li data-start=\"260\" data-end=\"337\"><strong style=\"font-size: 16px;\" data-start=\"515\" data-end=\"536\">Pomme Fra\u00eeche BIO<\/strong><span style=\"font-size: 16px;\">, infusion l\u00e9g\u00e8re et fruit\u00e9e m\u00ealant pomme, menthe et bleuet, certifi\u00e9e bio <\/span><\/li>\n<li data-start=\"260\" data-end=\"337\"><strong data-start=\"3\" data-end=\"27\">Tendre Gingembre BIO<\/strong>, une cr\u00e9ation vivifiante o\u00f9 la chaleur du gingembre se marie \u00e0 la douceur de la rose, naturellement bio \u00e9galement<\/li>\n<\/ul>\n<p data-start=\"732\" data-end=\"872\">Chaque sachet s&rsquo;infuse ais\u00e9ment, lib\u00e9rant des saveurs \u00e9quilibr\u00e9es et g\u00e9n\u00e9reuses, parfaites \u00e0 tout moment de la journ\u00e9e ou en pause d\u00e9tente.<\/p>\n<p data-start=\"874\" data-end=\"988\">Son format compact est id\u00e9al comme petit cadeau : d\u00e9licat, attentionn\u00e9 et pr\u00eat \u00e0 surprendre, sans \u00eatre excessif.<\/p>\n<p data-start=\"990\" data-end=\"1124\">Pensez \u00e0 offrir le <span class=\"relative -mx-px my-[-0.2rem] rounded px-px py-[0.2rem] transition-colors duration-100 ease-in-out\"><strong data-start=\"3\" data-end=\"48\">Geschenkpackung \"Bon Voyage Gourmand - Kr\u00e4utertee\".<\/strong><\/span> lors d\u2019un d\u00eener d\u2019amis, pour un invit\u00e9 ou juste pour \u00e9gayer une fin de journ\u00e9e par une touche fruit\u00e9e et parfum\u00e9e.<\/p>","protected":false},"excerpt":{"rendered":"<p><strong>Relaxez-vous autour de ces 4 infusions ressour\u00e7antes, aux m\u00e9langes \u00e9tonnants et d\u00e9licieux : Zan Detox, Nectar Royal, Pomme fra\u00eeche Bio et Tendre gingembre Bio.<\/strong><\/p>","protected":false},"featured_media":722,"template":"","meta":{"_acf_changed":false,"site-sidebar-layout":"default","site-content-layout":"","ast-site-content-layout":"default","site-content-style":"default","site-sidebar-style":"default","ast-global-header-display":"","ast-banner-title-visibility":"","ast-main-header-display":"","ast-hfb-above-header-display":"","ast-hfb-below-header-display":"","ast-hfb-mobile-header-display":"","site-post-title":"","ast-breadcrumbs-content":"","ast-featured-img":"","footer-sml-layout":"","theme-transparent-header-meta":"default","adv-header-id-meta":"","stick-header-meta":"","header-above-stick-meta":"","header-main-stick-meta":"","header-below-stick-meta":"","astra-migrate-meta-layouts":"set","ast-page-background-enabled":"default","ast-page-background-meta":{"desktop":{"background-color":"var(--ast-global-color-4)","background-image":"","background-repeat":"repeat","background-position":"center center","background-size":"auto","background-attachment":"scroll","background-type":"","background-media":"","overlay-type":"","overlay-color":"","overlay-opacity":"","overlay-gradient":""},"tablet":{"background-color":"","background-image":"","background-repeat":"repeat","background-position":"center center","background-size":"auto","background-attachment":"scroll","background-type":"","background-media":"","overlay-type":"","overlay-color":"","overlay-opacity":"","overlay-gradient":""},"mobile":{"background-color":"","background-image":"","background-repeat":"repeat","background-position":"center center","background-size":"auto","background-attachment":"scroll","background-type":"","background-media":"","overlay-type":"","overlay-color":"","overlay-opacity":"","overlay-gradient":""}},"ast-content-background-meta":{"desktop":{"background-color":"var(--ast-global-color-5)","background-image":"","background-repeat":"repeat","background-position":"center center","background-size":"auto","background-attachment":"scroll","background-type":"","background-media":"","overlay-type":"","overlay-color":"","overlay-opacity":"","overlay-gradient":""},"tablet":{"background-color":"var(--ast-global-color-5)","background-image":"","background-repeat":"repeat","background-position":"center center","background-size":"auto","background-attachment":"scroll","background-type":"","background-media":"","overlay-type":"","overlay-color":"","overlay-opacity":"","overlay-gradient":""},"mobile":{"background-color":"var(--ast-global-color-5)","background-image":"","background-repeat":"repeat","background-position":"center center","background-size":"auto","background-attachment":"scroll","background-type":"","background-media":"","overlay-type":"","overlay-color":"","overlay-opacity":"","overlay-gradient":""}},"iawp_total_views":0},"product_brand":[],"product_cat":[139],"product_tag":[],"class_list":{"0":"post-1035","1":"product","2":"type-product","3":"status-publish","4":"has-post-thumbnail","6":"product_cat-coffrets-chocolat","7":"desktop-align-left","8":"tablet-align-left","9":"mobile-align-left","11":"first","12":"outofstock","13":"taxable","14":"shipping-taxable","15":"purchasable","16":"product-type-simple"},"acf":[],"yoast_head":"<!-- This site is optimized with the Yoast SEO plugin v25.9 - https:\/\/yoast.com\/wordpress\/plugins\/seo\/ -->\n<title>Coffret &quot;Bon Voyage Gourmand \u2013 Infusions&quot;<\/title>\n<meta name=\"description\" content=\"Coffret &quot;Bon Voyage Gourmand&quot; \u2013 20 sachets d\u2019infusions : Zan D\u00e9tox, Nectar Royal, Pomme Fra\u00eeche BIO et Tendre Gingembre BIO.\" \/>\n<meta name=\"robots\" content=\"noindex, follow, max-snippet:-1, max-image-preview:large, max-video-preview:-1\" \/>\n<meta property=\"og:locale\" content=\"de_DE\" \/>\n<meta property=\"og:type\" content=\"article\" \/>\n<meta property=\"og:title\" content=\"Coffret &quot;Bon Voyage Gourmand \u2013 Infusions&quot;\" \/>\n<meta property=\"og:description\" content=\"Coffret &quot;Bon Voyage Gourmand&quot; \u2013 20 sachets d\u2019infusions : Zan D\u00e9tox, Nectar Royal, Pomme Fra\u00eeche BIO et Tendre Gingembre BIO.\" \/>\n<meta property=\"og:url\" content=\"https:\/\/preprod.lessecretsduchocolat.com\/de\/product\/aufgussset-bon-voyage\/\" \/>\n<meta property=\"og:site_name\" content=\"Secrets de Chocolat\" \/>\n<meta property=\"article:modified_time\" content=\"2025-08-27T09:15:51+00:00\" \/>\n<meta property=\"og:image\" content=\"https:\/\/preprod.lessecretsduchocolat.com\/wp-content\/uploads\/2025\/05\/203.jpg\" \/>\n\t<meta property=\"og:image:width\" content=\"500\" \/>\n\t<meta property=\"og:image:height\" content=\"500\" \/>\n\t<meta property=\"og:image:type\" content=\"image\/jpeg\" \/>\n<meta name=\"twitter:card\" content=\"summary_large_image\" \/>\n<meta name=\"twitter:label1\" content=\"Gesch\u00e4tzte Lesezeit\" \/>\n\t<meta name=\"twitter:data1\" content=\"2\u00a0Minuten\" \/>\n<script type=\"application\/ld+json\" class=\"yoast-schema-graph\">{\"@context\":\"https:\/\/schema.org\",\"@graph\":[{\"@type\":\"WebPage\",\"@id\":\"https:\/\/preprod.lessecretsduchocolat.com\/produit\/coffret-d-infusion-bon-voyage\/\",\"url\":\"https:\/\/preprod.lessecretsduchocolat.com\/produit\/coffret-d-infusion-bon-voyage\/\",\"name\":\"Coffret \\\"Bon Voyage Gourmand \u2013 Infusions\\\"\",\"isPartOf\":{\"@id\":\"https:\/\/preprod.lessecretsduchocolat.com\/#website\"},\"primaryImageOfPage\":{\"@id\":\"https:\/\/preprod.lessecretsduchocolat.com\/produit\/coffret-d-infusion-bon-voyage\/#primaryimage\"},\"image\":{\"@id\":\"https:\/\/preprod.lessecretsduchocolat.com\/produit\/coffret-d-infusion-bon-voyage\/#primaryimage\"},\"thumbnailUrl\":\"https:\/\/preprod.lessecretsduchocolat.com\/wp-content\/uploads\/2025\/05\/203.jpg\",\"datePublished\":\"2020-02-25T16:05:42+00:00\",\"dateModified\":\"2025-08-27T09:15:51+00:00\",\"description\":\"Coffret \\\"Bon Voyage Gourmand\\\" \u2013 20 sachets d\u2019infusions : Zan D\u00e9tox, Nectar Royal, Pomme Fra\u00eeche BIO et Tendre Gingembre BIO.\",\"breadcrumb\":{\"@id\":\"https:\/\/preprod.lessecretsduchocolat.com\/produit\/coffret-d-infusion-bon-voyage\/#breadcrumb\"},\"inLanguage\":\"de\",\"potentialAction\":[{\"@type\":\"ReadAction\",\"target\":[\"https:\/\/preprod.lessecretsduchocolat.com\/produit\/coffret-d-infusion-bon-voyage\/\"]}]},{\"@type\":\"ImageObject\",\"inLanguage\":\"de\",\"@id\":\"https:\/\/preprod.lessecretsduchocolat.com\/produit\/coffret-d-infusion-bon-voyage\/#primaryimage\",\"url\":\"https:\/\/preprod.lessecretsduchocolat.com\/wp-content\/uploads\/2025\/05\/203.jpg\",\"contentUrl\":\"https:\/\/preprod.lessecretsduchocolat.com\/wp-content\/uploads\/2025\/05\/203.jpg\",\"width\":500,\"height\":500},{\"@type\":\"BreadcrumbList\",\"@id\":\"https:\/\/preprod.lessecretsduchocolat.com\/produit\/coffret-d-infusion-bon-voyage\/#breadcrumb\",\"itemListElement\":[{\"@type\":\"ListItem\",\"position\":1,\"name\":\"Accueil\",\"item\":\"https:\/\/preprod.lessecretsduchocolat.com\/\"},{\"@type\":\"ListItem\",\"position\":2,\"name\":\"Magasin\",\"item\":\"https:\/\/preprod.lessecretsduchocolat.com\/magasin\/\"},{\"@type\":\"ListItem\",\"position\":3,\"name\":\"Coffret \u00ab\u00a0Bon Voyage Gourmand \u2013 Infusions\u00a0\u00bb\"}]},{\"@type\":\"WebSite\",\"@id\":\"https:\/\/preprod.lessecretsduchocolat.com\/#website\",\"url\":\"https:\/\/preprod.lessecretsduchocolat.com\/\",\"name\":\"Secrets de Chocolat\",\"description\":\"\",\"publisher\":{\"@id\":\"https:\/\/preprod.lessecretsduchocolat.com\/#organization\"},\"potentialAction\":[{\"@type\":\"SearchAction\",\"target\":{\"@type\":\"EntryPoint\",\"urlTemplate\":\"https:\/\/preprod.lessecretsduchocolat.com\/?s={search_term_string}\"},\"query-input\":{\"@type\":\"PropertyValueSpecification\",\"valueRequired\":true,\"valueName\":\"search_term_string\"}}],\"inLanguage\":\"de\"},{\"@type\":\"Organization\",\"@id\":\"https:\/\/preprod.lessecretsduchocolat.com\/#organization\",\"name\":\"Secrets de Chocolat\",\"url\":\"https:\/\/preprod.lessecretsduchocolat.com\/\",\"logo\":{\"@type\":\"ImageObject\",\"inLanguage\":\"de\",\"@id\":\"https:\/\/preprod.lessecretsduchocolat.com\/#\/schema\/logo\/image\/\",\"url\":\"https:\/\/preprod.lessecretsduchocolat.com\/wp-content\/uploads\/2025\/05\/logo.png\",\"contentUrl\":\"https:\/\/preprod.lessecretsduchocolat.com\/wp-content\/uploads\/2025\/05\/logo.png\",\"width\":198,\"height\":85,\"caption\":\"Secrets de Chocolat\"},\"image\":{\"@id\":\"https:\/\/preprod.lessecretsduchocolat.com\/#\/schema\/logo\/image\/\"}}]}<\/script>\n<!-- \/ Yoast SEO plugin. -->","yoast_head_json":{"title":"Geschenkpackung \"Bon Voyage Gourmand - Kr\u00e4utertee\".","description":"Geschenkpackung \"Bon Voyage Gourmand\" - 20 Kr\u00e4uterteebeutel: Zan Detox, Nectar Royal, Frischer Apfel BIO und Zarter Ingwer BIO.","robots":{"index":"noindex","follow":"follow","max-snippet":"max-snippet:-1","max-image-preview":"max-image-preview:large","max-video-preview":"max-video-preview:-1"},"og_locale":"de_DE","og_type":"article","og_title":"Coffret \"Bon Voyage Gourmand \u2013 Infusions\"","og_description":"Coffret \"Bon Voyage Gourmand\" \u2013 20 sachets d\u2019infusions : Zan D\u00e9tox, Nectar Royal, Pomme Fra\u00eeche BIO et Tendre Gingembre BIO.","og_url":"https:\/\/preprod.lessecretsduchocolat.com\/de\/product\/aufgussset-bon-voyage\/","og_site_name":"Secrets de Chocolat","article_modified_time":"2025-08-27T09:15:51+00:00","og_image":[{"width":500,"height":500,"url":"https:\/\/preprod.lessecretsduchocolat.com\/wp-content\/uploads\/2025\/05\/203.jpg","type":"image\/jpeg"}],"twitter_card":"summary_large_image","twitter_misc":{"Gesch\u00e4tzte Lesezeit":"2\u00a0Minuten"},"schema":{"@context":"https:\/\/schema.org","@graph":[{"@type":"WebPage","@id":"https:\/\/preprod.lessecretsduchocolat.com\/produit\/coffret-d-infusion-bon-voyage\/","url":"https:\/\/preprod.lessecretsduchocolat.com\/produit\/coffret-d-infusion-bon-voyage\/","name":"Geschenkpackung \"Bon Voyage Gourmand - Kr\u00e4utertee\".","isPartOf":{"@id":"https:\/\/preprod.lessecretsduchocolat.com\/#website"},"primaryImageOfPage":{"@id":"https:\/\/preprod.lessecretsduchocolat.com\/produit\/coffret-d-infusion-bon-voyage\/#primaryimage"},"image":{"@id":"https:\/\/preprod.lessecretsduchocolat.com\/produit\/coffret-d-infusion-bon-voyage\/#primaryimage"},"thumbnailUrl":"https:\/\/preprod.lessecretsduchocolat.com\/wp-content\/uploads\/2025\/05\/203.jpg","datePublished":"2020-02-25T16:05:42+00:00","dateModified":"2025-08-27T09:15:51+00:00","description":"Geschenkpackung \"Bon Voyage Gourmand\" - 20 Kr\u00e4uterteebeutel: Zan Detox, Nectar Royal, Frischer Apfel BIO und Zarter Ingwer BIO.","breadcrumb":{"@id":"https:\/\/preprod.lessecretsduchocolat.com\/produit\/coffret-d-infusion-bon-voyage\/#breadcrumb"},"inLanguage":"de","potentialAction":[{"@type":"ReadAction","target":["https:\/\/preprod.lessecretsduchocolat.com\/produit\/coffret-d-infusion-bon-voyage\/"]}]},{"@type":"ImageObject","inLanguage":"de","@id":"https:\/\/preprod.lessecretsduchocolat.com\/produit\/coffret-d-infusion-bon-voyage\/#primaryimage","url":"https:\/\/preprod.lessecretsduchocolat.com\/wp-content\/uploads\/2025\/05\/203.jpg","contentUrl":"https:\/\/preprod.lessecretsduchocolat.com\/wp-content\/uploads\/2025\/05\/203.jpg","width":500,"height":500},{"@type":"BreadcrumbList","@id":"https:\/\/preprod.lessecretsduchocolat.com\/produit\/coffret-d-infusion-bon-voyage\/#breadcrumb","itemListElement":[{"@type":"ListItem","position":1,"name":"Accueil","item":"https:\/\/preprod.lessecretsduchocolat.com\/"},{"@type":"ListItem","position":2,"name":"Magasin","item":"https:\/\/preprod.lessecretsduchocolat.com\/magasin\/"},{"@type":"ListItem","position":3,"name":"Coffret \u00ab\u00a0Bon Voyage Gourmand \u2013 Infusions\u00a0\u00bb"}]},{"@type":"WebSite","@id":"https:\/\/preprod.lessecretsduchocolat.com\/#website","url":"https:\/\/preprod.lessecretsduchocolat.com\/","name":"Secrets de Chocolat (Schokoladengeheimnisse)","description":"","publisher":{"@id":"https:\/\/preprod.lessecretsduchocolat.com\/#organization"},"potentialAction":[{"@type":"SearchAction","target":{"@type":"EntryPoint","urlTemplate":"https:\/\/preprod.lessecretsduchocolat.com\/?s={search_term_string}"},"query-input":{"@type":"PropertyValueSpecification","valueRequired":true,"valueName":"search_term_string"}}],"inLanguage":"de"},{"@type":"Organization","@id":"https:\/\/preprod.lessecretsduchocolat.com\/#organization","name":"Secrets de Chocolat (Schokoladengeheimnisse)","url":"https:\/\/preprod.lessecretsduchocolat.com\/","logo":{"@type":"ImageObject","inLanguage":"de","@id":"https:\/\/preprod.lessecretsduchocolat.com\/#\/schema\/logo\/image\/","url":"https:\/\/preprod.lessecretsduchocolat.com\/wp-content\/uploads\/2025\/05\/logo.png","contentUrl":"https:\/\/preprod.lessecretsduchocolat.com\/wp-content\/uploads\/2025\/05\/logo.png","width":198,"height":85,"caption":"Secrets de Chocolat"},"image":{"@id":"https:\/\/preprod.lessecretsduchocolat.com\/#\/schema\/logo\/image\/"}}]}},"_links":{"self":[{"href":"https:\/\/preprod.lessecretsduchocolat.com\/de\/wp-json\/wp\/v2\/product\/1035","targetHints":{"allow":["GET"]}}],"collection":[{"href":"https:\/\/preprod.lessecretsduchocolat.com\/de\/wp-json\/wp\/v2\/product"}],"about":[{"href":"https:\/\/preprod.lessecretsduchocolat.com\/de\/wp-json\/wp\/v2\/types\/product"}],"version-history":[{"count":3,"href":"https:\/\/preprod.lessecretsduchocolat.com\/de\/wp-json\/wp\/v2\/product\/1035\/revisions"}],"predecessor-version":[{"id":4068,"href":"https:\/\/preprod.lessecretsduchocolat.com\/de\/wp-json\/wp\/v2\/product\/1035\/revisions\/4068"}],"wp:featuredmedia":[{"embeddable":true,"href":"https:\/\/preprod.lessecretsduchocolat.com\/de\/wp-json\/wp\/v2\/media\/722"}],"wp:attachment":[{"href":"https:\/\/preprod.lessecretsduchocolat.com\/de\/wp-json\/wp\/v2\/media?parent=1035"}],"wp:term":[{"taxonomy":"product_brand","embeddable":true,"href":"https:\/\/preprod.lessecretsduchocolat.com\/de\/wp-json\/wp\/v2\/product_brand?post=1035"},{"taxonomy":"product_cat","embeddable":true,"href":"https:\/\/preprod.lessecretsduchocolat.com\/de\/wp-json\/wp\/v2\/product_cat?post=1035"},{"taxonomy":"product_tag","embeddable":true,"href":"https:\/\/preprod.lessecretsduchocolat.com\/de\/wp-json\/wp\/v2\/product_tag?post=1035"}],"curies":[{"name":"wp","href":"https:\/\/api.w.org\/{rel}","templated":true}]}}