{"id":1036,"date":"2020-02-25T16:05:42","date_gmt":"2020-02-25T16:05:42","guid":{"rendered":"https:\/\/preprod.lessecretsduchocolat.com\/?product=coffret-paradis-sur-terre"},"modified":"2025-08-27T11:08:33","modified_gmt":"2025-08-27T09:08:33","slug":"koffer-paradies-auf-erden","status":"publish","type":"product","link":"https:\/\/preprod.lessecretsduchocolat.com\/de\/product\/koffer-paradies-auf-erden\/","title":{"rendered":"KOFFER PARADIES AUF ERDEN"},"content":{"rendered":"<p data-start=\"340\" data-end=\"507\">Le <strong data-start=\"343\" data-end=\"387\">Coffret \u00ab\u00a0Paradis sur Terre\u00a0\u00bb \u2013 36 sachets<\/strong> est un ensemble bien pens\u00e9 de 6 m\u00e9langes signature, \u00e0 raison de 6 sachets chacun :<\/p>\n<ul data-start=\"509\" data-end=\"1209\">\n<li data-start=\"509\" data-end=\"616\">\n<p data-start=\"511\" data-end=\"616\"><strong data-start=\"511\" data-end=\"525\">Japan Lime<\/strong> : th\u00e9 vert aux notes citronn\u00e9es, frais et tonique<\/p>\n<\/li>\n<li data-start=\"617\" data-end=\"729\">\n<p data-start=\"619\" data-end=\"729\"><strong data-start=\"619\" data-end=\"649\">Oolong Caramel Beurre Sal\u00e9<\/strong> : semi-oxyd\u00e9, gourmand et r\u00e9confortant<\/p>\n<\/li>\n<li data-start=\"730\" data-end=\"837\">\n<p data-start=\"732\" data-end=\"837\"><strong data-start=\"732\" data-end=\"744\">Guruchka<\/strong> : un th\u00e9 noir aux accents d\u2019agrumes et de bergamot<\/p>\n<\/li>\n<li data-start=\"838\" data-end=\"969\">\n<p data-start=\"840\" data-end=\"969\"><strong data-start=\"840\" data-end=\"860\">Th\u00e9 des Amoureux<\/strong> : m\u00e9lange tendre de th\u00e9 noir et vert aux notes florales et fruit\u00e9es<\/p>\n<\/li>\n<li data-start=\"970\" data-end=\"1089\">\n<p data-start=\"972\" data-end=\"1089\"><strong data-start=\"972\" data-end=\"989\">Th\u00e9 des Oasis<\/strong> : th\u00e9 vert \u00e0 la menthe Nanah, revigorant et rafra\u00eechissant<\/p>\n<\/li>\n<li data-start=\"1090\" data-end=\"1209\">\n<p data-start=\"1092\" data-end=\"1209\"><strong data-start=\"1092\" data-end=\"1105\">Zan D\u00e9tox<\/strong> : infusion mat\u00e9 et th\u00e9 vert, subtilement citronn\u00e9e et purifiante<\/p>\n<\/li>\n<\/ul>\n<p data-start=\"1211\" data-end=\"1310\">Chaque sachet pr\u00e9serve la fra\u00eecheur des ar\u00f4mes et garantit une d\u00e9gustation pratique et qualitative.<\/p>\n<p data-start=\"1312\" data-end=\"1485\">Le coffret offre un v\u00e9ritable voyage des sens, id\u00e9al pour varier les plaisirs tout au long de la journ\u00e9e \u2014 du r\u00e9veil apaisant au moment d\u2019apr\u00e8s-midi ou d\u2019ouverture aux amis.<\/p>\n<p data-start=\"1487\" data-end=\"1663\">Son format est parfait pour <strong data-start=\"1515\" data-end=\"1543\">offrir un cadeau raffin\u00e9<\/strong> : id\u00e9al pour les f\u00eates, les remerciements ou simplement pour apporter une touche sensorielle \u00e0 vos instants quotidiens.<\/p>\n<p data-start=\"1665\" data-end=\"1805\">Le style \u00e9pur\u00e9 et soign\u00e9 du <strong data-start=\"343\" data-end=\"387\">Coffret \u00ab\u00a0Paradis sur Terre\u00a0\u00bb<\/strong>\u00a0en fait aussi un bel objet \u00e0 exposer et \u00e0 partager.<\/p>","protected":false},"excerpt":{"rendered":"<p><strong>Ce coffret est un assortiment de 6 th\u00e9s : Japan Lime, Th\u00e9 des Oasis, Oolong caramel beurre sal\u00e9, Guruchka, Th\u00e9 des Amoureux et Zan Detox. Offrez-vous un moment d\u00e9tente et savourez les notes fruit\u00e9es et sucr\u00e9es de ces diff\u00e9rents th\u00e9s.<\/strong><\/p>","protected":false},"featured_media":725,"template":"","meta":{"_acf_changed":false,"site-sidebar-layout":"default","site-content-layout":"","ast-site-content-layout":"default","site-content-style":"default","site-sidebar-style":"default","ast-global-header-display":"","ast-banner-title-visibility":"","ast-main-header-display":"","ast-hfb-above-header-display":"","ast-hfb-below-header-display":"","ast-hfb-mobile-header-display":"","site-post-title":"","ast-breadcrumbs-content":"","ast-featured-img":"","footer-sml-layout":"","theme-transparent-header-meta":"default","adv-header-id-meta":"","stick-header-meta":"","header-above-stick-meta":"","header-main-stick-meta":"","header-below-stick-meta":"","astra-migrate-meta-layouts":"set","ast-page-background-enabled":"default","ast-page-background-meta":{"desktop":{"background-color":"var(--ast-global-color-4)","background-image":"","background-repeat":"repeat","background-position":"center center","background-size":"auto","background-attachment":"scroll","background-type":"","background-media":"","overlay-type":"","overlay-color":"","overlay-opacity":"","overlay-gradient":""},"tablet":{"background-color":"","background-image":"","background-repeat":"repeat","background-position":"center center","background-size":"auto","background-attachment":"scroll","background-type":"","background-media":"","overlay-type":"","overlay-color":"","overlay-opacity":"","overlay-gradient":""},"mobile":{"background-color":"","background-image":"","background-repeat":"repeat","background-position":"center center","background-size":"auto","background-attachment":"scroll","background-type":"","background-media":"","overlay-type":"","overlay-color":"","overlay-opacity":"","overlay-gradient":""}},"ast-content-background-meta":{"desktop":{"background-color":"var(--ast-global-color-5)","background-image":"","background-repeat":"repeat","background-position":"center center","background-size":"auto","background-attachment":"scroll","background-type":"","background-media":"","overlay-type":"","overlay-color":"","overlay-opacity":"","overlay-gradient":""},"tablet":{"background-color":"var(--ast-global-color-5)","background-image":"","background-repeat":"repeat","background-position":"center center","background-size":"auto","background-attachment":"scroll","background-type":"","background-media":"","overlay-type":"","overlay-color":"","overlay-opacity":"","overlay-gradient":""},"mobile":{"background-color":"var(--ast-global-color-5)","background-image":"","background-repeat":"repeat","background-position":"center center","background-size":"auto","background-attachment":"scroll","background-type":"","background-media":"","overlay-type":"","overlay-color":"","overlay-opacity":"","overlay-gradient":""}},"iawp_total_views":0},"product_brand":[],"product_cat":[110],"product_tag":[],"class_list":{"0":"post-1036","1":"product","2":"type-product","3":"status-publish","4":"has-post-thumbnail","6":"product_cat-the","7":"desktop-align-left","8":"tablet-align-left","9":"mobile-align-left","11":"first","12":"outofstock","13":"taxable","14":"shipping-taxable","15":"purchasable","16":"product-type-simple"},"acf":[],"yoast_head":"<!-- This site is optimized with the Yoast SEO plugin v25.9 - https:\/\/yoast.com\/wordpress\/plugins\/seo\/ -->\n<title>Coffret &quot;Paradis sur Terre&quot;<\/title>\n<meta name=\"description\" content=\"Coffret &quot;Paradis sur Terre&quot; \u2013 36 sachets de th\u00e9 et infusion : 6 recettes vari\u00e9es (Japan Lime, Oolong Caramel, Guruchka, etc.). Une \u00e9vasion saveur \u00e0 offrir.\" \/>\n<meta name=\"robots\" content=\"noindex, follow, max-snippet:-1, max-image-preview:large, max-video-preview:-1\" \/>\n<meta property=\"og:locale\" content=\"de_DE\" \/>\n<meta property=\"og:type\" content=\"article\" \/>\n<meta property=\"og:title\" content=\"Coffret &quot;Paradis sur Terre&quot;\" \/>\n<meta property=\"og:description\" content=\"Coffret &quot;Paradis sur Terre&quot; \u2013 36 sachets de th\u00e9 et infusion : 6 recettes vari\u00e9es (Japan Lime, Oolong Caramel, Guruchka, etc.). Une \u00e9vasion saveur \u00e0 offrir.\" \/>\n<meta property=\"og:url\" content=\"https:\/\/preprod.lessecretsduchocolat.com\/de\/product\/koffer-paradies-auf-erden\/\" \/>\n<meta property=\"og:site_name\" content=\"Secrets de Chocolat\" \/>\n<meta property=\"article:modified_time\" content=\"2025-08-27T09:08:33+00:00\" \/>\n<meta property=\"og:image\" content=\"https:\/\/preprod.lessecretsduchocolat.com\/wp-content\/uploads\/2025\/05\/202.jpg\" \/>\n\t<meta property=\"og:image:width\" content=\"500\" \/>\n\t<meta property=\"og:image:height\" content=\"500\" \/>\n\t<meta property=\"og:image:type\" content=\"image\/jpeg\" \/>\n<meta name=\"twitter:card\" content=\"summary_large_image\" \/>\n<meta name=\"twitter:label1\" content=\"Gesch\u00e4tzte Lesezeit\" \/>\n\t<meta name=\"twitter:data1\" content=\"2\u00a0Minuten\" \/>\n<script type=\"application\/ld+json\" class=\"yoast-schema-graph\">{\"@context\":\"https:\/\/schema.org\",\"@graph\":[{\"@type\":\"WebPage\",\"@id\":\"https:\/\/preprod.lessecretsduchocolat.com\/produit\/coffret-paradis-sur-terre\/\",\"url\":\"https:\/\/preprod.lessecretsduchocolat.com\/produit\/coffret-paradis-sur-terre\/\",\"name\":\"Coffret \\\"Paradis sur Terre\\\"\",\"isPartOf\":{\"@id\":\"https:\/\/preprod.lessecretsduchocolat.com\/#website\"},\"primaryImageOfPage\":{\"@id\":\"https:\/\/preprod.lessecretsduchocolat.com\/produit\/coffret-paradis-sur-terre\/#primaryimage\"},\"image\":{\"@id\":\"https:\/\/preprod.lessecretsduchocolat.com\/produit\/coffret-paradis-sur-terre\/#primaryimage\"},\"thumbnailUrl\":\"https:\/\/preprod.lessecretsduchocolat.com\/wp-content\/uploads\/2025\/05\/202.jpg\",\"datePublished\":\"2020-02-25T16:05:42+00:00\",\"dateModified\":\"2025-08-27T09:08:33+00:00\",\"description\":\"Coffret \\\"Paradis sur Terre\\\" \u2013 36 sachets de th\u00e9 et infusion : 6 recettes vari\u00e9es (Japan Lime, Oolong Caramel, Guruchka, etc.). Une \u00e9vasion saveur \u00e0 offrir.\",\"breadcrumb\":{\"@id\":\"https:\/\/preprod.lessecretsduchocolat.com\/produit\/coffret-paradis-sur-terre\/#breadcrumb\"},\"inLanguage\":\"de\",\"potentialAction\":[{\"@type\":\"ReadAction\",\"target\":[\"https:\/\/preprod.lessecretsduchocolat.com\/produit\/coffret-paradis-sur-terre\/\"]}]},{\"@type\":\"ImageObject\",\"inLanguage\":\"de\",\"@id\":\"https:\/\/preprod.lessecretsduchocolat.com\/produit\/coffret-paradis-sur-terre\/#primaryimage\",\"url\":\"https:\/\/preprod.lessecretsduchocolat.com\/wp-content\/uploads\/2025\/05\/202.jpg\",\"contentUrl\":\"https:\/\/preprod.lessecretsduchocolat.com\/wp-content\/uploads\/2025\/05\/202.jpg\",\"width\":500,\"height\":500},{\"@type\":\"BreadcrumbList\",\"@id\":\"https:\/\/preprod.lessecretsduchocolat.com\/produit\/coffret-paradis-sur-terre\/#breadcrumb\",\"itemListElement\":[{\"@type\":\"ListItem\",\"position\":1,\"name\":\"Accueil\",\"item\":\"https:\/\/preprod.lessecretsduchocolat.com\/\"},{\"@type\":\"ListItem\",\"position\":2,\"name\":\"Magasin\",\"item\":\"https:\/\/preprod.lessecretsduchocolat.com\/magasin\/\"},{\"@type\":\"ListItem\",\"position\":3,\"name\":\"COFFRET PARADIS SUR TERRE\"}]},{\"@type\":\"WebSite\",\"@id\":\"https:\/\/preprod.lessecretsduchocolat.com\/#website\",\"url\":\"https:\/\/preprod.lessecretsduchocolat.com\/\",\"name\":\"Secrets de Chocolat\",\"description\":\"\",\"publisher\":{\"@id\":\"https:\/\/preprod.lessecretsduchocolat.com\/#organization\"},\"potentialAction\":[{\"@type\":\"SearchAction\",\"target\":{\"@type\":\"EntryPoint\",\"urlTemplate\":\"https:\/\/preprod.lessecretsduchocolat.com\/?s={search_term_string}\"},\"query-input\":{\"@type\":\"PropertyValueSpecification\",\"valueRequired\":true,\"valueName\":\"search_term_string\"}}],\"inLanguage\":\"de\"},{\"@type\":\"Organization\",\"@id\":\"https:\/\/preprod.lessecretsduchocolat.com\/#organization\",\"name\":\"Secrets de Chocolat\",\"url\":\"https:\/\/preprod.lessecretsduchocolat.com\/\",\"logo\":{\"@type\":\"ImageObject\",\"inLanguage\":\"de\",\"@id\":\"https:\/\/preprod.lessecretsduchocolat.com\/#\/schema\/logo\/image\/\",\"url\":\"https:\/\/preprod.lessecretsduchocolat.com\/wp-content\/uploads\/2025\/05\/logo.png\",\"contentUrl\":\"https:\/\/preprod.lessecretsduchocolat.com\/wp-content\/uploads\/2025\/05\/logo.png\",\"width\":198,\"height\":85,\"caption\":\"Secrets de Chocolat\"},\"image\":{\"@id\":\"https:\/\/preprod.lessecretsduchocolat.com\/#\/schema\/logo\/image\/\"}}]}<\/script>\n<!-- \/ Yoast SEO plugin. -->","yoast_head_json":{"title":"Box \"Paradies auf Erden\"","description":"Geschenkpackung \"Paradis sur Terre\" - 36 Teebeutel und Kr\u00e4utertee: 6 verschiedene Rezepte (Japan Lime, Oolong Caramel, Guruchka, etc.). Eine Geschmacksflucht zum Verschenken.","robots":{"index":"noindex","follow":"follow","max-snippet":"max-snippet:-1","max-image-preview":"max-image-preview:large","max-video-preview":"max-video-preview:-1"},"og_locale":"de_DE","og_type":"article","og_title":"Coffret \"Paradis sur Terre\"","og_description":"Coffret \"Paradis sur Terre\" \u2013 36 sachets de th\u00e9 et infusion : 6 recettes vari\u00e9es (Japan Lime, Oolong Caramel, Guruchka, etc.). Une \u00e9vasion saveur \u00e0 offrir.","og_url":"https:\/\/preprod.lessecretsduchocolat.com\/de\/product\/koffer-paradies-auf-erden\/","og_site_name":"Secrets de Chocolat","article_modified_time":"2025-08-27T09:08:33+00:00","og_image":[{"width":500,"height":500,"url":"https:\/\/preprod.lessecretsduchocolat.com\/wp-content\/uploads\/2025\/05\/202.jpg","type":"image\/jpeg"}],"twitter_card":"summary_large_image","twitter_misc":{"Gesch\u00e4tzte Lesezeit":"2\u00a0Minuten"},"schema":{"@context":"https:\/\/schema.org","@graph":[{"@type":"WebPage","@id":"https:\/\/preprod.lessecretsduchocolat.com\/produit\/coffret-paradis-sur-terre\/","url":"https:\/\/preprod.lessecretsduchocolat.com\/produit\/coffret-paradis-sur-terre\/","name":"Box \"Paradies auf Erden\"","isPartOf":{"@id":"https:\/\/preprod.lessecretsduchocolat.com\/#website"},"primaryImageOfPage":{"@id":"https:\/\/preprod.lessecretsduchocolat.com\/produit\/coffret-paradis-sur-terre\/#primaryimage"},"image":{"@id":"https:\/\/preprod.lessecretsduchocolat.com\/produit\/coffret-paradis-sur-terre\/#primaryimage"},"thumbnailUrl":"https:\/\/preprod.lessecretsduchocolat.com\/wp-content\/uploads\/2025\/05\/202.jpg","datePublished":"2020-02-25T16:05:42+00:00","dateModified":"2025-08-27T09:08:33+00:00","description":"Geschenkpackung \"Paradis sur Terre\" - 36 Teebeutel und Kr\u00e4utertee: 6 verschiedene Rezepte (Japan Lime, Oolong Caramel, Guruchka, etc.). Eine Geschmacksflucht zum Verschenken.","breadcrumb":{"@id":"https:\/\/preprod.lessecretsduchocolat.com\/produit\/coffret-paradis-sur-terre\/#breadcrumb"},"inLanguage":"de","potentialAction":[{"@type":"ReadAction","target":["https:\/\/preprod.lessecretsduchocolat.com\/produit\/coffret-paradis-sur-terre\/"]}]},{"@type":"ImageObject","inLanguage":"de","@id":"https:\/\/preprod.lessecretsduchocolat.com\/produit\/coffret-paradis-sur-terre\/#primaryimage","url":"https:\/\/preprod.lessecretsduchocolat.com\/wp-content\/uploads\/2025\/05\/202.jpg","contentUrl":"https:\/\/preprod.lessecretsduchocolat.com\/wp-content\/uploads\/2025\/05\/202.jpg","width":500,"height":500},{"@type":"BreadcrumbList","@id":"https:\/\/preprod.lessecretsduchocolat.com\/produit\/coffret-paradis-sur-terre\/#breadcrumb","itemListElement":[{"@type":"ListItem","position":1,"name":"Accueil","item":"https:\/\/preprod.lessecretsduchocolat.com\/"},{"@type":"ListItem","position":2,"name":"Magasin","item":"https:\/\/preprod.lessecretsduchocolat.com\/magasin\/"},{"@type":"ListItem","position":3,"name":"COFFRET PARADIS SUR TERRE"}]},{"@type":"WebSite","@id":"https:\/\/preprod.lessecretsduchocolat.com\/#website","url":"https:\/\/preprod.lessecretsduchocolat.com\/","name":"Secrets de Chocolat (Schokoladengeheimnisse)","description":"","publisher":{"@id":"https:\/\/preprod.lessecretsduchocolat.com\/#organization"},"potentialAction":[{"@type":"SearchAction","target":{"@type":"EntryPoint","urlTemplate":"https:\/\/preprod.lessecretsduchocolat.com\/?s={search_term_string}"},"query-input":{"@type":"PropertyValueSpecification","valueRequired":true,"valueName":"search_term_string"}}],"inLanguage":"de"},{"@type":"Organization","@id":"https:\/\/preprod.lessecretsduchocolat.com\/#organization","name":"Secrets de Chocolat (Schokoladengeheimnisse)","url":"https:\/\/preprod.lessecretsduchocolat.com\/","logo":{"@type":"ImageObject","inLanguage":"de","@id":"https:\/\/preprod.lessecretsduchocolat.com\/#\/schema\/logo\/image\/","url":"https:\/\/preprod.lessecretsduchocolat.com\/wp-content\/uploads\/2025\/05\/logo.png","contentUrl":"https:\/\/preprod.lessecretsduchocolat.com\/wp-content\/uploads\/2025\/05\/logo.png","width":198,"height":85,"caption":"Secrets de Chocolat"},"image":{"@id":"https:\/\/preprod.lessecretsduchocolat.com\/#\/schema\/logo\/image\/"}}]}},"_links":{"self":[{"href":"https:\/\/preprod.lessecretsduchocolat.com\/de\/wp-json\/wp\/v2\/product\/1036","targetHints":{"allow":["GET"]}}],"collection":[{"href":"https:\/\/preprod.lessecretsduchocolat.com\/de\/wp-json\/wp\/v2\/product"}],"about":[{"href":"https:\/\/preprod.lessecretsduchocolat.com\/de\/wp-json\/wp\/v2\/types\/product"}],"version-history":[{"count":3,"href":"https:\/\/preprod.lessecretsduchocolat.com\/de\/wp-json\/wp\/v2\/product\/1036\/revisions"}],"predecessor-version":[{"id":4064,"href":"https:\/\/preprod.lessecretsduchocolat.com\/de\/wp-json\/wp\/v2\/product\/1036\/revisions\/4064"}],"wp:featuredmedia":[{"embeddable":true,"href":"https:\/\/preprod.lessecretsduchocolat.com\/de\/wp-json\/wp\/v2\/media\/725"}],"wp:attachment":[{"href":"https:\/\/preprod.lessecretsduchocolat.com\/de\/wp-json\/wp\/v2\/media?parent=1036"}],"wp:term":[{"taxonomy":"product_brand","embeddable":true,"href":"https:\/\/preprod.lessecretsduchocolat.com\/de\/wp-json\/wp\/v2\/product_brand?post=1036"},{"taxonomy":"product_cat","embeddable":true,"href":"https:\/\/preprod.lessecretsduchocolat.com\/de\/wp-json\/wp\/v2\/product_cat?post=1036"},{"taxonomy":"product_tag","embeddable":true,"href":"https:\/\/preprod.lessecretsduchocolat.com\/de\/wp-json\/wp\/v2\/product_tag?post=1036"}],"curies":[{"name":"wp","href":"https:\/\/api.w.org\/{rel}","templated":true}]}}