{"id":1050,"date":"2020-02-25T16:05:42","date_gmt":"2020-02-25T16:05:42","guid":{"rendered":"https:\/\/preprod.lessecretsduchocolat.com\/?product=les-kougelhopfs-200g"},"modified":"2025-08-27T12:57:34","modified_gmt":"2025-08-27T10:57:34","slug":"die-gugelhopfs-200g","status":"publish","type":"product","link":"https:\/\/preprod.lessecretsduchocolat.com\/de\/product\/die-gugelhopfs-200g\/","title":{"rendered":"DIE GUGELHOPFS 200G"},"content":{"rendered":"<p data-start=\"305\" data-end=\"475\">Les <strong data-start=\"309\" data-end=\"338\">Kougelhopfs drag\u00e9ifi\u00e9s<\/strong>\u00a0sont une gourmandise qui rend hommage au c\u00e9l\u00e8bre g\u00e2teau alsacien, revisit\u00e9 ici en version chocolat\u00e9e, craquante et fondante \u00e0 la fois.<\/p>\n<p data-start=\"477\" data-end=\"657\">Chaque petit kougelhopf est fa\u00e7onn\u00e9 en <strong data-start=\"516\" data-end=\"556\">chocolat au lait pur beurre de cacao<\/strong>, garni d\u2019un c\u0153ur tendre au gianduja noisettes, rehauss\u00e9 par des <strong data-start=\"621\" data-end=\"654\">\u00e9clats de cr\u00eape croustillante<\/strong>.<\/p>\n<p data-start=\"659\" data-end=\"825\">L\u2019association des textures s\u00e9duit imm\u00e9diatement : le croquant d\u00e9licat de la feuillantine rencontre la rondeur fondante du gianduja et la douceur lact\u00e9e du chocolat.<\/p>\n<p data-start=\"827\" data-end=\"977\">La finition drag\u00e9ifi\u00e9e apporte une touche craquante suppl\u00e9mentaire et un visuel soign\u00e9, transformant ces chocolats en v\u00e9ritables bouch\u00e9es raffin\u00e9es.<\/p>\n<p data-start=\"979\" data-end=\"1126\">Avec son format <strong data-start=\"995\" data-end=\"1004\">200 g<\/strong>, le tubo est parfait pour offrir une petite attention gourmande, accompagner un caf\u00e9, ou se faire plaisir au quotidien.<\/p>\n<p data-start=\"1128\" data-end=\"1290\">Ces <strong data-start=\"1132\" data-end=\"1158\">kougelhopfs chocolat\u00e9s<\/strong> s\u2019invitent aussi bien sur une table de f\u00eate que dans une pause gourmande improvis\u00e9e, pour un plaisir simple et toujours appr\u00e9ci\u00e9.<\/p>\n<p data-start=\"1292\" data-end=\"1433\">Leur forme inspir\u00e9e de la tradition alsacienne apporte une touche r\u00e9gionale et festive, qui s\u00e9duit autant les curieux que les connaisseurs.<\/p>\n<p data-start=\"1435\" data-end=\"1591\">Faciles \u00e0 partager, les kougelhopfs deviennent \u00e9galement une <strong data-start=\"1496\" data-end=\"1521\">id\u00e9e cadeau originale<\/strong>, \u00e0 la fois gourmande et \u00e9l\u00e9gante, id\u00e9ale pour toutes les occasions.<\/p>\n<p data-start=\"1593\" data-end=\"1712\">Les <strong data-start=\"1597\" data-end=\"1626\">Kougelhopfs en tubo 200 g<\/strong> incarnent le mariage r\u00e9ussi entre tradition p\u00e2tissi\u00e8re et savoir-faire chocolatier.<\/p>\n<p data-start=\"1714\" data-end=\"1790\">Croquants, fondants, gourmands : des chocolats \u00e0 savourer sans mod\u00e9ration.<\/p>","protected":false},"excerpt":{"rendered":"<p><strong>Cette sp\u00e9cialit\u00e9 alsacienne a \u00e9t\u00e9 revisit\u00e9e pour le plus grand plaisir de vos papilles. Craquez pour ce kougelhopf au chocolat au lait drag\u00e9fi\u00e9, int\u00e9rieur gianduja et cr\u00eape dentelle.<\/strong><\/p>","protected":false},"featured_media":762,"template":"","meta":{"_acf_changed":false,"site-sidebar-layout":"default","site-content-layout":"","ast-site-content-layout":"default","site-content-style":"default","site-sidebar-style":"default","ast-global-header-display":"","ast-banner-title-visibility":"","ast-main-header-display":"","ast-hfb-above-header-display":"","ast-hfb-below-header-display":"","ast-hfb-mobile-header-display":"","site-post-title":"","ast-breadcrumbs-content":"","ast-featured-img":"","footer-sml-layout":"","theme-transparent-header-meta":"default","adv-header-id-meta":"","stick-header-meta":"","header-above-stick-meta":"","header-main-stick-meta":"","header-below-stick-meta":"","astra-migrate-meta-layouts":"set","ast-page-background-enabled":"default","ast-page-background-meta":{"desktop":{"background-color":"var(--ast-global-color-4)","background-image":"","background-repeat":"repeat","background-position":"center center","background-size":"auto","background-attachment":"scroll","background-type":"","background-media":"","overlay-type":"","overlay-color":"","overlay-opacity":"","overlay-gradient":""},"tablet":{"background-color":"","background-image":"","background-repeat":"repeat","background-position":"center center","background-size":"auto","background-attachment":"scroll","background-type":"","background-media":"","overlay-type":"","overlay-color":"","overlay-opacity":"","overlay-gradient":""},"mobile":{"background-color":"","background-image":"","background-repeat":"repeat","background-position":"center center","background-size":"auto","background-attachment":"scroll","background-type":"","background-media":"","overlay-type":"","overlay-color":"","overlay-opacity":"","overlay-gradient":""}},"ast-content-background-meta":{"desktop":{"background-color":"var(--ast-global-color-5)","background-image":"","background-repeat":"repeat","background-position":"center center","background-size":"auto","background-attachment":"scroll","background-type":"","background-media":"","overlay-type":"","overlay-color":"","overlay-opacity":"","overlay-gradient":""},"tablet":{"background-color":"var(--ast-global-color-5)","background-image":"","background-repeat":"repeat","background-position":"center center","background-size":"auto","background-attachment":"scroll","background-type":"","background-media":"","overlay-type":"","overlay-color":"","overlay-opacity":"","overlay-gradient":""},"mobile":{"background-color":"var(--ast-global-color-5)","background-image":"","background-repeat":"repeat","background-position":"center center","background-size":"auto","background-attachment":"scroll","background-type":"","background-media":"","overlay-type":"","overlay-color":"","overlay-opacity":"","overlay-gradient":""}},"iawp_total_views":0},"product_brand":[],"product_cat":[108],"product_tag":[],"class_list":{"0":"post-1050","1":"product","2":"type-product","3":"status-publish","4":"has-post-thumbnail","6":"product_cat-gourmandises","7":"desktop-align-left","8":"tablet-align-left","9":"mobile-align-left","11":"first","12":"outofstock","13":"taxable","14":"shipping-taxable","15":"purchasable","16":"product-type-simple"},"acf":[],"yoast_head":"<!-- This site is optimized with the Yoast SEO plugin v25.9 - https:\/\/yoast.com\/wordpress\/plugins\/seo\/ -->\n<title>KOUGELHOPFS 200G<\/title>\n<meta name=\"description\" content=\"Kougelhopfs : chocolats au lait drag\u00e9ifi\u00e9s, c\u0153ur gianduja noisettes et \u00e9clats croustillants de cr\u00eape. Une sp\u00e9cialit\u00e9 gourmande et festive \u00e0 partager.\" \/>\n<meta name=\"robots\" content=\"noindex, follow, max-snippet:-1, max-image-preview:large, max-video-preview:-1\" \/>\n<meta property=\"og:locale\" content=\"de_DE\" \/>\n<meta property=\"og:type\" content=\"article\" \/>\n<meta property=\"og:title\" content=\"KOUGELHOPFS 200G\" \/>\n<meta property=\"og:description\" content=\"Kougelhopfs : chocolats au lait drag\u00e9ifi\u00e9s, c\u0153ur gianduja noisettes et \u00e9clats croustillants de cr\u00eape. Une sp\u00e9cialit\u00e9 gourmande et festive \u00e0 partager.\" \/>\n<meta property=\"og:url\" content=\"https:\/\/preprod.lessecretsduchocolat.com\/de\/product\/die-gugelhopfs-200g\/\" \/>\n<meta property=\"og:site_name\" content=\"Secrets de Chocolat\" \/>\n<meta property=\"article:modified_time\" content=\"2025-08-27T10:57:34+00:00\" \/>\n<meta property=\"og:image\" content=\"https:\/\/preprod.lessecretsduchocolat.com\/wp-content\/uploads\/2025\/05\/658.jpg\" \/>\n\t<meta property=\"og:image:width\" content=\"500\" \/>\n\t<meta property=\"og:image:height\" content=\"500\" \/>\n\t<meta property=\"og:image:type\" content=\"image\/jpeg\" \/>\n<meta name=\"twitter:card\" content=\"summary_large_image\" \/>\n<meta name=\"twitter:label1\" content=\"Gesch\u00e4tzte Lesezeit\" \/>\n\t<meta name=\"twitter:data1\" content=\"2\u00a0Minuten\" \/>\n<script type=\"application\/ld+json\" class=\"yoast-schema-graph\">{\"@context\":\"https:\/\/schema.org\",\"@graph\":[{\"@type\":\"WebPage\",\"@id\":\"https:\/\/preprod.lessecretsduchocolat.com\/produit\/les-kougelhopfs-200g\/\",\"url\":\"https:\/\/preprod.lessecretsduchocolat.com\/produit\/les-kougelhopfs-200g\/\",\"name\":\"KOUGELHOPFS 200G\",\"isPartOf\":{\"@id\":\"https:\/\/preprod.lessecretsduchocolat.com\/#website\"},\"primaryImageOfPage\":{\"@id\":\"https:\/\/preprod.lessecretsduchocolat.com\/produit\/les-kougelhopfs-200g\/#primaryimage\"},\"image\":{\"@id\":\"https:\/\/preprod.lessecretsduchocolat.com\/produit\/les-kougelhopfs-200g\/#primaryimage\"},\"thumbnailUrl\":\"https:\/\/preprod.lessecretsduchocolat.com\/wp-content\/uploads\/2025\/05\/658.jpg\",\"datePublished\":\"2020-02-25T16:05:42+00:00\",\"dateModified\":\"2025-08-27T10:57:34+00:00\",\"description\":\"Kougelhopfs : chocolats au lait drag\u00e9ifi\u00e9s, c\u0153ur gianduja noisettes et \u00e9clats croustillants de cr\u00eape. Une sp\u00e9cialit\u00e9 gourmande et festive \u00e0 partager.\",\"breadcrumb\":{\"@id\":\"https:\/\/preprod.lessecretsduchocolat.com\/produit\/les-kougelhopfs-200g\/#breadcrumb\"},\"inLanguage\":\"de\",\"potentialAction\":[{\"@type\":\"ReadAction\",\"target\":[\"https:\/\/preprod.lessecretsduchocolat.com\/produit\/les-kougelhopfs-200g\/\"]}]},{\"@type\":\"ImageObject\",\"inLanguage\":\"de\",\"@id\":\"https:\/\/preprod.lessecretsduchocolat.com\/produit\/les-kougelhopfs-200g\/#primaryimage\",\"url\":\"https:\/\/preprod.lessecretsduchocolat.com\/wp-content\/uploads\/2025\/05\/658.jpg\",\"contentUrl\":\"https:\/\/preprod.lessecretsduchocolat.com\/wp-content\/uploads\/2025\/05\/658.jpg\",\"width\":500,\"height\":500},{\"@type\":\"BreadcrumbList\",\"@id\":\"https:\/\/preprod.lessecretsduchocolat.com\/produit\/les-kougelhopfs-200g\/#breadcrumb\",\"itemListElement\":[{\"@type\":\"ListItem\",\"position\":1,\"name\":\"Accueil\",\"item\":\"https:\/\/preprod.lessecretsduchocolat.com\/\"},{\"@type\":\"ListItem\",\"position\":2,\"name\":\"Magasin\",\"item\":\"https:\/\/preprod.lessecretsduchocolat.com\/magasin\/\"},{\"@type\":\"ListItem\",\"position\":3,\"name\":\"LES KOUGELHOPFS 200G\"}]},{\"@type\":\"WebSite\",\"@id\":\"https:\/\/preprod.lessecretsduchocolat.com\/#website\",\"url\":\"https:\/\/preprod.lessecretsduchocolat.com\/\",\"name\":\"Secrets de Chocolat\",\"description\":\"\",\"publisher\":{\"@id\":\"https:\/\/preprod.lessecretsduchocolat.com\/#organization\"},\"potentialAction\":[{\"@type\":\"SearchAction\",\"target\":{\"@type\":\"EntryPoint\",\"urlTemplate\":\"https:\/\/preprod.lessecretsduchocolat.com\/?s={search_term_string}\"},\"query-input\":{\"@type\":\"PropertyValueSpecification\",\"valueRequired\":true,\"valueName\":\"search_term_string\"}}],\"inLanguage\":\"de\"},{\"@type\":\"Organization\",\"@id\":\"https:\/\/preprod.lessecretsduchocolat.com\/#organization\",\"name\":\"Secrets de Chocolat\",\"url\":\"https:\/\/preprod.lessecretsduchocolat.com\/\",\"logo\":{\"@type\":\"ImageObject\",\"inLanguage\":\"de\",\"@id\":\"https:\/\/preprod.lessecretsduchocolat.com\/#\/schema\/logo\/image\/\",\"url\":\"https:\/\/preprod.lessecretsduchocolat.com\/wp-content\/uploads\/2025\/05\/logo.png\",\"contentUrl\":\"https:\/\/preprod.lessecretsduchocolat.com\/wp-content\/uploads\/2025\/05\/logo.png\",\"width\":198,\"height\":85,\"caption\":\"Secrets de Chocolat\"},\"image\":{\"@id\":\"https:\/\/preprod.lessecretsduchocolat.com\/#\/schema\/logo\/image\/\"}}]}<\/script>\n<!-- \/ Yoast SEO plugin. -->","yoast_head_json":{"title":"GUGELHOPFS 200G","description":"Gugelhopfs: dragierte Milchschokolade, Gianduja-Haselnusskern und knusprige Cr\u00eapesplitter. Eine leckere und festliche Spezialit\u00e4t zum Teilen.","robots":{"index":"noindex","follow":"follow","max-snippet":"max-snippet:-1","max-image-preview":"max-image-preview:large","max-video-preview":"max-video-preview:-1"},"og_locale":"de_DE","og_type":"article","og_title":"KOUGELHOPFS 200G","og_description":"Kougelhopfs : chocolats au lait drag\u00e9ifi\u00e9s, c\u0153ur gianduja noisettes et \u00e9clats croustillants de cr\u00eape. Une sp\u00e9cialit\u00e9 gourmande et festive \u00e0 partager.","og_url":"https:\/\/preprod.lessecretsduchocolat.com\/de\/product\/die-gugelhopfs-200g\/","og_site_name":"Secrets de Chocolat","article_modified_time":"2025-08-27T10:57:34+00:00","og_image":[{"width":500,"height":500,"url":"https:\/\/preprod.lessecretsduchocolat.com\/wp-content\/uploads\/2025\/05\/658.jpg","type":"image\/jpeg"}],"twitter_card":"summary_large_image","twitter_misc":{"Gesch\u00e4tzte Lesezeit":"2\u00a0Minuten"},"schema":{"@context":"https:\/\/schema.org","@graph":[{"@type":"WebPage","@id":"https:\/\/preprod.lessecretsduchocolat.com\/produit\/les-kougelhopfs-200g\/","url":"https:\/\/preprod.lessecretsduchocolat.com\/produit\/les-kougelhopfs-200g\/","name":"GUGELHOPFS 200G","isPartOf":{"@id":"https:\/\/preprod.lessecretsduchocolat.com\/#website"},"primaryImageOfPage":{"@id":"https:\/\/preprod.lessecretsduchocolat.com\/produit\/les-kougelhopfs-200g\/#primaryimage"},"image":{"@id":"https:\/\/preprod.lessecretsduchocolat.com\/produit\/les-kougelhopfs-200g\/#primaryimage"},"thumbnailUrl":"https:\/\/preprod.lessecretsduchocolat.com\/wp-content\/uploads\/2025\/05\/658.jpg","datePublished":"2020-02-25T16:05:42+00:00","dateModified":"2025-08-27T10:57:34+00:00","description":"Gugelhopfs: dragierte Milchschokolade, Gianduja-Haselnusskern und knusprige Cr\u00eapesplitter. Eine leckere und festliche Spezialit\u00e4t zum Teilen.","breadcrumb":{"@id":"https:\/\/preprod.lessecretsduchocolat.com\/produit\/les-kougelhopfs-200g\/#breadcrumb"},"inLanguage":"de","potentialAction":[{"@type":"ReadAction","target":["https:\/\/preprod.lessecretsduchocolat.com\/produit\/les-kougelhopfs-200g\/"]}]},{"@type":"ImageObject","inLanguage":"de","@id":"https:\/\/preprod.lessecretsduchocolat.com\/produit\/les-kougelhopfs-200g\/#primaryimage","url":"https:\/\/preprod.lessecretsduchocolat.com\/wp-content\/uploads\/2025\/05\/658.jpg","contentUrl":"https:\/\/preprod.lessecretsduchocolat.com\/wp-content\/uploads\/2025\/05\/658.jpg","width":500,"height":500},{"@type":"BreadcrumbList","@id":"https:\/\/preprod.lessecretsduchocolat.com\/produit\/les-kougelhopfs-200g\/#breadcrumb","itemListElement":[{"@type":"ListItem","position":1,"name":"Accueil","item":"https:\/\/preprod.lessecretsduchocolat.com\/"},{"@type":"ListItem","position":2,"name":"Magasin","item":"https:\/\/preprod.lessecretsduchocolat.com\/magasin\/"},{"@type":"ListItem","position":3,"name":"LES KOUGELHOPFS 200G"}]},{"@type":"WebSite","@id":"https:\/\/preprod.lessecretsduchocolat.com\/#website","url":"https:\/\/preprod.lessecretsduchocolat.com\/","name":"Secrets de Chocolat (Schokoladengeheimnisse)","description":"","publisher":{"@id":"https:\/\/preprod.lessecretsduchocolat.com\/#organization"},"potentialAction":[{"@type":"SearchAction","target":{"@type":"EntryPoint","urlTemplate":"https:\/\/preprod.lessecretsduchocolat.com\/?s={search_term_string}"},"query-input":{"@type":"PropertyValueSpecification","valueRequired":true,"valueName":"search_term_string"}}],"inLanguage":"de"},{"@type":"Organization","@id":"https:\/\/preprod.lessecretsduchocolat.com\/#organization","name":"Secrets de Chocolat (Schokoladengeheimnisse)","url":"https:\/\/preprod.lessecretsduchocolat.com\/","logo":{"@type":"ImageObject","inLanguage":"de","@id":"https:\/\/preprod.lessecretsduchocolat.com\/#\/schema\/logo\/image\/","url":"https:\/\/preprod.lessecretsduchocolat.com\/wp-content\/uploads\/2025\/05\/logo.png","contentUrl":"https:\/\/preprod.lessecretsduchocolat.com\/wp-content\/uploads\/2025\/05\/logo.png","width":198,"height":85,"caption":"Secrets de Chocolat"},"image":{"@id":"https:\/\/preprod.lessecretsduchocolat.com\/#\/schema\/logo\/image\/"}}]}},"_links":{"self":[{"href":"https:\/\/preprod.lessecretsduchocolat.com\/de\/wp-json\/wp\/v2\/product\/1050","targetHints":{"allow":["GET"]}}],"collection":[{"href":"https:\/\/preprod.lessecretsduchocolat.com\/de\/wp-json\/wp\/v2\/product"}],"about":[{"href":"https:\/\/preprod.lessecretsduchocolat.com\/de\/wp-json\/wp\/v2\/types\/product"}],"version-history":[{"count":3,"href":"https:\/\/preprod.lessecretsduchocolat.com\/de\/wp-json\/wp\/v2\/product\/1050\/revisions"}],"predecessor-version":[{"id":4081,"href":"https:\/\/preprod.lessecretsduchocolat.com\/de\/wp-json\/wp\/v2\/product\/1050\/revisions\/4081"}],"wp:featuredmedia":[{"embeddable":true,"href":"https:\/\/preprod.lessecretsduchocolat.com\/de\/wp-json\/wp\/v2\/media\/762"}],"wp:attachment":[{"href":"https:\/\/preprod.lessecretsduchocolat.com\/de\/wp-json\/wp\/v2\/media?parent=1050"}],"wp:term":[{"taxonomy":"product_brand","embeddable":true,"href":"https:\/\/preprod.lessecretsduchocolat.com\/de\/wp-json\/wp\/v2\/product_brand?post=1050"},{"taxonomy":"product_cat","embeddable":true,"href":"https:\/\/preprod.lessecretsduchocolat.com\/de\/wp-json\/wp\/v2\/product_cat?post=1050"},{"taxonomy":"product_tag","embeddable":true,"href":"https:\/\/preprod.lessecretsduchocolat.com\/de\/wp-json\/wp\/v2\/product_tag?post=1050"}],"curies":[{"name":"wp","href":"https:\/\/api.w.org\/{rel}","templated":true}]}}