{"id":1054,"date":"2020-08-26T06:40:07","date_gmt":"2020-08-26T06:40:07","guid":{"rendered":"https:\/\/preprod.lessecretsduchocolat.com\/?product=ecrin-de-chocolats-510g"},"modified":"2025-08-27T10:49:05","modified_gmt":"2025-08-27T08:49:05","slug":"ecrin-de-chocolats-500g","status":"publish","type":"product","link":"https:\/\/preprod.lessecretsduchocolat.com\/de\/product\/ecrin-de-chocolats-500g\/","title":{"rendered":"ECRIN DE CHOCOLATS 500G"},"content":{"rendered":"<p data-start=\"277\" data-end=\"471\">L\u2019<strong data-start=\"279\" data-end=\"307\">\u00c9crin de chocolats 500g<\/strong> est un coffret raffin\u00e9 qui r\u00e9unit environ <strong data-start=\"350\" data-end=\"375\">51 chocolats assortis<\/strong>, r\u00e9partis en <strong data-start=\"389\" data-end=\"416\">14 recettes diff\u00e9rentes<\/strong>, \u00e9labor\u00e9es avec du <strong data-start=\"436\" data-end=\"468\">chocolat pur beurre de cacao<\/strong>.<\/p>\n<p data-start=\"473\" data-end=\"680\">Chaque chocolat propose une d\u00e9couverte unique : pralin\u00e9s fondants, ganaches onctueuses, notes fruit\u00e9es d\u00e9licates ou recettes croustillantes. Un assortiment vari\u00e9 qui satisfait toutes les envies gourmandes.<\/p>\n<p data-start=\"682\" data-end=\"863\">L\u2019\u00e9quilibre entre chocolats noirs et chocolats au lait offre une d\u00e9gustation diversifi\u00e9e, pens\u00e9e pour plaire \u00e0 tous les palais, des amateurs de douceur aux passionn\u00e9s d\u2019intensit\u00e9.<\/p>\n<p data-start=\"865\" data-end=\"1042\">Avec son format g\u00e9n\u00e9reux, l\u2019<strong data-start=\"893\" data-end=\"908\">\u00c9crin 500g<\/strong> est id\u00e9al pour marquer une occasion particuli\u00e8re, remercier un proche, c\u00e9l\u00e9brer une f\u00eate familiale ou offrir un cadeau d\u2019exception.<\/p>\n<p data-start=\"1044\" data-end=\"1191\">C\u2019est aussi une excellente id\u00e9e pour accompagner un repas, garnir une table de f\u00eate ou partager un moment convivial autour d\u2019un caf\u00e9 ou d\u2019un th\u00e9.<\/p>\n<p data-start=\"1193\" data-end=\"1365\">Le <strong data-start=\"1196\" data-end=\"1228\">chocolat pur beurre de cacao<\/strong> garantit une fonte parfaite et des ar\u00f4mes riches, qui valorisent chaque recette et subliment les textures fondantes ou croustillantes.<\/p>\n<p data-start=\"1367\" data-end=\"1524\">Les <strong data-start=\"1371\" data-end=\"1399\">14 vari\u00e9t\u00e9s de chocolats<\/strong> incluses dans cet \u00e9crin permettent de satisfaire toutes les pr\u00e9f\u00e9rences et d\u2019apporter de la surprise \u00e0 chaque d\u00e9gustation.<\/p>\n<p data-start=\"1526\" data-end=\"1696\">Pr\u00e9sent\u00e9 dans un coffret soign\u00e9, l\u2019<strong data-start=\"1561\" data-end=\"1589\">\u00c9crin de chocolats 500g<\/strong> devient un <strong data-start=\"1601\" data-end=\"1635\">cadeau gourmand incontournable<\/strong>, appr\u00e9ci\u00e9 autant pour sa diversit\u00e9 que pour sa g\u00e9n\u00e9rosit\u00e9.<\/p>\n<p data-start=\"1698\" data-end=\"1839\">Offrir cet \u00e9crin, c\u2019est partager la richesse du chocolat sous toutes ses formes : un pr\u00e9sent \u00e9l\u00e9gant et gourmand qui fait toujours plaisir.<\/p>","protected":false},"excerpt":{"rendered":"<p data-start=\"2038\" data-end=\"2187\"><strong><em data-start=\"2038\" data-end=\"2185\">\u00c9crin de chocolats 500 g: 51 gemischte Schokoladen, 14 verschiedene Rezepte aus reiner Kakaobutter. Eine gro\u00dfz\u00fcgige Schachtel, ideal zum Verschenken oder Teilen.<\/em><\/strong><\/p>","protected":false},"featured_media":773,"template":"","meta":{"_acf_changed":false,"site-sidebar-layout":"default","site-content-layout":"","ast-site-content-layout":"default","site-content-style":"default","site-sidebar-style":"default","ast-global-header-display":"","ast-banner-title-visibility":"","ast-main-header-display":"","ast-hfb-above-header-display":"","ast-hfb-below-header-display":"","ast-hfb-mobile-header-display":"","site-post-title":"","ast-breadcrumbs-content":"","ast-featured-img":"","footer-sml-layout":"","theme-transparent-header-meta":"default","adv-header-id-meta":"","stick-header-meta":"","header-above-stick-meta":"","header-main-stick-meta":"","header-below-stick-meta":"","astra-migrate-meta-layouts":"set","ast-page-background-enabled":"default","ast-page-background-meta":{"desktop":{"background-color":"var(--ast-global-color-4)","background-image":"","background-repeat":"repeat","background-position":"center center","background-size":"auto","background-attachment":"scroll","background-type":"","background-media":"","overlay-type":"","overlay-color":"","overlay-opacity":"","overlay-gradient":""},"tablet":{"background-color":"","background-image":"","background-repeat":"repeat","background-position":"center center","background-size":"auto","background-attachment":"scroll","background-type":"","background-media":"","overlay-type":"","overlay-color":"","overlay-opacity":"","overlay-gradient":""},"mobile":{"background-color":"","background-image":"","background-repeat":"repeat","background-position":"center center","background-size":"auto","background-attachment":"scroll","background-type":"","background-media":"","overlay-type":"","overlay-color":"","overlay-opacity":"","overlay-gradient":""}},"ast-content-background-meta":{"desktop":{"background-color":"var(--ast-global-color-5)","background-image":"","background-repeat":"repeat","background-position":"center center","background-size":"auto","background-attachment":"scroll","background-type":"","background-media":"","overlay-type":"","overlay-color":"","overlay-opacity":"","overlay-gradient":""},"tablet":{"background-color":"var(--ast-global-color-5)","background-image":"","background-repeat":"repeat","background-position":"center center","background-size":"auto","background-attachment":"scroll","background-type":"","background-media":"","overlay-type":"","overlay-color":"","overlay-opacity":"","overlay-gradient":""},"mobile":{"background-color":"var(--ast-global-color-5)","background-image":"","background-repeat":"repeat","background-position":"center center","background-size":"auto","background-attachment":"scroll","background-type":"","background-media":"","overlay-type":"","overlay-color":"","overlay-opacity":"","overlay-gradient":""}},"iawp_total_views":0},"product_brand":[],"product_cat":[139],"product_tag":[],"class_list":{"0":"post-1054","1":"product","2":"type-product","3":"status-publish","4":"has-post-thumbnail","6":"product_cat-coffrets-chocolat","7":"desktop-align-left","8":"tablet-align-left","9":"mobile-align-left","11":"first","12":"outofstock","13":"taxable","14":"shipping-taxable","15":"purchasable","16":"product-type-simple"},"acf":[],"yoast_head":"<!-- This site is optimized with the Yoast SEO plugin v25.9 - https:\/\/yoast.com\/wordpress\/plugins\/seo\/ -->\n<title>ECRIN DE CHOCOLATS 500G<\/title>\n<meta name=\"description\" content=\"\u00c9crin de chocolats 500 g : 51 chocolats assortis, 14 recettes vari\u00e9es en pur beurre de cacao. Un coffret g\u00e9n\u00e9reux, id\u00e9al pour offrir ou partager.\" \/>\n<meta name=\"robots\" content=\"noindex, follow, max-snippet:-1, max-image-preview:large, max-video-preview:-1\" \/>\n<meta property=\"og:locale\" content=\"de_DE\" \/>\n<meta property=\"og:type\" content=\"article\" \/>\n<meta property=\"og:title\" content=\"ECRIN DE CHOCOLATS 500G\" \/>\n<meta property=\"og:description\" content=\"\u00c9crin de chocolats 500 g : 51 chocolats assortis, 14 recettes vari\u00e9es en pur beurre de cacao. Un coffret g\u00e9n\u00e9reux, id\u00e9al pour offrir ou partager.\" \/>\n<meta property=\"og:url\" content=\"https:\/\/preprod.lessecretsduchocolat.com\/de\/product\/ecrin-de-chocolats-500g\/\" \/>\n<meta property=\"og:site_name\" content=\"Secrets de Chocolat\" \/>\n<meta property=\"article:modified_time\" content=\"2025-08-27T08:49:05+00:00\" \/>\n<meta property=\"og:image\" content=\"https:\/\/preprod.lessecretsduchocolat.com\/wp-content\/uploads\/2025\/05\/1583-scaled.jpg\" \/>\n\t<meta property=\"og:image:width\" content=\"2560\" \/>\n\t<meta property=\"og:image:height\" content=\"1920\" \/>\n\t<meta property=\"og:image:type\" content=\"image\/jpeg\" \/>\n<meta name=\"twitter:card\" content=\"summary_large_image\" \/>\n<meta name=\"twitter:label1\" content=\"Gesch\u00e4tzte Lesezeit\" \/>\n\t<meta name=\"twitter:data1\" content=\"2\u00a0Minuten\" \/>\n<script type=\"application\/ld+json\" class=\"yoast-schema-graph\">{\"@context\":\"https:\/\/schema.org\",\"@graph\":[{\"@type\":\"WebPage\",\"@id\":\"https:\/\/preprod.lessecretsduchocolat.com\/produit\/ecrin-de-chocolats-500g\/\",\"url\":\"https:\/\/preprod.lessecretsduchocolat.com\/produit\/ecrin-de-chocolats-500g\/\",\"name\":\"ECRIN DE CHOCOLATS 500G\",\"isPartOf\":{\"@id\":\"https:\/\/preprod.lessecretsduchocolat.com\/#website\"},\"primaryImageOfPage\":{\"@id\":\"https:\/\/preprod.lessecretsduchocolat.com\/produit\/ecrin-de-chocolats-500g\/#primaryimage\"},\"image\":{\"@id\":\"https:\/\/preprod.lessecretsduchocolat.com\/produit\/ecrin-de-chocolats-500g\/#primaryimage\"},\"thumbnailUrl\":\"https:\/\/preprod.lessecretsduchocolat.com\/wp-content\/uploads\/2025\/05\/1583-scaled.jpg\",\"datePublished\":\"2020-08-26T06:40:07+00:00\",\"dateModified\":\"2025-08-27T08:49:05+00:00\",\"description\":\"\u00c9crin de chocolats 500 g : 51 chocolats assortis, 14 recettes vari\u00e9es en pur beurre de cacao. Un coffret g\u00e9n\u00e9reux, id\u00e9al pour offrir ou partager.\",\"breadcrumb\":{\"@id\":\"https:\/\/preprod.lessecretsduchocolat.com\/produit\/ecrin-de-chocolats-500g\/#breadcrumb\"},\"inLanguage\":\"de\",\"potentialAction\":[{\"@type\":\"ReadAction\",\"target\":[\"https:\/\/preprod.lessecretsduchocolat.com\/produit\/ecrin-de-chocolats-500g\/\"]}]},{\"@type\":\"ImageObject\",\"inLanguage\":\"de\",\"@id\":\"https:\/\/preprod.lessecretsduchocolat.com\/produit\/ecrin-de-chocolats-500g\/#primaryimage\",\"url\":\"https:\/\/preprod.lessecretsduchocolat.com\/wp-content\/uploads\/2025\/05\/1583-scaled.jpg\",\"contentUrl\":\"https:\/\/preprod.lessecretsduchocolat.com\/wp-content\/uploads\/2025\/05\/1583-scaled.jpg\",\"width\":2560,\"height\":1920},{\"@type\":\"BreadcrumbList\",\"@id\":\"https:\/\/preprod.lessecretsduchocolat.com\/produit\/ecrin-de-chocolats-500g\/#breadcrumb\",\"itemListElement\":[{\"@type\":\"ListItem\",\"position\":1,\"name\":\"Accueil\",\"item\":\"https:\/\/preprod.lessecretsduchocolat.com\/\"},{\"@type\":\"ListItem\",\"position\":2,\"name\":\"Magasin\",\"item\":\"https:\/\/preprod.lessecretsduchocolat.com\/magasin\/\"},{\"@type\":\"ListItem\",\"position\":3,\"name\":\"ECRIN DE CHOCOLATS 500G\"}]},{\"@type\":\"WebSite\",\"@id\":\"https:\/\/preprod.lessecretsduchocolat.com\/#website\",\"url\":\"https:\/\/preprod.lessecretsduchocolat.com\/\",\"name\":\"Secrets de Chocolat\",\"description\":\"\",\"publisher\":{\"@id\":\"https:\/\/preprod.lessecretsduchocolat.com\/#organization\"},\"potentialAction\":[{\"@type\":\"SearchAction\",\"target\":{\"@type\":\"EntryPoint\",\"urlTemplate\":\"https:\/\/preprod.lessecretsduchocolat.com\/?s={search_term_string}\"},\"query-input\":{\"@type\":\"PropertyValueSpecification\",\"valueRequired\":true,\"valueName\":\"search_term_string\"}}],\"inLanguage\":\"de\"},{\"@type\":\"Organization\",\"@id\":\"https:\/\/preprod.lessecretsduchocolat.com\/#organization\",\"name\":\"Secrets de Chocolat\",\"url\":\"https:\/\/preprod.lessecretsduchocolat.com\/\",\"logo\":{\"@type\":\"ImageObject\",\"inLanguage\":\"de\",\"@id\":\"https:\/\/preprod.lessecretsduchocolat.com\/#\/schema\/logo\/image\/\",\"url\":\"https:\/\/preprod.lessecretsduchocolat.com\/wp-content\/uploads\/2025\/05\/logo.png\",\"contentUrl\":\"https:\/\/preprod.lessecretsduchocolat.com\/wp-content\/uploads\/2025\/05\/logo.png\",\"width\":198,\"height\":85,\"caption\":\"Secrets de Chocolat\"},\"image\":{\"@id\":\"https:\/\/preprod.lessecretsduchocolat.com\/#\/schema\/logo\/image\/\"}}]}<\/script>\n<!-- \/ Yoast SEO plugin. -->","yoast_head_json":{"title":"ECRIN DE CHOCOLATS 500G","description":"\u00c9crin de chocolats 500 g: 51 gemischte Schokoladen, 14 verschiedene Rezepte aus reiner Kakaobutter. Eine gro\u00dfz\u00fcgige Schachtel, ideal zum Verschenken oder Teilen.","robots":{"index":"noindex","follow":"follow","max-snippet":"max-snippet:-1","max-image-preview":"max-image-preview:large","max-video-preview":"max-video-preview:-1"},"og_locale":"de_DE","og_type":"article","og_title":"ECRIN DE CHOCOLATS 500G","og_description":"\u00c9crin de chocolats 500 g : 51 chocolats assortis, 14 recettes vari\u00e9es en pur beurre de cacao. Un coffret g\u00e9n\u00e9reux, id\u00e9al pour offrir ou partager.","og_url":"https:\/\/preprod.lessecretsduchocolat.com\/de\/product\/ecrin-de-chocolats-500g\/","og_site_name":"Secrets de Chocolat","article_modified_time":"2025-08-27T08:49:05+00:00","og_image":[{"width":2560,"height":1920,"url":"https:\/\/preprod.lessecretsduchocolat.com\/wp-content\/uploads\/2025\/05\/1583-scaled.jpg","type":"image\/jpeg"}],"twitter_card":"summary_large_image","twitter_misc":{"Gesch\u00e4tzte Lesezeit":"2\u00a0Minuten"},"schema":{"@context":"https:\/\/schema.org","@graph":[{"@type":"WebPage","@id":"https:\/\/preprod.lessecretsduchocolat.com\/produit\/ecrin-de-chocolats-500g\/","url":"https:\/\/preprod.lessecretsduchocolat.com\/produit\/ecrin-de-chocolats-500g\/","name":"ECRIN DE CHOCOLATS 500G","isPartOf":{"@id":"https:\/\/preprod.lessecretsduchocolat.com\/#website"},"primaryImageOfPage":{"@id":"https:\/\/preprod.lessecretsduchocolat.com\/produit\/ecrin-de-chocolats-500g\/#primaryimage"},"image":{"@id":"https:\/\/preprod.lessecretsduchocolat.com\/produit\/ecrin-de-chocolats-500g\/#primaryimage"},"thumbnailUrl":"https:\/\/preprod.lessecretsduchocolat.com\/wp-content\/uploads\/2025\/05\/1583-scaled.jpg","datePublished":"2020-08-26T06:40:07+00:00","dateModified":"2025-08-27T08:49:05+00:00","description":"\u00c9crin de chocolats 500 g: 51 gemischte Schokoladen, 14 verschiedene Rezepte aus reiner Kakaobutter. Eine gro\u00dfz\u00fcgige Schachtel, ideal zum Verschenken oder Teilen.","breadcrumb":{"@id":"https:\/\/preprod.lessecretsduchocolat.com\/produit\/ecrin-de-chocolats-500g\/#breadcrumb"},"inLanguage":"de","potentialAction":[{"@type":"ReadAction","target":["https:\/\/preprod.lessecretsduchocolat.com\/produit\/ecrin-de-chocolats-500g\/"]}]},{"@type":"ImageObject","inLanguage":"de","@id":"https:\/\/preprod.lessecretsduchocolat.com\/produit\/ecrin-de-chocolats-500g\/#primaryimage","url":"https:\/\/preprod.lessecretsduchocolat.com\/wp-content\/uploads\/2025\/05\/1583-scaled.jpg","contentUrl":"https:\/\/preprod.lessecretsduchocolat.com\/wp-content\/uploads\/2025\/05\/1583-scaled.jpg","width":2560,"height":1920},{"@type":"BreadcrumbList","@id":"https:\/\/preprod.lessecretsduchocolat.com\/produit\/ecrin-de-chocolats-500g\/#breadcrumb","itemListElement":[{"@type":"ListItem","position":1,"name":"Accueil","item":"https:\/\/preprod.lessecretsduchocolat.com\/"},{"@type":"ListItem","position":2,"name":"Magasin","item":"https:\/\/preprod.lessecretsduchocolat.com\/magasin\/"},{"@type":"ListItem","position":3,"name":"ECRIN DE CHOCOLATS 500G"}]},{"@type":"WebSite","@id":"https:\/\/preprod.lessecretsduchocolat.com\/#website","url":"https:\/\/preprod.lessecretsduchocolat.com\/","name":"Secrets de Chocolat (Schokoladengeheimnisse)","description":"","publisher":{"@id":"https:\/\/preprod.lessecretsduchocolat.com\/#organization"},"potentialAction":[{"@type":"SearchAction","target":{"@type":"EntryPoint","urlTemplate":"https:\/\/preprod.lessecretsduchocolat.com\/?s={search_term_string}"},"query-input":{"@type":"PropertyValueSpecification","valueRequired":true,"valueName":"search_term_string"}}],"inLanguage":"de"},{"@type":"Organization","@id":"https:\/\/preprod.lessecretsduchocolat.com\/#organization","name":"Secrets de Chocolat (Schokoladengeheimnisse)","url":"https:\/\/preprod.lessecretsduchocolat.com\/","logo":{"@type":"ImageObject","inLanguage":"de","@id":"https:\/\/preprod.lessecretsduchocolat.com\/#\/schema\/logo\/image\/","url":"https:\/\/preprod.lessecretsduchocolat.com\/wp-content\/uploads\/2025\/05\/logo.png","contentUrl":"https:\/\/preprod.lessecretsduchocolat.com\/wp-content\/uploads\/2025\/05\/logo.png","width":198,"height":85,"caption":"Secrets de Chocolat"},"image":{"@id":"https:\/\/preprod.lessecretsduchocolat.com\/#\/schema\/logo\/image\/"}}]}},"_links":{"self":[{"href":"https:\/\/preprod.lessecretsduchocolat.com\/de\/wp-json\/wp\/v2\/product\/1054","targetHints":{"allow":["GET"]}}],"collection":[{"href":"https:\/\/preprod.lessecretsduchocolat.com\/de\/wp-json\/wp\/v2\/product"}],"about":[{"href":"https:\/\/preprod.lessecretsduchocolat.com\/de\/wp-json\/wp\/v2\/types\/product"}],"version-history":[{"count":4,"href":"https:\/\/preprod.lessecretsduchocolat.com\/de\/wp-json\/wp\/v2\/product\/1054\/revisions"}],"predecessor-version":[{"id":4056,"href":"https:\/\/preprod.lessecretsduchocolat.com\/de\/wp-json\/wp\/v2\/product\/1054\/revisions\/4056"}],"wp:featuredmedia":[{"embeddable":true,"href":"https:\/\/preprod.lessecretsduchocolat.com\/de\/wp-json\/wp\/v2\/media\/773"}],"wp:attachment":[{"href":"https:\/\/preprod.lessecretsduchocolat.com\/de\/wp-json\/wp\/v2\/media?parent=1054"}],"wp:term":[{"taxonomy":"product_brand","embeddable":true,"href":"https:\/\/preprod.lessecretsduchocolat.com\/de\/wp-json\/wp\/v2\/product_brand?post=1054"},{"taxonomy":"product_cat","embeddable":true,"href":"https:\/\/preprod.lessecretsduchocolat.com\/de\/wp-json\/wp\/v2\/product_cat?post=1054"},{"taxonomy":"product_tag","embeddable":true,"href":"https:\/\/preprod.lessecretsduchocolat.com\/de\/wp-json\/wp\/v2\/product_tag?post=1054"}],"curies":[{"name":"wp","href":"https:\/\/api.w.org\/{rel}","templated":true}]}}