{"id":1055,"date":"2020-08-28T06:40:12","date_gmt":"2020-08-28T06:40:12","guid":{"rendered":"https:\/\/preprod.lessecretsduchocolat.com\/?product=limonade-au-chocolat"},"modified":"2025-08-27T10:40:43","modified_gmt":"2025-08-27T08:40:43","slug":"schokoladenlimonade","status":"publish","type":"product","link":"https:\/\/preprod.lessecretsduchocolat.com\/de\/product\/schokoladenlimonade\/","title":{"rendered":"SCHOKOLADENLIMONADE"},"content":{"rendered":"<p data-start=\"182\" data-end=\"256\"><span class=\"relative -mx-px my-[-0.2rem] rounded px-px py-[0.2rem] transition-colors duration-100 ease-in-out\">La <strong data-start=\"3\" data-end=\"42\">Limonade au chocolat (33\u202fcl)<\/strong> est une cr\u00e9ation p\u00e9tillante et surprenante qui marie la fra\u00eecheur d\u2019une boisson gazeuse \u00e0 la gourmandise d\u2019un doux parfum cacaot\u00e9<\/span><\/p>\n<p data-start=\"258\" data-end=\"332\"><span class=\"relative -mx-px my-[-0.2rem] rounded px-px py-[0.2rem] transition-colors duration-100 ease-in-out\">Sans ar\u00f4mes artificiels ni conservateurs, cette limonade est \u00e9labor\u00e9e \u00e0 partir d\u2019eau gazeuse, de sucre de canne, d\u2019ar\u00f4mes naturels et d\u2019extrait de cacao.<\/span><\/p>\n<p data-start=\"334\" data-end=\"408\"><span class=\"relative -mx-px my-[-0.2rem] rounded px-px py-[0.2rem] transition-colors duration-100 ease-in-out\">Sa bulle raffin\u00e9e lib\u00e8re un d\u00e9licat parfum chocolat\u00e9, relev\u00e9 par une l\u00e9g\u00e8re pointe sucr\u00e9e, \u00e9voquant subtilement la gourmandise tout en restant rafra\u00eechissante.<\/span><\/p>\n<p data-start=\"410\" data-end=\"447\"><span class=\"relative -mx-px my-[-0.2rem] rounded px-px py-[0.2rem] transition-colors duration-100 ease-in-out\">La limonade au chocolat s\u2019offre aussi bien en ap\u00e9ritif, \u00e0 l\u2019occasion d\u2019un moment convivial, qu\u2019en dessert l\u00e9ger, pour surprendre et \u00e9veiller les sens.<\/span><\/p>\n<p data-start=\"449\" data-end=\"486\"><span class=\"relative -mx-px my-[-0.2rem] rounded px-px py-[0.2rem] transition-colors duration-100 ease-in-out\">Le format de 33\u202fcl incarne la juste mesure : une boisson originale \u00e0 savourer seul ou \u00e0 partager \u00e0 deux, sans exc\u00e8s.<\/span><\/p>\n<p data-start=\"488\" data-end=\"527\"><span class=\"relative -mx-px my-[-0.2rem] rounded px-px py-[0.2rem] transition-colors duration-100 ease-in-out\">Id\u00e9ale en accompagnement d\u2019un go\u00fbter cr\u00e9atif, d\u2019un caf\u00e9 gourmand revisit\u00e9, ou encore d\u2019un moment d\u00e9tente improvis\u00e9.<\/span><\/p>\n<p data-start=\"529\" data-end=\"607\"><span class=\"relative -mx-px my-[-0.2rem] rounded px-px py-[0.2rem] transition-colors duration-100 ease-in-out\">Produit reconnu <strong data-start=\"16\" data-end=\"38\">Artisan de Qualit\u00e9<\/strong> par le Coll\u00e8ge Culinaire de France, gage d\u2019un savoir-faire local et exigeant.<\/span><\/p>","protected":false},"excerpt":{"rendered":"<p><strong>Lassen Sie sich von diesem kohlens\u00e4urehaltigen Getr\u00e4nk mit Schokoladenaromen \u00fcberraschen. Subtile Kakaonoten sorgen daf\u00fcr, dass auch Schokoladen-Aficionados auf ihre Kosten kommen!<\/strong><\/p>","protected":false},"featured_media":776,"template":"","meta":{"_acf_changed":false,"site-sidebar-layout":"default","site-content-layout":"","ast-site-content-layout":"default","site-content-style":"default","site-sidebar-style":"default","ast-global-header-display":"","ast-banner-title-visibility":"","ast-main-header-display":"","ast-hfb-above-header-display":"","ast-hfb-below-header-display":"","ast-hfb-mobile-header-display":"","site-post-title":"","ast-breadcrumbs-content":"","ast-featured-img":"","footer-sml-layout":"","theme-transparent-header-meta":"default","adv-header-id-meta":"","stick-header-meta":"","header-above-stick-meta":"","header-main-stick-meta":"","header-below-stick-meta":"","astra-migrate-meta-layouts":"set","ast-page-background-enabled":"default","ast-page-background-meta":{"desktop":{"background-color":"var(--ast-global-color-4)","background-image":"","background-repeat":"repeat","background-position":"center center","background-size":"auto","background-attachment":"scroll","background-type":"","background-media":"","overlay-type":"","overlay-color":"","overlay-opacity":"","overlay-gradient":""},"tablet":{"background-color":"","background-image":"","background-repeat":"repeat","background-position":"center center","background-size":"auto","background-attachment":"scroll","background-type":"","background-media":"","overlay-type":"","overlay-color":"","overlay-opacity":"","overlay-gradient":""},"mobile":{"background-color":"","background-image":"","background-repeat":"repeat","background-position":"center center","background-size":"auto","background-attachment":"scroll","background-type":"","background-media":"","overlay-type":"","overlay-color":"","overlay-opacity":"","overlay-gradient":""}},"ast-content-background-meta":{"desktop":{"background-color":"var(--ast-global-color-5)","background-image":"","background-repeat":"repeat","background-position":"center center","background-size":"auto","background-attachment":"scroll","background-type":"","background-media":"","overlay-type":"","overlay-color":"","overlay-opacity":"","overlay-gradient":""},"tablet":{"background-color":"var(--ast-global-color-5)","background-image":"","background-repeat":"repeat","background-position":"center center","background-size":"auto","background-attachment":"scroll","background-type":"","background-media":"","overlay-type":"","overlay-color":"","overlay-opacity":"","overlay-gradient":""},"mobile":{"background-color":"var(--ast-global-color-5)","background-image":"","background-repeat":"repeat","background-position":"center center","background-size":"auto","background-attachment":"scroll","background-type":"","background-media":"","overlay-type":"","overlay-color":"","overlay-opacity":"","overlay-gradient":""}},"iawp_total_views":0},"product_brand":[],"product_cat":[204],"product_tag":[],"class_list":{"0":"post-1055","1":"product","2":"type-product","3":"status-publish","4":"has-post-thumbnail","6":"product_cat-epicerie","7":"desktop-align-left","8":"tablet-align-left","9":"mobile-align-left","11":"first","12":"outofstock","13":"taxable","14":"shipping-taxable","15":"purchasable","16":"product-type-simple"},"acf":[],"yoast_head":"<!-- This site is optimized with the Yoast SEO plugin v25.9 - https:\/\/yoast.com\/wordpress\/plugins\/seo\/ -->\n<title>LIMONADE AU CHOCOLAT<\/title>\n<meta name=\"description\" content=\"Limonade au chocolat en 33 cl : boisson p\u00e9tillante sans conservateur, sucre de canne et extrait de cacao. Une touche originale et rafra\u00eechissante.\" \/>\n<meta name=\"robots\" content=\"noindex, follow, max-snippet:-1, max-image-preview:large, max-video-preview:-1\" \/>\n<meta property=\"og:locale\" content=\"de_DE\" \/>\n<meta property=\"og:type\" content=\"article\" \/>\n<meta property=\"og:title\" content=\"LIMONADE AU CHOCOLAT\" \/>\n<meta property=\"og:description\" content=\"Limonade au chocolat en 33 cl : boisson p\u00e9tillante sans conservateur, sucre de canne et extrait de cacao. Une touche originale et rafra\u00eechissante.\" \/>\n<meta property=\"og:url\" content=\"https:\/\/preprod.lessecretsduchocolat.com\/de\/product\/schokoladenlimonade\/\" \/>\n<meta property=\"og:site_name\" content=\"Secrets de Chocolat\" \/>\n<meta property=\"article:modified_time\" content=\"2025-08-27T08:40:43+00:00\" \/>\n<meta property=\"og:image\" content=\"https:\/\/preprod.lessecretsduchocolat.com\/wp-content\/uploads\/2025\/05\/430.jpg\" \/>\n\t<meta property=\"og:image:width\" content=\"500\" \/>\n\t<meta property=\"og:image:height\" content=\"500\" \/>\n\t<meta property=\"og:image:type\" content=\"image\/jpeg\" \/>\n<meta name=\"twitter:card\" content=\"summary_large_image\" \/>\n<meta name=\"twitter:label1\" content=\"Gesch\u00e4tzte Lesezeit\" \/>\n\t<meta name=\"twitter:data1\" content=\"1\u00a0Minute\" \/>\n<script type=\"application\/ld+json\" class=\"yoast-schema-graph\">{\"@context\":\"https:\/\/schema.org\",\"@graph\":[{\"@type\":\"WebPage\",\"@id\":\"https:\/\/preprod.lessecretsduchocolat.com\/produit\/limonade-au-chocolat\/\",\"url\":\"https:\/\/preprod.lessecretsduchocolat.com\/produit\/limonade-au-chocolat\/\",\"name\":\"LIMONADE AU CHOCOLAT\",\"isPartOf\":{\"@id\":\"https:\/\/preprod.lessecretsduchocolat.com\/#website\"},\"primaryImageOfPage\":{\"@id\":\"https:\/\/preprod.lessecretsduchocolat.com\/produit\/limonade-au-chocolat\/#primaryimage\"},\"image\":{\"@id\":\"https:\/\/preprod.lessecretsduchocolat.com\/produit\/limonade-au-chocolat\/#primaryimage\"},\"thumbnailUrl\":\"https:\/\/preprod.lessecretsduchocolat.com\/wp-content\/uploads\/2025\/05\/430.jpg\",\"datePublished\":\"2020-08-28T06:40:12+00:00\",\"dateModified\":\"2025-08-27T08:40:43+00:00\",\"description\":\"Limonade au chocolat en 33 cl : boisson p\u00e9tillante sans conservateur, sucre de canne et extrait de cacao. Une touche originale et rafra\u00eechissante.\",\"breadcrumb\":{\"@id\":\"https:\/\/preprod.lessecretsduchocolat.com\/produit\/limonade-au-chocolat\/#breadcrumb\"},\"inLanguage\":\"de\",\"potentialAction\":[{\"@type\":\"ReadAction\",\"target\":[\"https:\/\/preprod.lessecretsduchocolat.com\/produit\/limonade-au-chocolat\/\"]}]},{\"@type\":\"ImageObject\",\"inLanguage\":\"de\",\"@id\":\"https:\/\/preprod.lessecretsduchocolat.com\/produit\/limonade-au-chocolat\/#primaryimage\",\"url\":\"https:\/\/preprod.lessecretsduchocolat.com\/wp-content\/uploads\/2025\/05\/430.jpg\",\"contentUrl\":\"https:\/\/preprod.lessecretsduchocolat.com\/wp-content\/uploads\/2025\/05\/430.jpg\",\"width\":500,\"height\":500},{\"@type\":\"BreadcrumbList\",\"@id\":\"https:\/\/preprod.lessecretsduchocolat.com\/produit\/limonade-au-chocolat\/#breadcrumb\",\"itemListElement\":[{\"@type\":\"ListItem\",\"position\":1,\"name\":\"Accueil\",\"item\":\"https:\/\/preprod.lessecretsduchocolat.com\/\"},{\"@type\":\"ListItem\",\"position\":2,\"name\":\"Magasin\",\"item\":\"https:\/\/preprod.lessecretsduchocolat.com\/magasin\/\"},{\"@type\":\"ListItem\",\"position\":3,\"name\":\"LIMONADE AU CHOCOLAT\"}]},{\"@type\":\"WebSite\",\"@id\":\"https:\/\/preprod.lessecretsduchocolat.com\/#website\",\"url\":\"https:\/\/preprod.lessecretsduchocolat.com\/\",\"name\":\"Secrets de Chocolat\",\"description\":\"\",\"publisher\":{\"@id\":\"https:\/\/preprod.lessecretsduchocolat.com\/#organization\"},\"potentialAction\":[{\"@type\":\"SearchAction\",\"target\":{\"@type\":\"EntryPoint\",\"urlTemplate\":\"https:\/\/preprod.lessecretsduchocolat.com\/?s={search_term_string}\"},\"query-input\":{\"@type\":\"PropertyValueSpecification\",\"valueRequired\":true,\"valueName\":\"search_term_string\"}}],\"inLanguage\":\"de\"},{\"@type\":\"Organization\",\"@id\":\"https:\/\/preprod.lessecretsduchocolat.com\/#organization\",\"name\":\"Secrets de Chocolat\",\"url\":\"https:\/\/preprod.lessecretsduchocolat.com\/\",\"logo\":{\"@type\":\"ImageObject\",\"inLanguage\":\"de\",\"@id\":\"https:\/\/preprod.lessecretsduchocolat.com\/#\/schema\/logo\/image\/\",\"url\":\"https:\/\/preprod.lessecretsduchocolat.com\/wp-content\/uploads\/2025\/05\/logo.png\",\"contentUrl\":\"https:\/\/preprod.lessecretsduchocolat.com\/wp-content\/uploads\/2025\/05\/logo.png\",\"width\":198,\"height\":85,\"caption\":\"Secrets de Chocolat\"},\"image\":{\"@id\":\"https:\/\/preprod.lessecretsduchocolat.com\/#\/schema\/logo\/image\/\"}}]}<\/script>\n<!-- \/ Yoast SEO plugin. -->","yoast_head_json":{"title":"SCHOKOLADENLIMONADE","description":"Schokoladenlimonade in 33 cl: prickelndes Getr\u00e4nk ohne Konservierungsstoffe, Rohrzucker und Kakaoextrakt. Eine originelle und erfrischende Note.","robots":{"index":"noindex","follow":"follow","max-snippet":"max-snippet:-1","max-image-preview":"max-image-preview:large","max-video-preview":"max-video-preview:-1"},"og_locale":"de_DE","og_type":"article","og_title":"LIMONADE AU CHOCOLAT","og_description":"Limonade au chocolat en 33 cl : boisson p\u00e9tillante sans conservateur, sucre de canne et extrait de cacao. Une touche originale et rafra\u00eechissante.","og_url":"https:\/\/preprod.lessecretsduchocolat.com\/de\/product\/schokoladenlimonade\/","og_site_name":"Secrets de Chocolat","article_modified_time":"2025-08-27T08:40:43+00:00","og_image":[{"width":500,"height":500,"url":"https:\/\/preprod.lessecretsduchocolat.com\/wp-content\/uploads\/2025\/05\/430.jpg","type":"image\/jpeg"}],"twitter_card":"summary_large_image","twitter_misc":{"Gesch\u00e4tzte Lesezeit":"1\u00a0Minute"},"schema":{"@context":"https:\/\/schema.org","@graph":[{"@type":"WebPage","@id":"https:\/\/preprod.lessecretsduchocolat.com\/produit\/limonade-au-chocolat\/","url":"https:\/\/preprod.lessecretsduchocolat.com\/produit\/limonade-au-chocolat\/","name":"SCHOKOLADENLIMONADE","isPartOf":{"@id":"https:\/\/preprod.lessecretsduchocolat.com\/#website"},"primaryImageOfPage":{"@id":"https:\/\/preprod.lessecretsduchocolat.com\/produit\/limonade-au-chocolat\/#primaryimage"},"image":{"@id":"https:\/\/preprod.lessecretsduchocolat.com\/produit\/limonade-au-chocolat\/#primaryimage"},"thumbnailUrl":"https:\/\/preprod.lessecretsduchocolat.com\/wp-content\/uploads\/2025\/05\/430.jpg","datePublished":"2020-08-28T06:40:12+00:00","dateModified":"2025-08-27T08:40:43+00:00","description":"Schokoladenlimonade in 33 cl: prickelndes Getr\u00e4nk ohne Konservierungsstoffe, Rohrzucker und Kakaoextrakt. Eine originelle und erfrischende Note.","breadcrumb":{"@id":"https:\/\/preprod.lessecretsduchocolat.com\/produit\/limonade-au-chocolat\/#breadcrumb"},"inLanguage":"de","potentialAction":[{"@type":"ReadAction","target":["https:\/\/preprod.lessecretsduchocolat.com\/produit\/limonade-au-chocolat\/"]}]},{"@type":"ImageObject","inLanguage":"de","@id":"https:\/\/preprod.lessecretsduchocolat.com\/produit\/limonade-au-chocolat\/#primaryimage","url":"https:\/\/preprod.lessecretsduchocolat.com\/wp-content\/uploads\/2025\/05\/430.jpg","contentUrl":"https:\/\/preprod.lessecretsduchocolat.com\/wp-content\/uploads\/2025\/05\/430.jpg","width":500,"height":500},{"@type":"BreadcrumbList","@id":"https:\/\/preprod.lessecretsduchocolat.com\/produit\/limonade-au-chocolat\/#breadcrumb","itemListElement":[{"@type":"ListItem","position":1,"name":"Accueil","item":"https:\/\/preprod.lessecretsduchocolat.com\/"},{"@type":"ListItem","position":2,"name":"Magasin","item":"https:\/\/preprod.lessecretsduchocolat.com\/magasin\/"},{"@type":"ListItem","position":3,"name":"LIMONADE AU CHOCOLAT"}]},{"@type":"WebSite","@id":"https:\/\/preprod.lessecretsduchocolat.com\/#website","url":"https:\/\/preprod.lessecretsduchocolat.com\/","name":"Secrets de Chocolat (Schokoladengeheimnisse)","description":"","publisher":{"@id":"https:\/\/preprod.lessecretsduchocolat.com\/#organization"},"potentialAction":[{"@type":"SearchAction","target":{"@type":"EntryPoint","urlTemplate":"https:\/\/preprod.lessecretsduchocolat.com\/?s={search_term_string}"},"query-input":{"@type":"PropertyValueSpecification","valueRequired":true,"valueName":"search_term_string"}}],"inLanguage":"de"},{"@type":"Organization","@id":"https:\/\/preprod.lessecretsduchocolat.com\/#organization","name":"Secrets de Chocolat (Schokoladengeheimnisse)","url":"https:\/\/preprod.lessecretsduchocolat.com\/","logo":{"@type":"ImageObject","inLanguage":"de","@id":"https:\/\/preprod.lessecretsduchocolat.com\/#\/schema\/logo\/image\/","url":"https:\/\/preprod.lessecretsduchocolat.com\/wp-content\/uploads\/2025\/05\/logo.png","contentUrl":"https:\/\/preprod.lessecretsduchocolat.com\/wp-content\/uploads\/2025\/05\/logo.png","width":198,"height":85,"caption":"Secrets de Chocolat"},"image":{"@id":"https:\/\/preprod.lessecretsduchocolat.com\/#\/schema\/logo\/image\/"}}]}},"_links":{"self":[{"href":"https:\/\/preprod.lessecretsduchocolat.com\/de\/wp-json\/wp\/v2\/product\/1055","targetHints":{"allow":["GET"]}}],"collection":[{"href":"https:\/\/preprod.lessecretsduchocolat.com\/de\/wp-json\/wp\/v2\/product"}],"about":[{"href":"https:\/\/preprod.lessecretsduchocolat.com\/de\/wp-json\/wp\/v2\/types\/product"}],"version-history":[{"count":3,"href":"https:\/\/preprod.lessecretsduchocolat.com\/de\/wp-json\/wp\/v2\/product\/1055\/revisions"}],"predecessor-version":[{"id":4055,"href":"https:\/\/preprod.lessecretsduchocolat.com\/de\/wp-json\/wp\/v2\/product\/1055\/revisions\/4055"}],"wp:featuredmedia":[{"embeddable":true,"href":"https:\/\/preprod.lessecretsduchocolat.com\/de\/wp-json\/wp\/v2\/media\/776"}],"wp:attachment":[{"href":"https:\/\/preprod.lessecretsduchocolat.com\/de\/wp-json\/wp\/v2\/media?parent=1055"}],"wp:term":[{"taxonomy":"product_brand","embeddable":true,"href":"https:\/\/preprod.lessecretsduchocolat.com\/de\/wp-json\/wp\/v2\/product_brand?post=1055"},{"taxonomy":"product_cat","embeddable":true,"href":"https:\/\/preprod.lessecretsduchocolat.com\/de\/wp-json\/wp\/v2\/product_cat?post=1055"},{"taxonomy":"product_tag","embeddable":true,"href":"https:\/\/preprod.lessecretsduchocolat.com\/de\/wp-json\/wp\/v2\/product_tag?post=1055"}],"curies":[{"name":"wp","href":"https:\/\/api.w.org\/{rel}","templated":true}]}}