{"id":1056,"date":"2021-01-15T06:40:02","date_gmt":"2021-01-15T06:40:02","guid":{"rendered":"https:\/\/preprod.lessecretsduchocolat.com\/?product=ballotin-de-chocolat-250g"},"modified":"2025-08-27T10:31:53","modified_gmt":"2025-08-27T08:31:53","slug":"schokoladenballotin-250g","status":"publish","type":"product","link":"https:\/\/preprod.lessecretsduchocolat.com\/de\/product\/schokoladenballotin-250g\/","title":{"rendered":"SCHOKOLADENBALLOTIN 250G"},"content":{"rendered":"<p data-start=\"267\" data-end=\"452\">Le <strong data-start=\"270\" data-end=\"288\">Ballotin 250g<\/strong> est un coffret g\u00e9n\u00e9reux qui r\u00e9unit environ <strong data-start=\"332\" data-end=\"357\">24 chocolats assortis<\/strong>, d\u00e9clin\u00e9s en <strong data-start=\"371\" data-end=\"398\">11 recettes diff\u00e9rentes<\/strong>, tous \u00e9labor\u00e9s en <strong data-start=\"417\" data-end=\"449\">chocolat pur beurre de cacao<\/strong>.<\/p>\n<p data-start=\"454\" data-end=\"636\">Chaque bouch\u00e9e est une exp\u00e9rience unique : douceur des pralin\u00e9s, finesse des ganaches, textures croustillantes ou saveurs fruit\u00e9es plus d\u00e9licates. Un assortiment vari\u00e9 et gourmand.<\/p>\n<p data-start=\"638\" data-end=\"762\">L\u2019\u00e9quilibre entre chocolats noirs et chocolats au lait garantit une d\u00e9gustation riche et adapt\u00e9e \u00e0 toutes les pr\u00e9f\u00e9rences.<\/p>\n<p data-start=\"764\" data-end=\"919\">Avec son format interm\u00e9diaire, le <strong data-start=\"798\" data-end=\"816\">Ballotin 250g<\/strong> est id\u00e9al pour offrir un cadeau marquant, partager \u00e0 deux ou trois, ou accompagner un moment festif.<\/p>\n<p data-start=\"921\" data-end=\"1077\">Il s\u2019adapte \u00e0 de nombreuses occasions : anniversaire, d\u00eener entre amis, remerciement, f\u00eate familiale ou encore petit geste attentionn\u00e9 pour faire plaisir.<\/p>\n<p data-start=\"1079\" data-end=\"1235\">Le <strong data-start=\"1082\" data-end=\"1114\">chocolat pur beurre de cacao<\/strong> assure une qualit\u00e9 constante : intensit\u00e9 des ar\u00f4mes, fonte parfaite et plaisir chocolat\u00e9 pr\u00e9serv\u00e9 dans chaque recette.<\/p>\n<p data-start=\"1237\" data-end=\"1404\">Les <strong data-start=\"1241\" data-end=\"1269\">11 vari\u00e9t\u00e9s de chocolats<\/strong> incluses dans ce ballotin offrent une belle diversit\u00e9 de textures et de saveurs, qui plaira autant aux amateurs de noir que de lait.<\/p>\n<p data-start=\"1406\" data-end=\"1515\">Compact mais g\u00e9n\u00e9reux, ce coffret trouve facilement sa place sur une table gourmande ou dans un sac cadeau.<\/p>\n<p data-start=\"1517\" data-end=\"1657\">Le <strong data-start=\"1520\" data-end=\"1538\">Ballotin 250g<\/strong> d\u00e9montre qu\u2019il suffit parfois d\u2019un coffret chocolat\u00e9 bien choisi pour transformer une occasion en instant m\u00e9morable.<\/p>\n<p data-start=\"1659\" data-end=\"1757\">Offrir ce ballotin, c\u2019est partager la richesse et la vari\u00e9t\u00e9 du chocolat sous toutes ses formes.<\/p>","protected":false},"excerpt":{"rendered":"<p data-start=\"1955\" data-end=\"2100\"><strong><em data-start=\"1955\" data-end=\"2098\">Ballotin Schokolade 250 g: 24 verschiedene Schokoladensorten, 11 abwechslungsreiche Rezepte aus reiner Kakaobutter. Eine gro\u00dfz\u00fcgige Schachtel, ideal zum Verschenken oder Teilen.<\/em><\/strong><\/p>","protected":false},"featured_media":778,"template":"","meta":{"_acf_changed":false,"site-sidebar-layout":"default","site-content-layout":"","ast-site-content-layout":"default","site-content-style":"default","site-sidebar-style":"default","ast-global-header-display":"","ast-banner-title-visibility":"","ast-main-header-display":"","ast-hfb-above-header-display":"","ast-hfb-below-header-display":"","ast-hfb-mobile-header-display":"","site-post-title":"","ast-breadcrumbs-content":"","ast-featured-img":"","footer-sml-layout":"","theme-transparent-header-meta":"default","adv-header-id-meta":"","stick-header-meta":"","header-above-stick-meta":"","header-main-stick-meta":"","header-below-stick-meta":"","astra-migrate-meta-layouts":"set","ast-page-background-enabled":"default","ast-page-background-meta":{"desktop":{"background-color":"var(--ast-global-color-4)","background-image":"","background-repeat":"repeat","background-position":"center center","background-size":"auto","background-attachment":"scroll","background-type":"","background-media":"","overlay-type":"","overlay-color":"","overlay-opacity":"","overlay-gradient":""},"tablet":{"background-color":"","background-image":"","background-repeat":"repeat","background-position":"center center","background-size":"auto","background-attachment":"scroll","background-type":"","background-media":"","overlay-type":"","overlay-color":"","overlay-opacity":"","overlay-gradient":""},"mobile":{"background-color":"","background-image":"","background-repeat":"repeat","background-position":"center center","background-size":"auto","background-attachment":"scroll","background-type":"","background-media":"","overlay-type":"","overlay-color":"","overlay-opacity":"","overlay-gradient":""}},"ast-content-background-meta":{"desktop":{"background-color":"var(--ast-global-color-5)","background-image":"","background-repeat":"repeat","background-position":"center center","background-size":"auto","background-attachment":"scroll","background-type":"","background-media":"","overlay-type":"","overlay-color":"","overlay-opacity":"","overlay-gradient":""},"tablet":{"background-color":"var(--ast-global-color-5)","background-image":"","background-repeat":"repeat","background-position":"center center","background-size":"auto","background-attachment":"scroll","background-type":"","background-media":"","overlay-type":"","overlay-color":"","overlay-opacity":"","overlay-gradient":""},"mobile":{"background-color":"var(--ast-global-color-5)","background-image":"","background-repeat":"repeat","background-position":"center center","background-size":"auto","background-attachment":"scroll","background-type":"","background-media":"","overlay-type":"","overlay-color":"","overlay-opacity":"","overlay-gradient":""}},"iawp_total_views":0},"product_brand":[],"product_cat":[139],"product_tag":[],"class_list":{"0":"post-1056","1":"product","2":"type-product","3":"status-publish","4":"has-post-thumbnail","6":"product_cat-coffrets-chocolat","7":"desktop-align-left","8":"tablet-align-left","9":"mobile-align-left","11":"first","12":"outofstock","13":"taxable","14":"shipping-taxable","15":"purchasable","16":"product-type-simple"},"acf":[],"yoast_head":"<!-- This site is optimized with the Yoast SEO plugin v25.9 - https:\/\/yoast.com\/wordpress\/plugins\/seo\/ -->\n<title>BALLOTIN DE CHOCOLAT 250G<\/title>\n<meta name=\"description\" content=\"Ballotin chocolat 250 g : 24 chocolats assortis, 11 recettes vari\u00e9es en pur beurre de cacao. Un coffret g\u00e9n\u00e9reux, id\u00e9al \u00e0 offrir ou partager.\" \/>\n<meta name=\"robots\" content=\"noindex, follow, max-snippet:-1, max-image-preview:large, max-video-preview:-1\" \/>\n<meta property=\"og:locale\" content=\"de_DE\" \/>\n<meta property=\"og:type\" content=\"article\" \/>\n<meta property=\"og:title\" content=\"BALLOTIN DE CHOCOLAT 250G\" \/>\n<meta property=\"og:description\" content=\"Ballotin chocolat 250 g : 24 chocolats assortis, 11 recettes vari\u00e9es en pur beurre de cacao. Un coffret g\u00e9n\u00e9reux, id\u00e9al \u00e0 offrir ou partager.\" \/>\n<meta property=\"og:url\" content=\"https:\/\/preprod.lessecretsduchocolat.com\/de\/product\/schokoladenballotin-250g\/\" \/>\n<meta property=\"og:site_name\" content=\"Secrets de Chocolat\" \/>\n<meta property=\"article:modified_time\" content=\"2025-08-27T08:31:53+00:00\" \/>\n<meta property=\"og:image\" content=\"https:\/\/preprod.lessecretsduchocolat.com\/wp-content\/uploads\/2025\/05\/516.jpg\" \/>\n\t<meta property=\"og:image:width\" content=\"800\" \/>\n\t<meta property=\"og:image:height\" content=\"533\" \/>\n\t<meta property=\"og:image:type\" content=\"image\/jpeg\" \/>\n<meta name=\"twitter:card\" content=\"summary_large_image\" \/>\n<meta name=\"twitter:label1\" content=\"Gesch\u00e4tzte Lesezeit\" \/>\n\t<meta name=\"twitter:data1\" content=\"2\u00a0Minuten\" \/>\n<script type=\"application\/ld+json\" class=\"yoast-schema-graph\">{\"@context\":\"https:\/\/schema.org\",\"@graph\":[{\"@type\":\"WebPage\",\"@id\":\"https:\/\/preprod.lessecretsduchocolat.com\/produit\/ballotin-de-chocolat-250g\/\",\"url\":\"https:\/\/preprod.lessecretsduchocolat.com\/produit\/ballotin-de-chocolat-250g\/\",\"name\":\"BALLOTIN DE CHOCOLAT 250G\",\"isPartOf\":{\"@id\":\"https:\/\/preprod.lessecretsduchocolat.com\/#website\"},\"primaryImageOfPage\":{\"@id\":\"https:\/\/preprod.lessecretsduchocolat.com\/produit\/ballotin-de-chocolat-250g\/#primaryimage\"},\"image\":{\"@id\":\"https:\/\/preprod.lessecretsduchocolat.com\/produit\/ballotin-de-chocolat-250g\/#primaryimage\"},\"thumbnailUrl\":\"https:\/\/preprod.lessecretsduchocolat.com\/wp-content\/uploads\/2025\/05\/516.jpg\",\"datePublished\":\"2021-01-15T06:40:02+00:00\",\"dateModified\":\"2025-08-27T08:31:53+00:00\",\"description\":\"Ballotin chocolat 250 g : 24 chocolats assortis, 11 recettes vari\u00e9es en pur beurre de cacao. Un coffret g\u00e9n\u00e9reux, id\u00e9al \u00e0 offrir ou partager.\",\"breadcrumb\":{\"@id\":\"https:\/\/preprod.lessecretsduchocolat.com\/produit\/ballotin-de-chocolat-250g\/#breadcrumb\"},\"inLanguage\":\"de\",\"potentialAction\":[{\"@type\":\"ReadAction\",\"target\":[\"https:\/\/preprod.lessecretsduchocolat.com\/produit\/ballotin-de-chocolat-250g\/\"]}]},{\"@type\":\"ImageObject\",\"inLanguage\":\"de\",\"@id\":\"https:\/\/preprod.lessecretsduchocolat.com\/produit\/ballotin-de-chocolat-250g\/#primaryimage\",\"url\":\"https:\/\/preprod.lessecretsduchocolat.com\/wp-content\/uploads\/2025\/05\/516.jpg\",\"contentUrl\":\"https:\/\/preprod.lessecretsduchocolat.com\/wp-content\/uploads\/2025\/05\/516.jpg\",\"width\":800,\"height\":533},{\"@type\":\"BreadcrumbList\",\"@id\":\"https:\/\/preprod.lessecretsduchocolat.com\/produit\/ballotin-de-chocolat-250g\/#breadcrumb\",\"itemListElement\":[{\"@type\":\"ListItem\",\"position\":1,\"name\":\"Accueil\",\"item\":\"https:\/\/preprod.lessecretsduchocolat.com\/\"},{\"@type\":\"ListItem\",\"position\":2,\"name\":\"Magasin\",\"item\":\"https:\/\/preprod.lessecretsduchocolat.com\/magasin\/\"},{\"@type\":\"ListItem\",\"position\":3,\"name\":\"BALLOTIN DE CHOCOLAT 250G\"}]},{\"@type\":\"WebSite\",\"@id\":\"https:\/\/preprod.lessecretsduchocolat.com\/#website\",\"url\":\"https:\/\/preprod.lessecretsduchocolat.com\/\",\"name\":\"Secrets de Chocolat\",\"description\":\"\",\"publisher\":{\"@id\":\"https:\/\/preprod.lessecretsduchocolat.com\/#organization\"},\"potentialAction\":[{\"@type\":\"SearchAction\",\"target\":{\"@type\":\"EntryPoint\",\"urlTemplate\":\"https:\/\/preprod.lessecretsduchocolat.com\/?s={search_term_string}\"},\"query-input\":{\"@type\":\"PropertyValueSpecification\",\"valueRequired\":true,\"valueName\":\"search_term_string\"}}],\"inLanguage\":\"de\"},{\"@type\":\"Organization\",\"@id\":\"https:\/\/preprod.lessecretsduchocolat.com\/#organization\",\"name\":\"Secrets de Chocolat\",\"url\":\"https:\/\/preprod.lessecretsduchocolat.com\/\",\"logo\":{\"@type\":\"ImageObject\",\"inLanguage\":\"de\",\"@id\":\"https:\/\/preprod.lessecretsduchocolat.com\/#\/schema\/logo\/image\/\",\"url\":\"https:\/\/preprod.lessecretsduchocolat.com\/wp-content\/uploads\/2025\/05\/logo.png\",\"contentUrl\":\"https:\/\/preprod.lessecretsduchocolat.com\/wp-content\/uploads\/2025\/05\/logo.png\",\"width\":198,\"height\":85,\"caption\":\"Secrets de Chocolat\"},\"image\":{\"@id\":\"https:\/\/preprod.lessecretsduchocolat.com\/#\/schema\/logo\/image\/\"}}]}<\/script>\n<!-- \/ Yoast SEO plugin. -->","yoast_head_json":{"title":"SCHOKOLADENBALLOTIN 250G","description":"Ballotin Schokolade 250 g: 24 verschiedene Schokoladensorten, 11 abwechslungsreiche Rezepte aus reiner Kakaobutter. Eine gro\u00dfz\u00fcgige Schachtel, ideal zum Verschenken oder Teilen.","robots":{"index":"noindex","follow":"follow","max-snippet":"max-snippet:-1","max-image-preview":"max-image-preview:large","max-video-preview":"max-video-preview:-1"},"og_locale":"de_DE","og_type":"article","og_title":"BALLOTIN DE CHOCOLAT 250G","og_description":"Ballotin chocolat 250 g : 24 chocolats assortis, 11 recettes vari\u00e9es en pur beurre de cacao. Un coffret g\u00e9n\u00e9reux, id\u00e9al \u00e0 offrir ou partager.","og_url":"https:\/\/preprod.lessecretsduchocolat.com\/de\/product\/schokoladenballotin-250g\/","og_site_name":"Secrets de Chocolat","article_modified_time":"2025-08-27T08:31:53+00:00","og_image":[{"width":800,"height":533,"url":"https:\/\/preprod.lessecretsduchocolat.com\/wp-content\/uploads\/2025\/05\/516.jpg","type":"image\/jpeg"}],"twitter_card":"summary_large_image","twitter_misc":{"Gesch\u00e4tzte Lesezeit":"2\u00a0Minuten"},"schema":{"@context":"https:\/\/schema.org","@graph":[{"@type":"WebPage","@id":"https:\/\/preprod.lessecretsduchocolat.com\/produit\/ballotin-de-chocolat-250g\/","url":"https:\/\/preprod.lessecretsduchocolat.com\/produit\/ballotin-de-chocolat-250g\/","name":"SCHOKOLADENBALLOTIN 250G","isPartOf":{"@id":"https:\/\/preprod.lessecretsduchocolat.com\/#website"},"primaryImageOfPage":{"@id":"https:\/\/preprod.lessecretsduchocolat.com\/produit\/ballotin-de-chocolat-250g\/#primaryimage"},"image":{"@id":"https:\/\/preprod.lessecretsduchocolat.com\/produit\/ballotin-de-chocolat-250g\/#primaryimage"},"thumbnailUrl":"https:\/\/preprod.lessecretsduchocolat.com\/wp-content\/uploads\/2025\/05\/516.jpg","datePublished":"2021-01-15T06:40:02+00:00","dateModified":"2025-08-27T08:31:53+00:00","description":"Ballotin Schokolade 250 g: 24 verschiedene Schokoladensorten, 11 abwechslungsreiche Rezepte aus reiner Kakaobutter. Eine gro\u00dfz\u00fcgige Schachtel, ideal zum Verschenken oder Teilen.","breadcrumb":{"@id":"https:\/\/preprod.lessecretsduchocolat.com\/produit\/ballotin-de-chocolat-250g\/#breadcrumb"},"inLanguage":"de","potentialAction":[{"@type":"ReadAction","target":["https:\/\/preprod.lessecretsduchocolat.com\/produit\/ballotin-de-chocolat-250g\/"]}]},{"@type":"ImageObject","inLanguage":"de","@id":"https:\/\/preprod.lessecretsduchocolat.com\/produit\/ballotin-de-chocolat-250g\/#primaryimage","url":"https:\/\/preprod.lessecretsduchocolat.com\/wp-content\/uploads\/2025\/05\/516.jpg","contentUrl":"https:\/\/preprod.lessecretsduchocolat.com\/wp-content\/uploads\/2025\/05\/516.jpg","width":800,"height":533},{"@type":"BreadcrumbList","@id":"https:\/\/preprod.lessecretsduchocolat.com\/produit\/ballotin-de-chocolat-250g\/#breadcrumb","itemListElement":[{"@type":"ListItem","position":1,"name":"Accueil","item":"https:\/\/preprod.lessecretsduchocolat.com\/"},{"@type":"ListItem","position":2,"name":"Magasin","item":"https:\/\/preprod.lessecretsduchocolat.com\/magasin\/"},{"@type":"ListItem","position":3,"name":"BALLOTIN DE CHOCOLAT 250G"}]},{"@type":"WebSite","@id":"https:\/\/preprod.lessecretsduchocolat.com\/#website","url":"https:\/\/preprod.lessecretsduchocolat.com\/","name":"Secrets de Chocolat (Schokoladengeheimnisse)","description":"","publisher":{"@id":"https:\/\/preprod.lessecretsduchocolat.com\/#organization"},"potentialAction":[{"@type":"SearchAction","target":{"@type":"EntryPoint","urlTemplate":"https:\/\/preprod.lessecretsduchocolat.com\/?s={search_term_string}"},"query-input":{"@type":"PropertyValueSpecification","valueRequired":true,"valueName":"search_term_string"}}],"inLanguage":"de"},{"@type":"Organization","@id":"https:\/\/preprod.lessecretsduchocolat.com\/#organization","name":"Secrets de Chocolat (Schokoladengeheimnisse)","url":"https:\/\/preprod.lessecretsduchocolat.com\/","logo":{"@type":"ImageObject","inLanguage":"de","@id":"https:\/\/preprod.lessecretsduchocolat.com\/#\/schema\/logo\/image\/","url":"https:\/\/preprod.lessecretsduchocolat.com\/wp-content\/uploads\/2025\/05\/logo.png","contentUrl":"https:\/\/preprod.lessecretsduchocolat.com\/wp-content\/uploads\/2025\/05\/logo.png","width":198,"height":85,"caption":"Secrets de Chocolat"},"image":{"@id":"https:\/\/preprod.lessecretsduchocolat.com\/#\/schema\/logo\/image\/"}}]}},"_links":{"self":[{"href":"https:\/\/preprod.lessecretsduchocolat.com\/de\/wp-json\/wp\/v2\/product\/1056","targetHints":{"allow":["GET"]}}],"collection":[{"href":"https:\/\/preprod.lessecretsduchocolat.com\/de\/wp-json\/wp\/v2\/product"}],"about":[{"href":"https:\/\/preprod.lessecretsduchocolat.com\/de\/wp-json\/wp\/v2\/types\/product"}],"version-history":[{"count":3,"href":"https:\/\/preprod.lessecretsduchocolat.com\/de\/wp-json\/wp\/v2\/product\/1056\/revisions"}],"predecessor-version":[{"id":4051,"href":"https:\/\/preprod.lessecretsduchocolat.com\/de\/wp-json\/wp\/v2\/product\/1056\/revisions\/4051"}],"wp:featuredmedia":[{"embeddable":true,"href":"https:\/\/preprod.lessecretsduchocolat.com\/de\/wp-json\/wp\/v2\/media\/778"}],"wp:attachment":[{"href":"https:\/\/preprod.lessecretsduchocolat.com\/de\/wp-json\/wp\/v2\/media?parent=1056"}],"wp:term":[{"taxonomy":"product_brand","embeddable":true,"href":"https:\/\/preprod.lessecretsduchocolat.com\/de\/wp-json\/wp\/v2\/product_brand?post=1056"},{"taxonomy":"product_cat","embeddable":true,"href":"https:\/\/preprod.lessecretsduchocolat.com\/de\/wp-json\/wp\/v2\/product_cat?post=1056"},{"taxonomy":"product_tag","embeddable":true,"href":"https:\/\/preprod.lessecretsduchocolat.com\/de\/wp-json\/wp\/v2\/product_tag?post=1056"}],"curies":[{"name":"wp","href":"https:\/\/api.w.org\/{rel}","templated":true}]}}