{"id":1059,"date":"2021-01-15T06:40:03","date_gmt":"2021-01-15T06:40:03","guid":{"rendered":"https:\/\/preprod.lessecretsduchocolat.com\/?product=ballotin-de-chocolat-90g"},"modified":"2025-08-27T10:15:03","modified_gmt":"2025-08-27T08:15:03","slug":"schokoladenballotin-90g","status":"publish","type":"product","link":"https:\/\/preprod.lessecretsduchocolat.com\/de\/product\/schokoladenballotin-90g\/","title":{"rendered":"SCHOKOLADENBALLOTIN 90G"},"content":{"rendered":"<p data-start=\"282\" data-end=\"447\">Le <strong data-start=\"285\" data-end=\"302\">Ballotin 90 g<\/strong> est une petite attention gourmande qui r\u00e9unit diversit\u00e9 et plaisir dans un format compact, id\u00e9al pour offrir ou s\u2019offrir une pause chocolat\u00e9e.<\/p>\n<p data-start=\"449\" data-end=\"635\">\u00c0 l\u2019int\u00e9rieur, on retrouve <strong data-start=\"484\" data-end=\"508\">9 chocolats assortis<\/strong>, issus de <strong data-start=\"519\" data-end=\"545\">5 recettes diff\u00e9rentes<\/strong>. Chaque bonbon est r\u00e9alis\u00e9 en <strong data-start=\"576\" data-end=\"608\">chocolat pur beurre de cacao<\/strong>, gage de saveur intense.<\/p>\n<p data-start=\"637\" data-end=\"794\">Chaque bouch\u00e9e r\u00e9v\u00e8le une exp\u00e9rience diff\u00e9rente : douceur fondante des pralin\u00e9s, finesse des ganaches, croustillant l\u00e9ger ou notes fruit\u00e9es plus d\u00e9licates.<\/p>\n<p data-start=\"796\" data-end=\"928\">La vari\u00e9t\u00e9 entre chocolat noir et chocolat au lait permet de satisfaire toutes les envies, en un seul coffret, sans jamais lasser.<\/p>\n<p data-start=\"930\" data-end=\"1091\">Avec son format pratique, le <strong data-start=\"959\" data-end=\"976\">Ballotin 90 g<\/strong> est parfait comme <strong data-start=\"995\" data-end=\"1020\">petit cadeau gourmand<\/strong>. Il se glisse facilement dans un sac ou accompagne un autre pr\u00e9sent.<\/p>\n<p data-start=\"1093\" data-end=\"1220\">C\u2019est l\u2019attention id\u00e9ale pour dire merci, faire plaisir \u00e0 un coll\u00e8gue, surprendre un ami ou accompagner un bouquet de fleurs.<\/p>\n<p data-start=\"1222\" data-end=\"1342\">On peut aussi l\u2019offrir lors d\u2019un d\u00eener pour remercier ses h\u00f4tes, ou le d\u00e9poser en guise de cadeau d\u2019invit\u00e9 \u00e0 une f\u00eate.<\/p>\n<p data-start=\"1344\" data-end=\"1474\">Le <strong data-start=\"1347\" data-end=\"1379\">chocolat pur beurre de cacao<\/strong> garantit une qualit\u00e9 constante et une fonte parfaite en bouche, qui sublime chaque fourrage.<\/p>\n<p data-start=\"1476\" data-end=\"1588\">Facile \u00e0 offrir, facile \u00e0 savourer, ce petit ballotin d\u00e9montre qu\u2019un geste simple peut toujours faire plaisir.<\/p>\n<p data-start=\"1590\" data-end=\"1673\">Le <strong data-start=\"1593\" data-end=\"1610\">Ballotin 90 g<\/strong> est la preuve que les petits formats ont de grandes saveurs.<\/p>","protected":false},"excerpt":{"rendered":"<p><strong>A la recherche d&rsquo;une id\u00e9e cadeau pour vos partenaires, fournisseurs, clients ou collaborateurs? Faites plaisir avec nos ballotins de bonbons de chocolat au chocolat au lait et au chocolat noir, 100% pur beurre de cacao, issu de nos plantations en \u00c9quateur. Ce format de 9 chocolats offre une d\u00e9gustation de nos sp\u00e9cialit\u00e9s incontournables.<\/strong><br \/>\n<strong>Visuel non contractuel<\/strong><\/p>","protected":false},"featured_media":790,"template":"","meta":{"_acf_changed":false,"site-sidebar-layout":"default","site-content-layout":"","ast-site-content-layout":"default","site-content-style":"default","site-sidebar-style":"default","ast-global-header-display":"","ast-banner-title-visibility":"","ast-main-header-display":"","ast-hfb-above-header-display":"","ast-hfb-below-header-display":"","ast-hfb-mobile-header-display":"","site-post-title":"","ast-breadcrumbs-content":"","ast-featured-img":"","footer-sml-layout":"","theme-transparent-header-meta":"default","adv-header-id-meta":"","stick-header-meta":"","header-above-stick-meta":"","header-main-stick-meta":"","header-below-stick-meta":"","astra-migrate-meta-layouts":"set","ast-page-background-enabled":"default","ast-page-background-meta":{"desktop":{"background-color":"var(--ast-global-color-4)","background-image":"","background-repeat":"repeat","background-position":"center center","background-size":"auto","background-attachment":"scroll","background-type":"","background-media":"","overlay-type":"","overlay-color":"","overlay-opacity":"","overlay-gradient":""},"tablet":{"background-color":"","background-image":"","background-repeat":"repeat","background-position":"center center","background-size":"auto","background-attachment":"scroll","background-type":"","background-media":"","overlay-type":"","overlay-color":"","overlay-opacity":"","overlay-gradient":""},"mobile":{"background-color":"","background-image":"","background-repeat":"repeat","background-position":"center center","background-size":"auto","background-attachment":"scroll","background-type":"","background-media":"","overlay-type":"","overlay-color":"","overlay-opacity":"","overlay-gradient":""}},"ast-content-background-meta":{"desktop":{"background-color":"var(--ast-global-color-5)","background-image":"","background-repeat":"repeat","background-position":"center center","background-size":"auto","background-attachment":"scroll","background-type":"","background-media":"","overlay-type":"","overlay-color":"","overlay-opacity":"","overlay-gradient":""},"tablet":{"background-color":"var(--ast-global-color-5)","background-image":"","background-repeat":"repeat","background-position":"center center","background-size":"auto","background-attachment":"scroll","background-type":"","background-media":"","overlay-type":"","overlay-color":"","overlay-opacity":"","overlay-gradient":""},"mobile":{"background-color":"var(--ast-global-color-5)","background-image":"","background-repeat":"repeat","background-position":"center center","background-size":"auto","background-attachment":"scroll","background-type":"","background-media":"","overlay-type":"","overlay-color":"","overlay-opacity":"","overlay-gradient":""}},"iawp_total_views":0},"product_brand":[],"product_cat":[139],"product_tag":[],"class_list":{"0":"post-1059","1":"product","2":"type-product","3":"status-publish","4":"has-post-thumbnail","6":"product_cat-coffrets-chocolat","7":"desktop-align-left","8":"tablet-align-left","9":"mobile-align-left","11":"first","12":"outofstock","13":"taxable","14":"shipping-taxable","15":"purchasable","16":"product-type-simple"},"acf":[],"yoast_head":"<!-- This site is optimized with the Yoast SEO plugin v25.9 - https:\/\/yoast.com\/wordpress\/plugins\/seo\/ -->\n<title>BALLOTIN CHOCOLAT BLEU GLACIER 90G<\/title>\n<meta name=\"description\" content=\"D\u00e9couvrez notre ballotin de chocolat de 90g, compos\u00e9 de 9 bonbons de chocolat pur beurre de cacao, dont 5 vari\u00e9t\u00e9s diff\u00e9rentes.\" \/>\n<meta name=\"robots\" content=\"noindex, follow, max-snippet:-1, max-image-preview:large, max-video-preview:-1\" \/>\n<meta property=\"og:locale\" content=\"de_DE\" \/>\n<meta property=\"og:type\" content=\"article\" \/>\n<meta property=\"og:title\" content=\"BALLOTIN CHOCOLAT BLEU GLACIER 90G\" \/>\n<meta property=\"og:description\" content=\"D\u00e9couvrez notre ballotin de chocolat de 90g, compos\u00e9 de 9 bonbons de chocolat pur beurre de cacao, dont 5 vari\u00e9t\u00e9s diff\u00e9rentes.\" \/>\n<meta property=\"og:url\" content=\"https:\/\/preprod.lessecretsduchocolat.com\/de\/product\/schokoladenballotin-90g\/\" \/>\n<meta property=\"og:site_name\" content=\"Secrets de Chocolat\" \/>\n<meta property=\"article:modified_time\" content=\"2025-08-27T08:15:03+00:00\" \/>\n<meta property=\"og:image\" content=\"https:\/\/preprod.lessecretsduchocolat.com\/wp-content\/uploads\/2025\/05\/527.jpg\" \/>\n\t<meta property=\"og:image:width\" content=\"800\" \/>\n\t<meta property=\"og:image:height\" content=\"533\" \/>\n\t<meta property=\"og:image:type\" content=\"image\/jpeg\" \/>\n<meta name=\"twitter:card\" content=\"summary_large_image\" \/>\n<meta name=\"twitter:label1\" content=\"Gesch\u00e4tzte Lesezeit\" \/>\n\t<meta name=\"twitter:data1\" content=\"2\u00a0Minuten\" \/>\n<script type=\"application\/ld+json\" class=\"yoast-schema-graph\">{\"@context\":\"https:\/\/schema.org\",\"@graph\":[{\"@type\":\"WebPage\",\"@id\":\"https:\/\/preprod.lessecretsduchocolat.com\/produit\/ballotin-de-chocolat-90g\/\",\"url\":\"https:\/\/preprod.lessecretsduchocolat.com\/produit\/ballotin-de-chocolat-90g\/\",\"name\":\"BALLOTIN CHOCOLAT BLEU GLACIER 90G\",\"isPartOf\":{\"@id\":\"https:\/\/preprod.lessecretsduchocolat.com\/#website\"},\"primaryImageOfPage\":{\"@id\":\"https:\/\/preprod.lessecretsduchocolat.com\/produit\/ballotin-de-chocolat-90g\/#primaryimage\"},\"image\":{\"@id\":\"https:\/\/preprod.lessecretsduchocolat.com\/produit\/ballotin-de-chocolat-90g\/#primaryimage\"},\"thumbnailUrl\":\"https:\/\/preprod.lessecretsduchocolat.com\/wp-content\/uploads\/2025\/05\/527.jpg\",\"datePublished\":\"2021-01-15T06:40:03+00:00\",\"dateModified\":\"2025-08-27T08:15:03+00:00\",\"description\":\"D\u00e9couvrez notre ballotin de chocolat de 90g, compos\u00e9 de 9 bonbons de chocolat pur beurre de cacao, dont 5 vari\u00e9t\u00e9s diff\u00e9rentes.\",\"breadcrumb\":{\"@id\":\"https:\/\/preprod.lessecretsduchocolat.com\/produit\/ballotin-de-chocolat-90g\/#breadcrumb\"},\"inLanguage\":\"de\",\"potentialAction\":[{\"@type\":\"ReadAction\",\"target\":[\"https:\/\/preprod.lessecretsduchocolat.com\/produit\/ballotin-de-chocolat-90g\/\"]}]},{\"@type\":\"ImageObject\",\"inLanguage\":\"de\",\"@id\":\"https:\/\/preprod.lessecretsduchocolat.com\/produit\/ballotin-de-chocolat-90g\/#primaryimage\",\"url\":\"https:\/\/preprod.lessecretsduchocolat.com\/wp-content\/uploads\/2025\/05\/527.jpg\",\"contentUrl\":\"https:\/\/preprod.lessecretsduchocolat.com\/wp-content\/uploads\/2025\/05\/527.jpg\",\"width\":800,\"height\":533},{\"@type\":\"BreadcrumbList\",\"@id\":\"https:\/\/preprod.lessecretsduchocolat.com\/produit\/ballotin-de-chocolat-90g\/#breadcrumb\",\"itemListElement\":[{\"@type\":\"ListItem\",\"position\":1,\"name\":\"Accueil\",\"item\":\"https:\/\/preprod.lessecretsduchocolat.com\/\"},{\"@type\":\"ListItem\",\"position\":2,\"name\":\"Magasin\",\"item\":\"https:\/\/preprod.lessecretsduchocolat.com\/magasin\/\"},{\"@type\":\"ListItem\",\"position\":3,\"name\":\"BALLOTIN DE CHOCOLAT 90G\"}]},{\"@type\":\"WebSite\",\"@id\":\"https:\/\/preprod.lessecretsduchocolat.com\/#website\",\"url\":\"https:\/\/preprod.lessecretsduchocolat.com\/\",\"name\":\"Secrets de Chocolat\",\"description\":\"\",\"publisher\":{\"@id\":\"https:\/\/preprod.lessecretsduchocolat.com\/#organization\"},\"potentialAction\":[{\"@type\":\"SearchAction\",\"target\":{\"@type\":\"EntryPoint\",\"urlTemplate\":\"https:\/\/preprod.lessecretsduchocolat.com\/?s={search_term_string}\"},\"query-input\":{\"@type\":\"PropertyValueSpecification\",\"valueRequired\":true,\"valueName\":\"search_term_string\"}}],\"inLanguage\":\"de\"},{\"@type\":\"Organization\",\"@id\":\"https:\/\/preprod.lessecretsduchocolat.com\/#organization\",\"name\":\"Secrets de Chocolat\",\"url\":\"https:\/\/preprod.lessecretsduchocolat.com\/\",\"logo\":{\"@type\":\"ImageObject\",\"inLanguage\":\"de\",\"@id\":\"https:\/\/preprod.lessecretsduchocolat.com\/#\/schema\/logo\/image\/\",\"url\":\"https:\/\/preprod.lessecretsduchocolat.com\/wp-content\/uploads\/2025\/05\/logo.png\",\"contentUrl\":\"https:\/\/preprod.lessecretsduchocolat.com\/wp-content\/uploads\/2025\/05\/logo.png\",\"width\":198,\"height\":85,\"caption\":\"Secrets de Chocolat\"},\"image\":{\"@id\":\"https:\/\/preprod.lessecretsduchocolat.com\/#\/schema\/logo\/image\/\"}}]}<\/script>\n<!-- \/ Yoast SEO plugin. -->","yoast_head_json":{"title":"BALLOTIN BLAUE SCHOKOLADE GLETSCHER 90G","description":"Entdecken Sie unser 90g-Schokoladenballotin, das aus 9 Bonbons aus reiner Kakaobutterschokolade besteht, darunter 5 verschiedene Sorten.","robots":{"index":"noindex","follow":"follow","max-snippet":"max-snippet:-1","max-image-preview":"max-image-preview:large","max-video-preview":"max-video-preview:-1"},"og_locale":"de_DE","og_type":"article","og_title":"BALLOTIN CHOCOLAT BLEU GLACIER 90G","og_description":"D\u00e9couvrez notre ballotin de chocolat de 90g, compos\u00e9 de 9 bonbons de chocolat pur beurre de cacao, dont 5 vari\u00e9t\u00e9s diff\u00e9rentes.","og_url":"https:\/\/preprod.lessecretsduchocolat.com\/de\/product\/schokoladenballotin-90g\/","og_site_name":"Secrets de Chocolat","article_modified_time":"2025-08-27T08:15:03+00:00","og_image":[{"width":800,"height":533,"url":"https:\/\/preprod.lessecretsduchocolat.com\/wp-content\/uploads\/2025\/05\/527.jpg","type":"image\/jpeg"}],"twitter_card":"summary_large_image","twitter_misc":{"Gesch\u00e4tzte Lesezeit":"2\u00a0Minuten"},"schema":{"@context":"https:\/\/schema.org","@graph":[{"@type":"WebPage","@id":"https:\/\/preprod.lessecretsduchocolat.com\/produit\/ballotin-de-chocolat-90g\/","url":"https:\/\/preprod.lessecretsduchocolat.com\/produit\/ballotin-de-chocolat-90g\/","name":"BALLOTIN BLAUE SCHOKOLADE GLETSCHER 90G","isPartOf":{"@id":"https:\/\/preprod.lessecretsduchocolat.com\/#website"},"primaryImageOfPage":{"@id":"https:\/\/preprod.lessecretsduchocolat.com\/produit\/ballotin-de-chocolat-90g\/#primaryimage"},"image":{"@id":"https:\/\/preprod.lessecretsduchocolat.com\/produit\/ballotin-de-chocolat-90g\/#primaryimage"},"thumbnailUrl":"https:\/\/preprod.lessecretsduchocolat.com\/wp-content\/uploads\/2025\/05\/527.jpg","datePublished":"2021-01-15T06:40:03+00:00","dateModified":"2025-08-27T08:15:03+00:00","description":"Entdecken Sie unser 90g-Schokoladenballotin, das aus 9 Bonbons aus reiner Kakaobutterschokolade besteht, darunter 5 verschiedene Sorten.","breadcrumb":{"@id":"https:\/\/preprod.lessecretsduchocolat.com\/produit\/ballotin-de-chocolat-90g\/#breadcrumb"},"inLanguage":"de","potentialAction":[{"@type":"ReadAction","target":["https:\/\/preprod.lessecretsduchocolat.com\/produit\/ballotin-de-chocolat-90g\/"]}]},{"@type":"ImageObject","inLanguage":"de","@id":"https:\/\/preprod.lessecretsduchocolat.com\/produit\/ballotin-de-chocolat-90g\/#primaryimage","url":"https:\/\/preprod.lessecretsduchocolat.com\/wp-content\/uploads\/2025\/05\/527.jpg","contentUrl":"https:\/\/preprod.lessecretsduchocolat.com\/wp-content\/uploads\/2025\/05\/527.jpg","width":800,"height":533},{"@type":"BreadcrumbList","@id":"https:\/\/preprod.lessecretsduchocolat.com\/produit\/ballotin-de-chocolat-90g\/#breadcrumb","itemListElement":[{"@type":"ListItem","position":1,"name":"Accueil","item":"https:\/\/preprod.lessecretsduchocolat.com\/"},{"@type":"ListItem","position":2,"name":"Magasin","item":"https:\/\/preprod.lessecretsduchocolat.com\/magasin\/"},{"@type":"ListItem","position":3,"name":"BALLOTIN DE CHOCOLAT 90G"}]},{"@type":"WebSite","@id":"https:\/\/preprod.lessecretsduchocolat.com\/#website","url":"https:\/\/preprod.lessecretsduchocolat.com\/","name":"Secrets de Chocolat (Schokoladengeheimnisse)","description":"","publisher":{"@id":"https:\/\/preprod.lessecretsduchocolat.com\/#organization"},"potentialAction":[{"@type":"SearchAction","target":{"@type":"EntryPoint","urlTemplate":"https:\/\/preprod.lessecretsduchocolat.com\/?s={search_term_string}"},"query-input":{"@type":"PropertyValueSpecification","valueRequired":true,"valueName":"search_term_string"}}],"inLanguage":"de"},{"@type":"Organization","@id":"https:\/\/preprod.lessecretsduchocolat.com\/#organization","name":"Secrets de Chocolat (Schokoladengeheimnisse)","url":"https:\/\/preprod.lessecretsduchocolat.com\/","logo":{"@type":"ImageObject","inLanguage":"de","@id":"https:\/\/preprod.lessecretsduchocolat.com\/#\/schema\/logo\/image\/","url":"https:\/\/preprod.lessecretsduchocolat.com\/wp-content\/uploads\/2025\/05\/logo.png","contentUrl":"https:\/\/preprod.lessecretsduchocolat.com\/wp-content\/uploads\/2025\/05\/logo.png","width":198,"height":85,"caption":"Secrets de Chocolat"},"image":{"@id":"https:\/\/preprod.lessecretsduchocolat.com\/#\/schema\/logo\/image\/"}}]}},"_links":{"self":[{"href":"https:\/\/preprod.lessecretsduchocolat.com\/de\/wp-json\/wp\/v2\/product\/1059","targetHints":{"allow":["GET"]}}],"collection":[{"href":"https:\/\/preprod.lessecretsduchocolat.com\/de\/wp-json\/wp\/v2\/product"}],"about":[{"href":"https:\/\/preprod.lessecretsduchocolat.com\/de\/wp-json\/wp\/v2\/types\/product"}],"version-history":[{"count":4,"href":"https:\/\/preprod.lessecretsduchocolat.com\/de\/wp-json\/wp\/v2\/product\/1059\/revisions"}],"predecessor-version":[{"id":4044,"href":"https:\/\/preprod.lessecretsduchocolat.com\/de\/wp-json\/wp\/v2\/product\/1059\/revisions\/4044"}],"wp:featuredmedia":[{"embeddable":true,"href":"https:\/\/preprod.lessecretsduchocolat.com\/de\/wp-json\/wp\/v2\/media\/790"}],"wp:attachment":[{"href":"https:\/\/preprod.lessecretsduchocolat.com\/de\/wp-json\/wp\/v2\/media?parent=1059"}],"wp:term":[{"taxonomy":"product_brand","embeddable":true,"href":"https:\/\/preprod.lessecretsduchocolat.com\/de\/wp-json\/wp\/v2\/product_brand?post=1059"},{"taxonomy":"product_cat","embeddable":true,"href":"https:\/\/preprod.lessecretsduchocolat.com\/de\/wp-json\/wp\/v2\/product_cat?post=1059"},{"taxonomy":"product_tag","embeddable":true,"href":"https:\/\/preprod.lessecretsduchocolat.com\/de\/wp-json\/wp\/v2\/product_tag?post=1059"}],"curies":[{"name":"wp","href":"https:\/\/api.w.org\/{rel}","templated":true}]}}