{"id":1066,"date":"2021-03-27T06:40:06","date_gmt":"2021-03-27T06:40:06","guid":{"rendered":"https:\/\/preprod.lessecretsduchocolat.com\/?product=chocolat-de-couverture-blanc-650g"},"modified":"2025-08-27T13:06:23","modified_gmt":"2025-08-27T11:06:23","slug":"weise-kuverture-650g","status":"publish","type":"product","link":"https:\/\/preprod.lessecretsduchocolat.com\/de\/product\/weise-kuverture-650g\/","title":{"rendered":"WEISSE KUVERT\u00dcRE 650G"},"content":{"rendered":"<p data-start=\"288\" data-end=\"462\">Le <strong data-start=\"291\" data-end=\"329\">chocolat de couverture blanc <\/strong>est un indispensable pour tous les passionn\u00e9s de p\u00e2tisserie et de cr\u00e9ations maison. Un chocolat technique, gourmand et polyvalent.<\/p>\n<p data-start=\"464\" data-end=\"615\">\u00c9labor\u00e9 avec du <strong data-start=\"480\" data-end=\"503\">pur beurre de cacao<\/strong>, ce chocolat blanc s\u00e9duit par sa texture soyeuse et son go\u00fbt d\u00e9licat, marqu\u00e9 par des notes douces et lact\u00e9es.<\/p>\n<p data-start=\"617\" data-end=\"783\">Gr\u00e2ce \u00e0 sa fluidit\u00e9 id\u00e9ale, il est parfait pour les <strong data-start=\"669\" data-end=\"682\">enrobages<\/strong>, les <strong data-start=\"688\" data-end=\"700\">moulages<\/strong>, les <strong data-start=\"706\" data-end=\"718\">ganaches<\/strong>, les <strong data-start=\"724\" data-end=\"735\">mousses<\/strong>, ou encore les d\u00e9corations fines et pr\u00e9cises.<\/p>\n<p data-start=\"785\" data-end=\"971\">Sa fonte r\u00e9guli\u00e8re et homog\u00e8ne facilite la manipulation, garantissant des r\u00e9sultats professionnels, m\u00eame dans une cuisine familiale. Un atout pr\u00e9cieux pour r\u00e9ussir toutes vos recettes.<\/p>\n<p data-start=\"973\" data-end=\"1140\">Avec son format pratique de <strong data-start=\"1001\" data-end=\"1010\">650 g<\/strong>, ce chocolat de couverture offre la juste quantit\u00e9 pour r\u00e9aliser de nombreux desserts, cr\u00e9ations ou p\u00e2tisseries festives.<\/p>\n<p data-start=\"1142\" data-end=\"1275\">Son \u00e9quilibre en sucre et sa richesse en beurre de cacao permettent des pr\u00e9parations parfaitement lisses, brillantes et gourmandes.<\/p>\n<p data-start=\"1277\" data-end=\"1407\">Il se travaille facilement au temp\u00e9rage, condition indispensable pour obtenir un chocolat qui croque, brille et ne blanchit pas.<\/p>\n<p data-start=\"1409\" data-end=\"1572\">Id\u00e9al pour les amateurs comme pour les passionn\u00e9s de chocolaterie, ce chocolat de couverture blanc est aussi une excellente base pour des associations cr\u00e9atives.<\/p>\n<p data-start=\"1574\" data-end=\"1695\">Ajoutez-y des fruits secs, des \u00e9pices, ou combinez-le \u00e0 d\u2019autres chocolats pour cr\u00e9er des desserts raffin\u00e9s et uniques.<\/p>\n<p data-start=\"1697\" data-end=\"1847\">Le <strong data-start=\"1700\" data-end=\"1738\">chocolat de couverture blanc <\/strong>est une v\u00e9ritable invitation \u00e0 l\u2019imagination et \u00e0 la gourmandise. Un indispensable des cuisines cr\u00e9atives.<\/p>","protected":false},"excerpt":{"rendered":"<p><strong>Laissez parler le p\u00e2tissier qui sommeille en vous ! R\u00e9galez vos proches avec des r\u00e9alisations gourmandes au chocolat blanc.<\/strong><\/p>","protected":false},"featured_media":813,"template":"","meta":{"_acf_changed":false,"site-sidebar-layout":"default","site-content-layout":"","ast-site-content-layout":"default","site-content-style":"default","site-sidebar-style":"default","ast-global-header-display":"","ast-banner-title-visibility":"","ast-main-header-display":"","ast-hfb-above-header-display":"","ast-hfb-below-header-display":"","ast-hfb-mobile-header-display":"","site-post-title":"","ast-breadcrumbs-content":"","ast-featured-img":"","footer-sml-layout":"","theme-transparent-header-meta":"default","adv-header-id-meta":"","stick-header-meta":"","header-above-stick-meta":"","header-main-stick-meta":"","header-below-stick-meta":"","astra-migrate-meta-layouts":"set","ast-page-background-enabled":"default","ast-page-background-meta":{"desktop":{"background-color":"var(--ast-global-color-4)","background-image":"","background-repeat":"repeat","background-position":"center center","background-size":"auto","background-attachment":"scroll","background-type":"","background-media":"","overlay-type":"","overlay-color":"","overlay-opacity":"","overlay-gradient":""},"tablet":{"background-color":"","background-image":"","background-repeat":"repeat","background-position":"center center","background-size":"auto","background-attachment":"scroll","background-type":"","background-media":"","overlay-type":"","overlay-color":"","overlay-opacity":"","overlay-gradient":""},"mobile":{"background-color":"","background-image":"","background-repeat":"repeat","background-position":"center center","background-size":"auto","background-attachment":"scroll","background-type":"","background-media":"","overlay-type":"","overlay-color":"","overlay-opacity":"","overlay-gradient":""}},"ast-content-background-meta":{"desktop":{"background-color":"var(--ast-global-color-5)","background-image":"","background-repeat":"repeat","background-position":"center center","background-size":"auto","background-attachment":"scroll","background-type":"","background-media":"","overlay-type":"","overlay-color":"","overlay-opacity":"","overlay-gradient":""},"tablet":{"background-color":"var(--ast-global-color-5)","background-image":"","background-repeat":"repeat","background-position":"center center","background-size":"auto","background-attachment":"scroll","background-type":"","background-media":"","overlay-type":"","overlay-color":"","overlay-opacity":"","overlay-gradient":""},"mobile":{"background-color":"var(--ast-global-color-5)","background-image":"","background-repeat":"repeat","background-position":"center center","background-size":"auto","background-attachment":"scroll","background-type":"","background-media":"","overlay-type":"","overlay-color":"","overlay-opacity":"","overlay-gradient":""}},"iawp_total_views":0},"product_brand":[],"product_cat":[104],"product_tag":[],"class_list":{"0":"post-1066","1":"product","2":"type-product","3":"status-publish","4":"has-post-thumbnail","6":"product_cat-tablettes","7":"desktop-align-left","8":"tablet-align-left","9":"mobile-align-left","11":"first","12":"outofstock","13":"taxable","14":"shipping-taxable","15":"purchasable","16":"product-type-simple"},"acf":[],"yoast_head":"<!-- This site is optimized with the Yoast SEO plugin v25.9 - https:\/\/yoast.com\/wordpress\/plugins\/seo\/ -->\n<title>CHOCOLAT DE COUVERTURE BLANC 650G<\/title>\n<meta name=\"description\" content=\"Chocolat de couverture blanc : pur beurre de cacao, texture fluide et fondante. Id\u00e9al pour p\u00e2tisserie, enrobages, ganaches et cr\u00e9ations gourmandes maison.\" \/>\n<meta name=\"robots\" content=\"noindex, follow, max-snippet:-1, max-image-preview:large, max-video-preview:-1\" \/>\n<meta property=\"og:locale\" content=\"de_DE\" \/>\n<meta property=\"og:type\" content=\"article\" \/>\n<meta property=\"og:title\" content=\"CHOCOLAT DE COUVERTURE BLANC 650G\" \/>\n<meta property=\"og:description\" content=\"Chocolat de couverture blanc : pur beurre de cacao, texture fluide et fondante. Id\u00e9al pour p\u00e2tisserie, enrobages, ganaches et cr\u00e9ations gourmandes maison.\" \/>\n<meta property=\"og:url\" content=\"https:\/\/preprod.lessecretsduchocolat.com\/de\/product\/weise-kuverture-650g\/\" \/>\n<meta property=\"og:site_name\" content=\"Secrets de Chocolat\" \/>\n<meta property=\"article:modified_time\" content=\"2025-08-27T11:06:23+00:00\" \/>\n<meta property=\"og:image\" content=\"https:\/\/preprod.lessecretsduchocolat.com\/wp-content\/uploads\/2025\/05\/684.jpg\" \/>\n\t<meta property=\"og:image:width\" content=\"500\" \/>\n\t<meta property=\"og:image:height\" content=\"500\" \/>\n\t<meta property=\"og:image:type\" content=\"image\/jpeg\" \/>\n<meta name=\"twitter:card\" content=\"summary_large_image\" \/>\n<meta name=\"twitter:label1\" content=\"Gesch\u00e4tzte Lesezeit\" \/>\n\t<meta name=\"twitter:data1\" content=\"2\u00a0Minuten\" \/>\n<script type=\"application\/ld+json\" class=\"yoast-schema-graph\">{\"@context\":\"https:\/\/schema.org\",\"@graph\":[{\"@type\":\"WebPage\",\"@id\":\"https:\/\/preprod.lessecretsduchocolat.com\/produit\/chocolat-de-couverture-blanc-650g\/\",\"url\":\"https:\/\/preprod.lessecretsduchocolat.com\/produit\/chocolat-de-couverture-blanc-650g\/\",\"name\":\"CHOCOLAT DE COUVERTURE BLANC 650G\",\"isPartOf\":{\"@id\":\"https:\/\/preprod.lessecretsduchocolat.com\/#website\"},\"primaryImageOfPage\":{\"@id\":\"https:\/\/preprod.lessecretsduchocolat.com\/produit\/chocolat-de-couverture-blanc-650g\/#primaryimage\"},\"image\":{\"@id\":\"https:\/\/preprod.lessecretsduchocolat.com\/produit\/chocolat-de-couverture-blanc-650g\/#primaryimage\"},\"thumbnailUrl\":\"https:\/\/preprod.lessecretsduchocolat.com\/wp-content\/uploads\/2025\/05\/684.jpg\",\"datePublished\":\"2021-03-27T06:40:06+00:00\",\"dateModified\":\"2025-08-27T11:06:23+00:00\",\"description\":\"Chocolat de couverture blanc : pur beurre de cacao, texture fluide et fondante. Id\u00e9al pour p\u00e2tisserie, enrobages, ganaches et cr\u00e9ations gourmandes maison.\",\"breadcrumb\":{\"@id\":\"https:\/\/preprod.lessecretsduchocolat.com\/produit\/chocolat-de-couverture-blanc-650g\/#breadcrumb\"},\"inLanguage\":\"de\",\"potentialAction\":[{\"@type\":\"ReadAction\",\"target\":[\"https:\/\/preprod.lessecretsduchocolat.com\/produit\/chocolat-de-couverture-blanc-650g\/\"]}]},{\"@type\":\"ImageObject\",\"inLanguage\":\"de\",\"@id\":\"https:\/\/preprod.lessecretsduchocolat.com\/produit\/chocolat-de-couverture-blanc-650g\/#primaryimage\",\"url\":\"https:\/\/preprod.lessecretsduchocolat.com\/wp-content\/uploads\/2025\/05\/684.jpg\",\"contentUrl\":\"https:\/\/preprod.lessecretsduchocolat.com\/wp-content\/uploads\/2025\/05\/684.jpg\",\"width\":500,\"height\":500},{\"@type\":\"BreadcrumbList\",\"@id\":\"https:\/\/preprod.lessecretsduchocolat.com\/produit\/chocolat-de-couverture-blanc-650g\/#breadcrumb\",\"itemListElement\":[{\"@type\":\"ListItem\",\"position\":1,\"name\":\"Accueil\",\"item\":\"https:\/\/preprod.lessecretsduchocolat.com\/\"},{\"@type\":\"ListItem\",\"position\":2,\"name\":\"Magasin\",\"item\":\"https:\/\/preprod.lessecretsduchocolat.com\/magasin\/\"},{\"@type\":\"ListItem\",\"position\":3,\"name\":\"CHOCOLAT DE COUVERTURE BLANC 650G\"}]},{\"@type\":\"WebSite\",\"@id\":\"https:\/\/preprod.lessecretsduchocolat.com\/#website\",\"url\":\"https:\/\/preprod.lessecretsduchocolat.com\/\",\"name\":\"Secrets de Chocolat\",\"description\":\"\",\"publisher\":{\"@id\":\"https:\/\/preprod.lessecretsduchocolat.com\/#organization\"},\"potentialAction\":[{\"@type\":\"SearchAction\",\"target\":{\"@type\":\"EntryPoint\",\"urlTemplate\":\"https:\/\/preprod.lessecretsduchocolat.com\/?s={search_term_string}\"},\"query-input\":{\"@type\":\"PropertyValueSpecification\",\"valueRequired\":true,\"valueName\":\"search_term_string\"}}],\"inLanguage\":\"de\"},{\"@type\":\"Organization\",\"@id\":\"https:\/\/preprod.lessecretsduchocolat.com\/#organization\",\"name\":\"Secrets de Chocolat\",\"url\":\"https:\/\/preprod.lessecretsduchocolat.com\/\",\"logo\":{\"@type\":\"ImageObject\",\"inLanguage\":\"de\",\"@id\":\"https:\/\/preprod.lessecretsduchocolat.com\/#\/schema\/logo\/image\/\",\"url\":\"https:\/\/preprod.lessecretsduchocolat.com\/wp-content\/uploads\/2025\/05\/logo.png\",\"contentUrl\":\"https:\/\/preprod.lessecretsduchocolat.com\/wp-content\/uploads\/2025\/05\/logo.png\",\"width\":198,\"height\":85,\"caption\":\"Secrets de Chocolat\"},\"image\":{\"@id\":\"https:\/\/preprod.lessecretsduchocolat.com\/#\/schema\/logo\/image\/\"}}]}<\/script>\n<!-- \/ Yoast SEO plugin. -->","yoast_head_json":{"title":"WEISSE KUVERT\u00dcRE 650G","description":"Wei\u00dfe Kuvert\u00fcre: reine Kakaobutter, fl\u00fcssige und zartschmelzende Textur. Ideal f\u00fcr Geb\u00e4ck, \u00dcberz\u00fcge, Ganaches und hausgemachte Gourmetkreationen.","robots":{"index":"noindex","follow":"follow","max-snippet":"max-snippet:-1","max-image-preview":"max-image-preview:large","max-video-preview":"max-video-preview:-1"},"og_locale":"de_DE","og_type":"article","og_title":"CHOCOLAT DE COUVERTURE BLANC 650G","og_description":"Chocolat de couverture blanc : pur beurre de cacao, texture fluide et fondante. Id\u00e9al pour p\u00e2tisserie, enrobages, ganaches et cr\u00e9ations gourmandes maison.","og_url":"https:\/\/preprod.lessecretsduchocolat.com\/de\/product\/weise-kuverture-650g\/","og_site_name":"Secrets de Chocolat","article_modified_time":"2025-08-27T11:06:23+00:00","og_image":[{"width":500,"height":500,"url":"https:\/\/preprod.lessecretsduchocolat.com\/wp-content\/uploads\/2025\/05\/684.jpg","type":"image\/jpeg"}],"twitter_card":"summary_large_image","twitter_misc":{"Gesch\u00e4tzte Lesezeit":"2\u00a0Minuten"},"schema":{"@context":"https:\/\/schema.org","@graph":[{"@type":"WebPage","@id":"https:\/\/preprod.lessecretsduchocolat.com\/produit\/chocolat-de-couverture-blanc-650g\/","url":"https:\/\/preprod.lessecretsduchocolat.com\/produit\/chocolat-de-couverture-blanc-650g\/","name":"WEISSE KUVERT\u00dcRE 650G","isPartOf":{"@id":"https:\/\/preprod.lessecretsduchocolat.com\/#website"},"primaryImageOfPage":{"@id":"https:\/\/preprod.lessecretsduchocolat.com\/produit\/chocolat-de-couverture-blanc-650g\/#primaryimage"},"image":{"@id":"https:\/\/preprod.lessecretsduchocolat.com\/produit\/chocolat-de-couverture-blanc-650g\/#primaryimage"},"thumbnailUrl":"https:\/\/preprod.lessecretsduchocolat.com\/wp-content\/uploads\/2025\/05\/684.jpg","datePublished":"2021-03-27T06:40:06+00:00","dateModified":"2025-08-27T11:06:23+00:00","description":"Wei\u00dfe Kuvert\u00fcre: reine Kakaobutter, fl\u00fcssige und zartschmelzende Textur. Ideal f\u00fcr Geb\u00e4ck, \u00dcberz\u00fcge, Ganaches und hausgemachte Gourmetkreationen.","breadcrumb":{"@id":"https:\/\/preprod.lessecretsduchocolat.com\/produit\/chocolat-de-couverture-blanc-650g\/#breadcrumb"},"inLanguage":"de","potentialAction":[{"@type":"ReadAction","target":["https:\/\/preprod.lessecretsduchocolat.com\/produit\/chocolat-de-couverture-blanc-650g\/"]}]},{"@type":"ImageObject","inLanguage":"de","@id":"https:\/\/preprod.lessecretsduchocolat.com\/produit\/chocolat-de-couverture-blanc-650g\/#primaryimage","url":"https:\/\/preprod.lessecretsduchocolat.com\/wp-content\/uploads\/2025\/05\/684.jpg","contentUrl":"https:\/\/preprod.lessecretsduchocolat.com\/wp-content\/uploads\/2025\/05\/684.jpg","width":500,"height":500},{"@type":"BreadcrumbList","@id":"https:\/\/preprod.lessecretsduchocolat.com\/produit\/chocolat-de-couverture-blanc-650g\/#breadcrumb","itemListElement":[{"@type":"ListItem","position":1,"name":"Accueil","item":"https:\/\/preprod.lessecretsduchocolat.com\/"},{"@type":"ListItem","position":2,"name":"Magasin","item":"https:\/\/preprod.lessecretsduchocolat.com\/magasin\/"},{"@type":"ListItem","position":3,"name":"CHOCOLAT DE COUVERTURE BLANC 650G"}]},{"@type":"WebSite","@id":"https:\/\/preprod.lessecretsduchocolat.com\/#website","url":"https:\/\/preprod.lessecretsduchocolat.com\/","name":"Secrets de Chocolat (Schokoladengeheimnisse)","description":"","publisher":{"@id":"https:\/\/preprod.lessecretsduchocolat.com\/#organization"},"potentialAction":[{"@type":"SearchAction","target":{"@type":"EntryPoint","urlTemplate":"https:\/\/preprod.lessecretsduchocolat.com\/?s={search_term_string}"},"query-input":{"@type":"PropertyValueSpecification","valueRequired":true,"valueName":"search_term_string"}}],"inLanguage":"de"},{"@type":"Organization","@id":"https:\/\/preprod.lessecretsduchocolat.com\/#organization","name":"Secrets de Chocolat (Schokoladengeheimnisse)","url":"https:\/\/preprod.lessecretsduchocolat.com\/","logo":{"@type":"ImageObject","inLanguage":"de","@id":"https:\/\/preprod.lessecretsduchocolat.com\/#\/schema\/logo\/image\/","url":"https:\/\/preprod.lessecretsduchocolat.com\/wp-content\/uploads\/2025\/05\/logo.png","contentUrl":"https:\/\/preprod.lessecretsduchocolat.com\/wp-content\/uploads\/2025\/05\/logo.png","width":198,"height":85,"caption":"Secrets de Chocolat"},"image":{"@id":"https:\/\/preprod.lessecretsduchocolat.com\/#\/schema\/logo\/image\/"}}]}},"_links":{"self":[{"href":"https:\/\/preprod.lessecretsduchocolat.com\/de\/wp-json\/wp\/v2\/product\/1066","targetHints":{"allow":["GET"]}}],"collection":[{"href":"https:\/\/preprod.lessecretsduchocolat.com\/de\/wp-json\/wp\/v2\/product"}],"about":[{"href":"https:\/\/preprod.lessecretsduchocolat.com\/de\/wp-json\/wp\/v2\/types\/product"}],"version-history":[{"count":4,"href":"https:\/\/preprod.lessecretsduchocolat.com\/de\/wp-json\/wp\/v2\/product\/1066\/revisions"}],"predecessor-version":[{"id":4037,"href":"https:\/\/preprod.lessecretsduchocolat.com\/de\/wp-json\/wp\/v2\/product\/1066\/revisions\/4037"}],"wp:featuredmedia":[{"embeddable":true,"href":"https:\/\/preprod.lessecretsduchocolat.com\/de\/wp-json\/wp\/v2\/media\/813"}],"wp:attachment":[{"href":"https:\/\/preprod.lessecretsduchocolat.com\/de\/wp-json\/wp\/v2\/media?parent=1066"}],"wp:term":[{"taxonomy":"product_brand","embeddable":true,"href":"https:\/\/preprod.lessecretsduchocolat.com\/de\/wp-json\/wp\/v2\/product_brand?post=1066"},{"taxonomy":"product_cat","embeddable":true,"href":"https:\/\/preprod.lessecretsduchocolat.com\/de\/wp-json\/wp\/v2\/product_cat?post=1066"},{"taxonomy":"product_tag","embeddable":true,"href":"https:\/\/preprod.lessecretsduchocolat.com\/de\/wp-json\/wp\/v2\/product_tag?post=1066"}],"curies":[{"name":"wp","href":"https:\/\/api.w.org\/{rel}","templated":true}]}}