{"id":1072,"date":"2021-04-02T06:40:06","date_gmt":"2021-04-02T06:40:06","guid":{"rendered":"https:\/\/preprod.lessecretsduchocolat.com\/?product=les-bretzels-70-750g"},"modified":"2025-08-27T12:51:03","modified_gmt":"2025-08-27T10:51:03","slug":"die-brezeln-70-750g","status":"publish","type":"product","link":"https:\/\/preprod.lessecretsduchocolat.com\/de\/product\/die-brezeln-70-750g\/","title":{"rendered":"BREZELKUGELN 70% 750G"},"content":{"rendered":"<p data-start=\"319\" data-end=\"472\">Les <strong data-start=\"323\" data-end=\"369\">Boules Bretzel chocolat noir 70 %<\/strong>\u00a0sont une gourmandise audacieuse qui associe l\u2019intensit\u00e9 du cacao et le croustillant sal\u00e9 du bretzel.<\/p>\n<p data-start=\"474\" data-end=\"651\">Chaque boule combine un enrobage g\u00e9n\u00e9reux de <strong data-start=\"519\" data-end=\"561\">chocolat noir 70 % pur beurre de cacao<\/strong>, puissant et raffin\u00e9, avec un <strong data-start=\"592\" data-end=\"624\">c\u0153ur de biscuit bretzel sal\u00e9<\/strong> d\u00e9licieusement croquant.<\/p>\n<p data-start=\"653\" data-end=\"813\">Le contraste en bouche est imm\u00e9diat : l\u2019amertume subtile du chocolat noir rencontre la pointe saline du biscuit, cr\u00e9ant une harmonie surprenante et addictive.<\/p>\n<p data-start=\"815\" data-end=\"944\">Avec son format g\u00e9n\u00e9reux de <strong data-start=\"843\" data-end=\"852\">750 g<\/strong>, ce sachet est id\u00e9al pour les amateurs de chocolat noir et les grandes tabl\u00e9es conviviales.<\/p>\n<p data-start=\"946\" data-end=\"1105\">Ces <strong data-start=\"950\" data-end=\"979\">boules bretzel sucr\u00e9-sal\u00e9<\/strong> se d\u00e9gustent aussi bien lors d\u2019un ap\u00e9ritif original qu\u2019en encas gourmand, ou encore comme touche inattendue dans un buffet.<\/p>\n<p data-start=\"1107\" data-end=\"1217\">La texture double \u2014 croquant du bretzel et fondant du chocolat \u2014 s\u00e9duit par son originalit\u00e9 et sa modernit\u00e9.<\/p>\n<p data-start=\"1219\" data-end=\"1365\">Le <strong data-start=\"1222\" data-end=\"1254\">chocolat pur beurre de cacao<\/strong> assure une qualit\u00e9 irr\u00e9prochable : ar\u00f4mes intenses, fonte id\u00e9ale et authenticit\u00e9 pr\u00e9serv\u00e9e \u00e0 chaque bouch\u00e9e.<\/p>\n<p data-start=\"1367\" data-end=\"1535\">Faciles \u00e0 partager, elles constituent aussi une <strong data-start=\"1415\" data-end=\"1441\">excellente id\u00e9e cadeau<\/strong> pour surprendre les amateurs de chocolat noir et les curieux en qu\u00eate de nouvelles saveurs.<\/p>\n<p data-start=\"1537\" data-end=\"1707\">Les <strong data-start=\"1541\" data-end=\"1587\">Boules Bretzel chocolat noir 70 % en 750 g<\/strong> incarnent une gourmandise g\u00e9n\u00e9reuse, conviviale et raffin\u00e9e, qui plaira \u00e0 coup s\u00fbr aux amateurs de sensations fortes.<\/p>\n<p data-start=\"1709\" data-end=\"1814\">Un mariage sucr\u00e9-sal\u00e9 qui bouscule les codes et s\u2019impose comme une exp\u00e9rience gourmande incontournable.<\/p>","protected":false},"excerpt":{"rendered":"<p>D\u00e9couvrez la sp\u00e9cialit\u00e9 alsacienne, la bretzel, dans sa version sucr\u00e9e, enrob\u00e9e de chocolat noir. Un d\u00e9lice !<\/p>","protected":false},"featured_media":830,"template":"","meta":{"_acf_changed":false,"site-sidebar-layout":"default","site-content-layout":"","ast-site-content-layout":"default","site-content-style":"default","site-sidebar-style":"default","ast-global-header-display":"","ast-banner-title-visibility":"","ast-main-header-display":"","ast-hfb-above-header-display":"","ast-hfb-below-header-display":"","ast-hfb-mobile-header-display":"","site-post-title":"","ast-breadcrumbs-content":"","ast-featured-img":"","footer-sml-layout":"","theme-transparent-header-meta":"default","adv-header-id-meta":"","stick-header-meta":"","header-above-stick-meta":"","header-main-stick-meta":"","header-below-stick-meta":"","astra-migrate-meta-layouts":"set","ast-page-background-enabled":"default","ast-page-background-meta":{"desktop":{"background-color":"var(--ast-global-color-4)","background-image":"","background-repeat":"repeat","background-position":"center center","background-size":"auto","background-attachment":"scroll","background-type":"","background-media":"","overlay-type":"","overlay-color":"","overlay-opacity":"","overlay-gradient":""},"tablet":{"background-color":"","background-image":"","background-repeat":"repeat","background-position":"center center","background-size":"auto","background-attachment":"scroll","background-type":"","background-media":"","overlay-type":"","overlay-color":"","overlay-opacity":"","overlay-gradient":""},"mobile":{"background-color":"","background-image":"","background-repeat":"repeat","background-position":"center center","background-size":"auto","background-attachment":"scroll","background-type":"","background-media":"","overlay-type":"","overlay-color":"","overlay-opacity":"","overlay-gradient":""}},"ast-content-background-meta":{"desktop":{"background-color":"var(--ast-global-color-5)","background-image":"","background-repeat":"repeat","background-position":"center center","background-size":"auto","background-attachment":"scroll","background-type":"","background-media":"","overlay-type":"","overlay-color":"","overlay-opacity":"","overlay-gradient":""},"tablet":{"background-color":"var(--ast-global-color-5)","background-image":"","background-repeat":"repeat","background-position":"center center","background-size":"auto","background-attachment":"scroll","background-type":"","background-media":"","overlay-type":"","overlay-color":"","overlay-opacity":"","overlay-gradient":""},"mobile":{"background-color":"var(--ast-global-color-5)","background-image":"","background-repeat":"repeat","background-position":"center center","background-size":"auto","background-attachment":"scroll","background-type":"","background-media":"","overlay-type":"","overlay-color":"","overlay-opacity":"","overlay-gradient":""}},"iawp_total_views":0},"product_brand":[],"product_cat":[201],"product_tag":[],"class_list":{"0":"post-1072","1":"product","2":"type-product","3":"status-publish","4":"has-post-thumbnail","6":"product_cat-grands-formats","7":"desktop-align-left","8":"tablet-align-left","9":"mobile-align-left","11":"first","12":"outofstock","13":"taxable","14":"shipping-taxable","15":"purchasable","16":"product-type-simple"},"acf":[],"yoast_head":"<!-- This site is optimized with the Yoast SEO plugin v25.9 - https:\/\/yoast.com\/wordpress\/plugins\/seo\/ -->\n<title>BOULES BRETZEL CHOCOLAT NOIR<\/title>\n<meta name=\"description\" content=\"Boules bretzel chocolat noir 70 % : alliance du cacao intense et du croustillant sal\u00e9 du bretzel. Un format g\u00e9n\u00e9reux, parfait \u00e0 partager.\" \/>\n<meta name=\"robots\" content=\"noindex, follow, max-snippet:-1, max-image-preview:large, max-video-preview:-1\" \/>\n<meta property=\"og:locale\" content=\"de_DE\" \/>\n<meta property=\"og:type\" content=\"article\" \/>\n<meta property=\"og:title\" content=\"BOULES BRETZEL CHOCOLAT NOIR\" \/>\n<meta property=\"og:description\" content=\"Boules bretzel chocolat noir 70 % : alliance du cacao intense et du croustillant sal\u00e9 du bretzel. Un format g\u00e9n\u00e9reux, parfait \u00e0 partager.\" \/>\n<meta property=\"og:url\" content=\"https:\/\/preprod.lessecretsduchocolat.com\/de\/product\/die-brezeln-70-750g\/\" \/>\n<meta property=\"og:site_name\" content=\"Secrets de Chocolat\" \/>\n<meta property=\"article:modified_time\" content=\"2025-08-27T10:51:03+00:00\" \/>\n<meta property=\"og:image\" content=\"https:\/\/preprod.lessecretsduchocolat.com\/wp-content\/uploads\/2025\/05\/753.jpg\" \/>\n\t<meta property=\"og:image:width\" content=\"500\" \/>\n\t<meta property=\"og:image:height\" content=\"500\" \/>\n\t<meta property=\"og:image:type\" content=\"image\/jpeg\" \/>\n<meta name=\"twitter:card\" content=\"summary_large_image\" \/>\n<meta name=\"twitter:label1\" content=\"Gesch\u00e4tzte Lesezeit\" \/>\n\t<meta name=\"twitter:data1\" content=\"2\u00a0Minuten\" \/>\n<script type=\"application\/ld+json\" class=\"yoast-schema-graph\">{\"@context\":\"https:\/\/schema.org\",\"@graph\":[{\"@type\":\"WebPage\",\"@id\":\"https:\/\/preprod.lessecretsduchocolat.com\/produit\/les-bretzels-70-750g\/\",\"url\":\"https:\/\/preprod.lessecretsduchocolat.com\/produit\/les-bretzels-70-750g\/\",\"name\":\"BOULES BRETZEL CHOCOLAT NOIR\",\"isPartOf\":{\"@id\":\"https:\/\/preprod.lessecretsduchocolat.com\/#website\"},\"primaryImageOfPage\":{\"@id\":\"https:\/\/preprod.lessecretsduchocolat.com\/produit\/les-bretzels-70-750g\/#primaryimage\"},\"image\":{\"@id\":\"https:\/\/preprod.lessecretsduchocolat.com\/produit\/les-bretzels-70-750g\/#primaryimage\"},\"thumbnailUrl\":\"https:\/\/preprod.lessecretsduchocolat.com\/wp-content\/uploads\/2025\/05\/753.jpg\",\"datePublished\":\"2021-04-02T06:40:06+00:00\",\"dateModified\":\"2025-08-27T10:51:03+00:00\",\"description\":\"Boules bretzel chocolat noir 70 % : alliance du cacao intense et du croustillant sal\u00e9 du bretzel. Un format g\u00e9n\u00e9reux, parfait \u00e0 partager.\",\"breadcrumb\":{\"@id\":\"https:\/\/preprod.lessecretsduchocolat.com\/produit\/les-bretzels-70-750g\/#breadcrumb\"},\"inLanguage\":\"de\",\"potentialAction\":[{\"@type\":\"ReadAction\",\"target\":[\"https:\/\/preprod.lessecretsduchocolat.com\/produit\/les-bretzels-70-750g\/\"]}]},{\"@type\":\"ImageObject\",\"inLanguage\":\"de\",\"@id\":\"https:\/\/preprod.lessecretsduchocolat.com\/produit\/les-bretzels-70-750g\/#primaryimage\",\"url\":\"https:\/\/preprod.lessecretsduchocolat.com\/wp-content\/uploads\/2025\/05\/753.jpg\",\"contentUrl\":\"https:\/\/preprod.lessecretsduchocolat.com\/wp-content\/uploads\/2025\/05\/753.jpg\",\"width\":500,\"height\":500},{\"@type\":\"BreadcrumbList\",\"@id\":\"https:\/\/preprod.lessecretsduchocolat.com\/produit\/les-bretzels-70-750g\/#breadcrumb\",\"itemListElement\":[{\"@type\":\"ListItem\",\"position\":1,\"name\":\"Accueil\",\"item\":\"https:\/\/preprod.lessecretsduchocolat.com\/\"},{\"@type\":\"ListItem\",\"position\":2,\"name\":\"Magasin\",\"item\":\"https:\/\/preprod.lessecretsduchocolat.com\/magasin\/\"},{\"@type\":\"ListItem\",\"position\":3,\"name\":\"BOULES BRETZELS 70% 750G\"}]},{\"@type\":\"WebSite\",\"@id\":\"https:\/\/preprod.lessecretsduchocolat.com\/#website\",\"url\":\"https:\/\/preprod.lessecretsduchocolat.com\/\",\"name\":\"Secrets de Chocolat\",\"description\":\"\",\"publisher\":{\"@id\":\"https:\/\/preprod.lessecretsduchocolat.com\/#organization\"},\"potentialAction\":[{\"@type\":\"SearchAction\",\"target\":{\"@type\":\"EntryPoint\",\"urlTemplate\":\"https:\/\/preprod.lessecretsduchocolat.com\/?s={search_term_string}\"},\"query-input\":{\"@type\":\"PropertyValueSpecification\",\"valueRequired\":true,\"valueName\":\"search_term_string\"}}],\"inLanguage\":\"de\"},{\"@type\":\"Organization\",\"@id\":\"https:\/\/preprod.lessecretsduchocolat.com\/#organization\",\"name\":\"Secrets de Chocolat\",\"url\":\"https:\/\/preprod.lessecretsduchocolat.com\/\",\"logo\":{\"@type\":\"ImageObject\",\"inLanguage\":\"de\",\"@id\":\"https:\/\/preprod.lessecretsduchocolat.com\/#\/schema\/logo\/image\/\",\"url\":\"https:\/\/preprod.lessecretsduchocolat.com\/wp-content\/uploads\/2025\/05\/logo.png\",\"contentUrl\":\"https:\/\/preprod.lessecretsduchocolat.com\/wp-content\/uploads\/2025\/05\/logo.png\",\"width\":198,\"height\":85,\"caption\":\"Secrets de Chocolat\"},\"image\":{\"@id\":\"https:\/\/preprod.lessecretsduchocolat.com\/#\/schema\/logo\/image\/\"}}]}<\/script>\n<!-- \/ Yoast SEO plugin. -->","yoast_head_json":{"title":"BREZELKUGELN AUS ZARTBITTERSCHOKOLADE","description":"Brezelkugeln aus Zartbitterschokolade 70 %: Eine Kombination aus intensivem Kakao und dem salzigen Knuspern der Brezel. Ein gro\u00dfz\u00fcgiges Format, perfekt zum Teilen.","robots":{"index":"noindex","follow":"follow","max-snippet":"max-snippet:-1","max-image-preview":"max-image-preview:large","max-video-preview":"max-video-preview:-1"},"og_locale":"de_DE","og_type":"article","og_title":"BOULES BRETZEL CHOCOLAT NOIR","og_description":"Boules bretzel chocolat noir 70 % : alliance du cacao intense et du croustillant sal\u00e9 du bretzel. Un format g\u00e9n\u00e9reux, parfait \u00e0 partager.","og_url":"https:\/\/preprod.lessecretsduchocolat.com\/de\/product\/die-brezeln-70-750g\/","og_site_name":"Secrets de Chocolat","article_modified_time":"2025-08-27T10:51:03+00:00","og_image":[{"width":500,"height":500,"url":"https:\/\/preprod.lessecretsduchocolat.com\/wp-content\/uploads\/2025\/05\/753.jpg","type":"image\/jpeg"}],"twitter_card":"summary_large_image","twitter_misc":{"Gesch\u00e4tzte Lesezeit":"2\u00a0Minuten"},"schema":{"@context":"https:\/\/schema.org","@graph":[{"@type":"WebPage","@id":"https:\/\/preprod.lessecretsduchocolat.com\/produit\/les-bretzels-70-750g\/","url":"https:\/\/preprod.lessecretsduchocolat.com\/produit\/les-bretzels-70-750g\/","name":"BREZELKUGELN AUS ZARTBITTERSCHOKOLADE","isPartOf":{"@id":"https:\/\/preprod.lessecretsduchocolat.com\/#website"},"primaryImageOfPage":{"@id":"https:\/\/preprod.lessecretsduchocolat.com\/produit\/les-bretzels-70-750g\/#primaryimage"},"image":{"@id":"https:\/\/preprod.lessecretsduchocolat.com\/produit\/les-bretzels-70-750g\/#primaryimage"},"thumbnailUrl":"https:\/\/preprod.lessecretsduchocolat.com\/wp-content\/uploads\/2025\/05\/753.jpg","datePublished":"2021-04-02T06:40:06+00:00","dateModified":"2025-08-27T10:51:03+00:00","description":"Brezelkugeln aus Zartbitterschokolade 70 %: Eine Kombination aus intensivem Kakao und dem salzigen Knuspern der Brezel. Ein gro\u00dfz\u00fcgiges Format, perfekt zum Teilen.","breadcrumb":{"@id":"https:\/\/preprod.lessecretsduchocolat.com\/produit\/les-bretzels-70-750g\/#breadcrumb"},"inLanguage":"de","potentialAction":[{"@type":"ReadAction","target":["https:\/\/preprod.lessecretsduchocolat.com\/produit\/les-bretzels-70-750g\/"]}]},{"@type":"ImageObject","inLanguage":"de","@id":"https:\/\/preprod.lessecretsduchocolat.com\/produit\/les-bretzels-70-750g\/#primaryimage","url":"https:\/\/preprod.lessecretsduchocolat.com\/wp-content\/uploads\/2025\/05\/753.jpg","contentUrl":"https:\/\/preprod.lessecretsduchocolat.com\/wp-content\/uploads\/2025\/05\/753.jpg","width":500,"height":500},{"@type":"BreadcrumbList","@id":"https:\/\/preprod.lessecretsduchocolat.com\/produit\/les-bretzels-70-750g\/#breadcrumb","itemListElement":[{"@type":"ListItem","position":1,"name":"Accueil","item":"https:\/\/preprod.lessecretsduchocolat.com\/"},{"@type":"ListItem","position":2,"name":"Magasin","item":"https:\/\/preprod.lessecretsduchocolat.com\/magasin\/"},{"@type":"ListItem","position":3,"name":"BOULES BRETZELS 70% 750G"}]},{"@type":"WebSite","@id":"https:\/\/preprod.lessecretsduchocolat.com\/#website","url":"https:\/\/preprod.lessecretsduchocolat.com\/","name":"Secrets de Chocolat (Schokoladengeheimnisse)","description":"","publisher":{"@id":"https:\/\/preprod.lessecretsduchocolat.com\/#organization"},"potentialAction":[{"@type":"SearchAction","target":{"@type":"EntryPoint","urlTemplate":"https:\/\/preprod.lessecretsduchocolat.com\/?s={search_term_string}"},"query-input":{"@type":"PropertyValueSpecification","valueRequired":true,"valueName":"search_term_string"}}],"inLanguage":"de"},{"@type":"Organization","@id":"https:\/\/preprod.lessecretsduchocolat.com\/#organization","name":"Secrets de Chocolat (Schokoladengeheimnisse)","url":"https:\/\/preprod.lessecretsduchocolat.com\/","logo":{"@type":"ImageObject","inLanguage":"de","@id":"https:\/\/preprod.lessecretsduchocolat.com\/#\/schema\/logo\/image\/","url":"https:\/\/preprod.lessecretsduchocolat.com\/wp-content\/uploads\/2025\/05\/logo.png","contentUrl":"https:\/\/preprod.lessecretsduchocolat.com\/wp-content\/uploads\/2025\/05\/logo.png","width":198,"height":85,"caption":"Secrets de Chocolat"},"image":{"@id":"https:\/\/preprod.lessecretsduchocolat.com\/#\/schema\/logo\/image\/"}}]}},"_links":{"self":[{"href":"https:\/\/preprod.lessecretsduchocolat.com\/de\/wp-json\/wp\/v2\/product\/1072","targetHints":{"allow":["GET"]}}],"collection":[{"href":"https:\/\/preprod.lessecretsduchocolat.com\/de\/wp-json\/wp\/v2\/product"}],"about":[{"href":"https:\/\/preprod.lessecretsduchocolat.com\/de\/wp-json\/wp\/v2\/types\/product"}],"version-history":[{"count":3,"href":"https:\/\/preprod.lessecretsduchocolat.com\/de\/wp-json\/wp\/v2\/product\/1072\/revisions"}],"predecessor-version":[{"id":4112,"href":"https:\/\/preprod.lessecretsduchocolat.com\/de\/wp-json\/wp\/v2\/product\/1072\/revisions\/4112"}],"wp:featuredmedia":[{"embeddable":true,"href":"https:\/\/preprod.lessecretsduchocolat.com\/de\/wp-json\/wp\/v2\/media\/830"}],"wp:attachment":[{"href":"https:\/\/preprod.lessecretsduchocolat.com\/de\/wp-json\/wp\/v2\/media?parent=1072"}],"wp:term":[{"taxonomy":"product_brand","embeddable":true,"href":"https:\/\/preprod.lessecretsduchocolat.com\/de\/wp-json\/wp\/v2\/product_brand?post=1072"},{"taxonomy":"product_cat","embeddable":true,"href":"https:\/\/preprod.lessecretsduchocolat.com\/de\/wp-json\/wp\/v2\/product_cat?post=1072"},{"taxonomy":"product_tag","embeddable":true,"href":"https:\/\/preprod.lessecretsduchocolat.com\/de\/wp-json\/wp\/v2\/product_tag?post=1072"}],"curies":[{"name":"wp","href":"https:\/\/api.w.org\/{rel}","templated":true}]}}