{"id":1083,"date":"2021-04-09T06:40:06","date_gmt":"2021-04-09T06:40:06","guid":{"rendered":"https:\/\/preprod.lessecretsduchocolat.com\/?product=les-amandes-framboise-250g"},"modified":"2025-09-01T16:04:22","modified_gmt":"2025-09-01T14:04:22","slug":"die-himbeermandeln-250g","status":"publish","type":"product","link":"https:\/\/preprod.lessecretsduchocolat.com\/de\/product\/die-himbeermandeln-250g\/","title":{"rendered":"DIE HIMBEERMANDELN 250G"},"content":{"rendered":"<p data-start=\"318\" data-end=\"481\">Les <strong data-start=\"322\" data-end=\"357\">Amandes framboise <\/strong>sont une gourmandise originale et raffin\u00e9e qui associe l\u2019intensit\u00e9 du fruit sec et la fra\u00eecheur acidul\u00e9e de la framboise.<\/p>\n<p data-start=\"483\" data-end=\"664\">Chaque bonbon cache une <strong data-start=\"507\" data-end=\"539\">amande caram\u00e9lis\u00e9e croquante<\/strong>, enrob\u00e9e d\u2019un <strong data-start=\"554\" data-end=\"582\">chocolat au lait fondant<\/strong>, puis relev\u00e9e par de d\u00e9licates <strong data-start=\"614\" data-end=\"639\">p\u00e9pites de framboises<\/strong> au go\u00fbt vif et fruit\u00e9.<\/p>\n<p data-start=\"666\" data-end=\"835\">La premi\u00e8re bouch\u00e9e s\u00e9duit par son contraste : craquant de l\u2019amande, douceur du chocolat au lait et note acidul\u00e9e de la framboise. Un \u00e9quilibre surprenant et addictif.<\/p>\n<p data-start=\"837\" data-end=\"999\">Ce mariage in\u00e9dit r\u00e9v\u00e8le une gourmandise aux multiples facettes : fondante, croquante, sucr\u00e9e et fruit\u00e9e. Un chocolat qui joue avec les textures et les saveurs.<\/p>\n<p data-start=\"1001\" data-end=\"1158\">Avec leur format pratique en <strong data-start=\"1030\" data-end=\"1047\">tubo de 250 g<\/strong>, ces douceurs s\u2019offrent, se partagent et se d\u00e9gustent en toute occasion, du caf\u00e9 gourmand \u00e0 la pause sucr\u00e9e.<\/p>\n<p data-start=\"1160\" data-end=\"1338\">Les <strong data-start=\"1164\" data-end=\"1202\">amandes framboise chocolat au lait<\/strong> s\u00e9duisent par leur originalit\u00e9. Elles revisitent l\u2019association classique chocolat-amande avec une touche fruit\u00e9e pleine de fra\u00eecheur.<\/p>\n<p data-start=\"1340\" data-end=\"1500\">Parfaites pour surprendre vos invit\u00e9s, elles deviennent aussi une excellente id\u00e9e cadeau. Pr\u00e9sent\u00e9es en tubo \u00e9l\u00e9gant, elles allient authenticit\u00e9 et modernit\u00e9.<\/p>\n<p data-start=\"1502\" data-end=\"1667\">En bouche, la rondeur du chocolat au lait sublime la gourmandise de l\u2019amande caram\u00e9lis\u00e9e, tandis que la framboise apporte une touche vive et d\u00e9licatement acidul\u00e9e.<\/p>\n<p data-start=\"1669\" data-end=\"1856\">Offrir ou s\u2019offrir ces <strong data-start=\"1692\" data-end=\"1713\">amandes framboise<\/strong>, c\u2019est choisir un chocolat audacieux et raffin\u00e9, qui enchante aussi bien les amateurs de fruits secs que les passionn\u00e9s de saveurs fruit\u00e9es.<\/p>\n<p data-start=\"1858\" data-end=\"1944\">Un plaisir moderne et irr\u00e9sistible, qui sublime les instants gourmands du quotidien.<\/p>","protected":false},"excerpt":{"rendered":"<p>Croquez vite dans ce bonbon de chocolat qui allie \u00e0 merveille la framboise et l&rsquo;amande caram\u00e9lis\u00e9e ! (42,00\u20ac\/kg)<\/p>","protected":false},"featured_media":861,"template":"","meta":{"_acf_changed":false,"site-sidebar-layout":"default","site-content-layout":"","ast-site-content-layout":"default","site-content-style":"default","site-sidebar-style":"default","ast-global-header-display":"","ast-banner-title-visibility":"","ast-main-header-display":"","ast-hfb-above-header-display":"","ast-hfb-below-header-display":"","ast-hfb-mobile-header-display":"","site-post-title":"","ast-breadcrumbs-content":"","ast-featured-img":"","footer-sml-layout":"","theme-transparent-header-meta":"default","adv-header-id-meta":"","stick-header-meta":"","header-above-stick-meta":"","header-main-stick-meta":"","header-below-stick-meta":"","astra-migrate-meta-layouts":"set","ast-page-background-enabled":"default","ast-page-background-meta":{"desktop":{"background-color":"var(--ast-global-color-4)","background-image":"","background-repeat":"repeat","background-position":"center center","background-size":"auto","background-attachment":"scroll","background-type":"","background-media":"","overlay-type":"","overlay-color":"","overlay-opacity":"","overlay-gradient":""},"tablet":{"background-color":"","background-image":"","background-repeat":"repeat","background-position":"center center","background-size":"auto","background-attachment":"scroll","background-type":"","background-media":"","overlay-type":"","overlay-color":"","overlay-opacity":"","overlay-gradient":""},"mobile":{"background-color":"","background-image":"","background-repeat":"repeat","background-position":"center center","background-size":"auto","background-attachment":"scroll","background-type":"","background-media":"","overlay-type":"","overlay-color":"","overlay-opacity":"","overlay-gradient":""}},"ast-content-background-meta":{"desktop":{"background-color":"var(--ast-global-color-5)","background-image":"","background-repeat":"repeat","background-position":"center center","background-size":"auto","background-attachment":"scroll","background-type":"","background-media":"","overlay-type":"","overlay-color":"","overlay-opacity":"","overlay-gradient":""},"tablet":{"background-color":"var(--ast-global-color-5)","background-image":"","background-repeat":"repeat","background-position":"center center","background-size":"auto","background-attachment":"scroll","background-type":"","background-media":"","overlay-type":"","overlay-color":"","overlay-opacity":"","overlay-gradient":""},"mobile":{"background-color":"var(--ast-global-color-5)","background-image":"","background-repeat":"repeat","background-position":"center center","background-size":"auto","background-attachment":"scroll","background-type":"","background-media":"","overlay-type":"","overlay-color":"","overlay-opacity":"","overlay-gradient":""}},"iawp_total_views":0},"product_brand":[],"product_cat":[108],"product_tag":[],"class_list":{"0":"post-1083","1":"product","2":"type-product","3":"status-publish","4":"has-post-thumbnail","6":"product_cat-gourmandises","7":"desktop-align-left","8":"tablet-align-left","9":"mobile-align-left","11":"first","12":"outofstock","13":"taxable","14":"shipping-taxable","15":"purchasable","16":"product-type-simple"},"acf":[],"yoast_head":"<!-- This site is optimized with the Yoast SEO plugin v25.9 - https:\/\/yoast.com\/wordpress\/plugins\/seo\/ -->\n<title>AMANDES FRAMBOISES 250G<\/title>\n<meta name=\"description\" content=\"Craquez pour les amandes framboise : amandes caram\u00e9lis\u00e9es enrob\u00e9es de chocolat au lait et \u00e9clats de framboises acidul\u00e9es. Originales et gourmandes.\" \/>\n<meta name=\"robots\" content=\"noindex, follow, max-snippet:-1, max-image-preview:large, max-video-preview:-1\" \/>\n<meta property=\"og:locale\" content=\"de_DE\" \/>\n<meta property=\"og:type\" content=\"article\" \/>\n<meta property=\"og:title\" content=\"AMANDES FRAMBOISES 250G\" \/>\n<meta property=\"og:description\" content=\"Craquez pour les amandes framboise : amandes caram\u00e9lis\u00e9es enrob\u00e9es de chocolat au lait et \u00e9clats de framboises acidul\u00e9es. Originales et gourmandes.\" \/>\n<meta property=\"og:url\" content=\"https:\/\/preprod.lessecretsduchocolat.com\/de\/product\/die-himbeermandeln-250g\/\" \/>\n<meta property=\"og:site_name\" content=\"Secrets de Chocolat\" \/>\n<meta property=\"article:modified_time\" content=\"2025-09-01T14:04:22+00:00\" \/>\n<meta property=\"og:image\" content=\"https:\/\/preprod.lessecretsduchocolat.com\/wp-content\/uploads\/2025\/05\/731.jpg\" \/>\n\t<meta property=\"og:image:width\" content=\"500\" \/>\n\t<meta property=\"og:image:height\" content=\"500\" \/>\n\t<meta property=\"og:image:type\" content=\"image\/jpeg\" \/>\n<meta name=\"twitter:card\" content=\"summary_large_image\" \/>\n<meta name=\"twitter:label1\" content=\"Gesch\u00e4tzte Lesezeit\" \/>\n\t<meta name=\"twitter:data1\" content=\"2\u00a0Minuten\" \/>\n<script type=\"application\/ld+json\" class=\"yoast-schema-graph\">{\"@context\":\"https:\/\/schema.org\",\"@graph\":[{\"@type\":\"WebPage\",\"@id\":\"https:\/\/preprod.lessecretsduchocolat.com\/produit\/les-amandes-framboise-250g\/\",\"url\":\"https:\/\/preprod.lessecretsduchocolat.com\/produit\/les-amandes-framboise-250g\/\",\"name\":\"AMANDES FRAMBOISES 250G\",\"isPartOf\":{\"@id\":\"https:\/\/preprod.lessecretsduchocolat.com\/#website\"},\"primaryImageOfPage\":{\"@id\":\"https:\/\/preprod.lessecretsduchocolat.com\/produit\/les-amandes-framboise-250g\/#primaryimage\"},\"image\":{\"@id\":\"https:\/\/preprod.lessecretsduchocolat.com\/produit\/les-amandes-framboise-250g\/#primaryimage\"},\"thumbnailUrl\":\"https:\/\/preprod.lessecretsduchocolat.com\/wp-content\/uploads\/2025\/05\/731.jpg\",\"datePublished\":\"2021-04-09T06:40:06+00:00\",\"dateModified\":\"2025-09-01T14:04:22+00:00\",\"description\":\"Craquez pour les amandes framboise : amandes caram\u00e9lis\u00e9es enrob\u00e9es de chocolat au lait et \u00e9clats de framboises acidul\u00e9es. Originales et gourmandes.\",\"breadcrumb\":{\"@id\":\"https:\/\/preprod.lessecretsduchocolat.com\/produit\/les-amandes-framboise-250g\/#breadcrumb\"},\"inLanguage\":\"de\",\"potentialAction\":[{\"@type\":\"ReadAction\",\"target\":[\"https:\/\/preprod.lessecretsduchocolat.com\/produit\/les-amandes-framboise-250g\/\"]}]},{\"@type\":\"ImageObject\",\"inLanguage\":\"de\",\"@id\":\"https:\/\/preprod.lessecretsduchocolat.com\/produit\/les-amandes-framboise-250g\/#primaryimage\",\"url\":\"https:\/\/preprod.lessecretsduchocolat.com\/wp-content\/uploads\/2025\/05\/731.jpg\",\"contentUrl\":\"https:\/\/preprod.lessecretsduchocolat.com\/wp-content\/uploads\/2025\/05\/731.jpg\",\"width\":500,\"height\":500,\"caption\":\"image amandes framboise tubo\"},{\"@type\":\"BreadcrumbList\",\"@id\":\"https:\/\/preprod.lessecretsduchocolat.com\/produit\/les-amandes-framboise-250g\/#breadcrumb\",\"itemListElement\":[{\"@type\":\"ListItem\",\"position\":1,\"name\":\"Accueil\",\"item\":\"https:\/\/preprod.lessecretsduchocolat.com\/\"},{\"@type\":\"ListItem\",\"position\":2,\"name\":\"Magasin\",\"item\":\"https:\/\/preprod.lessecretsduchocolat.com\/magasin\/\"},{\"@type\":\"ListItem\",\"position\":3,\"name\":\"LES AMANDES FRAMBOISE 250G\"}]},{\"@type\":\"WebSite\",\"@id\":\"https:\/\/preprod.lessecretsduchocolat.com\/#website\",\"url\":\"https:\/\/preprod.lessecretsduchocolat.com\/\",\"name\":\"Secrets de Chocolat\",\"description\":\"\",\"publisher\":{\"@id\":\"https:\/\/preprod.lessecretsduchocolat.com\/#organization\"},\"potentialAction\":[{\"@type\":\"SearchAction\",\"target\":{\"@type\":\"EntryPoint\",\"urlTemplate\":\"https:\/\/preprod.lessecretsduchocolat.com\/?s={search_term_string}\"},\"query-input\":{\"@type\":\"PropertyValueSpecification\",\"valueRequired\":true,\"valueName\":\"search_term_string\"}}],\"inLanguage\":\"de\"},{\"@type\":\"Organization\",\"@id\":\"https:\/\/preprod.lessecretsduchocolat.com\/#organization\",\"name\":\"Secrets de Chocolat\",\"url\":\"https:\/\/preprod.lessecretsduchocolat.com\/\",\"logo\":{\"@type\":\"ImageObject\",\"inLanguage\":\"de\",\"@id\":\"https:\/\/preprod.lessecretsduchocolat.com\/#\/schema\/logo\/image\/\",\"url\":\"https:\/\/preprod.lessecretsduchocolat.com\/wp-content\/uploads\/2025\/05\/logo.png\",\"contentUrl\":\"https:\/\/preprod.lessecretsduchocolat.com\/wp-content\/uploads\/2025\/05\/logo.png\",\"width\":198,\"height\":85,\"caption\":\"Secrets de Chocolat\"},\"image\":{\"@id\":\"https:\/\/preprod.lessecretsduchocolat.com\/#\/schema\/logo\/image\/\"}}]}<\/script>\n<!-- \/ Yoast SEO plugin. -->","yoast_head_json":{"title":"MANDELN HIMBEEREN 250G","description":"Verlieben Sie sich in die Himbeermandeln: karamellisierte Mandeln umh\u00fcllt von Milchschokolade und s\u00e4uerlichen Himbeersplittern. Originell und lecker.","robots":{"index":"noindex","follow":"follow","max-snippet":"max-snippet:-1","max-image-preview":"max-image-preview:large","max-video-preview":"max-video-preview:-1"},"og_locale":"de_DE","og_type":"article","og_title":"AMANDES FRAMBOISES 250G","og_description":"Craquez pour les amandes framboise : amandes caram\u00e9lis\u00e9es enrob\u00e9es de chocolat au lait et \u00e9clats de framboises acidul\u00e9es. Originales et gourmandes.","og_url":"https:\/\/preprod.lessecretsduchocolat.com\/de\/product\/die-himbeermandeln-250g\/","og_site_name":"Secrets de Chocolat","article_modified_time":"2025-09-01T14:04:22+00:00","og_image":[{"width":500,"height":500,"url":"https:\/\/preprod.lessecretsduchocolat.com\/wp-content\/uploads\/2025\/05\/731.jpg","type":"image\/jpeg"}],"twitter_card":"summary_large_image","twitter_misc":{"Gesch\u00e4tzte Lesezeit":"2\u00a0Minuten"},"schema":{"@context":"https:\/\/schema.org","@graph":[{"@type":"WebPage","@id":"https:\/\/preprod.lessecretsduchocolat.com\/produit\/les-amandes-framboise-250g\/","url":"https:\/\/preprod.lessecretsduchocolat.com\/produit\/les-amandes-framboise-250g\/","name":"MANDELN HIMBEEREN 250G","isPartOf":{"@id":"https:\/\/preprod.lessecretsduchocolat.com\/#website"},"primaryImageOfPage":{"@id":"https:\/\/preprod.lessecretsduchocolat.com\/produit\/les-amandes-framboise-250g\/#primaryimage"},"image":{"@id":"https:\/\/preprod.lessecretsduchocolat.com\/produit\/les-amandes-framboise-250g\/#primaryimage"},"thumbnailUrl":"https:\/\/preprod.lessecretsduchocolat.com\/wp-content\/uploads\/2025\/05\/731.jpg","datePublished":"2021-04-09T06:40:06+00:00","dateModified":"2025-09-01T14:04:22+00:00","description":"Verlieben Sie sich in die Himbeermandeln: karamellisierte Mandeln umh\u00fcllt von Milchschokolade und s\u00e4uerlichen Himbeersplittern. Originell und lecker.","breadcrumb":{"@id":"https:\/\/preprod.lessecretsduchocolat.com\/produit\/les-amandes-framboise-250g\/#breadcrumb"},"inLanguage":"de","potentialAction":[{"@type":"ReadAction","target":["https:\/\/preprod.lessecretsduchocolat.com\/produit\/les-amandes-framboise-250g\/"]}]},{"@type":"ImageObject","inLanguage":"de","@id":"https:\/\/preprod.lessecretsduchocolat.com\/produit\/les-amandes-framboise-250g\/#primaryimage","url":"https:\/\/preprod.lessecretsduchocolat.com\/wp-content\/uploads\/2025\/05\/731.jpg","contentUrl":"https:\/\/preprod.lessecretsduchocolat.com\/wp-content\/uploads\/2025\/05\/731.jpg","width":500,"height":500,"caption":"image amandes framboise tubo"},{"@type":"BreadcrumbList","@id":"https:\/\/preprod.lessecretsduchocolat.com\/produit\/les-amandes-framboise-250g\/#breadcrumb","itemListElement":[{"@type":"ListItem","position":1,"name":"Accueil","item":"https:\/\/preprod.lessecretsduchocolat.com\/"},{"@type":"ListItem","position":2,"name":"Magasin","item":"https:\/\/preprod.lessecretsduchocolat.com\/magasin\/"},{"@type":"ListItem","position":3,"name":"LES AMANDES FRAMBOISE 250G"}]},{"@type":"WebSite","@id":"https:\/\/preprod.lessecretsduchocolat.com\/#website","url":"https:\/\/preprod.lessecretsduchocolat.com\/","name":"Secrets de Chocolat (Schokoladengeheimnisse)","description":"","publisher":{"@id":"https:\/\/preprod.lessecretsduchocolat.com\/#organization"},"potentialAction":[{"@type":"SearchAction","target":{"@type":"EntryPoint","urlTemplate":"https:\/\/preprod.lessecretsduchocolat.com\/?s={search_term_string}"},"query-input":{"@type":"PropertyValueSpecification","valueRequired":true,"valueName":"search_term_string"}}],"inLanguage":"de"},{"@type":"Organization","@id":"https:\/\/preprod.lessecretsduchocolat.com\/#organization","name":"Secrets de Chocolat (Schokoladengeheimnisse)","url":"https:\/\/preprod.lessecretsduchocolat.com\/","logo":{"@type":"ImageObject","inLanguage":"de","@id":"https:\/\/preprod.lessecretsduchocolat.com\/#\/schema\/logo\/image\/","url":"https:\/\/preprod.lessecretsduchocolat.com\/wp-content\/uploads\/2025\/05\/logo.png","contentUrl":"https:\/\/preprod.lessecretsduchocolat.com\/wp-content\/uploads\/2025\/05\/logo.png","width":198,"height":85,"caption":"Secrets de Chocolat"},"image":{"@id":"https:\/\/preprod.lessecretsduchocolat.com\/#\/schema\/logo\/image\/"}}]}},"_links":{"self":[{"href":"https:\/\/preprod.lessecretsduchocolat.com\/de\/wp-json\/wp\/v2\/product\/1083","targetHints":{"allow":["GET"]}}],"collection":[{"href":"https:\/\/preprod.lessecretsduchocolat.com\/de\/wp-json\/wp\/v2\/product"}],"about":[{"href":"https:\/\/preprod.lessecretsduchocolat.com\/de\/wp-json\/wp\/v2\/types\/product"}],"version-history":[{"count":4,"href":"https:\/\/preprod.lessecretsduchocolat.com\/de\/wp-json\/wp\/v2\/product\/1083\/revisions"}],"predecessor-version":[{"id":4208,"href":"https:\/\/preprod.lessecretsduchocolat.com\/de\/wp-json\/wp\/v2\/product\/1083\/revisions\/4208"}],"wp:featuredmedia":[{"embeddable":true,"href":"https:\/\/preprod.lessecretsduchocolat.com\/de\/wp-json\/wp\/v2\/media\/861"}],"wp:attachment":[{"href":"https:\/\/preprod.lessecretsduchocolat.com\/de\/wp-json\/wp\/v2\/media?parent=1083"}],"wp:term":[{"taxonomy":"product_brand","embeddable":true,"href":"https:\/\/preprod.lessecretsduchocolat.com\/de\/wp-json\/wp\/v2\/product_brand?post=1083"},{"taxonomy":"product_cat","embeddable":true,"href":"https:\/\/preprod.lessecretsduchocolat.com\/de\/wp-json\/wp\/v2\/product_cat?post=1083"},{"taxonomy":"product_tag","embeddable":true,"href":"https:\/\/preprod.lessecretsduchocolat.com\/de\/wp-json\/wp\/v2\/product_tag?post=1083"}],"curies":[{"name":"wp","href":"https:\/\/api.w.org\/{rel}","templated":true}]}}