{"id":1084,"date":"2021-04-09T06:40:06","date_gmt":"2021-04-09T06:40:06","guid":{"rendered":"https:\/\/preprod.lessecretsduchocolat.com\/?product=les-gianduja-feuillantine-noir-200g"},"modified":"2025-09-01T16:06:47","modified_gmt":"2025-09-01T14:06:47","slug":"die-gianduja-feuillantine-schwarz-200g","status":"publish","type":"product","link":"https:\/\/preprod.lessecretsduchocolat.com\/de\/product\/die-gianduja-feuillantine-schwarz-200g\/","title":{"rendered":"DIE GIANDUJA FEUILLANTINE SCHWARZ 200G"},"content":{"rendered":"<p data-start=\"323\" data-end=\"490\">Les <strong data-start=\"327\" data-end=\"371\">Gianduja Feuillantine noir <\/strong>sont une cr\u00e9ation \u00e9l\u00e9gante qui marie la puissance du chocolat noir et la finesse croustillante de la cr\u00eape dentelle.<\/p>\n<p data-start=\"492\" data-end=\"669\">Chaque bonbon associe une coque de <strong data-start=\"527\" data-end=\"564\">chocolat noir pur beurre de cacao<\/strong> \u00e0 un c\u0153ur fondant de <strong data-start=\"586\" data-end=\"608\">gianduja noisettes<\/strong>, relev\u00e9 par de d\u00e9licates <strong data-start=\"634\" data-end=\"666\">brisures de cr\u00eapes dentelles<\/strong>.<\/p>\n<p data-start=\"671\" data-end=\"848\">En bouche, le contraste s\u00e9duit imm\u00e9diatement : intensit\u00e9 du chocolat noir, onctuosit\u00e9 du gianduja et croquant raffin\u00e9 de la feuillantine. Une alliance subtile et irr\u00e9sistible.<\/p>\n<p data-start=\"850\" data-end=\"1021\">Ce mariage de textures transforme chaque bouch\u00e9e en exp\u00e9rience sensorielle compl\u00e8te : fondant, croustillant et intensit\u00e9 aromatique s\u2019entrelacent pour un plaisir unique.<\/p>\n<p data-start=\"1023\" data-end=\"1168\">Avec son format pratique en <strong data-start=\"1051\" data-end=\"1068\">tubo de 200 g<\/strong>, cet assortiment se pr\u00eate aussi bien aux moments gourmands du quotidien qu\u2019aux grandes occasions.<\/p>\n<p data-start=\"1170\" data-end=\"1346\">Les <strong data-start=\"1174\" data-end=\"1204\">gianduja feuillantine noir<\/strong> s\u00e9duisent les amateurs de cacao intense comme ceux qui appr\u00e9cient les recettes textur\u00e9es. Un chocolat raffin\u00e9 et original qui pla\u00eet \u00e0 tous.<\/p>\n<p data-start=\"1348\" data-end=\"1470\">Ils accompagnent parfaitement un caf\u00e9 ou un th\u00e9, mais se d\u00e9gustent aussi seuls, pour un moment de pur plaisir chocolat\u00e9.<\/p>\n<p data-start=\"1472\" data-end=\"1624\">Pr\u00e9sent\u00e9s en tubo \u00e9l\u00e9gant, ils deviennent aussi une <strong data-start=\"1524\" data-end=\"1550\">excellente id\u00e9e cadeau<\/strong>. \u00c0 offrir aux amoureux du chocolat noir et des recettes croustillantes.<\/p>\n<p data-start=\"1626\" data-end=\"1787\">La combinaison du gianduja noisettes et de la feuillantine rappelle que l\u2019\u00e9l\u00e9gance se trouve souvent dans la simplicit\u00e9 et la justesse des mariages de saveurs.<\/p>\n<p data-start=\"1789\" data-end=\"1937\">Les <strong data-start=\"1793\" data-end=\"1837\">Gianduja Feuillantine noir <\/strong>incarnent une gourmandise g\u00e9n\u00e9reuse, raffin\u00e9e et addictive, qui se savoure bouch\u00e9e apr\u00e8s bouch\u00e9e.<\/p>","protected":false},"excerpt":{"rendered":"<p>D\u00e9couvrez les Gianduja Feuillantine noir en tubo 200 g : chocolats noir et gianduja noisettes, sublim\u00e9s par des brisures croustillantes de cr\u00eapes dentelles. (44,00\u20ac\/kg)<\/p>","protected":false},"featured_media":863,"template":"","meta":{"_acf_changed":false,"site-sidebar-layout":"default","site-content-layout":"","ast-site-content-layout":"default","site-content-style":"default","site-sidebar-style":"default","ast-global-header-display":"","ast-banner-title-visibility":"","ast-main-header-display":"","ast-hfb-above-header-display":"","ast-hfb-below-header-display":"","ast-hfb-mobile-header-display":"","site-post-title":"","ast-breadcrumbs-content":"","ast-featured-img":"","footer-sml-layout":"","theme-transparent-header-meta":"default","adv-header-id-meta":"","stick-header-meta":"","header-above-stick-meta":"","header-main-stick-meta":"","header-below-stick-meta":"","astra-migrate-meta-layouts":"set","ast-page-background-enabled":"default","ast-page-background-meta":{"desktop":{"background-color":"var(--ast-global-color-4)","background-image":"","background-repeat":"repeat","background-position":"center center","background-size":"auto","background-attachment":"scroll","background-type":"","background-media":"","overlay-type":"","overlay-color":"","overlay-opacity":"","overlay-gradient":""},"tablet":{"background-color":"","background-image":"","background-repeat":"repeat","background-position":"center center","background-size":"auto","background-attachment":"scroll","background-type":"","background-media":"","overlay-type":"","overlay-color":"","overlay-opacity":"","overlay-gradient":""},"mobile":{"background-color":"","background-image":"","background-repeat":"repeat","background-position":"center center","background-size":"auto","background-attachment":"scroll","background-type":"","background-media":"","overlay-type":"","overlay-color":"","overlay-opacity":"","overlay-gradient":""}},"ast-content-background-meta":{"desktop":{"background-color":"var(--ast-global-color-5)","background-image":"","background-repeat":"repeat","background-position":"center center","background-size":"auto","background-attachment":"scroll","background-type":"","background-media":"","overlay-type":"","overlay-color":"","overlay-opacity":"","overlay-gradient":""},"tablet":{"background-color":"var(--ast-global-color-5)","background-image":"","background-repeat":"repeat","background-position":"center center","background-size":"auto","background-attachment":"scroll","background-type":"","background-media":"","overlay-type":"","overlay-color":"","overlay-opacity":"","overlay-gradient":""},"mobile":{"background-color":"var(--ast-global-color-5)","background-image":"","background-repeat":"repeat","background-position":"center center","background-size":"auto","background-attachment":"scroll","background-type":"","background-media":"","overlay-type":"","overlay-color":"","overlay-opacity":"","overlay-gradient":""}},"iawp_total_views":0},"product_brand":[],"product_cat":[108],"product_tag":[],"class_list":{"0":"post-1084","1":"product","2":"type-product","3":"status-publish","4":"has-post-thumbnail","6":"product_cat-gourmandises","7":"desktop-align-left","8":"tablet-align-left","9":"mobile-align-left","11":"first","12":"outofstock","13":"taxable","14":"shipping-taxable","15":"purchasable","16":"product-type-simple"},"acf":[],"yoast_head":"<!-- This site is optimized with the Yoast SEO plugin v25.9 - https:\/\/yoast.com\/wordpress\/plugins\/seo\/ -->\n<title>GIANDUJA CHOCOLAT NOIR 200G<\/title>\n<meta name=\"description\" content=\"D\u00e9couvrez les Gianduja Feuillantine noir en tubo 200 g : chocolats noir et gianduja noisettes, sublim\u00e9s par des brisures croustillantes de cr\u00eapes dentelles.\" \/>\n<meta name=\"robots\" content=\"noindex, follow, max-snippet:-1, max-image-preview:large, max-video-preview:-1\" \/>\n<meta property=\"og:locale\" content=\"de_DE\" \/>\n<meta property=\"og:type\" content=\"article\" \/>\n<meta property=\"og:title\" content=\"GIANDUJA CHOCOLAT NOIR 200G\" \/>\n<meta property=\"og:description\" content=\"D\u00e9couvrez les Gianduja Feuillantine noir en tubo 200 g : chocolats noir et gianduja noisettes, sublim\u00e9s par des brisures croustillantes de cr\u00eapes dentelles.\" \/>\n<meta property=\"og:url\" content=\"https:\/\/preprod.lessecretsduchocolat.com\/de\/product\/die-gianduja-feuillantine-schwarz-200g\/\" \/>\n<meta property=\"og:site_name\" content=\"Secrets de Chocolat\" \/>\n<meta property=\"article:modified_time\" content=\"2025-09-01T14:06:47+00:00\" \/>\n<meta property=\"og:image\" content=\"https:\/\/preprod.lessecretsduchocolat.com\/wp-content\/uploads\/2025\/05\/716.jpg\" \/>\n\t<meta property=\"og:image:width\" content=\"500\" \/>\n\t<meta property=\"og:image:height\" content=\"500\" \/>\n\t<meta property=\"og:image:type\" content=\"image\/jpeg\" \/>\n<meta name=\"twitter:card\" content=\"summary_large_image\" \/>\n<meta name=\"twitter:label1\" content=\"Gesch\u00e4tzte Lesezeit\" \/>\n\t<meta name=\"twitter:data1\" content=\"2\u00a0Minuten\" \/>\n<script type=\"application\/ld+json\" class=\"yoast-schema-graph\">{\"@context\":\"https:\/\/schema.org\",\"@graph\":[{\"@type\":\"WebPage\",\"@id\":\"https:\/\/preprod.lessecretsduchocolat.com\/produit\/les-gianduja-feuillantine-noir-200g\/\",\"url\":\"https:\/\/preprod.lessecretsduchocolat.com\/produit\/les-gianduja-feuillantine-noir-200g\/\",\"name\":\"GIANDUJA CHOCOLAT NOIR 200G\",\"isPartOf\":{\"@id\":\"https:\/\/preprod.lessecretsduchocolat.com\/#website\"},\"primaryImageOfPage\":{\"@id\":\"https:\/\/preprod.lessecretsduchocolat.com\/produit\/les-gianduja-feuillantine-noir-200g\/#primaryimage\"},\"image\":{\"@id\":\"https:\/\/preprod.lessecretsduchocolat.com\/produit\/les-gianduja-feuillantine-noir-200g\/#primaryimage\"},\"thumbnailUrl\":\"https:\/\/preprod.lessecretsduchocolat.com\/wp-content\/uploads\/2025\/05\/716.jpg\",\"datePublished\":\"2021-04-09T06:40:06+00:00\",\"dateModified\":\"2025-09-01T14:06:47+00:00\",\"description\":\"D\u00e9couvrez les Gianduja Feuillantine noir en tubo 200 g : chocolats noir et gianduja noisettes, sublim\u00e9s par des brisures croustillantes de cr\u00eapes dentelles.\",\"breadcrumb\":{\"@id\":\"https:\/\/preprod.lessecretsduchocolat.com\/produit\/les-gianduja-feuillantine-noir-200g\/#breadcrumb\"},\"inLanguage\":\"de\",\"potentialAction\":[{\"@type\":\"ReadAction\",\"target\":[\"https:\/\/preprod.lessecretsduchocolat.com\/produit\/les-gianduja-feuillantine-noir-200g\/\"]}]},{\"@type\":\"ImageObject\",\"inLanguage\":\"de\",\"@id\":\"https:\/\/preprod.lessecretsduchocolat.com\/produit\/les-gianduja-feuillantine-noir-200g\/#primaryimage\",\"url\":\"https:\/\/preprod.lessecretsduchocolat.com\/wp-content\/uploads\/2025\/05\/716.jpg\",\"contentUrl\":\"https:\/\/preprod.lessecretsduchocolat.com\/wp-content\/uploads\/2025\/05\/716.jpg\",\"width\":500,\"height\":500,\"caption\":\"image gianduja feuillantine noir\"},{\"@type\":\"BreadcrumbList\",\"@id\":\"https:\/\/preprod.lessecretsduchocolat.com\/produit\/les-gianduja-feuillantine-noir-200g\/#breadcrumb\",\"itemListElement\":[{\"@type\":\"ListItem\",\"position\":1,\"name\":\"Accueil\",\"item\":\"https:\/\/preprod.lessecretsduchocolat.com\/\"},{\"@type\":\"ListItem\",\"position\":2,\"name\":\"Magasin\",\"item\":\"https:\/\/preprod.lessecretsduchocolat.com\/magasin\/\"},{\"@type\":\"ListItem\",\"position\":3,\"name\":\"LES GIANDUJA FEUILLANTINE NOIR 200G\"}]},{\"@type\":\"WebSite\",\"@id\":\"https:\/\/preprod.lessecretsduchocolat.com\/#website\",\"url\":\"https:\/\/preprod.lessecretsduchocolat.com\/\",\"name\":\"Secrets de Chocolat\",\"description\":\"\",\"publisher\":{\"@id\":\"https:\/\/preprod.lessecretsduchocolat.com\/#organization\"},\"potentialAction\":[{\"@type\":\"SearchAction\",\"target\":{\"@type\":\"EntryPoint\",\"urlTemplate\":\"https:\/\/preprod.lessecretsduchocolat.com\/?s={search_term_string}\"},\"query-input\":{\"@type\":\"PropertyValueSpecification\",\"valueRequired\":true,\"valueName\":\"search_term_string\"}}],\"inLanguage\":\"de\"},{\"@type\":\"Organization\",\"@id\":\"https:\/\/preprod.lessecretsduchocolat.com\/#organization\",\"name\":\"Secrets de Chocolat\",\"url\":\"https:\/\/preprod.lessecretsduchocolat.com\/\",\"logo\":{\"@type\":\"ImageObject\",\"inLanguage\":\"de\",\"@id\":\"https:\/\/preprod.lessecretsduchocolat.com\/#\/schema\/logo\/image\/\",\"url\":\"https:\/\/preprod.lessecretsduchocolat.com\/wp-content\/uploads\/2025\/05\/logo.png\",\"contentUrl\":\"https:\/\/preprod.lessecretsduchocolat.com\/wp-content\/uploads\/2025\/05\/logo.png\",\"width\":198,\"height\":85,\"caption\":\"Secrets de Chocolat\"},\"image\":{\"@id\":\"https:\/\/preprod.lessecretsduchocolat.com\/#\/schema\/logo\/image\/\"}}]}<\/script>\n<!-- \/ Yoast SEO plugin. -->","yoast_head_json":{"title":"GIANDUJA DUNKLE SCHOKOLADE 200G","description":"Entdecken Sie die Gianduja Feuillantine noir in der Tubo 200 g: Zartbitterschokolade und Gianduja Haselnuss, verfeinert durch knusprige Bruchst\u00fccke von Cr\u00eapes dentelles.","robots":{"index":"noindex","follow":"follow","max-snippet":"max-snippet:-1","max-image-preview":"max-image-preview:large","max-video-preview":"max-video-preview:-1"},"og_locale":"de_DE","og_type":"article","og_title":"GIANDUJA CHOCOLAT NOIR 200G","og_description":"D\u00e9couvrez les Gianduja Feuillantine noir en tubo 200 g : chocolats noir et gianduja noisettes, sublim\u00e9s par des brisures croustillantes de cr\u00eapes dentelles.","og_url":"https:\/\/preprod.lessecretsduchocolat.com\/de\/product\/die-gianduja-feuillantine-schwarz-200g\/","og_site_name":"Secrets de Chocolat","article_modified_time":"2025-09-01T14:06:47+00:00","og_image":[{"width":500,"height":500,"url":"https:\/\/preprod.lessecretsduchocolat.com\/wp-content\/uploads\/2025\/05\/716.jpg","type":"image\/jpeg"}],"twitter_card":"summary_large_image","twitter_misc":{"Gesch\u00e4tzte Lesezeit":"2\u00a0Minuten"},"schema":{"@context":"https:\/\/schema.org","@graph":[{"@type":"WebPage","@id":"https:\/\/preprod.lessecretsduchocolat.com\/produit\/les-gianduja-feuillantine-noir-200g\/","url":"https:\/\/preprod.lessecretsduchocolat.com\/produit\/les-gianduja-feuillantine-noir-200g\/","name":"GIANDUJA DUNKLE SCHOKOLADE 200G","isPartOf":{"@id":"https:\/\/preprod.lessecretsduchocolat.com\/#website"},"primaryImageOfPage":{"@id":"https:\/\/preprod.lessecretsduchocolat.com\/produit\/les-gianduja-feuillantine-noir-200g\/#primaryimage"},"image":{"@id":"https:\/\/preprod.lessecretsduchocolat.com\/produit\/les-gianduja-feuillantine-noir-200g\/#primaryimage"},"thumbnailUrl":"https:\/\/preprod.lessecretsduchocolat.com\/wp-content\/uploads\/2025\/05\/716.jpg","datePublished":"2021-04-09T06:40:06+00:00","dateModified":"2025-09-01T14:06:47+00:00","description":"Entdecken Sie die Gianduja Feuillantine noir in der Tubo 200 g: Zartbitterschokolade und Gianduja Haselnuss, verfeinert durch knusprige Bruchst\u00fccke von Cr\u00eapes dentelles.","breadcrumb":{"@id":"https:\/\/preprod.lessecretsduchocolat.com\/produit\/les-gianduja-feuillantine-noir-200g\/#breadcrumb"},"inLanguage":"de","potentialAction":[{"@type":"ReadAction","target":["https:\/\/preprod.lessecretsduchocolat.com\/produit\/les-gianduja-feuillantine-noir-200g\/"]}]},{"@type":"ImageObject","inLanguage":"de","@id":"https:\/\/preprod.lessecretsduchocolat.com\/produit\/les-gianduja-feuillantine-noir-200g\/#primaryimage","url":"https:\/\/preprod.lessecretsduchocolat.com\/wp-content\/uploads\/2025\/05\/716.jpg","contentUrl":"https:\/\/preprod.lessecretsduchocolat.com\/wp-content\/uploads\/2025\/05\/716.jpg","width":500,"height":500,"caption":"image gianduja feuillantine noir"},{"@type":"BreadcrumbList","@id":"https:\/\/preprod.lessecretsduchocolat.com\/produit\/les-gianduja-feuillantine-noir-200g\/#breadcrumb","itemListElement":[{"@type":"ListItem","position":1,"name":"Accueil","item":"https:\/\/preprod.lessecretsduchocolat.com\/"},{"@type":"ListItem","position":2,"name":"Magasin","item":"https:\/\/preprod.lessecretsduchocolat.com\/magasin\/"},{"@type":"ListItem","position":3,"name":"LES GIANDUJA FEUILLANTINE NOIR 200G"}]},{"@type":"WebSite","@id":"https:\/\/preprod.lessecretsduchocolat.com\/#website","url":"https:\/\/preprod.lessecretsduchocolat.com\/","name":"Secrets de Chocolat (Schokoladengeheimnisse)","description":"","publisher":{"@id":"https:\/\/preprod.lessecretsduchocolat.com\/#organization"},"potentialAction":[{"@type":"SearchAction","target":{"@type":"EntryPoint","urlTemplate":"https:\/\/preprod.lessecretsduchocolat.com\/?s={search_term_string}"},"query-input":{"@type":"PropertyValueSpecification","valueRequired":true,"valueName":"search_term_string"}}],"inLanguage":"de"},{"@type":"Organization","@id":"https:\/\/preprod.lessecretsduchocolat.com\/#organization","name":"Secrets de Chocolat (Schokoladengeheimnisse)","url":"https:\/\/preprod.lessecretsduchocolat.com\/","logo":{"@type":"ImageObject","inLanguage":"de","@id":"https:\/\/preprod.lessecretsduchocolat.com\/#\/schema\/logo\/image\/","url":"https:\/\/preprod.lessecretsduchocolat.com\/wp-content\/uploads\/2025\/05\/logo.png","contentUrl":"https:\/\/preprod.lessecretsduchocolat.com\/wp-content\/uploads\/2025\/05\/logo.png","width":198,"height":85,"caption":"Secrets de Chocolat"},"image":{"@id":"https:\/\/preprod.lessecretsduchocolat.com\/#\/schema\/logo\/image\/"}}]}},"_links":{"self":[{"href":"https:\/\/preprod.lessecretsduchocolat.com\/de\/wp-json\/wp\/v2\/product\/1084","targetHints":{"allow":["GET"]}}],"collection":[{"href":"https:\/\/preprod.lessecretsduchocolat.com\/de\/wp-json\/wp\/v2\/product"}],"about":[{"href":"https:\/\/preprod.lessecretsduchocolat.com\/de\/wp-json\/wp\/v2\/types\/product"}],"version-history":[{"count":4,"href":"https:\/\/preprod.lessecretsduchocolat.com\/de\/wp-json\/wp\/v2\/product\/1084\/revisions"}],"predecessor-version":[{"id":4209,"href":"https:\/\/preprod.lessecretsduchocolat.com\/de\/wp-json\/wp\/v2\/product\/1084\/revisions\/4209"}],"wp:featuredmedia":[{"embeddable":true,"href":"https:\/\/preprod.lessecretsduchocolat.com\/de\/wp-json\/wp\/v2\/media\/863"}],"wp:attachment":[{"href":"https:\/\/preprod.lessecretsduchocolat.com\/de\/wp-json\/wp\/v2\/media?parent=1084"}],"wp:term":[{"taxonomy":"product_brand","embeddable":true,"href":"https:\/\/preprod.lessecretsduchocolat.com\/de\/wp-json\/wp\/v2\/product_brand?post=1084"},{"taxonomy":"product_cat","embeddable":true,"href":"https:\/\/preprod.lessecretsduchocolat.com\/de\/wp-json\/wp\/v2\/product_cat?post=1084"},{"taxonomy":"product_tag","embeddable":true,"href":"https:\/\/preprod.lessecretsduchocolat.com\/de\/wp-json\/wp\/v2\/product_tag?post=1084"}],"curies":[{"name":"wp","href":"https:\/\/api.w.org\/{rel}","templated":true}]}}