{"id":1097,"date":"2021-05-18T06:40:05","date_gmt":"2021-05-18T06:40:05","guid":{"rendered":"https:\/\/preprod.lessecretsduchocolat.com\/?product=les-chardons-150g"},"modified":"2025-08-29T15:57:06","modified_gmt":"2025-08-29T13:57:06","slug":"die-disteln-150g","status":"publish","type":"product","link":"https:\/\/preprod.lessecretsduchocolat.com\/de\/product\/die-disteln-150g\/","title":{"rendered":"DIE DISTELN 150G"},"content":{"rendered":"<p data-start=\"331\" data-end=\"524\">Les <strong data-start=\"335\" data-end=\"361\">chardons en tubo 150 g<\/strong> sont un assortiment \u00e9l\u00e9gant de confiseries \u00e0 l\u2019alcool, pr\u00e9sent\u00e9es dans un format pratique et raffin\u00e9. Une tradition gourmande qui s\u00e9duit depuis des g\u00e9n\u00e9rations.<\/p>\n<p data-start=\"526\" data-end=\"694\">Chaque chardon associe une fine coque de sucre d\u00e9licatement color\u00e9e \u00e0 un c\u0153ur liquide d\u2019alcool. En bouche, le craquant sucr\u00e9 r\u00e9v\u00e8le une explosion de saveurs intenses.<\/p>\n<p data-start=\"696\" data-end=\"875\">L\u2019assortiment r\u00e9unit diff\u00e9rentes vari\u00e9t\u00e9s de liqueurs, offrant une d\u00e9gustation vari\u00e9e et surprenante. Chaque pi\u00e8ce devient une exp\u00e9rience unique, \u00e0 la fois gourmande et festive.<\/p>\n<p data-start=\"877\" data-end=\"1040\">Leur format en <strong data-start=\"892\" data-end=\"909\">tubo de 150 g<\/strong> en fait une gourmandise id\u00e9ale \u00e0 offrir ou \u00e0 partager. \u00c9l\u00e9gant et pratique, il s\u2019emporte facilement et s\u2019offre avec raffinement.<\/p>\n<p data-start=\"1042\" data-end=\"1198\">Les <strong data-start=\"1046\" data-end=\"1069\">chardons \u00e0 l\u2019alcool<\/strong> sont parfaits pour accompagner un caf\u00e9, un digestif ou simplement pour conclure un repas sur une touche originale et d\u00e9licate.<\/p>\n<p data-start=\"1200\" data-end=\"1383\">Leur combinaison unique entre coque sucr\u00e9e croquante et c\u0153ur liquide en fait une confiserie d\u2019exception. Une sp\u00e9cialit\u00e9 traditionnelle qui allie savoir-faire et plaisir authentique.<\/p>\n<p data-start=\"1385\" data-end=\"1547\">Ces bonbons s\u00e9duisent les amateurs de saveurs intenses et les curieux \u00e0 la recherche d\u2019une gourmandise originale. Un assortiment qui marie douceur et caract\u00e8re.<\/p>\n<p data-start=\"1549\" data-end=\"1690\">Offrir un <strong data-start=\"1559\" data-end=\"1579\">tubo de chardons<\/strong>, c\u2019est partager une tradition confiserie intemporelle, symbole de convivialit\u00e9 et de plaisir \u00e0 la fran\u00e7aise.<\/p>\n<p data-start=\"1692\" data-end=\"1807\">Un cadeau gourmand qui surprend toujours agr\u00e9ablement et qui fait d\u00e9couvrir ou red\u00e9couvrir une sp\u00e9cialit\u00e9 unique.<\/p>\n<p data-start=\"1809\" data-end=\"1946\">Les <strong data-start=\"1813\" data-end=\"1839\">chardons en tubo 150 g<\/strong> incarnent un \u00e9quilibre rare : \u00e9l\u00e9gance de la pr\u00e9sentation, vari\u00e9t\u00e9 des saveurs et intensit\u00e9 des alcools.<\/p>","protected":false},"excerpt":{"rendered":"<p>Concluez vos repas de f\u00eate avec ces chardons \u00e0 l&rsquo;eau de vie ! Un instant gourmand et chocolat\u00e9, ponctuez par une note l\u00e9g\u00e8rement alcoolis\u00e9e.(66,00\u20ac\/kg)<\/p>","protected":false},"featured_media":893,"template":"","meta":{"_acf_changed":false,"site-sidebar-layout":"default","site-content-layout":"","ast-site-content-layout":"default","site-content-style":"default","site-sidebar-style":"default","ast-global-header-display":"","ast-banner-title-visibility":"","ast-main-header-display":"","ast-hfb-above-header-display":"","ast-hfb-below-header-display":"","ast-hfb-mobile-header-display":"","site-post-title":"","ast-breadcrumbs-content":"","ast-featured-img":"","footer-sml-layout":"","theme-transparent-header-meta":"default","adv-header-id-meta":"","stick-header-meta":"","header-above-stick-meta":"","header-main-stick-meta":"","header-below-stick-meta":"","astra-migrate-meta-layouts":"set","ast-page-background-enabled":"default","ast-page-background-meta":{"desktop":{"background-color":"var(--ast-global-color-4)","background-image":"","background-repeat":"repeat","background-position":"center center","background-size":"auto","background-attachment":"scroll","background-type":"","background-media":"","overlay-type":"","overlay-color":"","overlay-opacity":"","overlay-gradient":""},"tablet":{"background-color":"","background-image":"","background-repeat":"repeat","background-position":"center center","background-size":"auto","background-attachment":"scroll","background-type":"","background-media":"","overlay-type":"","overlay-color":"","overlay-opacity":"","overlay-gradient":""},"mobile":{"background-color":"","background-image":"","background-repeat":"repeat","background-position":"center center","background-size":"auto","background-attachment":"scroll","background-type":"","background-media":"","overlay-type":"","overlay-color":"","overlay-opacity":"","overlay-gradient":""}},"ast-content-background-meta":{"desktop":{"background-color":"var(--ast-global-color-5)","background-image":"","background-repeat":"repeat","background-position":"center center","background-size":"auto","background-attachment":"scroll","background-type":"","background-media":"","overlay-type":"","overlay-color":"","overlay-opacity":"","overlay-gradient":""},"tablet":{"background-color":"var(--ast-global-color-5)","background-image":"","background-repeat":"repeat","background-position":"center center","background-size":"auto","background-attachment":"scroll","background-type":"","background-media":"","overlay-type":"","overlay-color":"","overlay-opacity":"","overlay-gradient":""},"mobile":{"background-color":"var(--ast-global-color-5)","background-image":"","background-repeat":"repeat","background-position":"center center","background-size":"auto","background-attachment":"scroll","background-type":"","background-media":"","overlay-type":"","overlay-color":"","overlay-opacity":"","overlay-gradient":""}},"iawp_total_views":0},"product_brand":[],"product_cat":[185],"product_tag":[],"class_list":{"0":"post-1097","1":"product","2":"type-product","3":"status-publish","4":"has-post-thumbnail","6":"product_cat-idees-cadeaux","7":"desktop-align-left","8":"tablet-align-left","9":"mobile-align-left","11":"first","12":"outofstock","13":"taxable","14":"shipping-taxable","15":"purchasable","16":"product-type-simple"},"acf":[],"yoast_head":"<!-- This site is optimized with the Yoast SEO plugin v25.9 - https:\/\/yoast.com\/wordpress\/plugins\/seo\/ -->\n<title>LES CHARDONS 150G<\/title>\n<meta name=\"description\" content=\"Craquez pour les chardons : assortiment de confiseries \u00e0 l\u2019alcool, coque sucr\u00e9e croquante et c\u0153ur liquide intense. Tradition gourmande raffin\u00e9e.\" \/>\n<meta name=\"robots\" content=\"noindex, follow, max-snippet:-1, max-image-preview:large, max-video-preview:-1\" \/>\n<meta property=\"og:locale\" content=\"de_DE\" \/>\n<meta property=\"og:type\" content=\"article\" \/>\n<meta property=\"og:title\" content=\"LES CHARDONS 150G\" \/>\n<meta property=\"og:description\" content=\"Craquez pour les chardons : assortiment de confiseries \u00e0 l\u2019alcool, coque sucr\u00e9e croquante et c\u0153ur liquide intense. Tradition gourmande raffin\u00e9e.\" \/>\n<meta property=\"og:url\" content=\"https:\/\/preprod.lessecretsduchocolat.com\/de\/product\/die-disteln-150g\/\" \/>\n<meta property=\"og:site_name\" content=\"Secrets de Chocolat\" \/>\n<meta property=\"article:modified_time\" content=\"2025-08-29T13:57:06+00:00\" \/>\n<meta property=\"og:image\" content=\"https:\/\/preprod.lessecretsduchocolat.com\/wp-content\/uploads\/2025\/05\/802.jpg\" \/>\n\t<meta property=\"og:image:width\" content=\"500\" \/>\n\t<meta property=\"og:image:height\" content=\"500\" \/>\n\t<meta property=\"og:image:type\" content=\"image\/jpeg\" \/>\n<meta name=\"twitter:card\" content=\"summary_large_image\" \/>\n<meta name=\"twitter:label1\" content=\"Gesch\u00e4tzte Lesezeit\" \/>\n\t<meta name=\"twitter:data1\" content=\"2\u00a0Minuten\" \/>\n<script type=\"application\/ld+json\" class=\"yoast-schema-graph\">{\"@context\":\"https:\/\/schema.org\",\"@graph\":[{\"@type\":\"WebPage\",\"@id\":\"https:\/\/preprod.lessecretsduchocolat.com\/produit\/les-chardons-150g\/\",\"url\":\"https:\/\/preprod.lessecretsduchocolat.com\/produit\/les-chardons-150g\/\",\"name\":\"LES CHARDONS 150G\",\"isPartOf\":{\"@id\":\"https:\/\/preprod.lessecretsduchocolat.com\/#website\"},\"primaryImageOfPage\":{\"@id\":\"https:\/\/preprod.lessecretsduchocolat.com\/produit\/les-chardons-150g\/#primaryimage\"},\"image\":{\"@id\":\"https:\/\/preprod.lessecretsduchocolat.com\/produit\/les-chardons-150g\/#primaryimage\"},\"thumbnailUrl\":\"https:\/\/preprod.lessecretsduchocolat.com\/wp-content\/uploads\/2025\/05\/802.jpg\",\"datePublished\":\"2021-05-18T06:40:05+00:00\",\"dateModified\":\"2025-08-29T13:57:06+00:00\",\"description\":\"Craquez pour les chardons : assortiment de confiseries \u00e0 l\u2019alcool, coque sucr\u00e9e croquante et c\u0153ur liquide intense. Tradition gourmande raffin\u00e9e.\",\"breadcrumb\":{\"@id\":\"https:\/\/preprod.lessecretsduchocolat.com\/produit\/les-chardons-150g\/#breadcrumb\"},\"inLanguage\":\"de\",\"potentialAction\":[{\"@type\":\"ReadAction\",\"target\":[\"https:\/\/preprod.lessecretsduchocolat.com\/produit\/les-chardons-150g\/\"]}]},{\"@type\":\"ImageObject\",\"inLanguage\":\"de\",\"@id\":\"https:\/\/preprod.lessecretsduchocolat.com\/produit\/les-chardons-150g\/#primaryimage\",\"url\":\"https:\/\/preprod.lessecretsduchocolat.com\/wp-content\/uploads\/2025\/05\/802.jpg\",\"contentUrl\":\"https:\/\/preprod.lessecretsduchocolat.com\/wp-content\/uploads\/2025\/05\/802.jpg\",\"width\":500,\"height\":500,\"caption\":\"Image des chardons alcoolis\u00e9s\"},{\"@type\":\"BreadcrumbList\",\"@id\":\"https:\/\/preprod.lessecretsduchocolat.com\/produit\/les-chardons-150g\/#breadcrumb\",\"itemListElement\":[{\"@type\":\"ListItem\",\"position\":1,\"name\":\"Accueil\",\"item\":\"https:\/\/preprod.lessecretsduchocolat.com\/\"},{\"@type\":\"ListItem\",\"position\":2,\"name\":\"Magasin\",\"item\":\"https:\/\/preprod.lessecretsduchocolat.com\/magasin\/\"},{\"@type\":\"ListItem\",\"position\":3,\"name\":\"LES CHARDONS 150G\"}]},{\"@type\":\"WebSite\",\"@id\":\"https:\/\/preprod.lessecretsduchocolat.com\/#website\",\"url\":\"https:\/\/preprod.lessecretsduchocolat.com\/\",\"name\":\"Secrets de Chocolat\",\"description\":\"\",\"publisher\":{\"@id\":\"https:\/\/preprod.lessecretsduchocolat.com\/#organization\"},\"potentialAction\":[{\"@type\":\"SearchAction\",\"target\":{\"@type\":\"EntryPoint\",\"urlTemplate\":\"https:\/\/preprod.lessecretsduchocolat.com\/?s={search_term_string}\"},\"query-input\":{\"@type\":\"PropertyValueSpecification\",\"valueRequired\":true,\"valueName\":\"search_term_string\"}}],\"inLanguage\":\"de\"},{\"@type\":\"Organization\",\"@id\":\"https:\/\/preprod.lessecretsduchocolat.com\/#organization\",\"name\":\"Secrets de Chocolat\",\"url\":\"https:\/\/preprod.lessecretsduchocolat.com\/\",\"logo\":{\"@type\":\"ImageObject\",\"inLanguage\":\"de\",\"@id\":\"https:\/\/preprod.lessecretsduchocolat.com\/#\/schema\/logo\/image\/\",\"url\":\"https:\/\/preprod.lessecretsduchocolat.com\/wp-content\/uploads\/2025\/05\/logo.png\",\"contentUrl\":\"https:\/\/preprod.lessecretsduchocolat.com\/wp-content\/uploads\/2025\/05\/logo.png\",\"width\":198,\"height\":85,\"caption\":\"Secrets de Chocolat\"},\"image\":{\"@id\":\"https:\/\/preprod.lessecretsduchocolat.com\/#\/schema\/logo\/image\/\"}}]}<\/script>\n<!-- \/ Yoast SEO plugin. -->","yoast_head_json":{"title":"DIE DISTELN 150G","description":"Lassen Sie sich von den Disteln begeistern: eine Auswahl an alkoholhaltigen S\u00fc\u00dfwaren mit einer knackigen s\u00fc\u00dfen Schale und einem intensiven fl\u00fcssigen Kern. Raffinierte Gourmet-Tradition.","robots":{"index":"noindex","follow":"follow","max-snippet":"max-snippet:-1","max-image-preview":"max-image-preview:large","max-video-preview":"max-video-preview:-1"},"og_locale":"de_DE","og_type":"article","og_title":"LES CHARDONS 150G","og_description":"Craquez pour les chardons : assortiment de confiseries \u00e0 l\u2019alcool, coque sucr\u00e9e croquante et c\u0153ur liquide intense. Tradition gourmande raffin\u00e9e.","og_url":"https:\/\/preprod.lessecretsduchocolat.com\/de\/product\/die-disteln-150g\/","og_site_name":"Secrets de Chocolat","article_modified_time":"2025-08-29T13:57:06+00:00","og_image":[{"width":500,"height":500,"url":"https:\/\/preprod.lessecretsduchocolat.com\/wp-content\/uploads\/2025\/05\/802.jpg","type":"image\/jpeg"}],"twitter_card":"summary_large_image","twitter_misc":{"Gesch\u00e4tzte Lesezeit":"2\u00a0Minuten"},"schema":{"@context":"https:\/\/schema.org","@graph":[{"@type":"WebPage","@id":"https:\/\/preprod.lessecretsduchocolat.com\/produit\/les-chardons-150g\/","url":"https:\/\/preprod.lessecretsduchocolat.com\/produit\/les-chardons-150g\/","name":"DIE DISTELN 150G","isPartOf":{"@id":"https:\/\/preprod.lessecretsduchocolat.com\/#website"},"primaryImageOfPage":{"@id":"https:\/\/preprod.lessecretsduchocolat.com\/produit\/les-chardons-150g\/#primaryimage"},"image":{"@id":"https:\/\/preprod.lessecretsduchocolat.com\/produit\/les-chardons-150g\/#primaryimage"},"thumbnailUrl":"https:\/\/preprod.lessecretsduchocolat.com\/wp-content\/uploads\/2025\/05\/802.jpg","datePublished":"2021-05-18T06:40:05+00:00","dateModified":"2025-08-29T13:57:06+00:00","description":"Lassen Sie sich von den Disteln begeistern: eine Auswahl an alkoholhaltigen S\u00fc\u00dfwaren mit einer knackigen s\u00fc\u00dfen Schale und einem intensiven fl\u00fcssigen Kern. Raffinierte Gourmet-Tradition.","breadcrumb":{"@id":"https:\/\/preprod.lessecretsduchocolat.com\/produit\/les-chardons-150g\/#breadcrumb"},"inLanguage":"de","potentialAction":[{"@type":"ReadAction","target":["https:\/\/preprod.lessecretsduchocolat.com\/produit\/les-chardons-150g\/"]}]},{"@type":"ImageObject","inLanguage":"de","@id":"https:\/\/preprod.lessecretsduchocolat.com\/produit\/les-chardons-150g\/#primaryimage","url":"https:\/\/preprod.lessecretsduchocolat.com\/wp-content\/uploads\/2025\/05\/802.jpg","contentUrl":"https:\/\/preprod.lessecretsduchocolat.com\/wp-content\/uploads\/2025\/05\/802.jpg","width":500,"height":500,"caption":"Image des chardons alcoolis\u00e9s"},{"@type":"BreadcrumbList","@id":"https:\/\/preprod.lessecretsduchocolat.com\/produit\/les-chardons-150g\/#breadcrumb","itemListElement":[{"@type":"ListItem","position":1,"name":"Accueil","item":"https:\/\/preprod.lessecretsduchocolat.com\/"},{"@type":"ListItem","position":2,"name":"Magasin","item":"https:\/\/preprod.lessecretsduchocolat.com\/magasin\/"},{"@type":"ListItem","position":3,"name":"LES CHARDONS 150G"}]},{"@type":"WebSite","@id":"https:\/\/preprod.lessecretsduchocolat.com\/#website","url":"https:\/\/preprod.lessecretsduchocolat.com\/","name":"Secrets de Chocolat (Schokoladengeheimnisse)","description":"","publisher":{"@id":"https:\/\/preprod.lessecretsduchocolat.com\/#organization"},"potentialAction":[{"@type":"SearchAction","target":{"@type":"EntryPoint","urlTemplate":"https:\/\/preprod.lessecretsduchocolat.com\/?s={search_term_string}"},"query-input":{"@type":"PropertyValueSpecification","valueRequired":true,"valueName":"search_term_string"}}],"inLanguage":"de"},{"@type":"Organization","@id":"https:\/\/preprod.lessecretsduchocolat.com\/#organization","name":"Secrets de Chocolat (Schokoladengeheimnisse)","url":"https:\/\/preprod.lessecretsduchocolat.com\/","logo":{"@type":"ImageObject","inLanguage":"de","@id":"https:\/\/preprod.lessecretsduchocolat.com\/#\/schema\/logo\/image\/","url":"https:\/\/preprod.lessecretsduchocolat.com\/wp-content\/uploads\/2025\/05\/logo.png","contentUrl":"https:\/\/preprod.lessecretsduchocolat.com\/wp-content\/uploads\/2025\/05\/logo.png","width":198,"height":85,"caption":"Secrets de Chocolat"},"image":{"@id":"https:\/\/preprod.lessecretsduchocolat.com\/#\/schema\/logo\/image\/"}}]}},"_links":{"self":[{"href":"https:\/\/preprod.lessecretsduchocolat.com\/de\/wp-json\/wp\/v2\/product\/1097","targetHints":{"allow":["GET"]}}],"collection":[{"href":"https:\/\/preprod.lessecretsduchocolat.com\/de\/wp-json\/wp\/v2\/product"}],"about":[{"href":"https:\/\/preprod.lessecretsduchocolat.com\/de\/wp-json\/wp\/v2\/types\/product"}],"version-history":[{"count":4,"href":"https:\/\/preprod.lessecretsduchocolat.com\/de\/wp-json\/wp\/v2\/product\/1097\/revisions"}],"predecessor-version":[{"id":4193,"href":"https:\/\/preprod.lessecretsduchocolat.com\/de\/wp-json\/wp\/v2\/product\/1097\/revisions\/4193"}],"wp:featuredmedia":[{"embeddable":true,"href":"https:\/\/preprod.lessecretsduchocolat.com\/de\/wp-json\/wp\/v2\/media\/893"}],"wp:attachment":[{"href":"https:\/\/preprod.lessecretsduchocolat.com\/de\/wp-json\/wp\/v2\/media?parent=1097"}],"wp:term":[{"taxonomy":"product_brand","embeddable":true,"href":"https:\/\/preprod.lessecretsduchocolat.com\/de\/wp-json\/wp\/v2\/product_brand?post=1097"},{"taxonomy":"product_cat","embeddable":true,"href":"https:\/\/preprod.lessecretsduchocolat.com\/de\/wp-json\/wp\/v2\/product_cat?post=1097"},{"taxonomy":"product_tag","embeddable":true,"href":"https:\/\/preprod.lessecretsduchocolat.com\/de\/wp-json\/wp\/v2\/product_tag?post=1097"}],"curies":[{"name":"wp","href":"https:\/\/api.w.org\/{rel}","templated":true}]}}