{"id":1102,"date":"2021-06-03T06:40:03","date_gmt":"2021-06-03T06:40:03","guid":{"rendered":"https:\/\/preprod.lessecretsduchocolat.com\/?product=barre-noisettes-chocolat-au-lait"},"modified":"2025-08-29T14:50:05","modified_gmt":"2025-08-29T12:50:05","slug":"haselnussriegel-vollmilchschokolade","status":"publish","type":"product","link":"https:\/\/preprod.lessecretsduchocolat.com\/de\/product\/haselnussriegel-vollmilchschokolade\/","title":{"rendered":"HASELNUSSRIEGEL VOLLMILCHSCHOKOLADE"},"content":{"rendered":"<p data-start=\"356\" data-end=\"553\">La <strong data-start=\"360\" data-end=\"397\">Haselnussriegel Vollmilchschokolade<\/strong> est une gourmandise g\u00e9n\u00e9reuse qui associe douceur lact\u00e9e, croquant de la noisette et fondant pralin\u00e9. Un chocolat r\u00e9confortant, \u00e9l\u00e9gant et irr\u00e9sistible.<\/p>\n<p data-start=\"555\" data-end=\"725\">Chaque barre est r\u00e9alis\u00e9e en <strong data-start=\"584\" data-end=\"624\">chocolat au lait pur beurre de cacao<\/strong>, gage de qualit\u00e9 et d\u2019authenticit\u00e9. Une enveloppe soyeuse et brillante qui r\u00e9v\u00e8le un c\u0153ur raffin\u00e9.<\/p>\n<p data-start=\"727\" data-end=\"906\">\u00c0 l\u2019int\u00e9rieur, un <strong data-start=\"745\" data-end=\"773\">fourrage pralin\u00e9 fondant<\/strong> sublime la recette. Des <strong data-start=\"798\" data-end=\"831\">\u00e9clats de noisettes croquants<\/strong> viennent enrichir la texture et r\u00e9veiller les papilles \u00e0 chaque bouch\u00e9e.<\/p>\n<p data-start=\"908\" data-end=\"1053\">Le contraste est parfait : l\u2019onctuosit\u00e9 du chocolat au lait, la gourmandise intense du pralin\u00e9 et la puissance parfum\u00e9e de la noisette grill\u00e9e.<\/p>\n<p data-start=\"1055\" data-end=\"1231\">Avec leur format pratique, les <strong data-start=\"1086\" data-end=\"1123\">barres chocolat noisettes pralin\u00e9<\/strong> se d\u00e9gustent partout. Au bureau, en pause go\u00fbter ou lors d\u2019une balade, elles offrent un plaisir imm\u00e9diat.<\/p>\n<p data-start=\"1233\" data-end=\"1389\">Elles se savourent seules, en accompagnement d\u2019un caf\u00e9 ou comme dessert express. Des chocolats simples et g\u00e9n\u00e9reux qui conviennent \u00e0 toutes les occasions.<\/p>\n<p data-start=\"1391\" data-end=\"1559\">Le mariage entre chocolat au lait, noisettes et pralin\u00e9 en fait une recette intemporelle, toujours appr\u00e9ci\u00e9e par les amateurs de gourmandises classiques et \u00e9l\u00e9gantes.<\/p>\n<p data-start=\"1561\" data-end=\"1716\">Ces <strong data-start=\"1565\" data-end=\"1593\">barres noisettes pralin\u00e9<\/strong> sont aussi une belle id\u00e9e cadeau. Pr\u00e9sent\u00e9es en sachet, elles incarnent une attention gourmande, raffin\u00e9e et conviviale.<\/p>\n<p data-start=\"1718\" data-end=\"1859\">Offrir ou s\u2019offrir ces barres, c\u2019est partager le go\u00fbt vrai du chocolat au lait sublim\u00e9 par des noisettes croquantes et un pralin\u00e9 onctueux.<\/p>\n<p data-start=\"1861\" data-end=\"1946\">Un plaisir universel, accessible et irr\u00e9sistible, \u00e0 savourer bouch\u00e9e apr\u00e8s bouch\u00e9e.<\/p>","protected":false},"excerpt":{"rendered":"<p>Succombez \u00e0 la gourmandise avec cette d\u00e9licieuse barre au chocolat au lait et \u00e0 la noisette. Vous n&rsquo;en ferez qu&rsquo;une bouch\u00e9e ! (62,50\u20ac\/kg)<\/p>","protected":false},"featured_media":904,"template":"","meta":{"_acf_changed":false,"site-sidebar-layout":"default","site-content-layout":"","ast-site-content-layout":"default","site-content-style":"default","site-sidebar-style":"default","ast-global-header-display":"","ast-banner-title-visibility":"","ast-main-header-display":"","ast-hfb-above-header-display":"","ast-hfb-below-header-display":"","ast-hfb-mobile-header-display":"","site-post-title":"","ast-breadcrumbs-content":"","ast-featured-img":"","footer-sml-layout":"","theme-transparent-header-meta":"default","adv-header-id-meta":"","stick-header-meta":"","header-above-stick-meta":"","header-main-stick-meta":"","header-below-stick-meta":"","astra-migrate-meta-layouts":"set","ast-page-background-enabled":"default","ast-page-background-meta":{"desktop":{"background-color":"var(--ast-global-color-4)","background-image":"","background-repeat":"repeat","background-position":"center center","background-size":"auto","background-attachment":"scroll","background-type":"","background-media":"","overlay-type":"","overlay-color":"","overlay-opacity":"","overlay-gradient":""},"tablet":{"background-color":"","background-image":"","background-repeat":"repeat","background-position":"center center","background-size":"auto","background-attachment":"scroll","background-type":"","background-media":"","overlay-type":"","overlay-color":"","overlay-opacity":"","overlay-gradient":""},"mobile":{"background-color":"","background-image":"","background-repeat":"repeat","background-position":"center center","background-size":"auto","background-attachment":"scroll","background-type":"","background-media":"","overlay-type":"","overlay-color":"","overlay-opacity":"","overlay-gradient":""}},"ast-content-background-meta":{"desktop":{"background-color":"var(--ast-global-color-5)","background-image":"","background-repeat":"repeat","background-position":"center center","background-size":"auto","background-attachment":"scroll","background-type":"","background-media":"","overlay-type":"","overlay-color":"","overlay-opacity":"","overlay-gradient":""},"tablet":{"background-color":"var(--ast-global-color-5)","background-image":"","background-repeat":"repeat","background-position":"center center","background-size":"auto","background-attachment":"scroll","background-type":"","background-media":"","overlay-type":"","overlay-color":"","overlay-opacity":"","overlay-gradient":""},"mobile":{"background-color":"var(--ast-global-color-5)","background-image":"","background-repeat":"repeat","background-position":"center center","background-size":"auto","background-attachment":"scroll","background-type":"","background-media":"","overlay-type":"","overlay-color":"","overlay-opacity":"","overlay-gradient":""}},"iawp_total_views":0},"product_brand":[],"product_cat":[121],"product_tag":[],"class_list":{"0":"post-1102","1":"product","2":"type-product","3":"status-publish","4":"has-post-thumbnail","6":"product_cat-bouchees-gourmandes","7":"desktop-align-left","8":"tablet-align-left","9":"mobile-align-left","11":"first","12":"outofstock","13":"taxable","14":"shipping-taxable","15":"purchasable","16":"product-type-simple"},"acf":[],"yoast_head":"<!-- This site is optimized with the Yoast SEO plugin v25.9 - https:\/\/yoast.com\/wordpress\/plugins\/seo\/ -->\n<title>BARRE NOISETTES CHOCOLAT AU LAIT<\/title>\n<meta name=\"description\" content=\"Craquez pour les barres noisettes chocolat au lait : pur beurre de cacao, pralin\u00e9 et \u00e9clats croquants de noisettes pour une gourmandise irr\u00e9sistible.\" \/>\n<meta name=\"robots\" content=\"noindex, follow, max-snippet:-1, max-image-preview:large, max-video-preview:-1\" \/>\n<meta property=\"og:locale\" content=\"de_DE\" \/>\n<meta property=\"og:type\" content=\"article\" \/>\n<meta property=\"og:title\" content=\"BARRE NOISETTES CHOCOLAT AU LAIT\" \/>\n<meta property=\"og:description\" content=\"Craquez pour les barres noisettes chocolat au lait : pur beurre de cacao, pralin\u00e9 et \u00e9clats croquants de noisettes pour une gourmandise irr\u00e9sistible.\" \/>\n<meta property=\"og:url\" content=\"https:\/\/preprod.lessecretsduchocolat.com\/de\/product\/haselnussriegel-vollmilchschokolade\/\" \/>\n<meta property=\"og:site_name\" content=\"Secrets de Chocolat\" \/>\n<meta property=\"article:modified_time\" content=\"2025-08-29T12:50:05+00:00\" \/>\n<meta property=\"og:image\" content=\"https:\/\/preprod.lessecretsduchocolat.com\/wp-content\/uploads\/2025\/05\/879.jpg\" \/>\n\t<meta property=\"og:image:width\" content=\"500\" \/>\n\t<meta property=\"og:image:height\" content=\"500\" \/>\n\t<meta property=\"og:image:type\" content=\"image\/jpeg\" \/>\n<meta name=\"twitter:card\" content=\"summary_large_image\" \/>\n<meta name=\"twitter:label1\" content=\"Gesch\u00e4tzte Lesezeit\" \/>\n\t<meta name=\"twitter:data1\" content=\"2\u00a0Minuten\" \/>\n<script type=\"application\/ld+json\" class=\"yoast-schema-graph\">{\"@context\":\"https:\/\/schema.org\",\"@graph\":[{\"@type\":\"WebPage\",\"@id\":\"https:\/\/preprod.lessecretsduchocolat.com\/produit\/barre-noisettes-chocolat-au-lait\/\",\"url\":\"https:\/\/preprod.lessecretsduchocolat.com\/produit\/barre-noisettes-chocolat-au-lait\/\",\"name\":\"BARRE NOISETTES CHOCOLAT AU LAIT\",\"isPartOf\":{\"@id\":\"https:\/\/preprod.lessecretsduchocolat.com\/#website\"},\"primaryImageOfPage\":{\"@id\":\"https:\/\/preprod.lessecretsduchocolat.com\/produit\/barre-noisettes-chocolat-au-lait\/#primaryimage\"},\"image\":{\"@id\":\"https:\/\/preprod.lessecretsduchocolat.com\/produit\/barre-noisettes-chocolat-au-lait\/#primaryimage\"},\"thumbnailUrl\":\"https:\/\/preprod.lessecretsduchocolat.com\/wp-content\/uploads\/2025\/05\/879.jpg\",\"datePublished\":\"2021-06-03T06:40:03+00:00\",\"dateModified\":\"2025-08-29T12:50:05+00:00\",\"description\":\"Craquez pour les barres noisettes chocolat au lait : pur beurre de cacao, pralin\u00e9 et \u00e9clats croquants de noisettes pour une gourmandise irr\u00e9sistible.\",\"breadcrumb\":{\"@id\":\"https:\/\/preprod.lessecretsduchocolat.com\/produit\/barre-noisettes-chocolat-au-lait\/#breadcrumb\"},\"inLanguage\":\"de\",\"potentialAction\":[{\"@type\":\"ReadAction\",\"target\":[\"https:\/\/preprod.lessecretsduchocolat.com\/produit\/barre-noisettes-chocolat-au-lait\/\"]}]},{\"@type\":\"ImageObject\",\"inLanguage\":\"de\",\"@id\":\"https:\/\/preprod.lessecretsduchocolat.com\/produit\/barre-noisettes-chocolat-au-lait\/#primaryimage\",\"url\":\"https:\/\/preprod.lessecretsduchocolat.com\/wp-content\/uploads\/2025\/05\/879.jpg\",\"contentUrl\":\"https:\/\/preprod.lessecretsduchocolat.com\/wp-content\/uploads\/2025\/05\/879.jpg\",\"width\":500,\"height\":500,\"caption\":\"Photo barre noisettes lait\"},{\"@type\":\"BreadcrumbList\",\"@id\":\"https:\/\/preprod.lessecretsduchocolat.com\/produit\/barre-noisettes-chocolat-au-lait\/#breadcrumb\",\"itemListElement\":[{\"@type\":\"ListItem\",\"position\":1,\"name\":\"Accueil\",\"item\":\"https:\/\/preprod.lessecretsduchocolat.com\/\"},{\"@type\":\"ListItem\",\"position\":2,\"name\":\"Magasin\",\"item\":\"https:\/\/preprod.lessecretsduchocolat.com\/magasin\/\"},{\"@type\":\"ListItem\",\"position\":3,\"name\":\"BARRE NOISETTES CHOCOLAT AU LAIT\"}]},{\"@type\":\"WebSite\",\"@id\":\"https:\/\/preprod.lessecretsduchocolat.com\/#website\",\"url\":\"https:\/\/preprod.lessecretsduchocolat.com\/\",\"name\":\"Secrets de Chocolat\",\"description\":\"\",\"publisher\":{\"@id\":\"https:\/\/preprod.lessecretsduchocolat.com\/#organization\"},\"potentialAction\":[{\"@type\":\"SearchAction\",\"target\":{\"@type\":\"EntryPoint\",\"urlTemplate\":\"https:\/\/preprod.lessecretsduchocolat.com\/?s={search_term_string}\"},\"query-input\":{\"@type\":\"PropertyValueSpecification\",\"valueRequired\":true,\"valueName\":\"search_term_string\"}}],\"inLanguage\":\"de\"},{\"@type\":\"Organization\",\"@id\":\"https:\/\/preprod.lessecretsduchocolat.com\/#organization\",\"name\":\"Secrets de Chocolat\",\"url\":\"https:\/\/preprod.lessecretsduchocolat.com\/\",\"logo\":{\"@type\":\"ImageObject\",\"inLanguage\":\"de\",\"@id\":\"https:\/\/preprod.lessecretsduchocolat.com\/#\/schema\/logo\/image\/\",\"url\":\"https:\/\/preprod.lessecretsduchocolat.com\/wp-content\/uploads\/2025\/05\/logo.png\",\"contentUrl\":\"https:\/\/preprod.lessecretsduchocolat.com\/wp-content\/uploads\/2025\/05\/logo.png\",\"width\":198,\"height\":85,\"caption\":\"Secrets de Chocolat\"},\"image\":{\"@id\":\"https:\/\/preprod.lessecretsduchocolat.com\/#\/schema\/logo\/image\/\"}}]}<\/script>\n<!-- \/ Yoast SEO plugin. -->","yoast_head_json":{"title":"HASELNUSSRIEGEL VOLLMILCHSCHOKOLADE","description":"Lassen Sie sich von den Haselnussriegeln aus Milchschokolade begeistern: reine Kakaobutter, Pralin\u00e9 und knackige Haselnussst\u00fcckchen sorgen f\u00fcr einen unwiderstehlichen Genuss.","robots":{"index":"noindex","follow":"follow","max-snippet":"max-snippet:-1","max-image-preview":"max-image-preview:large","max-video-preview":"max-video-preview:-1"},"og_locale":"de_DE","og_type":"article","og_title":"BARRE NOISETTES CHOCOLAT AU LAIT","og_description":"Craquez pour les barres noisettes chocolat au lait : pur beurre de cacao, pralin\u00e9 et \u00e9clats croquants de noisettes pour une gourmandise irr\u00e9sistible.","og_url":"https:\/\/preprod.lessecretsduchocolat.com\/de\/product\/haselnussriegel-vollmilchschokolade\/","og_site_name":"Secrets de Chocolat","article_modified_time":"2025-08-29T12:50:05+00:00","og_image":[{"width":500,"height":500,"url":"https:\/\/preprod.lessecretsduchocolat.com\/wp-content\/uploads\/2025\/05\/879.jpg","type":"image\/jpeg"}],"twitter_card":"summary_large_image","twitter_misc":{"Gesch\u00e4tzte Lesezeit":"2\u00a0Minuten"},"schema":{"@context":"https:\/\/schema.org","@graph":[{"@type":"WebPage","@id":"https:\/\/preprod.lessecretsduchocolat.com\/produit\/barre-noisettes-chocolat-au-lait\/","url":"https:\/\/preprod.lessecretsduchocolat.com\/produit\/barre-noisettes-chocolat-au-lait\/","name":"HASELNUSSRIEGEL VOLLMILCHSCHOKOLADE","isPartOf":{"@id":"https:\/\/preprod.lessecretsduchocolat.com\/#website"},"primaryImageOfPage":{"@id":"https:\/\/preprod.lessecretsduchocolat.com\/produit\/barre-noisettes-chocolat-au-lait\/#primaryimage"},"image":{"@id":"https:\/\/preprod.lessecretsduchocolat.com\/produit\/barre-noisettes-chocolat-au-lait\/#primaryimage"},"thumbnailUrl":"https:\/\/preprod.lessecretsduchocolat.com\/wp-content\/uploads\/2025\/05\/879.jpg","datePublished":"2021-06-03T06:40:03+00:00","dateModified":"2025-08-29T12:50:05+00:00","description":"Lassen Sie sich von den Haselnussriegeln aus Milchschokolade begeistern: reine Kakaobutter, Pralin\u00e9 und knackige Haselnussst\u00fcckchen sorgen f\u00fcr einen unwiderstehlichen Genuss.","breadcrumb":{"@id":"https:\/\/preprod.lessecretsduchocolat.com\/produit\/barre-noisettes-chocolat-au-lait\/#breadcrumb"},"inLanguage":"de","potentialAction":[{"@type":"ReadAction","target":["https:\/\/preprod.lessecretsduchocolat.com\/produit\/barre-noisettes-chocolat-au-lait\/"]}]},{"@type":"ImageObject","inLanguage":"de","@id":"https:\/\/preprod.lessecretsduchocolat.com\/produit\/barre-noisettes-chocolat-au-lait\/#primaryimage","url":"https:\/\/preprod.lessecretsduchocolat.com\/wp-content\/uploads\/2025\/05\/879.jpg","contentUrl":"https:\/\/preprod.lessecretsduchocolat.com\/wp-content\/uploads\/2025\/05\/879.jpg","width":500,"height":500,"caption":"Photo barre noisettes lait"},{"@type":"BreadcrumbList","@id":"https:\/\/preprod.lessecretsduchocolat.com\/produit\/barre-noisettes-chocolat-au-lait\/#breadcrumb","itemListElement":[{"@type":"ListItem","position":1,"name":"Accueil","item":"https:\/\/preprod.lessecretsduchocolat.com\/"},{"@type":"ListItem","position":2,"name":"Magasin","item":"https:\/\/preprod.lessecretsduchocolat.com\/magasin\/"},{"@type":"ListItem","position":3,"name":"BARRE NOISETTES CHOCOLAT AU LAIT"}]},{"@type":"WebSite","@id":"https:\/\/preprod.lessecretsduchocolat.com\/#website","url":"https:\/\/preprod.lessecretsduchocolat.com\/","name":"Secrets de Chocolat (Schokoladengeheimnisse)","description":"","publisher":{"@id":"https:\/\/preprod.lessecretsduchocolat.com\/#organization"},"potentialAction":[{"@type":"SearchAction","target":{"@type":"EntryPoint","urlTemplate":"https:\/\/preprod.lessecretsduchocolat.com\/?s={search_term_string}"},"query-input":{"@type":"PropertyValueSpecification","valueRequired":true,"valueName":"search_term_string"}}],"inLanguage":"de"},{"@type":"Organization","@id":"https:\/\/preprod.lessecretsduchocolat.com\/#organization","name":"Secrets de Chocolat (Schokoladengeheimnisse)","url":"https:\/\/preprod.lessecretsduchocolat.com\/","logo":{"@type":"ImageObject","inLanguage":"de","@id":"https:\/\/preprod.lessecretsduchocolat.com\/#\/schema\/logo\/image\/","url":"https:\/\/preprod.lessecretsduchocolat.com\/wp-content\/uploads\/2025\/05\/logo.png","contentUrl":"https:\/\/preprod.lessecretsduchocolat.com\/wp-content\/uploads\/2025\/05\/logo.png","width":198,"height":85,"caption":"Secrets de Chocolat"},"image":{"@id":"https:\/\/preprod.lessecretsduchocolat.com\/#\/schema\/logo\/image\/"}}]}},"_links":{"self":[{"href":"https:\/\/preprod.lessecretsduchocolat.com\/de\/wp-json\/wp\/v2\/product\/1102","targetHints":{"allow":["GET"]}}],"collection":[{"href":"https:\/\/preprod.lessecretsduchocolat.com\/de\/wp-json\/wp\/v2\/product"}],"about":[{"href":"https:\/\/preprod.lessecretsduchocolat.com\/de\/wp-json\/wp\/v2\/types\/product"}],"version-history":[{"count":4,"href":"https:\/\/preprod.lessecretsduchocolat.com\/de\/wp-json\/wp\/v2\/product\/1102\/revisions"}],"predecessor-version":[{"id":4183,"href":"https:\/\/preprod.lessecretsduchocolat.com\/de\/wp-json\/wp\/v2\/product\/1102\/revisions\/4183"}],"wp:featuredmedia":[{"embeddable":true,"href":"https:\/\/preprod.lessecretsduchocolat.com\/de\/wp-json\/wp\/v2\/media\/904"}],"wp:attachment":[{"href":"https:\/\/preprod.lessecretsduchocolat.com\/de\/wp-json\/wp\/v2\/media?parent=1102"}],"wp:term":[{"taxonomy":"product_brand","embeddable":true,"href":"https:\/\/preprod.lessecretsduchocolat.com\/de\/wp-json\/wp\/v2\/product_brand?post=1102"},{"taxonomy":"product_cat","embeddable":true,"href":"https:\/\/preprod.lessecretsduchocolat.com\/de\/wp-json\/wp\/v2\/product_cat?post=1102"},{"taxonomy":"product_tag","embeddable":true,"href":"https:\/\/preprod.lessecretsduchocolat.com\/de\/wp-json\/wp\/v2\/product_tag?post=1102"}],"curies":[{"name":"wp","href":"https:\/\/api.w.org\/{rel}","templated":true}]}}