{"id":1106,"date":"2021-09-17T06:40:05","date_gmt":"2021-09-17T06:40:05","guid":{"rendered":"https:\/\/preprod.lessecretsduchocolat.com\/?product=japan-lime-80g"},"modified":"2025-08-29T14:38:07","modified_gmt":"2025-08-29T12:38:07","slug":"japanische-limette-80g","status":"publish","type":"product","link":"https:\/\/preprod.lessecretsduchocolat.com\/de\/product\/japanische-limette-80g\/","title":{"rendered":"JAPAN LIME 80G"},"content":{"rendered":"<p data-start=\"182\" data-end=\"256\"><span class=\"relative -mx-px my-[-0.2rem] rounded px-px py-[0.2rem] transition-colors duration-100 ease-in-out\">Le <strong data-start=\"3\" data-end=\"26\">th\u00e9 vert Japan Lime<\/strong> est un m\u00e9lange vibrant et \u00e9quilibr\u00e9, qui \u00e9voque les lueurs d\u2019un matin citronn\u00e9 au Japon.<\/span><\/p>\n<p data-start=\"258\" data-end=\"332\"><span class=\"relative -mx-px my-[-0.2rem] rounded px-px py-[0.2rem] transition-colors duration-100 ease-in-out\">Sa tasse s\u2019illumine d\u2019une couleur <strong data-start=\"34\" data-end=\"58\">jaune d\u2019or brillante<\/strong>, promettant une d\u00e9gustation d\u00e9licate et harmonieuse.<\/span><\/p>\n<p data-start=\"334\" data-end=\"408\"><span class=\"relative -mx-px my-[-0.2rem] rounded px-px py-[0.2rem] transition-colors duration-100 ease-in-out\">Compos\u00e9 de <strong data-start=\"11\" data-end=\"23\">th\u00e9 vert<\/strong>, d\u2019<strong data-start=\"27\" data-end=\"54\">\u00e9corces de citron (6\u202f%)<\/strong>, d\u2019<strong data-start=\"58\" data-end=\"76\">ar\u00f4mes subtils<\/strong> und von <strong data-start=\"83\" data-end=\"103\">p\u00e9tales de souci<\/strong>, il offre une palette v\u00e9g\u00e9tale et fruit\u00e9e raffin\u00e9e.<\/span><\/p>\n<p data-start=\"410\" data-end=\"484\"><span class=\"relative -mx-px my-[-0.2rem] rounded px-px py-[0.2rem] transition-colors duration-100 ease-in-out\">\u00c0 la d\u00e9gustation, les <strong data-start=\"22\" data-end=\"42\">notes citronn\u00e9es<\/strong> enveloppent doucement les accents v\u00e9g\u00e9taux du th\u00e9 vert, cr\u00e9ant une harmonie \u00e0 la fois tonique et enveloppante.<\/span><\/p>\n<p data-start=\"486\" data-end=\"564\"><span class=\"relative -mx-px my-[-0.2rem] rounded px-px py-[0.2rem] transition-colors duration-100 ease-in-out\">Frais et lumineux, ce m\u00e9lange est agr\u00e9able \u00e0 tout moment de la journ\u00e9e, aussi savoureux <strong data-start=\"88\" data-end=\"107\">chaud que glac\u00e9<\/strong>.<\/span><\/p>\n<p data-start=\"566\" data-end=\"644\"><span class=\"relative -mx-px my-[-0.2rem] rounded px-px py-[0.2rem] transition-colors duration-100 ease-in-out\">Conseil de pr\u00e9paration : utiliser une eau \u00e0 <strong data-start=\"44\" data-end=\"53\">75\u202f\u00b0C<\/strong>, laisser infuser pendant <strong data-start=\"79\" data-end=\"92\">3\u202fminutes<\/strong> pour r\u00e9v\u00e9ler toute sa finesse sans amertume.<\/span><\/p>\n<p data-start=\"646\" data-end=\"724\"><span class=\"relative -mx-px my-[-0.2rem] rounded px-px py-[0.2rem] transition-colors duration-100 ease-in-out\">Disponible en plusieurs formats pratiques : poche vrac 1\u202fkg, bo\u00eete de 20 sachets, bo\u00eete m\u00e9tal 80\u202fg, et version th\u00e9 glac\u00e9.<\/span><\/p>\n<p data-start=\"726\" data-end=\"804\"><span class=\"relative -mx-px my-[-0.2rem] rounded px-px py-[0.2rem] transition-colors duration-100 ease-in-out\">Le <strong data-start=\"3\" data-end=\"17\">Japan Lime<\/strong> est id\u00e9al pour r\u00e9veiller les papilles ou prolonger un repas en douceur. Son parfum d\u2019agrumes r\u00e9sonne avec \u00e9l\u00e9gance et l\u00e9g\u00e8ret\u00e9.<\/span><\/p>\n<p data-start=\"806\" data-end=\"884\"><span class=\"relative -mx-px my-[-0.2rem] rounded px-px py-[0.2rem] transition-colors duration-100 ease-in-out\">Offrir ce th\u00e9, c\u2019est proposer un voyage sensoriel rafra\u00eechissant, une parenth\u00e8se p\u00e9tillante et raffin\u00e9e inspir\u00e9e du Japon.<\/span><\/p>","protected":false},"excerpt":{"rendered":"<p>L&rsquo;alliance du th\u00e9 vert et du citron vous offre une boisson vitamin\u00e9e, \u00e0 d\u00e9guster \u00e0 tout moment de la journ\u00e9e, chaud ou glac\u00e9. La tonicit\u00e9 de l\u2019agrume enveloppe les notes organiques et v\u00e9g\u00e9tales du th\u00e9 vert pour cr\u00e9er un cocktail vitamin\u00e9 et harmonieux. (98,75\u20ac\/kg)<\/p>","protected":false},"featured_media":912,"template":"","meta":{"_acf_changed":false,"site-sidebar-layout":"default","site-content-layout":"","ast-site-content-layout":"default","site-content-style":"default","site-sidebar-style":"default","ast-global-header-display":"","ast-banner-title-visibility":"","ast-main-header-display":"","ast-hfb-above-header-display":"","ast-hfb-below-header-display":"","ast-hfb-mobile-header-display":"","site-post-title":"","ast-breadcrumbs-content":"","ast-featured-img":"","footer-sml-layout":"","theme-transparent-header-meta":"default","adv-header-id-meta":"","stick-header-meta":"","header-above-stick-meta":"","header-main-stick-meta":"","header-below-stick-meta":"","astra-migrate-meta-layouts":"set","ast-page-background-enabled":"default","ast-page-background-meta":{"desktop":{"background-color":"var(--ast-global-color-4)","background-image":"","background-repeat":"repeat","background-position":"center center","background-size":"auto","background-attachment":"scroll","background-type":"","background-media":"","overlay-type":"","overlay-color":"","overlay-opacity":"","overlay-gradient":""},"tablet":{"background-color":"","background-image":"","background-repeat":"repeat","background-position":"center center","background-size":"auto","background-attachment":"scroll","background-type":"","background-media":"","overlay-type":"","overlay-color":"","overlay-opacity":"","overlay-gradient":""},"mobile":{"background-color":"","background-image":"","background-repeat":"repeat","background-position":"center center","background-size":"auto","background-attachment":"scroll","background-type":"","background-media":"","overlay-type":"","overlay-color":"","overlay-opacity":"","overlay-gradient":""}},"ast-content-background-meta":{"desktop":{"background-color":"var(--ast-global-color-5)","background-image":"","background-repeat":"repeat","background-position":"center center","background-size":"auto","background-attachment":"scroll","background-type":"","background-media":"","overlay-type":"","overlay-color":"","overlay-opacity":"","overlay-gradient":""},"tablet":{"background-color":"var(--ast-global-color-5)","background-image":"","background-repeat":"repeat","background-position":"center center","background-size":"auto","background-attachment":"scroll","background-type":"","background-media":"","overlay-type":"","overlay-color":"","overlay-opacity":"","overlay-gradient":""},"mobile":{"background-color":"var(--ast-global-color-5)","background-image":"","background-repeat":"repeat","background-position":"center center","background-size":"auto","background-attachment":"scroll","background-type":"","background-media":"","overlay-type":"","overlay-color":"","overlay-opacity":"","overlay-gradient":""}},"iawp_total_views":0},"product_brand":[],"product_cat":[110],"product_tag":[],"class_list":{"0":"post-1106","1":"product","2":"type-product","3":"status-publish","4":"has-post-thumbnail","6":"product_cat-the","7":"desktop-align-left","8":"tablet-align-left","9":"mobile-align-left","11":"first","12":"outofstock","13":"taxable","14":"shipping-taxable","15":"purchasable","16":"product-type-simple"},"acf":[],"yoast_head":"<!-- This site is optimized with the Yoast SEO plugin v25.9 - https:\/\/yoast.com\/wordpress\/plugins\/seo\/ -->\n<title>JAPAN LIME 80G<\/title>\n<meta name=\"description\" content=\"Japan Lime : th\u00e9 vert citronn\u00e9 au go\u00fbt subtil. Ar\u00f4mes d&#039;agrume d\u00e9licats, p\u00e9tales de souci. Id\u00e9al chaud ou glac\u00e9 : \u00e9clat citronn\u00e9 et fra\u00eecheur.\" \/>\n<meta name=\"robots\" content=\"noindex, follow, max-snippet:-1, max-image-preview:large, max-video-preview:-1\" \/>\n<meta property=\"og:locale\" content=\"de_DE\" \/>\n<meta property=\"og:type\" content=\"article\" \/>\n<meta property=\"og:title\" content=\"JAPAN LIME 80G\" \/>\n<meta property=\"og:description\" content=\"Japan Lime : th\u00e9 vert citronn\u00e9 au go\u00fbt subtil. Ar\u00f4mes d&#039;agrume d\u00e9licats, p\u00e9tales de souci. Id\u00e9al chaud ou glac\u00e9 : \u00e9clat citronn\u00e9 et fra\u00eecheur.\" \/>\n<meta property=\"og:url\" content=\"https:\/\/preprod.lessecretsduchocolat.com\/de\/product\/japanische-limette-80g\/\" \/>\n<meta property=\"og:site_name\" content=\"Secrets de Chocolat\" \/>\n<meta property=\"article:modified_time\" content=\"2025-08-29T12:38:07+00:00\" \/>\n<meta property=\"og:image\" content=\"https:\/\/preprod.lessecretsduchocolat.com\/wp-content\/uploads\/2025\/05\/1110.jpg\" \/>\n\t<meta property=\"og:image:width\" content=\"535\" \/>\n\t<meta property=\"og:image:height\" content=\"434\" \/>\n\t<meta property=\"og:image:type\" content=\"image\/jpeg\" \/>\n<meta name=\"twitter:card\" content=\"summary_large_image\" \/>\n<meta name=\"twitter:label1\" content=\"Gesch\u00e4tzte Lesezeit\" \/>\n\t<meta name=\"twitter:data1\" content=\"2\u00a0Minuten\" \/>\n<script type=\"application\/ld+json\" class=\"yoast-schema-graph\">{\"@context\":\"https:\/\/schema.org\",\"@graph\":[{\"@type\":\"WebPage\",\"@id\":\"https:\/\/preprod.lessecretsduchocolat.com\/produit\/japan-lime-80g\/\",\"url\":\"https:\/\/preprod.lessecretsduchocolat.com\/produit\/japan-lime-80g\/\",\"name\":\"JAPAN LIME 80G\",\"isPartOf\":{\"@id\":\"https:\/\/preprod.lessecretsduchocolat.com\/#website\"},\"primaryImageOfPage\":{\"@id\":\"https:\/\/preprod.lessecretsduchocolat.com\/produit\/japan-lime-80g\/#primaryimage\"},\"image\":{\"@id\":\"https:\/\/preprod.lessecretsduchocolat.com\/produit\/japan-lime-80g\/#primaryimage\"},\"thumbnailUrl\":\"https:\/\/preprod.lessecretsduchocolat.com\/wp-content\/uploads\/2025\/05\/1110.jpg\",\"datePublished\":\"2021-09-17T06:40:05+00:00\",\"dateModified\":\"2025-08-29T12:38:07+00:00\",\"description\":\"Japan Lime : th\u00e9 vert citronn\u00e9 au go\u00fbt subtil. Ar\u00f4mes d'agrume d\u00e9licats, p\u00e9tales de souci. Id\u00e9al chaud ou glac\u00e9 : \u00e9clat citronn\u00e9 et fra\u00eecheur.\",\"breadcrumb\":{\"@id\":\"https:\/\/preprod.lessecretsduchocolat.com\/produit\/japan-lime-80g\/#breadcrumb\"},\"inLanguage\":\"de\",\"potentialAction\":[{\"@type\":\"ReadAction\",\"target\":[\"https:\/\/preprod.lessecretsduchocolat.com\/produit\/japan-lime-80g\/\"]}]},{\"@type\":\"ImageObject\",\"inLanguage\":\"de\",\"@id\":\"https:\/\/preprod.lessecretsduchocolat.com\/produit\/japan-lime-80g\/#primaryimage\",\"url\":\"https:\/\/preprod.lessecretsduchocolat.com\/wp-content\/uploads\/2025\/05\/1110.jpg\",\"contentUrl\":\"https:\/\/preprod.lessecretsduchocolat.com\/wp-content\/uploads\/2025\/05\/1110.jpg\",\"width\":535,\"height\":434,\"caption\":\"Image Th\u00e9 Japan Lime\"},{\"@type\":\"BreadcrumbList\",\"@id\":\"https:\/\/preprod.lessecretsduchocolat.com\/produit\/japan-lime-80g\/#breadcrumb\",\"itemListElement\":[{\"@type\":\"ListItem\",\"position\":1,\"name\":\"Accueil\",\"item\":\"https:\/\/preprod.lessecretsduchocolat.com\/\"},{\"@type\":\"ListItem\",\"position\":2,\"name\":\"Magasin\",\"item\":\"https:\/\/preprod.lessecretsduchocolat.com\/magasin\/\"},{\"@type\":\"ListItem\",\"position\":3,\"name\":\"JAPAN LIME 80G\"}]},{\"@type\":\"WebSite\",\"@id\":\"https:\/\/preprod.lessecretsduchocolat.com\/#website\",\"url\":\"https:\/\/preprod.lessecretsduchocolat.com\/\",\"name\":\"Secrets de Chocolat\",\"description\":\"\",\"publisher\":{\"@id\":\"https:\/\/preprod.lessecretsduchocolat.com\/#organization\"},\"potentialAction\":[{\"@type\":\"SearchAction\",\"target\":{\"@type\":\"EntryPoint\",\"urlTemplate\":\"https:\/\/preprod.lessecretsduchocolat.com\/?s={search_term_string}\"},\"query-input\":{\"@type\":\"PropertyValueSpecification\",\"valueRequired\":true,\"valueName\":\"search_term_string\"}}],\"inLanguage\":\"de\"},{\"@type\":\"Organization\",\"@id\":\"https:\/\/preprod.lessecretsduchocolat.com\/#organization\",\"name\":\"Secrets de Chocolat\",\"url\":\"https:\/\/preprod.lessecretsduchocolat.com\/\",\"logo\":{\"@type\":\"ImageObject\",\"inLanguage\":\"de\",\"@id\":\"https:\/\/preprod.lessecretsduchocolat.com\/#\/schema\/logo\/image\/\",\"url\":\"https:\/\/preprod.lessecretsduchocolat.com\/wp-content\/uploads\/2025\/05\/logo.png\",\"contentUrl\":\"https:\/\/preprod.lessecretsduchocolat.com\/wp-content\/uploads\/2025\/05\/logo.png\",\"width\":198,\"height\":85,\"caption\":\"Secrets de Chocolat\"},\"image\":{\"@id\":\"https:\/\/preprod.lessecretsduchocolat.com\/#\/schema\/logo\/image\/\"}}]}<\/script>\n<!-- \/ Yoast SEO plugin. -->","yoast_head_json":{"title":"JAPAN LIME 80G","description":"Japan Lime: zitroniger Gr\u00fcntee mit feinem Geschmack. Zarte Zitrusaromen, Bl\u00fctenbl\u00e4tter der Ringelblume. Ideal hei\u00df oder eisgek\u00fchlt: zitroniger Glanz und Frische.","robots":{"index":"noindex","follow":"follow","max-snippet":"max-snippet:-1","max-image-preview":"max-image-preview:large","max-video-preview":"max-video-preview:-1"},"og_locale":"de_DE","og_type":"article","og_title":"JAPAN LIME 80G","og_description":"Japan Lime : th\u00e9 vert citronn\u00e9 au go\u00fbt subtil. Ar\u00f4mes d'agrume d\u00e9licats, p\u00e9tales de souci. Id\u00e9al chaud ou glac\u00e9 : \u00e9clat citronn\u00e9 et fra\u00eecheur.","og_url":"https:\/\/preprod.lessecretsduchocolat.com\/de\/product\/japanische-limette-80g\/","og_site_name":"Secrets de Chocolat","article_modified_time":"2025-08-29T12:38:07+00:00","og_image":[{"width":535,"height":434,"url":"https:\/\/preprod.lessecretsduchocolat.com\/wp-content\/uploads\/2025\/05\/1110.jpg","type":"image\/jpeg"}],"twitter_card":"summary_large_image","twitter_misc":{"Gesch\u00e4tzte Lesezeit":"2\u00a0Minuten"},"schema":{"@context":"https:\/\/schema.org","@graph":[{"@type":"WebPage","@id":"https:\/\/preprod.lessecretsduchocolat.com\/produit\/japan-lime-80g\/","url":"https:\/\/preprod.lessecretsduchocolat.com\/produit\/japan-lime-80g\/","name":"JAPAN LIME 80G","isPartOf":{"@id":"https:\/\/preprod.lessecretsduchocolat.com\/#website"},"primaryImageOfPage":{"@id":"https:\/\/preprod.lessecretsduchocolat.com\/produit\/japan-lime-80g\/#primaryimage"},"image":{"@id":"https:\/\/preprod.lessecretsduchocolat.com\/produit\/japan-lime-80g\/#primaryimage"},"thumbnailUrl":"https:\/\/preprod.lessecretsduchocolat.com\/wp-content\/uploads\/2025\/05\/1110.jpg","datePublished":"2021-09-17T06:40:05+00:00","dateModified":"2025-08-29T12:38:07+00:00","description":"Japan Lime: zitroniger Gr\u00fcntee mit feinem Geschmack. Zarte Zitrusaromen, Bl\u00fctenbl\u00e4tter der Ringelblume. Ideal hei\u00df oder eisgek\u00fchlt: zitroniger Glanz und Frische.","breadcrumb":{"@id":"https:\/\/preprod.lessecretsduchocolat.com\/produit\/japan-lime-80g\/#breadcrumb"},"inLanguage":"de","potentialAction":[{"@type":"ReadAction","target":["https:\/\/preprod.lessecretsduchocolat.com\/produit\/japan-lime-80g\/"]}]},{"@type":"ImageObject","inLanguage":"de","@id":"https:\/\/preprod.lessecretsduchocolat.com\/produit\/japan-lime-80g\/#primaryimage","url":"https:\/\/preprod.lessecretsduchocolat.com\/wp-content\/uploads\/2025\/05\/1110.jpg","contentUrl":"https:\/\/preprod.lessecretsduchocolat.com\/wp-content\/uploads\/2025\/05\/1110.jpg","width":535,"height":434,"caption":"Image Th\u00e9 Japan Lime"},{"@type":"BreadcrumbList","@id":"https:\/\/preprod.lessecretsduchocolat.com\/produit\/japan-lime-80g\/#breadcrumb","itemListElement":[{"@type":"ListItem","position":1,"name":"Accueil","item":"https:\/\/preprod.lessecretsduchocolat.com\/"},{"@type":"ListItem","position":2,"name":"Magasin","item":"https:\/\/preprod.lessecretsduchocolat.com\/magasin\/"},{"@type":"ListItem","position":3,"name":"JAPAN LIME 80G"}]},{"@type":"WebSite","@id":"https:\/\/preprod.lessecretsduchocolat.com\/#website","url":"https:\/\/preprod.lessecretsduchocolat.com\/","name":"Secrets de Chocolat (Schokoladengeheimnisse)","description":"","publisher":{"@id":"https:\/\/preprod.lessecretsduchocolat.com\/#organization"},"potentialAction":[{"@type":"SearchAction","target":{"@type":"EntryPoint","urlTemplate":"https:\/\/preprod.lessecretsduchocolat.com\/?s={search_term_string}"},"query-input":{"@type":"PropertyValueSpecification","valueRequired":true,"valueName":"search_term_string"}}],"inLanguage":"de"},{"@type":"Organization","@id":"https:\/\/preprod.lessecretsduchocolat.com\/#organization","name":"Secrets de Chocolat (Schokoladengeheimnisse)","url":"https:\/\/preprod.lessecretsduchocolat.com\/","logo":{"@type":"ImageObject","inLanguage":"de","@id":"https:\/\/preprod.lessecretsduchocolat.com\/#\/schema\/logo\/image\/","url":"https:\/\/preprod.lessecretsduchocolat.com\/wp-content\/uploads\/2025\/05\/logo.png","contentUrl":"https:\/\/preprod.lessecretsduchocolat.com\/wp-content\/uploads\/2025\/05\/logo.png","width":198,"height":85,"caption":"Secrets de Chocolat"},"image":{"@id":"https:\/\/preprod.lessecretsduchocolat.com\/#\/schema\/logo\/image\/"}}]}},"_links":{"self":[{"href":"https:\/\/preprod.lessecretsduchocolat.com\/de\/wp-json\/wp\/v2\/product\/1106","targetHints":{"allow":["GET"]}}],"collection":[{"href":"https:\/\/preprod.lessecretsduchocolat.com\/de\/wp-json\/wp\/v2\/product"}],"about":[{"href":"https:\/\/preprod.lessecretsduchocolat.com\/de\/wp-json\/wp\/v2\/types\/product"}],"version-history":[{"count":4,"href":"https:\/\/preprod.lessecretsduchocolat.com\/de\/wp-json\/wp\/v2\/product\/1106\/revisions"}],"predecessor-version":[{"id":4179,"href":"https:\/\/preprod.lessecretsduchocolat.com\/de\/wp-json\/wp\/v2\/product\/1106\/revisions\/4179"}],"wp:featuredmedia":[{"embeddable":true,"href":"https:\/\/preprod.lessecretsduchocolat.com\/de\/wp-json\/wp\/v2\/media\/912"}],"wp:attachment":[{"href":"https:\/\/preprod.lessecretsduchocolat.com\/de\/wp-json\/wp\/v2\/media?parent=1106"}],"wp:term":[{"taxonomy":"product_brand","embeddable":true,"href":"https:\/\/preprod.lessecretsduchocolat.com\/de\/wp-json\/wp\/v2\/product_brand?post=1106"},{"taxonomy":"product_cat","embeddable":true,"href":"https:\/\/preprod.lessecretsduchocolat.com\/de\/wp-json\/wp\/v2\/product_cat?post=1106"},{"taxonomy":"product_tag","embeddable":true,"href":"https:\/\/preprod.lessecretsduchocolat.com\/de\/wp-json\/wp\/v2\/product_tag?post=1106"}],"curies":[{"name":"wp","href":"https:\/\/api.w.org\/{rel}","templated":true}]}}