{"id":1125,"date":"2022-06-27T06:40:04","date_gmt":"2022-06-27T06:40:04","guid":{"rendered":"https:\/\/preprod.lessecretsduchocolat.com\/?product=pate-a-tartiner-250g"},"modified":"2025-08-29T12:08:06","modified_gmt":"2025-08-29T10:08:06","slug":"brotaufstrich-250g","status":"publish","type":"product","link":"https:\/\/preprod.lessecretsduchocolat.com\/de\/product\/brotaufstrich-250g\/","title":{"rendered":"BROTAUFSTRICH 250G"},"content":{"rendered":"<p data-start=\"163\" data-end=\"239\"><span class=\"relative -mx-px my-[-0.2rem] rounded px-px py-[0.2rem] transition-colors duration-100 ease-in-out\">La <strong data-start=\"3\" data-end=\"20\">Tartinoisette<\/strong> de <strong data-start=\"24\" data-end=\"34\">Schaal<\/strong> incarne le savoir-faire local en transformant la noisette en une p\u00e2te \u00e0 tartiner d\u00e9licieusement authentique. Elle est la rencontre du croquant et du fondant, du terroir et du plaisir gourmand.<\/span><\/p>\n<p data-start=\"163\" data-end=\"239\"><span class=\"relative -mx-px my-[-0.2rem] rounded px-px py-[0.2rem] transition-colors duration-100 ease-in-out\">Cette cr\u00e9ation combine une base riche de <strong data-start=\"41\" data-end=\"53\">noisette<\/strong>, du sucre, du lait, du cacao et un soup\u00e7on de beurre, sans huile de palme.<\/span>\u00a0<span class=\"relative -mx-px my-[-0.2rem] rounded px-px py-[0.2rem] transition-colors duration-100 ease-in-out\">On y ressent imm\u00e9diatement la rondeur du fruit \u00e0 coques et un go\u00fbt cacao d\u00e9licatement \u00e9quilibr\u00e9.<\/span><\/p>\n<p data-start=\"357\" data-end=\"394\"><span class=\"relative -mx-px my-[-0.2rem] rounded px-px py-[0.2rem] transition-colors duration-100 ease-in-out\">D\u00e8s l\u2019ouverture, les ar\u00f4mes chaleureux vous charment : une richesse bois\u00e9e, le souvenir des noisettes grill\u00e9es, une gourmandise jamais trop sucr\u00e9e. Chaque cuill\u00e8re r\u00e9v\u00e8le une texture onctueuse, velout\u00e9e, qui s\u2019\u00e9tale sans effort sur une tartine encore ti\u00e8de ou une cr\u00eape.<\/span><\/p>\n<p data-start=\"396\" data-end=\"472\"><span class=\"relative -mx-px my-[-0.2rem] rounded px-px py-[0.2rem] transition-colors duration-100 ease-in-out\">La <strong data-start=\"3\" data-end=\"20\">Tartinoisette<\/strong> incarne aussi un engagement fort : celui d\u2019un producteur fran\u00e7ais soucieux de sa fili\u00e8re. Schaal travaille avec passion, de la culture du cacao jusqu\u2019\u00e0 la noisette, pour offrir un produit \u00e0 la fois noble et g\u00e9n\u00e9reux.<\/span><\/p>\n<p data-start=\"396\" data-end=\"472\"><span style=\"font-size: 16px;\">Ce pot devient vite essentiel dans la cuisine. Il se glisse dans les tartines, les brioches, les gaufres ou s\u2019incorpore subtilement \u00e0 un yaourt ou une recette maison. Il transforme chaque instant de petit-d\u00e9jeuner ou go\u00fbter en moment de r\u00e9confort.<\/span><\/p>\n<p data-start=\"723\" data-end=\"946\">Offrir <strong data-start=\"730\" data-end=\"747\">Tartinoisette<\/strong> c\u2019est offrir plus qu\u2019un go\u00fbt : une \u00e9motion riche de terroir, une gourmandise empreinte d\u2019authenticit\u00e9. Une p\u00e2te \u00e0 tartiner pour ceux qui cherchent le vrai, le bon, l\u2019\u00e9motion du fruit bien travaill\u00e9.<\/p>\n<p data-start=\"948\" data-end=\"1074\">Avec <strong data-start=\"953\" data-end=\"970\">Tartinoisette<\/strong>, Schaal r\u00e9invente la p\u00e2te \u00e0 tartiner au pralin\u00e9 en version locale, \u00e9l\u00e9gante et d\u00e9licieusement incarn\u00e9e.<\/p>\n<p data-start=\"1076\" data-end=\"1231\">","protected":false},"excerpt":{"rendered":"<p>Succombez \u00e0 la p\u00e2te \u00e0 tartiner Schaal, compos\u00e9e \u00e0 40% de noisettes ! Un r\u00e9gal pour vos petits-d\u00e9jeuners ou vos go\u00fbters. (39,60\u20ac\/kg)<\/p>","protected":false},"featured_media":961,"template":"","meta":{"_acf_changed":false,"site-sidebar-layout":"default","site-content-layout":"","ast-site-content-layout":"default","site-content-style":"default","site-sidebar-style":"default","ast-global-header-display":"","ast-banner-title-visibility":"","ast-main-header-display":"","ast-hfb-above-header-display":"","ast-hfb-below-header-display":"","ast-hfb-mobile-header-display":"","site-post-title":"","ast-breadcrumbs-content":"","ast-featured-img":"","footer-sml-layout":"","theme-transparent-header-meta":"default","adv-header-id-meta":"","stick-header-meta":"","header-above-stick-meta":"","header-main-stick-meta":"","header-below-stick-meta":"","astra-migrate-meta-layouts":"set","ast-page-background-enabled":"default","ast-page-background-meta":{"desktop":{"background-color":"var(--ast-global-color-4)","background-image":"","background-repeat":"repeat","background-position":"center center","background-size":"auto","background-attachment":"scroll","background-type":"","background-media":"","overlay-type":"","overlay-color":"","overlay-opacity":"","overlay-gradient":""},"tablet":{"background-color":"","background-image":"","background-repeat":"repeat","background-position":"center center","background-size":"auto","background-attachment":"scroll","background-type":"","background-media":"","overlay-type":"","overlay-color":"","overlay-opacity":"","overlay-gradient":""},"mobile":{"background-color":"","background-image":"","background-repeat":"repeat","background-position":"center center","background-size":"auto","background-attachment":"scroll","background-type":"","background-media":"","overlay-type":"","overlay-color":"","overlay-opacity":"","overlay-gradient":""}},"ast-content-background-meta":{"desktop":{"background-color":"var(--ast-global-color-5)","background-image":"","background-repeat":"repeat","background-position":"center center","background-size":"auto","background-attachment":"scroll","background-type":"","background-media":"","overlay-type":"","overlay-color":"","overlay-opacity":"","overlay-gradient":""},"tablet":{"background-color":"var(--ast-global-color-5)","background-image":"","background-repeat":"repeat","background-position":"center center","background-size":"auto","background-attachment":"scroll","background-type":"","background-media":"","overlay-type":"","overlay-color":"","overlay-opacity":"","overlay-gradient":""},"mobile":{"background-color":"var(--ast-global-color-5)","background-image":"","background-repeat":"repeat","background-position":"center center","background-size":"auto","background-attachment":"scroll","background-type":"","background-media":"","overlay-type":"","overlay-color":"","overlay-opacity":"","overlay-gradient":""}},"iawp_total_views":0},"product_brand":[],"product_cat":[105],"product_tag":[],"class_list":{"0":"post-1125","1":"product","2":"type-product","3":"status-publish","4":"has-post-thumbnail","6":"product_cat-pate-a-tartiner","7":"desktop-align-left","8":"tablet-align-left","9":"mobile-align-left","11":"first","12":"outofstock","13":"taxable","14":"shipping-taxable","15":"purchasable","16":"product-type-simple"},"acf":[],"yoast_head":"<!-- This site is optimized with the Yoast SEO plugin v25.9 - https:\/\/yoast.com\/wordpress\/plugins\/seo\/ -->\n<title>PATE A TARTINER 250G<\/title>\n<meta name=\"description\" content=\"Succombez \u00e0 la p\u00e2te \u00e0 tartiner Schaal de 250g, une pure gourmandise compos\u00e9e de 40% de noisettes ! Parfaite pour vos petits-d\u00e9jeuners ou vos go\u00fbters.\" \/>\n<meta name=\"robots\" content=\"noindex, follow, max-snippet:-1, max-image-preview:large, max-video-preview:-1\" \/>\n<meta property=\"og:locale\" content=\"de_DE\" \/>\n<meta property=\"og:type\" content=\"article\" \/>\n<meta property=\"og:title\" content=\"PATE A TARTINER 250G\" \/>\n<meta property=\"og:description\" content=\"Succombez \u00e0 la p\u00e2te \u00e0 tartiner Schaal de 250g, une pure gourmandise compos\u00e9e de 40% de noisettes ! Parfaite pour vos petits-d\u00e9jeuners ou vos go\u00fbters.\" \/>\n<meta property=\"og:url\" content=\"https:\/\/preprod.lessecretsduchocolat.com\/de\/product\/brotaufstrich-250g\/\" \/>\n<meta property=\"og:site_name\" content=\"Secrets de Chocolat\" \/>\n<meta property=\"article:modified_time\" content=\"2025-08-29T10:08:06+00:00\" \/>\n<meta property=\"og:image\" content=\"https:\/\/preprod.lessecretsduchocolat.com\/wp-content\/uploads\/2025\/05\/1615.jpg\" \/>\n\t<meta property=\"og:image:width\" content=\"1414\" \/>\n\t<meta property=\"og:image:height\" content=\"2000\" \/>\n\t<meta property=\"og:image:type\" content=\"image\/jpeg\" \/>\n<meta name=\"twitter:card\" content=\"summary_large_image\" \/>\n<meta name=\"twitter:label1\" content=\"Gesch\u00e4tzte Lesezeit\" \/>\n\t<meta name=\"twitter:data1\" content=\"2\u00a0Minuten\" \/>\n<script type=\"application\/ld+json\" class=\"yoast-schema-graph\">{\"@context\":\"https:\/\/schema.org\",\"@graph\":[{\"@type\":\"WebPage\",\"@id\":\"https:\/\/preprod.lessecretsduchocolat.com\/produit\/pate-a-tartiner-250g\/\",\"url\":\"https:\/\/preprod.lessecretsduchocolat.com\/produit\/pate-a-tartiner-250g\/\",\"name\":\"PATE A TARTINER 250G\",\"isPartOf\":{\"@id\":\"https:\/\/preprod.lessecretsduchocolat.com\/#website\"},\"primaryImageOfPage\":{\"@id\":\"https:\/\/preprod.lessecretsduchocolat.com\/produit\/pate-a-tartiner-250g\/#primaryimage\"},\"image\":{\"@id\":\"https:\/\/preprod.lessecretsduchocolat.com\/produit\/pate-a-tartiner-250g\/#primaryimage\"},\"thumbnailUrl\":\"https:\/\/preprod.lessecretsduchocolat.com\/wp-content\/uploads\/2025\/05\/1615.jpg\",\"datePublished\":\"2022-06-27T06:40:04+00:00\",\"dateModified\":\"2025-08-29T10:08:06+00:00\",\"description\":\"Succombez \u00e0 la p\u00e2te \u00e0 tartiner Schaal de 250g, une pure gourmandise compos\u00e9e de 40% de noisettes ! Parfaite pour vos petits-d\u00e9jeuners ou vos go\u00fbters.\",\"breadcrumb\":{\"@id\":\"https:\/\/preprod.lessecretsduchocolat.com\/produit\/pate-a-tartiner-250g\/#breadcrumb\"},\"inLanguage\":\"de\",\"potentialAction\":[{\"@type\":\"ReadAction\",\"target\":[\"https:\/\/preprod.lessecretsduchocolat.com\/produit\/pate-a-tartiner-250g\/\"]}]},{\"@type\":\"ImageObject\",\"inLanguage\":\"de\",\"@id\":\"https:\/\/preprod.lessecretsduchocolat.com\/produit\/pate-a-tartiner-250g\/#primaryimage\",\"url\":\"https:\/\/preprod.lessecretsduchocolat.com\/wp-content\/uploads\/2025\/05\/1615.jpg\",\"contentUrl\":\"https:\/\/preprod.lessecretsduchocolat.com\/wp-content\/uploads\/2025\/05\/1615.jpg\",\"width\":1414,\"height\":2000,\"caption\":\"Image tartinoisette\"},{\"@type\":\"BreadcrumbList\",\"@id\":\"https:\/\/preprod.lessecretsduchocolat.com\/produit\/pate-a-tartiner-250g\/#breadcrumb\",\"itemListElement\":[{\"@type\":\"ListItem\",\"position\":1,\"name\":\"Accueil\",\"item\":\"https:\/\/preprod.lessecretsduchocolat.com\/\"},{\"@type\":\"ListItem\",\"position\":2,\"name\":\"Magasin\",\"item\":\"https:\/\/preprod.lessecretsduchocolat.com\/magasin\/\"},{\"@type\":\"ListItem\",\"position\":3,\"name\":\"PATE A TARTINER 250G\"}]},{\"@type\":\"WebSite\",\"@id\":\"https:\/\/preprod.lessecretsduchocolat.com\/#website\",\"url\":\"https:\/\/preprod.lessecretsduchocolat.com\/\",\"name\":\"Secrets de Chocolat\",\"description\":\"\",\"publisher\":{\"@id\":\"https:\/\/preprod.lessecretsduchocolat.com\/#organization\"},\"potentialAction\":[{\"@type\":\"SearchAction\",\"target\":{\"@type\":\"EntryPoint\",\"urlTemplate\":\"https:\/\/preprod.lessecretsduchocolat.com\/?s={search_term_string}\"},\"query-input\":{\"@type\":\"PropertyValueSpecification\",\"valueRequired\":true,\"valueName\":\"search_term_string\"}}],\"inLanguage\":\"de\"},{\"@type\":\"Organization\",\"@id\":\"https:\/\/preprod.lessecretsduchocolat.com\/#organization\",\"name\":\"Secrets de Chocolat\",\"url\":\"https:\/\/preprod.lessecretsduchocolat.com\/\",\"logo\":{\"@type\":\"ImageObject\",\"inLanguage\":\"de\",\"@id\":\"https:\/\/preprod.lessecretsduchocolat.com\/#\/schema\/logo\/image\/\",\"url\":\"https:\/\/preprod.lessecretsduchocolat.com\/wp-content\/uploads\/2025\/05\/logo.png\",\"contentUrl\":\"https:\/\/preprod.lessecretsduchocolat.com\/wp-content\/uploads\/2025\/05\/logo.png\",\"width\":198,\"height\":85,\"caption\":\"Secrets de Chocolat\"},\"image\":{\"@id\":\"https:\/\/preprod.lessecretsduchocolat.com\/#\/schema\/logo\/image\/\"}}]}<\/script>\n<!-- \/ Yoast SEO plugin. -->","yoast_head_json":{"title":"BROTAUFSTRICH 250G","description":"Erliegen Sie dem Schaal Brotaufstrich 250 g, einer reinen Delikatesse aus 40% Haseln\u00fcssen! Perfekt f\u00fcr Ihr Fr\u00fchst\u00fcck oder Ihre Snacks.","robots":{"index":"noindex","follow":"follow","max-snippet":"max-snippet:-1","max-image-preview":"max-image-preview:large","max-video-preview":"max-video-preview:-1"},"og_locale":"de_DE","og_type":"article","og_title":"PATE A TARTINER 250G","og_description":"Succombez \u00e0 la p\u00e2te \u00e0 tartiner Schaal de 250g, une pure gourmandise compos\u00e9e de 40% de noisettes ! Parfaite pour vos petits-d\u00e9jeuners ou vos go\u00fbters.","og_url":"https:\/\/preprod.lessecretsduchocolat.com\/de\/product\/brotaufstrich-250g\/","og_site_name":"Secrets de Chocolat","article_modified_time":"2025-08-29T10:08:06+00:00","og_image":[{"width":1414,"height":2000,"url":"https:\/\/preprod.lessecretsduchocolat.com\/wp-content\/uploads\/2025\/05\/1615.jpg","type":"image\/jpeg"}],"twitter_card":"summary_large_image","twitter_misc":{"Gesch\u00e4tzte Lesezeit":"2\u00a0Minuten"},"schema":{"@context":"https:\/\/schema.org","@graph":[{"@type":"WebPage","@id":"https:\/\/preprod.lessecretsduchocolat.com\/produit\/pate-a-tartiner-250g\/","url":"https:\/\/preprod.lessecretsduchocolat.com\/produit\/pate-a-tartiner-250g\/","name":"BROTAUFSTRICH 250G","isPartOf":{"@id":"https:\/\/preprod.lessecretsduchocolat.com\/#website"},"primaryImageOfPage":{"@id":"https:\/\/preprod.lessecretsduchocolat.com\/produit\/pate-a-tartiner-250g\/#primaryimage"},"image":{"@id":"https:\/\/preprod.lessecretsduchocolat.com\/produit\/pate-a-tartiner-250g\/#primaryimage"},"thumbnailUrl":"https:\/\/preprod.lessecretsduchocolat.com\/wp-content\/uploads\/2025\/05\/1615.jpg","datePublished":"2022-06-27T06:40:04+00:00","dateModified":"2025-08-29T10:08:06+00:00","description":"Erliegen Sie dem Schaal Brotaufstrich 250 g, einer reinen Delikatesse aus 40% Haseln\u00fcssen! Perfekt f\u00fcr Ihr Fr\u00fchst\u00fcck oder Ihre Snacks.","breadcrumb":{"@id":"https:\/\/preprod.lessecretsduchocolat.com\/produit\/pate-a-tartiner-250g\/#breadcrumb"},"inLanguage":"de","potentialAction":[{"@type":"ReadAction","target":["https:\/\/preprod.lessecretsduchocolat.com\/produit\/pate-a-tartiner-250g\/"]}]},{"@type":"ImageObject","inLanguage":"de","@id":"https:\/\/preprod.lessecretsduchocolat.com\/produit\/pate-a-tartiner-250g\/#primaryimage","url":"https:\/\/preprod.lessecretsduchocolat.com\/wp-content\/uploads\/2025\/05\/1615.jpg","contentUrl":"https:\/\/preprod.lessecretsduchocolat.com\/wp-content\/uploads\/2025\/05\/1615.jpg","width":1414,"height":2000,"caption":"Image tartinoisette"},{"@type":"BreadcrumbList","@id":"https:\/\/preprod.lessecretsduchocolat.com\/produit\/pate-a-tartiner-250g\/#breadcrumb","itemListElement":[{"@type":"ListItem","position":1,"name":"Accueil","item":"https:\/\/preprod.lessecretsduchocolat.com\/"},{"@type":"ListItem","position":2,"name":"Magasin","item":"https:\/\/preprod.lessecretsduchocolat.com\/magasin\/"},{"@type":"ListItem","position":3,"name":"PATE A TARTINER 250G"}]},{"@type":"WebSite","@id":"https:\/\/preprod.lessecretsduchocolat.com\/#website","url":"https:\/\/preprod.lessecretsduchocolat.com\/","name":"Secrets de Chocolat (Schokoladengeheimnisse)","description":"","publisher":{"@id":"https:\/\/preprod.lessecretsduchocolat.com\/#organization"},"potentialAction":[{"@type":"SearchAction","target":{"@type":"EntryPoint","urlTemplate":"https:\/\/preprod.lessecretsduchocolat.com\/?s={search_term_string}"},"query-input":{"@type":"PropertyValueSpecification","valueRequired":true,"valueName":"search_term_string"}}],"inLanguage":"de"},{"@type":"Organization","@id":"https:\/\/preprod.lessecretsduchocolat.com\/#organization","name":"Secrets de Chocolat (Schokoladengeheimnisse)","url":"https:\/\/preprod.lessecretsduchocolat.com\/","logo":{"@type":"ImageObject","inLanguage":"de","@id":"https:\/\/preprod.lessecretsduchocolat.com\/#\/schema\/logo\/image\/","url":"https:\/\/preprod.lessecretsduchocolat.com\/wp-content\/uploads\/2025\/05\/logo.png","contentUrl":"https:\/\/preprod.lessecretsduchocolat.com\/wp-content\/uploads\/2025\/05\/logo.png","width":198,"height":85,"caption":"Secrets de Chocolat"},"image":{"@id":"https:\/\/preprod.lessecretsduchocolat.com\/#\/schema\/logo\/image\/"}}]}},"_links":{"self":[{"href":"https:\/\/preprod.lessecretsduchocolat.com\/de\/wp-json\/wp\/v2\/product\/1125","targetHints":{"allow":["GET"]}}],"collection":[{"href":"https:\/\/preprod.lessecretsduchocolat.com\/de\/wp-json\/wp\/v2\/product"}],"about":[{"href":"https:\/\/preprod.lessecretsduchocolat.com\/de\/wp-json\/wp\/v2\/types\/product"}],"version-history":[{"count":4,"href":"https:\/\/preprod.lessecretsduchocolat.com\/de\/wp-json\/wp\/v2\/product\/1125\/revisions"}],"predecessor-version":[{"id":4166,"href":"https:\/\/preprod.lessecretsduchocolat.com\/de\/wp-json\/wp\/v2\/product\/1125\/revisions\/4166"}],"wp:featuredmedia":[{"embeddable":true,"href":"https:\/\/preprod.lessecretsduchocolat.com\/de\/wp-json\/wp\/v2\/media\/961"}],"wp:attachment":[{"href":"https:\/\/preprod.lessecretsduchocolat.com\/de\/wp-json\/wp\/v2\/media?parent=1125"}],"wp:term":[{"taxonomy":"product_brand","embeddable":true,"href":"https:\/\/preprod.lessecretsduchocolat.com\/de\/wp-json\/wp\/v2\/product_brand?post=1125"},{"taxonomy":"product_cat","embeddable":true,"href":"https:\/\/preprod.lessecretsduchocolat.com\/de\/wp-json\/wp\/v2\/product_cat?post=1125"},{"taxonomy":"product_tag","embeddable":true,"href":"https:\/\/preprod.lessecretsduchocolat.com\/de\/wp-json\/wp\/v2\/product_tag?post=1125"}],"curies":[{"name":"wp","href":"https:\/\/api.w.org\/{rel}","templated":true}]}}