{"id":1027,"date":"2020-02-14T16:29:08","date_gmt":"2020-02-14T16:29:08","guid":{"rendered":"https:\/\/preprod.lessecretsduchocolat.com\/?product=rocher-au-chocolat-au-lait"},"modified":"2025-08-27T11:49:22","modified_gmt":"2025-08-27T09:49:22","slug":"milk-chocolate-rocher","status":"publish","type":"product","link":"https:\/\/preprod.lessecretsduchocolat.com\/en\/product\/milk-chocolate-rocher\/","title":{"rendered":"MILK CHOCOLATE ROCHER"},"content":{"rendered":"<p data-start=\"282\" data-end=\"445\">Le <strong data-start=\"285\" data-end=\"315\">Rocher au chocolat au lait<\/strong> est une gourmandise incontournable qui allie la douceur fondante du chocolat au lait et la richesse parfum\u00e9e d\u2019un c\u0153ur pralin\u00e9.<\/p>\n<p data-start=\"447\" data-end=\"605\">Son enrobage g\u00e9n\u00e9reux en <strong data-start=\"472\" data-end=\"530\">chocolat au lait origine \u00c9quateur, pur beurre de cacao<\/strong>, s\u00e9duit par ses notes rondes et \u00e9quilibr\u00e9es, universellement appr\u00e9ci\u00e9es.<\/p>\n<p data-start=\"607\" data-end=\"752\">\u00c0 l\u2019int\u00e9rieur, le <strong data-start=\"625\" data-end=\"646\">pralin\u00e9 noisettes<\/strong> offre une texture fondante et gourmande, qui contraste avec le craquant subtil de l\u2019enrobage chocolat\u00e9.<\/p>\n<p data-start=\"754\" data-end=\"876\">L\u2019\u00e9quilibre entre intensit\u00e9 et douceur rend ce rocher irr\u00e9sistible pour tous les amateurs de chocolat, petits et grands.<\/p>\n<p data-start=\"878\" data-end=\"1030\">Sa taille pratique en fait une bouch\u00e9e gourmande id\u00e9ale pour accompagner un caf\u00e9, garnir une assiette de mignardises ou offrir comme petite attention.<\/p>\n<p data-start=\"1032\" data-end=\"1200\">Ces <strong data-start=\"1036\" data-end=\"1067\">rochers au chocolat au lait<\/strong> s\u00e9duisent par leur g\u00e9n\u00e9rosit\u00e9 et leur simplicit\u00e9. Des classiques qui ne d\u00e9\u00e7oivent jamais et qui s\u2019invitent \u00e0 toutes les occasions.<\/p>\n<p data-start=\"1202\" data-end=\"1343\">Le <strong data-start=\"1205\" data-end=\"1237\">chocolat pur beurre de cacao<\/strong> garantit une fonte parfaite et des saveurs authentiques, qui valorisent pleinement le fourrage pralin\u00e9.<\/p>\n<p data-start=\"1345\" data-end=\"1483\">\u00c0 d\u00e9guster seul ou \u00e0 partager, le rocher incarne une gourmandise conviviale et intemporelle, parfaite pour une pause chocolat\u00e9e r\u00e9ussie.<\/p>\n<p data-start=\"1485\" data-end=\"1594\">Il peut aussi \u00eatre int\u00e9gr\u00e9 \u00e0 un coffret ou \u00e0 une r\u00e9glette, pour composer une s\u00e9lection vari\u00e9e de chocolats.<\/p>\n<p data-start=\"1596\" data-end=\"1720\">Le <strong data-start=\"1599\" data-end=\"1637\">Rocher au chocolat au lait pralin\u00e9<\/strong> est un classique de la confiserie chocolat\u00e9e : simple, g\u00e9n\u00e9reux et irr\u00e9sistible.<\/p>","protected":false},"excerpt":{"rendered":"<p><strong>Appr\u00e9ciez le moment ! D\u00e9gustez ce rocher fourr\u00e9 au pralin\u00e9 et enrob\u00e9 d&rsquo;une fine couche de chocolat lait, une cr\u00e9ation originale imagin\u00e9e par nos ma\u00eetres chocolatiers. Notre rocher est une bouch\u00e9e au chocolat au lait garnie d&rsquo;un m\u00e9lange de chocolat et de pralin\u00e9. Ce chocolat est id\u00e9al pour accompagner un th\u00e9 ou un caf\u00e9. Goutez au plaisir gourmand de notre rocher chocolat au lait produit en France dans notre chocolaterie \u00e0 Strasbourg.<\/strong><\/p>","protected":false},"featured_media":697,"template":"","meta":{"_acf_changed":false,"site-sidebar-layout":"default","site-content-layout":"","ast-site-content-layout":"default","site-content-style":"default","site-sidebar-style":"default","ast-global-header-display":"","ast-banner-title-visibility":"","ast-main-header-display":"","ast-hfb-above-header-display":"","ast-hfb-below-header-display":"","ast-hfb-mobile-header-display":"","site-post-title":"","ast-breadcrumbs-content":"","ast-featured-img":"","footer-sml-layout":"","theme-transparent-header-meta":"default","adv-header-id-meta":"","stick-header-meta":"","header-above-stick-meta":"","header-main-stick-meta":"","header-below-stick-meta":"","astra-migrate-meta-layouts":"set","ast-page-background-enabled":"default","ast-page-background-meta":{"desktop":{"background-color":"var(--ast-global-color-4)","background-image":"","background-repeat":"repeat","background-position":"center center","background-size":"auto","background-attachment":"scroll","background-type":"","background-media":"","overlay-type":"","overlay-color":"","overlay-opacity":"","overlay-gradient":""},"tablet":{"background-color":"","background-image":"","background-repeat":"repeat","background-position":"center center","background-size":"auto","background-attachment":"scroll","background-type":"","background-media":"","overlay-type":"","overlay-color":"","overlay-opacity":"","overlay-gradient":""},"mobile":{"background-color":"","background-image":"","background-repeat":"repeat","background-position":"center center","background-size":"auto","background-attachment":"scroll","background-type":"","background-media":"","overlay-type":"","overlay-color":"","overlay-opacity":"","overlay-gradient":""}},"ast-content-background-meta":{"desktop":{"background-color":"var(--ast-global-color-5)","background-image":"","background-repeat":"repeat","background-position":"center center","background-size":"auto","background-attachment":"scroll","background-type":"","background-media":"","overlay-type":"","overlay-color":"","overlay-opacity":"","overlay-gradient":""},"tablet":{"background-color":"var(--ast-global-color-5)","background-image":"","background-repeat":"repeat","background-position":"center center","background-size":"auto","background-attachment":"scroll","background-type":"","background-media":"","overlay-type":"","overlay-color":"","overlay-opacity":"","overlay-gradient":""},"mobile":{"background-color":"var(--ast-global-color-5)","background-image":"","background-repeat":"repeat","background-position":"center center","background-size":"auto","background-attachment":"scroll","background-type":"","background-media":"","overlay-type":"","overlay-color":"","overlay-opacity":"","overlay-gradient":""}},"iawp_total_views":0},"product_brand":[],"product_cat":[121],"product_tag":[],"class_list":{"0":"post-1027","1":"product","2":"type-product","3":"status-publish","4":"has-post-thumbnail","6":"product_cat-bouchees-gourmandes","7":"desktop-align-left","8":"tablet-align-left","9":"mobile-align-left","11":"first","12":"outofstock","13":"taxable","14":"shipping-taxable","15":"purchasable","16":"product-type-simple"},"acf":[],"yoast_head":"<!-- This site is optimized with the Yoast SEO plugin v25.9 - https:\/\/yoast.com\/wordpress\/plugins\/seo\/ -->\n<title>Rocher chocolat au lait<\/title>\n<meta name=\"description\" content=\"Rocher au chocolat au lait pralin\u00e9 : enrobage lait origine \u00c9quateur pur beurre de cacao et c\u0153ur pralin\u00e9 fondant. Une gourmandise classique et irr\u00e9sistible.\" \/>\n<meta name=\"robots\" content=\"noindex, follow, max-snippet:-1, max-image-preview:large, max-video-preview:-1\" \/>\n<meta property=\"og:locale\" content=\"en_GB\" \/>\n<meta property=\"og:type\" content=\"article\" \/>\n<meta property=\"og:title\" content=\"Rocher chocolat au lait\" \/>\n<meta property=\"og:description\" content=\"Rocher au chocolat au lait pralin\u00e9 : enrobage lait origine \u00c9quateur pur beurre de cacao et c\u0153ur pralin\u00e9 fondant. Une gourmandise classique et irr\u00e9sistible.\" \/>\n<meta property=\"og:url\" content=\"https:\/\/preprod.lessecretsduchocolat.com\/en\/product\/milk-chocolate-rocher\/\" \/>\n<meta property=\"og:site_name\" content=\"Secrets de Chocolat\" \/>\n<meta property=\"article:modified_time\" content=\"2025-08-27T09:49:22+00:00\" \/>\n<meta property=\"og:image\" content=\"https:\/\/preprod.lessecretsduchocolat.com\/wp-content\/uploads\/2025\/05\/29_2nd.jpg\" \/>\n\t<meta property=\"og:image:width\" content=\"835\" \/>\n\t<meta property=\"og:image:height\" content=\"827\" \/>\n\t<meta property=\"og:image:type\" content=\"image\/jpeg\" \/>\n<meta name=\"twitter:card\" content=\"summary_large_image\" \/>\n<meta name=\"twitter:label1\" content=\"Estimated reading time\" \/>\n\t<meta name=\"twitter:data1\" content=\"2 minutes\" \/>\n<script type=\"application\/ld+json\" class=\"yoast-schema-graph\">{\"@context\":\"https:\/\/schema.org\",\"@graph\":[{\"@type\":\"WebPage\",\"@id\":\"https:\/\/preprod.lessecretsduchocolat.com\/produit\/rocher-au-chocolat-au-lait\/\",\"url\":\"https:\/\/preprod.lessecretsduchocolat.com\/produit\/rocher-au-chocolat-au-lait\/\",\"name\":\"Rocher chocolat au lait\",\"isPartOf\":{\"@id\":\"https:\/\/preprod.lessecretsduchocolat.com\/#website\"},\"primaryImageOfPage\":{\"@id\":\"https:\/\/preprod.lessecretsduchocolat.com\/produit\/rocher-au-chocolat-au-lait\/#primaryimage\"},\"image\":{\"@id\":\"https:\/\/preprod.lessecretsduchocolat.com\/produit\/rocher-au-chocolat-au-lait\/#primaryimage\"},\"thumbnailUrl\":\"https:\/\/preprod.lessecretsduchocolat.com\/wp-content\/uploads\/2025\/05\/29_2nd.jpg\",\"datePublished\":\"2020-02-14T16:29:08+00:00\",\"dateModified\":\"2025-08-27T09:49:22+00:00\",\"description\":\"Rocher au chocolat au lait pralin\u00e9 : enrobage lait origine \u00c9quateur pur beurre de cacao et c\u0153ur pralin\u00e9 fondant. Une gourmandise classique et irr\u00e9sistible.\",\"breadcrumb\":{\"@id\":\"https:\/\/preprod.lessecretsduchocolat.com\/produit\/rocher-au-chocolat-au-lait\/#breadcrumb\"},\"inLanguage\":\"en-GB\",\"potentialAction\":[{\"@type\":\"ReadAction\",\"target\":[\"https:\/\/preprod.lessecretsduchocolat.com\/produit\/rocher-au-chocolat-au-lait\/\"]}]},{\"@type\":\"ImageObject\",\"inLanguage\":\"en-GB\",\"@id\":\"https:\/\/preprod.lessecretsduchocolat.com\/produit\/rocher-au-chocolat-au-lait\/#primaryimage\",\"url\":\"https:\/\/preprod.lessecretsduchocolat.com\/wp-content\/uploads\/2025\/05\/29_2nd.jpg\",\"contentUrl\":\"https:\/\/preprod.lessecretsduchocolat.com\/wp-content\/uploads\/2025\/05\/29_2nd.jpg\",\"width\":835,\"height\":827},{\"@type\":\"BreadcrumbList\",\"@id\":\"https:\/\/preprod.lessecretsduchocolat.com\/produit\/rocher-au-chocolat-au-lait\/#breadcrumb\",\"itemListElement\":[{\"@type\":\"ListItem\",\"position\":1,\"name\":\"Accueil\",\"item\":\"https:\/\/preprod.lessecretsduchocolat.com\/\"},{\"@type\":\"ListItem\",\"position\":2,\"name\":\"Magasin\",\"item\":\"https:\/\/preprod.lessecretsduchocolat.com\/magasin\/\"},{\"@type\":\"ListItem\",\"position\":3,\"name\":\"ROCHER AU CHOCOLAT AU LAIT\"}]},{\"@type\":\"WebSite\",\"@id\":\"https:\/\/preprod.lessecretsduchocolat.com\/#website\",\"url\":\"https:\/\/preprod.lessecretsduchocolat.com\/\",\"name\":\"Secrets de Chocolat\",\"description\":\"\",\"publisher\":{\"@id\":\"https:\/\/preprod.lessecretsduchocolat.com\/#organization\"},\"potentialAction\":[{\"@type\":\"SearchAction\",\"target\":{\"@type\":\"EntryPoint\",\"urlTemplate\":\"https:\/\/preprod.lessecretsduchocolat.com\/?s={search_term_string}\"},\"query-input\":{\"@type\":\"PropertyValueSpecification\",\"valueRequired\":true,\"valueName\":\"search_term_string\"}}],\"inLanguage\":\"en-GB\"},{\"@type\":\"Organization\",\"@id\":\"https:\/\/preprod.lessecretsduchocolat.com\/#organization\",\"name\":\"Secrets de Chocolat\",\"url\":\"https:\/\/preprod.lessecretsduchocolat.com\/\",\"logo\":{\"@type\":\"ImageObject\",\"inLanguage\":\"en-GB\",\"@id\":\"https:\/\/preprod.lessecretsduchocolat.com\/#\/schema\/logo\/image\/\",\"url\":\"https:\/\/preprod.lessecretsduchocolat.com\/wp-content\/uploads\/2025\/05\/logo.png\",\"contentUrl\":\"https:\/\/preprod.lessecretsduchocolat.com\/wp-content\/uploads\/2025\/05\/logo.png\",\"width\":198,\"height\":85,\"caption\":\"Secrets de Chocolat\"},\"image\":{\"@id\":\"https:\/\/preprod.lessecretsduchocolat.com\/#\/schema\/logo\/image\/\"}}]}<\/script>\n<!-- \/ Yoast SEO plugin. -->","yoast_head_json":{"title":"Milk chocolate rocher","description":"Rocher au chocolat au lait pralin\u00e9: a pure cocoa butter milk coating from Ecuador with a melting praline centre. A classic, irresistible treat.","robots":{"index":"noindex","follow":"follow","max-snippet":"max-snippet:-1","max-image-preview":"max-image-preview:large","max-video-preview":"max-video-preview:-1"},"og_locale":"en_GB","og_type":"article","og_title":"Rocher chocolat au lait","og_description":"Rocher au chocolat au lait pralin\u00e9 : enrobage lait origine \u00c9quateur pur beurre de cacao et c\u0153ur pralin\u00e9 fondant. Une gourmandise classique et irr\u00e9sistible.","og_url":"https:\/\/preprod.lessecretsduchocolat.com\/en\/product\/milk-chocolate-rocher\/","og_site_name":"Secrets de Chocolat","article_modified_time":"2025-08-27T09:49:22+00:00","og_image":[{"width":835,"height":827,"url":"https:\/\/preprod.lessecretsduchocolat.com\/wp-content\/uploads\/2025\/05\/29_2nd.jpg","type":"image\/jpeg"}],"twitter_card":"summary_large_image","twitter_misc":{"Estimated reading time":"2 minutes"},"schema":{"@context":"https:\/\/schema.org","@graph":[{"@type":"WebPage","@id":"https:\/\/preprod.lessecretsduchocolat.com\/produit\/rocher-au-chocolat-au-lait\/","url":"https:\/\/preprod.lessecretsduchocolat.com\/produit\/rocher-au-chocolat-au-lait\/","name":"Milk chocolate rocher","isPartOf":{"@id":"https:\/\/preprod.lessecretsduchocolat.com\/#website"},"primaryImageOfPage":{"@id":"https:\/\/preprod.lessecretsduchocolat.com\/produit\/rocher-au-chocolat-au-lait\/#primaryimage"},"image":{"@id":"https:\/\/preprod.lessecretsduchocolat.com\/produit\/rocher-au-chocolat-au-lait\/#primaryimage"},"thumbnailUrl":"https:\/\/preprod.lessecretsduchocolat.com\/wp-content\/uploads\/2025\/05\/29_2nd.jpg","datePublished":"2020-02-14T16:29:08+00:00","dateModified":"2025-08-27T09:49:22+00:00","description":"Rocher au chocolat au lait pralin\u00e9: a pure cocoa butter milk coating from Ecuador with a melting praline centre. A classic, irresistible treat.","breadcrumb":{"@id":"https:\/\/preprod.lessecretsduchocolat.com\/produit\/rocher-au-chocolat-au-lait\/#breadcrumb"},"inLanguage":"en-GB","potentialAction":[{"@type":"ReadAction","target":["https:\/\/preprod.lessecretsduchocolat.com\/produit\/rocher-au-chocolat-au-lait\/"]}]},{"@type":"ImageObject","inLanguage":"en-GB","@id":"https:\/\/preprod.lessecretsduchocolat.com\/produit\/rocher-au-chocolat-au-lait\/#primaryimage","url":"https:\/\/preprod.lessecretsduchocolat.com\/wp-content\/uploads\/2025\/05\/29_2nd.jpg","contentUrl":"https:\/\/preprod.lessecretsduchocolat.com\/wp-content\/uploads\/2025\/05\/29_2nd.jpg","width":835,"height":827},{"@type":"BreadcrumbList","@id":"https:\/\/preprod.lessecretsduchocolat.com\/produit\/rocher-au-chocolat-au-lait\/#breadcrumb","itemListElement":[{"@type":"ListItem","position":1,"name":"Accueil","item":"https:\/\/preprod.lessecretsduchocolat.com\/"},{"@type":"ListItem","position":2,"name":"Magasin","item":"https:\/\/preprod.lessecretsduchocolat.com\/magasin\/"},{"@type":"ListItem","position":3,"name":"ROCHER AU CHOCOLAT AU LAIT"}]},{"@type":"WebSite","@id":"https:\/\/preprod.lessecretsduchocolat.com\/#website","url":"https:\/\/preprod.lessecretsduchocolat.com\/","name":"Secrets de Chocolat","description":"","publisher":{"@id":"https:\/\/preprod.lessecretsduchocolat.com\/#organization"},"potentialAction":[{"@type":"SearchAction","target":{"@type":"EntryPoint","urlTemplate":"https:\/\/preprod.lessecretsduchocolat.com\/?s={search_term_string}"},"query-input":{"@type":"PropertyValueSpecification","valueRequired":true,"valueName":"search_term_string"}}],"inLanguage":"en-GB"},{"@type":"Organization","@id":"https:\/\/preprod.lessecretsduchocolat.com\/#organization","name":"Secrets de Chocolat","url":"https:\/\/preprod.lessecretsduchocolat.com\/","logo":{"@type":"ImageObject","inLanguage":"en-GB","@id":"https:\/\/preprod.lessecretsduchocolat.com\/#\/schema\/logo\/image\/","url":"https:\/\/preprod.lessecretsduchocolat.com\/wp-content\/uploads\/2025\/05\/logo.png","contentUrl":"https:\/\/preprod.lessecretsduchocolat.com\/wp-content\/uploads\/2025\/05\/logo.png","width":198,"height":85,"caption":"Secrets de Chocolat"},"image":{"@id":"https:\/\/preprod.lessecretsduchocolat.com\/#\/schema\/logo\/image\/"}}]}},"_links":{"self":[{"href":"https:\/\/preprod.lessecretsduchocolat.com\/en\/wp-json\/wp\/v2\/product\/1027","targetHints":{"allow":["GET"]}}],"collection":[{"href":"https:\/\/preprod.lessecretsduchocolat.com\/en\/wp-json\/wp\/v2\/product"}],"about":[{"href":"https:\/\/preprod.lessecretsduchocolat.com\/en\/wp-json\/wp\/v2\/types\/product"}],"version-history":[{"count":3,"href":"https:\/\/preprod.lessecretsduchocolat.com\/en\/wp-json\/wp\/v2\/product\/1027\/revisions"}],"predecessor-version":[{"id":4097,"href":"https:\/\/preprod.lessecretsduchocolat.com\/en\/wp-json\/wp\/v2\/product\/1027\/revisions\/4097"}],"wp:featuredmedia":[{"embeddable":true,"href":"https:\/\/preprod.lessecretsduchocolat.com\/en\/wp-json\/wp\/v2\/media\/697"}],"wp:attachment":[{"href":"https:\/\/preprod.lessecretsduchocolat.com\/en\/wp-json\/wp\/v2\/media?parent=1027"}],"wp:term":[{"taxonomy":"product_brand","embeddable":true,"href":"https:\/\/preprod.lessecretsduchocolat.com\/en\/wp-json\/wp\/v2\/product_brand?post=1027"},{"taxonomy":"product_cat","embeddable":true,"href":"https:\/\/preprod.lessecretsduchocolat.com\/en\/wp-json\/wp\/v2\/product_cat?post=1027"},{"taxonomy":"product_tag","embeddable":true,"href":"https:\/\/preprod.lessecretsduchocolat.com\/en\/wp-json\/wp\/v2\/product_tag?post=1027"}],"curies":[{"name":"wp","href":"https:\/\/api.w.org\/{rel}","templated":true}]}}