{"id":1028,"date":"2020-02-25T16:05:42","date_gmt":"2020-02-25T16:05:42","guid":{"rendered":"https:\/\/preprod.lessecretsduchocolat.com\/?product=pate-a-tartiner-l-authentique-250g"},"modified":"2025-08-27T11:25:58","modified_gmt":"2025-08-27T09:25:58","slug":"l-authentic-spread-250g","status":"publish","type":"product","link":"https:\/\/preprod.lessecretsduchocolat.com\/en\/product\/l-authentic-spread-250g\/","title":{"rendered":"AUTHENTIC SPREAD 250G"},"content":{"rendered":"<p data-start=\"267\" data-end=\"446\">La <strong data-start=\"270\" data-end=\"309\">p\u00e2te \u00e0 tartiner L\u2019Authentique 250 g<\/strong> est la recette incontournable pour tous les amateurs de pralin\u00e9 et de chocolat. Une cr\u00e9ation simple, g\u00e9n\u00e9reuse et pleine de caract\u00e8re.<\/p>\n<p data-start=\"448\" data-end=\"622\">Elle associe un <strong data-start=\"464\" data-end=\"498\">pralin\u00e9 noisettes du Sud-Ouest<\/strong>, intens\u00e9ment parfum\u00e9, \u00e0 du gianduja onctueux, pour une texture lisse et fondante qui se savoure d\u00e8s la premi\u00e8re cuill\u00e8re.<\/p>\n<p data-start=\"624\" data-end=\"791\">En bouche, l\u2019\u00e9quilibre est parfait : le croquant discret de la noisette se fond dans la douceur chocolat\u00e9e du gianduja, offrant une gourmandise riche et harmonieuse.<\/p>\n<p data-start=\"793\" data-end=\"948\">Cette recette met en avant l\u2019essentiel, sans artifice : le go\u00fbt authentique de la noisette et la rondeur chocolat\u00e9e qui s\u00e9duisent toutes les g\u00e9n\u00e9rations.<\/p>\n<p data-start=\"950\" data-end=\"1112\">La <strong data-start=\"953\" data-end=\"986\">p\u00e2te \u00e0 tartiner L\u2019Authentique<\/strong> s\u2019\u00e9tale facilement sur du pain, des brioches, des cr\u00eapes ou des gaufres, mais se savoure aussi seule, \u00e0 la petite cuill\u00e8re.<\/p>\n<p data-start=\"1114\" data-end=\"1256\">Avec son format <strong data-start=\"1130\" data-end=\"1139\">250 g<\/strong>, elle est parfaite pour un usage quotidien, pour d\u00e9couvrir la gamme ou pour offrir une petite attention gourmande.<\/p>\n<p data-start=\"1258\" data-end=\"1396\">Elle accompagne aussi bien un petit-d\u00e9jeuner qu\u2019un go\u00fbter ou une pause caf\u00e9, transformant chaque moment en instant de plaisir chocolat\u00e9.<\/p>\n<p data-start=\"1398\" data-end=\"1564\">La <strong data-start=\"1401\" data-end=\"1440\">p\u00e2te \u00e0 tartiner L\u2019Authentique 250 g<\/strong> s\u00e9duit par sa simplicit\u00e9 assum\u00e9e. Elle va droit \u00e0 l\u2019essentiel : la force du pralin\u00e9 noisette et la tendresse du gianduja.<\/p>\n<p data-start=\"1566\" data-end=\"1683\">C\u2019est une valeur s\u00fbre, qui plaira autant aux amateurs de saveurs classiques qu\u2019aux gourmands en qu\u00eate de r\u00e9confort.<\/p>\n<p data-start=\"1685\" data-end=\"1769\">Offrir ou s\u2019offrir ce pot, c\u2019est choisir une recette intemporelle et irr\u00e9sistible.<\/p>","protected":false},"excerpt":{"rendered":"<p><strong>Agr\u00e9menter vos instants sucr\u00e9s tout au long de la journ\u00e9e avec cette p\u00e2te \u00e0 tartiner maison, un savoureux \u00e9quilibre entre chocolat noir, chocolat au lait et pralin\u00e9. P\u00e2te \u00e0 tartiner artisanale au pralin\u00e9 noisette du Sud-Ouest, chocolat noir 70% et chocolat au lait. Produit sans huile de palme, confectionn\u00e9 par nos chocolatiers \u00e0 Strasbourg en Alsace.\u00a0<\/strong><\/p>","protected":false},"featured_media":701,"template":"","meta":{"_acf_changed":false,"site-sidebar-layout":"default","site-content-layout":"","ast-site-content-layout":"default","site-content-style":"default","site-sidebar-style":"default","ast-global-header-display":"","ast-banner-title-visibility":"","ast-main-header-display":"","ast-hfb-above-header-display":"","ast-hfb-below-header-display":"","ast-hfb-mobile-header-display":"","site-post-title":"","ast-breadcrumbs-content":"","ast-featured-img":"","footer-sml-layout":"","theme-transparent-header-meta":"default","adv-header-id-meta":"","stick-header-meta":"","header-above-stick-meta":"","header-main-stick-meta":"","header-below-stick-meta":"","astra-migrate-meta-layouts":"set","ast-page-background-enabled":"default","ast-page-background-meta":{"desktop":{"background-color":"var(--ast-global-color-4)","background-image":"","background-repeat":"repeat","background-position":"center center","background-size":"auto","background-attachment":"scroll","background-type":"","background-media":"","overlay-type":"","overlay-color":"","overlay-opacity":"","overlay-gradient":""},"tablet":{"background-color":"","background-image":"","background-repeat":"repeat","background-position":"center center","background-size":"auto","background-attachment":"scroll","background-type":"","background-media":"","overlay-type":"","overlay-color":"","overlay-opacity":"","overlay-gradient":""},"mobile":{"background-color":"","background-image":"","background-repeat":"repeat","background-position":"center center","background-size":"auto","background-attachment":"scroll","background-type":"","background-media":"","overlay-type":"","overlay-color":"","overlay-opacity":"","overlay-gradient":""}},"ast-content-background-meta":{"desktop":{"background-color":"var(--ast-global-color-5)","background-image":"","background-repeat":"repeat","background-position":"center center","background-size":"auto","background-attachment":"scroll","background-type":"","background-media":"","overlay-type":"","overlay-color":"","overlay-opacity":"","overlay-gradient":""},"tablet":{"background-color":"var(--ast-global-color-5)","background-image":"","background-repeat":"repeat","background-position":"center center","background-size":"auto","background-attachment":"scroll","background-type":"","background-media":"","overlay-type":"","overlay-color":"","overlay-opacity":"","overlay-gradient":""},"mobile":{"background-color":"var(--ast-global-color-5)","background-image":"","background-repeat":"repeat","background-position":"center center","background-size":"auto","background-attachment":"scroll","background-type":"","background-media":"","overlay-type":"","overlay-color":"","overlay-opacity":"","overlay-gradient":""}},"iawp_total_views":0},"product_brand":[],"product_cat":[105],"product_tag":[],"class_list":{"0":"post-1028","1":"product","2":"type-product","3":"status-publish","4":"has-post-thumbnail","6":"product_cat-pate-a-tartiner","7":"desktop-align-left","8":"tablet-align-left","9":"mobile-align-left","11":"first","12":"outofstock","13":"taxable","14":"shipping-taxable","15":"purchasable","16":"product-type-simple"},"acf":[],"yoast_head":"<!-- This site is optimized with the Yoast SEO plugin v25.9 - https:\/\/yoast.com\/wordpress\/plugins\/seo\/ -->\n<title>Pate \u00e0 tartiner maison l&#039;authentique 250G - Mus\u00e9e du chocolat<\/title>\n<meta name=\"description\" content=\"P\u00e2te \u00e0 tartiner L\u2019Authentique 250 g : pralin\u00e9 noisettes et gianduja fondant. Une recette simple et g\u00e9n\u00e9reuse, \u00e0 savourer sur vos tartines ou \u00e0 la cuill\u00e8re.\" \/>\n<meta name=\"robots\" content=\"noindex, follow, max-snippet:-1, max-image-preview:large, max-video-preview:-1\" \/>\n<meta property=\"og:locale\" content=\"en_GB\" \/>\n<meta property=\"og:type\" content=\"article\" \/>\n<meta property=\"og:title\" content=\"Pate \u00e0 tartiner maison l&#039;authentique 250G - Mus\u00e9e du chocolat\" \/>\n<meta property=\"og:description\" content=\"P\u00e2te \u00e0 tartiner L\u2019Authentique 250 g : pralin\u00e9 noisettes et gianduja fondant. Une recette simple et g\u00e9n\u00e9reuse, \u00e0 savourer sur vos tartines ou \u00e0 la cuill\u00e8re.\" \/>\n<meta property=\"og:url\" content=\"https:\/\/preprod.lessecretsduchocolat.com\/en\/product\/l-authentic-spread-250g\/\" \/>\n<meta property=\"og:site_name\" content=\"Secrets de Chocolat\" \/>\n<meta property=\"article:modified_time\" content=\"2025-08-27T09:25:58+00:00\" \/>\n<meta property=\"og:image\" content=\"https:\/\/preprod.lessecretsduchocolat.com\/wp-content\/uploads\/2025\/05\/1405.jpg\" \/>\n\t<meta property=\"og:image:width\" content=\"500\" \/>\n\t<meta property=\"og:image:height\" content=\"500\" \/>\n\t<meta property=\"og:image:type\" content=\"image\/jpeg\" \/>\n<meta name=\"twitter:card\" content=\"summary_large_image\" \/>\n<meta name=\"twitter:label1\" content=\"Estimated reading time\" \/>\n\t<meta name=\"twitter:data1\" content=\"2 minutes\" \/>\n<script type=\"application\/ld+json\" class=\"yoast-schema-graph\">{\"@context\":\"https:\/\/schema.org\",\"@graph\":[{\"@type\":\"WebPage\",\"@id\":\"https:\/\/preprod.lessecretsduchocolat.com\/produit\/pate-a-tartiner-l-authentique-250g\/\",\"url\":\"https:\/\/preprod.lessecretsduchocolat.com\/produit\/pate-a-tartiner-l-authentique-250g\/\",\"name\":\"Pate \u00e0 tartiner maison l'authentique 250G - Mus\u00e9e du chocolat\",\"isPartOf\":{\"@id\":\"https:\/\/preprod.lessecretsduchocolat.com\/#website\"},\"primaryImageOfPage\":{\"@id\":\"https:\/\/preprod.lessecretsduchocolat.com\/produit\/pate-a-tartiner-l-authentique-250g\/#primaryimage\"},\"image\":{\"@id\":\"https:\/\/preprod.lessecretsduchocolat.com\/produit\/pate-a-tartiner-l-authentique-250g\/#primaryimage\"},\"thumbnailUrl\":\"https:\/\/preprod.lessecretsduchocolat.com\/wp-content\/uploads\/2025\/05\/1405.jpg\",\"datePublished\":\"2020-02-25T16:05:42+00:00\",\"dateModified\":\"2025-08-27T09:25:58+00:00\",\"description\":\"P\u00e2te \u00e0 tartiner L\u2019Authentique 250 g : pralin\u00e9 noisettes et gianduja fondant. Une recette simple et g\u00e9n\u00e9reuse, \u00e0 savourer sur vos tartines ou \u00e0 la cuill\u00e8re.\",\"breadcrumb\":{\"@id\":\"https:\/\/preprod.lessecretsduchocolat.com\/produit\/pate-a-tartiner-l-authentique-250g\/#breadcrumb\"},\"inLanguage\":\"en-GB\",\"potentialAction\":[{\"@type\":\"ReadAction\",\"target\":[\"https:\/\/preprod.lessecretsduchocolat.com\/produit\/pate-a-tartiner-l-authentique-250g\/\"]}]},{\"@type\":\"ImageObject\",\"inLanguage\":\"en-GB\",\"@id\":\"https:\/\/preprod.lessecretsduchocolat.com\/produit\/pate-a-tartiner-l-authentique-250g\/#primaryimage\",\"url\":\"https:\/\/preprod.lessecretsduchocolat.com\/wp-content\/uploads\/2025\/05\/1405.jpg\",\"contentUrl\":\"https:\/\/preprod.lessecretsduchocolat.com\/wp-content\/uploads\/2025\/05\/1405.jpg\",\"width\":500,\"height\":500},{\"@type\":\"BreadcrumbList\",\"@id\":\"https:\/\/preprod.lessecretsduchocolat.com\/produit\/pate-a-tartiner-l-authentique-250g\/#breadcrumb\",\"itemListElement\":[{\"@type\":\"ListItem\",\"position\":1,\"name\":\"Accueil\",\"item\":\"https:\/\/preprod.lessecretsduchocolat.com\/\"},{\"@type\":\"ListItem\",\"position\":2,\"name\":\"Magasin\",\"item\":\"https:\/\/preprod.lessecretsduchocolat.com\/magasin\/\"},{\"@type\":\"ListItem\",\"position\":3,\"name\":\"PATE A TARTINER L&rsquo;AUTHENTIQUE 250G\"}]},{\"@type\":\"WebSite\",\"@id\":\"https:\/\/preprod.lessecretsduchocolat.com\/#website\",\"url\":\"https:\/\/preprod.lessecretsduchocolat.com\/\",\"name\":\"Secrets de Chocolat\",\"description\":\"\",\"publisher\":{\"@id\":\"https:\/\/preprod.lessecretsduchocolat.com\/#organization\"},\"potentialAction\":[{\"@type\":\"SearchAction\",\"target\":{\"@type\":\"EntryPoint\",\"urlTemplate\":\"https:\/\/preprod.lessecretsduchocolat.com\/?s={search_term_string}\"},\"query-input\":{\"@type\":\"PropertyValueSpecification\",\"valueRequired\":true,\"valueName\":\"search_term_string\"}}],\"inLanguage\":\"en-GB\"},{\"@type\":\"Organization\",\"@id\":\"https:\/\/preprod.lessecretsduchocolat.com\/#organization\",\"name\":\"Secrets de Chocolat\",\"url\":\"https:\/\/preprod.lessecretsduchocolat.com\/\",\"logo\":{\"@type\":\"ImageObject\",\"inLanguage\":\"en-GB\",\"@id\":\"https:\/\/preprod.lessecretsduchocolat.com\/#\/schema\/logo\/image\/\",\"url\":\"https:\/\/preprod.lessecretsduchocolat.com\/wp-content\/uploads\/2025\/05\/logo.png\",\"contentUrl\":\"https:\/\/preprod.lessecretsduchocolat.com\/wp-content\/uploads\/2025\/05\/logo.png\",\"width\":198,\"height\":85,\"caption\":\"Secrets de Chocolat\"},\"image\":{\"@id\":\"https:\/\/preprod.lessecretsduchocolat.com\/#\/schema\/logo\/image\/\"}}]}<\/script>\n<!-- \/ Yoast SEO plugin. -->","yoast_head_json":{"title":"Authentic homemade chocolate spread 250G - Mus\u00e9e du chocolat","description":"L'Authentique spread 250 g: hazelnut praline and melting gianduja. A simple, generous recipe to enjoy on toast or with a spoon.","robots":{"index":"noindex","follow":"follow","max-snippet":"max-snippet:-1","max-image-preview":"max-image-preview:large","max-video-preview":"max-video-preview:-1"},"og_locale":"en_GB","og_type":"article","og_title":"Pate \u00e0 tartiner maison l'authentique 250G - Mus\u00e9e du chocolat","og_description":"P\u00e2te \u00e0 tartiner L\u2019Authentique 250 g : pralin\u00e9 noisettes et gianduja fondant. Une recette simple et g\u00e9n\u00e9reuse, \u00e0 savourer sur vos tartines ou \u00e0 la cuill\u00e8re.","og_url":"https:\/\/preprod.lessecretsduchocolat.com\/en\/product\/l-authentic-spread-250g\/","og_site_name":"Secrets de Chocolat","article_modified_time":"2025-08-27T09:25:58+00:00","og_image":[{"width":500,"height":500,"url":"https:\/\/preprod.lessecretsduchocolat.com\/wp-content\/uploads\/2025\/05\/1405.jpg","type":"image\/jpeg"}],"twitter_card":"summary_large_image","twitter_misc":{"Estimated reading time":"2 minutes"},"schema":{"@context":"https:\/\/schema.org","@graph":[{"@type":"WebPage","@id":"https:\/\/preprod.lessecretsduchocolat.com\/produit\/pate-a-tartiner-l-authentique-250g\/","url":"https:\/\/preprod.lessecretsduchocolat.com\/produit\/pate-a-tartiner-l-authentique-250g\/","name":"Authentic homemade chocolate spread 250G - Mus\u00e9e du chocolat","isPartOf":{"@id":"https:\/\/preprod.lessecretsduchocolat.com\/#website"},"primaryImageOfPage":{"@id":"https:\/\/preprod.lessecretsduchocolat.com\/produit\/pate-a-tartiner-l-authentique-250g\/#primaryimage"},"image":{"@id":"https:\/\/preprod.lessecretsduchocolat.com\/produit\/pate-a-tartiner-l-authentique-250g\/#primaryimage"},"thumbnailUrl":"https:\/\/preprod.lessecretsduchocolat.com\/wp-content\/uploads\/2025\/05\/1405.jpg","datePublished":"2020-02-25T16:05:42+00:00","dateModified":"2025-08-27T09:25:58+00:00","description":"L'Authentique spread 250 g: hazelnut praline and melting gianduja. A simple, generous recipe to enjoy on toast or with a spoon.","breadcrumb":{"@id":"https:\/\/preprod.lessecretsduchocolat.com\/produit\/pate-a-tartiner-l-authentique-250g\/#breadcrumb"},"inLanguage":"en-GB","potentialAction":[{"@type":"ReadAction","target":["https:\/\/preprod.lessecretsduchocolat.com\/produit\/pate-a-tartiner-l-authentique-250g\/"]}]},{"@type":"ImageObject","inLanguage":"en-GB","@id":"https:\/\/preprod.lessecretsduchocolat.com\/produit\/pate-a-tartiner-l-authentique-250g\/#primaryimage","url":"https:\/\/preprod.lessecretsduchocolat.com\/wp-content\/uploads\/2025\/05\/1405.jpg","contentUrl":"https:\/\/preprod.lessecretsduchocolat.com\/wp-content\/uploads\/2025\/05\/1405.jpg","width":500,"height":500},{"@type":"BreadcrumbList","@id":"https:\/\/preprod.lessecretsduchocolat.com\/produit\/pate-a-tartiner-l-authentique-250g\/#breadcrumb","itemListElement":[{"@type":"ListItem","position":1,"name":"Accueil","item":"https:\/\/preprod.lessecretsduchocolat.com\/"},{"@type":"ListItem","position":2,"name":"Magasin","item":"https:\/\/preprod.lessecretsduchocolat.com\/magasin\/"},{"@type":"ListItem","position":3,"name":"PATE A TARTINER L&rsquo;AUTHENTIQUE 250G"}]},{"@type":"WebSite","@id":"https:\/\/preprod.lessecretsduchocolat.com\/#website","url":"https:\/\/preprod.lessecretsduchocolat.com\/","name":"Secrets de Chocolat","description":"","publisher":{"@id":"https:\/\/preprod.lessecretsduchocolat.com\/#organization"},"potentialAction":[{"@type":"SearchAction","target":{"@type":"EntryPoint","urlTemplate":"https:\/\/preprod.lessecretsduchocolat.com\/?s={search_term_string}"},"query-input":{"@type":"PropertyValueSpecification","valueRequired":true,"valueName":"search_term_string"}}],"inLanguage":"en-GB"},{"@type":"Organization","@id":"https:\/\/preprod.lessecretsduchocolat.com\/#organization","name":"Secrets de Chocolat","url":"https:\/\/preprod.lessecretsduchocolat.com\/","logo":{"@type":"ImageObject","inLanguage":"en-GB","@id":"https:\/\/preprod.lessecretsduchocolat.com\/#\/schema\/logo\/image\/","url":"https:\/\/preprod.lessecretsduchocolat.com\/wp-content\/uploads\/2025\/05\/logo.png","contentUrl":"https:\/\/preprod.lessecretsduchocolat.com\/wp-content\/uploads\/2025\/05\/logo.png","width":198,"height":85,"caption":"Secrets de Chocolat"},"image":{"@id":"https:\/\/preprod.lessecretsduchocolat.com\/#\/schema\/logo\/image\/"}}]}},"_links":{"self":[{"href":"https:\/\/preprod.lessecretsduchocolat.com\/en\/wp-json\/wp\/v2\/product\/1028","targetHints":{"allow":["GET"]}}],"collection":[{"href":"https:\/\/preprod.lessecretsduchocolat.com\/en\/wp-json\/wp\/v2\/product"}],"about":[{"href":"https:\/\/preprod.lessecretsduchocolat.com\/en\/wp-json\/wp\/v2\/types\/product"}],"version-history":[{"count":2,"href":"https:\/\/preprod.lessecretsduchocolat.com\/en\/wp-json\/wp\/v2\/product\/1028\/revisions"}],"predecessor-version":[{"id":4075,"href":"https:\/\/preprod.lessecretsduchocolat.com\/en\/wp-json\/wp\/v2\/product\/1028\/revisions\/4075"}],"wp:featuredmedia":[{"embeddable":true,"href":"https:\/\/preprod.lessecretsduchocolat.com\/en\/wp-json\/wp\/v2\/media\/701"}],"wp:attachment":[{"href":"https:\/\/preprod.lessecretsduchocolat.com\/en\/wp-json\/wp\/v2\/media?parent=1028"}],"wp:term":[{"taxonomy":"product_brand","embeddable":true,"href":"https:\/\/preprod.lessecretsduchocolat.com\/en\/wp-json\/wp\/v2\/product_brand?post=1028"},{"taxonomy":"product_cat","embeddable":true,"href":"https:\/\/preprod.lessecretsduchocolat.com\/en\/wp-json\/wp\/v2\/product_cat?post=1028"},{"taxonomy":"product_tag","embeddable":true,"href":"https:\/\/preprod.lessecretsduchocolat.com\/en\/wp-json\/wp\/v2\/product_tag?post=1028"}],"curies":[{"name":"wp","href":"https:\/\/api.w.org\/{rel}","templated":true}]}}