{"id":1029,"date":"2020-02-25T16:05:42","date_gmt":"2020-02-25T16:05:42","guid":{"rendered":"https:\/\/preprod.lessecretsduchocolat.com\/?product=pate-a-tartiner-la-gourmande-250g"},"modified":"2025-08-27T11:23:33","modified_gmt":"2025-08-27T09:23:33","slug":"gourmet-spread-250g","status":"publish","type":"product","link":"https:\/\/preprod.lessecretsduchocolat.com\/en\/product\/gourmet-spread-250g\/","title":{"rendered":"GOURMET SPREAD 250G"},"content":{"rendered":"<p data-start=\"292\" data-end=\"457\">La <strong data-start=\"295\" data-end=\"333\">p\u00e2te \u00e0 tartiner La Gourmande 250 g<\/strong> porte bien son nom : une recette g\u00e9n\u00e9reuse qui marie intensit\u00e9 pralin\u00e9e, douceur chocolat\u00e9e et croustillant irr\u00e9sistible.<\/p>\n<p data-start=\"459\" data-end=\"620\">Elle associe un <strong data-start=\"475\" data-end=\"509\">pralin\u00e9 noisettes<\/strong>, riche et parfum\u00e9, \u00e0 du gianduja fondant, pour une texture velout\u00e9e et une saveur profonde et r\u00e9confortante.<\/p>\n<p data-start=\"622\" data-end=\"792\">Des <strong data-start=\"626\" data-end=\"651\">billes de riz souffl\u00e9<\/strong> viennent compl\u00e9ter la recette et apportent une note croustillante unique, qui fait de chaque cuill\u00e8re une exp\u00e9rience ludique et gourmande.<\/p>\n<p data-start=\"794\" data-end=\"949\">En bouche, l\u2019\u00e9quilibre est remarquable : douceur lact\u00e9e, intensit\u00e9 pralin\u00e9e et croquant d\u00e9licat s\u2019entrelacent pour offrir un plaisir textur\u00e9 et addictif.<\/p>\n<p data-start=\"951\" data-end=\"1107\">Facile \u00e0 tartiner, cette p\u00e2te accompagne parfaitement le pain, les cr\u00eapes ou les gaufres, mais peut aussi s\u2019int\u00e9grer dans des recettes p\u00e2tissi\u00e8res maison.<\/p>\n<p data-start=\"1109\" data-end=\"1254\">Avec son format pratique de <strong data-start=\"1137\" data-end=\"1146\">250 g<\/strong>, elle est id\u00e9ale pour d\u00e9couvrir un go\u00fbt plus audacieux et surprenant que les p\u00e2tes \u00e0 tartiner classiques.<\/p>\n<p data-start=\"1256\" data-end=\"1418\">Cette <strong data-start=\"1262\" data-end=\"1295\">p\u00e2te \u00e0 tartiner croustillante<\/strong> s\u00e9duira aussi bien les amateurs de pralin\u00e9 que ceux qui recherchent une touche d\u2019originalit\u00e9 dans leurs instants sucr\u00e9s.<\/p>\n<p data-start=\"1420\" data-end=\"1525\">Elle se savoure aussi bien seule, \u00e0 la cuill\u00e8re, que partag\u00e9e lors d\u2019un go\u00fbter ou d\u2019un brunch gourmand.<\/p>\n<p data-start=\"1527\" data-end=\"1681\">La <strong data-start=\"1530\" data-end=\"1568\">p\u00e2te \u00e0 tartiner La Gourmande 250 g<\/strong> est un petit pot qui cache une grande intensit\u00e9. Elle r\u00e9invente la pause sucr\u00e9e avec cr\u00e9ativit\u00e9 et g\u00e9n\u00e9rosit\u00e9.<\/p>\n<p data-start=\"1683\" data-end=\"1794\">Un produit pens\u00e9 pour les vrais amoureux de chocolat, qui aiment d\u00e9couvrir des textures et saveurs nouvelles.<\/p>","protected":false},"excerpt":{"rendered":"<p><strong>La gourmandise de notre p\u00e2te \u00e0 tartiner associ\u00e9e au croquant du riz souffl\u00e9 s\u00e9duit les papilles sucr\u00e9es, pour des petits d\u00e9jeuners hauts en saveur ! P\u00e2te \u00e0 tartiner artisanale au pralin\u00e9 noisettes du Sud-Ouest, \u00e0 la p\u00e2te de noisettes du Pi\u00e9mont, chocolat noir et chocolat au lait et billes de riz souffl\u00e9. Produit sans huile de palme, confectionn\u00e9 par nos chocolatiers pr\u00e8s de Strasbourg en Alsace.<\/strong><\/p>","protected":false},"featured_media":704,"template":"","meta":{"_acf_changed":false,"site-sidebar-layout":"default","site-content-layout":"","ast-site-content-layout":"default","site-content-style":"default","site-sidebar-style":"default","ast-global-header-display":"","ast-banner-title-visibility":"","ast-main-header-display":"","ast-hfb-above-header-display":"","ast-hfb-below-header-display":"","ast-hfb-mobile-header-display":"","site-post-title":"","ast-breadcrumbs-content":"","ast-featured-img":"","footer-sml-layout":"","theme-transparent-header-meta":"default","adv-header-id-meta":"","stick-header-meta":"","header-above-stick-meta":"","header-main-stick-meta":"","header-below-stick-meta":"","astra-migrate-meta-layouts":"set","ast-page-background-enabled":"default","ast-page-background-meta":{"desktop":{"background-color":"var(--ast-global-color-4)","background-image":"","background-repeat":"repeat","background-position":"center center","background-size":"auto","background-attachment":"scroll","background-type":"","background-media":"","overlay-type":"","overlay-color":"","overlay-opacity":"","overlay-gradient":""},"tablet":{"background-color":"","background-image":"","background-repeat":"repeat","background-position":"center center","background-size":"auto","background-attachment":"scroll","background-type":"","background-media":"","overlay-type":"","overlay-color":"","overlay-opacity":"","overlay-gradient":""},"mobile":{"background-color":"","background-image":"","background-repeat":"repeat","background-position":"center center","background-size":"auto","background-attachment":"scroll","background-type":"","background-media":"","overlay-type":"","overlay-color":"","overlay-opacity":"","overlay-gradient":""}},"ast-content-background-meta":{"desktop":{"background-color":"var(--ast-global-color-5)","background-image":"","background-repeat":"repeat","background-position":"center center","background-size":"auto","background-attachment":"scroll","background-type":"","background-media":"","overlay-type":"","overlay-color":"","overlay-opacity":"","overlay-gradient":""},"tablet":{"background-color":"var(--ast-global-color-5)","background-image":"","background-repeat":"repeat","background-position":"center center","background-size":"auto","background-attachment":"scroll","background-type":"","background-media":"","overlay-type":"","overlay-color":"","overlay-opacity":"","overlay-gradient":""},"mobile":{"background-color":"var(--ast-global-color-5)","background-image":"","background-repeat":"repeat","background-position":"center center","background-size":"auto","background-attachment":"scroll","background-type":"","background-media":"","overlay-type":"","overlay-color":"","overlay-opacity":"","overlay-gradient":""}},"iawp_total_views":0},"product_brand":[],"product_cat":[105],"product_tag":[],"class_list":{"0":"post-1029","1":"product","2":"type-product","3":"status-publish","4":"has-post-thumbnail","6":"product_cat-pate-a-tartiner","7":"desktop-align-left","8":"tablet-align-left","9":"mobile-align-left","11":"first","12":"outofstock","13":"taxable","14":"shipping-taxable","15":"purchasable","16":"product-type-simple"},"acf":[],"yoast_head":"<!-- This site is optimized with the Yoast SEO plugin v25.9 - https:\/\/yoast.com\/wordpress\/plugins\/seo\/ -->\n<title>P\u00e2te \u00e0 tartiner maison la gourmande 250G - Mus\u00e9e du chocolat<\/title>\n<meta name=\"description\" content=\"P\u00e2te \u00e0 tartiner La Gourmande 250 g : pralin\u00e9 noisettes, gianduja et billes de riz souffl\u00e9. Une recette onctueuse et croustillante, parfaite \u00e0 partager.\" \/>\n<meta name=\"robots\" content=\"noindex, follow, max-snippet:-1, max-image-preview:large, max-video-preview:-1\" \/>\n<meta property=\"og:locale\" content=\"en_GB\" \/>\n<meta property=\"og:type\" content=\"article\" \/>\n<meta property=\"og:title\" content=\"P\u00e2te \u00e0 tartiner maison la gourmande 250G - Mus\u00e9e du chocolat\" \/>\n<meta property=\"og:description\" content=\"P\u00e2te \u00e0 tartiner La Gourmande 250 g : pralin\u00e9 noisettes, gianduja et billes de riz souffl\u00e9. Une recette onctueuse et croustillante, parfaite \u00e0 partager.\" \/>\n<meta property=\"og:url\" content=\"https:\/\/preprod.lessecretsduchocolat.com\/en\/product\/gourmet-spread-250g\/\" \/>\n<meta property=\"og:site_name\" content=\"Secrets de Chocolat\" \/>\n<meta property=\"article:modified_time\" content=\"2025-08-27T09:23:33+00:00\" \/>\n<meta property=\"og:image\" content=\"https:\/\/preprod.lessecretsduchocolat.com\/wp-content\/uploads\/2025\/05\/1404.jpg\" \/>\n\t<meta property=\"og:image:width\" content=\"500\" \/>\n\t<meta property=\"og:image:height\" content=\"500\" \/>\n\t<meta property=\"og:image:type\" content=\"image\/jpeg\" \/>\n<meta name=\"twitter:card\" content=\"summary_large_image\" \/>\n<meta name=\"twitter:label1\" content=\"Estimated reading time\" \/>\n\t<meta name=\"twitter:data1\" content=\"2 minutes\" \/>\n<script type=\"application\/ld+json\" class=\"yoast-schema-graph\">{\"@context\":\"https:\/\/schema.org\",\"@graph\":[{\"@type\":\"WebPage\",\"@id\":\"https:\/\/preprod.lessecretsduchocolat.com\/produit\/pate-a-tartiner-la-gourmande-250g\/\",\"url\":\"https:\/\/preprod.lessecretsduchocolat.com\/produit\/pate-a-tartiner-la-gourmande-250g\/\",\"name\":\"P\u00e2te \u00e0 tartiner maison la gourmande 250G - Mus\u00e9e du chocolat\",\"isPartOf\":{\"@id\":\"https:\/\/preprod.lessecretsduchocolat.com\/#website\"},\"primaryImageOfPage\":{\"@id\":\"https:\/\/preprod.lessecretsduchocolat.com\/produit\/pate-a-tartiner-la-gourmande-250g\/#primaryimage\"},\"image\":{\"@id\":\"https:\/\/preprod.lessecretsduchocolat.com\/produit\/pate-a-tartiner-la-gourmande-250g\/#primaryimage\"},\"thumbnailUrl\":\"https:\/\/preprod.lessecretsduchocolat.com\/wp-content\/uploads\/2025\/05\/1404.jpg\",\"datePublished\":\"2020-02-25T16:05:42+00:00\",\"dateModified\":\"2025-08-27T09:23:33+00:00\",\"description\":\"P\u00e2te \u00e0 tartiner La Gourmande 250 g : pralin\u00e9 noisettes, gianduja et billes de riz souffl\u00e9. Une recette onctueuse et croustillante, parfaite \u00e0 partager.\",\"breadcrumb\":{\"@id\":\"https:\/\/preprod.lessecretsduchocolat.com\/produit\/pate-a-tartiner-la-gourmande-250g\/#breadcrumb\"},\"inLanguage\":\"en-GB\",\"potentialAction\":[{\"@type\":\"ReadAction\",\"target\":[\"https:\/\/preprod.lessecretsduchocolat.com\/produit\/pate-a-tartiner-la-gourmande-250g\/\"]}]},{\"@type\":\"ImageObject\",\"inLanguage\":\"en-GB\",\"@id\":\"https:\/\/preprod.lessecretsduchocolat.com\/produit\/pate-a-tartiner-la-gourmande-250g\/#primaryimage\",\"url\":\"https:\/\/preprod.lessecretsduchocolat.com\/wp-content\/uploads\/2025\/05\/1404.jpg\",\"contentUrl\":\"https:\/\/preprod.lessecretsduchocolat.com\/wp-content\/uploads\/2025\/05\/1404.jpg\",\"width\":500,\"height\":500},{\"@type\":\"BreadcrumbList\",\"@id\":\"https:\/\/preprod.lessecretsduchocolat.com\/produit\/pate-a-tartiner-la-gourmande-250g\/#breadcrumb\",\"itemListElement\":[{\"@type\":\"ListItem\",\"position\":1,\"name\":\"Accueil\",\"item\":\"https:\/\/preprod.lessecretsduchocolat.com\/\"},{\"@type\":\"ListItem\",\"position\":2,\"name\":\"Magasin\",\"item\":\"https:\/\/preprod.lessecretsduchocolat.com\/magasin\/\"},{\"@type\":\"ListItem\",\"position\":3,\"name\":\"PATE A TARTINER LA GOURMANDE 250G\"}]},{\"@type\":\"WebSite\",\"@id\":\"https:\/\/preprod.lessecretsduchocolat.com\/#website\",\"url\":\"https:\/\/preprod.lessecretsduchocolat.com\/\",\"name\":\"Secrets de Chocolat\",\"description\":\"\",\"publisher\":{\"@id\":\"https:\/\/preprod.lessecretsduchocolat.com\/#organization\"},\"potentialAction\":[{\"@type\":\"SearchAction\",\"target\":{\"@type\":\"EntryPoint\",\"urlTemplate\":\"https:\/\/preprod.lessecretsduchocolat.com\/?s={search_term_string}\"},\"query-input\":{\"@type\":\"PropertyValueSpecification\",\"valueRequired\":true,\"valueName\":\"search_term_string\"}}],\"inLanguage\":\"en-GB\"},{\"@type\":\"Organization\",\"@id\":\"https:\/\/preprod.lessecretsduchocolat.com\/#organization\",\"name\":\"Secrets de Chocolat\",\"url\":\"https:\/\/preprod.lessecretsduchocolat.com\/\",\"logo\":{\"@type\":\"ImageObject\",\"inLanguage\":\"en-GB\",\"@id\":\"https:\/\/preprod.lessecretsduchocolat.com\/#\/schema\/logo\/image\/\",\"url\":\"https:\/\/preprod.lessecretsduchocolat.com\/wp-content\/uploads\/2025\/05\/logo.png\",\"contentUrl\":\"https:\/\/preprod.lessecretsduchocolat.com\/wp-content\/uploads\/2025\/05\/logo.png\",\"width\":198,\"height\":85,\"caption\":\"Secrets de Chocolat\"},\"image\":{\"@id\":\"https:\/\/preprod.lessecretsduchocolat.com\/#\/schema\/logo\/image\/\"}}]}<\/script>\n<!-- \/ Yoast SEO plugin. -->","yoast_head_json":{"title":"La gourmande homemade chocolate spread 250G - Mus\u00e9e du chocolat","description":"La Gourmande spread 250 g: hazelnut praline, gianduja and puffed rice balls. A creamy, crunchy recipe that's perfect for sharing.","robots":{"index":"noindex","follow":"follow","max-snippet":"max-snippet:-1","max-image-preview":"max-image-preview:large","max-video-preview":"max-video-preview:-1"},"og_locale":"en_GB","og_type":"article","og_title":"P\u00e2te \u00e0 tartiner maison la gourmande 250G - Mus\u00e9e du chocolat","og_description":"P\u00e2te \u00e0 tartiner La Gourmande 250 g : pralin\u00e9 noisettes, gianduja et billes de riz souffl\u00e9. Une recette onctueuse et croustillante, parfaite \u00e0 partager.","og_url":"https:\/\/preprod.lessecretsduchocolat.com\/en\/product\/gourmet-spread-250g\/","og_site_name":"Secrets de Chocolat","article_modified_time":"2025-08-27T09:23:33+00:00","og_image":[{"width":500,"height":500,"url":"https:\/\/preprod.lessecretsduchocolat.com\/wp-content\/uploads\/2025\/05\/1404.jpg","type":"image\/jpeg"}],"twitter_card":"summary_large_image","twitter_misc":{"Estimated reading time":"2 minutes"},"schema":{"@context":"https:\/\/schema.org","@graph":[{"@type":"WebPage","@id":"https:\/\/preprod.lessecretsduchocolat.com\/produit\/pate-a-tartiner-la-gourmande-250g\/","url":"https:\/\/preprod.lessecretsduchocolat.com\/produit\/pate-a-tartiner-la-gourmande-250g\/","name":"La gourmande homemade chocolate spread 250G - Mus\u00e9e du chocolat","isPartOf":{"@id":"https:\/\/preprod.lessecretsduchocolat.com\/#website"},"primaryImageOfPage":{"@id":"https:\/\/preprod.lessecretsduchocolat.com\/produit\/pate-a-tartiner-la-gourmande-250g\/#primaryimage"},"image":{"@id":"https:\/\/preprod.lessecretsduchocolat.com\/produit\/pate-a-tartiner-la-gourmande-250g\/#primaryimage"},"thumbnailUrl":"https:\/\/preprod.lessecretsduchocolat.com\/wp-content\/uploads\/2025\/05\/1404.jpg","datePublished":"2020-02-25T16:05:42+00:00","dateModified":"2025-08-27T09:23:33+00:00","description":"La Gourmande spread 250 g: hazelnut praline, gianduja and puffed rice balls. A creamy, crunchy recipe that's perfect for sharing.","breadcrumb":{"@id":"https:\/\/preprod.lessecretsduchocolat.com\/produit\/pate-a-tartiner-la-gourmande-250g\/#breadcrumb"},"inLanguage":"en-GB","potentialAction":[{"@type":"ReadAction","target":["https:\/\/preprod.lessecretsduchocolat.com\/produit\/pate-a-tartiner-la-gourmande-250g\/"]}]},{"@type":"ImageObject","inLanguage":"en-GB","@id":"https:\/\/preprod.lessecretsduchocolat.com\/produit\/pate-a-tartiner-la-gourmande-250g\/#primaryimage","url":"https:\/\/preprod.lessecretsduchocolat.com\/wp-content\/uploads\/2025\/05\/1404.jpg","contentUrl":"https:\/\/preprod.lessecretsduchocolat.com\/wp-content\/uploads\/2025\/05\/1404.jpg","width":500,"height":500},{"@type":"BreadcrumbList","@id":"https:\/\/preprod.lessecretsduchocolat.com\/produit\/pate-a-tartiner-la-gourmande-250g\/#breadcrumb","itemListElement":[{"@type":"ListItem","position":1,"name":"Accueil","item":"https:\/\/preprod.lessecretsduchocolat.com\/"},{"@type":"ListItem","position":2,"name":"Magasin","item":"https:\/\/preprod.lessecretsduchocolat.com\/magasin\/"},{"@type":"ListItem","position":3,"name":"PATE A TARTINER LA GOURMANDE 250G"}]},{"@type":"WebSite","@id":"https:\/\/preprod.lessecretsduchocolat.com\/#website","url":"https:\/\/preprod.lessecretsduchocolat.com\/","name":"Secrets de Chocolat","description":"","publisher":{"@id":"https:\/\/preprod.lessecretsduchocolat.com\/#organization"},"potentialAction":[{"@type":"SearchAction","target":{"@type":"EntryPoint","urlTemplate":"https:\/\/preprod.lessecretsduchocolat.com\/?s={search_term_string}"},"query-input":{"@type":"PropertyValueSpecification","valueRequired":true,"valueName":"search_term_string"}}],"inLanguage":"en-GB"},{"@type":"Organization","@id":"https:\/\/preprod.lessecretsduchocolat.com\/#organization","name":"Secrets de Chocolat","url":"https:\/\/preprod.lessecretsduchocolat.com\/","logo":{"@type":"ImageObject","inLanguage":"en-GB","@id":"https:\/\/preprod.lessecretsduchocolat.com\/#\/schema\/logo\/image\/","url":"https:\/\/preprod.lessecretsduchocolat.com\/wp-content\/uploads\/2025\/05\/logo.png","contentUrl":"https:\/\/preprod.lessecretsduchocolat.com\/wp-content\/uploads\/2025\/05\/logo.png","width":198,"height":85,"caption":"Secrets de Chocolat"},"image":{"@id":"https:\/\/preprod.lessecretsduchocolat.com\/#\/schema\/logo\/image\/"}}]}},"_links":{"self":[{"href":"https:\/\/preprod.lessecretsduchocolat.com\/en\/wp-json\/wp\/v2\/product\/1029","targetHints":{"allow":["GET"]}}],"collection":[{"href":"https:\/\/preprod.lessecretsduchocolat.com\/en\/wp-json\/wp\/v2\/product"}],"about":[{"href":"https:\/\/preprod.lessecretsduchocolat.com\/en\/wp-json\/wp\/v2\/types\/product"}],"version-history":[{"count":2,"href":"https:\/\/preprod.lessecretsduchocolat.com\/en\/wp-json\/wp\/v2\/product\/1029\/revisions"}],"predecessor-version":[{"id":4073,"href":"https:\/\/preprod.lessecretsduchocolat.com\/en\/wp-json\/wp\/v2\/product\/1029\/revisions\/4073"}],"wp:featuredmedia":[{"embeddable":true,"href":"https:\/\/preprod.lessecretsduchocolat.com\/en\/wp-json\/wp\/v2\/media\/704"}],"wp:attachment":[{"href":"https:\/\/preprod.lessecretsduchocolat.com\/en\/wp-json\/wp\/v2\/media?parent=1029"}],"wp:term":[{"taxonomy":"product_brand","embeddable":true,"href":"https:\/\/preprod.lessecretsduchocolat.com\/en\/wp-json\/wp\/v2\/product_brand?post=1029"},{"taxonomy":"product_cat","embeddable":true,"href":"https:\/\/preprod.lessecretsduchocolat.com\/en\/wp-json\/wp\/v2\/product_cat?post=1029"},{"taxonomy":"product_tag","embeddable":true,"href":"https:\/\/preprod.lessecretsduchocolat.com\/en\/wp-json\/wp\/v2\/product_tag?post=1029"}],"curies":[{"name":"wp","href":"https:\/\/api.w.org\/{rel}","templated":true}]}}