{"id":1042,"date":"2020-02-25T16:05:42","date_gmt":"2020-02-25T16:05:42","guid":{"rendered":"https:\/\/preprod.lessecretsduchocolat.com\/?product=moulage-rouge-a-levres"},"modified":"2025-08-27T13:04:21","modified_gmt":"2025-08-27T11:04:21","slug":"lipstick-moulding","status":"publish","type":"product","link":"https:\/\/preprod.lessecretsduchocolat.com\/en\/product\/lipstick-moulding\/","title":{"rendered":"LIPSTICK MOULDING"},"content":{"rendered":"<p data-start=\"252\" data-end=\"411\">Le <strong data-start=\"255\" data-end=\"294\">moulage rouges \u00e0 l\u00e8vres en chocolat<\/strong> est une cr\u00e9ation originale qui allie gourmandise et fantaisie. Un coffret d\u00e9cal\u00e9 qui surprend autant qu\u2019il s\u00e9duit.<\/p>\n<p data-start=\"413\" data-end=\"616\">R\u00e9alis\u00e9s en <strong data-start=\"425\" data-end=\"483\">chocolat au lait et chocolat blanc pur beurre de cacao<\/strong>, ces rouges \u00e0 l\u00e8vres color\u00e9s sont \u00e0 croquer\u2026 litt\u00e9ralement ! Leur finition soign\u00e9e imite \u00e0 merveille l\u2019iconique accessoire beaut\u00e9.<\/p>\n<p data-start=\"618\" data-end=\"759\">Chaque pi\u00e8ce s\u00e9duit par ses d\u00e9tails r\u00e9alistes, mais r\u00e9v\u00e8le surtout un chocolat fondant et g\u00e9n\u00e9reux, pens\u00e9 pour plaire \u00e0 tous les gourmands.<\/p>\n<p data-start=\"761\" data-end=\"915\">Id\u00e9al comme <strong data-start=\"773\" data-end=\"792\">cadeau original<\/strong>, ce coffret fait sourire et \u00e9tonne. Parfait pour un anniversaire, une f\u00eate ou une attention d\u00e9cal\u00e9e \u00e0 offrir entre amis.<\/p>\n<p data-start=\"917\" data-end=\"1055\">En bouche, la douceur du chocolat au lait s\u2019associe aux notes d\u00e9licates du chocolat blanc pour une exp\u00e9rience fondante et r\u00e9confortante.<\/p>\n<p data-start=\"1057\" data-end=\"1221\">Ces <strong data-start=\"1061\" data-end=\"1092\">rouges \u00e0 l\u00e8vres en chocolat<\/strong> s\u2019offrent aussi bien aux passionn\u00e9s de beaut\u00e9 qu\u2019aux amateurs de surprises gourmandes. Une id\u00e9e d\u00e9cal\u00e9e et toujours appr\u00e9ci\u00e9e.<\/p>\n<p data-start=\"1223\" data-end=\"1346\">Pr\u00e9sent\u00e9 dans un coffret, cet assortiment attire d\u2019abord l\u2019\u0153il par son r\u00e9alisme avant de ravir les papilles par son go\u00fbt.<\/p>\n<p data-start=\"1348\" data-end=\"1491\">Avec son univers fun et f\u00e9minin, ce moulage est aussi une excellente id\u00e9e pour accompagner un coffret cadeau ou marquer un \u00e9v\u00e9nement sp\u00e9cial.<\/p>\n<p data-start=\"1493\" data-end=\"1611\">Le <strong data-start=\"1496\" data-end=\"1535\">moulage rouges \u00e0 l\u00e8vres en chocolat<\/strong> prouve que le chocolat peut \u00eatre \u00e0 la fois savoureux, dr\u00f4le et inattendu.<\/p>\n<p data-start=\"1613\" data-end=\"1696\">Un petit plaisir qui transforme un accessoire beaut\u00e9 en gourmandise irr\u00e9sistible.<\/p>","protected":false},"excerpt":{"rendered":"<p>Un chocolat so girly \u00e0 offrir pour une mise en beaut\u00e9 chocolat\u00e9e. Le clin d&rsquo;\u0153il fera sourire plus d&rsquo;une amatrice de chocolat.<\/p>","protected":false},"featured_media":739,"template":"","meta":{"_acf_changed":false,"site-sidebar-layout":"default","site-content-layout":"","ast-site-content-layout":"default","site-content-style":"default","site-sidebar-style":"default","ast-global-header-display":"","ast-banner-title-visibility":"","ast-main-header-display":"","ast-hfb-above-header-display":"","ast-hfb-below-header-display":"","ast-hfb-mobile-header-display":"","site-post-title":"","ast-breadcrumbs-content":"","ast-featured-img":"","footer-sml-layout":"","theme-transparent-header-meta":"default","adv-header-id-meta":"","stick-header-meta":"","header-above-stick-meta":"","header-main-stick-meta":"","header-below-stick-meta":"","astra-migrate-meta-layouts":"set","ast-page-background-enabled":"default","ast-page-background-meta":{"desktop":{"background-color":"var(--ast-global-color-4)","background-image":"","background-repeat":"repeat","background-position":"center center","background-size":"auto","background-attachment":"scroll","background-type":"","background-media":"","overlay-type":"","overlay-color":"","overlay-opacity":"","overlay-gradient":""},"tablet":{"background-color":"","background-image":"","background-repeat":"repeat","background-position":"center center","background-size":"auto","background-attachment":"scroll","background-type":"","background-media":"","overlay-type":"","overlay-color":"","overlay-opacity":"","overlay-gradient":""},"mobile":{"background-color":"","background-image":"","background-repeat":"repeat","background-position":"center center","background-size":"auto","background-attachment":"scroll","background-type":"","background-media":"","overlay-type":"","overlay-color":"","overlay-opacity":"","overlay-gradient":""}},"ast-content-background-meta":{"desktop":{"background-color":"var(--ast-global-color-5)","background-image":"","background-repeat":"repeat","background-position":"center center","background-size":"auto","background-attachment":"scroll","background-type":"","background-media":"","overlay-type":"","overlay-color":"","overlay-opacity":"","overlay-gradient":""},"tablet":{"background-color":"var(--ast-global-color-5)","background-image":"","background-repeat":"repeat","background-position":"center center","background-size":"auto","background-attachment":"scroll","background-type":"","background-media":"","overlay-type":"","overlay-color":"","overlay-opacity":"","overlay-gradient":""},"mobile":{"background-color":"var(--ast-global-color-5)","background-image":"","background-repeat":"repeat","background-position":"center center","background-size":"auto","background-attachment":"scroll","background-type":"","background-media":"","overlay-type":"","overlay-color":"","overlay-opacity":"","overlay-gradient":""}},"iawp_total_views":0},"product_brand":[],"product_cat":[139,118,185],"product_tag":[],"class_list":{"0":"post-1042","1":"product","2":"type-product","3":"status-publish","4":"has-post-thumbnail","6":"product_cat-coffrets-chocolat","7":"product_cat-les-moulages","8":"product_cat-idees-cadeaux","9":"desktop-align-left","10":"tablet-align-left","11":"mobile-align-left","13":"first","14":"outofstock","15":"taxable","16":"shipping-taxable","17":"purchasable","18":"product-type-simple"},"acf":[],"yoast_head":"<!-- This site is optimized with the Yoast SEO plugin v25.9 - https:\/\/yoast.com\/wordpress\/plugins\/seo\/ -->\n<title>MOULAGE ROUGE A LEVRES 55G<\/title>\n<meta name=\"description\" content=\"Rouge \u00e0 l\u00e8vres en chocolat : coffret fun et gourmand de 4 pi\u00e8ces en chocolat au lait et blanc d\u00e9cor\u00e9. Un cadeau original qui surprend et r\u00e9gale.\" \/>\n<meta name=\"robots\" content=\"noindex, follow, max-snippet:-1, max-image-preview:large, max-video-preview:-1\" \/>\n<meta property=\"og:locale\" content=\"en_GB\" \/>\n<meta property=\"og:type\" content=\"article\" \/>\n<meta property=\"og:title\" content=\"MOULAGE ROUGE A LEVRES 55G\" \/>\n<meta property=\"og:description\" content=\"Rouge \u00e0 l\u00e8vres en chocolat : coffret fun et gourmand de 4 pi\u00e8ces en chocolat au lait et blanc d\u00e9cor\u00e9. Un cadeau original qui surprend et r\u00e9gale.\" \/>\n<meta property=\"og:url\" content=\"https:\/\/preprod.lessecretsduchocolat.com\/en\/product\/lipstick-moulding\/\" \/>\n<meta property=\"og:site_name\" content=\"Secrets de Chocolat\" \/>\n<meta property=\"article:modified_time\" content=\"2025-08-27T11:04:21+00:00\" \/>\n<meta property=\"og:image\" content=\"https:\/\/preprod.lessecretsduchocolat.com\/wp-content\/uploads\/2025\/05\/476.jpg\" \/>\n\t<meta property=\"og:image:width\" content=\"500\" \/>\n\t<meta property=\"og:image:height\" content=\"500\" \/>\n\t<meta property=\"og:image:type\" content=\"image\/jpeg\" \/>\n<meta name=\"twitter:card\" content=\"summary_large_image\" \/>\n<meta name=\"twitter:label1\" content=\"Estimated reading time\" \/>\n\t<meta name=\"twitter:data1\" content=\"2 minutes\" \/>\n<script type=\"application\/ld+json\" class=\"yoast-schema-graph\">{\"@context\":\"https:\/\/schema.org\",\"@graph\":[{\"@type\":\"WebPage\",\"@id\":\"https:\/\/preprod.lessecretsduchocolat.com\/produit\/moulage-rouge-a-levres\/\",\"url\":\"https:\/\/preprod.lessecretsduchocolat.com\/produit\/moulage-rouge-a-levres\/\",\"name\":\"MOULAGE ROUGE A LEVRES 55G\",\"isPartOf\":{\"@id\":\"https:\/\/preprod.lessecretsduchocolat.com\/#website\"},\"primaryImageOfPage\":{\"@id\":\"https:\/\/preprod.lessecretsduchocolat.com\/produit\/moulage-rouge-a-levres\/#primaryimage\"},\"image\":{\"@id\":\"https:\/\/preprod.lessecretsduchocolat.com\/produit\/moulage-rouge-a-levres\/#primaryimage\"},\"thumbnailUrl\":\"https:\/\/preprod.lessecretsduchocolat.com\/wp-content\/uploads\/2025\/05\/476.jpg\",\"datePublished\":\"2020-02-25T16:05:42+00:00\",\"dateModified\":\"2025-08-27T11:04:21+00:00\",\"description\":\"Rouge \u00e0 l\u00e8vres en chocolat : coffret fun et gourmand de 4 pi\u00e8ces en chocolat au lait et blanc d\u00e9cor\u00e9. Un cadeau original qui surprend et r\u00e9gale.\",\"breadcrumb\":{\"@id\":\"https:\/\/preprod.lessecretsduchocolat.com\/produit\/moulage-rouge-a-levres\/#breadcrumb\"},\"inLanguage\":\"en-GB\",\"potentialAction\":[{\"@type\":\"ReadAction\",\"target\":[\"https:\/\/preprod.lessecretsduchocolat.com\/produit\/moulage-rouge-a-levres\/\"]}]},{\"@type\":\"ImageObject\",\"inLanguage\":\"en-GB\",\"@id\":\"https:\/\/preprod.lessecretsduchocolat.com\/produit\/moulage-rouge-a-levres\/#primaryimage\",\"url\":\"https:\/\/preprod.lessecretsduchocolat.com\/wp-content\/uploads\/2025\/05\/476.jpg\",\"contentUrl\":\"https:\/\/preprod.lessecretsduchocolat.com\/wp-content\/uploads\/2025\/05\/476.jpg\",\"width\":500,\"height\":500},{\"@type\":\"BreadcrumbList\",\"@id\":\"https:\/\/preprod.lessecretsduchocolat.com\/produit\/moulage-rouge-a-levres\/#breadcrumb\",\"itemListElement\":[{\"@type\":\"ListItem\",\"position\":1,\"name\":\"Accueil\",\"item\":\"https:\/\/preprod.lessecretsduchocolat.com\/\"},{\"@type\":\"ListItem\",\"position\":2,\"name\":\"Magasin\",\"item\":\"https:\/\/preprod.lessecretsduchocolat.com\/magasin\/\"},{\"@type\":\"ListItem\",\"position\":3,\"name\":\"MOULAGE ROUGE A LEVRES\"}]},{\"@type\":\"WebSite\",\"@id\":\"https:\/\/preprod.lessecretsduchocolat.com\/#website\",\"url\":\"https:\/\/preprod.lessecretsduchocolat.com\/\",\"name\":\"Secrets de Chocolat\",\"description\":\"\",\"publisher\":{\"@id\":\"https:\/\/preprod.lessecretsduchocolat.com\/#organization\"},\"potentialAction\":[{\"@type\":\"SearchAction\",\"target\":{\"@type\":\"EntryPoint\",\"urlTemplate\":\"https:\/\/preprod.lessecretsduchocolat.com\/?s={search_term_string}\"},\"query-input\":{\"@type\":\"PropertyValueSpecification\",\"valueRequired\":true,\"valueName\":\"search_term_string\"}}],\"inLanguage\":\"en-GB\"},{\"@type\":\"Organization\",\"@id\":\"https:\/\/preprod.lessecretsduchocolat.com\/#organization\",\"name\":\"Secrets de Chocolat\",\"url\":\"https:\/\/preprod.lessecretsduchocolat.com\/\",\"logo\":{\"@type\":\"ImageObject\",\"inLanguage\":\"en-GB\",\"@id\":\"https:\/\/preprod.lessecretsduchocolat.com\/#\/schema\/logo\/image\/\",\"url\":\"https:\/\/preprod.lessecretsduchocolat.com\/wp-content\/uploads\/2025\/05\/logo.png\",\"contentUrl\":\"https:\/\/preprod.lessecretsduchocolat.com\/wp-content\/uploads\/2025\/05\/logo.png\",\"width\":198,\"height\":85,\"caption\":\"Secrets de Chocolat\"},\"image\":{\"@id\":\"https:\/\/preprod.lessecretsduchocolat.com\/#\/schema\/logo\/image\/\"}}]}<\/script>\n<!-- \/ Yoast SEO plugin. -->","yoast_head_json":{"title":"MOULDING LIPSTICK 55G","description":"Chocolate lipstick: a fun, gourmet box of 4 decorated milk and white chocolate lipsticks. An original gift that surprises and delights.","robots":{"index":"noindex","follow":"follow","max-snippet":"max-snippet:-1","max-image-preview":"max-image-preview:large","max-video-preview":"max-video-preview:-1"},"og_locale":"en_GB","og_type":"article","og_title":"MOULAGE ROUGE A LEVRES 55G","og_description":"Rouge \u00e0 l\u00e8vres en chocolat : coffret fun et gourmand de 4 pi\u00e8ces en chocolat au lait et blanc d\u00e9cor\u00e9. Un cadeau original qui surprend et r\u00e9gale.","og_url":"https:\/\/preprod.lessecretsduchocolat.com\/en\/product\/lipstick-moulding\/","og_site_name":"Secrets de Chocolat","article_modified_time":"2025-08-27T11:04:21+00:00","og_image":[{"width":500,"height":500,"url":"https:\/\/preprod.lessecretsduchocolat.com\/wp-content\/uploads\/2025\/05\/476.jpg","type":"image\/jpeg"}],"twitter_card":"summary_large_image","twitter_misc":{"Estimated reading time":"2 minutes"},"schema":{"@context":"https:\/\/schema.org","@graph":[{"@type":"WebPage","@id":"https:\/\/preprod.lessecretsduchocolat.com\/produit\/moulage-rouge-a-levres\/","url":"https:\/\/preprod.lessecretsduchocolat.com\/produit\/moulage-rouge-a-levres\/","name":"MOULDING LIPSTICK 55G","isPartOf":{"@id":"https:\/\/preprod.lessecretsduchocolat.com\/#website"},"primaryImageOfPage":{"@id":"https:\/\/preprod.lessecretsduchocolat.com\/produit\/moulage-rouge-a-levres\/#primaryimage"},"image":{"@id":"https:\/\/preprod.lessecretsduchocolat.com\/produit\/moulage-rouge-a-levres\/#primaryimage"},"thumbnailUrl":"https:\/\/preprod.lessecretsduchocolat.com\/wp-content\/uploads\/2025\/05\/476.jpg","datePublished":"2020-02-25T16:05:42+00:00","dateModified":"2025-08-27T11:04:21+00:00","description":"Chocolate lipstick: a fun, gourmet box of 4 decorated milk and white chocolate lipsticks. An original gift that surprises and delights.","breadcrumb":{"@id":"https:\/\/preprod.lessecretsduchocolat.com\/produit\/moulage-rouge-a-levres\/#breadcrumb"},"inLanguage":"en-GB","potentialAction":[{"@type":"ReadAction","target":["https:\/\/preprod.lessecretsduchocolat.com\/produit\/moulage-rouge-a-levres\/"]}]},{"@type":"ImageObject","inLanguage":"en-GB","@id":"https:\/\/preprod.lessecretsduchocolat.com\/produit\/moulage-rouge-a-levres\/#primaryimage","url":"https:\/\/preprod.lessecretsduchocolat.com\/wp-content\/uploads\/2025\/05\/476.jpg","contentUrl":"https:\/\/preprod.lessecretsduchocolat.com\/wp-content\/uploads\/2025\/05\/476.jpg","width":500,"height":500},{"@type":"BreadcrumbList","@id":"https:\/\/preprod.lessecretsduchocolat.com\/produit\/moulage-rouge-a-levres\/#breadcrumb","itemListElement":[{"@type":"ListItem","position":1,"name":"Accueil","item":"https:\/\/preprod.lessecretsduchocolat.com\/"},{"@type":"ListItem","position":2,"name":"Magasin","item":"https:\/\/preprod.lessecretsduchocolat.com\/magasin\/"},{"@type":"ListItem","position":3,"name":"MOULAGE ROUGE A LEVRES"}]},{"@type":"WebSite","@id":"https:\/\/preprod.lessecretsduchocolat.com\/#website","url":"https:\/\/preprod.lessecretsduchocolat.com\/","name":"Secrets de Chocolat","description":"","publisher":{"@id":"https:\/\/preprod.lessecretsduchocolat.com\/#organization"},"potentialAction":[{"@type":"SearchAction","target":{"@type":"EntryPoint","urlTemplate":"https:\/\/preprod.lessecretsduchocolat.com\/?s={search_term_string}"},"query-input":{"@type":"PropertyValueSpecification","valueRequired":true,"valueName":"search_term_string"}}],"inLanguage":"en-GB"},{"@type":"Organization","@id":"https:\/\/preprod.lessecretsduchocolat.com\/#organization","name":"Secrets de Chocolat","url":"https:\/\/preprod.lessecretsduchocolat.com\/","logo":{"@type":"ImageObject","inLanguage":"en-GB","@id":"https:\/\/preprod.lessecretsduchocolat.com\/#\/schema\/logo\/image\/","url":"https:\/\/preprod.lessecretsduchocolat.com\/wp-content\/uploads\/2025\/05\/logo.png","contentUrl":"https:\/\/preprod.lessecretsduchocolat.com\/wp-content\/uploads\/2025\/05\/logo.png","width":198,"height":85,"caption":"Secrets de Chocolat"},"image":{"@id":"https:\/\/preprod.lessecretsduchocolat.com\/#\/schema\/logo\/image\/"}}]}},"_links":{"self":[{"href":"https:\/\/preprod.lessecretsduchocolat.com\/en\/wp-json\/wp\/v2\/product\/1042","targetHints":{"allow":["GET"]}}],"collection":[{"href":"https:\/\/preprod.lessecretsduchocolat.com\/en\/wp-json\/wp\/v2\/product"}],"about":[{"href":"https:\/\/preprod.lessecretsduchocolat.com\/en\/wp-json\/wp\/v2\/types\/product"}],"version-history":[{"count":3,"href":"https:\/\/preprod.lessecretsduchocolat.com\/en\/wp-json\/wp\/v2\/product\/1042\/revisions"}],"predecessor-version":[{"id":4066,"href":"https:\/\/preprod.lessecretsduchocolat.com\/en\/wp-json\/wp\/v2\/product\/1042\/revisions\/4066"}],"wp:featuredmedia":[{"embeddable":true,"href":"https:\/\/preprod.lessecretsduchocolat.com\/en\/wp-json\/wp\/v2\/media\/739"}],"wp:attachment":[{"href":"https:\/\/preprod.lessecretsduchocolat.com\/en\/wp-json\/wp\/v2\/media?parent=1042"}],"wp:term":[{"taxonomy":"product_brand","embeddable":true,"href":"https:\/\/preprod.lessecretsduchocolat.com\/en\/wp-json\/wp\/v2\/product_brand?post=1042"},{"taxonomy":"product_cat","embeddable":true,"href":"https:\/\/preprod.lessecretsduchocolat.com\/en\/wp-json\/wp\/v2\/product_cat?post=1042"},{"taxonomy":"product_tag","embeddable":true,"href":"https:\/\/preprod.lessecretsduchocolat.com\/en\/wp-json\/wp\/v2\/product_tag?post=1042"}],"curies":[{"name":"wp","href":"https:\/\/api.w.org\/{rel}","templated":true}]}}