{"id":1044,"date":"2020-02-25T16:05:42","date_gmt":"2020-02-25T16:05:42","guid":{"rendered":"https:\/\/preprod.lessecretsduchocolat.com\/?product=les-amandines-lait-250g"},"modified":"2025-08-27T11:46:14","modified_gmt":"2025-08-27T09:46:14","slug":"amandines-milk-250g","status":"publish","type":"product","link":"https:\/\/preprod.lessecretsduchocolat.com\/en\/product\/amandines-milk-250g\/","title":{"rendered":"AMANDINES MILK 250G"},"content":{"rendered":"<p data-start=\"302\" data-end=\"474\">Les <strong data-start=\"306\" data-end=\"350\">Amandines chocolat au lait <\/strong>sont une douceur croquante et fondante qui associe la gourmandise du chocolat au lait et la richesse de l\u2019amande enti\u00e8re.<\/p>\n<p data-start=\"476\" data-end=\"635\">Chaque bouch\u00e9e r\u00e9unit une <strong data-start=\"502\" data-end=\"542\">amande enti\u00e8re croquante et parfum\u00e9e<\/strong>, d\u00e9licatement enrob\u00e9e de <strong data-start=\"568\" data-end=\"608\">chocolat au lait pur beurre de cacao<\/strong>, doux et rond en bouche.<\/p>\n<p data-start=\"637\" data-end=\"790\">Cette alliance cr\u00e9e un \u00e9quilibre parfait entre le croquant du fruit sec et la tendresse chocolat\u00e9e, pour un plaisir simple et universellement appr\u00e9ci\u00e9.<\/p>\n<p data-start=\"792\" data-end=\"928\">Avec son format <strong data-start=\"808\" data-end=\"817\">250 g<\/strong>, le tubo est id\u00e9al pour partager en famille, offrir une petite attention gourmande ou savourer au quotidien.<\/p>\n<p data-start=\"930\" data-end=\"1090\">Ces <strong data-start=\"934\" data-end=\"974\">amandes enrob\u00e9es de chocolat au lait<\/strong> s\u00e9duisent par leur texture contrast\u00e9e et leur saveur \u00e9quilibr\u00e9e, qui pla\u00eet aussi bien aux adultes qu\u2019aux enfants.<\/p>\n<p data-start=\"1092\" data-end=\"1224\">Elles accompagnent parfaitement une pause caf\u00e9, un go\u00fbter ou se d\u00e9gustent seules, pour combler une envie de douceur \u00e0 tout moment.<\/p>\n<p data-start=\"1226\" data-end=\"1369\">Faciles \u00e0 transporter gr\u00e2ce \u00e0 leur emballage tubo, elles s\u2019emportent partout : au bureau, en voyage ou lors d\u2019un moment convivial entre amis.<\/p>\n<p data-start=\"1371\" data-end=\"1513\">Le <strong data-start=\"1374\" data-end=\"1406\">chocolat pur beurre de cacao<\/strong> garantit une qualit\u00e9 constante et des saveurs pr\u00e9serv\u00e9es, sublimant la g\u00e9n\u00e9rosit\u00e9 naturelle de l\u2019amande.<\/p>\n<p data-start=\"1515\" data-end=\"1676\">Les <strong data-start=\"1519\" data-end=\"1563\">Amandines chocolat au lait<\/strong>\u00a0sont une gourmandise intemporelle, symbole de plaisir simple et d\u2019\u00e9quilibre parfait entre douceur et croquant.<\/p>\n<p data-start=\"1678\" data-end=\"1757\">Un classique qui ne d\u00e9\u00e7oit jamais, \u00e0 offrir, \u00e0 partager ou \u00e0 garder pour soi.<\/p>","protected":false},"excerpt":{"rendered":"<p><strong>\u00c0 grignoter lors d&rsquo;une pause sucr\u00e9e ou en accompagnement d&rsquo;un caf\u00e9 ou d&rsquo;un th\u00e9, on aime les amandines au lait pour leur croquant et l&rsquo;onctuosit\u00e9 en bouche<\/strong><\/p>","protected":false},"featured_media":744,"template":"","meta":{"_acf_changed":false,"site-sidebar-layout":"default","site-content-layout":"","ast-site-content-layout":"default","site-content-style":"default","site-sidebar-style":"default","ast-global-header-display":"","ast-banner-title-visibility":"","ast-main-header-display":"","ast-hfb-above-header-display":"","ast-hfb-below-header-display":"","ast-hfb-mobile-header-display":"","site-post-title":"","ast-breadcrumbs-content":"","ast-featured-img":"","footer-sml-layout":"","theme-transparent-header-meta":"default","adv-header-id-meta":"","stick-header-meta":"","header-above-stick-meta":"","header-main-stick-meta":"","header-below-stick-meta":"","astra-migrate-meta-layouts":"set","ast-page-background-enabled":"default","ast-page-background-meta":{"desktop":{"background-color":"var(--ast-global-color-4)","background-image":"","background-repeat":"repeat","background-position":"center center","background-size":"auto","background-attachment":"scroll","background-type":"","background-media":"","overlay-type":"","overlay-color":"","overlay-opacity":"","overlay-gradient":""},"tablet":{"background-color":"","background-image":"","background-repeat":"repeat","background-position":"center center","background-size":"auto","background-attachment":"scroll","background-type":"","background-media":"","overlay-type":"","overlay-color":"","overlay-opacity":"","overlay-gradient":""},"mobile":{"background-color":"","background-image":"","background-repeat":"repeat","background-position":"center center","background-size":"auto","background-attachment":"scroll","background-type":"","background-media":"","overlay-type":"","overlay-color":"","overlay-opacity":"","overlay-gradient":""}},"ast-content-background-meta":{"desktop":{"background-color":"var(--ast-global-color-5)","background-image":"","background-repeat":"repeat","background-position":"center center","background-size":"auto","background-attachment":"scroll","background-type":"","background-media":"","overlay-type":"","overlay-color":"","overlay-opacity":"","overlay-gradient":""},"tablet":{"background-color":"var(--ast-global-color-5)","background-image":"","background-repeat":"repeat","background-position":"center center","background-size":"auto","background-attachment":"scroll","background-type":"","background-media":"","overlay-type":"","overlay-color":"","overlay-opacity":"","overlay-gradient":""},"mobile":{"background-color":"var(--ast-global-color-5)","background-image":"","background-repeat":"repeat","background-position":"center center","background-size":"auto","background-attachment":"scroll","background-type":"","background-media":"","overlay-type":"","overlay-color":"","overlay-opacity":"","overlay-gradient":""}},"iawp_total_views":0},"product_brand":[],"product_cat":[108],"product_tag":[],"class_list":{"0":"post-1044","1":"product","2":"type-product","3":"status-publish","4":"has-post-thumbnail","6":"product_cat-gourmandises","7":"desktop-align-left","8":"tablet-align-left","9":"mobile-align-left","11":"first","12":"outofstock","13":"taxable","14":"shipping-taxable","15":"purchasable","16":"product-type-simple"},"acf":[],"yoast_head":"<!-- This site is optimized with the Yoast SEO plugin v25.9 - https:\/\/yoast.com\/wordpress\/plugins\/seo\/ -->\n<title>AMANDINES CHOCOLAT AU LAIT 250g<\/title>\n<meta name=\"description\" content=\"Amandines chocolat au lait en tubo 250 g : amandes enti\u00e8res croquantes enrob\u00e9es de chocolat au lait pur beurre de cacao. Une gourmandise douce et g\u00e9n\u00e9reuse.\" \/>\n<meta name=\"robots\" content=\"noindex, follow, max-snippet:-1, max-image-preview:large, max-video-preview:-1\" \/>\n<meta property=\"og:locale\" content=\"en_GB\" \/>\n<meta property=\"og:type\" content=\"article\" \/>\n<meta property=\"og:title\" content=\"AMANDINES CHOCOLAT AU LAIT 250g\" \/>\n<meta property=\"og:description\" content=\"Amandines chocolat au lait en tubo 250 g : amandes enti\u00e8res croquantes enrob\u00e9es de chocolat au lait pur beurre de cacao. Une gourmandise douce et g\u00e9n\u00e9reuse.\" \/>\n<meta property=\"og:url\" content=\"https:\/\/preprod.lessecretsduchocolat.com\/en\/product\/amandines-milk-250g\/\" \/>\n<meta property=\"og:site_name\" content=\"Secrets de Chocolat\" \/>\n<meta property=\"article:modified_time\" content=\"2025-08-27T09:46:14+00:00\" \/>\n<meta property=\"og:image\" content=\"https:\/\/preprod.lessecretsduchocolat.com\/wp-content\/uploads\/2025\/05\/184.jpg\" \/>\n\t<meta property=\"og:image:width\" content=\"500\" \/>\n\t<meta property=\"og:image:height\" content=\"500\" \/>\n\t<meta property=\"og:image:type\" content=\"image\/jpeg\" \/>\n<meta name=\"twitter:card\" content=\"summary_large_image\" \/>\n<meta name=\"twitter:label1\" content=\"Estimated reading time\" \/>\n\t<meta name=\"twitter:data1\" content=\"2 minutes\" \/>\n<script type=\"application\/ld+json\" class=\"yoast-schema-graph\">{\"@context\":\"https:\/\/schema.org\",\"@graph\":[{\"@type\":\"WebPage\",\"@id\":\"https:\/\/preprod.lessecretsduchocolat.com\/produit\/les-amandines-lait-250g\/\",\"url\":\"https:\/\/preprod.lessecretsduchocolat.com\/produit\/les-amandines-lait-250g\/\",\"name\":\"AMANDINES CHOCOLAT AU LAIT 250g\",\"isPartOf\":{\"@id\":\"https:\/\/preprod.lessecretsduchocolat.com\/#website\"},\"primaryImageOfPage\":{\"@id\":\"https:\/\/preprod.lessecretsduchocolat.com\/produit\/les-amandines-lait-250g\/#primaryimage\"},\"image\":{\"@id\":\"https:\/\/preprod.lessecretsduchocolat.com\/produit\/les-amandines-lait-250g\/#primaryimage\"},\"thumbnailUrl\":\"https:\/\/preprod.lessecretsduchocolat.com\/wp-content\/uploads\/2025\/05\/184.jpg\",\"datePublished\":\"2020-02-25T16:05:42+00:00\",\"dateModified\":\"2025-08-27T09:46:14+00:00\",\"description\":\"Amandines chocolat au lait en tubo 250 g : amandes enti\u00e8res croquantes enrob\u00e9es de chocolat au lait pur beurre de cacao. Une gourmandise douce et g\u00e9n\u00e9reuse.\",\"breadcrumb\":{\"@id\":\"https:\/\/preprod.lessecretsduchocolat.com\/produit\/les-amandines-lait-250g\/#breadcrumb\"},\"inLanguage\":\"en-GB\",\"potentialAction\":[{\"@type\":\"ReadAction\",\"target\":[\"https:\/\/preprod.lessecretsduchocolat.com\/produit\/les-amandines-lait-250g\/\"]}]},{\"@type\":\"ImageObject\",\"inLanguage\":\"en-GB\",\"@id\":\"https:\/\/preprod.lessecretsduchocolat.com\/produit\/les-amandines-lait-250g\/#primaryimage\",\"url\":\"https:\/\/preprod.lessecretsduchocolat.com\/wp-content\/uploads\/2025\/05\/184.jpg\",\"contentUrl\":\"https:\/\/preprod.lessecretsduchocolat.com\/wp-content\/uploads\/2025\/05\/184.jpg\",\"width\":500,\"height\":500},{\"@type\":\"BreadcrumbList\",\"@id\":\"https:\/\/preprod.lessecretsduchocolat.com\/produit\/les-amandines-lait-250g\/#breadcrumb\",\"itemListElement\":[{\"@type\":\"ListItem\",\"position\":1,\"name\":\"Accueil\",\"item\":\"https:\/\/preprod.lessecretsduchocolat.com\/\"},{\"@type\":\"ListItem\",\"position\":2,\"name\":\"Magasin\",\"item\":\"https:\/\/preprod.lessecretsduchocolat.com\/magasin\/\"},{\"@type\":\"ListItem\",\"position\":3,\"name\":\"LES AMANDINES LAIT 250G\"}]},{\"@type\":\"WebSite\",\"@id\":\"https:\/\/preprod.lessecretsduchocolat.com\/#website\",\"url\":\"https:\/\/preprod.lessecretsduchocolat.com\/\",\"name\":\"Secrets de Chocolat\",\"description\":\"\",\"publisher\":{\"@id\":\"https:\/\/preprod.lessecretsduchocolat.com\/#organization\"},\"potentialAction\":[{\"@type\":\"SearchAction\",\"target\":{\"@type\":\"EntryPoint\",\"urlTemplate\":\"https:\/\/preprod.lessecretsduchocolat.com\/?s={search_term_string}\"},\"query-input\":{\"@type\":\"PropertyValueSpecification\",\"valueRequired\":true,\"valueName\":\"search_term_string\"}}],\"inLanguage\":\"en-GB\"},{\"@type\":\"Organization\",\"@id\":\"https:\/\/preprod.lessecretsduchocolat.com\/#organization\",\"name\":\"Secrets de Chocolat\",\"url\":\"https:\/\/preprod.lessecretsduchocolat.com\/\",\"logo\":{\"@type\":\"ImageObject\",\"inLanguage\":\"en-GB\",\"@id\":\"https:\/\/preprod.lessecretsduchocolat.com\/#\/schema\/logo\/image\/\",\"url\":\"https:\/\/preprod.lessecretsduchocolat.com\/wp-content\/uploads\/2025\/05\/logo.png\",\"contentUrl\":\"https:\/\/preprod.lessecretsduchocolat.com\/wp-content\/uploads\/2025\/05\/logo.png\",\"width\":198,\"height\":85,\"caption\":\"Secrets de Chocolat\"},\"image\":{\"@id\":\"https:\/\/preprod.lessecretsduchocolat.com\/#\/schema\/logo\/image\/\"}}]}<\/script>\n<!-- \/ Yoast SEO plugin. -->","yoast_head_json":{"title":"MILK CHOCOLATE AMANDINS 250g","description":"Milk chocolate almonds in tubo 250 g: crunchy whole almonds coated in pure cocoa butter milk chocolate. A sweet and generous treat.","robots":{"index":"noindex","follow":"follow","max-snippet":"max-snippet:-1","max-image-preview":"max-image-preview:large","max-video-preview":"max-video-preview:-1"},"og_locale":"en_GB","og_type":"article","og_title":"AMANDINES CHOCOLAT AU LAIT 250g","og_description":"Amandines chocolat au lait en tubo 250 g : amandes enti\u00e8res croquantes enrob\u00e9es de chocolat au lait pur beurre de cacao. Une gourmandise douce et g\u00e9n\u00e9reuse.","og_url":"https:\/\/preprod.lessecretsduchocolat.com\/en\/product\/amandines-milk-250g\/","og_site_name":"Secrets de Chocolat","article_modified_time":"2025-08-27T09:46:14+00:00","og_image":[{"width":500,"height":500,"url":"https:\/\/preprod.lessecretsduchocolat.com\/wp-content\/uploads\/2025\/05\/184.jpg","type":"image\/jpeg"}],"twitter_card":"summary_large_image","twitter_misc":{"Estimated reading time":"2 minutes"},"schema":{"@context":"https:\/\/schema.org","@graph":[{"@type":"WebPage","@id":"https:\/\/preprod.lessecretsduchocolat.com\/produit\/les-amandines-lait-250g\/","url":"https:\/\/preprod.lessecretsduchocolat.com\/produit\/les-amandines-lait-250g\/","name":"MILK CHOCOLATE AMANDINS 250g","isPartOf":{"@id":"https:\/\/preprod.lessecretsduchocolat.com\/#website"},"primaryImageOfPage":{"@id":"https:\/\/preprod.lessecretsduchocolat.com\/produit\/les-amandines-lait-250g\/#primaryimage"},"image":{"@id":"https:\/\/preprod.lessecretsduchocolat.com\/produit\/les-amandines-lait-250g\/#primaryimage"},"thumbnailUrl":"https:\/\/preprod.lessecretsduchocolat.com\/wp-content\/uploads\/2025\/05\/184.jpg","datePublished":"2020-02-25T16:05:42+00:00","dateModified":"2025-08-27T09:46:14+00:00","description":"Milk chocolate almonds in tubo 250 g: crunchy whole almonds coated in pure cocoa butter milk chocolate. A sweet and generous treat.","breadcrumb":{"@id":"https:\/\/preprod.lessecretsduchocolat.com\/produit\/les-amandines-lait-250g\/#breadcrumb"},"inLanguage":"en-GB","potentialAction":[{"@type":"ReadAction","target":["https:\/\/preprod.lessecretsduchocolat.com\/produit\/les-amandines-lait-250g\/"]}]},{"@type":"ImageObject","inLanguage":"en-GB","@id":"https:\/\/preprod.lessecretsduchocolat.com\/produit\/les-amandines-lait-250g\/#primaryimage","url":"https:\/\/preprod.lessecretsduchocolat.com\/wp-content\/uploads\/2025\/05\/184.jpg","contentUrl":"https:\/\/preprod.lessecretsduchocolat.com\/wp-content\/uploads\/2025\/05\/184.jpg","width":500,"height":500},{"@type":"BreadcrumbList","@id":"https:\/\/preprod.lessecretsduchocolat.com\/produit\/les-amandines-lait-250g\/#breadcrumb","itemListElement":[{"@type":"ListItem","position":1,"name":"Accueil","item":"https:\/\/preprod.lessecretsduchocolat.com\/"},{"@type":"ListItem","position":2,"name":"Magasin","item":"https:\/\/preprod.lessecretsduchocolat.com\/magasin\/"},{"@type":"ListItem","position":3,"name":"LES AMANDINES LAIT 250G"}]},{"@type":"WebSite","@id":"https:\/\/preprod.lessecretsduchocolat.com\/#website","url":"https:\/\/preprod.lessecretsduchocolat.com\/","name":"Secrets de Chocolat","description":"","publisher":{"@id":"https:\/\/preprod.lessecretsduchocolat.com\/#organization"},"potentialAction":[{"@type":"SearchAction","target":{"@type":"EntryPoint","urlTemplate":"https:\/\/preprod.lessecretsduchocolat.com\/?s={search_term_string}"},"query-input":{"@type":"PropertyValueSpecification","valueRequired":true,"valueName":"search_term_string"}}],"inLanguage":"en-GB"},{"@type":"Organization","@id":"https:\/\/preprod.lessecretsduchocolat.com\/#organization","name":"Secrets de Chocolat","url":"https:\/\/preprod.lessecretsduchocolat.com\/","logo":{"@type":"ImageObject","inLanguage":"en-GB","@id":"https:\/\/preprod.lessecretsduchocolat.com\/#\/schema\/logo\/image\/","url":"https:\/\/preprod.lessecretsduchocolat.com\/wp-content\/uploads\/2025\/05\/logo.png","contentUrl":"https:\/\/preprod.lessecretsduchocolat.com\/wp-content\/uploads\/2025\/05\/logo.png","width":198,"height":85,"caption":"Secrets de Chocolat"},"image":{"@id":"https:\/\/preprod.lessecretsduchocolat.com\/#\/schema\/logo\/image\/"}}]}},"_links":{"self":[{"href":"https:\/\/preprod.lessecretsduchocolat.com\/en\/wp-json\/wp\/v2\/product\/1044","targetHints":{"allow":["GET"]}}],"collection":[{"href":"https:\/\/preprod.lessecretsduchocolat.com\/en\/wp-json\/wp\/v2\/product"}],"about":[{"href":"https:\/\/preprod.lessecretsduchocolat.com\/en\/wp-json\/wp\/v2\/types\/product"}],"version-history":[{"count":3,"href":"https:\/\/preprod.lessecretsduchocolat.com\/en\/wp-json\/wp\/v2\/product\/1044\/revisions"}],"predecessor-version":[{"id":4093,"href":"https:\/\/preprod.lessecretsduchocolat.com\/en\/wp-json\/wp\/v2\/product\/1044\/revisions\/4093"}],"wp:featuredmedia":[{"embeddable":true,"href":"https:\/\/preprod.lessecretsduchocolat.com\/en\/wp-json\/wp\/v2\/media\/744"}],"wp:attachment":[{"href":"https:\/\/preprod.lessecretsduchocolat.com\/en\/wp-json\/wp\/v2\/media?parent=1044"}],"wp:term":[{"taxonomy":"product_brand","embeddable":true,"href":"https:\/\/preprod.lessecretsduchocolat.com\/en\/wp-json\/wp\/v2\/product_brand?post=1044"},{"taxonomy":"product_cat","embeddable":true,"href":"https:\/\/preprod.lessecretsduchocolat.com\/en\/wp-json\/wp\/v2\/product_cat?post=1044"},{"taxonomy":"product_tag","embeddable":true,"href":"https:\/\/preprod.lessecretsduchocolat.com\/en\/wp-json\/wp\/v2\/product_tag?post=1044"}],"curies":[{"name":"wp","href":"https:\/\/api.w.org\/{rel}","templated":true}]}}