{"id":1058,"date":"2021-01-15T06:40:02","date_gmt":"2021-01-15T06:40:02","guid":{"rendered":"https:\/\/preprod.lessecretsduchocolat.com\/?product=ballotin-de-chocolat-480g"},"modified":"2025-08-27T10:33:54","modified_gmt":"2025-08-27T08:33:54","slug":"box-of-chocolate-480g","status":"publish","type":"product","link":"https:\/\/preprod.lessecretsduchocolat.com\/en\/product\/box-of-chocolate-480g\/","title":{"rendered":"BOX OF CHOCOLATE 480G"},"content":{"rendered":"<p data-start=\"267\" data-end=\"455\">Le <strong data-start=\"270\" data-end=\"288\">Ballotin 480g<\/strong> est un coffret g\u00e9n\u00e9reux qui rassemble environ <strong data-start=\"335\" data-end=\"360\">46 chocolats assortis<\/strong>, d\u00e9clin\u00e9s en <strong data-start=\"374\" data-end=\"401\">11 recettes diff\u00e9rentes<\/strong>, r\u00e9alis\u00e9s avec du <strong data-start=\"420\" data-end=\"452\">chocolat pur beurre de cacao<\/strong>.<\/p>\n<p data-start=\"457\" data-end=\"646\">Chaque chocolat est une d\u00e9couverte gourmande : pralin\u00e9s fondants, ganaches onctueuses, textures croustillantes et notes fruit\u00e9es s\u2019associent pour composer un assortiment vari\u00e9 et raffin\u00e9.<\/p>\n<p data-start=\"648\" data-end=\"803\">L\u2019\u00e9quilibre entre chocolats noirs et chocolats au lait permet de satisfaire toutes les pr\u00e9f\u00e9rences et d\u2019offrir une d\u00e9gustation diversifi\u00e9e et conviviale.<\/p>\n<p data-start=\"805\" data-end=\"971\">Avec son format g\u00e9n\u00e9reux, le <strong data-start=\"834\" data-end=\"852\">Ballotin 480g<\/strong> est id\u00e9al pour les occasions \u00e0 partager : repas de f\u00eate, cadeaux familiaux, c\u00e9l\u00e9brations ou remerciements marquants.<\/p>\n<p data-start=\"973\" data-end=\"1101\">C\u2019est une valeur s\u00fbre pour surprendre et faire plaisir, en offrant une grande vari\u00e9t\u00e9 de saveurs r\u00e9unies dans un seul coffret.<\/p>\n<p data-start=\"1103\" data-end=\"1267\">Le <strong data-start=\"1106\" data-end=\"1138\">chocolat pur beurre de cacao<\/strong> garantit une fonte parfaite et une intensit\u00e9 aromatique qui sublime chaque bouch\u00e9e, du pralin\u00e9 croquant \u00e0 la ganache d\u00e9licate.<\/p>\n<p data-start=\"1269\" data-end=\"1422\">Gr\u00e2ce \u00e0 ses <strong data-start=\"1281\" data-end=\"1308\">11 recettes diff\u00e9rentes<\/strong>, ce ballotin offre une exp\u00e9rience de d\u00e9gustation compl\u00e8te, qui permet \u00e0 chacun de trouver son chocolat pr\u00e9f\u00e9r\u00e9.<\/p>\n<p data-start=\"1424\" data-end=\"1559\">Il est parfait pour accompagner un caf\u00e9, prolonger un repas, ou simplement apporter une touche gourmande \u00e0 un moment de convivialit\u00e9.<\/p>\n<p data-start=\"1561\" data-end=\"1704\">Pr\u00e9sent\u00e9 en coffret, il devient un <strong data-start=\"1596\" data-end=\"1624\">cadeau gourmand de choix<\/strong>, id\u00e9al pour marquer une attention sp\u00e9ciale ou accompagner une f\u00eate familiale.<\/p>\n<p data-start=\"1706\" data-end=\"1840\">Le <strong data-start=\"1709\" data-end=\"1727\">Ballotin 480g<\/strong> illustre la richesse et la diversit\u00e9 du chocolat, concentr\u00e9es dans un format pens\u00e9 pour le plaisir du partage.<\/p>","protected":false},"excerpt":{"rendered":"<p data-start=\"2040\" data-end=\"2199\"><strong><em data-start=\"2040\" data-end=\"2197\">Ballotin chocolat 480 g: 46 assorted chocolates, 11 different pure cocoa butter recipes. A generous box, ideal as a gift or to share with the family.<\/em><\/strong><\/p>","protected":false},"featured_media":786,"template":"","meta":{"_acf_changed":false,"site-sidebar-layout":"default","site-content-layout":"","ast-site-content-layout":"default","site-content-style":"default","site-sidebar-style":"default","ast-global-header-display":"","ast-banner-title-visibility":"","ast-main-header-display":"","ast-hfb-above-header-display":"","ast-hfb-below-header-display":"","ast-hfb-mobile-header-display":"","site-post-title":"","ast-breadcrumbs-content":"","ast-featured-img":"","footer-sml-layout":"","theme-transparent-header-meta":"default","adv-header-id-meta":"","stick-header-meta":"","header-above-stick-meta":"","header-main-stick-meta":"","header-below-stick-meta":"","astra-migrate-meta-layouts":"set","ast-page-background-enabled":"default","ast-page-background-meta":{"desktop":{"background-color":"var(--ast-global-color-4)","background-image":"","background-repeat":"repeat","background-position":"center center","background-size":"auto","background-attachment":"scroll","background-type":"","background-media":"","overlay-type":"","overlay-color":"","overlay-opacity":"","overlay-gradient":""},"tablet":{"background-color":"","background-image":"","background-repeat":"repeat","background-position":"center center","background-size":"auto","background-attachment":"scroll","background-type":"","background-media":"","overlay-type":"","overlay-color":"","overlay-opacity":"","overlay-gradient":""},"mobile":{"background-color":"","background-image":"","background-repeat":"repeat","background-position":"center center","background-size":"auto","background-attachment":"scroll","background-type":"","background-media":"","overlay-type":"","overlay-color":"","overlay-opacity":"","overlay-gradient":""}},"ast-content-background-meta":{"desktop":{"background-color":"var(--ast-global-color-5)","background-image":"","background-repeat":"repeat","background-position":"center center","background-size":"auto","background-attachment":"scroll","background-type":"","background-media":"","overlay-type":"","overlay-color":"","overlay-opacity":"","overlay-gradient":""},"tablet":{"background-color":"var(--ast-global-color-5)","background-image":"","background-repeat":"repeat","background-position":"center center","background-size":"auto","background-attachment":"scroll","background-type":"","background-media":"","overlay-type":"","overlay-color":"","overlay-opacity":"","overlay-gradient":""},"mobile":{"background-color":"var(--ast-global-color-5)","background-image":"","background-repeat":"repeat","background-position":"center center","background-size":"auto","background-attachment":"scroll","background-type":"","background-media":"","overlay-type":"","overlay-color":"","overlay-opacity":"","overlay-gradient":""}},"iawp_total_views":0},"product_brand":[],"product_cat":[139],"product_tag":[],"class_list":{"0":"post-1058","1":"product","2":"type-product","3":"status-publish","4":"has-post-thumbnail","6":"product_cat-coffrets-chocolat","7":"desktop-align-left","8":"tablet-align-left","9":"mobile-align-left","11":"first","12":"outofstock","13":"taxable","14":"shipping-taxable","15":"purchasable","16":"product-type-simple"},"acf":[],"yoast_head":"<!-- This site is optimized with the Yoast SEO plugin v25.9 - https:\/\/yoast.com\/wordpress\/plugins\/seo\/ -->\n<title>BALLOTIN DE CHOCOLAT 480G<\/title>\n<meta name=\"description\" content=\"Ballotin chocolat 480 g : 46 chocolats assortis, 11 recettes vari\u00e9es en pur beurre de cacao. Un coffret g\u00e9n\u00e9reux, id\u00e9al pour offrir ou partager en famille.\" \/>\n<meta name=\"robots\" content=\"noindex, follow, max-snippet:-1, max-image-preview:large, max-video-preview:-1\" \/>\n<meta property=\"og:locale\" content=\"en_GB\" \/>\n<meta property=\"og:type\" content=\"article\" \/>\n<meta property=\"og:title\" content=\"BALLOTIN DE CHOCOLAT 480G\" \/>\n<meta property=\"og:description\" content=\"Ballotin chocolat 480 g : 46 chocolats assortis, 11 recettes vari\u00e9es en pur beurre de cacao. Un coffret g\u00e9n\u00e9reux, id\u00e9al pour offrir ou partager en famille.\" \/>\n<meta property=\"og:url\" content=\"https:\/\/preprod.lessecretsduchocolat.com\/en\/product\/box-of-chocolate-480g\/\" \/>\n<meta property=\"og:site_name\" content=\"Secrets de Chocolat\" \/>\n<meta property=\"article:modified_time\" content=\"2025-08-27T08:33:54+00:00\" \/>\n<meta property=\"og:image\" content=\"https:\/\/preprod.lessecretsduchocolat.com\/wp-content\/uploads\/2025\/05\/524.jpg\" \/>\n\t<meta property=\"og:image:width\" content=\"800\" \/>\n\t<meta property=\"og:image:height\" content=\"533\" \/>\n\t<meta property=\"og:image:type\" content=\"image\/jpeg\" \/>\n<meta name=\"twitter:card\" content=\"summary_large_image\" \/>\n<meta name=\"twitter:label1\" content=\"Estimated reading time\" \/>\n\t<meta name=\"twitter:data1\" content=\"2 minutes\" \/>\n<script type=\"application\/ld+json\" class=\"yoast-schema-graph\">{\"@context\":\"https:\/\/schema.org\",\"@graph\":[{\"@type\":\"WebPage\",\"@id\":\"https:\/\/preprod.lessecretsduchocolat.com\/produit\/ballotin-de-chocolat-480g\/\",\"url\":\"https:\/\/preprod.lessecretsduchocolat.com\/produit\/ballotin-de-chocolat-480g\/\",\"name\":\"BALLOTIN DE CHOCOLAT 480G\",\"isPartOf\":{\"@id\":\"https:\/\/preprod.lessecretsduchocolat.com\/#website\"},\"primaryImageOfPage\":{\"@id\":\"https:\/\/preprod.lessecretsduchocolat.com\/produit\/ballotin-de-chocolat-480g\/#primaryimage\"},\"image\":{\"@id\":\"https:\/\/preprod.lessecretsduchocolat.com\/produit\/ballotin-de-chocolat-480g\/#primaryimage\"},\"thumbnailUrl\":\"https:\/\/preprod.lessecretsduchocolat.com\/wp-content\/uploads\/2025\/05\/524.jpg\",\"datePublished\":\"2021-01-15T06:40:02+00:00\",\"dateModified\":\"2025-08-27T08:33:54+00:00\",\"description\":\"Ballotin chocolat 480 g : 46 chocolats assortis, 11 recettes vari\u00e9es en pur beurre de cacao. Un coffret g\u00e9n\u00e9reux, id\u00e9al pour offrir ou partager en famille.\",\"breadcrumb\":{\"@id\":\"https:\/\/preprod.lessecretsduchocolat.com\/produit\/ballotin-de-chocolat-480g\/#breadcrumb\"},\"inLanguage\":\"en-GB\",\"potentialAction\":[{\"@type\":\"ReadAction\",\"target\":[\"https:\/\/preprod.lessecretsduchocolat.com\/produit\/ballotin-de-chocolat-480g\/\"]}]},{\"@type\":\"ImageObject\",\"inLanguage\":\"en-GB\",\"@id\":\"https:\/\/preprod.lessecretsduchocolat.com\/produit\/ballotin-de-chocolat-480g\/#primaryimage\",\"url\":\"https:\/\/preprod.lessecretsduchocolat.com\/wp-content\/uploads\/2025\/05\/524.jpg\",\"contentUrl\":\"https:\/\/preprod.lessecretsduchocolat.com\/wp-content\/uploads\/2025\/05\/524.jpg\",\"width\":800,\"height\":533},{\"@type\":\"BreadcrumbList\",\"@id\":\"https:\/\/preprod.lessecretsduchocolat.com\/produit\/ballotin-de-chocolat-480g\/#breadcrumb\",\"itemListElement\":[{\"@type\":\"ListItem\",\"position\":1,\"name\":\"Accueil\",\"item\":\"https:\/\/preprod.lessecretsduchocolat.com\/\"},{\"@type\":\"ListItem\",\"position\":2,\"name\":\"Magasin\",\"item\":\"https:\/\/preprod.lessecretsduchocolat.com\/magasin\/\"},{\"@type\":\"ListItem\",\"position\":3,\"name\":\"BALLOTIN DE CHOCOLAT 480G\"}]},{\"@type\":\"WebSite\",\"@id\":\"https:\/\/preprod.lessecretsduchocolat.com\/#website\",\"url\":\"https:\/\/preprod.lessecretsduchocolat.com\/\",\"name\":\"Secrets de Chocolat\",\"description\":\"\",\"publisher\":{\"@id\":\"https:\/\/preprod.lessecretsduchocolat.com\/#organization\"},\"potentialAction\":[{\"@type\":\"SearchAction\",\"target\":{\"@type\":\"EntryPoint\",\"urlTemplate\":\"https:\/\/preprod.lessecretsduchocolat.com\/?s={search_term_string}\"},\"query-input\":{\"@type\":\"PropertyValueSpecification\",\"valueRequired\":true,\"valueName\":\"search_term_string\"}}],\"inLanguage\":\"en-GB\"},{\"@type\":\"Organization\",\"@id\":\"https:\/\/preprod.lessecretsduchocolat.com\/#organization\",\"name\":\"Secrets de Chocolat\",\"url\":\"https:\/\/preprod.lessecretsduchocolat.com\/\",\"logo\":{\"@type\":\"ImageObject\",\"inLanguage\":\"en-GB\",\"@id\":\"https:\/\/preprod.lessecretsduchocolat.com\/#\/schema\/logo\/image\/\",\"url\":\"https:\/\/preprod.lessecretsduchocolat.com\/wp-content\/uploads\/2025\/05\/logo.png\",\"contentUrl\":\"https:\/\/preprod.lessecretsduchocolat.com\/wp-content\/uploads\/2025\/05\/logo.png\",\"width\":198,\"height\":85,\"caption\":\"Secrets de Chocolat\"},\"image\":{\"@id\":\"https:\/\/preprod.lessecretsduchocolat.com\/#\/schema\/logo\/image\/\"}}]}<\/script>\n<!-- \/ Yoast SEO plugin. -->","yoast_head_json":{"title":"BOX OF CHOCOLATE 480G","description":"Ballotin chocolat 480 g: 46 assorted chocolates, 11 different pure cocoa butter recipes. A generous box, ideal as a gift or to share with the family.","robots":{"index":"noindex","follow":"follow","max-snippet":"max-snippet:-1","max-image-preview":"max-image-preview:large","max-video-preview":"max-video-preview:-1"},"og_locale":"en_GB","og_type":"article","og_title":"BALLOTIN DE CHOCOLAT 480G","og_description":"Ballotin chocolat 480 g : 46 chocolats assortis, 11 recettes vari\u00e9es en pur beurre de cacao. Un coffret g\u00e9n\u00e9reux, id\u00e9al pour offrir ou partager en famille.","og_url":"https:\/\/preprod.lessecretsduchocolat.com\/en\/product\/box-of-chocolate-480g\/","og_site_name":"Secrets de Chocolat","article_modified_time":"2025-08-27T08:33:54+00:00","og_image":[{"width":800,"height":533,"url":"https:\/\/preprod.lessecretsduchocolat.com\/wp-content\/uploads\/2025\/05\/524.jpg","type":"image\/jpeg"}],"twitter_card":"summary_large_image","twitter_misc":{"Estimated reading time":"2 minutes"},"schema":{"@context":"https:\/\/schema.org","@graph":[{"@type":"WebPage","@id":"https:\/\/preprod.lessecretsduchocolat.com\/produit\/ballotin-de-chocolat-480g\/","url":"https:\/\/preprod.lessecretsduchocolat.com\/produit\/ballotin-de-chocolat-480g\/","name":"BOX OF CHOCOLATE 480G","isPartOf":{"@id":"https:\/\/preprod.lessecretsduchocolat.com\/#website"},"primaryImageOfPage":{"@id":"https:\/\/preprod.lessecretsduchocolat.com\/produit\/ballotin-de-chocolat-480g\/#primaryimage"},"image":{"@id":"https:\/\/preprod.lessecretsduchocolat.com\/produit\/ballotin-de-chocolat-480g\/#primaryimage"},"thumbnailUrl":"https:\/\/preprod.lessecretsduchocolat.com\/wp-content\/uploads\/2025\/05\/524.jpg","datePublished":"2021-01-15T06:40:02+00:00","dateModified":"2025-08-27T08:33:54+00:00","description":"Ballotin chocolat 480 g: 46 assorted chocolates, 11 different pure cocoa butter recipes. A generous box, ideal as a gift or to share with the family.","breadcrumb":{"@id":"https:\/\/preprod.lessecretsduchocolat.com\/produit\/ballotin-de-chocolat-480g\/#breadcrumb"},"inLanguage":"en-GB","potentialAction":[{"@type":"ReadAction","target":["https:\/\/preprod.lessecretsduchocolat.com\/produit\/ballotin-de-chocolat-480g\/"]}]},{"@type":"ImageObject","inLanguage":"en-GB","@id":"https:\/\/preprod.lessecretsduchocolat.com\/produit\/ballotin-de-chocolat-480g\/#primaryimage","url":"https:\/\/preprod.lessecretsduchocolat.com\/wp-content\/uploads\/2025\/05\/524.jpg","contentUrl":"https:\/\/preprod.lessecretsduchocolat.com\/wp-content\/uploads\/2025\/05\/524.jpg","width":800,"height":533},{"@type":"BreadcrumbList","@id":"https:\/\/preprod.lessecretsduchocolat.com\/produit\/ballotin-de-chocolat-480g\/#breadcrumb","itemListElement":[{"@type":"ListItem","position":1,"name":"Accueil","item":"https:\/\/preprod.lessecretsduchocolat.com\/"},{"@type":"ListItem","position":2,"name":"Magasin","item":"https:\/\/preprod.lessecretsduchocolat.com\/magasin\/"},{"@type":"ListItem","position":3,"name":"BALLOTIN DE CHOCOLAT 480G"}]},{"@type":"WebSite","@id":"https:\/\/preprod.lessecretsduchocolat.com\/#website","url":"https:\/\/preprod.lessecretsduchocolat.com\/","name":"Secrets de Chocolat","description":"","publisher":{"@id":"https:\/\/preprod.lessecretsduchocolat.com\/#organization"},"potentialAction":[{"@type":"SearchAction","target":{"@type":"EntryPoint","urlTemplate":"https:\/\/preprod.lessecretsduchocolat.com\/?s={search_term_string}"},"query-input":{"@type":"PropertyValueSpecification","valueRequired":true,"valueName":"search_term_string"}}],"inLanguage":"en-GB"},{"@type":"Organization","@id":"https:\/\/preprod.lessecretsduchocolat.com\/#organization","name":"Secrets de Chocolat","url":"https:\/\/preprod.lessecretsduchocolat.com\/","logo":{"@type":"ImageObject","inLanguage":"en-GB","@id":"https:\/\/preprod.lessecretsduchocolat.com\/#\/schema\/logo\/image\/","url":"https:\/\/preprod.lessecretsduchocolat.com\/wp-content\/uploads\/2025\/05\/logo.png","contentUrl":"https:\/\/preprod.lessecretsduchocolat.com\/wp-content\/uploads\/2025\/05\/logo.png","width":198,"height":85,"caption":"Secrets de Chocolat"},"image":{"@id":"https:\/\/preprod.lessecretsduchocolat.com\/#\/schema\/logo\/image\/"}}]}},"_links":{"self":[{"href":"https:\/\/preprod.lessecretsduchocolat.com\/en\/wp-json\/wp\/v2\/product\/1058","targetHints":{"allow":["GET"]}}],"collection":[{"href":"https:\/\/preprod.lessecretsduchocolat.com\/en\/wp-json\/wp\/v2\/product"}],"about":[{"href":"https:\/\/preprod.lessecretsduchocolat.com\/en\/wp-json\/wp\/v2\/types\/product"}],"version-history":[{"count":3,"href":"https:\/\/preprod.lessecretsduchocolat.com\/en\/wp-json\/wp\/v2\/product\/1058\/revisions"}],"predecessor-version":[{"id":4053,"href":"https:\/\/preprod.lessecretsduchocolat.com\/en\/wp-json\/wp\/v2\/product\/1058\/revisions\/4053"}],"wp:featuredmedia":[{"embeddable":true,"href":"https:\/\/preprod.lessecretsduchocolat.com\/en\/wp-json\/wp\/v2\/media\/786"}],"wp:attachment":[{"href":"https:\/\/preprod.lessecretsduchocolat.com\/en\/wp-json\/wp\/v2\/media?parent=1058"}],"wp:term":[{"taxonomy":"product_brand","embeddable":true,"href":"https:\/\/preprod.lessecretsduchocolat.com\/en\/wp-json\/wp\/v2\/product_brand?post=1058"},{"taxonomy":"product_cat","embeddable":true,"href":"https:\/\/preprod.lessecretsduchocolat.com\/en\/wp-json\/wp\/v2\/product_cat?post=1058"},{"taxonomy":"product_tag","embeddable":true,"href":"https:\/\/preprod.lessecretsduchocolat.com\/en\/wp-json\/wp\/v2\/product_tag?post=1058"}],"curies":[{"name":"wp","href":"https:\/\/api.w.org\/{rel}","templated":true}]}}