{"id":1064,"date":"2021-03-27T06:40:06","date_gmt":"2021-03-27T06:40:06","guid":{"rendered":"https:\/\/preprod.lessecretsduchocolat.com\/?product=chocolat-de-couverture-lait-650g"},"modified":"2025-08-27T13:06:22","modified_gmt":"2025-08-27T11:06:22","slug":"milk-couverture-chocolate-650g","status":"publish","type":"product","link":"https:\/\/preprod.lessecretsduchocolat.com\/en\/product\/milk-couverture-chocolate-650g\/","title":{"rendered":"MILK COUVERTURE CHOCOLATE 650G"},"content":{"rendered":"<p data-start=\"297\" data-end=\"454\">Le <strong data-start=\"300\" data-end=\"337\">chocolat de couverture lait<\/strong>\u00a0est l\u2019alli\u00e9 incontournable des passionn\u00e9s de p\u00e2tisserie, de chocolaterie maison et des desserts gourmands r\u00e9ussis.<\/p>\n<p data-start=\"456\" data-end=\"608\">\u00c9labor\u00e9 avec du <strong data-start=\"472\" data-end=\"495\">pur beurre de cacao<\/strong>, ce chocolat au lait se distingue par sa douceur lact\u00e9e, sa rondeur sucr\u00e9e et ses notes aromatiques d\u00e9licates.<\/p>\n<p data-start=\"610\" data-end=\"795\">Sa texture fluide et homog\u00e8ne en fait un ingr\u00e9dient polyvalent, parfait pour les <strong data-start=\"691\" data-end=\"714\">enrobages brillants<\/strong>, les <strong data-start=\"720\" data-end=\"732\">moulages<\/strong>, les <strong data-start=\"738\" data-end=\"760\">ganaches fondantes<\/strong> ou encore les mousses a\u00e9riennes.<\/p>\n<p data-start=\"797\" data-end=\"939\">Il se fond facilement, garantissant un travail simple et r\u00e9gulier, aussi bien pour les amateurs que pour les passionn\u00e9s de cuisine cr\u00e9ative.<\/p>\n<p data-start=\"941\" data-end=\"1098\">Avec son format pratique de <strong data-start=\"969\" data-end=\"978\">650 g<\/strong>, il offre la juste quantit\u00e9 pour r\u00e9aliser de nombreux desserts, p\u00e2tisseries maison ou cr\u00e9ations chocolat\u00e9es festives.<\/p>\n<p data-start=\"1100\" data-end=\"1235\">Gr\u00e2ce \u00e0 son \u00e9quilibre entre cacao, lait et sucre, il sublime aussi bien les pr\u00e9parations simples que les recettes les plus \u00e9labor\u00e9es.<\/p>\n<p data-start=\"1237\" data-end=\"1361\">Temp\u00e9r\u00e9 correctement, il donne un chocolat croquant, brillant et raffin\u00e9, digne des plus belles cr\u00e9ations de chocolatiers.<\/p>\n<p data-start=\"1363\" data-end=\"1499\">Son go\u00fbt lact\u00e9 et gourmand le rend id\u00e9al pour des recettes adapt\u00e9es aux enfants comme aux adultes, du plus simple au plus sophistiqu\u00e9.<\/p>\n<p data-start=\"1501\" data-end=\"1647\">Ajoutez-y fruits secs, caramel ou \u00e9pices pour cr\u00e9er des mariages originaux. Un chocolat au lait polyvalent qui stimule l\u2019imagination en cuisine.<\/p>\n<p data-start=\"1649\" data-end=\"1822\">Le <strong data-start=\"1652\" data-end=\"1689\">chocolat de couverture lait <\/strong>incarne le savoir-faire chocolatier et la gourmandise universelle. Un ingr\u00e9dient indispensable pour sublimer vos cr\u00e9ations maison.<\/p>","protected":false},"excerpt":{"rendered":"<p><strong>Cuisinez avec un chocolat de couverture lait, pour des pr\u00e9parations onctueuses et gourmandes !<\/strong><\/p>","protected":false},"featured_media":807,"template":"","meta":{"_acf_changed":false,"site-sidebar-layout":"default","site-content-layout":"","ast-site-content-layout":"default","site-content-style":"default","site-sidebar-style":"default","ast-global-header-display":"","ast-banner-title-visibility":"","ast-main-header-display":"","ast-hfb-above-header-display":"","ast-hfb-below-header-display":"","ast-hfb-mobile-header-display":"","site-post-title":"","ast-breadcrumbs-content":"","ast-featured-img":"","footer-sml-layout":"","theme-transparent-header-meta":"default","adv-header-id-meta":"","stick-header-meta":"","header-above-stick-meta":"","header-main-stick-meta":"","header-below-stick-meta":"","astra-migrate-meta-layouts":"set","ast-page-background-enabled":"default","ast-page-background-meta":{"desktop":{"background-color":"var(--ast-global-color-4)","background-image":"","background-repeat":"repeat","background-position":"center center","background-size":"auto","background-attachment":"scroll","background-type":"","background-media":"","overlay-type":"","overlay-color":"","overlay-opacity":"","overlay-gradient":""},"tablet":{"background-color":"","background-image":"","background-repeat":"repeat","background-position":"center center","background-size":"auto","background-attachment":"scroll","background-type":"","background-media":"","overlay-type":"","overlay-color":"","overlay-opacity":"","overlay-gradient":""},"mobile":{"background-color":"","background-image":"","background-repeat":"repeat","background-position":"center center","background-size":"auto","background-attachment":"scroll","background-type":"","background-media":"","overlay-type":"","overlay-color":"","overlay-opacity":"","overlay-gradient":""}},"ast-content-background-meta":{"desktop":{"background-color":"var(--ast-global-color-5)","background-image":"","background-repeat":"repeat","background-position":"center center","background-size":"auto","background-attachment":"scroll","background-type":"","background-media":"","overlay-type":"","overlay-color":"","overlay-opacity":"","overlay-gradient":""},"tablet":{"background-color":"var(--ast-global-color-5)","background-image":"","background-repeat":"repeat","background-position":"center center","background-size":"auto","background-attachment":"scroll","background-type":"","background-media":"","overlay-type":"","overlay-color":"","overlay-opacity":"","overlay-gradient":""},"mobile":{"background-color":"var(--ast-global-color-5)","background-image":"","background-repeat":"repeat","background-position":"center center","background-size":"auto","background-attachment":"scroll","background-type":"","background-media":"","overlay-type":"","overlay-color":"","overlay-opacity":"","overlay-gradient":""}},"iawp_total_views":0},"product_brand":[],"product_cat":[104],"product_tag":[],"class_list":{"0":"post-1064","1":"product","2":"type-product","3":"status-publish","4":"has-post-thumbnail","6":"product_cat-tablettes","7":"desktop-align-left","8":"tablet-align-left","9":"mobile-align-left","11":"first","12":"outofstock","13":"taxable","14":"shipping-taxable","15":"purchasable","16":"product-type-simple"},"acf":[],"yoast_head":"<!-- This site is optimized with the Yoast SEO plugin v25.9 - https:\/\/yoast.com\/wordpress\/plugins\/seo\/ -->\n<title>CHOCOLAT DE COUVERTURE LAIT 650G<\/title>\n<meta name=\"description\" content=\"D\u00e9couvrez notre chocolat de couverture au lait, id\u00e9al pour toutes vos cr\u00e9ations. Laissez libre cours \u00e0 votre cr\u00e9ativit\u00e9 avec ce chocolat de qualit\u00e9 professionnelle.\" \/>\n<meta name=\"robots\" content=\"noindex, follow, max-snippet:-1, max-image-preview:large, max-video-preview:-1\" \/>\n<meta property=\"og:locale\" content=\"en_GB\" \/>\n<meta property=\"og:type\" content=\"article\" \/>\n<meta property=\"og:title\" content=\"CHOCOLAT DE COUVERTURE LAIT 650G\" \/>\n<meta property=\"og:description\" content=\"D\u00e9couvrez notre chocolat de couverture au lait, id\u00e9al pour toutes vos cr\u00e9ations. Laissez libre cours \u00e0 votre cr\u00e9ativit\u00e9 avec ce chocolat de qualit\u00e9 professionnelle.\" \/>\n<meta property=\"og:url\" content=\"https:\/\/preprod.lessecretsduchocolat.com\/en\/product\/milk-couverture-chocolate-650g\/\" \/>\n<meta property=\"og:site_name\" content=\"Secrets de Chocolat\" \/>\n<meta property=\"article:modified_time\" content=\"2025-08-27T11:06:22+00:00\" \/>\n<meta property=\"og:image\" content=\"https:\/\/preprod.lessecretsduchocolat.com\/wp-content\/uploads\/2025\/05\/663.jpg\" \/>\n\t<meta property=\"og:image:width\" content=\"500\" \/>\n\t<meta property=\"og:image:height\" content=\"500\" \/>\n\t<meta property=\"og:image:type\" content=\"image\/jpeg\" \/>\n<meta name=\"twitter:card\" content=\"summary_large_image\" \/>\n<meta name=\"twitter:label1\" content=\"Estimated reading time\" \/>\n\t<meta name=\"twitter:data1\" content=\"2 minutes\" \/>\n<script type=\"application\/ld+json\" class=\"yoast-schema-graph\">{\"@context\":\"https:\/\/schema.org\",\"@graph\":[{\"@type\":\"WebPage\",\"@id\":\"https:\/\/preprod.lessecretsduchocolat.com\/produit\/chocolat-de-couverture-lait-650g\/\",\"url\":\"https:\/\/preprod.lessecretsduchocolat.com\/produit\/chocolat-de-couverture-lait-650g\/\",\"name\":\"CHOCOLAT DE COUVERTURE LAIT 650G\",\"isPartOf\":{\"@id\":\"https:\/\/preprod.lessecretsduchocolat.com\/#website\"},\"primaryImageOfPage\":{\"@id\":\"https:\/\/preprod.lessecretsduchocolat.com\/produit\/chocolat-de-couverture-lait-650g\/#primaryimage\"},\"image\":{\"@id\":\"https:\/\/preprod.lessecretsduchocolat.com\/produit\/chocolat-de-couverture-lait-650g\/#primaryimage\"},\"thumbnailUrl\":\"https:\/\/preprod.lessecretsduchocolat.com\/wp-content\/uploads\/2025\/05\/663.jpg\",\"datePublished\":\"2021-03-27T06:40:06+00:00\",\"dateModified\":\"2025-08-27T11:06:22+00:00\",\"description\":\"D\u00e9couvrez notre chocolat de couverture au lait, id\u00e9al pour toutes vos cr\u00e9ations. Laissez libre cours \u00e0 votre cr\u00e9ativit\u00e9 avec ce chocolat de qualit\u00e9 professionnelle.\",\"breadcrumb\":{\"@id\":\"https:\/\/preprod.lessecretsduchocolat.com\/produit\/chocolat-de-couverture-lait-650g\/#breadcrumb\"},\"inLanguage\":\"en-GB\",\"potentialAction\":[{\"@type\":\"ReadAction\",\"target\":[\"https:\/\/preprod.lessecretsduchocolat.com\/produit\/chocolat-de-couverture-lait-650g\/\"]}]},{\"@type\":\"ImageObject\",\"inLanguage\":\"en-GB\",\"@id\":\"https:\/\/preprod.lessecretsduchocolat.com\/produit\/chocolat-de-couverture-lait-650g\/#primaryimage\",\"url\":\"https:\/\/preprod.lessecretsduchocolat.com\/wp-content\/uploads\/2025\/05\/663.jpg\",\"contentUrl\":\"https:\/\/preprod.lessecretsduchocolat.com\/wp-content\/uploads\/2025\/05\/663.jpg\",\"width\":500,\"height\":500},{\"@type\":\"BreadcrumbList\",\"@id\":\"https:\/\/preprod.lessecretsduchocolat.com\/produit\/chocolat-de-couverture-lait-650g\/#breadcrumb\",\"itemListElement\":[{\"@type\":\"ListItem\",\"position\":1,\"name\":\"Accueil\",\"item\":\"https:\/\/preprod.lessecretsduchocolat.com\/\"},{\"@type\":\"ListItem\",\"position\":2,\"name\":\"Magasin\",\"item\":\"https:\/\/preprod.lessecretsduchocolat.com\/magasin\/\"},{\"@type\":\"ListItem\",\"position\":3,\"name\":\"CHOCOLAT DE COUVERTURE LAIT 650G\"}]},{\"@type\":\"WebSite\",\"@id\":\"https:\/\/preprod.lessecretsduchocolat.com\/#website\",\"url\":\"https:\/\/preprod.lessecretsduchocolat.com\/\",\"name\":\"Secrets de Chocolat\",\"description\":\"\",\"publisher\":{\"@id\":\"https:\/\/preprod.lessecretsduchocolat.com\/#organization\"},\"potentialAction\":[{\"@type\":\"SearchAction\",\"target\":{\"@type\":\"EntryPoint\",\"urlTemplate\":\"https:\/\/preprod.lessecretsduchocolat.com\/?s={search_term_string}\"},\"query-input\":{\"@type\":\"PropertyValueSpecification\",\"valueRequired\":true,\"valueName\":\"search_term_string\"}}],\"inLanguage\":\"en-GB\"},{\"@type\":\"Organization\",\"@id\":\"https:\/\/preprod.lessecretsduchocolat.com\/#organization\",\"name\":\"Secrets de Chocolat\",\"url\":\"https:\/\/preprod.lessecretsduchocolat.com\/\",\"logo\":{\"@type\":\"ImageObject\",\"inLanguage\":\"en-GB\",\"@id\":\"https:\/\/preprod.lessecretsduchocolat.com\/#\/schema\/logo\/image\/\",\"url\":\"https:\/\/preprod.lessecretsduchocolat.com\/wp-content\/uploads\/2025\/05\/logo.png\",\"contentUrl\":\"https:\/\/preprod.lessecretsduchocolat.com\/wp-content\/uploads\/2025\/05\/logo.png\",\"width\":198,\"height\":85,\"caption\":\"Secrets de Chocolat\"},\"image\":{\"@id\":\"https:\/\/preprod.lessecretsduchocolat.com\/#\/schema\/logo\/image\/\"}}]}<\/script>\n<!-- \/ Yoast SEO plugin. -->","yoast_head_json":{"title":"MILK COUVERTURE CHOCOLATE 650G","description":"Discover our milk couverture chocolate, ideal for all your creations. Give free rein to your creativity with this professional quality chocolate.","robots":{"index":"noindex","follow":"follow","max-snippet":"max-snippet:-1","max-image-preview":"max-image-preview:large","max-video-preview":"max-video-preview:-1"},"og_locale":"en_GB","og_type":"article","og_title":"CHOCOLAT DE COUVERTURE LAIT 650G","og_description":"D\u00e9couvrez notre chocolat de couverture au lait, id\u00e9al pour toutes vos cr\u00e9ations. Laissez libre cours \u00e0 votre cr\u00e9ativit\u00e9 avec ce chocolat de qualit\u00e9 professionnelle.","og_url":"https:\/\/preprod.lessecretsduchocolat.com\/en\/product\/milk-couverture-chocolate-650g\/","og_site_name":"Secrets de Chocolat","article_modified_time":"2025-08-27T11:06:22+00:00","og_image":[{"width":500,"height":500,"url":"https:\/\/preprod.lessecretsduchocolat.com\/wp-content\/uploads\/2025\/05\/663.jpg","type":"image\/jpeg"}],"twitter_card":"summary_large_image","twitter_misc":{"Estimated reading time":"2 minutes"},"schema":{"@context":"https:\/\/schema.org","@graph":[{"@type":"WebPage","@id":"https:\/\/preprod.lessecretsduchocolat.com\/produit\/chocolat-de-couverture-lait-650g\/","url":"https:\/\/preprod.lessecretsduchocolat.com\/produit\/chocolat-de-couverture-lait-650g\/","name":"MILK COUVERTURE CHOCOLATE 650G","isPartOf":{"@id":"https:\/\/preprod.lessecretsduchocolat.com\/#website"},"primaryImageOfPage":{"@id":"https:\/\/preprod.lessecretsduchocolat.com\/produit\/chocolat-de-couverture-lait-650g\/#primaryimage"},"image":{"@id":"https:\/\/preprod.lessecretsduchocolat.com\/produit\/chocolat-de-couverture-lait-650g\/#primaryimage"},"thumbnailUrl":"https:\/\/preprod.lessecretsduchocolat.com\/wp-content\/uploads\/2025\/05\/663.jpg","datePublished":"2021-03-27T06:40:06+00:00","dateModified":"2025-08-27T11:06:22+00:00","description":"Discover our milk couverture chocolate, ideal for all your creations. Give free rein to your creativity with this professional quality chocolate.","breadcrumb":{"@id":"https:\/\/preprod.lessecretsduchocolat.com\/produit\/chocolat-de-couverture-lait-650g\/#breadcrumb"},"inLanguage":"en-GB","potentialAction":[{"@type":"ReadAction","target":["https:\/\/preprod.lessecretsduchocolat.com\/produit\/chocolat-de-couverture-lait-650g\/"]}]},{"@type":"ImageObject","inLanguage":"en-GB","@id":"https:\/\/preprod.lessecretsduchocolat.com\/produit\/chocolat-de-couverture-lait-650g\/#primaryimage","url":"https:\/\/preprod.lessecretsduchocolat.com\/wp-content\/uploads\/2025\/05\/663.jpg","contentUrl":"https:\/\/preprod.lessecretsduchocolat.com\/wp-content\/uploads\/2025\/05\/663.jpg","width":500,"height":500},{"@type":"BreadcrumbList","@id":"https:\/\/preprod.lessecretsduchocolat.com\/produit\/chocolat-de-couverture-lait-650g\/#breadcrumb","itemListElement":[{"@type":"ListItem","position":1,"name":"Accueil","item":"https:\/\/preprod.lessecretsduchocolat.com\/"},{"@type":"ListItem","position":2,"name":"Magasin","item":"https:\/\/preprod.lessecretsduchocolat.com\/magasin\/"},{"@type":"ListItem","position":3,"name":"CHOCOLAT DE COUVERTURE LAIT 650G"}]},{"@type":"WebSite","@id":"https:\/\/preprod.lessecretsduchocolat.com\/#website","url":"https:\/\/preprod.lessecretsduchocolat.com\/","name":"Secrets de Chocolat","description":"","publisher":{"@id":"https:\/\/preprod.lessecretsduchocolat.com\/#organization"},"potentialAction":[{"@type":"SearchAction","target":{"@type":"EntryPoint","urlTemplate":"https:\/\/preprod.lessecretsduchocolat.com\/?s={search_term_string}"},"query-input":{"@type":"PropertyValueSpecification","valueRequired":true,"valueName":"search_term_string"}}],"inLanguage":"en-GB"},{"@type":"Organization","@id":"https:\/\/preprod.lessecretsduchocolat.com\/#organization","name":"Secrets de Chocolat","url":"https:\/\/preprod.lessecretsduchocolat.com\/","logo":{"@type":"ImageObject","inLanguage":"en-GB","@id":"https:\/\/preprod.lessecretsduchocolat.com\/#\/schema\/logo\/image\/","url":"https:\/\/preprod.lessecretsduchocolat.com\/wp-content\/uploads\/2025\/05\/logo.png","contentUrl":"https:\/\/preprod.lessecretsduchocolat.com\/wp-content\/uploads\/2025\/05\/logo.png","width":198,"height":85,"caption":"Secrets de Chocolat"},"image":{"@id":"https:\/\/preprod.lessecretsduchocolat.com\/#\/schema\/logo\/image\/"}}]}},"_links":{"self":[{"href":"https:\/\/preprod.lessecretsduchocolat.com\/en\/wp-json\/wp\/v2\/product\/1064","targetHints":{"allow":["GET"]}}],"collection":[{"href":"https:\/\/preprod.lessecretsduchocolat.com\/en\/wp-json\/wp\/v2\/product"}],"about":[{"href":"https:\/\/preprod.lessecretsduchocolat.com\/en\/wp-json\/wp\/v2\/types\/product"}],"version-history":[{"count":3,"href":"https:\/\/preprod.lessecretsduchocolat.com\/en\/wp-json\/wp\/v2\/product\/1064\/revisions"}],"predecessor-version":[{"id":4039,"href":"https:\/\/preprod.lessecretsduchocolat.com\/en\/wp-json\/wp\/v2\/product\/1064\/revisions\/4039"}],"wp:featuredmedia":[{"embeddable":true,"href":"https:\/\/preprod.lessecretsduchocolat.com\/en\/wp-json\/wp\/v2\/media\/807"}],"wp:attachment":[{"href":"https:\/\/preprod.lessecretsduchocolat.com\/en\/wp-json\/wp\/v2\/media?parent=1064"}],"wp:term":[{"taxonomy":"product_brand","embeddable":true,"href":"https:\/\/preprod.lessecretsduchocolat.com\/en\/wp-json\/wp\/v2\/product_brand?post=1064"},{"taxonomy":"product_cat","embeddable":true,"href":"https:\/\/preprod.lessecretsduchocolat.com\/en\/wp-json\/wp\/v2\/product_cat?post=1064"},{"taxonomy":"product_tag","embeddable":true,"href":"https:\/\/preprod.lessecretsduchocolat.com\/en\/wp-json\/wp\/v2\/product_tag?post=1064"}],"curies":[{"name":"wp","href":"https:\/\/api.w.org\/{rel}","templated":true}]}}