{"id":1075,"date":"2021-04-02T06:40:06","date_gmt":"2021-04-02T06:40:06","guid":{"rendered":"https:\/\/preprod.lessecretsduchocolat.com\/?product=les-gianduja-lait-625g"},"modified":"2025-09-01T16:30:21","modified_gmt":"2025-09-01T14:30:21","slug":"milk-gianduja-625g","status":"publish","type":"product","link":"https:\/\/preprod.lessecretsduchocolat.com\/en\/product\/milk-gianduja-625g\/","title":{"rendered":"MILK GIANDUJA 625G"},"content":{"rendered":"<p data-start=\"274\" data-end=\"450\">Les <strong data-start=\"278\" data-end=\"301\">Gianduja lait <\/strong>sont une gourmandise incontournable, alliant la douceur soyeuse du chocolat au lait et l\u2019intensit\u00e9 raffin\u00e9e des noisettes travaill\u00e9es en gianduja.<\/p>\n<p data-start=\"452\" data-end=\"602\">Chaque bonbon est un concentr\u00e9 de plaisir : sous une coque fondante de chocolat au lait se d\u00e9voile un c\u0153ur tendre et onctueux de gianduja noisettes.<\/p>\n<p data-start=\"604\" data-end=\"769\">En bouche, la rondeur lact\u00e9e du chocolat s\u2019entrelace avec la richesse parfum\u00e9e de la noisette, offrant une harmonie parfaite entre fondant et intensit\u00e9 aromatique.<\/p>\n<p data-start=\"771\" data-end=\"922\">Le gianduja, \u00e9labor\u00e9 \u00e0 partir de noisettes finement broy\u00e9es, conf\u00e8re une texture velout\u00e9e et un go\u00fbt d\u00e9licatement pralin\u00e9, reconnaissable entre tous.<\/p>\n<p data-start=\"924\" data-end=\"1092\">Avec leur format g\u00e9n\u00e9reux de <strong data-start=\"953\" data-end=\"962\">625 g<\/strong>, ces bonbons sont parfaits pour les grandes tabl\u00e9es, les cadeaux gourmands ou les amateurs de chocolat \u00e0 d\u00e9guster au quotidien.<\/p>\n<p data-start=\"1094\" data-end=\"1277\">Les <strong>Gianduja lait<\/strong> s\u00e9duisent par leur simplicit\u00e9 \u00e9l\u00e9gante et leur authenticit\u00e9. Une recette intemporelle qui fait l\u2019unanimit\u00e9, aussi bien aupr\u00e8s des connaisseurs que des curieux.<\/p>\n<p data-start=\"1279\" data-end=\"1439\">Ces chocolats se d\u00e9gustent seuls, accompagnent un caf\u00e9 ou trouvent leur place sur une table de f\u00eate. Leur raffinement les rend adapt\u00e9s \u00e0 toutes les occasions.<\/p>\n<p data-start=\"1441\" data-end=\"1576\">Pr\u00e9sent\u00e9s en sachet g\u00e9n\u00e9reux, ils deviennent \u00e9galement une <strong data-start=\"1500\" data-end=\"1524\">id\u00e9e cadeau raffin\u00e9e<\/strong>, symbole de convivialit\u00e9 et d\u2019\u00e9l\u00e9gance gourmande.<\/p>\n<p data-start=\"1578\" data-end=\"1741\">Les <strong data-start=\"1582\" data-end=\"1605\">Gianduja lait<\/strong>\u00a0rappellent que la vraie gourmandise r\u00e9side dans la justesse des ingr\u00e9dients et la ma\u00eetrise d\u2019un savoir-faire chocolatier authentique.<\/p>\n<p data-start=\"1743\" data-end=\"1848\">Offrir ou s\u2019offrir ces gianduja, c\u2019est choisir un plaisir tendre, g\u00e9n\u00e9reux et universellement appr\u00e9ci\u00e9.<\/p>","protected":false},"excerpt":{"rendered":"<p>Laissez-vous envo\u00fbter par ce chocolat onctueux, qu&rsquo;on pourrait presque d\u00e9vorer en une bouch\u00e9e ! (44,00\u20ac\/kg)<\/p>","protected":false},"featured_media":838,"template":"","meta":{"_acf_changed":false,"site-sidebar-layout":"default","site-content-layout":"","ast-site-content-layout":"default","site-content-style":"default","site-sidebar-style":"default","ast-global-header-display":"","ast-banner-title-visibility":"","ast-main-header-display":"","ast-hfb-above-header-display":"","ast-hfb-below-header-display":"","ast-hfb-mobile-header-display":"","site-post-title":"","ast-breadcrumbs-content":"","ast-featured-img":"","footer-sml-layout":"","theme-transparent-header-meta":"default","adv-header-id-meta":"","stick-header-meta":"","header-above-stick-meta":"","header-main-stick-meta":"","header-below-stick-meta":"","astra-migrate-meta-layouts":"set","ast-page-background-enabled":"default","ast-page-background-meta":{"desktop":{"background-color":"var(--ast-global-color-4)","background-image":"","background-repeat":"repeat","background-position":"center center","background-size":"auto","background-attachment":"scroll","background-type":"","background-media":"","overlay-type":"","overlay-color":"","overlay-opacity":"","overlay-gradient":""},"tablet":{"background-color":"","background-image":"","background-repeat":"repeat","background-position":"center center","background-size":"auto","background-attachment":"scroll","background-type":"","background-media":"","overlay-type":"","overlay-color":"","overlay-opacity":"","overlay-gradient":""},"mobile":{"background-color":"","background-image":"","background-repeat":"repeat","background-position":"center center","background-size":"auto","background-attachment":"scroll","background-type":"","background-media":"","overlay-type":"","overlay-color":"","overlay-opacity":"","overlay-gradient":""}},"ast-content-background-meta":{"desktop":{"background-color":"var(--ast-global-color-5)","background-image":"","background-repeat":"repeat","background-position":"center center","background-size":"auto","background-attachment":"scroll","background-type":"","background-media":"","overlay-type":"","overlay-color":"","overlay-opacity":"","overlay-gradient":""},"tablet":{"background-color":"var(--ast-global-color-5)","background-image":"","background-repeat":"repeat","background-position":"center center","background-size":"auto","background-attachment":"scroll","background-type":"","background-media":"","overlay-type":"","overlay-color":"","overlay-opacity":"","overlay-gradient":""},"mobile":{"background-color":"var(--ast-global-color-5)","background-image":"","background-repeat":"repeat","background-position":"center center","background-size":"auto","background-attachment":"scroll","background-type":"","background-media":"","overlay-type":"","overlay-color":"","overlay-opacity":"","overlay-gradient":""}},"iawp_total_views":0},"product_brand":[],"product_cat":[201],"product_tag":[],"class_list":{"0":"post-1075","1":"product","2":"type-product","3":"status-publish","4":"has-post-thumbnail","6":"product_cat-grands-formats","7":"desktop-align-left","8":"tablet-align-left","9":"mobile-align-left","11":"first","12":"outofstock","13":"taxable","14":"shipping-taxable","15":"purchasable","16":"product-type-simple"},"acf":[],"yoast_head":"<!-- This site is optimized with the Yoast SEO plugin v25.9 - https:\/\/yoast.com\/wordpress\/plugins\/seo\/ -->\n<title>LES GIANDUJA LAIT 750G<\/title>\n<meta name=\"description\" content=\"D\u00e9couvrez les Gianduja lait 625 g : bonbons de chocolat au lait fondant au c\u0153ur gianduja noisettes. Une gourmandise raffin\u00e9e, g\u00e9n\u00e9reuse et intemporelle.\" \/>\n<meta name=\"robots\" content=\"noindex, follow, max-snippet:-1, max-image-preview:large, max-video-preview:-1\" \/>\n<meta property=\"og:locale\" content=\"en_GB\" \/>\n<meta property=\"og:type\" content=\"article\" \/>\n<meta property=\"og:title\" content=\"LES GIANDUJA LAIT 750G\" \/>\n<meta property=\"og:description\" content=\"D\u00e9couvrez les Gianduja lait 625 g : bonbons de chocolat au lait fondant au c\u0153ur gianduja noisettes. Une gourmandise raffin\u00e9e, g\u00e9n\u00e9reuse et intemporelle.\" \/>\n<meta property=\"og:url\" content=\"https:\/\/preprod.lessecretsduchocolat.com\/en\/product\/milk-gianduja-625g\/\" \/>\n<meta property=\"og:site_name\" content=\"Secrets de Chocolat\" \/>\n<meta property=\"article:modified_time\" content=\"2025-09-01T14:30:21+00:00\" \/>\n<meta property=\"og:image\" content=\"https:\/\/preprod.lessecretsduchocolat.com\/wp-content\/uploads\/2025\/05\/686.jpg\" \/>\n\t<meta property=\"og:image:width\" content=\"500\" \/>\n\t<meta property=\"og:image:height\" content=\"500\" \/>\n\t<meta property=\"og:image:type\" content=\"image\/jpeg\" \/>\n<meta name=\"twitter:card\" content=\"summary_large_image\" \/>\n<meta name=\"twitter:label1\" content=\"Estimated reading time\" \/>\n\t<meta name=\"twitter:data1\" content=\"2 minutes\" \/>\n<script type=\"application\/ld+json\" class=\"yoast-schema-graph\">{\"@context\":\"https:\/\/schema.org\",\"@graph\":[{\"@type\":\"WebPage\",\"@id\":\"https:\/\/preprod.lessecretsduchocolat.com\/produit\/les-gianduja-lait-625g\/\",\"url\":\"https:\/\/preprod.lessecretsduchocolat.com\/produit\/les-gianduja-lait-625g\/\",\"name\":\"LES GIANDUJA LAIT 750G\",\"isPartOf\":{\"@id\":\"https:\/\/preprod.lessecretsduchocolat.com\/#website\"},\"primaryImageOfPage\":{\"@id\":\"https:\/\/preprod.lessecretsduchocolat.com\/produit\/les-gianduja-lait-625g\/#primaryimage\"},\"image\":{\"@id\":\"https:\/\/preprod.lessecretsduchocolat.com\/produit\/les-gianduja-lait-625g\/#primaryimage\"},\"thumbnailUrl\":\"https:\/\/preprod.lessecretsduchocolat.com\/wp-content\/uploads\/2025\/05\/686.jpg\",\"datePublished\":\"2021-04-02T06:40:06+00:00\",\"dateModified\":\"2025-09-01T14:30:21+00:00\",\"description\":\"D\u00e9couvrez les Gianduja lait 625 g : bonbons de chocolat au lait fondant au c\u0153ur gianduja noisettes. Une gourmandise raffin\u00e9e, g\u00e9n\u00e9reuse et intemporelle.\",\"breadcrumb\":{\"@id\":\"https:\/\/preprod.lessecretsduchocolat.com\/produit\/les-gianduja-lait-625g\/#breadcrumb\"},\"inLanguage\":\"en-GB\",\"potentialAction\":[{\"@type\":\"ReadAction\",\"target\":[\"https:\/\/preprod.lessecretsduchocolat.com\/produit\/les-gianduja-lait-625g\/\"]}]},{\"@type\":\"ImageObject\",\"inLanguage\":\"en-GB\",\"@id\":\"https:\/\/preprod.lessecretsduchocolat.com\/produit\/les-gianduja-lait-625g\/#primaryimage\",\"url\":\"https:\/\/preprod.lessecretsduchocolat.com\/wp-content\/uploads\/2025\/05\/686.jpg\",\"contentUrl\":\"https:\/\/preprod.lessecretsduchocolat.com\/wp-content\/uploads\/2025\/05\/686.jpg\",\"width\":500,\"height\":500,\"caption\":\"image gianduja lait sachet\"},{\"@type\":\"BreadcrumbList\",\"@id\":\"https:\/\/preprod.lessecretsduchocolat.com\/produit\/les-gianduja-lait-625g\/#breadcrumb\",\"itemListElement\":[{\"@type\":\"ListItem\",\"position\":1,\"name\":\"Accueil\",\"item\":\"https:\/\/preprod.lessecretsduchocolat.com\/\"},{\"@type\":\"ListItem\",\"position\":2,\"name\":\"Magasin\",\"item\":\"https:\/\/preprod.lessecretsduchocolat.com\/magasin\/\"},{\"@type\":\"ListItem\",\"position\":3,\"name\":\"LES GIANDUJA LAIT 625G\"}]},{\"@type\":\"WebSite\",\"@id\":\"https:\/\/preprod.lessecretsduchocolat.com\/#website\",\"url\":\"https:\/\/preprod.lessecretsduchocolat.com\/\",\"name\":\"Secrets de Chocolat\",\"description\":\"\",\"publisher\":{\"@id\":\"https:\/\/preprod.lessecretsduchocolat.com\/#organization\"},\"potentialAction\":[{\"@type\":\"SearchAction\",\"target\":{\"@type\":\"EntryPoint\",\"urlTemplate\":\"https:\/\/preprod.lessecretsduchocolat.com\/?s={search_term_string}\"},\"query-input\":{\"@type\":\"PropertyValueSpecification\",\"valueRequired\":true,\"valueName\":\"search_term_string\"}}],\"inLanguage\":\"en-GB\"},{\"@type\":\"Organization\",\"@id\":\"https:\/\/preprod.lessecretsduchocolat.com\/#organization\",\"name\":\"Secrets de Chocolat\",\"url\":\"https:\/\/preprod.lessecretsduchocolat.com\/\",\"logo\":{\"@type\":\"ImageObject\",\"inLanguage\":\"en-GB\",\"@id\":\"https:\/\/preprod.lessecretsduchocolat.com\/#\/schema\/logo\/image\/\",\"url\":\"https:\/\/preprod.lessecretsduchocolat.com\/wp-content\/uploads\/2025\/05\/logo.png\",\"contentUrl\":\"https:\/\/preprod.lessecretsduchocolat.com\/wp-content\/uploads\/2025\/05\/logo.png\",\"width\":198,\"height\":85,\"caption\":\"Secrets de Chocolat\"},\"image\":{\"@id\":\"https:\/\/preprod.lessecretsduchocolat.com\/#\/schema\/logo\/image\/\"}}]}<\/script>\n<!-- \/ Yoast SEO plugin. -->","yoast_head_json":{"title":"MILK GIANDUJA 750G","description":"Discover 625g Milk Gianduja: melting milk chocolate bonbons with a hazelnut gianduja centre. A refined, generous and timeless delicacy.","robots":{"index":"noindex","follow":"follow","max-snippet":"max-snippet:-1","max-image-preview":"max-image-preview:large","max-video-preview":"max-video-preview:-1"},"og_locale":"en_GB","og_type":"article","og_title":"LES GIANDUJA LAIT 750G","og_description":"D\u00e9couvrez les Gianduja lait 625 g : bonbons de chocolat au lait fondant au c\u0153ur gianduja noisettes. Une gourmandise raffin\u00e9e, g\u00e9n\u00e9reuse et intemporelle.","og_url":"https:\/\/preprod.lessecretsduchocolat.com\/en\/product\/milk-gianduja-625g\/","og_site_name":"Secrets de Chocolat","article_modified_time":"2025-09-01T14:30:21+00:00","og_image":[{"width":500,"height":500,"url":"https:\/\/preprod.lessecretsduchocolat.com\/wp-content\/uploads\/2025\/05\/686.jpg","type":"image\/jpeg"}],"twitter_card":"summary_large_image","twitter_misc":{"Estimated reading time":"2 minutes"},"schema":{"@context":"https:\/\/schema.org","@graph":[{"@type":"WebPage","@id":"https:\/\/preprod.lessecretsduchocolat.com\/produit\/les-gianduja-lait-625g\/","url":"https:\/\/preprod.lessecretsduchocolat.com\/produit\/les-gianduja-lait-625g\/","name":"MILK GIANDUJA 750G","isPartOf":{"@id":"https:\/\/preprod.lessecretsduchocolat.com\/#website"},"primaryImageOfPage":{"@id":"https:\/\/preprod.lessecretsduchocolat.com\/produit\/les-gianduja-lait-625g\/#primaryimage"},"image":{"@id":"https:\/\/preprod.lessecretsduchocolat.com\/produit\/les-gianduja-lait-625g\/#primaryimage"},"thumbnailUrl":"https:\/\/preprod.lessecretsduchocolat.com\/wp-content\/uploads\/2025\/05\/686.jpg","datePublished":"2021-04-02T06:40:06+00:00","dateModified":"2025-09-01T14:30:21+00:00","description":"Discover 625g Milk Gianduja: melting milk chocolate bonbons with a hazelnut gianduja centre. A refined, generous and timeless delicacy.","breadcrumb":{"@id":"https:\/\/preprod.lessecretsduchocolat.com\/produit\/les-gianduja-lait-625g\/#breadcrumb"},"inLanguage":"en-GB","potentialAction":[{"@type":"ReadAction","target":["https:\/\/preprod.lessecretsduchocolat.com\/produit\/les-gianduja-lait-625g\/"]}]},{"@type":"ImageObject","inLanguage":"en-GB","@id":"https:\/\/preprod.lessecretsduchocolat.com\/produit\/les-gianduja-lait-625g\/#primaryimage","url":"https:\/\/preprod.lessecretsduchocolat.com\/wp-content\/uploads\/2025\/05\/686.jpg","contentUrl":"https:\/\/preprod.lessecretsduchocolat.com\/wp-content\/uploads\/2025\/05\/686.jpg","width":500,"height":500,"caption":"image gianduja lait sachet"},{"@type":"BreadcrumbList","@id":"https:\/\/preprod.lessecretsduchocolat.com\/produit\/les-gianduja-lait-625g\/#breadcrumb","itemListElement":[{"@type":"ListItem","position":1,"name":"Accueil","item":"https:\/\/preprod.lessecretsduchocolat.com\/"},{"@type":"ListItem","position":2,"name":"Magasin","item":"https:\/\/preprod.lessecretsduchocolat.com\/magasin\/"},{"@type":"ListItem","position":3,"name":"LES GIANDUJA LAIT 625G"}]},{"@type":"WebSite","@id":"https:\/\/preprod.lessecretsduchocolat.com\/#website","url":"https:\/\/preprod.lessecretsduchocolat.com\/","name":"Secrets de Chocolat","description":"","publisher":{"@id":"https:\/\/preprod.lessecretsduchocolat.com\/#organization"},"potentialAction":[{"@type":"SearchAction","target":{"@type":"EntryPoint","urlTemplate":"https:\/\/preprod.lessecretsduchocolat.com\/?s={search_term_string}"},"query-input":{"@type":"PropertyValueSpecification","valueRequired":true,"valueName":"search_term_string"}}],"inLanguage":"en-GB"},{"@type":"Organization","@id":"https:\/\/preprod.lessecretsduchocolat.com\/#organization","name":"Secrets de Chocolat","url":"https:\/\/preprod.lessecretsduchocolat.com\/","logo":{"@type":"ImageObject","inLanguage":"en-GB","@id":"https:\/\/preprod.lessecretsduchocolat.com\/#\/schema\/logo\/image\/","url":"https:\/\/preprod.lessecretsduchocolat.com\/wp-content\/uploads\/2025\/05\/logo.png","contentUrl":"https:\/\/preprod.lessecretsduchocolat.com\/wp-content\/uploads\/2025\/05\/logo.png","width":198,"height":85,"caption":"Secrets de Chocolat"},"image":{"@id":"https:\/\/preprod.lessecretsduchocolat.com\/#\/schema\/logo\/image\/"}}]}},"_links":{"self":[{"href":"https:\/\/preprod.lessecretsduchocolat.com\/en\/wp-json\/wp\/v2\/product\/1075","targetHints":{"allow":["GET"]}}],"collection":[{"href":"https:\/\/preprod.lessecretsduchocolat.com\/en\/wp-json\/wp\/v2\/product"}],"about":[{"href":"https:\/\/preprod.lessecretsduchocolat.com\/en\/wp-json\/wp\/v2\/types\/product"}],"version-history":[{"count":4,"href":"https:\/\/preprod.lessecretsduchocolat.com\/en\/wp-json\/wp\/v2\/product\/1075\/revisions"}],"predecessor-version":[{"id":4220,"href":"https:\/\/preprod.lessecretsduchocolat.com\/en\/wp-json\/wp\/v2\/product\/1075\/revisions\/4220"}],"wp:featuredmedia":[{"embeddable":true,"href":"https:\/\/preprod.lessecretsduchocolat.com\/en\/wp-json\/wp\/v2\/media\/838"}],"wp:attachment":[{"href":"https:\/\/preprod.lessecretsduchocolat.com\/en\/wp-json\/wp\/v2\/media?parent=1075"}],"wp:term":[{"taxonomy":"product_brand","embeddable":true,"href":"https:\/\/preprod.lessecretsduchocolat.com\/en\/wp-json\/wp\/v2\/product_brand?post=1075"},{"taxonomy":"product_cat","embeddable":true,"href":"https:\/\/preprod.lessecretsduchocolat.com\/en\/wp-json\/wp\/v2\/product_cat?post=1075"},{"taxonomy":"product_tag","embeddable":true,"href":"https:\/\/preprod.lessecretsduchocolat.com\/en\/wp-json\/wp\/v2\/product_tag?post=1075"}],"curies":[{"name":"wp","href":"https:\/\/api.w.org\/{rel}","templated":true}]}}