{"id":1076,"date":"2021-04-02T06:40:06","date_gmt":"2021-04-02T06:40:06","guid":{"rendered":"https:\/\/preprod.lessecretsduchocolat.com\/?product=les-kougelhopfs-700g"},"modified":"2025-09-01T16:28:46","modified_gmt":"2025-09-01T14:28:46","slug":"kougelhopfs-700g","status":"publish","type":"product","link":"https:\/\/preprod.lessecretsduchocolat.com\/en\/product\/kougelhopfs-700g\/","title":{"rendered":"KOUGELHOPFS 700G"},"content":{"rendered":"<p data-start=\"307\" data-end=\"497\">Les <strong data-start=\"311\" data-end=\"331\">Kougelhopfs drag\u00e9ifi\u00e9s <\/strong>sont une gourmandise originale et \u00e9l\u00e9gante, inspir\u00e9e du c\u00e9l\u00e8bre g\u00e2teau alsacien revisit\u00e9 en version chocolat\u00e9e. Un clin d\u2019\u0153il r\u00e9gional aussi savoureux que raffin\u00e9.<\/p>\n<p data-start=\"499\" data-end=\"661\">Chaque bonbon, en forme de petit kougelhopf, cache un c\u0153ur fondant de <strong data-start=\"568\" data-end=\"597\">gianduja noisettes <\/strong>subtilement relev\u00e9 par des <strong data-start=\"625\" data-end=\"658\">\u00e9clats de cr\u00eape croustillante<\/strong>.<\/p>\n<p data-start=\"663\" data-end=\"822\">Sous la <strong data-start=\"671\" data-end=\"720\">coque de chocolat au lait pur beurre de cacao<\/strong>, une texture g\u00e9n\u00e9reuse et fondante se m\u00eale au croustillant d\u00e9licat, pour un contraste irr\u00e9sistible.<\/p>\n<p data-start=\"824\" data-end=\"990\">Leur finition drag\u00e9ifi\u00e9e apporte une touche croquante suppl\u00e9mentaire et un visuel \u00e9l\u00e9gant, qui rappelle l\u2019esprit festif et traditionnel des confiseries alsaciennes.<\/p>\n<p data-start=\"992\" data-end=\"1132\">En bouche, le mariage s\u00e9duit imm\u00e9diatement : douceur lact\u00e9e du chocolat, rondeur du gianduja et croustillant raffin\u00e9 de la cr\u00eape dentelle.<\/p>\n<p data-start=\"1134\" data-end=\"1297\">Avec leur format g\u00e9n\u00e9reux de <strong data-start=\"1163\" data-end=\"1172\">700 g<\/strong>, les <strong data-start=\"1178\" data-end=\"1209\">Kougelhopfs chocolat au lait<\/strong> sont parfaits pour partager en famille, garnir une table de f\u00eate ou offrir en cadeau.<\/p>\n<p data-start=\"1299\" data-end=\"1450\">Ces bonbons sont \u00e0 la fois une gourmandise et un hommage au patrimoine culinaire alsacien. Une sp\u00e9cialit\u00e9 revisit\u00e9e qui allie tradition et modernit\u00e9.<\/p>\n<p data-start=\"1452\" data-end=\"1608\">Leur pr\u00e9sentation soign\u00e9e et leur recette originale en font \u00e9galement une <strong data-start=\"1526\" data-end=\"1550\">id\u00e9e cadeau raffin\u00e9e<\/strong>, qui plaira aux amoureux de chocolat comme aux curieux.<\/p>\n<p data-start=\"1610\" data-end=\"1722\">Les <strong data-start=\"1614\" data-end=\"1637\">Kougelhopfs gianduja<\/strong> incarnent l\u2019art de marier textures et saveurs dans une forme ludique et gourmande.<\/p>\n<p data-start=\"1724\" data-end=\"1852\">Offrir ou s\u2019offrir un sachet de Kougelhopfs, c\u2019est savourer un chocolat authentique, g\u00e9n\u00e9reux et irr\u00e9sistiblement croustillant.<\/p>","protected":false},"excerpt":{"rendered":"<p>Croquez dans ce bonbon de chocolat au lait drag\u00e9ifi\u00e9 qui associe la noisette et la cr\u00eape dentelle. Le compagnon parfait de votre pause gourmande ! (44,00\u20ac\/kg)<\/p>","protected":false},"featured_media":840,"template":"","meta":{"_acf_changed":false,"site-sidebar-layout":"default","site-content-layout":"","ast-site-content-layout":"default","site-content-style":"default","site-sidebar-style":"default","ast-global-header-display":"","ast-banner-title-visibility":"","ast-main-header-display":"","ast-hfb-above-header-display":"","ast-hfb-below-header-display":"","ast-hfb-mobile-header-display":"","site-post-title":"","ast-breadcrumbs-content":"","ast-featured-img":"","footer-sml-layout":"","theme-transparent-header-meta":"default","adv-header-id-meta":"","stick-header-meta":"","header-above-stick-meta":"","header-main-stick-meta":"","header-below-stick-meta":"","astra-migrate-meta-layouts":"set","ast-page-background-enabled":"default","ast-page-background-meta":{"desktop":{"background-color":"var(--ast-global-color-4)","background-image":"","background-repeat":"repeat","background-position":"center center","background-size":"auto","background-attachment":"scroll","background-type":"","background-media":"","overlay-type":"","overlay-color":"","overlay-opacity":"","overlay-gradient":""},"tablet":{"background-color":"","background-image":"","background-repeat":"repeat","background-position":"center center","background-size":"auto","background-attachment":"scroll","background-type":"","background-media":"","overlay-type":"","overlay-color":"","overlay-opacity":"","overlay-gradient":""},"mobile":{"background-color":"","background-image":"","background-repeat":"repeat","background-position":"center center","background-size":"auto","background-attachment":"scroll","background-type":"","background-media":"","overlay-type":"","overlay-color":"","overlay-opacity":"","overlay-gradient":""}},"ast-content-background-meta":{"desktop":{"background-color":"var(--ast-global-color-5)","background-image":"","background-repeat":"repeat","background-position":"center center","background-size":"auto","background-attachment":"scroll","background-type":"","background-media":"","overlay-type":"","overlay-color":"","overlay-opacity":"","overlay-gradient":""},"tablet":{"background-color":"var(--ast-global-color-5)","background-image":"","background-repeat":"repeat","background-position":"center center","background-size":"auto","background-attachment":"scroll","background-type":"","background-media":"","overlay-type":"","overlay-color":"","overlay-opacity":"","overlay-gradient":""},"mobile":{"background-color":"var(--ast-global-color-5)","background-image":"","background-repeat":"repeat","background-position":"center center","background-size":"auto","background-attachment":"scroll","background-type":"","background-media":"","overlay-type":"","overlay-color":"","overlay-opacity":"","overlay-gradient":""}},"iawp_total_views":0},"product_brand":[],"product_cat":[201],"product_tag":[],"class_list":{"0":"post-1076","1":"product","2":"type-product","3":"status-publish","4":"has-post-thumbnail","6":"product_cat-grands-formats","7":"desktop-align-left","8":"tablet-align-left","9":"mobile-align-left","11":"first","12":"outofstock","13":"taxable","14":"shipping-taxable","15":"purchasable","16":"product-type-simple"},"acf":[],"yoast_head":"<!-- This site is optimized with the Yoast SEO plugin v25.9 - https:\/\/yoast.com\/wordpress\/plugins\/seo\/ -->\n<title>LES KOUGELHOPFS 700G<\/title>\n<meta name=\"description\" content=\"Craquez pour les Kougelhofs 700 g : chocolats au lait drag\u00e9ifi\u00e9s, c\u0153ur gianduja noisettes et \u00e9clats croustillants de cr\u00eape. Une gourmandise alsacienne.\" \/>\n<meta name=\"robots\" content=\"noindex, follow, max-snippet:-1, max-image-preview:large, max-video-preview:-1\" \/>\n<meta property=\"og:locale\" content=\"en_GB\" \/>\n<meta property=\"og:type\" content=\"article\" \/>\n<meta property=\"og:title\" content=\"LES KOUGELHOPFS 700G\" \/>\n<meta property=\"og:description\" content=\"Craquez pour les Kougelhofs 700 g : chocolats au lait drag\u00e9ifi\u00e9s, c\u0153ur gianduja noisettes et \u00e9clats croustillants de cr\u00eape. Une gourmandise alsacienne.\" \/>\n<meta property=\"og:url\" content=\"https:\/\/preprod.lessecretsduchocolat.com\/en\/product\/kougelhopfs-700g\/\" \/>\n<meta property=\"og:site_name\" content=\"Secrets de Chocolat\" \/>\n<meta property=\"article:modified_time\" content=\"2025-09-01T14:28:46+00:00\" \/>\n<meta property=\"og:image\" content=\"https:\/\/preprod.lessecretsduchocolat.com\/wp-content\/uploads\/2025\/05\/751.jpg\" \/>\n\t<meta property=\"og:image:width\" content=\"500\" \/>\n\t<meta property=\"og:image:height\" content=\"500\" \/>\n\t<meta property=\"og:image:type\" content=\"image\/jpeg\" \/>\n<meta name=\"twitter:card\" content=\"summary_large_image\" \/>\n<meta name=\"twitter:label1\" content=\"Estimated reading time\" \/>\n\t<meta name=\"twitter:data1\" content=\"2 minutes\" \/>\n<script type=\"application\/ld+json\" class=\"yoast-schema-graph\">{\"@context\":\"https:\/\/schema.org\",\"@graph\":[{\"@type\":\"WebPage\",\"@id\":\"https:\/\/preprod.lessecretsduchocolat.com\/produit\/les-kougelhopfs-700g\/\",\"url\":\"https:\/\/preprod.lessecretsduchocolat.com\/produit\/les-kougelhopfs-700g\/\",\"name\":\"LES KOUGELHOPFS 700G\",\"isPartOf\":{\"@id\":\"https:\/\/preprod.lessecretsduchocolat.com\/#website\"},\"primaryImageOfPage\":{\"@id\":\"https:\/\/preprod.lessecretsduchocolat.com\/produit\/les-kougelhopfs-700g\/#primaryimage\"},\"image\":{\"@id\":\"https:\/\/preprod.lessecretsduchocolat.com\/produit\/les-kougelhopfs-700g\/#primaryimage\"},\"thumbnailUrl\":\"https:\/\/preprod.lessecretsduchocolat.com\/wp-content\/uploads\/2025\/05\/751.jpg\",\"datePublished\":\"2021-04-02T06:40:06+00:00\",\"dateModified\":\"2025-09-01T14:28:46+00:00\",\"description\":\"Craquez pour les Kougelhofs 700 g : chocolats au lait drag\u00e9ifi\u00e9s, c\u0153ur gianduja noisettes et \u00e9clats croustillants de cr\u00eape. Une gourmandise alsacienne.\",\"breadcrumb\":{\"@id\":\"https:\/\/preprod.lessecretsduchocolat.com\/produit\/les-kougelhopfs-700g\/#breadcrumb\"},\"inLanguage\":\"en-GB\",\"potentialAction\":[{\"@type\":\"ReadAction\",\"target\":[\"https:\/\/preprod.lessecretsduchocolat.com\/produit\/les-kougelhopfs-700g\/\"]}]},{\"@type\":\"ImageObject\",\"inLanguage\":\"en-GB\",\"@id\":\"https:\/\/preprod.lessecretsduchocolat.com\/produit\/les-kougelhopfs-700g\/#primaryimage\",\"url\":\"https:\/\/preprod.lessecretsduchocolat.com\/wp-content\/uploads\/2025\/05\/751.jpg\",\"contentUrl\":\"https:\/\/preprod.lessecretsduchocolat.com\/wp-content\/uploads\/2025\/05\/751.jpg\",\"width\":500,\"height\":500,\"caption\":\"image kougelhopf sachet\"},{\"@type\":\"BreadcrumbList\",\"@id\":\"https:\/\/preprod.lessecretsduchocolat.com\/produit\/les-kougelhopfs-700g\/#breadcrumb\",\"itemListElement\":[{\"@type\":\"ListItem\",\"position\":1,\"name\":\"Accueil\",\"item\":\"https:\/\/preprod.lessecretsduchocolat.com\/\"},{\"@type\":\"ListItem\",\"position\":2,\"name\":\"Magasin\",\"item\":\"https:\/\/preprod.lessecretsduchocolat.com\/magasin\/\"},{\"@type\":\"ListItem\",\"position\":3,\"name\":\"LES KOUGELHOPFS 700G\"}]},{\"@type\":\"WebSite\",\"@id\":\"https:\/\/preprod.lessecretsduchocolat.com\/#website\",\"url\":\"https:\/\/preprod.lessecretsduchocolat.com\/\",\"name\":\"Secrets de Chocolat\",\"description\":\"\",\"publisher\":{\"@id\":\"https:\/\/preprod.lessecretsduchocolat.com\/#organization\"},\"potentialAction\":[{\"@type\":\"SearchAction\",\"target\":{\"@type\":\"EntryPoint\",\"urlTemplate\":\"https:\/\/preprod.lessecretsduchocolat.com\/?s={search_term_string}\"},\"query-input\":{\"@type\":\"PropertyValueSpecification\",\"valueRequired\":true,\"valueName\":\"search_term_string\"}}],\"inLanguage\":\"en-GB\"},{\"@type\":\"Organization\",\"@id\":\"https:\/\/preprod.lessecretsduchocolat.com\/#organization\",\"name\":\"Secrets de Chocolat\",\"url\":\"https:\/\/preprod.lessecretsduchocolat.com\/\",\"logo\":{\"@type\":\"ImageObject\",\"inLanguage\":\"en-GB\",\"@id\":\"https:\/\/preprod.lessecretsduchocolat.com\/#\/schema\/logo\/image\/\",\"url\":\"https:\/\/preprod.lessecretsduchocolat.com\/wp-content\/uploads\/2025\/05\/logo.png\",\"contentUrl\":\"https:\/\/preprod.lessecretsduchocolat.com\/wp-content\/uploads\/2025\/05\/logo.png\",\"width\":198,\"height\":85,\"caption\":\"Secrets de Chocolat\"},\"image\":{\"@id\":\"https:\/\/preprod.lessecretsduchocolat.com\/#\/schema\/logo\/image\/\"}}]}<\/script>\n<!-- \/ Yoast SEO plugin. -->","yoast_head_json":{"title":"KOUGELHOPFS 700G","description":"Go for the 700g Kougelhofs: milk chocolates with sugar coating, hazelnut gianduja centre and crunchy cr\u00eape chips. A delicacy from Alsace.","robots":{"index":"noindex","follow":"follow","max-snippet":"max-snippet:-1","max-image-preview":"max-image-preview:large","max-video-preview":"max-video-preview:-1"},"og_locale":"en_GB","og_type":"article","og_title":"LES KOUGELHOPFS 700G","og_description":"Craquez pour les Kougelhofs 700 g : chocolats au lait drag\u00e9ifi\u00e9s, c\u0153ur gianduja noisettes et \u00e9clats croustillants de cr\u00eape. Une gourmandise alsacienne.","og_url":"https:\/\/preprod.lessecretsduchocolat.com\/en\/product\/kougelhopfs-700g\/","og_site_name":"Secrets de Chocolat","article_modified_time":"2025-09-01T14:28:46+00:00","og_image":[{"width":500,"height":500,"url":"https:\/\/preprod.lessecretsduchocolat.com\/wp-content\/uploads\/2025\/05\/751.jpg","type":"image\/jpeg"}],"twitter_card":"summary_large_image","twitter_misc":{"Estimated reading time":"2 minutes"},"schema":{"@context":"https:\/\/schema.org","@graph":[{"@type":"WebPage","@id":"https:\/\/preprod.lessecretsduchocolat.com\/produit\/les-kougelhopfs-700g\/","url":"https:\/\/preprod.lessecretsduchocolat.com\/produit\/les-kougelhopfs-700g\/","name":"KOUGELHOPFS 700G","isPartOf":{"@id":"https:\/\/preprod.lessecretsduchocolat.com\/#website"},"primaryImageOfPage":{"@id":"https:\/\/preprod.lessecretsduchocolat.com\/produit\/les-kougelhopfs-700g\/#primaryimage"},"image":{"@id":"https:\/\/preprod.lessecretsduchocolat.com\/produit\/les-kougelhopfs-700g\/#primaryimage"},"thumbnailUrl":"https:\/\/preprod.lessecretsduchocolat.com\/wp-content\/uploads\/2025\/05\/751.jpg","datePublished":"2021-04-02T06:40:06+00:00","dateModified":"2025-09-01T14:28:46+00:00","description":"Go for the 700g Kougelhofs: milk chocolates with sugar coating, hazelnut gianduja centre and crunchy cr\u00eape chips. A delicacy from Alsace.","breadcrumb":{"@id":"https:\/\/preprod.lessecretsduchocolat.com\/produit\/les-kougelhopfs-700g\/#breadcrumb"},"inLanguage":"en-GB","potentialAction":[{"@type":"ReadAction","target":["https:\/\/preprod.lessecretsduchocolat.com\/produit\/les-kougelhopfs-700g\/"]}]},{"@type":"ImageObject","inLanguage":"en-GB","@id":"https:\/\/preprod.lessecretsduchocolat.com\/produit\/les-kougelhopfs-700g\/#primaryimage","url":"https:\/\/preprod.lessecretsduchocolat.com\/wp-content\/uploads\/2025\/05\/751.jpg","contentUrl":"https:\/\/preprod.lessecretsduchocolat.com\/wp-content\/uploads\/2025\/05\/751.jpg","width":500,"height":500,"caption":"image kougelhopf sachet"},{"@type":"BreadcrumbList","@id":"https:\/\/preprod.lessecretsduchocolat.com\/produit\/les-kougelhopfs-700g\/#breadcrumb","itemListElement":[{"@type":"ListItem","position":1,"name":"Accueil","item":"https:\/\/preprod.lessecretsduchocolat.com\/"},{"@type":"ListItem","position":2,"name":"Magasin","item":"https:\/\/preprod.lessecretsduchocolat.com\/magasin\/"},{"@type":"ListItem","position":3,"name":"LES KOUGELHOPFS 700G"}]},{"@type":"WebSite","@id":"https:\/\/preprod.lessecretsduchocolat.com\/#website","url":"https:\/\/preprod.lessecretsduchocolat.com\/","name":"Secrets de Chocolat","description":"","publisher":{"@id":"https:\/\/preprod.lessecretsduchocolat.com\/#organization"},"potentialAction":[{"@type":"SearchAction","target":{"@type":"EntryPoint","urlTemplate":"https:\/\/preprod.lessecretsduchocolat.com\/?s={search_term_string}"},"query-input":{"@type":"PropertyValueSpecification","valueRequired":true,"valueName":"search_term_string"}}],"inLanguage":"en-GB"},{"@type":"Organization","@id":"https:\/\/preprod.lessecretsduchocolat.com\/#organization","name":"Secrets de Chocolat","url":"https:\/\/preprod.lessecretsduchocolat.com\/","logo":{"@type":"ImageObject","inLanguage":"en-GB","@id":"https:\/\/preprod.lessecretsduchocolat.com\/#\/schema\/logo\/image\/","url":"https:\/\/preprod.lessecretsduchocolat.com\/wp-content\/uploads\/2025\/05\/logo.png","contentUrl":"https:\/\/preprod.lessecretsduchocolat.com\/wp-content\/uploads\/2025\/05\/logo.png","width":198,"height":85,"caption":"Secrets de Chocolat"},"image":{"@id":"https:\/\/preprod.lessecretsduchocolat.com\/#\/schema\/logo\/image\/"}}]}},"_links":{"self":[{"href":"https:\/\/preprod.lessecretsduchocolat.com\/en\/wp-json\/wp\/v2\/product\/1076","targetHints":{"allow":["GET"]}}],"collection":[{"href":"https:\/\/preprod.lessecretsduchocolat.com\/en\/wp-json\/wp\/v2\/product"}],"about":[{"href":"https:\/\/preprod.lessecretsduchocolat.com\/en\/wp-json\/wp\/v2\/types\/product"}],"version-history":[{"count":4,"href":"https:\/\/preprod.lessecretsduchocolat.com\/en\/wp-json\/wp\/v2\/product\/1076\/revisions"}],"predecessor-version":[{"id":4219,"href":"https:\/\/preprod.lessecretsduchocolat.com\/en\/wp-json\/wp\/v2\/product\/1076\/revisions\/4219"}],"wp:featuredmedia":[{"embeddable":true,"href":"https:\/\/preprod.lessecretsduchocolat.com\/en\/wp-json\/wp\/v2\/media\/840"}],"wp:attachment":[{"href":"https:\/\/preprod.lessecretsduchocolat.com\/en\/wp-json\/wp\/v2\/media?parent=1076"}],"wp:term":[{"taxonomy":"product_brand","embeddable":true,"href":"https:\/\/preprod.lessecretsduchocolat.com\/en\/wp-json\/wp\/v2\/product_brand?post=1076"},{"taxonomy":"product_cat","embeddable":true,"href":"https:\/\/preprod.lessecretsduchocolat.com\/en\/wp-json\/wp\/v2\/product_cat?post=1076"},{"taxonomy":"product_tag","embeddable":true,"href":"https:\/\/preprod.lessecretsduchocolat.com\/en\/wp-json\/wp\/v2\/product_tag?post=1076"}],"curies":[{"name":"wp","href":"https:\/\/api.w.org\/{rel}","templated":true}]}}