{"id":1077,"date":"2021-04-02T06:40:06","date_gmt":"2021-04-02T06:40:06","guid":{"rendered":"https:\/\/preprod.lessecretsduchocolat.com\/?product=les-oeufs-de-mouette-750g"},"modified":"2025-09-01T16:24:30","modified_gmt":"2025-09-01T14:24:30","slug":"seagull-eggs-750g","status":"publish","type":"product","link":"https:\/\/preprod.lessecretsduchocolat.com\/en\/product\/seagull-eggs-750g\/","title":{"rendered":"SEAGULL EGGS 750G"},"content":{"rendered":"<p data-start=\"304\" data-end=\"479\">Les <strong data-start=\"308\" data-end=\"336\">\u0152ufs de mouette<\/strong>\u00a0sont une confiserie embl\u00e9matique, aussi spectaculaire par leur apparence que par leur go\u00fbt. Une gourmandise festive, g\u00e9n\u00e9reuse et originale.<\/p>\n<p data-start=\"481\" data-end=\"655\">Chaque bonbon s\u00e9duit par son <strong data-start=\"510\" data-end=\"541\">enrobage drag\u00e9ifi\u00e9 mouchet\u00e9<\/strong>, qui imite les coquilles marbr\u00e9es des v\u00e9ritables \u0153ufs de mouette. Un visuel insolite qui amuse et attire l\u2019\u0153il.<\/p>\n<p data-start=\"657\" data-end=\"813\">Sous cette coque croquante se cache un enrobage chocolat\u00e9 et un c\u0153ur fondant, le plus souvent pralin\u00e9 ou garni de recettes vari\u00e9es selon les assortiments.<\/p>\n<p data-start=\"815\" data-end=\"972\">En bouche, le contraste est parfait : craquant de la drag\u00e9e, douceur du chocolat, et fondant du fourrage. Un plaisir textur\u00e9, aussi surprenant qu\u2019addictif.<\/p>\n<p data-start=\"974\" data-end=\"1124\">Avec leur format g\u00e9n\u00e9reux de <strong data-start=\"1003\" data-end=\"1012\">750 g<\/strong>, ces \u0153ufs sont id\u00e9als pour les grandes tabl\u00e9es, les repas de f\u00eate, ou comme gourmandise familiale \u00e0 partager.<\/p>\n<p data-start=\"1126\" data-end=\"1267\">Les <strong data-start=\"1130\" data-end=\"1158\">\u0153ufs de mouette chocolat<\/strong> s\u2019invitent aussi bien sur une table de P\u00e2ques qu\u2019au quotidien, pour une pause sucr\u00e9e originale et ludique.<\/p>\n<p data-start=\"1269\" data-end=\"1422\">Leur univers color\u00e9 et leur visuel unique s\u00e9duisent aussi les enfants que les adultes. Des bonbons qui associent plaisir des yeux et bonheur du palais.<\/p>\n<p data-start=\"1424\" data-end=\"1561\">Pr\u00e9sent\u00e9s en sachet g\u00e9n\u00e9reux, les <strong data-start=\"1458\" data-end=\"1483\">\u0153ufs de mouette 750 g<\/strong> deviennent \u00e9galement une excellente id\u00e9e cadeau, conviviale et surprenante.<\/p>\n<p data-start=\"1563\" data-end=\"1729\">Leur vari\u00e9t\u00e9 de fourrages permet de satisfaire toutes les envies. Chaque \u0153uf r\u00e9serve une petite surprise, transformant la d\u00e9gustation en moment ludique et gourmand.<\/p>\n<p data-start=\"1731\" data-end=\"1869\">Les <strong data-start=\"1735\" data-end=\"1763\">\u0153ufs de mouette en 750 g<\/strong> incarnent l\u2019art de transformer une gourmandise chocolat\u00e9e en exp\u00e9rience sensorielle joyeuse et festive.<\/p>","protected":false},"excerpt":{"rendered":"<p>Laissez-vous s\u00e9duire par le croquant en bouche de ce chocolat, qui laisse ensuite place \u00e0 la douceur du pralin\u00e9. (44,00\/kg)<\/p>","protected":false},"featured_media":843,"template":"","meta":{"_acf_changed":false,"site-sidebar-layout":"default","site-content-layout":"","ast-site-content-layout":"default","site-content-style":"default","site-sidebar-style":"default","ast-global-header-display":"","ast-banner-title-visibility":"","ast-main-header-display":"","ast-hfb-above-header-display":"","ast-hfb-below-header-display":"","ast-hfb-mobile-header-display":"","site-post-title":"","ast-breadcrumbs-content":"","ast-featured-img":"","footer-sml-layout":"","theme-transparent-header-meta":"default","adv-header-id-meta":"","stick-header-meta":"","header-above-stick-meta":"","header-main-stick-meta":"","header-below-stick-meta":"","astra-migrate-meta-layouts":"set","ast-page-background-enabled":"default","ast-page-background-meta":{"desktop":{"background-color":"var(--ast-global-color-4)","background-image":"","background-repeat":"repeat","background-position":"center center","background-size":"auto","background-attachment":"scroll","background-type":"","background-media":"","overlay-type":"","overlay-color":"","overlay-opacity":"","overlay-gradient":""},"tablet":{"background-color":"","background-image":"","background-repeat":"repeat","background-position":"center center","background-size":"auto","background-attachment":"scroll","background-type":"","background-media":"","overlay-type":"","overlay-color":"","overlay-opacity":"","overlay-gradient":""},"mobile":{"background-color":"","background-image":"","background-repeat":"repeat","background-position":"center center","background-size":"auto","background-attachment":"scroll","background-type":"","background-media":"","overlay-type":"","overlay-color":"","overlay-opacity":"","overlay-gradient":""}},"ast-content-background-meta":{"desktop":{"background-color":"var(--ast-global-color-5)","background-image":"","background-repeat":"repeat","background-position":"center center","background-size":"auto","background-attachment":"scroll","background-type":"","background-media":"","overlay-type":"","overlay-color":"","overlay-opacity":"","overlay-gradient":""},"tablet":{"background-color":"var(--ast-global-color-5)","background-image":"","background-repeat":"repeat","background-position":"center center","background-size":"auto","background-attachment":"scroll","background-type":"","background-media":"","overlay-type":"","overlay-color":"","overlay-opacity":"","overlay-gradient":""},"mobile":{"background-color":"var(--ast-global-color-5)","background-image":"","background-repeat":"repeat","background-position":"center center","background-size":"auto","background-attachment":"scroll","background-type":"","background-media":"","overlay-type":"","overlay-color":"","overlay-opacity":"","overlay-gradient":""}},"iawp_total_views":0},"product_brand":[],"product_cat":[201],"product_tag":[],"class_list":{"0":"post-1077","1":"product","2":"type-product","3":"status-publish","4":"has-post-thumbnail","6":"product_cat-grands-formats","7":"desktop-align-left","8":"tablet-align-left","9":"mobile-align-left","11":"first","12":"outofstock","13":"taxable","14":"shipping-taxable","15":"purchasable","16":"product-type-simple"},"acf":[],"yoast_head":"<!-- This site is optimized with the Yoast SEO plugin v25.9 - https:\/\/yoast.com\/wordpress\/plugins\/seo\/ -->\n<title>LES OEUFS DE MOUETTE AU PRALINE 750G<\/title>\n<meta name=\"description\" content=\"D\u00e9couvrez Les \u0152ufs de Mouette (750g) : de d\u00e9licieux bonbons de chocolat drag\u00e9ifi\u00e9s, g\u00e9n\u00e9reusement fourr\u00e9s d&#039;un onctueux pralin\u00e9.\" \/>\n<meta name=\"robots\" content=\"noindex, follow, max-snippet:-1, max-image-preview:large, max-video-preview:-1\" \/>\n<meta property=\"og:locale\" content=\"en_GB\" \/>\n<meta property=\"og:type\" content=\"article\" \/>\n<meta property=\"og:title\" content=\"LES OEUFS DE MOUETTE AU PRALINE 750G\" \/>\n<meta property=\"og:description\" content=\"D\u00e9couvrez Les \u0152ufs de Mouette (750g) : de d\u00e9licieux bonbons de chocolat drag\u00e9ifi\u00e9s, g\u00e9n\u00e9reusement fourr\u00e9s d&#039;un onctueux pralin\u00e9.\" \/>\n<meta property=\"og:url\" content=\"https:\/\/preprod.lessecretsduchocolat.com\/en\/product\/seagull-eggs-750g\/\" \/>\n<meta property=\"og:site_name\" content=\"Secrets de Chocolat\" \/>\n<meta property=\"article:modified_time\" content=\"2025-09-01T14:24:30+00:00\" \/>\n<meta property=\"og:image\" content=\"https:\/\/preprod.lessecretsduchocolat.com\/wp-content\/uploads\/2025\/05\/750.jpg\" \/>\n\t<meta property=\"og:image:width\" content=\"500\" \/>\n\t<meta property=\"og:image:height\" content=\"500\" \/>\n\t<meta property=\"og:image:type\" content=\"image\/jpeg\" \/>\n<meta name=\"twitter:card\" content=\"summary_large_image\" \/>\n<meta name=\"twitter:label1\" content=\"Estimated reading time\" \/>\n\t<meta name=\"twitter:data1\" content=\"2 minutes\" \/>\n<script type=\"application\/ld+json\" class=\"yoast-schema-graph\">{\"@context\":\"https:\/\/schema.org\",\"@graph\":[{\"@type\":\"WebPage\",\"@id\":\"https:\/\/preprod.lessecretsduchocolat.com\/produit\/les-oeufs-de-mouette-750g\/\",\"url\":\"https:\/\/preprod.lessecretsduchocolat.com\/produit\/les-oeufs-de-mouette-750g\/\",\"name\":\"LES OEUFS DE MOUETTE AU PRALINE 750G\",\"isPartOf\":{\"@id\":\"https:\/\/preprod.lessecretsduchocolat.com\/#website\"},\"primaryImageOfPage\":{\"@id\":\"https:\/\/preprod.lessecretsduchocolat.com\/produit\/les-oeufs-de-mouette-750g\/#primaryimage\"},\"image\":{\"@id\":\"https:\/\/preprod.lessecretsduchocolat.com\/produit\/les-oeufs-de-mouette-750g\/#primaryimage\"},\"thumbnailUrl\":\"https:\/\/preprod.lessecretsduchocolat.com\/wp-content\/uploads\/2025\/05\/750.jpg\",\"datePublished\":\"2021-04-02T06:40:06+00:00\",\"dateModified\":\"2025-09-01T14:24:30+00:00\",\"description\":\"D\u00e9couvrez Les \u0152ufs de Mouette (750g) : de d\u00e9licieux bonbons de chocolat drag\u00e9ifi\u00e9s, g\u00e9n\u00e9reusement fourr\u00e9s d'un onctueux pralin\u00e9.\",\"breadcrumb\":{\"@id\":\"https:\/\/preprod.lessecretsduchocolat.com\/produit\/les-oeufs-de-mouette-750g\/#breadcrumb\"},\"inLanguage\":\"en-GB\",\"potentialAction\":[{\"@type\":\"ReadAction\",\"target\":[\"https:\/\/preprod.lessecretsduchocolat.com\/produit\/les-oeufs-de-mouette-750g\/\"]}]},{\"@type\":\"ImageObject\",\"inLanguage\":\"en-GB\",\"@id\":\"https:\/\/preprod.lessecretsduchocolat.com\/produit\/les-oeufs-de-mouette-750g\/#primaryimage\",\"url\":\"https:\/\/preprod.lessecretsduchocolat.com\/wp-content\/uploads\/2025\/05\/750.jpg\",\"contentUrl\":\"https:\/\/preprod.lessecretsduchocolat.com\/wp-content\/uploads\/2025\/05\/750.jpg\",\"width\":500,\"height\":500,\"caption\":\"image oeuf de mouette\"},{\"@type\":\"BreadcrumbList\",\"@id\":\"https:\/\/preprod.lessecretsduchocolat.com\/produit\/les-oeufs-de-mouette-750g\/#breadcrumb\",\"itemListElement\":[{\"@type\":\"ListItem\",\"position\":1,\"name\":\"Accueil\",\"item\":\"https:\/\/preprod.lessecretsduchocolat.com\/\"},{\"@type\":\"ListItem\",\"position\":2,\"name\":\"Magasin\",\"item\":\"https:\/\/preprod.lessecretsduchocolat.com\/magasin\/\"},{\"@type\":\"ListItem\",\"position\":3,\"name\":\"LES OEUFS DE MOUETTE 750G\"}]},{\"@type\":\"WebSite\",\"@id\":\"https:\/\/preprod.lessecretsduchocolat.com\/#website\",\"url\":\"https:\/\/preprod.lessecretsduchocolat.com\/\",\"name\":\"Secrets de Chocolat\",\"description\":\"\",\"publisher\":{\"@id\":\"https:\/\/preprod.lessecretsduchocolat.com\/#organization\"},\"potentialAction\":[{\"@type\":\"SearchAction\",\"target\":{\"@type\":\"EntryPoint\",\"urlTemplate\":\"https:\/\/preprod.lessecretsduchocolat.com\/?s={search_term_string}\"},\"query-input\":{\"@type\":\"PropertyValueSpecification\",\"valueRequired\":true,\"valueName\":\"search_term_string\"}}],\"inLanguage\":\"en-GB\"},{\"@type\":\"Organization\",\"@id\":\"https:\/\/preprod.lessecretsduchocolat.com\/#organization\",\"name\":\"Secrets de Chocolat\",\"url\":\"https:\/\/preprod.lessecretsduchocolat.com\/\",\"logo\":{\"@type\":\"ImageObject\",\"inLanguage\":\"en-GB\",\"@id\":\"https:\/\/preprod.lessecretsduchocolat.com\/#\/schema\/logo\/image\/\",\"url\":\"https:\/\/preprod.lessecretsduchocolat.com\/wp-content\/uploads\/2025\/05\/logo.png\",\"contentUrl\":\"https:\/\/preprod.lessecretsduchocolat.com\/wp-content\/uploads\/2025\/05\/logo.png\",\"width\":198,\"height\":85,\"caption\":\"Secrets de Chocolat\"},\"image\":{\"@id\":\"https:\/\/preprod.lessecretsduchocolat.com\/#\/schema\/logo\/image\/\"}}]}<\/script>\n<!-- \/ Yoast SEO plugin. -->","yoast_head_json":{"title":"SEAGULL EGGS WITH PRALINE 750G","description":"Discover Les \u0152ufs de Mouette (750g): delicious sugar-coated chocolate bonbons, generously filled with a creamy praline.","robots":{"index":"noindex","follow":"follow","max-snippet":"max-snippet:-1","max-image-preview":"max-image-preview:large","max-video-preview":"max-video-preview:-1"},"og_locale":"en_GB","og_type":"article","og_title":"LES OEUFS DE MOUETTE AU PRALINE 750G","og_description":"D\u00e9couvrez Les \u0152ufs de Mouette (750g) : de d\u00e9licieux bonbons de chocolat drag\u00e9ifi\u00e9s, g\u00e9n\u00e9reusement fourr\u00e9s d'un onctueux pralin\u00e9.","og_url":"https:\/\/preprod.lessecretsduchocolat.com\/en\/product\/seagull-eggs-750g\/","og_site_name":"Secrets de Chocolat","article_modified_time":"2025-09-01T14:24:30+00:00","og_image":[{"width":500,"height":500,"url":"https:\/\/preprod.lessecretsduchocolat.com\/wp-content\/uploads\/2025\/05\/750.jpg","type":"image\/jpeg"}],"twitter_card":"summary_large_image","twitter_misc":{"Estimated reading time":"2 minutes"},"schema":{"@context":"https:\/\/schema.org","@graph":[{"@type":"WebPage","@id":"https:\/\/preprod.lessecretsduchocolat.com\/produit\/les-oeufs-de-mouette-750g\/","url":"https:\/\/preprod.lessecretsduchocolat.com\/produit\/les-oeufs-de-mouette-750g\/","name":"SEAGULL EGGS WITH PRALINE 750G","isPartOf":{"@id":"https:\/\/preprod.lessecretsduchocolat.com\/#website"},"primaryImageOfPage":{"@id":"https:\/\/preprod.lessecretsduchocolat.com\/produit\/les-oeufs-de-mouette-750g\/#primaryimage"},"image":{"@id":"https:\/\/preprod.lessecretsduchocolat.com\/produit\/les-oeufs-de-mouette-750g\/#primaryimage"},"thumbnailUrl":"https:\/\/preprod.lessecretsduchocolat.com\/wp-content\/uploads\/2025\/05\/750.jpg","datePublished":"2021-04-02T06:40:06+00:00","dateModified":"2025-09-01T14:24:30+00:00","description":"Discover Les \u0152ufs de Mouette (750g): delicious sugar-coated chocolate bonbons, generously filled with a creamy praline.","breadcrumb":{"@id":"https:\/\/preprod.lessecretsduchocolat.com\/produit\/les-oeufs-de-mouette-750g\/#breadcrumb"},"inLanguage":"en-GB","potentialAction":[{"@type":"ReadAction","target":["https:\/\/preprod.lessecretsduchocolat.com\/produit\/les-oeufs-de-mouette-750g\/"]}]},{"@type":"ImageObject","inLanguage":"en-GB","@id":"https:\/\/preprod.lessecretsduchocolat.com\/produit\/les-oeufs-de-mouette-750g\/#primaryimage","url":"https:\/\/preprod.lessecretsduchocolat.com\/wp-content\/uploads\/2025\/05\/750.jpg","contentUrl":"https:\/\/preprod.lessecretsduchocolat.com\/wp-content\/uploads\/2025\/05\/750.jpg","width":500,"height":500,"caption":"image oeuf de mouette"},{"@type":"BreadcrumbList","@id":"https:\/\/preprod.lessecretsduchocolat.com\/produit\/les-oeufs-de-mouette-750g\/#breadcrumb","itemListElement":[{"@type":"ListItem","position":1,"name":"Accueil","item":"https:\/\/preprod.lessecretsduchocolat.com\/"},{"@type":"ListItem","position":2,"name":"Magasin","item":"https:\/\/preprod.lessecretsduchocolat.com\/magasin\/"},{"@type":"ListItem","position":3,"name":"LES OEUFS DE MOUETTE 750G"}]},{"@type":"WebSite","@id":"https:\/\/preprod.lessecretsduchocolat.com\/#website","url":"https:\/\/preprod.lessecretsduchocolat.com\/","name":"Secrets de Chocolat","description":"","publisher":{"@id":"https:\/\/preprod.lessecretsduchocolat.com\/#organization"},"potentialAction":[{"@type":"SearchAction","target":{"@type":"EntryPoint","urlTemplate":"https:\/\/preprod.lessecretsduchocolat.com\/?s={search_term_string}"},"query-input":{"@type":"PropertyValueSpecification","valueRequired":true,"valueName":"search_term_string"}}],"inLanguage":"en-GB"},{"@type":"Organization","@id":"https:\/\/preprod.lessecretsduchocolat.com\/#organization","name":"Secrets de Chocolat","url":"https:\/\/preprod.lessecretsduchocolat.com\/","logo":{"@type":"ImageObject","inLanguage":"en-GB","@id":"https:\/\/preprod.lessecretsduchocolat.com\/#\/schema\/logo\/image\/","url":"https:\/\/preprod.lessecretsduchocolat.com\/wp-content\/uploads\/2025\/05\/logo.png","contentUrl":"https:\/\/preprod.lessecretsduchocolat.com\/wp-content\/uploads\/2025\/05\/logo.png","width":198,"height":85,"caption":"Secrets de Chocolat"},"image":{"@id":"https:\/\/preprod.lessecretsduchocolat.com\/#\/schema\/logo\/image\/"}}]}},"_links":{"self":[{"href":"https:\/\/preprod.lessecretsduchocolat.com\/en\/wp-json\/wp\/v2\/product\/1077","targetHints":{"allow":["GET"]}}],"collection":[{"href":"https:\/\/preprod.lessecretsduchocolat.com\/en\/wp-json\/wp\/v2\/product"}],"about":[{"href":"https:\/\/preprod.lessecretsduchocolat.com\/en\/wp-json\/wp\/v2\/types\/product"}],"version-history":[{"count":3,"href":"https:\/\/preprod.lessecretsduchocolat.com\/en\/wp-json\/wp\/v2\/product\/1077\/revisions"}],"predecessor-version":[{"id":4218,"href":"https:\/\/preprod.lessecretsduchocolat.com\/en\/wp-json\/wp\/v2\/product\/1077\/revisions\/4218"}],"wp:featuredmedia":[{"embeddable":true,"href":"https:\/\/preprod.lessecretsduchocolat.com\/en\/wp-json\/wp\/v2\/media\/843"}],"wp:attachment":[{"href":"https:\/\/preprod.lessecretsduchocolat.com\/en\/wp-json\/wp\/v2\/media?parent=1077"}],"wp:term":[{"taxonomy":"product_brand","embeddable":true,"href":"https:\/\/preprod.lessecretsduchocolat.com\/en\/wp-json\/wp\/v2\/product_brand?post=1077"},{"taxonomy":"product_cat","embeddable":true,"href":"https:\/\/preprod.lessecretsduchocolat.com\/en\/wp-json\/wp\/v2\/product_cat?post=1077"},{"taxonomy":"product_tag","embeddable":true,"href":"https:\/\/preprod.lessecretsduchocolat.com\/en\/wp-json\/wp\/v2\/product_tag?post=1077"}],"curies":[{"name":"wp","href":"https:\/\/api.w.org\/{rel}","templated":true}]}}