{"id":1096,"date":"2021-05-18T06:40:05","date_gmt":"2021-05-18T06:40:05","guid":{"rendered":"https:\/\/preprod.lessecretsduchocolat.com\/?product=the-des-amoureux-boite-20-sachets"},"modified":"2025-08-29T15:16:45","modified_gmt":"2025-08-29T13:16:45","slug":"the-des-amoureux-box-of-20-sachets","status":"publish","type":"product","link":"https:\/\/preprod.lessecretsduchocolat.com\/en\/product\/the-des-amoureux-box-of-20-sachets\/","title":{"rendered":"THE DES AMOUREUX BOX OF 20 SACHETS"},"content":{"rendered":"<p data-start=\"259\" data-end=\"398\">Le <strong data-start=\"262\" data-end=\"305\">Th\u00e9 des Amoureux<\/strong>\u00a0est une cr\u00e9ation po\u00e9tique du Comptoir Fran\u00e7ais du Th\u00e9, fabriqu\u00e9e en Alsace \u00e0 Geispolsheim.<\/p>\n<p data-start=\"400\" data-end=\"548\">Ce m\u00e9lange d\u00e9licat associe la profondeur du <strong data-start=\"444\" data-end=\"456\">th\u00e9 noir<\/strong>, la fra\u00eecheur du <strong data-start=\"474\" data-end=\"486\">th\u00e9 vert<\/strong>, et des notes fruit\u00e9es et florales subtilement \u00e9quilibr\u00e9es.<\/p>\n<p data-start=\"550\" data-end=\"730\">On y retrouve des <strong data-start=\"568\" data-end=\"600\">\u00e9corces d\u2019orange p\u00e9tillantes<\/strong>, des <strong data-start=\"606\" data-end=\"625\">p\u00e9tales de rose<\/strong>, de <strong data-start=\"630\" data-end=\"640\">bleuet<\/strong> and <strong data-start=\"647\" data-end=\"656\">souci<\/strong>, enrichis d\u2019ar\u00f4mes raffin\u00e9s qui r\u00e9v\u00e8lent toute la tendresse du m\u00e9lange.<\/p>\n<p data-start=\"732\" data-end=\"885\">En bouche, la tasse s\u00e9duit par son \u00e9quilibre : intensit\u00e9 douce du th\u00e9 noir, l\u00e9g\u00e8ret\u00e9 v\u00e9g\u00e9tale du th\u00e9 vert et fra\u00eecheur gourmande des agrumes et fleurs.<\/p>\n<p data-start=\"887\" data-end=\"1039\">Chaque infusion devient un moment d\u2019\u00e9vasion romantique, id\u00e9al \u00e0 savourer \u00e0 deux, mais aussi en solo pour profiter d\u2019un instant tendre et r\u00e9confortant.<\/p>\n<p data-start=\"1041\" data-end=\"1217\">Le format <strong data-start=\"1051\" data-end=\"1075\">20 sachets fra\u00eecheur<\/strong> rend la d\u00e9gustation pratique et \u00e9l\u00e9gante. Chaque sachet pyramide lib\u00e8re la richesse aromatique et la qualit\u00e9 du m\u00e9lange, tasse apr\u00e8s tasse.<\/p>\n<p data-start=\"1219\" data-end=\"1359\">Le <strong data-start=\"1222\" data-end=\"1242\">Th\u00e9 des Amoureux<\/strong> se savoure aussi bien chaud que glac\u00e9. Chaud, il apporte r\u00e9confort ; glac\u00e9, il d\u00e9voile toute sa fra\u00eecheur fruit\u00e9e.<\/p>\n<p data-start=\"1361\" data-end=\"1524\">C\u2019est aussi une superbe id\u00e9e cadeau. Sa pr\u00e9sentation raffin\u00e9e et son univers po\u00e9tique en font une attention d\u00e9licate, toujours appr\u00e9ci\u00e9e par les amateurs de th\u00e9.<\/p>\n<p data-start=\"1526\" data-end=\"1683\">Offrir cette bo\u00eete de sachets, c\u2019est partager une parenth\u00e8se de douceur et de romantisme, un moment hors du temps sublim\u00e9 par un m\u00e9lange \u00e9l\u00e9gant et unique.<\/p>\n<p data-start=\"1685\" data-end=\"1772\">Le <strong data-start=\"1688\" data-end=\"1708\">Th\u00e9 des Amoureux<\/strong> incarne l\u2019art du th\u00e9 fran\u00e7ais : raffin\u00e9, tendre et universel.<\/p>","protected":false},"excerpt":{"rendered":"<p>Laissez-vous envo\u00fbter par le th\u00e9 des amoureux, un m\u00e9lange de th\u00e9 vert et noir aux accents de fruit de la passion, qui allie \u00e0 merveille gourmandise et douceur ! En r\u00e9sulte une boisson douce, fra\u00eeche et enj\u00f4leuse gr\u00e2ce \u00e0 l\u2019alliance des p\u00e9tales de rose, de bleuet, des p\u00e9tales de souci et de carthame, aux vertus naturelles anti-inflammatoires. (247,50\u20ac\/kg)<\/p>","protected":false},"featured_media":891,"template":"","meta":{"_acf_changed":false,"site-sidebar-layout":"default","site-content-layout":"","ast-site-content-layout":"default","site-content-style":"default","site-sidebar-style":"default","ast-global-header-display":"","ast-banner-title-visibility":"","ast-main-header-display":"","ast-hfb-above-header-display":"","ast-hfb-below-header-display":"","ast-hfb-mobile-header-display":"","site-post-title":"","ast-breadcrumbs-content":"","ast-featured-img":"","footer-sml-layout":"","theme-transparent-header-meta":"default","adv-header-id-meta":"","stick-header-meta":"","header-above-stick-meta":"","header-main-stick-meta":"","header-below-stick-meta":"","astra-migrate-meta-layouts":"set","ast-page-background-enabled":"default","ast-page-background-meta":{"desktop":{"background-color":"var(--ast-global-color-4)","background-image":"","background-repeat":"repeat","background-position":"center center","background-size":"auto","background-attachment":"scroll","background-type":"","background-media":"","overlay-type":"","overlay-color":"","overlay-opacity":"","overlay-gradient":""},"tablet":{"background-color":"","background-image":"","background-repeat":"repeat","background-position":"center center","background-size":"auto","background-attachment":"scroll","background-type":"","background-media":"","overlay-type":"","overlay-color":"","overlay-opacity":"","overlay-gradient":""},"mobile":{"background-color":"","background-image":"","background-repeat":"repeat","background-position":"center center","background-size":"auto","background-attachment":"scroll","background-type":"","background-media":"","overlay-type":"","overlay-color":"","overlay-opacity":"","overlay-gradient":""}},"ast-content-background-meta":{"desktop":{"background-color":"var(--ast-global-color-5)","background-image":"","background-repeat":"repeat","background-position":"center center","background-size":"auto","background-attachment":"scroll","background-type":"","background-media":"","overlay-type":"","overlay-color":"","overlay-opacity":"","overlay-gradient":""},"tablet":{"background-color":"var(--ast-global-color-5)","background-image":"","background-repeat":"repeat","background-position":"center center","background-size":"auto","background-attachment":"scroll","background-type":"","background-media":"","overlay-type":"","overlay-color":"","overlay-opacity":"","overlay-gradient":""},"mobile":{"background-color":"var(--ast-global-color-5)","background-image":"","background-repeat":"repeat","background-position":"center center","background-size":"auto","background-attachment":"scroll","background-type":"","background-media":"","overlay-type":"","overlay-color":"","overlay-opacity":"","overlay-gradient":""}},"iawp_total_views":0},"product_brand":[],"product_cat":[110],"product_tag":[],"class_list":{"0":"post-1096","1":"product","2":"type-product","3":"status-publish","4":"has-post-thumbnail","6":"product_cat-the","7":"desktop-align-left","8":"tablet-align-left","9":"mobile-align-left","11":"first","12":"outofstock","13":"taxable","14":"shipping-taxable","15":"purchasable","16":"product-type-simple"},"acf":[],"yoast_head":"<!-- This site is optimized with the Yoast SEO plugin v25.9 - https:\/\/yoast.com\/wordpress\/plugins\/seo\/ -->\n<title>THE DES AMOUREUX BOITE 20 SACHETS<\/title>\n<meta name=\"description\" content=\"D\u00e9couvrez le Th\u00e9 des Amoureux en bo\u00eete de 20 sachets : th\u00e9 noir et vert aux agrumes et p\u00e9tales de fleurs. Un m\u00e9lange raffin\u00e9, tendre et romantique.\" \/>\n<meta name=\"robots\" content=\"noindex, follow, max-snippet:-1, max-image-preview:large, max-video-preview:-1\" \/>\n<meta property=\"og:locale\" content=\"en_GB\" \/>\n<meta property=\"og:type\" content=\"article\" \/>\n<meta property=\"og:title\" content=\"THE DES AMOUREUX BOITE 20 SACHETS\" \/>\n<meta property=\"og:description\" content=\"D\u00e9couvrez le Th\u00e9 des Amoureux en bo\u00eete de 20 sachets : th\u00e9 noir et vert aux agrumes et p\u00e9tales de fleurs. Un m\u00e9lange raffin\u00e9, tendre et romantique.\" \/>\n<meta property=\"og:url\" content=\"https:\/\/preprod.lessecretsduchocolat.com\/en\/product\/the-des-amoureux-box-of-20-sachets\/\" \/>\n<meta property=\"og:site_name\" content=\"Secrets de Chocolat\" \/>\n<meta property=\"article:modified_time\" content=\"2025-08-29T13:16:45+00:00\" \/>\n<meta property=\"og:image\" content=\"https:\/\/preprod.lessecretsduchocolat.com\/wp-content\/uploads\/2025\/05\/787.jpg\" \/>\n\t<meta property=\"og:image:width\" content=\"500\" \/>\n\t<meta property=\"og:image:height\" content=\"500\" \/>\n\t<meta property=\"og:image:type\" content=\"image\/jpeg\" \/>\n<meta name=\"twitter:card\" content=\"summary_large_image\" \/>\n<meta name=\"twitter:label1\" content=\"Estimated reading time\" \/>\n\t<meta name=\"twitter:data1\" content=\"2 minutes\" \/>\n<script type=\"application\/ld+json\" class=\"yoast-schema-graph\">{\"@context\":\"https:\/\/schema.org\",\"@graph\":[{\"@type\":\"WebPage\",\"@id\":\"https:\/\/preprod.lessecretsduchocolat.com\/produit\/the-des-amoureux-boite-20-sachets\/\",\"url\":\"https:\/\/preprod.lessecretsduchocolat.com\/produit\/the-des-amoureux-boite-20-sachets\/\",\"name\":\"THE DES AMOUREUX BOITE 20 SACHETS\",\"isPartOf\":{\"@id\":\"https:\/\/preprod.lessecretsduchocolat.com\/#website\"},\"primaryImageOfPage\":{\"@id\":\"https:\/\/preprod.lessecretsduchocolat.com\/produit\/the-des-amoureux-boite-20-sachets\/#primaryimage\"},\"image\":{\"@id\":\"https:\/\/preprod.lessecretsduchocolat.com\/produit\/the-des-amoureux-boite-20-sachets\/#primaryimage\"},\"thumbnailUrl\":\"https:\/\/preprod.lessecretsduchocolat.com\/wp-content\/uploads\/2025\/05\/787.jpg\",\"datePublished\":\"2021-05-18T06:40:05+00:00\",\"dateModified\":\"2025-08-29T13:16:45+00:00\",\"description\":\"D\u00e9couvrez le Th\u00e9 des Amoureux en bo\u00eete de 20 sachets : th\u00e9 noir et vert aux agrumes et p\u00e9tales de fleurs. Un m\u00e9lange raffin\u00e9, tendre et romantique.\",\"breadcrumb\":{\"@id\":\"https:\/\/preprod.lessecretsduchocolat.com\/produit\/the-des-amoureux-boite-20-sachets\/#breadcrumb\"},\"inLanguage\":\"en-GB\",\"potentialAction\":[{\"@type\":\"ReadAction\",\"target\":[\"https:\/\/preprod.lessecretsduchocolat.com\/produit\/the-des-amoureux-boite-20-sachets\/\"]}]},{\"@type\":\"ImageObject\",\"inLanguage\":\"en-GB\",\"@id\":\"https:\/\/preprod.lessecretsduchocolat.com\/produit\/the-des-amoureux-boite-20-sachets\/#primaryimage\",\"url\":\"https:\/\/preprod.lessecretsduchocolat.com\/wp-content\/uploads\/2025\/05\/787.jpg\",\"contentUrl\":\"https:\/\/preprod.lessecretsduchocolat.com\/wp-content\/uploads\/2025\/05\/787.jpg\",\"width\":500,\"height\":500,\"caption\":\"Sachets th\u00e9 des amoureux\"},{\"@type\":\"BreadcrumbList\",\"@id\":\"https:\/\/preprod.lessecretsduchocolat.com\/produit\/the-des-amoureux-boite-20-sachets\/#breadcrumb\",\"itemListElement\":[{\"@type\":\"ListItem\",\"position\":1,\"name\":\"Accueil\",\"item\":\"https:\/\/preprod.lessecretsduchocolat.com\/\"},{\"@type\":\"ListItem\",\"position\":2,\"name\":\"Magasin\",\"item\":\"https:\/\/preprod.lessecretsduchocolat.com\/magasin\/\"},{\"@type\":\"ListItem\",\"position\":3,\"name\":\"THE DES AMOUREUX BOITE 20 SACHETS\"}]},{\"@type\":\"WebSite\",\"@id\":\"https:\/\/preprod.lessecretsduchocolat.com\/#website\",\"url\":\"https:\/\/preprod.lessecretsduchocolat.com\/\",\"name\":\"Secrets de Chocolat\",\"description\":\"\",\"publisher\":{\"@id\":\"https:\/\/preprod.lessecretsduchocolat.com\/#organization\"},\"potentialAction\":[{\"@type\":\"SearchAction\",\"target\":{\"@type\":\"EntryPoint\",\"urlTemplate\":\"https:\/\/preprod.lessecretsduchocolat.com\/?s={search_term_string}\"},\"query-input\":{\"@type\":\"PropertyValueSpecification\",\"valueRequired\":true,\"valueName\":\"search_term_string\"}}],\"inLanguage\":\"en-GB\"},{\"@type\":\"Organization\",\"@id\":\"https:\/\/preprod.lessecretsduchocolat.com\/#organization\",\"name\":\"Secrets de Chocolat\",\"url\":\"https:\/\/preprod.lessecretsduchocolat.com\/\",\"logo\":{\"@type\":\"ImageObject\",\"inLanguage\":\"en-GB\",\"@id\":\"https:\/\/preprod.lessecretsduchocolat.com\/#\/schema\/logo\/image\/\",\"url\":\"https:\/\/preprod.lessecretsduchocolat.com\/wp-content\/uploads\/2025\/05\/logo.png\",\"contentUrl\":\"https:\/\/preprod.lessecretsduchocolat.com\/wp-content\/uploads\/2025\/05\/logo.png\",\"width\":198,\"height\":85,\"caption\":\"Secrets de Chocolat\"},\"image\":{\"@id\":\"https:\/\/preprod.lessecretsduchocolat.com\/#\/schema\/logo\/image\/\"}}]}<\/script>\n<!-- \/ Yoast SEO plugin. -->","yoast_head_json":{"title":"THE DES AMOUREUX BOX OF 20 SACHETS","description":"Discover Th\u00e9 des Amoureux in a tin of 20 teabags: black and green tea with citrus fruit and flower petals. A refined, tender and romantic blend.","robots":{"index":"noindex","follow":"follow","max-snippet":"max-snippet:-1","max-image-preview":"max-image-preview:large","max-video-preview":"max-video-preview:-1"},"og_locale":"en_GB","og_type":"article","og_title":"THE DES AMOUREUX BOITE 20 SACHETS","og_description":"D\u00e9couvrez le Th\u00e9 des Amoureux en bo\u00eete de 20 sachets : th\u00e9 noir et vert aux agrumes et p\u00e9tales de fleurs. Un m\u00e9lange raffin\u00e9, tendre et romantique.","og_url":"https:\/\/preprod.lessecretsduchocolat.com\/en\/product\/the-des-amoureux-box-of-20-sachets\/","og_site_name":"Secrets de Chocolat","article_modified_time":"2025-08-29T13:16:45+00:00","og_image":[{"width":500,"height":500,"url":"https:\/\/preprod.lessecretsduchocolat.com\/wp-content\/uploads\/2025\/05\/787.jpg","type":"image\/jpeg"}],"twitter_card":"summary_large_image","twitter_misc":{"Estimated reading time":"2 minutes"},"schema":{"@context":"https:\/\/schema.org","@graph":[{"@type":"WebPage","@id":"https:\/\/preprod.lessecretsduchocolat.com\/produit\/the-des-amoureux-boite-20-sachets\/","url":"https:\/\/preprod.lessecretsduchocolat.com\/produit\/the-des-amoureux-boite-20-sachets\/","name":"THE DES AMOUREUX BOX OF 20 SACHETS","isPartOf":{"@id":"https:\/\/preprod.lessecretsduchocolat.com\/#website"},"primaryImageOfPage":{"@id":"https:\/\/preprod.lessecretsduchocolat.com\/produit\/the-des-amoureux-boite-20-sachets\/#primaryimage"},"image":{"@id":"https:\/\/preprod.lessecretsduchocolat.com\/produit\/the-des-amoureux-boite-20-sachets\/#primaryimage"},"thumbnailUrl":"https:\/\/preprod.lessecretsduchocolat.com\/wp-content\/uploads\/2025\/05\/787.jpg","datePublished":"2021-05-18T06:40:05+00:00","dateModified":"2025-08-29T13:16:45+00:00","description":"Discover Th\u00e9 des Amoureux in a tin of 20 teabags: black and green tea with citrus fruit and flower petals. A refined, tender and romantic blend.","breadcrumb":{"@id":"https:\/\/preprod.lessecretsduchocolat.com\/produit\/the-des-amoureux-boite-20-sachets\/#breadcrumb"},"inLanguage":"en-GB","potentialAction":[{"@type":"ReadAction","target":["https:\/\/preprod.lessecretsduchocolat.com\/produit\/the-des-amoureux-boite-20-sachets\/"]}]},{"@type":"ImageObject","inLanguage":"en-GB","@id":"https:\/\/preprod.lessecretsduchocolat.com\/produit\/the-des-amoureux-boite-20-sachets\/#primaryimage","url":"https:\/\/preprod.lessecretsduchocolat.com\/wp-content\/uploads\/2025\/05\/787.jpg","contentUrl":"https:\/\/preprod.lessecretsduchocolat.com\/wp-content\/uploads\/2025\/05\/787.jpg","width":500,"height":500,"caption":"Sachets th\u00e9 des amoureux"},{"@type":"BreadcrumbList","@id":"https:\/\/preprod.lessecretsduchocolat.com\/produit\/the-des-amoureux-boite-20-sachets\/#breadcrumb","itemListElement":[{"@type":"ListItem","position":1,"name":"Accueil","item":"https:\/\/preprod.lessecretsduchocolat.com\/"},{"@type":"ListItem","position":2,"name":"Magasin","item":"https:\/\/preprod.lessecretsduchocolat.com\/magasin\/"},{"@type":"ListItem","position":3,"name":"THE DES AMOUREUX BOITE 20 SACHETS"}]},{"@type":"WebSite","@id":"https:\/\/preprod.lessecretsduchocolat.com\/#website","url":"https:\/\/preprod.lessecretsduchocolat.com\/","name":"Secrets de Chocolat","description":"","publisher":{"@id":"https:\/\/preprod.lessecretsduchocolat.com\/#organization"},"potentialAction":[{"@type":"SearchAction","target":{"@type":"EntryPoint","urlTemplate":"https:\/\/preprod.lessecretsduchocolat.com\/?s={search_term_string}"},"query-input":{"@type":"PropertyValueSpecification","valueRequired":true,"valueName":"search_term_string"}}],"inLanguage":"en-GB"},{"@type":"Organization","@id":"https:\/\/preprod.lessecretsduchocolat.com\/#organization","name":"Secrets de Chocolat","url":"https:\/\/preprod.lessecretsduchocolat.com\/","logo":{"@type":"ImageObject","inLanguage":"en-GB","@id":"https:\/\/preprod.lessecretsduchocolat.com\/#\/schema\/logo\/image\/","url":"https:\/\/preprod.lessecretsduchocolat.com\/wp-content\/uploads\/2025\/05\/logo.png","contentUrl":"https:\/\/preprod.lessecretsduchocolat.com\/wp-content\/uploads\/2025\/05\/logo.png","width":198,"height":85,"caption":"Secrets de Chocolat"},"image":{"@id":"https:\/\/preprod.lessecretsduchocolat.com\/#\/schema\/logo\/image\/"}}]}},"_links":{"self":[{"href":"https:\/\/preprod.lessecretsduchocolat.com\/en\/wp-json\/wp\/v2\/product\/1096","targetHints":{"allow":["GET"]}}],"collection":[{"href":"https:\/\/preprod.lessecretsduchocolat.com\/en\/wp-json\/wp\/v2\/product"}],"about":[{"href":"https:\/\/preprod.lessecretsduchocolat.com\/en\/wp-json\/wp\/v2\/types\/product"}],"version-history":[{"count":4,"href":"https:\/\/preprod.lessecretsduchocolat.com\/en\/wp-json\/wp\/v2\/product\/1096\/revisions"}],"predecessor-version":[{"id":4190,"href":"https:\/\/preprod.lessecretsduchocolat.com\/en\/wp-json\/wp\/v2\/product\/1096\/revisions\/4190"}],"wp:featuredmedia":[{"embeddable":true,"href":"https:\/\/preprod.lessecretsduchocolat.com\/en\/wp-json\/wp\/v2\/media\/891"}],"wp:attachment":[{"href":"https:\/\/preprod.lessecretsduchocolat.com\/en\/wp-json\/wp\/v2\/media?parent=1096"}],"wp:term":[{"taxonomy":"product_brand","embeddable":true,"href":"https:\/\/preprod.lessecretsduchocolat.com\/en\/wp-json\/wp\/v2\/product_brand?post=1096"},{"taxonomy":"product_cat","embeddable":true,"href":"https:\/\/preprod.lessecretsduchocolat.com\/en\/wp-json\/wp\/v2\/product_cat?post=1096"},{"taxonomy":"product_tag","embeddable":true,"href":"https:\/\/preprod.lessecretsduchocolat.com\/en\/wp-json\/wp\/v2\/product_tag?post=1096"}],"curies":[{"name":"wp","href":"https:\/\/api.w.org\/{rel}","templated":true}]}}