{"id":1103,"date":"2021-06-03T06:40:03","date_gmt":"2021-06-03T06:40:03","guid":{"rendered":"https:\/\/preprod.lessecretsduchocolat.com\/?product=barre-noix-de-coco-chocolat-noir"},"modified":"2025-08-29T14:52:57","modified_gmt":"2025-08-29T12:52:57","slug":"dark-chocolate-coconut-bar","status":"publish","type":"product","link":"https:\/\/preprod.lessecretsduchocolat.com\/en\/product\/dark-chocolate-coconut-bar\/","title":{"rendered":"DARK CHOCOLATE COCONUT BAR"},"content":{"rendered":"<p data-start=\"284\" data-end=\"456\">La <strong data-start=\"287\" data-end=\"323\">barre chocolat noir noix de coco<\/strong> est une cr\u00e9ation exotique et raffin\u00e9e qui marie intensit\u00e9 du cacao, douceur de l\u2019amande et fra\u00eecheur gourmande de la noix de coco.<\/p>\n<p data-start=\"458\" data-end=\"627\">Sous sa coque brillante de <strong data-start=\"485\" data-end=\"522\">chocolat noir pur beurre de cacao<\/strong>, se cache un c\u0153ur fondant alliant <strong data-start=\"557\" data-end=\"585\">p\u00e2te d\u2019amandes onctueuse<\/strong> et <strong data-start=\"589\" data-end=\"624\">\u00e9clats de noix de coco parfum\u00e9e<\/strong>.<\/p>\n<p data-start=\"629\" data-end=\"783\">D\u00e8s la premi\u00e8re bouch\u00e9e, le contraste s\u00e9duit : l\u2019amertume \u00e9l\u00e9gante du chocolat noir s\u2019\u00e9quilibre avec la rondeur sucr\u00e9e de l\u2019amande et la fra\u00eecheur coco.<\/p>\n<p data-start=\"785\" data-end=\"957\">Cette combinaison subtile offre une d\u00e9gustation \u00e0 la fois fondante et textur\u00e9e, qui transporte imm\u00e9diatement sous les tropiques, sans jamais masquer la richesse du cacao.<\/p>\n<p data-start=\"959\" data-end=\"1109\">Avec son format pratique, la <strong data-start=\"988\" data-end=\"1024\">barre chocolat noir noix de coco<\/strong> se savoure partout : au bureau, en voyage, ou comme pause gourmande \u00e0 tout moment.<\/p>\n<p data-start=\"1111\" data-end=\"1251\">Elle accompagne parfaitement un caf\u00e9 serr\u00e9 ou un th\u00e9 l\u00e9ger, mais peut aussi se d\u00e9guster seule pour un moment de plaisir chocolat\u00e9 intense.<\/p>\n<p data-start=\"1253\" data-end=\"1401\">Cette barre s\u00e9duira les amateurs de chocolat noir gr\u00e2ce \u00e0 sa force aromatique, mais aussi les gourmands attir\u00e9s par l\u2019exotisme de la noix de coco.<\/p>\n<p data-start=\"1403\" data-end=\"1553\">La pr\u00e9sence de <strong data-start=\"1418\" data-end=\"1436\">p\u00e2te d\u2019amandes<\/strong> apporte une rondeur \u00e9l\u00e9gante, qui enrichit la texture et sublime les notes fruit\u00e9es et sucr\u00e9es de la noix de coco.<\/p>\n<p data-start=\"1555\" data-end=\"1707\">Offrir ou s\u2019offrir cette barre, c\u2019est choisir un chocolat g\u00e9n\u00e9reux, original et d\u00e9licatement exotique. Une recette qui surprend et marque les esprits.<\/p>\n<p data-start=\"1709\" data-end=\"1820\">Un mariage r\u00e9ussi de saveurs classiques et d\u00e9paysantes, pour une exp\u00e9rience chocolat\u00e9e unique et inoubliable.<\/p>","protected":false},"excerpt":{"rendered":"<p data-start=\"2021\" data-end=\"2168\">Craquez pour la barre chocolat noir noix de coco : coque intense, c\u0153ur p\u00e2te d\u2019amandes et \u00e9clats coco pour une gourmandise exotique et raffin\u00e9e. (62,50\u20ac\/kg)<\/p>","protected":false},"featured_media":906,"template":"","meta":{"_acf_changed":false,"site-sidebar-layout":"default","site-content-layout":"","ast-site-content-layout":"default","site-content-style":"default","site-sidebar-style":"default","ast-global-header-display":"","ast-banner-title-visibility":"","ast-main-header-display":"","ast-hfb-above-header-display":"","ast-hfb-below-header-display":"","ast-hfb-mobile-header-display":"","site-post-title":"","ast-breadcrumbs-content":"","ast-featured-img":"","footer-sml-layout":"","theme-transparent-header-meta":"default","adv-header-id-meta":"","stick-header-meta":"","header-above-stick-meta":"","header-main-stick-meta":"","header-below-stick-meta":"","astra-migrate-meta-layouts":"set","ast-page-background-enabled":"default","ast-page-background-meta":{"desktop":{"background-color":"var(--ast-global-color-4)","background-image":"","background-repeat":"repeat","background-position":"center center","background-size":"auto","background-attachment":"scroll","background-type":"","background-media":"","overlay-type":"","overlay-color":"","overlay-opacity":"","overlay-gradient":""},"tablet":{"background-color":"","background-image":"","background-repeat":"repeat","background-position":"center center","background-size":"auto","background-attachment":"scroll","background-type":"","background-media":"","overlay-type":"","overlay-color":"","overlay-opacity":"","overlay-gradient":""},"mobile":{"background-color":"","background-image":"","background-repeat":"repeat","background-position":"center center","background-size":"auto","background-attachment":"scroll","background-type":"","background-media":"","overlay-type":"","overlay-color":"","overlay-opacity":"","overlay-gradient":""}},"ast-content-background-meta":{"desktop":{"background-color":"var(--ast-global-color-5)","background-image":"","background-repeat":"repeat","background-position":"center center","background-size":"auto","background-attachment":"scroll","background-type":"","background-media":"","overlay-type":"","overlay-color":"","overlay-opacity":"","overlay-gradient":""},"tablet":{"background-color":"var(--ast-global-color-5)","background-image":"","background-repeat":"repeat","background-position":"center center","background-size":"auto","background-attachment":"scroll","background-type":"","background-media":"","overlay-type":"","overlay-color":"","overlay-opacity":"","overlay-gradient":""},"mobile":{"background-color":"var(--ast-global-color-5)","background-image":"","background-repeat":"repeat","background-position":"center center","background-size":"auto","background-attachment":"scroll","background-type":"","background-media":"","overlay-type":"","overlay-color":"","overlay-opacity":"","overlay-gradient":""}},"iawp_total_views":0},"product_brand":[],"product_cat":[121],"product_tag":[],"class_list":{"0":"post-1103","1":"product","2":"type-product","3":"status-publish","4":"has-post-thumbnail","6":"product_cat-bouchees-gourmandes","7":"desktop-align-left","8":"tablet-align-left","9":"mobile-align-left","11":"first","12":"outofstock","13":"taxable","14":"shipping-taxable","15":"purchasable","16":"product-type-simple"},"acf":[],"yoast_head":"<!-- This site is optimized with the Yoast SEO plugin v25.9 - https:\/\/yoast.com\/wordpress\/plugins\/seo\/ -->\n<title>BARRE NOIX DE COCO CHOCOLAT NOIR<\/title>\n<meta name=\"description\" content=\"Craquez pour la barre chocolat noir noix de coco : coque intense, c\u0153ur p\u00e2te d\u2019amandes et \u00e9clats coco pour une gourmandise exotique et raffin\u00e9e.\" \/>\n<meta name=\"robots\" content=\"noindex, follow, max-snippet:-1, max-image-preview:large, max-video-preview:-1\" \/>\n<meta property=\"og:locale\" content=\"en_GB\" \/>\n<meta property=\"og:type\" content=\"article\" \/>\n<meta property=\"og:title\" content=\"BARRE NOIX DE COCO CHOCOLAT NOIR\" \/>\n<meta property=\"og:description\" content=\"Craquez pour la barre chocolat noir noix de coco : coque intense, c\u0153ur p\u00e2te d\u2019amandes et \u00e9clats coco pour une gourmandise exotique et raffin\u00e9e.\" \/>\n<meta property=\"og:url\" content=\"https:\/\/preprod.lessecretsduchocolat.com\/en\/product\/dark-chocolate-coconut-bar\/\" \/>\n<meta property=\"og:site_name\" content=\"Secrets de Chocolat\" \/>\n<meta property=\"article:modified_time\" content=\"2025-08-29T12:52:57+00:00\" \/>\n<meta property=\"og:image\" content=\"https:\/\/preprod.lessecretsduchocolat.com\/wp-content\/uploads\/2025\/05\/878.jpg\" \/>\n\t<meta property=\"og:image:width\" content=\"500\" \/>\n\t<meta property=\"og:image:height\" content=\"500\" \/>\n\t<meta property=\"og:image:type\" content=\"image\/jpeg\" \/>\n<meta name=\"twitter:card\" content=\"summary_large_image\" \/>\n<meta name=\"twitter:label1\" content=\"Estimated reading time\" \/>\n\t<meta name=\"twitter:data1\" content=\"2 minutes\" \/>\n<script type=\"application\/ld+json\" class=\"yoast-schema-graph\">{\"@context\":\"https:\/\/schema.org\",\"@graph\":[{\"@type\":\"WebPage\",\"@id\":\"https:\/\/preprod.lessecretsduchocolat.com\/produit\/barre-noix-de-coco-chocolat-noir\/\",\"url\":\"https:\/\/preprod.lessecretsduchocolat.com\/produit\/barre-noix-de-coco-chocolat-noir\/\",\"name\":\"BARRE NOIX DE COCO CHOCOLAT NOIR\",\"isPartOf\":{\"@id\":\"https:\/\/preprod.lessecretsduchocolat.com\/#website\"},\"primaryImageOfPage\":{\"@id\":\"https:\/\/preprod.lessecretsduchocolat.com\/produit\/barre-noix-de-coco-chocolat-noir\/#primaryimage\"},\"image\":{\"@id\":\"https:\/\/preprod.lessecretsduchocolat.com\/produit\/barre-noix-de-coco-chocolat-noir\/#primaryimage\"},\"thumbnailUrl\":\"https:\/\/preprod.lessecretsduchocolat.com\/wp-content\/uploads\/2025\/05\/878.jpg\",\"datePublished\":\"2021-06-03T06:40:03+00:00\",\"dateModified\":\"2025-08-29T12:52:57+00:00\",\"description\":\"Craquez pour la barre chocolat noir noix de coco : coque intense, c\u0153ur p\u00e2te d\u2019amandes et \u00e9clats coco pour une gourmandise exotique et raffin\u00e9e.\",\"breadcrumb\":{\"@id\":\"https:\/\/preprod.lessecretsduchocolat.com\/produit\/barre-noix-de-coco-chocolat-noir\/#breadcrumb\"},\"inLanguage\":\"en-GB\",\"potentialAction\":[{\"@type\":\"ReadAction\",\"target\":[\"https:\/\/preprod.lessecretsduchocolat.com\/produit\/barre-noix-de-coco-chocolat-noir\/\"]}]},{\"@type\":\"ImageObject\",\"inLanguage\":\"en-GB\",\"@id\":\"https:\/\/preprod.lessecretsduchocolat.com\/produit\/barre-noix-de-coco-chocolat-noir\/#primaryimage\",\"url\":\"https:\/\/preprod.lessecretsduchocolat.com\/wp-content\/uploads\/2025\/05\/878.jpg\",\"contentUrl\":\"https:\/\/preprod.lessecretsduchocolat.com\/wp-content\/uploads\/2025\/05\/878.jpg\",\"width\":500,\"height\":500,\"caption\":\"Image barre chocolat noir noix de coco\"},{\"@type\":\"BreadcrumbList\",\"@id\":\"https:\/\/preprod.lessecretsduchocolat.com\/produit\/barre-noix-de-coco-chocolat-noir\/#breadcrumb\",\"itemListElement\":[{\"@type\":\"ListItem\",\"position\":1,\"name\":\"Accueil\",\"item\":\"https:\/\/preprod.lessecretsduchocolat.com\/\"},{\"@type\":\"ListItem\",\"position\":2,\"name\":\"Magasin\",\"item\":\"https:\/\/preprod.lessecretsduchocolat.com\/magasin\/\"},{\"@type\":\"ListItem\",\"position\":3,\"name\":\"BARRE NOIX DE COCO CHOCOLAT NOIR\"}]},{\"@type\":\"WebSite\",\"@id\":\"https:\/\/preprod.lessecretsduchocolat.com\/#website\",\"url\":\"https:\/\/preprod.lessecretsduchocolat.com\/\",\"name\":\"Secrets de Chocolat\",\"description\":\"\",\"publisher\":{\"@id\":\"https:\/\/preprod.lessecretsduchocolat.com\/#organization\"},\"potentialAction\":[{\"@type\":\"SearchAction\",\"target\":{\"@type\":\"EntryPoint\",\"urlTemplate\":\"https:\/\/preprod.lessecretsduchocolat.com\/?s={search_term_string}\"},\"query-input\":{\"@type\":\"PropertyValueSpecification\",\"valueRequired\":true,\"valueName\":\"search_term_string\"}}],\"inLanguage\":\"en-GB\"},{\"@type\":\"Organization\",\"@id\":\"https:\/\/preprod.lessecretsduchocolat.com\/#organization\",\"name\":\"Secrets de Chocolat\",\"url\":\"https:\/\/preprod.lessecretsduchocolat.com\/\",\"logo\":{\"@type\":\"ImageObject\",\"inLanguage\":\"en-GB\",\"@id\":\"https:\/\/preprod.lessecretsduchocolat.com\/#\/schema\/logo\/image\/\",\"url\":\"https:\/\/preprod.lessecretsduchocolat.com\/wp-content\/uploads\/2025\/05\/logo.png\",\"contentUrl\":\"https:\/\/preprod.lessecretsduchocolat.com\/wp-content\/uploads\/2025\/05\/logo.png\",\"width\":198,\"height\":85,\"caption\":\"Secrets de Chocolat\"},\"image\":{\"@id\":\"https:\/\/preprod.lessecretsduchocolat.com\/#\/schema\/logo\/image\/\"}}]}<\/script>\n<!-- \/ Yoast SEO plugin. -->","yoast_head_json":{"title":"DARK CHOCOLATE COCONUT BAR","description":"Go for the dark chocolate coconut bar with its intense shell, almond paste centre and coconut chips for an exotic, refined treat.","robots":{"index":"noindex","follow":"follow","max-snippet":"max-snippet:-1","max-image-preview":"max-image-preview:large","max-video-preview":"max-video-preview:-1"},"og_locale":"en_GB","og_type":"article","og_title":"BARRE NOIX DE COCO CHOCOLAT NOIR","og_description":"Craquez pour la barre chocolat noir noix de coco : coque intense, c\u0153ur p\u00e2te d\u2019amandes et \u00e9clats coco pour une gourmandise exotique et raffin\u00e9e.","og_url":"https:\/\/preprod.lessecretsduchocolat.com\/en\/product\/dark-chocolate-coconut-bar\/","og_site_name":"Secrets de Chocolat","article_modified_time":"2025-08-29T12:52:57+00:00","og_image":[{"width":500,"height":500,"url":"https:\/\/preprod.lessecretsduchocolat.com\/wp-content\/uploads\/2025\/05\/878.jpg","type":"image\/jpeg"}],"twitter_card":"summary_large_image","twitter_misc":{"Estimated reading time":"2 minutes"},"schema":{"@context":"https:\/\/schema.org","@graph":[{"@type":"WebPage","@id":"https:\/\/preprod.lessecretsduchocolat.com\/produit\/barre-noix-de-coco-chocolat-noir\/","url":"https:\/\/preprod.lessecretsduchocolat.com\/produit\/barre-noix-de-coco-chocolat-noir\/","name":"DARK CHOCOLATE COCONUT BAR","isPartOf":{"@id":"https:\/\/preprod.lessecretsduchocolat.com\/#website"},"primaryImageOfPage":{"@id":"https:\/\/preprod.lessecretsduchocolat.com\/produit\/barre-noix-de-coco-chocolat-noir\/#primaryimage"},"image":{"@id":"https:\/\/preprod.lessecretsduchocolat.com\/produit\/barre-noix-de-coco-chocolat-noir\/#primaryimage"},"thumbnailUrl":"https:\/\/preprod.lessecretsduchocolat.com\/wp-content\/uploads\/2025\/05\/878.jpg","datePublished":"2021-06-03T06:40:03+00:00","dateModified":"2025-08-29T12:52:57+00:00","description":"Go for the dark chocolate coconut bar with its intense shell, almond paste centre and coconut chips for an exotic, refined treat.","breadcrumb":{"@id":"https:\/\/preprod.lessecretsduchocolat.com\/produit\/barre-noix-de-coco-chocolat-noir\/#breadcrumb"},"inLanguage":"en-GB","potentialAction":[{"@type":"ReadAction","target":["https:\/\/preprod.lessecretsduchocolat.com\/produit\/barre-noix-de-coco-chocolat-noir\/"]}]},{"@type":"ImageObject","inLanguage":"en-GB","@id":"https:\/\/preprod.lessecretsduchocolat.com\/produit\/barre-noix-de-coco-chocolat-noir\/#primaryimage","url":"https:\/\/preprod.lessecretsduchocolat.com\/wp-content\/uploads\/2025\/05\/878.jpg","contentUrl":"https:\/\/preprod.lessecretsduchocolat.com\/wp-content\/uploads\/2025\/05\/878.jpg","width":500,"height":500,"caption":"Image barre chocolat noir noix de coco"},{"@type":"BreadcrumbList","@id":"https:\/\/preprod.lessecretsduchocolat.com\/produit\/barre-noix-de-coco-chocolat-noir\/#breadcrumb","itemListElement":[{"@type":"ListItem","position":1,"name":"Accueil","item":"https:\/\/preprod.lessecretsduchocolat.com\/"},{"@type":"ListItem","position":2,"name":"Magasin","item":"https:\/\/preprod.lessecretsduchocolat.com\/magasin\/"},{"@type":"ListItem","position":3,"name":"BARRE NOIX DE COCO CHOCOLAT NOIR"}]},{"@type":"WebSite","@id":"https:\/\/preprod.lessecretsduchocolat.com\/#website","url":"https:\/\/preprod.lessecretsduchocolat.com\/","name":"Secrets de Chocolat","description":"","publisher":{"@id":"https:\/\/preprod.lessecretsduchocolat.com\/#organization"},"potentialAction":[{"@type":"SearchAction","target":{"@type":"EntryPoint","urlTemplate":"https:\/\/preprod.lessecretsduchocolat.com\/?s={search_term_string}"},"query-input":{"@type":"PropertyValueSpecification","valueRequired":true,"valueName":"search_term_string"}}],"inLanguage":"en-GB"},{"@type":"Organization","@id":"https:\/\/preprod.lessecretsduchocolat.com\/#organization","name":"Secrets de Chocolat","url":"https:\/\/preprod.lessecretsduchocolat.com\/","logo":{"@type":"ImageObject","inLanguage":"en-GB","@id":"https:\/\/preprod.lessecretsduchocolat.com\/#\/schema\/logo\/image\/","url":"https:\/\/preprod.lessecretsduchocolat.com\/wp-content\/uploads\/2025\/05\/logo.png","contentUrl":"https:\/\/preprod.lessecretsduchocolat.com\/wp-content\/uploads\/2025\/05\/logo.png","width":198,"height":85,"caption":"Secrets de Chocolat"},"image":{"@id":"https:\/\/preprod.lessecretsduchocolat.com\/#\/schema\/logo\/image\/"}}]}},"_links":{"self":[{"href":"https:\/\/preprod.lessecretsduchocolat.com\/en\/wp-json\/wp\/v2\/product\/1103","targetHints":{"allow":["GET"]}}],"collection":[{"href":"https:\/\/preprod.lessecretsduchocolat.com\/en\/wp-json\/wp\/v2\/product"}],"about":[{"href":"https:\/\/preprod.lessecretsduchocolat.com\/en\/wp-json\/wp\/v2\/types\/product"}],"version-history":[{"count":4,"href":"https:\/\/preprod.lessecretsduchocolat.com\/en\/wp-json\/wp\/v2\/product\/1103\/revisions"}],"predecessor-version":[{"id":4184,"href":"https:\/\/preprod.lessecretsduchocolat.com\/en\/wp-json\/wp\/v2\/product\/1103\/revisions\/4184"}],"wp:featuredmedia":[{"embeddable":true,"href":"https:\/\/preprod.lessecretsduchocolat.com\/en\/wp-json\/wp\/v2\/media\/906"}],"wp:attachment":[{"href":"https:\/\/preprod.lessecretsduchocolat.com\/en\/wp-json\/wp\/v2\/media?parent=1103"}],"wp:term":[{"taxonomy":"product_brand","embeddable":true,"href":"https:\/\/preprod.lessecretsduchocolat.com\/en\/wp-json\/wp\/v2\/product_brand?post=1103"},{"taxonomy":"product_cat","embeddable":true,"href":"https:\/\/preprod.lessecretsduchocolat.com\/en\/wp-json\/wp\/v2\/product_cat?post=1103"},{"taxonomy":"product_tag","embeddable":true,"href":"https:\/\/preprod.lessecretsduchocolat.com\/en\/wp-json\/wp\/v2\/product_tag?post=1103"}],"curies":[{"name":"wp","href":"https:\/\/api.w.org\/{rel}","templated":true}]}}