{"id":1105,"date":"2021-09-17T06:40:05","date_gmt":"2021-09-17T06:40:05","guid":{"rendered":"https:\/\/preprod.lessecretsduchocolat.com\/?product=coffret-bon-voyage-en-vert"},"modified":"2025-08-29T14:42:52","modified_gmt":"2025-08-29T12:42:52","slug":"bon-voyage-en-vert-boxed-set","status":"publish","type":"product","link":"https:\/\/preprod.lessecretsduchocolat.com\/en\/product\/bon-voyage-en-vert-boxed-set\/","title":{"rendered":"BON VOYAGE EN VERT BOXED SET"},"content":{"rendered":"<p data-start=\"182\" data-end=\"256\"><span class=\"relative -mx-px my-[-0.2rem] rounded px-px py-[0.2rem] transition-colors duration-100 ease-in-out\">Le <strong data-start=\"3\" data-end=\"33\">Coffret Bon Voyage en Vert<\/strong> embarque vos sens vers quatre escapades gustatives \u00e0 travers le monde du th\u00e9 vert aromatis\u00e9.<\/span><\/p>\n<p data-start=\"258\" data-end=\"332\"><span class=\"relative -mx-px my-[-0.2rem] rounded px-px py-[0.2rem] transition-colors duration-100 ease-in-out\">Compos\u00e9 de 20 sachets fra\u00eecheur (4 recettes \u00d7 5 sachets), il propose une d\u00e9gustation vari\u00e9e et \u00e9l\u00e9gante pour explorer diff\u00e9rents horizons aromatiques.<\/span><\/p>\n<ul data-start=\"334\" data-end=\"653\">\n<li data-start=\"334\" data-end=\"411\">\n<p data-start=\"336\" data-end=\"411\"><span class=\"relative -mx-px my-[-0.2rem] rounded px-px py-[0.2rem] transition-colors duration-100 ease-in-out\"><strong data-start=\"0\" data-end=\"14\" data-is-only-node=\"\">Connivence<\/strong> : th\u00e9 vert Sencha aux accents raffin\u00e9s de fruits rouges et vanille, id\u00e9al pour accompagner le go\u00fbter.<\/span><\/p>\n<\/li>\n<li data-start=\"412\" data-end=\"489\">\n<p data-start=\"414\" data-end=\"489\"><span class=\"relative -mx-px my-[-0.2rem] rounded px-px py-[0.2rem] transition-colors duration-100 ease-in-out\"><strong data-start=\"0\" data-end=\"15\" data-is-only-node=\"\">Coco C\u00e2line<\/strong> : une douceur exotique o\u00f9 s\u2019entrelacent les parfums de coco et d\u2019ananas pour une respiration tropicale<\/span>.<\/p>\n<\/li>\n<li data-start=\"490\" data-end=\"571\">\n<p data-start=\"492\" data-end=\"571\"><span class=\"relative -mx-px my-[-0.2rem] rounded px-px py-[0.2rem] transition-colors duration-100 ease-in-out\"><strong data-start=\"0\" data-end=\"14\" data-is-only-node=\"\">Mira-Bella<\/strong> : une escapade lorraine \u00e0 travers des notes v\u00e9g\u00e9tales d\u00e9licates et la douceur fruit\u00e9e de la mirabelle<\/span>.<\/p>\n<\/li>\n<li data-start=\"572\" data-end=\"653\">\n<p data-start=\"574\" data-end=\"653\"><span class=\"relative -mx-px my-[-0.2rem] rounded px-px py-[0.2rem] transition-colors duration-100 ease-in-out\"><strong data-start=\"0\" data-end=\"21\" data-is-only-node=\"\">Cocktail d\u2019Orient<\/strong> : th\u00e9 vert agr\u00e9ment\u00e9 de morceaux d\u2019ananas, de p\u00e9tales de bleuet et de rose, pour une tasse sublim\u00e9e d\u2019inspirations orientales.<\/span><\/p>\n<\/li>\n<\/ul>\n<p data-start=\"655\" data-end=\"733\"><span class=\"relative -mx-px my-[-0.2rem] rounded px-px py-[0.2rem] transition-colors duration-100 ease-in-out\">Ce coffret est parfait pour accompagner une pause d\u00e9tente, une matin\u00e9e gourmande ou un moment de partage. Gr\u00e2ce \u00e0 son format pratique, il se transporte partout.<\/span><\/p>\n<p data-start=\"735\" data-end=\"813\"><span class=\"relative -mx-px my-[-0.2rem] rounded px-px py-[0.2rem] transition-colors duration-100 ease-in-out\">Pr\u00e9sent\u00e9 dans une jolie bo\u00eete cartonn\u00e9e, il fait aussi un cadeau raffin\u00e9, chic et accessible pour tous les amateurs de th\u00e9 vert.<\/span><\/p>\n<p data-start=\"815\" data-end=\"1041\">Offrir le <strong data-start=\"825\" data-end=\"855\">Coffret Bon Voyage en Vert<\/strong>, c\u2019est inviter \u00e0 un voyage sensoriel color\u00e9 : une \u00e9vasion \u00e0 chaque tasse, sans quitter son int\u00e9rieur. Chaque s\u00e9lection incarne son propre univers, pour une exp\u00e9rience riche et raffin\u00e9e.<\/p>","protected":false},"excerpt":{"rendered":"<p>Vos th\u00e9s verts aromatis\u00e9s pr\u00e9f\u00e9r\u00e9s sont d\u00e9sormais disponibles en coffret ! Savourez l&rsquo;alliance du th\u00e9 vert aux notes fruit\u00e9es et florales. Connivence, Coco C\u00e2line, Mira-Bella et Cocktail d&rsquo;Orient sont regroup\u00e9s dans le coffret \u00ab\u00a0Bon voyage en vert\u00a0\u00bb.<\/p>","protected":false},"featured_media":910,"template":"","meta":{"_acf_changed":false,"site-sidebar-layout":"default","site-content-layout":"","ast-site-content-layout":"default","site-content-style":"default","site-sidebar-style":"default","ast-global-header-display":"","ast-banner-title-visibility":"","ast-main-header-display":"","ast-hfb-above-header-display":"","ast-hfb-below-header-display":"","ast-hfb-mobile-header-display":"","site-post-title":"","ast-breadcrumbs-content":"","ast-featured-img":"","footer-sml-layout":"","theme-transparent-header-meta":"default","adv-header-id-meta":"","stick-header-meta":"","header-above-stick-meta":"","header-main-stick-meta":"","header-below-stick-meta":"","astra-migrate-meta-layouts":"set","ast-page-background-enabled":"default","ast-page-background-meta":{"desktop":{"background-color":"var(--ast-global-color-4)","background-image":"","background-repeat":"repeat","background-position":"center center","background-size":"auto","background-attachment":"scroll","background-type":"","background-media":"","overlay-type":"","overlay-color":"","overlay-opacity":"","overlay-gradient":""},"tablet":{"background-color":"","background-image":"","background-repeat":"repeat","background-position":"center center","background-size":"auto","background-attachment":"scroll","background-type":"","background-media":"","overlay-type":"","overlay-color":"","overlay-opacity":"","overlay-gradient":""},"mobile":{"background-color":"","background-image":"","background-repeat":"repeat","background-position":"center center","background-size":"auto","background-attachment":"scroll","background-type":"","background-media":"","overlay-type":"","overlay-color":"","overlay-opacity":"","overlay-gradient":""}},"ast-content-background-meta":{"desktop":{"background-color":"var(--ast-global-color-5)","background-image":"","background-repeat":"repeat","background-position":"center center","background-size":"auto","background-attachment":"scroll","background-type":"","background-media":"","overlay-type":"","overlay-color":"","overlay-opacity":"","overlay-gradient":""},"tablet":{"background-color":"var(--ast-global-color-5)","background-image":"","background-repeat":"repeat","background-position":"center center","background-size":"auto","background-attachment":"scroll","background-type":"","background-media":"","overlay-type":"","overlay-color":"","overlay-opacity":"","overlay-gradient":""},"mobile":{"background-color":"var(--ast-global-color-5)","background-image":"","background-repeat":"repeat","background-position":"center center","background-size":"auto","background-attachment":"scroll","background-type":"","background-media":"","overlay-type":"","overlay-color":"","overlay-opacity":"","overlay-gradient":""}},"iawp_total_views":0},"product_brand":[],"product_cat":[110],"product_tag":[],"class_list":{"0":"post-1105","1":"product","2":"type-product","3":"status-publish","4":"has-post-thumbnail","6":"product_cat-the","7":"desktop-align-left","8":"tablet-align-left","9":"mobile-align-left","11":"first","12":"outofstock","13":"taxable","14":"shipping-taxable","15":"purchasable","16":"product-type-simple"},"acf":[],"yoast_head":"<!-- This site is optimized with the Yoast SEO plugin v25.9 - https:\/\/yoast.com\/wordpress\/plugins\/seo\/ -->\n<title>COFFRET BON VOYAGE EN VERT<\/title>\n<meta name=\"description\" content=\"D\u00e9couvrez le Coffret Bon Voyage en Vert avec ses 20 sachets de th\u00e9s verts assortis : Connivence, Coco C\u00e2line, Mira-Bella, et Cocktail d&#039;Orient.\" \/>\n<meta name=\"robots\" content=\"noindex, follow, max-snippet:-1, max-image-preview:large, max-video-preview:-1\" \/>\n<meta property=\"og:locale\" content=\"en_GB\" \/>\n<meta property=\"og:type\" content=\"article\" \/>\n<meta property=\"og:title\" content=\"COFFRET BON VOYAGE EN VERT\" \/>\n<meta property=\"og:description\" content=\"D\u00e9couvrez le Coffret Bon Voyage en Vert avec ses 20 sachets de th\u00e9s verts assortis : Connivence, Coco C\u00e2line, Mira-Bella, et Cocktail d&#039;Orient.\" \/>\n<meta property=\"og:url\" content=\"https:\/\/preprod.lessecretsduchocolat.com\/en\/product\/bon-voyage-en-vert-boxed-set\/\" \/>\n<meta property=\"og:site_name\" content=\"Secrets de Chocolat\" \/>\n<meta property=\"article:modified_time\" content=\"2025-08-29T12:42:52+00:00\" \/>\n<meta property=\"og:image\" content=\"https:\/\/preprod.lessecretsduchocolat.com\/wp-content\/uploads\/2025\/05\/1067.jpg\" \/>\n\t<meta property=\"og:image:width\" content=\"500\" \/>\n\t<meta property=\"og:image:height\" content=\"500\" \/>\n\t<meta property=\"og:image:type\" content=\"image\/jpeg\" \/>\n<meta name=\"twitter:card\" content=\"summary_large_image\" \/>\n<meta name=\"twitter:label1\" content=\"Estimated reading time\" \/>\n\t<meta name=\"twitter:data1\" content=\"2 minutes\" \/>\n<script type=\"application\/ld+json\" class=\"yoast-schema-graph\">{\"@context\":\"https:\/\/schema.org\",\"@graph\":[{\"@type\":\"WebPage\",\"@id\":\"https:\/\/preprod.lessecretsduchocolat.com\/produit\/coffret-bon-voyage-en-vert\/\",\"url\":\"https:\/\/preprod.lessecretsduchocolat.com\/produit\/coffret-bon-voyage-en-vert\/\",\"name\":\"COFFRET BON VOYAGE EN VERT\",\"isPartOf\":{\"@id\":\"https:\/\/preprod.lessecretsduchocolat.com\/#website\"},\"primaryImageOfPage\":{\"@id\":\"https:\/\/preprod.lessecretsduchocolat.com\/produit\/coffret-bon-voyage-en-vert\/#primaryimage\"},\"image\":{\"@id\":\"https:\/\/preprod.lessecretsduchocolat.com\/produit\/coffret-bon-voyage-en-vert\/#primaryimage\"},\"thumbnailUrl\":\"https:\/\/preprod.lessecretsduchocolat.com\/wp-content\/uploads\/2025\/05\/1067.jpg\",\"datePublished\":\"2021-09-17T06:40:05+00:00\",\"dateModified\":\"2025-08-29T12:42:52+00:00\",\"description\":\"D\u00e9couvrez le Coffret Bon Voyage en Vert avec ses 20 sachets de th\u00e9s verts assortis : Connivence, Coco C\u00e2line, Mira-Bella, et Cocktail d'Orient.\",\"breadcrumb\":{\"@id\":\"https:\/\/preprod.lessecretsduchocolat.com\/produit\/coffret-bon-voyage-en-vert\/#breadcrumb\"},\"inLanguage\":\"en-GB\",\"potentialAction\":[{\"@type\":\"ReadAction\",\"target\":[\"https:\/\/preprod.lessecretsduchocolat.com\/produit\/coffret-bon-voyage-en-vert\/\"]}]},{\"@type\":\"ImageObject\",\"inLanguage\":\"en-GB\",\"@id\":\"https:\/\/preprod.lessecretsduchocolat.com\/produit\/coffret-bon-voyage-en-vert\/#primaryimage\",\"url\":\"https:\/\/preprod.lessecretsduchocolat.com\/wp-content\/uploads\/2025\/05\/1067.jpg\",\"contentUrl\":\"https:\/\/preprod.lessecretsduchocolat.com\/wp-content\/uploads\/2025\/05\/1067.jpg\",\"width\":500,\"height\":500,\"caption\":\"Image coffret th\u00e9 bon voyage vert\"},{\"@type\":\"BreadcrumbList\",\"@id\":\"https:\/\/preprod.lessecretsduchocolat.com\/produit\/coffret-bon-voyage-en-vert\/#breadcrumb\",\"itemListElement\":[{\"@type\":\"ListItem\",\"position\":1,\"name\":\"Accueil\",\"item\":\"https:\/\/preprod.lessecretsduchocolat.com\/\"},{\"@type\":\"ListItem\",\"position\":2,\"name\":\"Magasin\",\"item\":\"https:\/\/preprod.lessecretsduchocolat.com\/magasin\/\"},{\"@type\":\"ListItem\",\"position\":3,\"name\":\"COFFRET BON VOYAGE EN VERT\"}]},{\"@type\":\"WebSite\",\"@id\":\"https:\/\/preprod.lessecretsduchocolat.com\/#website\",\"url\":\"https:\/\/preprod.lessecretsduchocolat.com\/\",\"name\":\"Secrets de Chocolat\",\"description\":\"\",\"publisher\":{\"@id\":\"https:\/\/preprod.lessecretsduchocolat.com\/#organization\"},\"potentialAction\":[{\"@type\":\"SearchAction\",\"target\":{\"@type\":\"EntryPoint\",\"urlTemplate\":\"https:\/\/preprod.lessecretsduchocolat.com\/?s={search_term_string}\"},\"query-input\":{\"@type\":\"PropertyValueSpecification\",\"valueRequired\":true,\"valueName\":\"search_term_string\"}}],\"inLanguage\":\"en-GB\"},{\"@type\":\"Organization\",\"@id\":\"https:\/\/preprod.lessecretsduchocolat.com\/#organization\",\"name\":\"Secrets de Chocolat\",\"url\":\"https:\/\/preprod.lessecretsduchocolat.com\/\",\"logo\":{\"@type\":\"ImageObject\",\"inLanguage\":\"en-GB\",\"@id\":\"https:\/\/preprod.lessecretsduchocolat.com\/#\/schema\/logo\/image\/\",\"url\":\"https:\/\/preprod.lessecretsduchocolat.com\/wp-content\/uploads\/2025\/05\/logo.png\",\"contentUrl\":\"https:\/\/preprod.lessecretsduchocolat.com\/wp-content\/uploads\/2025\/05\/logo.png\",\"width\":198,\"height\":85,\"caption\":\"Secrets de Chocolat\"},\"image\":{\"@id\":\"https:\/\/preprod.lessecretsduchocolat.com\/#\/schema\/logo\/image\/\"}}]}<\/script>\n<!-- \/ Yoast SEO plugin. -->","yoast_head_json":{"title":"BON VOYAGE EN VERT BOXED SET","description":"Discover the Bon Voyage en Vert Gift Set with its 20 bags of assorted green teas: Connivence, Coco C\u00e2line, Mira-Bella and Cocktail d'Orient.","robots":{"index":"noindex","follow":"follow","max-snippet":"max-snippet:-1","max-image-preview":"max-image-preview:large","max-video-preview":"max-video-preview:-1"},"og_locale":"en_GB","og_type":"article","og_title":"COFFRET BON VOYAGE EN VERT","og_description":"D\u00e9couvrez le Coffret Bon Voyage en Vert avec ses 20 sachets de th\u00e9s verts assortis : Connivence, Coco C\u00e2line, Mira-Bella, et Cocktail d'Orient.","og_url":"https:\/\/preprod.lessecretsduchocolat.com\/en\/product\/bon-voyage-en-vert-boxed-set\/","og_site_name":"Secrets de Chocolat","article_modified_time":"2025-08-29T12:42:52+00:00","og_image":[{"width":500,"height":500,"url":"https:\/\/preprod.lessecretsduchocolat.com\/wp-content\/uploads\/2025\/05\/1067.jpg","type":"image\/jpeg"}],"twitter_card":"summary_large_image","twitter_misc":{"Estimated reading time":"2 minutes"},"schema":{"@context":"https:\/\/schema.org","@graph":[{"@type":"WebPage","@id":"https:\/\/preprod.lessecretsduchocolat.com\/produit\/coffret-bon-voyage-en-vert\/","url":"https:\/\/preprod.lessecretsduchocolat.com\/produit\/coffret-bon-voyage-en-vert\/","name":"BON VOYAGE EN VERT BOXED SET","isPartOf":{"@id":"https:\/\/preprod.lessecretsduchocolat.com\/#website"},"primaryImageOfPage":{"@id":"https:\/\/preprod.lessecretsduchocolat.com\/produit\/coffret-bon-voyage-en-vert\/#primaryimage"},"image":{"@id":"https:\/\/preprod.lessecretsduchocolat.com\/produit\/coffret-bon-voyage-en-vert\/#primaryimage"},"thumbnailUrl":"https:\/\/preprod.lessecretsduchocolat.com\/wp-content\/uploads\/2025\/05\/1067.jpg","datePublished":"2021-09-17T06:40:05+00:00","dateModified":"2025-08-29T12:42:52+00:00","description":"Discover the Bon Voyage en Vert Gift Set with its 20 bags of assorted green teas: Connivence, Coco C\u00e2line, Mira-Bella and Cocktail d'Orient.","breadcrumb":{"@id":"https:\/\/preprod.lessecretsduchocolat.com\/produit\/coffret-bon-voyage-en-vert\/#breadcrumb"},"inLanguage":"en-GB","potentialAction":[{"@type":"ReadAction","target":["https:\/\/preprod.lessecretsduchocolat.com\/produit\/coffret-bon-voyage-en-vert\/"]}]},{"@type":"ImageObject","inLanguage":"en-GB","@id":"https:\/\/preprod.lessecretsduchocolat.com\/produit\/coffret-bon-voyage-en-vert\/#primaryimage","url":"https:\/\/preprod.lessecretsduchocolat.com\/wp-content\/uploads\/2025\/05\/1067.jpg","contentUrl":"https:\/\/preprod.lessecretsduchocolat.com\/wp-content\/uploads\/2025\/05\/1067.jpg","width":500,"height":500,"caption":"Image coffret th\u00e9 bon voyage vert"},{"@type":"BreadcrumbList","@id":"https:\/\/preprod.lessecretsduchocolat.com\/produit\/coffret-bon-voyage-en-vert\/#breadcrumb","itemListElement":[{"@type":"ListItem","position":1,"name":"Accueil","item":"https:\/\/preprod.lessecretsduchocolat.com\/"},{"@type":"ListItem","position":2,"name":"Magasin","item":"https:\/\/preprod.lessecretsduchocolat.com\/magasin\/"},{"@type":"ListItem","position":3,"name":"COFFRET BON VOYAGE EN VERT"}]},{"@type":"WebSite","@id":"https:\/\/preprod.lessecretsduchocolat.com\/#website","url":"https:\/\/preprod.lessecretsduchocolat.com\/","name":"Secrets de Chocolat","description":"","publisher":{"@id":"https:\/\/preprod.lessecretsduchocolat.com\/#organization"},"potentialAction":[{"@type":"SearchAction","target":{"@type":"EntryPoint","urlTemplate":"https:\/\/preprod.lessecretsduchocolat.com\/?s={search_term_string}"},"query-input":{"@type":"PropertyValueSpecification","valueRequired":true,"valueName":"search_term_string"}}],"inLanguage":"en-GB"},{"@type":"Organization","@id":"https:\/\/preprod.lessecretsduchocolat.com\/#organization","name":"Secrets de Chocolat","url":"https:\/\/preprod.lessecretsduchocolat.com\/","logo":{"@type":"ImageObject","inLanguage":"en-GB","@id":"https:\/\/preprod.lessecretsduchocolat.com\/#\/schema\/logo\/image\/","url":"https:\/\/preprod.lessecretsduchocolat.com\/wp-content\/uploads\/2025\/05\/logo.png","contentUrl":"https:\/\/preprod.lessecretsduchocolat.com\/wp-content\/uploads\/2025\/05\/logo.png","width":198,"height":85,"caption":"Secrets de Chocolat"},"image":{"@id":"https:\/\/preprod.lessecretsduchocolat.com\/#\/schema\/logo\/image\/"}}]}},"_links":{"self":[{"href":"https:\/\/preprod.lessecretsduchocolat.com\/en\/wp-json\/wp\/v2\/product\/1105","targetHints":{"allow":["GET"]}}],"collection":[{"href":"https:\/\/preprod.lessecretsduchocolat.com\/en\/wp-json\/wp\/v2\/product"}],"about":[{"href":"https:\/\/preprod.lessecretsduchocolat.com\/en\/wp-json\/wp\/v2\/types\/product"}],"version-history":[{"count":4,"href":"https:\/\/preprod.lessecretsduchocolat.com\/en\/wp-json\/wp\/v2\/product\/1105\/revisions"}],"predecessor-version":[{"id":4181,"href":"https:\/\/preprod.lessecretsduchocolat.com\/en\/wp-json\/wp\/v2\/product\/1105\/revisions\/4181"}],"wp:featuredmedia":[{"embeddable":true,"href":"https:\/\/preprod.lessecretsduchocolat.com\/en\/wp-json\/wp\/v2\/media\/910"}],"wp:attachment":[{"href":"https:\/\/preprod.lessecretsduchocolat.com\/en\/wp-json\/wp\/v2\/media?parent=1105"}],"wp:term":[{"taxonomy":"product_brand","embeddable":true,"href":"https:\/\/preprod.lessecretsduchocolat.com\/en\/wp-json\/wp\/v2\/product_brand?post=1105"},{"taxonomy":"product_cat","embeddable":true,"href":"https:\/\/preprod.lessecretsduchocolat.com\/en\/wp-json\/wp\/v2\/product_cat?post=1105"},{"taxonomy":"product_tag","embeddable":true,"href":"https:\/\/preprod.lessecretsduchocolat.com\/en\/wp-json\/wp\/v2\/product_tag?post=1105"}],"curies":[{"name":"wp","href":"https:\/\/api.w.org\/{rel}","templated":true}]}}