{"id":1108,"date":"2021-12-30T06:40:04","date_gmt":"2021-12-30T06:40:04","guid":{"rendered":"https:\/\/preprod.lessecretsduchocolat.com\/?product=triador-au-chocolat-au-lait"},"modified":"2025-08-29T14:13:12","modified_gmt":"2025-08-29T12:13:12","slug":"milk-chocolate-triador","status":"publish","type":"product","link":"https:\/\/preprod.lessecretsduchocolat.com\/en\/product\/milk-chocolate-triador\/","title":{"rendered":"MILK CHOCOLATE TRIADOR"},"content":{"rendered":"<p data-start=\"212\" data-end=\"394\">Le <strong data-start=\"215\" data-end=\"251\">Triador chocolat au lait pralin\u00e9<\/strong> est une gourmandise g\u00e9n\u00e9reuse qui marie douceur lact\u00e9e, fondant pralin\u00e9 et croustillant l\u00e9ger des c\u00e9r\u00e9ales. Un chocolat addictif et raffin\u00e9.<\/p>\n<p data-start=\"396\" data-end=\"555\">Sous sa coque brillante de <strong data-start=\"423\" data-end=\"463\">chocolat au lait pur beurre de cacao<\/strong>, se cache un c\u0153ur g\u00e9n\u00e9reux de <strong data-start=\"494\" data-end=\"514\">pralin\u00e9 onctueux<\/strong> relev\u00e9 de <strong data-start=\"525\" data-end=\"552\">c\u00e9r\u00e9ales croustillantes<\/strong>.<\/p>\n<p data-start=\"557\" data-end=\"711\">Chaque bouch\u00e9e offre un contraste irr\u00e9sistible : croquant a\u00e9rien des c\u00e9r\u00e9ales, rondeur fondante du pralin\u00e9, et douceur enveloppante du chocolat au lait.<\/p>\n<p data-start=\"713\" data-end=\"860\">Avec sa taille d\u2019environ <strong data-start=\"738\" data-end=\"747\">10 cm<\/strong>, le Triador est un format g\u00e9n\u00e9reux, parfait pour une d\u00e9gustation prolong\u00e9e ou un partage gourmand \u00e0 plusieurs.<\/p>\n<p data-start=\"862\" data-end=\"1004\">Le <strong data-start=\"865\" data-end=\"901\">Triador chocolat au lait pralin\u00e9<\/strong> accompagne id\u00e9alement un caf\u00e9, un th\u00e9, ou se savoure seul pour une pause r\u00e9confortante et gourmande.<\/p>\n<p data-start=\"1006\" data-end=\"1165\">Il s\u00e9duira les amateurs de chocolat doux et onctueux, tout en surprenant par sa texture croquante. Un plaisir complet qui s\u2019adresse \u00e0 toutes les g\u00e9n\u00e9rations.<\/p>\n<p data-start=\"1167\" data-end=\"1309\">Cette cr\u00e9ation illustre l\u2019art du contraste en chocolaterie : fondant, croquant et douceur lact\u00e9e s\u2019entrelacent dans une harmonie d\u00e9licieuse.<\/p>\n<p data-start=\"1311\" data-end=\"1487\">Le Triador se d\u00e9guste en toute occasion, et son format g\u00e9n\u00e9reux en fait aussi une <strong data-start=\"1393\" data-end=\"1418\">id\u00e9e cadeau originale<\/strong>. Offrir un Triador, c\u2019est offrir une exp\u00e9rience chocolat\u00e9e unique.<\/p>\n<p data-start=\"1489\" data-end=\"1647\">La <strong data-start=\"1492\" data-end=\"1511\">version au lait<\/strong> incarne le chocolat dans sa forme la plus r\u00e9confortante, sublim\u00e9e par la g\u00e9n\u00e9rosit\u00e9 du pralin\u00e9 et la l\u00e9g\u00e8ret\u00e9 des c\u00e9r\u00e9ales souffl\u00e9es.<\/p>\n<p data-start=\"1649\" data-end=\"1742\">Un incontournable qui transforme une simple pause en v\u00e9ritable moment de plaisir chocolat\u00e9.<\/p>","protected":false},"excerpt":{"rendered":"<p><strong>Emmenez cette barre au pralin\u00e9 partout ! A partager ou \u00e0 d\u00e9vorer tout seul, d\u00e8s qu&rsquo;on en a envie. (62,50\u20ac\/kg)<\/strong><\/p>","protected":false},"featured_media":917,"template":"","meta":{"_acf_changed":false,"site-sidebar-layout":"default","site-content-layout":"","ast-site-content-layout":"default","site-content-style":"default","site-sidebar-style":"default","ast-global-header-display":"","ast-banner-title-visibility":"","ast-main-header-display":"","ast-hfb-above-header-display":"","ast-hfb-below-header-display":"","ast-hfb-mobile-header-display":"","site-post-title":"","ast-breadcrumbs-content":"","ast-featured-img":"","footer-sml-layout":"","theme-transparent-header-meta":"default","adv-header-id-meta":"","stick-header-meta":"","header-above-stick-meta":"","header-main-stick-meta":"","header-below-stick-meta":"","astra-migrate-meta-layouts":"set","ast-page-background-enabled":"default","ast-page-background-meta":{"desktop":{"background-color":"var(--ast-global-color-4)","background-image":"","background-repeat":"repeat","background-position":"center center","background-size":"auto","background-attachment":"scroll","background-type":"","background-media":"","overlay-type":"","overlay-color":"","overlay-opacity":"","overlay-gradient":""},"tablet":{"background-color":"","background-image":"","background-repeat":"repeat","background-position":"center center","background-size":"auto","background-attachment":"scroll","background-type":"","background-media":"","overlay-type":"","overlay-color":"","overlay-opacity":"","overlay-gradient":""},"mobile":{"background-color":"","background-image":"","background-repeat":"repeat","background-position":"center center","background-size":"auto","background-attachment":"scroll","background-type":"","background-media":"","overlay-type":"","overlay-color":"","overlay-opacity":"","overlay-gradient":""}},"ast-content-background-meta":{"desktop":{"background-color":"var(--ast-global-color-5)","background-image":"","background-repeat":"repeat","background-position":"center center","background-size":"auto","background-attachment":"scroll","background-type":"","background-media":"","overlay-type":"","overlay-color":"","overlay-opacity":"","overlay-gradient":""},"tablet":{"background-color":"var(--ast-global-color-5)","background-image":"","background-repeat":"repeat","background-position":"center center","background-size":"auto","background-attachment":"scroll","background-type":"","background-media":"","overlay-type":"","overlay-color":"","overlay-opacity":"","overlay-gradient":""},"mobile":{"background-color":"var(--ast-global-color-5)","background-image":"","background-repeat":"repeat","background-position":"center center","background-size":"auto","background-attachment":"scroll","background-type":"","background-media":"","overlay-type":"","overlay-color":"","overlay-opacity":"","overlay-gradient":""}},"iawp_total_views":0},"product_brand":[],"product_cat":[121],"product_tag":[],"class_list":{"0":"post-1108","1":"product","2":"type-product","3":"status-publish","4":"has-post-thumbnail","6":"product_cat-bouchees-gourmandes","7":"desktop-align-left","8":"tablet-align-left","9":"mobile-align-left","11":"first","12":"outofstock","13":"taxable","14":"shipping-taxable","15":"purchasable","16":"product-type-simple"},"acf":[],"yoast_head":"<!-- This site is optimized with the Yoast SEO plugin v25.9 - https:\/\/yoast.com\/wordpress\/plugins\/seo\/ -->\n<title>TRIADOR LAIT<\/title>\n<meta name=\"description\" content=\"Savourez le Triador chocolat au lait pralin\u00e9 : coque lact\u00e9e fondante, c\u0153ur pralin\u00e9 onctueux et c\u00e9r\u00e9ales croustillantes dans un format g\u00e9n\u00e9reux.\" \/>\n<meta name=\"robots\" content=\"noindex, follow, max-snippet:-1, max-image-preview:large, max-video-preview:-1\" \/>\n<meta property=\"og:locale\" content=\"en_GB\" \/>\n<meta property=\"og:type\" content=\"article\" \/>\n<meta property=\"og:title\" content=\"TRIADOR LAIT\" \/>\n<meta property=\"og:description\" content=\"Savourez le Triador chocolat au lait pralin\u00e9 : coque lact\u00e9e fondante, c\u0153ur pralin\u00e9 onctueux et c\u00e9r\u00e9ales croustillantes dans un format g\u00e9n\u00e9reux.\" \/>\n<meta property=\"og:url\" content=\"https:\/\/preprod.lessecretsduchocolat.com\/en\/product\/milk-chocolate-triador\/\" \/>\n<meta property=\"og:site_name\" content=\"Secrets de Chocolat\" \/>\n<meta property=\"article:modified_time\" content=\"2025-08-29T12:13:12+00:00\" \/>\n<meta property=\"og:image\" content=\"https:\/\/preprod.lessecretsduchocolat.com\/wp-content\/uploads\/2025\/05\/1117.jpg\" \/>\n\t<meta property=\"og:image:width\" content=\"500\" \/>\n\t<meta property=\"og:image:height\" content=\"500\" \/>\n\t<meta property=\"og:image:type\" content=\"image\/jpeg\" \/>\n<meta name=\"twitter:card\" content=\"summary_large_image\" \/>\n<meta name=\"twitter:label1\" content=\"Estimated reading time\" \/>\n\t<meta name=\"twitter:data1\" content=\"2 minutes\" \/>\n<script type=\"application\/ld+json\" class=\"yoast-schema-graph\">{\"@context\":\"https:\/\/schema.org\",\"@graph\":[{\"@type\":\"WebPage\",\"@id\":\"https:\/\/preprod.lessecretsduchocolat.com\/produit\/triador-au-chocolat-au-lait\/\",\"url\":\"https:\/\/preprod.lessecretsduchocolat.com\/produit\/triador-au-chocolat-au-lait\/\",\"name\":\"TRIADOR LAIT\",\"isPartOf\":{\"@id\":\"https:\/\/preprod.lessecretsduchocolat.com\/#website\"},\"primaryImageOfPage\":{\"@id\":\"https:\/\/preprod.lessecretsduchocolat.com\/produit\/triador-au-chocolat-au-lait\/#primaryimage\"},\"image\":{\"@id\":\"https:\/\/preprod.lessecretsduchocolat.com\/produit\/triador-au-chocolat-au-lait\/#primaryimage\"},\"thumbnailUrl\":\"https:\/\/preprod.lessecretsduchocolat.com\/wp-content\/uploads\/2025\/05\/1117.jpg\",\"datePublished\":\"2021-12-30T06:40:04+00:00\",\"dateModified\":\"2025-08-29T12:13:12+00:00\",\"description\":\"Savourez le Triador chocolat au lait pralin\u00e9 : coque lact\u00e9e fondante, c\u0153ur pralin\u00e9 onctueux et c\u00e9r\u00e9ales croustillantes dans un format g\u00e9n\u00e9reux.\",\"breadcrumb\":{\"@id\":\"https:\/\/preprod.lessecretsduchocolat.com\/produit\/triador-au-chocolat-au-lait\/#breadcrumb\"},\"inLanguage\":\"en-GB\",\"potentialAction\":[{\"@type\":\"ReadAction\",\"target\":[\"https:\/\/preprod.lessecretsduchocolat.com\/produit\/triador-au-chocolat-au-lait\/\"]}]},{\"@type\":\"ImageObject\",\"inLanguage\":\"en-GB\",\"@id\":\"https:\/\/preprod.lessecretsduchocolat.com\/produit\/triador-au-chocolat-au-lait\/#primaryimage\",\"url\":\"https:\/\/preprod.lessecretsduchocolat.com\/wp-content\/uploads\/2025\/05\/1117.jpg\",\"contentUrl\":\"https:\/\/preprod.lessecretsduchocolat.com\/wp-content\/uploads\/2025\/05\/1117.jpg\",\"width\":500,\"height\":500,\"caption\":\"Image bouch\u00e9e triador lait\"},{\"@type\":\"BreadcrumbList\",\"@id\":\"https:\/\/preprod.lessecretsduchocolat.com\/produit\/triador-au-chocolat-au-lait\/#breadcrumb\",\"itemListElement\":[{\"@type\":\"ListItem\",\"position\":1,\"name\":\"Accueil\",\"item\":\"https:\/\/preprod.lessecretsduchocolat.com\/\"},{\"@type\":\"ListItem\",\"position\":2,\"name\":\"Magasin\",\"item\":\"https:\/\/preprod.lessecretsduchocolat.com\/magasin\/\"},{\"@type\":\"ListItem\",\"position\":3,\"name\":\"TRIADOR AU CHOCOLAT AU LAIT\"}]},{\"@type\":\"WebSite\",\"@id\":\"https:\/\/preprod.lessecretsduchocolat.com\/#website\",\"url\":\"https:\/\/preprod.lessecretsduchocolat.com\/\",\"name\":\"Secrets de Chocolat\",\"description\":\"\",\"publisher\":{\"@id\":\"https:\/\/preprod.lessecretsduchocolat.com\/#organization\"},\"potentialAction\":[{\"@type\":\"SearchAction\",\"target\":{\"@type\":\"EntryPoint\",\"urlTemplate\":\"https:\/\/preprod.lessecretsduchocolat.com\/?s={search_term_string}\"},\"query-input\":{\"@type\":\"PropertyValueSpecification\",\"valueRequired\":true,\"valueName\":\"search_term_string\"}}],\"inLanguage\":\"en-GB\"},{\"@type\":\"Organization\",\"@id\":\"https:\/\/preprod.lessecretsduchocolat.com\/#organization\",\"name\":\"Secrets de Chocolat\",\"url\":\"https:\/\/preprod.lessecretsduchocolat.com\/\",\"logo\":{\"@type\":\"ImageObject\",\"inLanguage\":\"en-GB\",\"@id\":\"https:\/\/preprod.lessecretsduchocolat.com\/#\/schema\/logo\/image\/\",\"url\":\"https:\/\/preprod.lessecretsduchocolat.com\/wp-content\/uploads\/2025\/05\/logo.png\",\"contentUrl\":\"https:\/\/preprod.lessecretsduchocolat.com\/wp-content\/uploads\/2025\/05\/logo.png\",\"width\":198,\"height\":85,\"caption\":\"Secrets de Chocolat\"},\"image\":{\"@id\":\"https:\/\/preprod.lessecretsduchocolat.com\/#\/schema\/logo\/image\/\"}}]}<\/script>\n<!-- \/ Yoast SEO plugin. -->","yoast_head_json":{"title":"TRIADOR MILK","description":"Enjoy Triador milk chocolate praline: a melting milk shell, a creamy praline heart and crunchy cereals in a generous format.","robots":{"index":"noindex","follow":"follow","max-snippet":"max-snippet:-1","max-image-preview":"max-image-preview:large","max-video-preview":"max-video-preview:-1"},"og_locale":"en_GB","og_type":"article","og_title":"TRIADOR LAIT","og_description":"Savourez le Triador chocolat au lait pralin\u00e9 : coque lact\u00e9e fondante, c\u0153ur pralin\u00e9 onctueux et c\u00e9r\u00e9ales croustillantes dans un format g\u00e9n\u00e9reux.","og_url":"https:\/\/preprod.lessecretsduchocolat.com\/en\/product\/milk-chocolate-triador\/","og_site_name":"Secrets de Chocolat","article_modified_time":"2025-08-29T12:13:12+00:00","og_image":[{"width":500,"height":500,"url":"https:\/\/preprod.lessecretsduchocolat.com\/wp-content\/uploads\/2025\/05\/1117.jpg","type":"image\/jpeg"}],"twitter_card":"summary_large_image","twitter_misc":{"Estimated reading time":"2 minutes"},"schema":{"@context":"https:\/\/schema.org","@graph":[{"@type":"WebPage","@id":"https:\/\/preprod.lessecretsduchocolat.com\/produit\/triador-au-chocolat-au-lait\/","url":"https:\/\/preprod.lessecretsduchocolat.com\/produit\/triador-au-chocolat-au-lait\/","name":"TRIADOR MILK","isPartOf":{"@id":"https:\/\/preprod.lessecretsduchocolat.com\/#website"},"primaryImageOfPage":{"@id":"https:\/\/preprod.lessecretsduchocolat.com\/produit\/triador-au-chocolat-au-lait\/#primaryimage"},"image":{"@id":"https:\/\/preprod.lessecretsduchocolat.com\/produit\/triador-au-chocolat-au-lait\/#primaryimage"},"thumbnailUrl":"https:\/\/preprod.lessecretsduchocolat.com\/wp-content\/uploads\/2025\/05\/1117.jpg","datePublished":"2021-12-30T06:40:04+00:00","dateModified":"2025-08-29T12:13:12+00:00","description":"Enjoy Triador milk chocolate praline: a melting milk shell, a creamy praline heart and crunchy cereals in a generous format.","breadcrumb":{"@id":"https:\/\/preprod.lessecretsduchocolat.com\/produit\/triador-au-chocolat-au-lait\/#breadcrumb"},"inLanguage":"en-GB","potentialAction":[{"@type":"ReadAction","target":["https:\/\/preprod.lessecretsduchocolat.com\/produit\/triador-au-chocolat-au-lait\/"]}]},{"@type":"ImageObject","inLanguage":"en-GB","@id":"https:\/\/preprod.lessecretsduchocolat.com\/produit\/triador-au-chocolat-au-lait\/#primaryimage","url":"https:\/\/preprod.lessecretsduchocolat.com\/wp-content\/uploads\/2025\/05\/1117.jpg","contentUrl":"https:\/\/preprod.lessecretsduchocolat.com\/wp-content\/uploads\/2025\/05\/1117.jpg","width":500,"height":500,"caption":"Image bouch\u00e9e triador lait"},{"@type":"BreadcrumbList","@id":"https:\/\/preprod.lessecretsduchocolat.com\/produit\/triador-au-chocolat-au-lait\/#breadcrumb","itemListElement":[{"@type":"ListItem","position":1,"name":"Accueil","item":"https:\/\/preprod.lessecretsduchocolat.com\/"},{"@type":"ListItem","position":2,"name":"Magasin","item":"https:\/\/preprod.lessecretsduchocolat.com\/magasin\/"},{"@type":"ListItem","position":3,"name":"TRIADOR AU CHOCOLAT AU LAIT"}]},{"@type":"WebSite","@id":"https:\/\/preprod.lessecretsduchocolat.com\/#website","url":"https:\/\/preprod.lessecretsduchocolat.com\/","name":"Secrets de Chocolat","description":"","publisher":{"@id":"https:\/\/preprod.lessecretsduchocolat.com\/#organization"},"potentialAction":[{"@type":"SearchAction","target":{"@type":"EntryPoint","urlTemplate":"https:\/\/preprod.lessecretsduchocolat.com\/?s={search_term_string}"},"query-input":{"@type":"PropertyValueSpecification","valueRequired":true,"valueName":"search_term_string"}}],"inLanguage":"en-GB"},{"@type":"Organization","@id":"https:\/\/preprod.lessecretsduchocolat.com\/#organization","name":"Secrets de Chocolat","url":"https:\/\/preprod.lessecretsduchocolat.com\/","logo":{"@type":"ImageObject","inLanguage":"en-GB","@id":"https:\/\/preprod.lessecretsduchocolat.com\/#\/schema\/logo\/image\/","url":"https:\/\/preprod.lessecretsduchocolat.com\/wp-content\/uploads\/2025\/05\/logo.png","contentUrl":"https:\/\/preprod.lessecretsduchocolat.com\/wp-content\/uploads\/2025\/05\/logo.png","width":198,"height":85,"caption":"Secrets de Chocolat"},"image":{"@id":"https:\/\/preprod.lessecretsduchocolat.com\/#\/schema\/logo\/image\/"}}]}},"_links":{"self":[{"href":"https:\/\/preprod.lessecretsduchocolat.com\/en\/wp-json\/wp\/v2\/product\/1108","targetHints":{"allow":["GET"]}}],"collection":[{"href":"https:\/\/preprod.lessecretsduchocolat.com\/en\/wp-json\/wp\/v2\/product"}],"about":[{"href":"https:\/\/preprod.lessecretsduchocolat.com\/en\/wp-json\/wp\/v2\/types\/product"}],"version-history":[{"count":4,"href":"https:\/\/preprod.lessecretsduchocolat.com\/en\/wp-json\/wp\/v2\/product\/1108\/revisions"}],"predecessor-version":[{"id":4176,"href":"https:\/\/preprod.lessecretsduchocolat.com\/en\/wp-json\/wp\/v2\/product\/1108\/revisions\/4176"}],"wp:featuredmedia":[{"embeddable":true,"href":"https:\/\/preprod.lessecretsduchocolat.com\/en\/wp-json\/wp\/v2\/media\/917"}],"wp:attachment":[{"href":"https:\/\/preprod.lessecretsduchocolat.com\/en\/wp-json\/wp\/v2\/media?parent=1108"}],"wp:term":[{"taxonomy":"product_brand","embeddable":true,"href":"https:\/\/preprod.lessecretsduchocolat.com\/en\/wp-json\/wp\/v2\/product_brand?post=1108"},{"taxonomy":"product_cat","embeddable":true,"href":"https:\/\/preprod.lessecretsduchocolat.com\/en\/wp-json\/wp\/v2\/product_cat?post=1108"},{"taxonomy":"product_tag","embeddable":true,"href":"https:\/\/preprod.lessecretsduchocolat.com\/en\/wp-json\/wp\/v2\/product_tag?post=1108"}],"curies":[{"name":"wp","href":"https:\/\/api.w.org\/{rel}","templated":true}]}}