{"id":1110,"date":"2021-12-30T06:40:04","date_gmt":"2021-12-30T06:40:04","guid":{"rendered":"https:\/\/preprod.lessecretsduchocolat.com\/?product=rocher-au-chocolat-au-lait-et-caramel"},"modified":"2025-08-29T14:10:25","modified_gmt":"2025-08-29T12:10:25","slug":"milk-chocolate-and-caramel-rocher","status":"publish","type":"product","link":"https:\/\/preprod.lessecretsduchocolat.com\/en\/product\/milk-chocolate-and-caramel-rocher\/","title":{"rendered":"MILK CHOCOLATE AND CARAMEL ROCHER"},"content":{"rendered":"<p data-start=\"320\" data-end=\"497\">Le <strong data-start=\"323\" data-end=\"358\">rocher chocolat au lait caramel<\/strong> est une gourmandise raffin\u00e9e qui allie douceur, croquant et une subtile pointe sal\u00e9e. Une cr\u00e9ation qui s\u00e9duit par son \u00e9quilibre parfait.<\/p>\n<p data-start=\"499\" data-end=\"684\">Sous sa coque brillante de <strong data-start=\"526\" data-end=\"546\">chocolat au lait<\/strong>, se cache un c\u0153ur g\u00e9n\u00e9reux de <strong data-start=\"577\" data-end=\"596\">pralin\u00e9 fondant<\/strong>, agr\u00e9ment\u00e9 d\u2019<strong data-start=\"610\" data-end=\"644\">\u00e9clats de caramel croustillant<\/strong> et relev\u00e9 d\u2019une note de fleur de sel.<\/p>\n<p data-start=\"686\" data-end=\"867\">Chaque bouch\u00e9e r\u00e9v\u00e8le une explosion de saveurs. La rondeur lact\u00e9e s\u2019harmonise avec le croquant caram\u00e9lis\u00e9, tandis que le sel sublime l\u2019ensemble en apportant \u00e9l\u00e9gance et intensit\u00e9.<\/p>\n<p data-start=\"869\" data-end=\"1022\">Avec sa taille g\u00e9n\u00e9reuse de <strong data-start=\"897\" data-end=\"911\">3 \u00d7 4,5 cm<\/strong>, le rocher se d\u00e9guste en une ou deux bouch\u00e9es, parfait pour une pause gourmande r\u00e9confortante et conviviale.<\/p>\n<p data-start=\"1024\" data-end=\"1174\">Le <strong data-start=\"1027\" data-end=\"1062\">rocher chocolat au lait caramel<\/strong> est id\u00e9al pour accompagner un caf\u00e9, sublimer un dessert ou simplement offrir un moment sucr\u00e9 dans la journ\u00e9e.<\/p>\n<p data-start=\"1176\" data-end=\"1354\">\u00c0 offrir ou \u00e0 partager, il devient rapidement un incontournable des tables gourmandes. Un chocolat g\u00e9n\u00e9reux qui pla\u00eet autant aux amateurs de pralin\u00e9 qu\u2019aux amoureux de caramel.<\/p>\n<p data-start=\"1356\" data-end=\"1519\">Sa composition m\u00eale fondant et croquant, douceur et intensit\u00e9. Un jeu de textures addictif qui transforme chaque d\u00e9gustation en v\u00e9ritable exp\u00e9rience sensorielle.<\/p>\n<p data-start=\"1521\" data-end=\"1681\">Ce rocher incarne la gourmandise \u00e0 l\u2019\u00e9tat pur. Une recette intemporelle revisit\u00e9e avec raffinement, qui associe tradition chocolati\u00e8re et audace sucr\u00e9e-sal\u00e9e.<\/p>\n<p data-start=\"1683\" data-end=\"1813\">Offrir un <strong data-start=\"1693\" data-end=\"1728\">rocher chocolat au lait caramel<\/strong>, c\u2019est offrir un instant de plaisir gourmand, \u00e9l\u00e9gant et universellement appr\u00e9ci\u00e9.<\/p>\n<p data-start=\"1815\" data-end=\"1910\">Un chocolat qui s\u00e9duit par sa g\u00e9n\u00e9rosit\u00e9 et son \u00e9quilibre parfait entre douceur et caract\u00e8re.<\/p>","protected":false},"excerpt":{"rendered":"<p>Croquez goul\u00fbment dans ce gros rocher au chocolat au lait, int\u00e9rieur pralin\u00e9 et caramel. Il accompagne parfaitement votre pause gourmande, avec un th\u00e9 ou un caf\u00e9. (55,55\u20ac\/kg)<\/p>","protected":false},"featured_media":921,"template":"","meta":{"_acf_changed":false,"site-sidebar-layout":"default","site-content-layout":"","ast-site-content-layout":"default","site-content-style":"default","site-sidebar-style":"default","ast-global-header-display":"","ast-banner-title-visibility":"","ast-main-header-display":"","ast-hfb-above-header-display":"","ast-hfb-below-header-display":"","ast-hfb-mobile-header-display":"","site-post-title":"","ast-breadcrumbs-content":"","ast-featured-img":"","footer-sml-layout":"","theme-transparent-header-meta":"default","adv-header-id-meta":"","stick-header-meta":"","header-above-stick-meta":"","header-main-stick-meta":"","header-below-stick-meta":"","astra-migrate-meta-layouts":"set","ast-page-background-enabled":"default","ast-page-background-meta":{"desktop":{"background-color":"var(--ast-global-color-4)","background-image":"","background-repeat":"repeat","background-position":"center center","background-size":"auto","background-attachment":"scroll","background-type":"","background-media":"","overlay-type":"","overlay-color":"","overlay-opacity":"","overlay-gradient":""},"tablet":{"background-color":"","background-image":"","background-repeat":"repeat","background-position":"center center","background-size":"auto","background-attachment":"scroll","background-type":"","background-media":"","overlay-type":"","overlay-color":"","overlay-opacity":"","overlay-gradient":""},"mobile":{"background-color":"","background-image":"","background-repeat":"repeat","background-position":"center center","background-size":"auto","background-attachment":"scroll","background-type":"","background-media":"","overlay-type":"","overlay-color":"","overlay-opacity":"","overlay-gradient":""}},"ast-content-background-meta":{"desktop":{"background-color":"var(--ast-global-color-5)","background-image":"","background-repeat":"repeat","background-position":"center center","background-size":"auto","background-attachment":"scroll","background-type":"","background-media":"","overlay-type":"","overlay-color":"","overlay-opacity":"","overlay-gradient":""},"tablet":{"background-color":"var(--ast-global-color-5)","background-image":"","background-repeat":"repeat","background-position":"center center","background-size":"auto","background-attachment":"scroll","background-type":"","background-media":"","overlay-type":"","overlay-color":"","overlay-opacity":"","overlay-gradient":""},"mobile":{"background-color":"var(--ast-global-color-5)","background-image":"","background-repeat":"repeat","background-position":"center center","background-size":"auto","background-attachment":"scroll","background-type":"","background-media":"","overlay-type":"","overlay-color":"","overlay-opacity":"","overlay-gradient":""}},"iawp_total_views":0},"product_brand":[],"product_cat":[121],"product_tag":[],"class_list":{"0":"post-1110","1":"product","2":"type-product","3":"status-publish","4":"has-post-thumbnail","6":"product_cat-bouchees-gourmandes","7":"desktop-align-left","8":"tablet-align-left","9":"mobile-align-left","11":"first","12":"outofstock","13":"taxable","14":"shipping-taxable","15":"purchasable","16":"product-type-simple"},"acf":[],"yoast_head":"<!-- This site is optimized with the Yoast SEO plugin v25.9 - https:\/\/yoast.com\/wordpress\/plugins\/seo\/ -->\n<title>ROCHER LAIT CARAMEL<\/title>\n<meta name=\"description\" content=\"D\u00e9couvrez notre Rocher au chocolat au lait (3 x 4,5cm), fourr\u00e9 d&#039;un onctueux pralin\u00e9 aux \u00e9clats de caramel et fleur de sel.\" \/>\n<meta name=\"robots\" content=\"noindex, follow, max-snippet:-1, max-image-preview:large, max-video-preview:-1\" \/>\n<meta property=\"og:locale\" content=\"en_GB\" \/>\n<meta property=\"og:type\" content=\"article\" \/>\n<meta property=\"og:title\" content=\"ROCHER LAIT CARAMEL\" \/>\n<meta property=\"og:description\" content=\"D\u00e9couvrez notre Rocher au chocolat au lait (3 x 4,5cm), fourr\u00e9 d&#039;un onctueux pralin\u00e9 aux \u00e9clats de caramel et fleur de sel.\" \/>\n<meta property=\"og:url\" content=\"https:\/\/preprod.lessecretsduchocolat.com\/en\/product\/milk-chocolate-and-caramel-rocher\/\" \/>\n<meta property=\"og:site_name\" content=\"Secrets de Chocolat\" \/>\n<meta property=\"article:modified_time\" content=\"2025-08-29T12:10:25+00:00\" \/>\n<meta property=\"og:image\" content=\"https:\/\/preprod.lessecretsduchocolat.com\/wp-content\/uploads\/2025\/05\/1116.jpg\" \/>\n\t<meta property=\"og:image:width\" content=\"500\" \/>\n\t<meta property=\"og:image:height\" content=\"500\" \/>\n\t<meta property=\"og:image:type\" content=\"image\/jpeg\" \/>\n<meta name=\"twitter:card\" content=\"summary_large_image\" \/>\n<meta name=\"twitter:label1\" content=\"Estimated reading time\" \/>\n\t<meta name=\"twitter:data1\" content=\"2 minutes\" \/>\n<script type=\"application\/ld+json\" class=\"yoast-schema-graph\">{\"@context\":\"https:\/\/schema.org\",\"@graph\":[{\"@type\":\"WebPage\",\"@id\":\"https:\/\/preprod.lessecretsduchocolat.com\/produit\/rocher-au-chocolat-au-lait-et-caramel\/\",\"url\":\"https:\/\/preprod.lessecretsduchocolat.com\/produit\/rocher-au-chocolat-au-lait-et-caramel\/\",\"name\":\"ROCHER LAIT CARAMEL\",\"isPartOf\":{\"@id\":\"https:\/\/preprod.lessecretsduchocolat.com\/#website\"},\"primaryImageOfPage\":{\"@id\":\"https:\/\/preprod.lessecretsduchocolat.com\/produit\/rocher-au-chocolat-au-lait-et-caramel\/#primaryimage\"},\"image\":{\"@id\":\"https:\/\/preprod.lessecretsduchocolat.com\/produit\/rocher-au-chocolat-au-lait-et-caramel\/#primaryimage\"},\"thumbnailUrl\":\"https:\/\/preprod.lessecretsduchocolat.com\/wp-content\/uploads\/2025\/05\/1116.jpg\",\"datePublished\":\"2021-12-30T06:40:04+00:00\",\"dateModified\":\"2025-08-29T12:10:25+00:00\",\"description\":\"D\u00e9couvrez notre Rocher au chocolat au lait (3 x 4,5cm), fourr\u00e9 d'un onctueux pralin\u00e9 aux \u00e9clats de caramel et fleur de sel.\",\"breadcrumb\":{\"@id\":\"https:\/\/preprod.lessecretsduchocolat.com\/produit\/rocher-au-chocolat-au-lait-et-caramel\/#breadcrumb\"},\"inLanguage\":\"en-GB\",\"potentialAction\":[{\"@type\":\"ReadAction\",\"target\":[\"https:\/\/preprod.lessecretsduchocolat.com\/produit\/rocher-au-chocolat-au-lait-et-caramel\/\"]}]},{\"@type\":\"ImageObject\",\"inLanguage\":\"en-GB\",\"@id\":\"https:\/\/preprod.lessecretsduchocolat.com\/produit\/rocher-au-chocolat-au-lait-et-caramel\/#primaryimage\",\"url\":\"https:\/\/preprod.lessecretsduchocolat.com\/wp-content\/uploads\/2025\/05\/1116.jpg\",\"contentUrl\":\"https:\/\/preprod.lessecretsduchocolat.com\/wp-content\/uploads\/2025\/05\/1116.jpg\",\"width\":500,\"height\":500,\"caption\":\"Rocher au caramel et lait\"},{\"@type\":\"BreadcrumbList\",\"@id\":\"https:\/\/preprod.lessecretsduchocolat.com\/produit\/rocher-au-chocolat-au-lait-et-caramel\/#breadcrumb\",\"itemListElement\":[{\"@type\":\"ListItem\",\"position\":1,\"name\":\"Accueil\",\"item\":\"https:\/\/preprod.lessecretsduchocolat.com\/\"},{\"@type\":\"ListItem\",\"position\":2,\"name\":\"Magasin\",\"item\":\"https:\/\/preprod.lessecretsduchocolat.com\/magasin\/\"},{\"@type\":\"ListItem\",\"position\":3,\"name\":\"ROCHER AU CHOCOLAT AU LAIT ET CARAMEL\"}]},{\"@type\":\"WebSite\",\"@id\":\"https:\/\/preprod.lessecretsduchocolat.com\/#website\",\"url\":\"https:\/\/preprod.lessecretsduchocolat.com\/\",\"name\":\"Secrets de Chocolat\",\"description\":\"\",\"publisher\":{\"@id\":\"https:\/\/preprod.lessecretsduchocolat.com\/#organization\"},\"potentialAction\":[{\"@type\":\"SearchAction\",\"target\":{\"@type\":\"EntryPoint\",\"urlTemplate\":\"https:\/\/preprod.lessecretsduchocolat.com\/?s={search_term_string}\"},\"query-input\":{\"@type\":\"PropertyValueSpecification\",\"valueRequired\":true,\"valueName\":\"search_term_string\"}}],\"inLanguage\":\"en-GB\"},{\"@type\":\"Organization\",\"@id\":\"https:\/\/preprod.lessecretsduchocolat.com\/#organization\",\"name\":\"Secrets de Chocolat\",\"url\":\"https:\/\/preprod.lessecretsduchocolat.com\/\",\"logo\":{\"@type\":\"ImageObject\",\"inLanguage\":\"en-GB\",\"@id\":\"https:\/\/preprod.lessecretsduchocolat.com\/#\/schema\/logo\/image\/\",\"url\":\"https:\/\/preprod.lessecretsduchocolat.com\/wp-content\/uploads\/2025\/05\/logo.png\",\"contentUrl\":\"https:\/\/preprod.lessecretsduchocolat.com\/wp-content\/uploads\/2025\/05\/logo.png\",\"width\":198,\"height\":85,\"caption\":\"Secrets de Chocolat\"},\"image\":{\"@id\":\"https:\/\/preprod.lessecretsduchocolat.com\/#\/schema\/logo\/image\/\"}}]}<\/script>\n<!-- \/ Yoast SEO plugin. -->","yoast_head_json":{"title":"MILK CARAMEL ROCHER","description":"Discover our Milk Chocolate Rocher (3 x 4.5cm), filled with a creamy praline with caramel and fleur de sel.","robots":{"index":"noindex","follow":"follow","max-snippet":"max-snippet:-1","max-image-preview":"max-image-preview:large","max-video-preview":"max-video-preview:-1"},"og_locale":"en_GB","og_type":"article","og_title":"ROCHER LAIT CARAMEL","og_description":"D\u00e9couvrez notre Rocher au chocolat au lait (3 x 4,5cm), fourr\u00e9 d'un onctueux pralin\u00e9 aux \u00e9clats de caramel et fleur de sel.","og_url":"https:\/\/preprod.lessecretsduchocolat.com\/en\/product\/milk-chocolate-and-caramel-rocher\/","og_site_name":"Secrets de Chocolat","article_modified_time":"2025-08-29T12:10:25+00:00","og_image":[{"width":500,"height":500,"url":"https:\/\/preprod.lessecretsduchocolat.com\/wp-content\/uploads\/2025\/05\/1116.jpg","type":"image\/jpeg"}],"twitter_card":"summary_large_image","twitter_misc":{"Estimated reading time":"2 minutes"},"schema":{"@context":"https:\/\/schema.org","@graph":[{"@type":"WebPage","@id":"https:\/\/preprod.lessecretsduchocolat.com\/produit\/rocher-au-chocolat-au-lait-et-caramel\/","url":"https:\/\/preprod.lessecretsduchocolat.com\/produit\/rocher-au-chocolat-au-lait-et-caramel\/","name":"MILK CARAMEL ROCHER","isPartOf":{"@id":"https:\/\/preprod.lessecretsduchocolat.com\/#website"},"primaryImageOfPage":{"@id":"https:\/\/preprod.lessecretsduchocolat.com\/produit\/rocher-au-chocolat-au-lait-et-caramel\/#primaryimage"},"image":{"@id":"https:\/\/preprod.lessecretsduchocolat.com\/produit\/rocher-au-chocolat-au-lait-et-caramel\/#primaryimage"},"thumbnailUrl":"https:\/\/preprod.lessecretsduchocolat.com\/wp-content\/uploads\/2025\/05\/1116.jpg","datePublished":"2021-12-30T06:40:04+00:00","dateModified":"2025-08-29T12:10:25+00:00","description":"Discover our Milk Chocolate Rocher (3 x 4.5cm), filled with a creamy praline with caramel and fleur de sel.","breadcrumb":{"@id":"https:\/\/preprod.lessecretsduchocolat.com\/produit\/rocher-au-chocolat-au-lait-et-caramel\/#breadcrumb"},"inLanguage":"en-GB","potentialAction":[{"@type":"ReadAction","target":["https:\/\/preprod.lessecretsduchocolat.com\/produit\/rocher-au-chocolat-au-lait-et-caramel\/"]}]},{"@type":"ImageObject","inLanguage":"en-GB","@id":"https:\/\/preprod.lessecretsduchocolat.com\/produit\/rocher-au-chocolat-au-lait-et-caramel\/#primaryimage","url":"https:\/\/preprod.lessecretsduchocolat.com\/wp-content\/uploads\/2025\/05\/1116.jpg","contentUrl":"https:\/\/preprod.lessecretsduchocolat.com\/wp-content\/uploads\/2025\/05\/1116.jpg","width":500,"height":500,"caption":"Rocher au caramel et lait"},{"@type":"BreadcrumbList","@id":"https:\/\/preprod.lessecretsduchocolat.com\/produit\/rocher-au-chocolat-au-lait-et-caramel\/#breadcrumb","itemListElement":[{"@type":"ListItem","position":1,"name":"Accueil","item":"https:\/\/preprod.lessecretsduchocolat.com\/"},{"@type":"ListItem","position":2,"name":"Magasin","item":"https:\/\/preprod.lessecretsduchocolat.com\/magasin\/"},{"@type":"ListItem","position":3,"name":"ROCHER AU CHOCOLAT AU LAIT ET CARAMEL"}]},{"@type":"WebSite","@id":"https:\/\/preprod.lessecretsduchocolat.com\/#website","url":"https:\/\/preprod.lessecretsduchocolat.com\/","name":"Secrets de Chocolat","description":"","publisher":{"@id":"https:\/\/preprod.lessecretsduchocolat.com\/#organization"},"potentialAction":[{"@type":"SearchAction","target":{"@type":"EntryPoint","urlTemplate":"https:\/\/preprod.lessecretsduchocolat.com\/?s={search_term_string}"},"query-input":{"@type":"PropertyValueSpecification","valueRequired":true,"valueName":"search_term_string"}}],"inLanguage":"en-GB"},{"@type":"Organization","@id":"https:\/\/preprod.lessecretsduchocolat.com\/#organization","name":"Secrets de Chocolat","url":"https:\/\/preprod.lessecretsduchocolat.com\/","logo":{"@type":"ImageObject","inLanguage":"en-GB","@id":"https:\/\/preprod.lessecretsduchocolat.com\/#\/schema\/logo\/image\/","url":"https:\/\/preprod.lessecretsduchocolat.com\/wp-content\/uploads\/2025\/05\/logo.png","contentUrl":"https:\/\/preprod.lessecretsduchocolat.com\/wp-content\/uploads\/2025\/05\/logo.png","width":198,"height":85,"caption":"Secrets de Chocolat"},"image":{"@id":"https:\/\/preprod.lessecretsduchocolat.com\/#\/schema\/logo\/image\/"}}]}},"_links":{"self":[{"href":"https:\/\/preprod.lessecretsduchocolat.com\/en\/wp-json\/wp\/v2\/product\/1110","targetHints":{"allow":["GET"]}}],"collection":[{"href":"https:\/\/preprod.lessecretsduchocolat.com\/en\/wp-json\/wp\/v2\/product"}],"about":[{"href":"https:\/\/preprod.lessecretsduchocolat.com\/en\/wp-json\/wp\/v2\/types\/product"}],"version-history":[{"count":4,"href":"https:\/\/preprod.lessecretsduchocolat.com\/en\/wp-json\/wp\/v2\/product\/1110\/revisions"}],"predecessor-version":[{"id":4175,"href":"https:\/\/preprod.lessecretsduchocolat.com\/en\/wp-json\/wp\/v2\/product\/1110\/revisions\/4175"}],"wp:featuredmedia":[{"embeddable":true,"href":"https:\/\/preprod.lessecretsduchocolat.com\/en\/wp-json\/wp\/v2\/media\/921"}],"wp:attachment":[{"href":"https:\/\/preprod.lessecretsduchocolat.com\/en\/wp-json\/wp\/v2\/media?parent=1110"}],"wp:term":[{"taxonomy":"product_brand","embeddable":true,"href":"https:\/\/preprod.lessecretsduchocolat.com\/en\/wp-json\/wp\/v2\/product_brand?post=1110"},{"taxonomy":"product_cat","embeddable":true,"href":"https:\/\/preprod.lessecretsduchocolat.com\/en\/wp-json\/wp\/v2\/product_cat?post=1110"},{"taxonomy":"product_tag","embeddable":true,"href":"https:\/\/preprod.lessecretsduchocolat.com\/en\/wp-json\/wp\/v2\/product_tag?post=1110"}],"curies":[{"name":"wp","href":"https:\/\/api.w.org\/{rel}","templated":true}]}}