{"id":1117,"date":"2022-04-16T06:40:02","date_gmt":"2022-04-16T06:40:02","guid":{"rendered":"https:\/\/preprod.lessecretsduchocolat.com\/?product=sucette-smiley-chocolat-lait"},"modified":"2025-08-29T14:03:13","modified_gmt":"2025-08-29T12:03:13","slug":"smiley-milk-chocolate-lollipop","status":"publish","type":"product","link":"https:\/\/preprod.lessecretsduchocolat.com\/en\/product\/smiley-milk-chocolate-lollipop\/","title":{"rendered":"SMILEY MILK CHOCOLATE LOLLIPOP"},"content":{"rendered":"<p data-start=\"311\" data-end=\"472\">La <strong data-start=\"314\" data-end=\"349\">sucette Smiley chocolat au lait<\/strong> est bien plus qu\u2019une simple gourmandise : c\u2019est un concentr\u00e9 de bonne humeur et de douceur, \u00e0 savourer \u00e0 chaque bouch\u00e9e.<\/p>\n<p data-start=\"474\" data-end=\"640\">Son enrobage en <strong data-start=\"490\" data-end=\"530\">chocolat au lait pur beurre de cacao<\/strong> r\u00e9v\u00e8le une texture fondante et un go\u00fbt d\u00e9licatement sucr\u00e9, qui s\u00e9duit aussi bien les petits que les grands.<\/p>\n<p data-start=\"642\" data-end=\"802\">Avec son design amusant en forme de <strong data-start=\"678\" data-end=\"688\">smiley<\/strong>, elle apporte une touche ludique et joyeuse \u00e0 toutes les pauses gourmandes. Une friandise qui donne le sourire.<\/p>\n<p data-start=\"804\" data-end=\"951\">Cette sucette se d\u00e9guste partout : au go\u00fbter, \u00e0 la sortie de l\u2019\u00e9cole, lors d\u2019un anniversaire ou simplement pour un instant sucr\u00e9 et r\u00e9confortant.<\/p>\n<p data-start=\"953\" data-end=\"1116\">La <strong data-start=\"956\" data-end=\"991\">sucette Smiley chocolat au lait<\/strong> est aussi une excellente id\u00e9e cadeau. Elle s\u2019offre volontiers en petit clin d\u2019\u0153il gourmand, pour faire plaisir \u00e0 coup s\u00fbr.<\/p>\n<p data-start=\"1118\" data-end=\"1256\">Elle plaira aux enfants pour son aspect amusant, et aux adultes pour son go\u00fbt r\u00e9gressif, rappelant les plaisirs chocolat\u00e9s de l\u2019enfance.<\/p>\n<p data-start=\"1258\" data-end=\"1397\">Son format individuel est pratique et facile \u00e0 emporter. Gliss\u00e9e dans un sac, elle devient la complice id\u00e9ale d\u2019un petit creux improvis\u00e9.<\/p>\n<p data-start=\"1399\" data-end=\"1537\">Chaque bouch\u00e9e r\u00e9v\u00e8le un chocolat au lait doux et onctueux, travaill\u00e9 pour offrir un \u00e9quilibre parfait entre fondant et saveur cacaot\u00e9e.<\/p>\n<p data-start=\"1539\" data-end=\"1698\">Offrir une <strong data-start=\"1550\" data-end=\"1585\">sucette Smiley chocolat au lait<\/strong>, c\u2019est offrir un instant de bonheur simple, un geste gourmand et universel qui ne laisse personne indiff\u00e9rent.<\/p>\n<p data-start=\"1700\" data-end=\"1813\">Un chocolat ludique, gourmand et rassurant, qui s\u2019adapte \u00e0 toutes les occasions et procure un plaisir imm\u00e9diat.<\/p>","protected":false},"excerpt":{"rendered":"<p>Craquez pour la sucette Smiley chocolat au lait : une gourmandise ludique et fondante qui allie douceur et bonne humeur, pour petits et grands gourmands. (180,00\u20ac\/kg)<\/p>","protected":false},"featured_media":941,"template":"","meta":{"_acf_changed":false,"site-sidebar-layout":"default","site-content-layout":"","ast-site-content-layout":"default","site-content-style":"default","site-sidebar-style":"default","ast-global-header-display":"","ast-banner-title-visibility":"","ast-main-header-display":"","ast-hfb-above-header-display":"","ast-hfb-below-header-display":"","ast-hfb-mobile-header-display":"","site-post-title":"","ast-breadcrumbs-content":"","ast-featured-img":"","footer-sml-layout":"","theme-transparent-header-meta":"default","adv-header-id-meta":"","stick-header-meta":"","header-above-stick-meta":"","header-main-stick-meta":"","header-below-stick-meta":"","astra-migrate-meta-layouts":"set","ast-page-background-enabled":"default","ast-page-background-meta":{"desktop":{"background-color":"var(--ast-global-color-4)","background-image":"","background-repeat":"repeat","background-position":"center center","background-size":"auto","background-attachment":"scroll","background-type":"","background-media":"","overlay-type":"","overlay-color":"","overlay-opacity":"","overlay-gradient":""},"tablet":{"background-color":"","background-image":"","background-repeat":"repeat","background-position":"center center","background-size":"auto","background-attachment":"scroll","background-type":"","background-media":"","overlay-type":"","overlay-color":"","overlay-opacity":"","overlay-gradient":""},"mobile":{"background-color":"","background-image":"","background-repeat":"repeat","background-position":"center center","background-size":"auto","background-attachment":"scroll","background-type":"","background-media":"","overlay-type":"","overlay-color":"","overlay-opacity":"","overlay-gradient":""}},"ast-content-background-meta":{"desktop":{"background-color":"var(--ast-global-color-5)","background-image":"","background-repeat":"repeat","background-position":"center center","background-size":"auto","background-attachment":"scroll","background-type":"","background-media":"","overlay-type":"","overlay-color":"","overlay-opacity":"","overlay-gradient":""},"tablet":{"background-color":"var(--ast-global-color-5)","background-image":"","background-repeat":"repeat","background-position":"center center","background-size":"auto","background-attachment":"scroll","background-type":"","background-media":"","overlay-type":"","overlay-color":"","overlay-opacity":"","overlay-gradient":""},"mobile":{"background-color":"var(--ast-global-color-5)","background-image":"","background-repeat":"repeat","background-position":"center center","background-size":"auto","background-attachment":"scroll","background-type":"","background-media":"","overlay-type":"","overlay-color":"","overlay-opacity":"","overlay-gradient":""}},"iawp_total_views":0},"product_brand":[],"product_cat":[121],"product_tag":[],"class_list":{"0":"post-1117","1":"product","2":"type-product","3":"status-publish","4":"has-post-thumbnail","6":"product_cat-bouchees-gourmandes","7":"desktop-align-left","8":"tablet-align-left","9":"mobile-align-left","11":"first","12":"outofstock","13":"taxable","14":"shipping-taxable","15":"purchasable","16":"product-type-simple"},"acf":[],"yoast_head":"<!-- This site is optimized with the Yoast SEO plugin v25.9 - https:\/\/yoast.com\/wordpress\/plugins\/seo\/ -->\n<title>SUCETTE SMILEY CHOCOLAT LAIT<\/title>\n<meta name=\"description\" content=\"Craquez pour notre sucette Smiley en chocolat au lait, joliment d\u00e9cor\u00e9e. Un d\u00e9lice ludique et gourmand pour petits et grands !\" \/>\n<meta name=\"robots\" content=\"noindex, follow, max-snippet:-1, max-image-preview:large, max-video-preview:-1\" \/>\n<meta property=\"og:locale\" content=\"en_GB\" \/>\n<meta property=\"og:type\" content=\"article\" \/>\n<meta property=\"og:title\" content=\"SUCETTE SMILEY CHOCOLAT LAIT\" \/>\n<meta property=\"og:description\" content=\"Craquez pour notre sucette Smiley en chocolat au lait, joliment d\u00e9cor\u00e9e. Un d\u00e9lice ludique et gourmand pour petits et grands !\" \/>\n<meta property=\"og:url\" content=\"https:\/\/preprod.lessecretsduchocolat.com\/en\/product\/smiley-milk-chocolate-lollipop\/\" \/>\n<meta property=\"og:site_name\" content=\"Secrets de Chocolat\" \/>\n<meta property=\"article:modified_time\" content=\"2025-08-29T12:03:13+00:00\" \/>\n<meta property=\"og:image\" content=\"https:\/\/preprod.lessecretsduchocolat.com\/wp-content\/uploads\/2025\/05\/1298.jpg\" \/>\n\t<meta property=\"og:image:width\" content=\"500\" \/>\n\t<meta property=\"og:image:height\" content=\"500\" \/>\n\t<meta property=\"og:image:type\" content=\"image\/jpeg\" \/>\n<meta name=\"twitter:card\" content=\"summary_large_image\" \/>\n<meta name=\"twitter:label1\" content=\"Estimated reading time\" \/>\n\t<meta name=\"twitter:data1\" content=\"2 minutes\" \/>\n<script type=\"application\/ld+json\" class=\"yoast-schema-graph\">{\"@context\":\"https:\/\/schema.org\",\"@graph\":[{\"@type\":\"WebPage\",\"@id\":\"https:\/\/preprod.lessecretsduchocolat.com\/produit\/sucette-smiley-chocolat-lait\/\",\"url\":\"https:\/\/preprod.lessecretsduchocolat.com\/produit\/sucette-smiley-chocolat-lait\/\",\"name\":\"SUCETTE SMILEY CHOCOLAT LAIT\",\"isPartOf\":{\"@id\":\"https:\/\/preprod.lessecretsduchocolat.com\/#website\"},\"primaryImageOfPage\":{\"@id\":\"https:\/\/preprod.lessecretsduchocolat.com\/produit\/sucette-smiley-chocolat-lait\/#primaryimage\"},\"image\":{\"@id\":\"https:\/\/preprod.lessecretsduchocolat.com\/produit\/sucette-smiley-chocolat-lait\/#primaryimage\"},\"thumbnailUrl\":\"https:\/\/preprod.lessecretsduchocolat.com\/wp-content\/uploads\/2025\/05\/1298.jpg\",\"datePublished\":\"2022-04-16T06:40:02+00:00\",\"dateModified\":\"2025-08-29T12:03:13+00:00\",\"description\":\"Craquez pour notre sucette Smiley en chocolat au lait, joliment d\u00e9cor\u00e9e. Un d\u00e9lice ludique et gourmand pour petits et grands !\",\"breadcrumb\":{\"@id\":\"https:\/\/preprod.lessecretsduchocolat.com\/produit\/sucette-smiley-chocolat-lait\/#breadcrumb\"},\"inLanguage\":\"en-GB\",\"potentialAction\":[{\"@type\":\"ReadAction\",\"target\":[\"https:\/\/preprod.lessecretsduchocolat.com\/produit\/sucette-smiley-chocolat-lait\/\"]}]},{\"@type\":\"ImageObject\",\"inLanguage\":\"en-GB\",\"@id\":\"https:\/\/preprod.lessecretsduchocolat.com\/produit\/sucette-smiley-chocolat-lait\/#primaryimage\",\"url\":\"https:\/\/preprod.lessecretsduchocolat.com\/wp-content\/uploads\/2025\/05\/1298.jpg\",\"contentUrl\":\"https:\/\/preprod.lessecretsduchocolat.com\/wp-content\/uploads\/2025\/05\/1298.jpg\",\"width\":500,\"height\":500,\"caption\":\"La sucette Smiley chocolat au lait\"},{\"@type\":\"BreadcrumbList\",\"@id\":\"https:\/\/preprod.lessecretsduchocolat.com\/produit\/sucette-smiley-chocolat-lait\/#breadcrumb\",\"itemListElement\":[{\"@type\":\"ListItem\",\"position\":1,\"name\":\"Accueil\",\"item\":\"https:\/\/preprod.lessecretsduchocolat.com\/\"},{\"@type\":\"ListItem\",\"position\":2,\"name\":\"Magasin\",\"item\":\"https:\/\/preprod.lessecretsduchocolat.com\/magasin\/\"},{\"@type\":\"ListItem\",\"position\":3,\"name\":\"SUCETTE SMILEY CHOCOLAT LAIT\"}]},{\"@type\":\"WebSite\",\"@id\":\"https:\/\/preprod.lessecretsduchocolat.com\/#website\",\"url\":\"https:\/\/preprod.lessecretsduchocolat.com\/\",\"name\":\"Secrets de Chocolat\",\"description\":\"\",\"publisher\":{\"@id\":\"https:\/\/preprod.lessecretsduchocolat.com\/#organization\"},\"potentialAction\":[{\"@type\":\"SearchAction\",\"target\":{\"@type\":\"EntryPoint\",\"urlTemplate\":\"https:\/\/preprod.lessecretsduchocolat.com\/?s={search_term_string}\"},\"query-input\":{\"@type\":\"PropertyValueSpecification\",\"valueRequired\":true,\"valueName\":\"search_term_string\"}}],\"inLanguage\":\"en-GB\"},{\"@type\":\"Organization\",\"@id\":\"https:\/\/preprod.lessecretsduchocolat.com\/#organization\",\"name\":\"Secrets de Chocolat\",\"url\":\"https:\/\/preprod.lessecretsduchocolat.com\/\",\"logo\":{\"@type\":\"ImageObject\",\"inLanguage\":\"en-GB\",\"@id\":\"https:\/\/preprod.lessecretsduchocolat.com\/#\/schema\/logo\/image\/\",\"url\":\"https:\/\/preprod.lessecretsduchocolat.com\/wp-content\/uploads\/2025\/05\/logo.png\",\"contentUrl\":\"https:\/\/preprod.lessecretsduchocolat.com\/wp-content\/uploads\/2025\/05\/logo.png\",\"width\":198,\"height\":85,\"caption\":\"Secrets de Chocolat\"},\"image\":{\"@id\":\"https:\/\/preprod.lessecretsduchocolat.com\/#\/schema\/logo\/image\/\"}}]}<\/script>\n<!-- \/ Yoast SEO plugin. -->","yoast_head_json":{"title":"SMILEY MILK CHOCOLATE LOLLIPOP","description":"Fall for our beautifully decorated Smiley milk chocolate lollipop. A fun and delicious treat for young and old!","robots":{"index":"noindex","follow":"follow","max-snippet":"max-snippet:-1","max-image-preview":"max-image-preview:large","max-video-preview":"max-video-preview:-1"},"og_locale":"en_GB","og_type":"article","og_title":"SUCETTE SMILEY CHOCOLAT LAIT","og_description":"Craquez pour notre sucette Smiley en chocolat au lait, joliment d\u00e9cor\u00e9e. Un d\u00e9lice ludique et gourmand pour petits et grands !","og_url":"https:\/\/preprod.lessecretsduchocolat.com\/en\/product\/smiley-milk-chocolate-lollipop\/","og_site_name":"Secrets de Chocolat","article_modified_time":"2025-08-29T12:03:13+00:00","og_image":[{"width":500,"height":500,"url":"https:\/\/preprod.lessecretsduchocolat.com\/wp-content\/uploads\/2025\/05\/1298.jpg","type":"image\/jpeg"}],"twitter_card":"summary_large_image","twitter_misc":{"Estimated reading time":"2 minutes"},"schema":{"@context":"https:\/\/schema.org","@graph":[{"@type":"WebPage","@id":"https:\/\/preprod.lessecretsduchocolat.com\/produit\/sucette-smiley-chocolat-lait\/","url":"https:\/\/preprod.lessecretsduchocolat.com\/produit\/sucette-smiley-chocolat-lait\/","name":"SMILEY MILK CHOCOLATE LOLLIPOP","isPartOf":{"@id":"https:\/\/preprod.lessecretsduchocolat.com\/#website"},"primaryImageOfPage":{"@id":"https:\/\/preprod.lessecretsduchocolat.com\/produit\/sucette-smiley-chocolat-lait\/#primaryimage"},"image":{"@id":"https:\/\/preprod.lessecretsduchocolat.com\/produit\/sucette-smiley-chocolat-lait\/#primaryimage"},"thumbnailUrl":"https:\/\/preprod.lessecretsduchocolat.com\/wp-content\/uploads\/2025\/05\/1298.jpg","datePublished":"2022-04-16T06:40:02+00:00","dateModified":"2025-08-29T12:03:13+00:00","description":"Fall for our beautifully decorated Smiley milk chocolate lollipop. A fun and delicious treat for young and old!","breadcrumb":{"@id":"https:\/\/preprod.lessecretsduchocolat.com\/produit\/sucette-smiley-chocolat-lait\/#breadcrumb"},"inLanguage":"en-GB","potentialAction":[{"@type":"ReadAction","target":["https:\/\/preprod.lessecretsduchocolat.com\/produit\/sucette-smiley-chocolat-lait\/"]}]},{"@type":"ImageObject","inLanguage":"en-GB","@id":"https:\/\/preprod.lessecretsduchocolat.com\/produit\/sucette-smiley-chocolat-lait\/#primaryimage","url":"https:\/\/preprod.lessecretsduchocolat.com\/wp-content\/uploads\/2025\/05\/1298.jpg","contentUrl":"https:\/\/preprod.lessecretsduchocolat.com\/wp-content\/uploads\/2025\/05\/1298.jpg","width":500,"height":500,"caption":"La sucette Smiley chocolat au lait"},{"@type":"BreadcrumbList","@id":"https:\/\/preprod.lessecretsduchocolat.com\/produit\/sucette-smiley-chocolat-lait\/#breadcrumb","itemListElement":[{"@type":"ListItem","position":1,"name":"Accueil","item":"https:\/\/preprod.lessecretsduchocolat.com\/"},{"@type":"ListItem","position":2,"name":"Magasin","item":"https:\/\/preprod.lessecretsduchocolat.com\/magasin\/"},{"@type":"ListItem","position":3,"name":"SUCETTE SMILEY CHOCOLAT LAIT"}]},{"@type":"WebSite","@id":"https:\/\/preprod.lessecretsduchocolat.com\/#website","url":"https:\/\/preprod.lessecretsduchocolat.com\/","name":"Secrets de Chocolat","description":"","publisher":{"@id":"https:\/\/preprod.lessecretsduchocolat.com\/#organization"},"potentialAction":[{"@type":"SearchAction","target":{"@type":"EntryPoint","urlTemplate":"https:\/\/preprod.lessecretsduchocolat.com\/?s={search_term_string}"},"query-input":{"@type":"PropertyValueSpecification","valueRequired":true,"valueName":"search_term_string"}}],"inLanguage":"en-GB"},{"@type":"Organization","@id":"https:\/\/preprod.lessecretsduchocolat.com\/#organization","name":"Secrets de Chocolat","url":"https:\/\/preprod.lessecretsduchocolat.com\/","logo":{"@type":"ImageObject","inLanguage":"en-GB","@id":"https:\/\/preprod.lessecretsduchocolat.com\/#\/schema\/logo\/image\/","url":"https:\/\/preprod.lessecretsduchocolat.com\/wp-content\/uploads\/2025\/05\/logo.png","contentUrl":"https:\/\/preprod.lessecretsduchocolat.com\/wp-content\/uploads\/2025\/05\/logo.png","width":198,"height":85,"caption":"Secrets de Chocolat"},"image":{"@id":"https:\/\/preprod.lessecretsduchocolat.com\/#\/schema\/logo\/image\/"}}]}},"_links":{"self":[{"href":"https:\/\/preprod.lessecretsduchocolat.com\/en\/wp-json\/wp\/v2\/product\/1117","targetHints":{"allow":["GET"]}}],"collection":[{"href":"https:\/\/preprod.lessecretsduchocolat.com\/en\/wp-json\/wp\/v2\/product"}],"about":[{"href":"https:\/\/preprod.lessecretsduchocolat.com\/en\/wp-json\/wp\/v2\/types\/product"}],"version-history":[{"count":4,"href":"https:\/\/preprod.lessecretsduchocolat.com\/en\/wp-json\/wp\/v2\/product\/1117\/revisions"}],"predecessor-version":[{"id":4173,"href":"https:\/\/preprod.lessecretsduchocolat.com\/en\/wp-json\/wp\/v2\/product\/1117\/revisions\/4173"}],"wp:featuredmedia":[{"embeddable":true,"href":"https:\/\/preprod.lessecretsduchocolat.com\/en\/wp-json\/wp\/v2\/media\/941"}],"wp:attachment":[{"href":"https:\/\/preprod.lessecretsduchocolat.com\/en\/wp-json\/wp\/v2\/media?parent=1117"}],"wp:term":[{"taxonomy":"product_brand","embeddable":true,"href":"https:\/\/preprod.lessecretsduchocolat.com\/en\/wp-json\/wp\/v2\/product_brand?post=1117"},{"taxonomy":"product_cat","embeddable":true,"href":"https:\/\/preprod.lessecretsduchocolat.com\/en\/wp-json\/wp\/v2\/product_cat?post=1117"},{"taxonomy":"product_tag","embeddable":true,"href":"https:\/\/preprod.lessecretsduchocolat.com\/en\/wp-json\/wp\/v2\/product_tag?post=1117"}],"curies":[{"name":"wp","href":"https:\/\/api.w.org\/{rel}","templated":true}]}}