{"id":3752,"date":"2025-08-01T15:43:06","date_gmt":"2025-08-01T13:43:06","guid":{"rendered":"https:\/\/preprod.lessecretsduchocolat.com\/?post_type=product&#038;p=3752"},"modified":"2025-08-29T10:56:22","modified_gmt":"2025-08-29T08:56:22","slug":"raspberry-croustipop-200g","status":"publish","type":"product","link":"https:\/\/preprod.lessecretsduchocolat.com\/en\/product\/raspberry-croustipop-200g\/","title":{"rendered":"RASPBERRY CROUSTIPOP 200G"},"content":{"rendered":"<p data-start=\"4960\" data-end=\"5117\">Les <strong data-start=\"4964\" data-end=\"4994\">Croustipop framboise 200 g<\/strong> s\u00e9duisent par leur contraste gourmand : croquant du riz souffl\u00e9, chocolat fondant et intensit\u00e9 acidul\u00e9e de la framboise.<\/p>\n<p data-start=\"5119\" data-end=\"5283\">Chaque bouch\u00e9e r\u00e9v\u00e8le un mariage original : douceur chocolat\u00e9e et notes fruit\u00e9es rafra\u00eechissantes. Une combinaison addictive qui surprend et s\u00e9duit imm\u00e9diatement.<\/p>\n<p data-start=\"5285\" data-end=\"5420\">Le sachet <strong data-start=\"5295\" data-end=\"5304\">200 g<\/strong> est con\u00e7u pour les pauses conviviales, les go\u00fbters festifs ou simplement pour satisfaire une petite envie sucr\u00e9e.<\/p>\n<p data-start=\"5422\" data-end=\"5591\">Les <strong data-start=\"5426\" data-end=\"5450\">Croustipop framboise<\/strong> apportent une note color\u00e9e et \u00e9l\u00e9gante aux pauses gourmandes. Ils conviennent aussi bien aux enfants qu\u2019aux adultes en qu\u00eate de nouveaut\u00e9.<\/p>\n<p data-start=\"5593\" data-end=\"5712\">\u00c0 d\u00e9guster seuls, \u00e0 offrir ou \u00e0 partager, ils incarnent la gourmandise fruit\u00e9e dans sa version la plus croustillante.<\/p>\n<p data-start=\"5714\" data-end=\"5848\">Offrir un sachet de <strong data-start=\"5734\" data-end=\"5764\">Croustipop framboise 200 g<\/strong>, c\u2019est offrir une gourmandise qui combine croquant, douceur et fra\u00eecheur fruit\u00e9e.<\/p>","protected":false},"excerpt":{"rendered":"<p>Savourez les Croustipop framboise 200 g : riz souffl\u00e9 croustillant et chocolat fondant sublim\u00e9s par une touche fruit\u00e9e acidul\u00e9e. Gourmandise \u00e0 partager. (49,50\u20ac\/kg)<\/p>","protected":false},"featured_media":3934,"template":"","meta":{"_acf_changed":false,"site-sidebar-layout":"default","site-content-layout":"","ast-site-content-layout":"default","site-content-style":"default","site-sidebar-style":"default","ast-global-header-display":"","ast-banner-title-visibility":"","ast-main-header-display":"","ast-hfb-above-header-display":"","ast-hfb-below-header-display":"","ast-hfb-mobile-header-display":"","site-post-title":"","ast-breadcrumbs-content":"","ast-featured-img":"","footer-sml-layout":"","theme-transparent-header-meta":"default","adv-header-id-meta":"","stick-header-meta":"","header-above-stick-meta":"","header-main-stick-meta":"","header-below-stick-meta":"","astra-migrate-meta-layouts":"set","ast-page-background-enabled":"default","ast-page-background-meta":{"desktop":{"background-color":"var(--ast-global-color-4)","background-image":"","background-repeat":"repeat","background-position":"center center","background-size":"auto","background-attachment":"scroll","background-type":"","background-media":"","overlay-type":"","overlay-color":"","overlay-opacity":"","overlay-gradient":""},"tablet":{"background-color":"","background-image":"","background-repeat":"repeat","background-position":"center center","background-size":"auto","background-attachment":"scroll","background-type":"","background-media":"","overlay-type":"","overlay-color":"","overlay-opacity":"","overlay-gradient":""},"mobile":{"background-color":"","background-image":"","background-repeat":"repeat","background-position":"center center","background-size":"auto","background-attachment":"scroll","background-type":"","background-media":"","overlay-type":"","overlay-color":"","overlay-opacity":"","overlay-gradient":""}},"ast-content-background-meta":{"desktop":{"background-color":"var(--ast-global-color-5)","background-image":"","background-repeat":"repeat","background-position":"center center","background-size":"auto","background-attachment":"scroll","background-type":"","background-media":"","overlay-type":"","overlay-color":"","overlay-opacity":"","overlay-gradient":""},"tablet":{"background-color":"var(--ast-global-color-5)","background-image":"","background-repeat":"repeat","background-position":"center center","background-size":"auto","background-attachment":"scroll","background-type":"","background-media":"","overlay-type":"","overlay-color":"","overlay-opacity":"","overlay-gradient":""},"mobile":{"background-color":"var(--ast-global-color-5)","background-image":"","background-repeat":"repeat","background-position":"center center","background-size":"auto","background-attachment":"scroll","background-type":"","background-media":"","overlay-type":"","overlay-color":"","overlay-opacity":"","overlay-gradient":""}},"iawp_total_views":0},"product_brand":[],"product_cat":[108],"product_tag":[],"class_list":{"0":"post-3752","1":"product","2":"type-product","3":"status-publish","4":"has-post-thumbnail","6":"product_cat-gourmandises","7":"desktop-align-left","8":"tablet-align-left","9":"mobile-align-left","11":"first","12":"instock","13":"taxable","14":"shipping-taxable","15":"purchasable","16":"product-type-simple"},"acf":[],"yoast_head":"<!-- This site is optimized with the Yoast SEO plugin v25.9 - https:\/\/yoast.com\/wordpress\/plugins\/seo\/ -->\n<title>LES CROUSTIPOP FRAMBOISE 200G - Secrets de Chocolat<\/title>\n<meta name=\"description\" content=\"Craquez pour Les Croustipop Framboise (200g), des bonbons de chocolat blanc \u00e0 la framboise et au riz souffl\u00e9 au chocolat.\" \/>\n<meta name=\"robots\" content=\"noindex, follow, max-snippet:-1, max-image-preview:large, max-video-preview:-1\" \/>\n<meta property=\"og:locale\" content=\"en_GB\" \/>\n<meta property=\"og:type\" content=\"article\" \/>\n<meta property=\"og:title\" content=\"LES CROUSTIPOP FRAMBOISE 200G - Secrets de Chocolat\" \/>\n<meta property=\"og:description\" content=\"Craquez pour Les Croustipop Framboise (200g), des bonbons de chocolat blanc \u00e0 la framboise et au riz souffl\u00e9 au chocolat.\" \/>\n<meta property=\"og:url\" content=\"https:\/\/preprod.lessecretsduchocolat.com\/en\/product\/raspberry-croustipop-200g\/\" \/>\n<meta property=\"og:site_name\" content=\"Secrets de Chocolat\" \/>\n<meta property=\"article:modified_time\" content=\"2025-08-29T08:56:22+00:00\" \/>\n<meta property=\"og:image\" content=\"https:\/\/preprod.lessecretsduchocolat.com\/wp-content\/uploads\/2025\/08\/boutique-en-ligne-9.png\" \/>\n\t<meta property=\"og:image:width\" content=\"1000\" \/>\n\t<meta property=\"og:image:height\" content=\"1000\" \/>\n\t<meta property=\"og:image:type\" content=\"image\/png\" \/>\n<meta name=\"twitter:card\" content=\"summary_large_image\" \/>\n<meta name=\"twitter:label1\" content=\"Estimated reading time\" \/>\n\t<meta name=\"twitter:data1\" content=\"1 minute\" \/>\n<script type=\"application\/ld+json\" class=\"yoast-schema-graph\">{\"@context\":\"https:\/\/schema.org\",\"@graph\":[{\"@type\":\"WebPage\",\"@id\":\"https:\/\/preprod.lessecretsduchocolat.com\/produit\/les-croustipop-framboise-200g\/\",\"url\":\"https:\/\/preprod.lessecretsduchocolat.com\/produit\/les-croustipop-framboise-200g\/\",\"name\":\"LES CROUSTIPOP FRAMBOISE 200G - Secrets de Chocolat\",\"isPartOf\":{\"@id\":\"https:\/\/preprod.lessecretsduchocolat.com\/#website\"},\"primaryImageOfPage\":{\"@id\":\"https:\/\/preprod.lessecretsduchocolat.com\/produit\/les-croustipop-framboise-200g\/#primaryimage\"},\"image\":{\"@id\":\"https:\/\/preprod.lessecretsduchocolat.com\/produit\/les-croustipop-framboise-200g\/#primaryimage\"},\"thumbnailUrl\":\"https:\/\/preprod.lessecretsduchocolat.com\/wp-content\/uploads\/2025\/08\/boutique-en-ligne-9.png\",\"datePublished\":\"2025-08-01T13:43:06+00:00\",\"dateModified\":\"2025-08-29T08:56:22+00:00\",\"description\":\"Craquez pour Les Croustipop Framboise (200g), des bonbons de chocolat blanc \u00e0 la framboise et au riz souffl\u00e9 au chocolat.\",\"breadcrumb\":{\"@id\":\"https:\/\/preprod.lessecretsduchocolat.com\/produit\/les-croustipop-framboise-200g\/#breadcrumb\"},\"inLanguage\":\"en-GB\",\"potentialAction\":[{\"@type\":\"ReadAction\",\"target\":[\"https:\/\/preprod.lessecretsduchocolat.com\/produit\/les-croustipop-framboise-200g\/\"]}]},{\"@type\":\"ImageObject\",\"inLanguage\":\"en-GB\",\"@id\":\"https:\/\/preprod.lessecretsduchocolat.com\/produit\/les-croustipop-framboise-200g\/#primaryimage\",\"url\":\"https:\/\/preprod.lessecretsduchocolat.com\/wp-content\/uploads\/2025\/08\/boutique-en-ligne-9.png\",\"contentUrl\":\"https:\/\/preprod.lessecretsduchocolat.com\/wp-content\/uploads\/2025\/08\/boutique-en-ligne-9.png\",\"width\":1000,\"height\":1000,\"caption\":\"croustipop framboise 200g\"},{\"@type\":\"BreadcrumbList\",\"@id\":\"https:\/\/preprod.lessecretsduchocolat.com\/produit\/les-croustipop-framboise-200g\/#breadcrumb\",\"itemListElement\":[{\"@type\":\"ListItem\",\"position\":1,\"name\":\"Accueil\",\"item\":\"https:\/\/preprod.lessecretsduchocolat.com\/\"},{\"@type\":\"ListItem\",\"position\":2,\"name\":\"Magasin\",\"item\":\"https:\/\/preprod.lessecretsduchocolat.com\/magasin\/\"},{\"@type\":\"ListItem\",\"position\":3,\"name\":\"LES CROUSTIPOP FRAMBOISE 200G\"}]},{\"@type\":\"WebSite\",\"@id\":\"https:\/\/preprod.lessecretsduchocolat.com\/#website\",\"url\":\"https:\/\/preprod.lessecretsduchocolat.com\/\",\"name\":\"Secrets de Chocolat\",\"description\":\"\",\"publisher\":{\"@id\":\"https:\/\/preprod.lessecretsduchocolat.com\/#organization\"},\"potentialAction\":[{\"@type\":\"SearchAction\",\"target\":{\"@type\":\"EntryPoint\",\"urlTemplate\":\"https:\/\/preprod.lessecretsduchocolat.com\/?s={search_term_string}\"},\"query-input\":{\"@type\":\"PropertyValueSpecification\",\"valueRequired\":true,\"valueName\":\"search_term_string\"}}],\"inLanguage\":\"en-GB\"},{\"@type\":\"Organization\",\"@id\":\"https:\/\/preprod.lessecretsduchocolat.com\/#organization\",\"name\":\"Secrets de Chocolat\",\"url\":\"https:\/\/preprod.lessecretsduchocolat.com\/\",\"logo\":{\"@type\":\"ImageObject\",\"inLanguage\":\"en-GB\",\"@id\":\"https:\/\/preprod.lessecretsduchocolat.com\/#\/schema\/logo\/image\/\",\"url\":\"https:\/\/preprod.lessecretsduchocolat.com\/wp-content\/uploads\/2025\/05\/logo.png\",\"contentUrl\":\"https:\/\/preprod.lessecretsduchocolat.com\/wp-content\/uploads\/2025\/05\/logo.png\",\"width\":198,\"height\":85,\"caption\":\"Secrets de Chocolat\"},\"image\":{\"@id\":\"https:\/\/preprod.lessecretsduchocolat.com\/#\/schema\/logo\/image\/\"}}]}<\/script>\n<!-- \/ Yoast SEO plugin. -->","yoast_head_json":{"title":"RASPBERRY CROUSTIPOP 200G - Secrets de Chocolat","description":"Go for Croustipop Framboise (200g), white chocolate bonbons with raspberry and chocolate puffed rice.","robots":{"index":"noindex","follow":"follow","max-snippet":"max-snippet:-1","max-image-preview":"max-image-preview:large","max-video-preview":"max-video-preview:-1"},"og_locale":"en_GB","og_type":"article","og_title":"LES CROUSTIPOP FRAMBOISE 200G - Secrets de Chocolat","og_description":"Craquez pour Les Croustipop Framboise (200g), des bonbons de chocolat blanc \u00e0 la framboise et au riz souffl\u00e9 au chocolat.","og_url":"https:\/\/preprod.lessecretsduchocolat.com\/en\/product\/raspberry-croustipop-200g\/","og_site_name":"Secrets de Chocolat","article_modified_time":"2025-08-29T08:56:22+00:00","og_image":[{"width":1000,"height":1000,"url":"https:\/\/preprod.lessecretsduchocolat.com\/wp-content\/uploads\/2025\/08\/boutique-en-ligne-9.png","type":"image\/png"}],"twitter_card":"summary_large_image","twitter_misc":{"Estimated reading time":"1 minute"},"schema":{"@context":"https:\/\/schema.org","@graph":[{"@type":"WebPage","@id":"https:\/\/preprod.lessecretsduchocolat.com\/produit\/les-croustipop-framboise-200g\/","url":"https:\/\/preprod.lessecretsduchocolat.com\/produit\/les-croustipop-framboise-200g\/","name":"RASPBERRY CROUSTIPOP 200G - Secrets de Chocolat","isPartOf":{"@id":"https:\/\/preprod.lessecretsduchocolat.com\/#website"},"primaryImageOfPage":{"@id":"https:\/\/preprod.lessecretsduchocolat.com\/produit\/les-croustipop-framboise-200g\/#primaryimage"},"image":{"@id":"https:\/\/preprod.lessecretsduchocolat.com\/produit\/les-croustipop-framboise-200g\/#primaryimage"},"thumbnailUrl":"https:\/\/preprod.lessecretsduchocolat.com\/wp-content\/uploads\/2025\/08\/boutique-en-ligne-9.png","datePublished":"2025-08-01T13:43:06+00:00","dateModified":"2025-08-29T08:56:22+00:00","description":"Go for Croustipop Framboise (200g), white chocolate bonbons with raspberry and chocolate puffed rice.","breadcrumb":{"@id":"https:\/\/preprod.lessecretsduchocolat.com\/produit\/les-croustipop-framboise-200g\/#breadcrumb"},"inLanguage":"en-GB","potentialAction":[{"@type":"ReadAction","target":["https:\/\/preprod.lessecretsduchocolat.com\/produit\/les-croustipop-framboise-200g\/"]}]},{"@type":"ImageObject","inLanguage":"en-GB","@id":"https:\/\/preprod.lessecretsduchocolat.com\/produit\/les-croustipop-framboise-200g\/#primaryimage","url":"https:\/\/preprod.lessecretsduchocolat.com\/wp-content\/uploads\/2025\/08\/boutique-en-ligne-9.png","contentUrl":"https:\/\/preprod.lessecretsduchocolat.com\/wp-content\/uploads\/2025\/08\/boutique-en-ligne-9.png","width":1000,"height":1000,"caption":"croustipop framboise 200g"},{"@type":"BreadcrumbList","@id":"https:\/\/preprod.lessecretsduchocolat.com\/produit\/les-croustipop-framboise-200g\/#breadcrumb","itemListElement":[{"@type":"ListItem","position":1,"name":"Accueil","item":"https:\/\/preprod.lessecretsduchocolat.com\/"},{"@type":"ListItem","position":2,"name":"Magasin","item":"https:\/\/preprod.lessecretsduchocolat.com\/magasin\/"},{"@type":"ListItem","position":3,"name":"LES CROUSTIPOP FRAMBOISE 200G"}]},{"@type":"WebSite","@id":"https:\/\/preprod.lessecretsduchocolat.com\/#website","url":"https:\/\/preprod.lessecretsduchocolat.com\/","name":"Secrets de Chocolat","description":"","publisher":{"@id":"https:\/\/preprod.lessecretsduchocolat.com\/#organization"},"potentialAction":[{"@type":"SearchAction","target":{"@type":"EntryPoint","urlTemplate":"https:\/\/preprod.lessecretsduchocolat.com\/?s={search_term_string}"},"query-input":{"@type":"PropertyValueSpecification","valueRequired":true,"valueName":"search_term_string"}}],"inLanguage":"en-GB"},{"@type":"Organization","@id":"https:\/\/preprod.lessecretsduchocolat.com\/#organization","name":"Secrets de Chocolat","url":"https:\/\/preprod.lessecretsduchocolat.com\/","logo":{"@type":"ImageObject","inLanguage":"en-GB","@id":"https:\/\/preprod.lessecretsduchocolat.com\/#\/schema\/logo\/image\/","url":"https:\/\/preprod.lessecretsduchocolat.com\/wp-content\/uploads\/2025\/05\/logo.png","contentUrl":"https:\/\/preprod.lessecretsduchocolat.com\/wp-content\/uploads\/2025\/05\/logo.png","width":198,"height":85,"caption":"Secrets de Chocolat"},"image":{"@id":"https:\/\/preprod.lessecretsduchocolat.com\/#\/schema\/logo\/image\/"}}]}},"_links":{"self":[{"href":"https:\/\/preprod.lessecretsduchocolat.com\/en\/wp-json\/wp\/v2\/product\/3752","targetHints":{"allow":["GET"]}}],"collection":[{"href":"https:\/\/preprod.lessecretsduchocolat.com\/en\/wp-json\/wp\/v2\/product"}],"about":[{"href":"https:\/\/preprod.lessecretsduchocolat.com\/en\/wp-json\/wp\/v2\/types\/product"}],"version-history":[{"count":4,"href":"https:\/\/preprod.lessecretsduchocolat.com\/en\/wp-json\/wp\/v2\/product\/3752\/revisions"}],"predecessor-version":[{"id":4152,"href":"https:\/\/preprod.lessecretsduchocolat.com\/en\/wp-json\/wp\/v2\/product\/3752\/revisions\/4152"}],"wp:featuredmedia":[{"embeddable":true,"href":"https:\/\/preprod.lessecretsduchocolat.com\/en\/wp-json\/wp\/v2\/media\/3934"}],"wp:attachment":[{"href":"https:\/\/preprod.lessecretsduchocolat.com\/en\/wp-json\/wp\/v2\/media?parent=3752"}],"wp:term":[{"taxonomy":"product_brand","embeddable":true,"href":"https:\/\/preprod.lessecretsduchocolat.com\/en\/wp-json\/wp\/v2\/product_brand?post=3752"},{"taxonomy":"product_cat","embeddable":true,"href":"https:\/\/preprod.lessecretsduchocolat.com\/en\/wp-json\/wp\/v2\/product_cat?post=3752"},{"taxonomy":"product_tag","embeddable":true,"href":"https:\/\/preprod.lessecretsduchocolat.com\/en\/wp-json\/wp\/v2\/product_tag?post=3752"}],"curies":[{"name":"wp","href":"https:\/\/api.w.org\/{rel}","templated":true}]}}