{"id":3756,"date":"2025-08-01T16:05:58","date_gmt":"2025-08-01T14:05:58","guid":{"rendered":"https:\/\/preprod.lessecretsduchocolat.com\/?post_type=product&#038;p=3756"},"modified":"2025-08-29T10:52:13","modified_gmt":"2025-08-29T08:52:13","slug":"blueberry-croustipop-200g","status":"publish","type":"product","link":"https:\/\/preprod.lessecretsduchocolat.com\/en\/product\/blueberry-croustipop-200g\/","title":{"rendered":"BLUEBERRY CROUSTIPOP 200G"},"content":{"rendered":"<p data-start=\"6303\" data-end=\"6463\">Les <strong data-start=\"6307\" data-end=\"6336\">Croustipop myrtille 200 g<\/strong> combinent croquant du riz souffl\u00e9 et chocolat fondant avec une note fruit\u00e9e raffin\u00e9e. Un m\u00e9lange surprenant et irr\u00e9sistible.<\/p>\n<p data-start=\"6465\" data-end=\"6621\">Chaque bouch\u00e9e r\u00e9v\u00e8le une saveur d\u00e9licate et l\u00e9g\u00e8rement acidul\u00e9e qui se marie \u00e0 la douceur chocolat\u00e9e. Une gourmandise originale qui s\u00e9duit imm\u00e9diatement.<\/p>\n<p data-start=\"6623\" data-end=\"6773\">Le format <strong data-start=\"6633\" data-end=\"6642\">200 g<\/strong> est pratique et g\u00e9n\u00e9reux. Il convient parfaitement pour les pauses sucr\u00e9es, les go\u00fbters partag\u00e9s ou comme id\u00e9e cadeau originale.<\/p>\n<p data-start=\"6775\" data-end=\"6936\">Les <strong data-start=\"6779\" data-end=\"6802\">Croustipop myrtille<\/strong> incarnent la rencontre entre intensit\u00e9 fruit\u00e9e et gourmandise chocolat\u00e9e. Ils apportent fra\u00eecheur et \u00e9l\u00e9gance \u00e0 chaque d\u00e9gustation.<\/p>\n<p data-start=\"6938\" data-end=\"7063\">\u00c0 savourer seuls ou \u00e0 partager, ils deviennent rapidement une gourmandise incontournable des amateurs de chocolat original.<\/p>","protected":false},"excerpt":{"rendered":"<p data-start=\"7203\" data-end=\"7359\">D\u00e9couvrez les Croustipop myrtille 200 g : riz souffl\u00e9 croustillant enrob\u00e9 de chocolat et sublim\u00e9 par une touche fruit\u00e9e raffin\u00e9e. Gourmandise originale. (49,50\u20ac\/kg)<\/p>","protected":false},"featured_media":3933,"template":"","meta":{"_acf_changed":false,"site-sidebar-layout":"default","site-content-layout":"","ast-site-content-layout":"default","site-content-style":"default","site-sidebar-style":"default","ast-global-header-display":"","ast-banner-title-visibility":"","ast-main-header-display":"","ast-hfb-above-header-display":"","ast-hfb-below-header-display":"","ast-hfb-mobile-header-display":"","site-post-title":"","ast-breadcrumbs-content":"","ast-featured-img":"","footer-sml-layout":"","theme-transparent-header-meta":"default","adv-header-id-meta":"","stick-header-meta":"","header-above-stick-meta":"","header-main-stick-meta":"","header-below-stick-meta":"","astra-migrate-meta-layouts":"set","ast-page-background-enabled":"default","ast-page-background-meta":{"desktop":{"background-color":"var(--ast-global-color-4)","background-image":"","background-repeat":"repeat","background-position":"center center","background-size":"auto","background-attachment":"scroll","background-type":"","background-media":"","overlay-type":"","overlay-color":"","overlay-opacity":"","overlay-gradient":""},"tablet":{"background-color":"","background-image":"","background-repeat":"repeat","background-position":"center center","background-size":"auto","background-attachment":"scroll","background-type":"","background-media":"","overlay-type":"","overlay-color":"","overlay-opacity":"","overlay-gradient":""},"mobile":{"background-color":"","background-image":"","background-repeat":"repeat","background-position":"center center","background-size":"auto","background-attachment":"scroll","background-type":"","background-media":"","overlay-type":"","overlay-color":"","overlay-opacity":"","overlay-gradient":""}},"ast-content-background-meta":{"desktop":{"background-color":"var(--ast-global-color-5)","background-image":"","background-repeat":"repeat","background-position":"center center","background-size":"auto","background-attachment":"scroll","background-type":"","background-media":"","overlay-type":"","overlay-color":"","overlay-opacity":"","overlay-gradient":""},"tablet":{"background-color":"var(--ast-global-color-5)","background-image":"","background-repeat":"repeat","background-position":"center center","background-size":"auto","background-attachment":"scroll","background-type":"","background-media":"","overlay-type":"","overlay-color":"","overlay-opacity":"","overlay-gradient":""},"mobile":{"background-color":"var(--ast-global-color-5)","background-image":"","background-repeat":"repeat","background-position":"center center","background-size":"auto","background-attachment":"scroll","background-type":"","background-media":"","overlay-type":"","overlay-color":"","overlay-opacity":"","overlay-gradient":""}},"iawp_total_views":0},"product_brand":[],"product_cat":[108],"product_tag":[],"class_list":{"0":"post-3756","1":"product","2":"type-product","3":"status-publish","4":"has-post-thumbnail","6":"product_cat-gourmandises","7":"desktop-align-left","8":"tablet-align-left","9":"mobile-align-left","11":"first","12":"instock","13":"taxable","14":"shipping-taxable","15":"purchasable","16":"product-type-simple"},"acf":[],"yoast_head":"<!-- This site is optimized with the Yoast SEO plugin v25.9 - https:\/\/yoast.com\/wordpress\/plugins\/seo\/ -->\n<title>LES CROUSTIPOP MYRTILLE 200G - Secrets de Chocolat<\/title>\n<meta name=\"description\" content=\"D\u00e9couvrez les Croustipop myrtille 200 g : riz souffl\u00e9 croustillant enrob\u00e9 de chocolat et sublim\u00e9 par une touche fruit\u00e9e raffin\u00e9e. Gourmandise originale.\" \/>\n<meta name=\"robots\" content=\"noindex, follow, max-snippet:-1, max-image-preview:large, max-video-preview:-1\" \/>\n<meta property=\"og:locale\" content=\"en_GB\" \/>\n<meta property=\"og:type\" content=\"article\" \/>\n<meta property=\"og:title\" content=\"LES CROUSTIPOP MYRTILLE 200G - Secrets de Chocolat\" \/>\n<meta property=\"og:description\" content=\"D\u00e9couvrez les Croustipop myrtille 200 g : riz souffl\u00e9 croustillant enrob\u00e9 de chocolat et sublim\u00e9 par une touche fruit\u00e9e raffin\u00e9e. Gourmandise originale.\" \/>\n<meta property=\"og:url\" content=\"https:\/\/preprod.lessecretsduchocolat.com\/en\/product\/blueberry-croustipop-200g\/\" \/>\n<meta property=\"og:site_name\" content=\"Secrets de Chocolat\" \/>\n<meta property=\"article:modified_time\" content=\"2025-08-29T08:52:13+00:00\" \/>\n<meta property=\"og:image\" content=\"https:\/\/preprod.lessecretsduchocolat.com\/wp-content\/uploads\/2025\/08\/boutique-en-ligne-8.png\" \/>\n\t<meta property=\"og:image:width\" content=\"1000\" \/>\n\t<meta property=\"og:image:height\" content=\"1000\" \/>\n\t<meta property=\"og:image:type\" content=\"image\/png\" \/>\n<meta name=\"twitter:card\" content=\"summary_large_image\" \/>\n<meta name=\"twitter:label1\" content=\"Estimated reading time\" \/>\n\t<meta name=\"twitter:data1\" content=\"1 minute\" \/>\n<script type=\"application\/ld+json\" class=\"yoast-schema-graph\">{\"@context\":\"https:\/\/schema.org\",\"@graph\":[{\"@type\":\"WebPage\",\"@id\":\"https:\/\/preprod.lessecretsduchocolat.com\/produit\/les-croustipop-myrtille-200g\/\",\"url\":\"https:\/\/preprod.lessecretsduchocolat.com\/produit\/les-croustipop-myrtille-200g\/\",\"name\":\"LES CROUSTIPOP MYRTILLE 200G - Secrets de Chocolat\",\"isPartOf\":{\"@id\":\"https:\/\/preprod.lessecretsduchocolat.com\/#website\"},\"primaryImageOfPage\":{\"@id\":\"https:\/\/preprod.lessecretsduchocolat.com\/produit\/les-croustipop-myrtille-200g\/#primaryimage\"},\"image\":{\"@id\":\"https:\/\/preprod.lessecretsduchocolat.com\/produit\/les-croustipop-myrtille-200g\/#primaryimage\"},\"thumbnailUrl\":\"https:\/\/preprod.lessecretsduchocolat.com\/wp-content\/uploads\/2025\/08\/boutique-en-ligne-8.png\",\"datePublished\":\"2025-08-01T14:05:58+00:00\",\"dateModified\":\"2025-08-29T08:52:13+00:00\",\"description\":\"D\u00e9couvrez les Croustipop myrtille 200 g : riz souffl\u00e9 croustillant enrob\u00e9 de chocolat et sublim\u00e9 par une touche fruit\u00e9e raffin\u00e9e. Gourmandise originale.\",\"breadcrumb\":{\"@id\":\"https:\/\/preprod.lessecretsduchocolat.com\/produit\/les-croustipop-myrtille-200g\/#breadcrumb\"},\"inLanguage\":\"en-GB\",\"potentialAction\":[{\"@type\":\"ReadAction\",\"target\":[\"https:\/\/preprod.lessecretsduchocolat.com\/produit\/les-croustipop-myrtille-200g\/\"]}]},{\"@type\":\"ImageObject\",\"inLanguage\":\"en-GB\",\"@id\":\"https:\/\/preprod.lessecretsduchocolat.com\/produit\/les-croustipop-myrtille-200g\/#primaryimage\",\"url\":\"https:\/\/preprod.lessecretsduchocolat.com\/wp-content\/uploads\/2025\/08\/boutique-en-ligne-8.png\",\"contentUrl\":\"https:\/\/preprod.lessecretsduchocolat.com\/wp-content\/uploads\/2025\/08\/boutique-en-ligne-8.png\",\"width\":1000,\"height\":1000,\"caption\":\"croustipop myrtille 200g\"},{\"@type\":\"BreadcrumbList\",\"@id\":\"https:\/\/preprod.lessecretsduchocolat.com\/produit\/les-croustipop-myrtille-200g\/#breadcrumb\",\"itemListElement\":[{\"@type\":\"ListItem\",\"position\":1,\"name\":\"Accueil\",\"item\":\"https:\/\/preprod.lessecretsduchocolat.com\/\"},{\"@type\":\"ListItem\",\"position\":2,\"name\":\"Magasin\",\"item\":\"https:\/\/preprod.lessecretsduchocolat.com\/magasin\/\"},{\"@type\":\"ListItem\",\"position\":3,\"name\":\"LES CROUSTIPOP MYRTILLE 200G\"}]},{\"@type\":\"WebSite\",\"@id\":\"https:\/\/preprod.lessecretsduchocolat.com\/#website\",\"url\":\"https:\/\/preprod.lessecretsduchocolat.com\/\",\"name\":\"Secrets de Chocolat\",\"description\":\"\",\"publisher\":{\"@id\":\"https:\/\/preprod.lessecretsduchocolat.com\/#organization\"},\"potentialAction\":[{\"@type\":\"SearchAction\",\"target\":{\"@type\":\"EntryPoint\",\"urlTemplate\":\"https:\/\/preprod.lessecretsduchocolat.com\/?s={search_term_string}\"},\"query-input\":{\"@type\":\"PropertyValueSpecification\",\"valueRequired\":true,\"valueName\":\"search_term_string\"}}],\"inLanguage\":\"en-GB\"},{\"@type\":\"Organization\",\"@id\":\"https:\/\/preprod.lessecretsduchocolat.com\/#organization\",\"name\":\"Secrets de Chocolat\",\"url\":\"https:\/\/preprod.lessecretsduchocolat.com\/\",\"logo\":{\"@type\":\"ImageObject\",\"inLanguage\":\"en-GB\",\"@id\":\"https:\/\/preprod.lessecretsduchocolat.com\/#\/schema\/logo\/image\/\",\"url\":\"https:\/\/preprod.lessecretsduchocolat.com\/wp-content\/uploads\/2025\/05\/logo.png\",\"contentUrl\":\"https:\/\/preprod.lessecretsduchocolat.com\/wp-content\/uploads\/2025\/05\/logo.png\",\"width\":198,\"height\":85,\"caption\":\"Secrets de Chocolat\"},\"image\":{\"@id\":\"https:\/\/preprod.lessecretsduchocolat.com\/#\/schema\/logo\/image\/\"}}]}<\/script>\n<!-- \/ Yoast SEO plugin. -->","yoast_head_json":{"title":"MYRTILLE CROUSTIPOP 200G - Secrets de Chocolat","description":"Discover Croustipop blueberry 200 g: crispy puffed rice coated in chocolate and enhanced by a refined fruity touch. An original treat.","robots":{"index":"noindex","follow":"follow","max-snippet":"max-snippet:-1","max-image-preview":"max-image-preview:large","max-video-preview":"max-video-preview:-1"},"og_locale":"en_GB","og_type":"article","og_title":"LES CROUSTIPOP MYRTILLE 200G - Secrets de Chocolat","og_description":"D\u00e9couvrez les Croustipop myrtille 200 g : riz souffl\u00e9 croustillant enrob\u00e9 de chocolat et sublim\u00e9 par une touche fruit\u00e9e raffin\u00e9e. Gourmandise originale.","og_url":"https:\/\/preprod.lessecretsduchocolat.com\/en\/product\/blueberry-croustipop-200g\/","og_site_name":"Secrets de Chocolat","article_modified_time":"2025-08-29T08:52:13+00:00","og_image":[{"width":1000,"height":1000,"url":"https:\/\/preprod.lessecretsduchocolat.com\/wp-content\/uploads\/2025\/08\/boutique-en-ligne-8.png","type":"image\/png"}],"twitter_card":"summary_large_image","twitter_misc":{"Estimated reading time":"1 minute"},"schema":{"@context":"https:\/\/schema.org","@graph":[{"@type":"WebPage","@id":"https:\/\/preprod.lessecretsduchocolat.com\/produit\/les-croustipop-myrtille-200g\/","url":"https:\/\/preprod.lessecretsduchocolat.com\/produit\/les-croustipop-myrtille-200g\/","name":"MYRTILLE CROUSTIPOP 200G - Secrets de Chocolat","isPartOf":{"@id":"https:\/\/preprod.lessecretsduchocolat.com\/#website"},"primaryImageOfPage":{"@id":"https:\/\/preprod.lessecretsduchocolat.com\/produit\/les-croustipop-myrtille-200g\/#primaryimage"},"image":{"@id":"https:\/\/preprod.lessecretsduchocolat.com\/produit\/les-croustipop-myrtille-200g\/#primaryimage"},"thumbnailUrl":"https:\/\/preprod.lessecretsduchocolat.com\/wp-content\/uploads\/2025\/08\/boutique-en-ligne-8.png","datePublished":"2025-08-01T14:05:58+00:00","dateModified":"2025-08-29T08:52:13+00:00","description":"Discover Croustipop blueberry 200 g: crispy puffed rice coated in chocolate and enhanced by a refined fruity touch. An original treat.","breadcrumb":{"@id":"https:\/\/preprod.lessecretsduchocolat.com\/produit\/les-croustipop-myrtille-200g\/#breadcrumb"},"inLanguage":"en-GB","potentialAction":[{"@type":"ReadAction","target":["https:\/\/preprod.lessecretsduchocolat.com\/produit\/les-croustipop-myrtille-200g\/"]}]},{"@type":"ImageObject","inLanguage":"en-GB","@id":"https:\/\/preprod.lessecretsduchocolat.com\/produit\/les-croustipop-myrtille-200g\/#primaryimage","url":"https:\/\/preprod.lessecretsduchocolat.com\/wp-content\/uploads\/2025\/08\/boutique-en-ligne-8.png","contentUrl":"https:\/\/preprod.lessecretsduchocolat.com\/wp-content\/uploads\/2025\/08\/boutique-en-ligne-8.png","width":1000,"height":1000,"caption":"croustipop myrtille 200g"},{"@type":"BreadcrumbList","@id":"https:\/\/preprod.lessecretsduchocolat.com\/produit\/les-croustipop-myrtille-200g\/#breadcrumb","itemListElement":[{"@type":"ListItem","position":1,"name":"Accueil","item":"https:\/\/preprod.lessecretsduchocolat.com\/"},{"@type":"ListItem","position":2,"name":"Magasin","item":"https:\/\/preprod.lessecretsduchocolat.com\/magasin\/"},{"@type":"ListItem","position":3,"name":"LES CROUSTIPOP MYRTILLE 200G"}]},{"@type":"WebSite","@id":"https:\/\/preprod.lessecretsduchocolat.com\/#website","url":"https:\/\/preprod.lessecretsduchocolat.com\/","name":"Secrets de Chocolat","description":"","publisher":{"@id":"https:\/\/preprod.lessecretsduchocolat.com\/#organization"},"potentialAction":[{"@type":"SearchAction","target":{"@type":"EntryPoint","urlTemplate":"https:\/\/preprod.lessecretsduchocolat.com\/?s={search_term_string}"},"query-input":{"@type":"PropertyValueSpecification","valueRequired":true,"valueName":"search_term_string"}}],"inLanguage":"en-GB"},{"@type":"Organization","@id":"https:\/\/preprod.lessecretsduchocolat.com\/#organization","name":"Secrets de Chocolat","url":"https:\/\/preprod.lessecretsduchocolat.com\/","logo":{"@type":"ImageObject","inLanguage":"en-GB","@id":"https:\/\/preprod.lessecretsduchocolat.com\/#\/schema\/logo\/image\/","url":"https:\/\/preprod.lessecretsduchocolat.com\/wp-content\/uploads\/2025\/05\/logo.png","contentUrl":"https:\/\/preprod.lessecretsduchocolat.com\/wp-content\/uploads\/2025\/05\/logo.png","width":198,"height":85,"caption":"Secrets de Chocolat"},"image":{"@id":"https:\/\/preprod.lessecretsduchocolat.com\/#\/schema\/logo\/image\/"}}]}},"_links":{"self":[{"href":"https:\/\/preprod.lessecretsduchocolat.com\/en\/wp-json\/wp\/v2\/product\/3756","targetHints":{"allow":["GET"]}}],"collection":[{"href":"https:\/\/preprod.lessecretsduchocolat.com\/en\/wp-json\/wp\/v2\/product"}],"about":[{"href":"https:\/\/preprod.lessecretsduchocolat.com\/en\/wp-json\/wp\/v2\/types\/product"}],"version-history":[{"count":3,"href":"https:\/\/preprod.lessecretsduchocolat.com\/en\/wp-json\/wp\/v2\/product\/3756\/revisions"}],"predecessor-version":[{"id":4150,"href":"https:\/\/preprod.lessecretsduchocolat.com\/en\/wp-json\/wp\/v2\/product\/3756\/revisions\/4150"}],"wp:featuredmedia":[{"embeddable":true,"href":"https:\/\/preprod.lessecretsduchocolat.com\/en\/wp-json\/wp\/v2\/media\/3933"}],"wp:attachment":[{"href":"https:\/\/preprod.lessecretsduchocolat.com\/en\/wp-json\/wp\/v2\/media?parent=3756"}],"wp:term":[{"taxonomy":"product_brand","embeddable":true,"href":"https:\/\/preprod.lessecretsduchocolat.com\/en\/wp-json\/wp\/v2\/product_brand?post=3756"},{"taxonomy":"product_cat","embeddable":true,"href":"https:\/\/preprod.lessecretsduchocolat.com\/en\/wp-json\/wp\/v2\/product_cat?post=3756"},{"taxonomy":"product_tag","embeddable":true,"href":"https:\/\/preprod.lessecretsduchocolat.com\/en\/wp-json\/wp\/v2\/product_tag?post=3756"}],"curies":[{"name":"wp","href":"https:\/\/api.w.org\/{rel}","templated":true}]}}