{"id":3767,"date":"2025-08-04T13:19:16","date_gmt":"2025-08-04T11:19:16","guid":{"rendered":"https:\/\/preprod.lessecretsduchocolat.com\/?post_type=product&#038;p=3767"},"modified":"2025-08-29T10:39:27","modified_gmt":"2025-08-29T08:39:27","slug":"strawberry-croustipop-500g","status":"publish","type":"product","link":"https:\/\/preprod.lessecretsduchocolat.com\/en\/product\/strawberry-croustipop-500g\/","title":{"rendered":"STRAWBERRY CROUSTIPOP 500G"},"content":{"rendered":"<p data-start=\"3518\" data-end=\"3686\">Les <strong data-start=\"3522\" data-end=\"3549\">Croustipop fraise 500 g<\/strong> marient croquant et douceur fruit\u00e9e. Riz souffl\u00e9 croustillant, chocolat et saveur fraise forment une combinaison fra\u00eeche et gourmande.<\/p>\n<p data-start=\"3688\" data-end=\"3825\">Chaque bouch\u00e9e d\u00e9voile une explosion fruit\u00e9e qui se marie \u00e0 la rondeur chocolat\u00e9e. Une exp\u00e9rience qui \u00e9voque les plaisirs sucr\u00e9s d\u2019\u00e9t\u00e9.<\/p>\n<p data-start=\"3827\" data-end=\"3968\">Le sachet g\u00e9n\u00e9reux de 500 g est pens\u00e9 pour les moments conviviaux. Parfait pour partager, il surprend et s\u00e9duit par sa fra\u00eecheur originale.<\/p>\n<p data-start=\"3970\" data-end=\"4128\">Les <strong data-start=\"3974\" data-end=\"3995\">Croustipop fraise<\/strong> apportent une touche color\u00e9e et joyeuse aux instants gourmands. Une friandise qui plait autant aux enfants qu\u2019aux adultes curieux.<\/p>\n<p data-start=\"4130\" data-end=\"4244\">\u00c0 d\u00e9guster en pause sucr\u00e9e, \u00e0 offrir ou \u00e0 pr\u00e9senter lors d\u2019un \u00e9v\u00e9nement, ils apportent l\u00e9g\u00e8ret\u00e9 et bonne humeur.<\/p>\n<p data-start=\"4246\" data-end=\"4351\">Offrir ce sachet, c\u2019est offrir la gourmandise fruit\u00e9e et p\u00e9tillante de la fraise en version chocolat\u00e9e.<\/p>","protected":false},"excerpt":{"rendered":"<p>Surprenez vos papilles avec ces popcorns sucr\u00e9s, r\u00e9alis\u00e9s \u00e0 partir de riz souffl\u00e9, aromatis\u00e9 \u00e0 la fraise et enrob\u00e9 de chocolat blanc. (33,80\u20ac\/kg)<\/p>","protected":false},"featured_media":3921,"template":"","meta":{"_acf_changed":false,"site-sidebar-layout":"default","site-content-layout":"","ast-site-content-layout":"default","site-content-style":"default","site-sidebar-style":"default","ast-global-header-display":"","ast-banner-title-visibility":"","ast-main-header-display":"","ast-hfb-above-header-display":"","ast-hfb-below-header-display":"","ast-hfb-mobile-header-display":"","site-post-title":"","ast-breadcrumbs-content":"","ast-featured-img":"","footer-sml-layout":"","theme-transparent-header-meta":"default","adv-header-id-meta":"","stick-header-meta":"","header-above-stick-meta":"","header-main-stick-meta":"","header-below-stick-meta":"","astra-migrate-meta-layouts":"set","ast-page-background-enabled":"default","ast-page-background-meta":{"desktop":{"background-color":"var(--ast-global-color-4)","background-image":"","background-repeat":"repeat","background-position":"center center","background-size":"auto","background-attachment":"scroll","background-type":"","background-media":"","overlay-type":"","overlay-color":"","overlay-opacity":"","overlay-gradient":""},"tablet":{"background-color":"","background-image":"","background-repeat":"repeat","background-position":"center center","background-size":"auto","background-attachment":"scroll","background-type":"","background-media":"","overlay-type":"","overlay-color":"","overlay-opacity":"","overlay-gradient":""},"mobile":{"background-color":"","background-image":"","background-repeat":"repeat","background-position":"center center","background-size":"auto","background-attachment":"scroll","background-type":"","background-media":"","overlay-type":"","overlay-color":"","overlay-opacity":"","overlay-gradient":""}},"ast-content-background-meta":{"desktop":{"background-color":"var(--ast-global-color-5)","background-image":"","background-repeat":"repeat","background-position":"center center","background-size":"auto","background-attachment":"scroll","background-type":"","background-media":"","overlay-type":"","overlay-color":"","overlay-opacity":"","overlay-gradient":""},"tablet":{"background-color":"var(--ast-global-color-5)","background-image":"","background-repeat":"repeat","background-position":"center center","background-size":"auto","background-attachment":"scroll","background-type":"","background-media":"","overlay-type":"","overlay-color":"","overlay-opacity":"","overlay-gradient":""},"mobile":{"background-color":"var(--ast-global-color-5)","background-image":"","background-repeat":"repeat","background-position":"center center","background-size":"auto","background-attachment":"scroll","background-type":"","background-media":"","overlay-type":"","overlay-color":"","overlay-opacity":"","overlay-gradient":""}},"iawp_total_views":0},"product_brand":[],"product_cat":[201],"product_tag":[],"class_list":{"0":"post-3767","1":"product","2":"type-product","3":"status-publish","4":"has-post-thumbnail","6":"product_cat-grands-formats","7":"desktop-align-left","8":"tablet-align-left","9":"mobile-align-left","11":"first","12":"instock","13":"taxable","14":"shipping-taxable","15":"purchasable","16":"product-type-simple"},"acf":[],"yoast_head":"<!-- This site is optimized with the Yoast SEO plugin v25.9 - https:\/\/yoast.com\/wordpress\/plugins\/seo\/ -->\n<title>LES CROUSTIPOP FRAISE 500G - Secrets de Chocolat<\/title>\n<meta name=\"description\" content=\"Craquez pour les Croustipop fraise 500 g : riz souffl\u00e9 croustillant et chocolat, twist\u00e9s d\u2019une saveur fruit\u00e9e. Gourmandise \u00e0 partager.\" \/>\n<meta name=\"robots\" content=\"noindex, follow, max-snippet:-1, max-image-preview:large, max-video-preview:-1\" \/>\n<meta property=\"og:locale\" content=\"en_GB\" \/>\n<meta property=\"og:type\" content=\"article\" \/>\n<meta property=\"og:title\" content=\"LES CROUSTIPOP FRAISE 500G - Secrets de Chocolat\" \/>\n<meta property=\"og:description\" content=\"Craquez pour les Croustipop fraise 500 g : riz souffl\u00e9 croustillant et chocolat, twist\u00e9s d\u2019une saveur fruit\u00e9e. Gourmandise \u00e0 partager.\" \/>\n<meta property=\"og:url\" content=\"https:\/\/preprod.lessecretsduchocolat.com\/en\/product\/strawberry-croustipop-500g\/\" \/>\n<meta property=\"og:site_name\" content=\"Secrets de Chocolat\" \/>\n<meta property=\"article:modified_time\" content=\"2025-08-29T08:39:27+00:00\" \/>\n<meta property=\"og:image\" content=\"https:\/\/preprod.lessecretsduchocolat.com\/wp-content\/uploads\/2025\/08\/boutique-en-ligne-3.png\" \/>\n\t<meta property=\"og:image:width\" content=\"1000\" \/>\n\t<meta property=\"og:image:height\" content=\"1000\" \/>\n\t<meta property=\"og:image:type\" content=\"image\/png\" \/>\n<meta name=\"twitter:card\" content=\"summary_large_image\" \/>\n<meta name=\"twitter:label1\" content=\"Estimated reading time\" \/>\n\t<meta name=\"twitter:data1\" content=\"1 minute\" \/>\n<script type=\"application\/ld+json\" class=\"yoast-schema-graph\">{\"@context\":\"https:\/\/schema.org\",\"@graph\":[{\"@type\":\"WebPage\",\"@id\":\"https:\/\/preprod.lessecretsduchocolat.com\/produit\/les-croustipop-fraise-500g\/\",\"url\":\"https:\/\/preprod.lessecretsduchocolat.com\/produit\/les-croustipop-fraise-500g\/\",\"name\":\"LES CROUSTIPOP FRAISE 500G - Secrets de Chocolat\",\"isPartOf\":{\"@id\":\"https:\/\/preprod.lessecretsduchocolat.com\/#website\"},\"primaryImageOfPage\":{\"@id\":\"https:\/\/preprod.lessecretsduchocolat.com\/produit\/les-croustipop-fraise-500g\/#primaryimage\"},\"image\":{\"@id\":\"https:\/\/preprod.lessecretsduchocolat.com\/produit\/les-croustipop-fraise-500g\/#primaryimage\"},\"thumbnailUrl\":\"https:\/\/preprod.lessecretsduchocolat.com\/wp-content\/uploads\/2025\/08\/boutique-en-ligne-3.png\",\"datePublished\":\"2025-08-04T11:19:16+00:00\",\"dateModified\":\"2025-08-29T08:39:27+00:00\",\"description\":\"Craquez pour les Croustipop fraise 500 g : riz souffl\u00e9 croustillant et chocolat, twist\u00e9s d\u2019une saveur fruit\u00e9e. Gourmandise \u00e0 partager.\",\"breadcrumb\":{\"@id\":\"https:\/\/preprod.lessecretsduchocolat.com\/produit\/les-croustipop-fraise-500g\/#breadcrumb\"},\"inLanguage\":\"en-GB\",\"potentialAction\":[{\"@type\":\"ReadAction\",\"target\":[\"https:\/\/preprod.lessecretsduchocolat.com\/produit\/les-croustipop-fraise-500g\/\"]}]},{\"@type\":\"ImageObject\",\"inLanguage\":\"en-GB\",\"@id\":\"https:\/\/preprod.lessecretsduchocolat.com\/produit\/les-croustipop-fraise-500g\/#primaryimage\",\"url\":\"https:\/\/preprod.lessecretsduchocolat.com\/wp-content\/uploads\/2025\/08\/boutique-en-ligne-3.png\",\"contentUrl\":\"https:\/\/preprod.lessecretsduchocolat.com\/wp-content\/uploads\/2025\/08\/boutique-en-ligne-3.png\",\"width\":1000,\"height\":1000,\"caption\":\"croustipop fraise 500g\"},{\"@type\":\"BreadcrumbList\",\"@id\":\"https:\/\/preprod.lessecretsduchocolat.com\/produit\/les-croustipop-fraise-500g\/#breadcrumb\",\"itemListElement\":[{\"@type\":\"ListItem\",\"position\":1,\"name\":\"Accueil\",\"item\":\"https:\/\/preprod.lessecretsduchocolat.com\/\"},{\"@type\":\"ListItem\",\"position\":2,\"name\":\"Magasin\",\"item\":\"https:\/\/preprod.lessecretsduchocolat.com\/magasin\/\"},{\"@type\":\"ListItem\",\"position\":3,\"name\":\"LES CROUSTIPOP FRAISE 500G\"}]},{\"@type\":\"WebSite\",\"@id\":\"https:\/\/preprod.lessecretsduchocolat.com\/#website\",\"url\":\"https:\/\/preprod.lessecretsduchocolat.com\/\",\"name\":\"Secrets de Chocolat\",\"description\":\"\",\"publisher\":{\"@id\":\"https:\/\/preprod.lessecretsduchocolat.com\/#organization\"},\"potentialAction\":[{\"@type\":\"SearchAction\",\"target\":{\"@type\":\"EntryPoint\",\"urlTemplate\":\"https:\/\/preprod.lessecretsduchocolat.com\/?s={search_term_string}\"},\"query-input\":{\"@type\":\"PropertyValueSpecification\",\"valueRequired\":true,\"valueName\":\"search_term_string\"}}],\"inLanguage\":\"en-GB\"},{\"@type\":\"Organization\",\"@id\":\"https:\/\/preprod.lessecretsduchocolat.com\/#organization\",\"name\":\"Secrets de Chocolat\",\"url\":\"https:\/\/preprod.lessecretsduchocolat.com\/\",\"logo\":{\"@type\":\"ImageObject\",\"inLanguage\":\"en-GB\",\"@id\":\"https:\/\/preprod.lessecretsduchocolat.com\/#\/schema\/logo\/image\/\",\"url\":\"https:\/\/preprod.lessecretsduchocolat.com\/wp-content\/uploads\/2025\/05\/logo.png\",\"contentUrl\":\"https:\/\/preprod.lessecretsduchocolat.com\/wp-content\/uploads\/2025\/05\/logo.png\",\"width\":198,\"height\":85,\"caption\":\"Secrets de Chocolat\"},\"image\":{\"@id\":\"https:\/\/preprod.lessecretsduchocolat.com\/#\/schema\/logo\/image\/\"}}]}<\/script>\n<!-- \/ Yoast SEO plugin. -->","yoast_head_json":{"title":"STRAWBERRY CROUSTIPOP 500G - Secrets de Chocolat","description":"Go for Croustipop strawberry 500 g: crispy puffed rice and chocolate, with a fruity twist. A treat to share.","robots":{"index":"noindex","follow":"follow","max-snippet":"max-snippet:-1","max-image-preview":"max-image-preview:large","max-video-preview":"max-video-preview:-1"},"og_locale":"en_GB","og_type":"article","og_title":"LES CROUSTIPOP FRAISE 500G - Secrets de Chocolat","og_description":"Craquez pour les Croustipop fraise 500 g : riz souffl\u00e9 croustillant et chocolat, twist\u00e9s d\u2019une saveur fruit\u00e9e. Gourmandise \u00e0 partager.","og_url":"https:\/\/preprod.lessecretsduchocolat.com\/en\/product\/strawberry-croustipop-500g\/","og_site_name":"Secrets de Chocolat","article_modified_time":"2025-08-29T08:39:27+00:00","og_image":[{"width":1000,"height":1000,"url":"https:\/\/preprod.lessecretsduchocolat.com\/wp-content\/uploads\/2025\/08\/boutique-en-ligne-3.png","type":"image\/png"}],"twitter_card":"summary_large_image","twitter_misc":{"Estimated reading time":"1 minute"},"schema":{"@context":"https:\/\/schema.org","@graph":[{"@type":"WebPage","@id":"https:\/\/preprod.lessecretsduchocolat.com\/produit\/les-croustipop-fraise-500g\/","url":"https:\/\/preprod.lessecretsduchocolat.com\/produit\/les-croustipop-fraise-500g\/","name":"STRAWBERRY CROUSTIPOP 500G - Secrets de Chocolat","isPartOf":{"@id":"https:\/\/preprod.lessecretsduchocolat.com\/#website"},"primaryImageOfPage":{"@id":"https:\/\/preprod.lessecretsduchocolat.com\/produit\/les-croustipop-fraise-500g\/#primaryimage"},"image":{"@id":"https:\/\/preprod.lessecretsduchocolat.com\/produit\/les-croustipop-fraise-500g\/#primaryimage"},"thumbnailUrl":"https:\/\/preprod.lessecretsduchocolat.com\/wp-content\/uploads\/2025\/08\/boutique-en-ligne-3.png","datePublished":"2025-08-04T11:19:16+00:00","dateModified":"2025-08-29T08:39:27+00:00","description":"Go for Croustipop strawberry 500 g: crispy puffed rice and chocolate, with a fruity twist. A treat to share.","breadcrumb":{"@id":"https:\/\/preprod.lessecretsduchocolat.com\/produit\/les-croustipop-fraise-500g\/#breadcrumb"},"inLanguage":"en-GB","potentialAction":[{"@type":"ReadAction","target":["https:\/\/preprod.lessecretsduchocolat.com\/produit\/les-croustipop-fraise-500g\/"]}]},{"@type":"ImageObject","inLanguage":"en-GB","@id":"https:\/\/preprod.lessecretsduchocolat.com\/produit\/les-croustipop-fraise-500g\/#primaryimage","url":"https:\/\/preprod.lessecretsduchocolat.com\/wp-content\/uploads\/2025\/08\/boutique-en-ligne-3.png","contentUrl":"https:\/\/preprod.lessecretsduchocolat.com\/wp-content\/uploads\/2025\/08\/boutique-en-ligne-3.png","width":1000,"height":1000,"caption":"croustipop fraise 500g"},{"@type":"BreadcrumbList","@id":"https:\/\/preprod.lessecretsduchocolat.com\/produit\/les-croustipop-fraise-500g\/#breadcrumb","itemListElement":[{"@type":"ListItem","position":1,"name":"Accueil","item":"https:\/\/preprod.lessecretsduchocolat.com\/"},{"@type":"ListItem","position":2,"name":"Magasin","item":"https:\/\/preprod.lessecretsduchocolat.com\/magasin\/"},{"@type":"ListItem","position":3,"name":"LES CROUSTIPOP FRAISE 500G"}]},{"@type":"WebSite","@id":"https:\/\/preprod.lessecretsduchocolat.com\/#website","url":"https:\/\/preprod.lessecretsduchocolat.com\/","name":"Secrets de Chocolat","description":"","publisher":{"@id":"https:\/\/preprod.lessecretsduchocolat.com\/#organization"},"potentialAction":[{"@type":"SearchAction","target":{"@type":"EntryPoint","urlTemplate":"https:\/\/preprod.lessecretsduchocolat.com\/?s={search_term_string}"},"query-input":{"@type":"PropertyValueSpecification","valueRequired":true,"valueName":"search_term_string"}}],"inLanguage":"en-GB"},{"@type":"Organization","@id":"https:\/\/preprod.lessecretsduchocolat.com\/#organization","name":"Secrets de Chocolat","url":"https:\/\/preprod.lessecretsduchocolat.com\/","logo":{"@type":"ImageObject","inLanguage":"en-GB","@id":"https:\/\/preprod.lessecretsduchocolat.com\/#\/schema\/logo\/image\/","url":"https:\/\/preprod.lessecretsduchocolat.com\/wp-content\/uploads\/2025\/05\/logo.png","contentUrl":"https:\/\/preprod.lessecretsduchocolat.com\/wp-content\/uploads\/2025\/05\/logo.png","width":198,"height":85,"caption":"Secrets de Chocolat"},"image":{"@id":"https:\/\/preprod.lessecretsduchocolat.com\/#\/schema\/logo\/image\/"}}]}},"_links":{"self":[{"href":"https:\/\/preprod.lessecretsduchocolat.com\/en\/wp-json\/wp\/v2\/product\/3767","targetHints":{"allow":["GET"]}}],"collection":[{"href":"https:\/\/preprod.lessecretsduchocolat.com\/en\/wp-json\/wp\/v2\/product"}],"about":[{"href":"https:\/\/preprod.lessecretsduchocolat.com\/en\/wp-json\/wp\/v2\/types\/product"}],"version-history":[{"count":6,"href":"https:\/\/preprod.lessecretsduchocolat.com\/en\/wp-json\/wp\/v2\/product\/3767\/revisions"}],"predecessor-version":[{"id":4145,"href":"https:\/\/preprod.lessecretsduchocolat.com\/en\/wp-json\/wp\/v2\/product\/3767\/revisions\/4145"}],"wp:featuredmedia":[{"embeddable":true,"href":"https:\/\/preprod.lessecretsduchocolat.com\/en\/wp-json\/wp\/v2\/media\/3921"}],"wp:attachment":[{"href":"https:\/\/preprod.lessecretsduchocolat.com\/en\/wp-json\/wp\/v2\/media?parent=3767"}],"wp:term":[{"taxonomy":"product_brand","embeddable":true,"href":"https:\/\/preprod.lessecretsduchocolat.com\/en\/wp-json\/wp\/v2\/product_brand?post=3767"},{"taxonomy":"product_cat","embeddable":true,"href":"https:\/\/preprod.lessecretsduchocolat.com\/en\/wp-json\/wp\/v2\/product_cat?post=3767"},{"taxonomy":"product_tag","embeddable":true,"href":"https:\/\/preprod.lessecretsduchocolat.com\/en\/wp-json\/wp\/v2\/product_tag?post=3767"}],"curies":[{"name":"wp","href":"https:\/\/api.w.org\/{rel}","templated":true}]}}